{"id":23032,"date":"2025-01-29T14:45:18","date_gmt":"2025-01-29T13:54:04","guid":{"rendered":"https:\/\/eurotrail.info\/?post_type=product&#038;p=23032"},"modified":"2025-01-29T14:54:05","modified_gmt":"2025-01-29T13:54:05","slug":"sirius-mesa-recargable","status":"publish","type":"product","link":"https:\/\/eurotrail.info\/es\/producten\/alivio\/sirius-mesa-recargable\/","title":{"rendered":"Sirius mesa recargable"},"content":{"rendered":"<p>Esta l\u00e1mpara de mesa recargable es la soluci\u00f3n de iluminaci\u00f3n perfecta para acampar, en el jard\u00edn o en el balc\u00f3n. Gracias a su ingenioso dise\u00f1o, la l\u00e1mpara puede utilizarse en dos alturas, por lo que siempre dispondr\u00e1 de la iluminaci\u00f3n adecuada para cualquier situaci\u00f3n. Elija entre luz blanca brillante para una iluminaci\u00f3n funcional o luz ambiental c\u00e1lida para un ambiente acogedor.<\/p>\n<p>La l\u00e1mpara es regulable, por lo que podr\u00e1 ajustar f\u00e1cilmente la intensidad de la luz a sus necesidades. Gracias a la robusta base de acero, la l\u00e1mpara se mantiene siempre estable, incluso en superficies irregulares. Gracias a la bater\u00eda recargable, no depender\u00e1 de la corriente y podr\u00e1 llevarse la l\u00e1mpara a cualquier parte.<\/p>\n<p>Tanto si est\u00e1s leyendo un libro en la tienda, cenando bajo las estrellas o simplemente quieres disfrutar de una relajante velada al aire libre, esta vers\u00e1til l\u00e1mpara de mesa siempre crea el ambiente adecuado.<\/p>\n<p>Incluye: pantalla + varilla + base met\u00e1lica pintada + cable de carga<br \/>\nDimensiones: 12x20x35cm<br \/>\nDimensiones empaquetadas: 12,5 x 10 x 28,5 cm<br \/>\nPeso: 596g<br \/>\nResistente al agua: IP44 para uso en interiores y exteriores.<br \/>\nLED: 3000K<br \/>\nL\u00famenes: 200 lm.<br \/>\nTipo de conexi\u00f3n: USB-C, incluido cable de carga<br \/>\nBater\u00eda: 1 bater\u00eda de iones de litio de 3,7 V y 2500 mAh<\/p>\n","protected":false},"excerpt":{"rendered":"<p>Esta l\u00e1mpara de mesa recargable es la soluci\u00f3n de iluminaci\u00f3n perfecta para acampar, en el jard\u00edn o en el balc\u00f3n. Gracias a su ingenioso dise\u00f1o,&hellip;<\/p>\n","protected":false},"featured_media":23229,"comment_status":"open","ping_status":"closed","template":"","meta":{"_acf_changed":false},"product_brand":[],"product_cat":[379],"product_tag":[],"class_list":{"0":"post-23032","1":"product","2":"type-product","3":"status-publish","4":"has-post-thumbnail","6":"product_cat-alivio","8":"first","9":"instock","10":"shipping-taxable","11":"product-type-simple"},"acf":[],"yoast_head":"<!-- This site is optimized with the Yoast SEO plugin v27.4 - https:\/\/yoast.com\/product\/yoast-seo-wordpress\/ -->\n<title>Sirius mesa recargable - Eurotrail | The way we camp!<\/title>\n<meta name=\"description\" content=\"L\u00e1mpara de mesa recargable es la soluci\u00f3n de iluminaci\u00f3n perfecta para el camping, el jard\u00edn o el balc\u00f3n. Luz blanca o c\u00e1lida regulable. dos alturas.\" \/>\n<meta name=\"robots\" content=\"index, follow, max-snippet:-1, max-image-preview:large, max-video-preview:-1\" \/>\n<link rel=\"canonical\" href=\"https:\/\/eurotrail.info\/es\/producten\/alivio\/sirius-mesa-recargable\/\" \/>\n<meta property=\"og:locale\" content=\"es_ES\" \/>\n<meta property=\"og:type\" content=\"article\" \/>\n<meta property=\"og:title\" content=\"Sirius mesa recargable - Eurotrail | The way we camp!\" \/>\n<meta property=\"og:description\" content=\"L\u00e1mpara de mesa recargable es la soluci\u00f3n de iluminaci\u00f3n perfecta para el camping, el jard\u00edn o el balc\u00f3n. Luz blanca o c\u00e1lida regulable. dos alturas.\" \/>\n<meta property=\"og:url\" content=\"https:\/\/eurotrail.info\/es\/producten\/alivio\/sirius-mesa-recargable\/\" \/>\n<meta property=\"og:site_name\" content=\"Eurotrail | The way we camp!\" \/>\n<meta property=\"article:modified_time\" content=\"2025-01-29T13:54:05+00:00\" \/>\n<meta property=\"og:image\" content=\"https:\/\/eurotrail.info\/wp\/wp-content\/uploads\/2025\/01\/ETLT1245-Sirius-11-scaled.jpg\" \/>\n\t<meta property=\"og:image:width\" content=\"2560\" \/>\n\t<meta property=\"og:image:height\" content=\"2533\" \/>\n\t<meta property=\"og:image:type\" content=\"image\/jpeg\" \/>\n<meta name=\"twitter:card\" content=\"summary_large_image\" \/>\n<meta name=\"twitter:label1\" content=\"Tiempo de lectura\" \/>\n\t<meta name=\"twitter:data1\" content=\"2 minutes\" \/>\n<script type=\"application\/ld+json\" class=\"yoast-schema-graph\">{\"@context\":\"https:\\\/\\\/schema.org\",\"@graph\":[{\"@type\":\"WebPage\",\"@id\":\"https:\\\/\\\/eurotrail.info\\\/es\\\/producten\\\/alivio\\\/sirius-mesa-recargable\\\/\",\"url\":\"https:\\\/\\\/eurotrail.info\\\/es\\\/producten\\\/alivio\\\/sirius-mesa-recargable\\\/\",\"name\":\"Sirius mesa recargable - Eurotrail | The way we camp!\",\"isPartOf\":{\"@id\":\"https:\\\/\\\/eurotrail.info\\\/#website\"},\"primaryImageOfPage\":{\"@id\":\"https:\\\/\\\/eurotrail.info\\\/es\\\/producten\\\/alivio\\\/sirius-mesa-recargable\\\/#primaryimage\"},\"image\":{\"@id\":\"https:\\\/\\\/eurotrail.info\\\/es\\\/producten\\\/alivio\\\/sirius-mesa-recargable\\\/#primaryimage\"},\"thumbnailUrl\":\"https:\\\/\\\/eurotrail.info\\\/wp\\\/wp-content\\\/uploads\\\/2025\\\/01\\\/ETLT1245-Sirius-11-scaled.jpg\",\"datePublished\":\"2025-01-29T13:54:04+00:00\",\"dateModified\":\"2025-01-29T13:54:05+00:00\",\"description\":\"L\u00e1mpara de mesa recargable es la soluci\u00f3n de iluminaci\u00f3n perfecta para el camping, el jard\u00edn o el balc\u00f3n. Luz blanca o c\u00e1lida regulable. dos alturas.\",\"breadcrumb\":{\"@id\":\"https:\\\/\\\/eurotrail.info\\\/es\\\/producten\\\/alivio\\\/sirius-mesa-recargable\\\/#breadcrumb\"},\"inLanguage\":\"es-ES\",\"potentialAction\":[{\"@type\":\"ReadAction\",\"target\":[\"https:\\\/\\\/eurotrail.info\\\/es\\\/producten\\\/alivio\\\/sirius-mesa-recargable\\\/\"]}]},{\"@type\":\"ImageObject\",\"inLanguage\":\"es-ES\",\"@id\":\"https:\\\/\\\/eurotrail.info\\\/es\\\/producten\\\/alivio\\\/sirius-mesa-recargable\\\/#primaryimage\",\"url\":\"https:\\\/\\\/eurotrail.info\\\/wp\\\/wp-content\\\/uploads\\\/2025\\\/01\\\/ETLT1245-Sirius-11-scaled.jpg\",\"contentUrl\":\"https:\\\/\\\/eurotrail.info\\\/wp\\\/wp-content\\\/uploads\\\/2025\\\/01\\\/ETLT1245-Sirius-11-scaled.jpg\",\"width\":2560,\"height\":2533,\"caption\":\"ETLT1245 Sirius oplaadbare tafellamp\"},{\"@type\":\"BreadcrumbList\",\"@id\":\"https:\\\/\\\/eurotrail.info\\\/es\\\/producten\\\/alivio\\\/sirius-mesa-recargable\\\/#breadcrumb\",\"itemListElement\":[{\"@type\":\"ListItem\",\"position\":1,\"name\":\"Home\",\"item\":\"https:\\\/\\\/eurotrail.info\\\/es\\\/\"},{\"@type\":\"ListItem\",\"position\":2,\"name\":\"Productos\",\"item\":\"https:\\\/\\\/eurotrail.info\\\/es\\\/productos\\\/\"},{\"@type\":\"ListItem\",\"position\":3,\"name\":\"Sirius mesa recargable\"}]},{\"@type\":\"WebSite\",\"@id\":\"https:\\\/\\\/eurotrail.info\\\/#website\",\"url\":\"https:\\\/\\\/eurotrail.info\\\/\",\"name\":\"Eurotrail | The way we camp!\",\"description\":\"\",\"publisher\":{\"@id\":\"https:\\\/\\\/eurotrail.info\\\/#organization\"},\"potentialAction\":[{\"@type\":\"SearchAction\",\"target\":{\"@type\":\"EntryPoint\",\"urlTemplate\":\"https:\\\/\\\/eurotrail.info\\\/?s={search_term_string}\"},\"query-input\":{\"@type\":\"PropertyValueSpecification\",\"valueRequired\":true,\"valueName\":\"search_term_string\"}}],\"inLanguage\":\"es-ES\"},{\"@type\":\"Organization\",\"@id\":\"https:\\\/\\\/eurotrail.info\\\/#organization\",\"name\":\"Eurotrail | The way we camp!\",\"url\":\"https:\\\/\\\/eurotrail.info\\\/\",\"logo\":{\"@type\":\"ImageObject\",\"inLanguage\":\"es-ES\",\"@id\":\"https:\\\/\\\/eurotrail.info\\\/#\\\/schema\\\/logo\\\/image\\\/\",\"url\":\"https:\\\/\\\/eurotrail.info\\\/wp\\\/wp-content\\\/uploads\\\/2023\\\/07\\\/ET-logo-quote_NL-scaled.jpg\",\"contentUrl\":\"https:\\\/\\\/eurotrail.info\\\/wp\\\/wp-content\\\/uploads\\\/2023\\\/07\\\/ET-logo-quote_NL-scaled.jpg\",\"width\":2560,\"height\":675,\"caption\":\"Eurotrail | The way we camp!\"},\"image\":{\"@id\":\"https:\\\/\\\/eurotrail.info\\\/#\\\/schema\\\/logo\\\/image\\\/\"}}]}<\/script>\n<!-- \/ Yoast SEO plugin. -->","yoast_head_json":{"title":"Sirius mesa recargable - Eurotrail | The way we camp!","description":"L\u00e1mpara de mesa recargable es la soluci\u00f3n de iluminaci\u00f3n perfecta para el camping, el jard\u00edn o el balc\u00f3n. Luz blanca o c\u00e1lida regulable. dos alturas.","robots":{"index":"index","follow":"follow","max-snippet":"max-snippet:-1","max-image-preview":"max-image-preview:large","max-video-preview":"max-video-preview:-1"},"canonical":"https:\/\/eurotrail.info\/es\/producten\/alivio\/sirius-mesa-recargable\/","og_locale":"es_ES","og_type":"article","og_title":"Sirius mesa recargable - Eurotrail | The way we camp!","og_description":"L\u00e1mpara de mesa recargable es la soluci\u00f3n de iluminaci\u00f3n perfecta para el camping, el jard\u00edn o el balc\u00f3n. Luz blanca o c\u00e1lida regulable. dos alturas.","og_url":"https:\/\/eurotrail.info\/es\/producten\/alivio\/sirius-mesa-recargable\/","og_site_name":"Eurotrail | The way we camp!","article_modified_time":"2025-01-29T13:54:05+00:00","og_image":[{"width":2560,"height":2533,"url":"https:\/\/eurotrail.info\/wp\/wp-content\/uploads\/2025\/01\/ETLT1245-Sirius-11-scaled.jpg","type":"image\/jpeg"}],"twitter_card":"summary_large_image","twitter_misc":{"Tiempo de lectura":"2 minutes"},"schema":{"@context":"https:\/\/schema.org","@graph":[{"@type":"WebPage","@id":"https:\/\/eurotrail.info\/es\/producten\/alivio\/sirius-mesa-recargable\/","url":"https:\/\/eurotrail.info\/es\/producten\/alivio\/sirius-mesa-recargable\/","name":"Sirius mesa recargable - Eurotrail | The way we camp!","isPartOf":{"@id":"https:\/\/eurotrail.info\/#website"},"primaryImageOfPage":{"@id":"https:\/\/eurotrail.info\/es\/producten\/alivio\/sirius-mesa-recargable\/#primaryimage"},"image":{"@id":"https:\/\/eurotrail.info\/es\/producten\/alivio\/sirius-mesa-recargable\/#primaryimage"},"thumbnailUrl":"https:\/\/eurotrail.info\/wp\/wp-content\/uploads\/2025\/01\/ETLT1245-Sirius-11-scaled.jpg","datePublished":"2025-01-29T13:54:04+00:00","dateModified":"2025-01-29T13:54:05+00:00","description":"L\u00e1mpara de mesa recargable es la soluci\u00f3n de iluminaci\u00f3n perfecta para el camping, el jard\u00edn o el balc\u00f3n. Luz blanca o c\u00e1lida regulable. dos alturas.","breadcrumb":{"@id":"https:\/\/eurotrail.info\/es\/producten\/alivio\/sirius-mesa-recargable\/#breadcrumb"},"inLanguage":"es-ES","potentialAction":[{"@type":"ReadAction","target":["https:\/\/eurotrail.info\/es\/producten\/alivio\/sirius-mesa-recargable\/"]}]},{"@type":"ImageObject","inLanguage":"es-ES","@id":"https:\/\/eurotrail.info\/es\/producten\/alivio\/sirius-mesa-recargable\/#primaryimage","url":"https:\/\/eurotrail.info\/wp\/wp-content\/uploads\/2025\/01\/ETLT1245-Sirius-11-scaled.jpg","contentUrl":"https:\/\/eurotrail.info\/wp\/wp-content\/uploads\/2025\/01\/ETLT1245-Sirius-11-scaled.jpg","width":2560,"height":2533,"caption":"ETLT1245 Sirius oplaadbare tafellamp"},{"@type":"BreadcrumbList","@id":"https:\/\/eurotrail.info\/es\/producten\/alivio\/sirius-mesa-recargable\/#breadcrumb","itemListElement":[{"@type":"ListItem","position":1,"name":"Home","item":"https:\/\/eurotrail.info\/es\/"},{"@type":"ListItem","position":2,"name":"Productos","item":"https:\/\/eurotrail.info\/es\/productos\/"},{"@type":"ListItem","position":3,"name":"Sirius mesa recargable"}]},{"@type":"WebSite","@id":"https:\/\/eurotrail.info\/#website","url":"https:\/\/eurotrail.info\/","name":"Eurotrail | The way we camp!","description":"","publisher":{"@id":"https:\/\/eurotrail.info\/#organization"},"potentialAction":[{"@type":"SearchAction","target":{"@type":"EntryPoint","urlTemplate":"https:\/\/eurotrail.info\/?s={search_term_string}"},"query-input":{"@type":"PropertyValueSpecification","valueRequired":true,"valueName":"search_term_string"}}],"inLanguage":"es-ES"},{"@type":"Organization","@id":"https:\/\/eurotrail.info\/#organization","name":"Eurotrail | The way we camp!","url":"https:\/\/eurotrail.info\/","logo":{"@type":"ImageObject","inLanguage":"es-ES","@id":"https:\/\/eurotrail.info\/#\/schema\/logo\/image\/","url":"https:\/\/eurotrail.info\/wp\/wp-content\/uploads\/2023\/07\/ET-logo-quote_NL-scaled.jpg","contentUrl":"https:\/\/eurotrail.info\/wp\/wp-content\/uploads\/2023\/07\/ET-logo-quote_NL-scaled.jpg","width":2560,"height":675,"caption":"Eurotrail | The way we camp!"},"image":{"@id":"https:\/\/eurotrail.info\/#\/schema\/logo\/image\/"}}]}},"_links":{"self":[{"href":"https:\/\/eurotrail.info\/es\/wp-json\/wp\/v2\/product\/23032","targetHints":{"allow":["GET"]}}],"collection":[{"href":"https:\/\/eurotrail.info\/es\/wp-json\/wp\/v2\/product"}],"about":[{"href":"https:\/\/eurotrail.info\/es\/wp-json\/wp\/v2\/types\/product"}],"replies":[{"embeddable":true,"href":"https:\/\/eurotrail.info\/es\/wp-json\/wp\/v2\/comments?post=23032"}],"wp:featuredmedia":[{"embeddable":true,"href":"https:\/\/eurotrail.info\/es\/wp-json\/wp\/v2\/media\/23229"}],"wp:attachment":[{"href":"https:\/\/eurotrail.info\/es\/wp-json\/wp\/v2\/media?parent=23032"}],"wp:term":[{"taxonomy":"product_brand","embeddable":true,"href":"https:\/\/eurotrail.info\/es\/wp-json\/wp\/v2\/product_brand?post=23032"},{"taxonomy":"product_cat","embeddable":true,"href":"https:\/\/eurotrail.info\/es\/wp-json\/wp\/v2\/product_cat?post=23032"},{"taxonomy":"product_tag","embeddable":true,"href":"https:\/\/eurotrail.info\/es\/wp-json\/wp\/v2\/product_tag?post=23032"}],"curies":[{"name":"wp","href":"https:\/\/api.w.org\/{rel}","templated":true}]}}