{"id":23047,"date":"2025-01-29T15:04:31","date_gmt":"2025-01-29T14:04:31","guid":{"rendered":"https:\/\/eurotrail.info\/?post_type=product&#038;p=23047"},"modified":"2025-05-26T19:52:10","modified_gmt":"2025-05-26T18:52:10","slug":"ventilador-de-pie-recargable","status":"publish","type":"product","link":"https:\/\/eurotrail.info\/es\/producten\/domestico\/ventilacion\/ventilador-de-pie-recargable\/","title":{"rendered":"Ventilador de pie recargable"},"content":{"rendered":"<div class=\"video-container\"><iframe title=\"Tripod Fan EN\" width=\"500\" height=\"281\" src=\"https:\/\/www.youtube.com\/embed\/JGFz2nPLKqs?feature=oembed\" frameborder=\"0\" allow=\"accelerometer; autoplay; clipboard-write; encrypted-media; gyroscope; picture-in-picture; web-share\" referrerpolicy=\"strict-origin-when-cross-origin\" allowfullscreen><\/iframe><\/div>\n<p>Disfrute de un agradable frescor donde quiera con este ventilador de pie recargable. Gracias a su robusto tr\u00edpode, se mantiene estable sobre cualquier superficie y la altura es f\u00e1cil de ajustar. El ventilador tiene varios modos de viento, desde una suave brisa hasta un potente flujo de aire, para que siempre obtenga la refrigeraci\u00f3n que desea.<\/p>\n<p>Este ventilador es extremadamente silencioso, por lo que resulta ideal para utilizarlo en el dormitorio o en el toldo. Adem\u00e1s, est\u00e1 equipado con luces LED integradas, por lo que tambi\u00e9n funciona como luz de ambiente. Gracias a su bater\u00eda recargable USB-C, no necesitas un enchufe y puedes utilizarlo en cualquier lugar.<\/p>\n<p>Tanto si necesitas refrescarte en las noches c\u00e1lidas como si quieres una brisa fresca en tu toldo, \u00a1este ventilador vers\u00e1til y silencioso te ofrece la soluci\u00f3n perfecta!<\/p>\n<p>Dimensiones: 85 cm &#8211; Ventilador \u00d8 26 cm<br \/>\nPeso: 844g<br \/>\nVelocidades del viento: 5<br \/>\nLED: 3 modos &#8211; CC 5 V 1 A (m\u00e1x.), 4 W<br \/>\nTiempo de uso: 3 &#8211; 7 horas<br \/>\nL\u00famenes: 200 lm.<br \/>\nTipo de conexi\u00f3n: USB-C<br \/>\nBater\u00eda: 2000 mAh<br \/>\nMaterial: Pl\u00e1stico PP<\/p>\n","protected":false},"excerpt":{"rendered":"<p>Disfrute de un agradable frescor donde quiera con este ventilador de pie recargable. Gracias a su robusto tr\u00edpode, se mantiene estable sobre cualquier superficie y&hellip;<\/p>\n","protected":false},"featured_media":23039,"comment_status":"open","ping_status":"closed","template":"","meta":{"_acf_changed":false},"product_brand":[],"product_cat":[337,346],"product_tag":[],"class_list":{"0":"post-23047","1":"product","2":"type-product","3":"status-publish","4":"has-post-thumbnail","6":"product_cat-domestico","7":"product_cat-ventilacion","9":"first","10":"instock","11":"shipping-taxable","12":"product-type-simple"},"acf":[],"yoast_head":"<!-- This site is optimized with the Yoast SEO plugin v27.4 - https:\/\/yoast.com\/product\/yoast-seo-wordpress\/ -->\n<title>Ventilador de pie recargable - Eurotrail | The way we camp!<\/title>\n<meta name=\"description\" content=\"Ventilador recargable con tr\u00edpode estable que puede utilizarse en cualquier lugar. Diferentes modos de viento, iluminaci\u00f3n LED, silencioso como un rat\u00f3n\" \/>\n<meta name=\"robots\" content=\"index, follow, max-snippet:-1, max-image-preview:large, max-video-preview:-1\" \/>\n<link rel=\"canonical\" href=\"https:\/\/eurotrail.info\/es\/producten\/domestico\/ventilacion\/ventilador-de-pie-recargable\/\" \/>\n<meta property=\"og:locale\" content=\"es_ES\" \/>\n<meta property=\"og:type\" content=\"article\" \/>\n<meta property=\"og:title\" content=\"Ventilador de pie recargable - Eurotrail | The way we camp!\" \/>\n<meta property=\"og:description\" content=\"Ventilador recargable con tr\u00edpode estable que puede utilizarse en cualquier lugar. Diferentes modos de viento, iluminaci\u00f3n LED, silencioso como un rat\u00f3n\" \/>\n<meta property=\"og:url\" content=\"https:\/\/eurotrail.info\/es\/producten\/domestico\/ventilacion\/ventilador-de-pie-recargable\/\" \/>\n<meta property=\"og:site_name\" content=\"Eurotrail | The way we camp!\" \/>\n<meta property=\"article:modified_time\" content=\"2025-05-26T18:52:10+00:00\" \/>\n<meta property=\"og:image\" content=\"https:\/\/eurotrail.info\/wp\/wp-content\/uploads\/2025\/01\/ETLT1446-Ventilator-1-scaled.jpg\" \/>\n\t<meta property=\"og:image:width\" content=\"1220\" \/>\n\t<meta property=\"og:image:height\" content=\"2560\" \/>\n\t<meta property=\"og:image:type\" content=\"image\/jpeg\" \/>\n<meta name=\"twitter:card\" content=\"summary_large_image\" \/>\n<meta name=\"twitter:label1\" content=\"Tiempo de lectura\" \/>\n\t<meta name=\"twitter:data1\" content=\"2 minutes\" \/>\n<script type=\"application\/ld+json\" class=\"yoast-schema-graph\">{\"@context\":\"https:\\\/\\\/schema.org\",\"@graph\":[{\"@type\":\"WebPage\",\"@id\":\"https:\\\/\\\/eurotrail.info\\\/es\\\/producten\\\/domestico\\\/ventilacion\\\/ventilador-de-pie-recargable\\\/\",\"url\":\"https:\\\/\\\/eurotrail.info\\\/es\\\/producten\\\/domestico\\\/ventilacion\\\/ventilador-de-pie-recargable\\\/\",\"name\":\"Ventilador de pie recargable - Eurotrail | The way we camp!\",\"isPartOf\":{\"@id\":\"https:\\\/\\\/eurotrail.info\\\/#website\"},\"primaryImageOfPage\":{\"@id\":\"https:\\\/\\\/eurotrail.info\\\/es\\\/producten\\\/domestico\\\/ventilacion\\\/ventilador-de-pie-recargable\\\/#primaryimage\"},\"image\":{\"@id\":\"https:\\\/\\\/eurotrail.info\\\/es\\\/producten\\\/domestico\\\/ventilacion\\\/ventilador-de-pie-recargable\\\/#primaryimage\"},\"thumbnailUrl\":\"https:\\\/\\\/eurotrail.info\\\/wp\\\/wp-content\\\/uploads\\\/2025\\\/01\\\/ETLT1446-Ventilator-1-scaled.jpg\",\"datePublished\":\"2025-01-29T14:04:31+00:00\",\"dateModified\":\"2025-05-26T18:52:10+00:00\",\"description\":\"Ventilador recargable con tr\u00edpode estable que puede utilizarse en cualquier lugar. Diferentes modos de viento, iluminaci\u00f3n LED, silencioso como un rat\u00f3n\",\"breadcrumb\":{\"@id\":\"https:\\\/\\\/eurotrail.info\\\/es\\\/producten\\\/domestico\\\/ventilacion\\\/ventilador-de-pie-recargable\\\/#breadcrumb\"},\"inLanguage\":\"es-ES\",\"potentialAction\":[{\"@type\":\"ReadAction\",\"target\":[\"https:\\\/\\\/eurotrail.info\\\/es\\\/producten\\\/domestico\\\/ventilacion\\\/ventilador-de-pie-recargable\\\/\"]}]},{\"@type\":\"ImageObject\",\"inLanguage\":\"es-ES\",\"@id\":\"https:\\\/\\\/eurotrail.info\\\/es\\\/producten\\\/domestico\\\/ventilacion\\\/ventilador-de-pie-recargable\\\/#primaryimage\",\"url\":\"https:\\\/\\\/eurotrail.info\\\/wp\\\/wp-content\\\/uploads\\\/2025\\\/01\\\/ETLT1446-Ventilator-1-scaled.jpg\",\"contentUrl\":\"https:\\\/\\\/eurotrail.info\\\/wp\\\/wp-content\\\/uploads\\\/2025\\\/01\\\/ETLT1446-Ventilator-1-scaled.jpg\",\"width\":1220,\"height\":2560},{\"@type\":\"BreadcrumbList\",\"@id\":\"https:\\\/\\\/eurotrail.info\\\/es\\\/producten\\\/domestico\\\/ventilacion\\\/ventilador-de-pie-recargable\\\/#breadcrumb\",\"itemListElement\":[{\"@type\":\"ListItem\",\"position\":1,\"name\":\"Home\",\"item\":\"https:\\\/\\\/eurotrail.info\\\/es\\\/\"},{\"@type\":\"ListItem\",\"position\":2,\"name\":\"Productos\",\"item\":\"https:\\\/\\\/eurotrail.info\\\/es\\\/productos\\\/\"},{\"@type\":\"ListItem\",\"position\":3,\"name\":\"Ventilador de pie recargable\"}]},{\"@type\":\"WebSite\",\"@id\":\"https:\\\/\\\/eurotrail.info\\\/#website\",\"url\":\"https:\\\/\\\/eurotrail.info\\\/\",\"name\":\"Eurotrail | The way we camp!\",\"description\":\"\",\"publisher\":{\"@id\":\"https:\\\/\\\/eurotrail.info\\\/#organization\"},\"potentialAction\":[{\"@type\":\"SearchAction\",\"target\":{\"@type\":\"EntryPoint\",\"urlTemplate\":\"https:\\\/\\\/eurotrail.info\\\/?s={search_term_string}\"},\"query-input\":{\"@type\":\"PropertyValueSpecification\",\"valueRequired\":true,\"valueName\":\"search_term_string\"}}],\"inLanguage\":\"es-ES\"},{\"@type\":\"Organization\",\"@id\":\"https:\\\/\\\/eurotrail.info\\\/#organization\",\"name\":\"Eurotrail | The way we camp!\",\"url\":\"https:\\\/\\\/eurotrail.info\\\/\",\"logo\":{\"@type\":\"ImageObject\",\"inLanguage\":\"es-ES\",\"@id\":\"https:\\\/\\\/eurotrail.info\\\/#\\\/schema\\\/logo\\\/image\\\/\",\"url\":\"https:\\\/\\\/eurotrail.info\\\/wp\\\/wp-content\\\/uploads\\\/2023\\\/07\\\/ET-logo-quote_NL-scaled.jpg\",\"contentUrl\":\"https:\\\/\\\/eurotrail.info\\\/wp\\\/wp-content\\\/uploads\\\/2023\\\/07\\\/ET-logo-quote_NL-scaled.jpg\",\"width\":2560,\"height\":675,\"caption\":\"Eurotrail | The way we camp!\"},\"image\":{\"@id\":\"https:\\\/\\\/eurotrail.info\\\/#\\\/schema\\\/logo\\\/image\\\/\"}}]}<\/script>\n<!-- \/ Yoast SEO plugin. -->","yoast_head_json":{"title":"Ventilador de pie recargable - Eurotrail | The way we camp!","description":"Ventilador recargable con tr\u00edpode estable que puede utilizarse en cualquier lugar. Diferentes modos de viento, iluminaci\u00f3n LED, silencioso como un rat\u00f3n","robots":{"index":"index","follow":"follow","max-snippet":"max-snippet:-1","max-image-preview":"max-image-preview:large","max-video-preview":"max-video-preview:-1"},"canonical":"https:\/\/eurotrail.info\/es\/producten\/domestico\/ventilacion\/ventilador-de-pie-recargable\/","og_locale":"es_ES","og_type":"article","og_title":"Ventilador de pie recargable - Eurotrail | The way we camp!","og_description":"Ventilador recargable con tr\u00edpode estable que puede utilizarse en cualquier lugar. Diferentes modos de viento, iluminaci\u00f3n LED, silencioso como un rat\u00f3n","og_url":"https:\/\/eurotrail.info\/es\/producten\/domestico\/ventilacion\/ventilador-de-pie-recargable\/","og_site_name":"Eurotrail | The way we camp!","article_modified_time":"2025-05-26T18:52:10+00:00","og_image":[{"width":1220,"height":2560,"url":"https:\/\/eurotrail.info\/wp\/wp-content\/uploads\/2025\/01\/ETLT1446-Ventilator-1-scaled.jpg","type":"image\/jpeg"}],"twitter_card":"summary_large_image","twitter_misc":{"Tiempo de lectura":"2 minutes"},"schema":{"@context":"https:\/\/schema.org","@graph":[{"@type":"WebPage","@id":"https:\/\/eurotrail.info\/es\/producten\/domestico\/ventilacion\/ventilador-de-pie-recargable\/","url":"https:\/\/eurotrail.info\/es\/producten\/domestico\/ventilacion\/ventilador-de-pie-recargable\/","name":"Ventilador de pie recargable - Eurotrail | The way we camp!","isPartOf":{"@id":"https:\/\/eurotrail.info\/#website"},"primaryImageOfPage":{"@id":"https:\/\/eurotrail.info\/es\/producten\/domestico\/ventilacion\/ventilador-de-pie-recargable\/#primaryimage"},"image":{"@id":"https:\/\/eurotrail.info\/es\/producten\/domestico\/ventilacion\/ventilador-de-pie-recargable\/#primaryimage"},"thumbnailUrl":"https:\/\/eurotrail.info\/wp\/wp-content\/uploads\/2025\/01\/ETLT1446-Ventilator-1-scaled.jpg","datePublished":"2025-01-29T14:04:31+00:00","dateModified":"2025-05-26T18:52:10+00:00","description":"Ventilador recargable con tr\u00edpode estable que puede utilizarse en cualquier lugar. Diferentes modos de viento, iluminaci\u00f3n LED, silencioso como un rat\u00f3n","breadcrumb":{"@id":"https:\/\/eurotrail.info\/es\/producten\/domestico\/ventilacion\/ventilador-de-pie-recargable\/#breadcrumb"},"inLanguage":"es-ES","potentialAction":[{"@type":"ReadAction","target":["https:\/\/eurotrail.info\/es\/producten\/domestico\/ventilacion\/ventilador-de-pie-recargable\/"]}]},{"@type":"ImageObject","inLanguage":"es-ES","@id":"https:\/\/eurotrail.info\/es\/producten\/domestico\/ventilacion\/ventilador-de-pie-recargable\/#primaryimage","url":"https:\/\/eurotrail.info\/wp\/wp-content\/uploads\/2025\/01\/ETLT1446-Ventilator-1-scaled.jpg","contentUrl":"https:\/\/eurotrail.info\/wp\/wp-content\/uploads\/2025\/01\/ETLT1446-Ventilator-1-scaled.jpg","width":1220,"height":2560},{"@type":"BreadcrumbList","@id":"https:\/\/eurotrail.info\/es\/producten\/domestico\/ventilacion\/ventilador-de-pie-recargable\/#breadcrumb","itemListElement":[{"@type":"ListItem","position":1,"name":"Home","item":"https:\/\/eurotrail.info\/es\/"},{"@type":"ListItem","position":2,"name":"Productos","item":"https:\/\/eurotrail.info\/es\/productos\/"},{"@type":"ListItem","position":3,"name":"Ventilador de pie recargable"}]},{"@type":"WebSite","@id":"https:\/\/eurotrail.info\/#website","url":"https:\/\/eurotrail.info\/","name":"Eurotrail | The way we camp!","description":"","publisher":{"@id":"https:\/\/eurotrail.info\/#organization"},"potentialAction":[{"@type":"SearchAction","target":{"@type":"EntryPoint","urlTemplate":"https:\/\/eurotrail.info\/?s={search_term_string}"},"query-input":{"@type":"PropertyValueSpecification","valueRequired":true,"valueName":"search_term_string"}}],"inLanguage":"es-ES"},{"@type":"Organization","@id":"https:\/\/eurotrail.info\/#organization","name":"Eurotrail | The way we camp!","url":"https:\/\/eurotrail.info\/","logo":{"@type":"ImageObject","inLanguage":"es-ES","@id":"https:\/\/eurotrail.info\/#\/schema\/logo\/image\/","url":"https:\/\/eurotrail.info\/wp\/wp-content\/uploads\/2023\/07\/ET-logo-quote_NL-scaled.jpg","contentUrl":"https:\/\/eurotrail.info\/wp\/wp-content\/uploads\/2023\/07\/ET-logo-quote_NL-scaled.jpg","width":2560,"height":675,"caption":"Eurotrail | The way we camp!"},"image":{"@id":"https:\/\/eurotrail.info\/#\/schema\/logo\/image\/"}}]}},"_links":{"self":[{"href":"https:\/\/eurotrail.info\/es\/wp-json\/wp\/v2\/product\/23047","targetHints":{"allow":["GET"]}}],"collection":[{"href":"https:\/\/eurotrail.info\/es\/wp-json\/wp\/v2\/product"}],"about":[{"href":"https:\/\/eurotrail.info\/es\/wp-json\/wp\/v2\/types\/product"}],"replies":[{"embeddable":true,"href":"https:\/\/eurotrail.info\/es\/wp-json\/wp\/v2\/comments?post=23047"}],"wp:featuredmedia":[{"embeddable":true,"href":"https:\/\/eurotrail.info\/es\/wp-json\/wp\/v2\/media\/23039"}],"wp:attachment":[{"href":"https:\/\/eurotrail.info\/es\/wp-json\/wp\/v2\/media?parent=23047"}],"wp:term":[{"taxonomy":"product_brand","embeddable":true,"href":"https:\/\/eurotrail.info\/es\/wp-json\/wp\/v2\/product_brand?post=23047"},{"taxonomy":"product_cat","embeddable":true,"href":"https:\/\/eurotrail.info\/es\/wp-json\/wp\/v2\/product_cat?post=23047"},{"taxonomy":"product_tag","embeddable":true,"href":"https:\/\/eurotrail.info\/es\/wp-json\/wp\/v2\/product_tag?post=23047"}],"curies":[{"name":"wp","href":"https:\/\/api.w.org\/{rel}","templated":true}]}}