{"id":23241,"date":"2016-01-19T16:51:40","date_gmt":"2025-03-21T08:17:29","guid":{"rendered":"https:\/\/eurotrail.info\/?post_type=product&#038;p=23241"},"modified":"2025-03-21T09:18:17","modified_gmt":"2025-03-21T08:18:17","slug":"sintra-silla-plegable-ligera","status":"publish","type":"product","link":"https:\/\/eurotrail.info\/es\/producten\/muebles-para-acampar\/sillas-plegables\/sintra-silla-plegable-ligera\/","title":{"rendered":"Sintra, silla plegable ligera"},"content":{"rendered":"<p>Silla plegable ligera: \u00a1la compa\u00f1era perfecta para sus desplazamientos!<br \/>\n\u00bfBusca una silla compacta y pr\u00e1ctica para viajar? Esta silla plegable tan ligera solo pesa 1,5 kg, por lo que es f\u00e1cil de llevar a la playa, de camping, a un festival o a un d\u00eda de pesca.<\/p>\n<p>Superligera y resistente: el armaz\u00f3n de aluminio proporciona una base robusta sin peso adicional.<br \/>\nF\u00e1cil de transportar: gracias al pr\u00e1ctico lazo de transporte, puedes llevar el asiento al hombro sin esfuerzo.<br \/>\nPlegado r\u00e1pido: se despliega y pliega en segundos, \u00a1sin complicaciones!<\/p>\n<p>Tanto si est\u00e1 descansando en la playa como disfrutando de la naturaleza, esta silla le ofrece comodidad y conveniencia dondequiera que est\u00e9.<\/p>\n<p>Funda: 100 % poli\u00e9ster<br \/>\nEstructura: aluminio<br \/>\nDimensiones: 50 x 45 x 77 cm<br \/>\nDimensiones del paquete: 64 x 84,5 x 5 cm<br \/>\nPeso: 1,5 kg<br \/>\nCarga m\u00e1xima: 90 kg<\/p>\n","protected":false},"excerpt":{"rendered":"<p>Silla plegable ligera: \u00a1la compa\u00f1era perfecta para sus desplazamientos! \u00bfBusca una silla compacta y pr\u00e1ctica para viajar? Esta silla plegable tan ligera solo pesa 1,5&hellip;<\/p>\n","protected":false},"featured_media":15801,"comment_status":"open","ping_status":"closed","template":"","meta":{"_acf_changed":false},"product_brand":[],"product_cat":[359],"product_tag":[],"class_list":{"0":"post-23241","1":"product","2":"type-product","3":"status-publish","4":"has-post-thumbnail","6":"product_cat-sillas-plegables","8":"first","9":"instock","10":"shipping-taxable","11":"product-type-simple"},"acf":[],"yoast_head":"<!-- This site is optimized with the Yoast SEO plugin v27.4 - https:\/\/yoast.com\/product\/yoast-seo-wordpress\/ -->\n<title>Sintra, silla plegable ligera - Eurotrail | The way we camp!<\/title>\n<meta name=\"robots\" content=\"index, follow, max-snippet:-1, max-image-preview:large, max-video-preview:-1\" \/>\n<link rel=\"canonical\" href=\"https:\/\/eurotrail.info\/producten\/kampeermeubelen-campingmeubelen\/vouwstoelen\/sintra\/\" \/>\n<meta property=\"og:locale\" content=\"es_ES\" \/>\n<meta property=\"og:type\" content=\"article\" \/>\n<meta property=\"og:title\" content=\"Sintra, silla plegable ligera - Eurotrail | The way we camp!\" \/>\n<meta property=\"og:description\" content=\"Silla plegable ligera: \u00a1la compa\u00f1era perfecta para sus desplazamientos! \u00bfBusca una silla compacta y pr\u00e1ctica para viajar? Esta silla plegable tan ligera solo pesa 1,5&hellip;\" \/>\n<meta property=\"og:url\" content=\"https:\/\/eurotrail.info\/producten\/kampeermeubelen-campingmeubelen\/vouwstoelen\/sintra\/\" \/>\n<meta property=\"og:site_name\" content=\"Eurotrail | The way we camp!\" \/>\n<meta property=\"article:modified_time\" content=\"2025-03-21T08:18:17+00:00\" \/>\n<meta property=\"og:image\" content=\"https:\/\/eurotrail.info\/wp\/wp-content\/uploads\/2016\/01\/ETCF0856-Sintra-open-zw-13.jpg\" \/>\n\t<meta property=\"og:image:width\" content=\"1082\" \/>\n\t<meta property=\"og:image:height\" content=\"1417\" \/>\n\t<meta property=\"og:image:type\" content=\"image\/jpeg\" \/>\n<meta name=\"twitter:card\" content=\"summary_large_image\" \/>\n<meta name=\"twitter:label1\" content=\"Tiempo de lectura\" \/>\n\t<meta name=\"twitter:data1\" content=\"1 minute\" \/>\n<script type=\"application\/ld+json\" class=\"yoast-schema-graph\">{\"@context\":\"https:\\\/\\\/schema.org\",\"@graph\":[{\"@type\":\"WebPage\",\"@id\":\"https:\\\/\\\/eurotrail.info\\\/producten\\\/kampeermeubelen-campingmeubelen\\\/vouwstoelen\\\/sintra\\\/\",\"url\":\"https:\\\/\\\/eurotrail.info\\\/producten\\\/kampeermeubelen-campingmeubelen\\\/vouwstoelen\\\/sintra\\\/\",\"name\":\"Sintra, silla plegable ligera - Eurotrail | The way we camp!\",\"isPartOf\":{\"@id\":\"https:\\\/\\\/eurotrail.info\\\/#website\"},\"primaryImageOfPage\":{\"@id\":\"https:\\\/\\\/eurotrail.info\\\/producten\\\/kampeermeubelen-campingmeubelen\\\/vouwstoelen\\\/sintra\\\/#primaryimage\"},\"image\":{\"@id\":\"https:\\\/\\\/eurotrail.info\\\/producten\\\/kampeermeubelen-campingmeubelen\\\/vouwstoelen\\\/sintra\\\/#primaryimage\"},\"thumbnailUrl\":\"https:\\\/\\\/eurotrail.info\\\/wp\\\/wp-content\\\/uploads\\\/2016\\\/01\\\/ETCF0856-Sintra-open-zw-13.jpg\",\"datePublished\":\"2025-03-21T08:17:29+00:00\",\"dateModified\":\"2025-03-21T08:18:17+00:00\",\"breadcrumb\":{\"@id\":\"https:\\\/\\\/eurotrail.info\\\/producten\\\/kampeermeubelen-campingmeubelen\\\/vouwstoelen\\\/sintra\\\/#breadcrumb\"},\"inLanguage\":\"es-ES\",\"potentialAction\":[{\"@type\":\"ReadAction\",\"target\":[\"https:\\\/\\\/eurotrail.info\\\/producten\\\/kampeermeubelen-campingmeubelen\\\/vouwstoelen\\\/sintra\\\/\"]}]},{\"@type\":\"ImageObject\",\"inLanguage\":\"es-ES\",\"@id\":\"https:\\\/\\\/eurotrail.info\\\/producten\\\/kampeermeubelen-campingmeubelen\\\/vouwstoelen\\\/sintra\\\/#primaryimage\",\"url\":\"https:\\\/\\\/eurotrail.info\\\/wp\\\/wp-content\\\/uploads\\\/2016\\\/01\\\/ETCF0856-Sintra-open-zw-13.jpg\",\"contentUrl\":\"https:\\\/\\\/eurotrail.info\\\/wp\\\/wp-content\\\/uploads\\\/2016\\\/01\\\/ETCF0856-Sintra-open-zw-13.jpg\",\"width\":1082,\"height\":1417,\"caption\":\"Sintra Zwart\"},{\"@type\":\"BreadcrumbList\",\"@id\":\"https:\\\/\\\/eurotrail.info\\\/producten\\\/kampeermeubelen-campingmeubelen\\\/vouwstoelen\\\/sintra\\\/#breadcrumb\",\"itemListElement\":[{\"@type\":\"ListItem\",\"position\":1,\"name\":\"Home\",\"item\":\"https:\\\/\\\/eurotrail.info\\\/es\\\/\"},{\"@type\":\"ListItem\",\"position\":2,\"name\":\"Productos\",\"item\":\"https:\\\/\\\/eurotrail.info\\\/es\\\/productos\\\/\"},{\"@type\":\"ListItem\",\"position\":3,\"name\":\"Sintra, silla plegable ligera\"}]},{\"@type\":\"WebSite\",\"@id\":\"https:\\\/\\\/eurotrail.info\\\/#website\",\"url\":\"https:\\\/\\\/eurotrail.info\\\/\",\"name\":\"Eurotrail | The way we camp!\",\"description\":\"\",\"publisher\":{\"@id\":\"https:\\\/\\\/eurotrail.info\\\/#organization\"},\"potentialAction\":[{\"@type\":\"SearchAction\",\"target\":{\"@type\":\"EntryPoint\",\"urlTemplate\":\"https:\\\/\\\/eurotrail.info\\\/?s={search_term_string}\"},\"query-input\":{\"@type\":\"PropertyValueSpecification\",\"valueRequired\":true,\"valueName\":\"search_term_string\"}}],\"inLanguage\":\"es-ES\"},{\"@type\":\"Organization\",\"@id\":\"https:\\\/\\\/eurotrail.info\\\/#organization\",\"name\":\"Eurotrail | The way we camp!\",\"url\":\"https:\\\/\\\/eurotrail.info\\\/\",\"logo\":{\"@type\":\"ImageObject\",\"inLanguage\":\"es-ES\",\"@id\":\"https:\\\/\\\/eurotrail.info\\\/#\\\/schema\\\/logo\\\/image\\\/\",\"url\":\"https:\\\/\\\/eurotrail.info\\\/wp\\\/wp-content\\\/uploads\\\/2023\\\/07\\\/ET-logo-quote_NL-scaled.jpg\",\"contentUrl\":\"https:\\\/\\\/eurotrail.info\\\/wp\\\/wp-content\\\/uploads\\\/2023\\\/07\\\/ET-logo-quote_NL-scaled.jpg\",\"width\":2560,\"height\":675,\"caption\":\"Eurotrail | The way we camp!\"},\"image\":{\"@id\":\"https:\\\/\\\/eurotrail.info\\\/#\\\/schema\\\/logo\\\/image\\\/\"}}]}<\/script>\n<!-- \/ Yoast SEO plugin. -->","yoast_head_json":{"title":"Sintra, silla plegable ligera - Eurotrail | The way we camp!","robots":{"index":"index","follow":"follow","max-snippet":"max-snippet:-1","max-image-preview":"max-image-preview:large","max-video-preview":"max-video-preview:-1"},"canonical":"https:\/\/eurotrail.info\/producten\/kampeermeubelen-campingmeubelen\/vouwstoelen\/sintra\/","og_locale":"es_ES","og_type":"article","og_title":"Sintra, silla plegable ligera - Eurotrail | The way we camp!","og_description":"Silla plegable ligera: \u00a1la compa\u00f1era perfecta para sus desplazamientos! \u00bfBusca una silla compacta y pr\u00e1ctica para viajar? Esta silla plegable tan ligera solo pesa 1,5&hellip;","og_url":"https:\/\/eurotrail.info\/producten\/kampeermeubelen-campingmeubelen\/vouwstoelen\/sintra\/","og_site_name":"Eurotrail | The way we camp!","article_modified_time":"2025-03-21T08:18:17+00:00","og_image":[{"width":1082,"height":1417,"url":"https:\/\/eurotrail.info\/wp\/wp-content\/uploads\/2016\/01\/ETCF0856-Sintra-open-zw-13.jpg","type":"image\/jpeg"}],"twitter_card":"summary_large_image","twitter_misc":{"Tiempo de lectura":"1 minute"},"schema":{"@context":"https:\/\/schema.org","@graph":[{"@type":"WebPage","@id":"https:\/\/eurotrail.info\/producten\/kampeermeubelen-campingmeubelen\/vouwstoelen\/sintra\/","url":"https:\/\/eurotrail.info\/producten\/kampeermeubelen-campingmeubelen\/vouwstoelen\/sintra\/","name":"Sintra, silla plegable ligera - Eurotrail | The way we camp!","isPartOf":{"@id":"https:\/\/eurotrail.info\/#website"},"primaryImageOfPage":{"@id":"https:\/\/eurotrail.info\/producten\/kampeermeubelen-campingmeubelen\/vouwstoelen\/sintra\/#primaryimage"},"image":{"@id":"https:\/\/eurotrail.info\/producten\/kampeermeubelen-campingmeubelen\/vouwstoelen\/sintra\/#primaryimage"},"thumbnailUrl":"https:\/\/eurotrail.info\/wp\/wp-content\/uploads\/2016\/01\/ETCF0856-Sintra-open-zw-13.jpg","datePublished":"2025-03-21T08:17:29+00:00","dateModified":"2025-03-21T08:18:17+00:00","breadcrumb":{"@id":"https:\/\/eurotrail.info\/producten\/kampeermeubelen-campingmeubelen\/vouwstoelen\/sintra\/#breadcrumb"},"inLanguage":"es-ES","potentialAction":[{"@type":"ReadAction","target":["https:\/\/eurotrail.info\/producten\/kampeermeubelen-campingmeubelen\/vouwstoelen\/sintra\/"]}]},{"@type":"ImageObject","inLanguage":"es-ES","@id":"https:\/\/eurotrail.info\/producten\/kampeermeubelen-campingmeubelen\/vouwstoelen\/sintra\/#primaryimage","url":"https:\/\/eurotrail.info\/wp\/wp-content\/uploads\/2016\/01\/ETCF0856-Sintra-open-zw-13.jpg","contentUrl":"https:\/\/eurotrail.info\/wp\/wp-content\/uploads\/2016\/01\/ETCF0856-Sintra-open-zw-13.jpg","width":1082,"height":1417,"caption":"Sintra Zwart"},{"@type":"BreadcrumbList","@id":"https:\/\/eurotrail.info\/producten\/kampeermeubelen-campingmeubelen\/vouwstoelen\/sintra\/#breadcrumb","itemListElement":[{"@type":"ListItem","position":1,"name":"Home","item":"https:\/\/eurotrail.info\/es\/"},{"@type":"ListItem","position":2,"name":"Productos","item":"https:\/\/eurotrail.info\/es\/productos\/"},{"@type":"ListItem","position":3,"name":"Sintra, silla plegable ligera"}]},{"@type":"WebSite","@id":"https:\/\/eurotrail.info\/#website","url":"https:\/\/eurotrail.info\/","name":"Eurotrail | The way we camp!","description":"","publisher":{"@id":"https:\/\/eurotrail.info\/#organization"},"potentialAction":[{"@type":"SearchAction","target":{"@type":"EntryPoint","urlTemplate":"https:\/\/eurotrail.info\/?s={search_term_string}"},"query-input":{"@type":"PropertyValueSpecification","valueRequired":true,"valueName":"search_term_string"}}],"inLanguage":"es-ES"},{"@type":"Organization","@id":"https:\/\/eurotrail.info\/#organization","name":"Eurotrail | The way we camp!","url":"https:\/\/eurotrail.info\/","logo":{"@type":"ImageObject","inLanguage":"es-ES","@id":"https:\/\/eurotrail.info\/#\/schema\/logo\/image\/","url":"https:\/\/eurotrail.info\/wp\/wp-content\/uploads\/2023\/07\/ET-logo-quote_NL-scaled.jpg","contentUrl":"https:\/\/eurotrail.info\/wp\/wp-content\/uploads\/2023\/07\/ET-logo-quote_NL-scaled.jpg","width":2560,"height":675,"caption":"Eurotrail | The way we camp!"},"image":{"@id":"https:\/\/eurotrail.info\/#\/schema\/logo\/image\/"}}]}},"_links":{"self":[{"href":"https:\/\/eurotrail.info\/es\/wp-json\/wp\/v2\/product\/23241","targetHints":{"allow":["GET"]}}],"collection":[{"href":"https:\/\/eurotrail.info\/es\/wp-json\/wp\/v2\/product"}],"about":[{"href":"https:\/\/eurotrail.info\/es\/wp-json\/wp\/v2\/types\/product"}],"replies":[{"embeddable":true,"href":"https:\/\/eurotrail.info\/es\/wp-json\/wp\/v2\/comments?post=23241"}],"wp:featuredmedia":[{"embeddable":true,"href":"https:\/\/eurotrail.info\/es\/wp-json\/wp\/v2\/media\/15801"}],"wp:attachment":[{"href":"https:\/\/eurotrail.info\/es\/wp-json\/wp\/v2\/media?parent=23241"}],"wp:term":[{"taxonomy":"product_brand","embeddable":true,"href":"https:\/\/eurotrail.info\/es\/wp-json\/wp\/v2\/product_brand?post=23241"},{"taxonomy":"product_cat","embeddable":true,"href":"https:\/\/eurotrail.info\/es\/wp-json\/wp\/v2\/product_cat?post=23241"},{"taxonomy":"product_tag","embeddable":true,"href":"https:\/\/eurotrail.info\/es\/wp-json\/wp\/v2\/product_tag?post=23241"}],"curies":[{"name":"wp","href":"https:\/\/api.w.org\/{rel}","templated":true}]}}