{"id":23296,"date":"2025-04-03T14:28:08","date_gmt":"2025-04-03T13:31:34","guid":{"rendered":"https:\/\/eurotrail.info\/?post_type=product&#038;p=23296"},"modified":"2025-04-03T14:31:34","modified_gmt":"2025-04-03T13:31:34","slug":"lucia-12-pzs-vajilla-melamine","status":"publish","type":"product","link":"https:\/\/eurotrail.info\/es\/producten\/domestico\/vajilla\/lucia-12-pzs-vajilla-melamine\/","title":{"rendered":"Lucia 12 pzs vajilla, Melamine"},"content":{"rendered":"<p>Lucia es un juego de vajilla de 12 piezas. Este juego tiene un dise\u00f1o llamativo con contornos irregulares y est\u00e1 fabricado 100% en melamina, pr\u00e1cticamente irrompible y resistente a los ara\u00f1azos. Esta vajilla es apta para lavavajillas y resistente al calor hasta 70 \u00b0C.<br \/>\nLibre de BPA, Apto para lavavajillas, Aspecto lujoso, Resistente a ara\u00f1azos, Pr\u00e1cticamente irrompible, resistente hasta 70 \u00baC.<\/p>\n<p>Perfecto para utilizar en el camping o en el jard\u00edn.<\/p>\n<p>Tazas disponibles por separado.<\/p>\n<p>4 x Plato llano, \u00d827,5&#215;1,0 cm, 259 gr.<br \/>\n4 x Plato de desayuno, \u00d823,0&#215;1,0cm, 180 gr.<br \/>\n4 x Plato hondo, \u00d819,0&#215;4,5cm, 202 gr.<\/p>\n<p>Material: 100% melamina<\/p>\n","protected":false},"excerpt":{"rendered":"<p>Lucia es un juego de vajilla de 12 piezas. Este juego tiene un dise\u00f1o llamativo con contornos irregulares y est\u00e1 fabricado 100% en melamina, pr\u00e1cticamente&hellip;<\/p>\n","protected":false},"featured_media":23267,"comment_status":"open","ping_status":"closed","template":"","meta":{"_acf_changed":false},"product_brand":[],"product_cat":[337,345],"product_tag":[],"class_list":{"0":"post-23296","1":"product","2":"type-product","3":"status-publish","4":"has-post-thumbnail","6":"product_cat-domestico","7":"product_cat-vajilla","9":"first","10":"instock","11":"shipping-taxable","12":"product-type-simple"},"acf":[],"yoast_head":"<!-- This site is optimized with the Yoast SEO plugin v27.4 - https:\/\/yoast.com\/product\/yoast-seo-wordpress\/ -->\n<title>Lucia 12 pzs vajilla, Melamine - Eurotrail | The way we camp!<\/title>\n<meta name=\"description\" content=\"Este juego tiene un dise\u00f1o llamativo con contornos irregulares y est\u00e1 fabricado 100% en melamina, pr\u00e1cticamente irrompible y resistente a los ara\u00f1azos.\" \/>\n<meta name=\"robots\" content=\"index, follow, max-snippet:-1, max-image-preview:large, max-video-preview:-1\" \/>\n<link rel=\"canonical\" href=\"https:\/\/eurotrail.info\/es\/producten\/domestico\/vajilla\/lucia-12-pzs-vajilla-melamine\/\" \/>\n<meta property=\"og:locale\" content=\"es_ES\" \/>\n<meta property=\"og:type\" content=\"article\" \/>\n<meta property=\"og:title\" content=\"Lucia 12 pzs vajilla, Melamine - Eurotrail | The way we camp!\" \/>\n<meta property=\"og:description\" content=\"Este juego tiene un dise\u00f1o llamativo con contornos irregulares y est\u00e1 fabricado 100% en melamina, pr\u00e1cticamente irrompible y resistente a los ara\u00f1azos.\" \/>\n<meta property=\"og:url\" content=\"https:\/\/eurotrail.info\/es\/producten\/domestico\/vajilla\/lucia-12-pzs-vajilla-melamine\/\" \/>\n<meta property=\"og:site_name\" content=\"Eurotrail | The way we camp!\" \/>\n<meta property=\"og:image\" content=\"https:\/\/eurotrail.info\/wp\/wp-content\/uploads\/2025\/04\/set-A4-scaled.jpg\" \/>\n\t<meta property=\"og:image:width\" content=\"2560\" \/>\n\t<meta property=\"og:image:height\" content=\"2529\" \/>\n\t<meta property=\"og:image:type\" content=\"image\/jpeg\" \/>\n<meta name=\"twitter:card\" content=\"summary_large_image\" \/>\n<meta name=\"twitter:label1\" content=\"Tiempo de lectura\" \/>\n\t<meta name=\"twitter:data1\" content=\"1 minute\" \/>\n<script type=\"application\/ld+json\" class=\"yoast-schema-graph\">{\"@context\":\"https:\\\/\\\/schema.org\",\"@graph\":[{\"@type\":\"WebPage\",\"@id\":\"https:\\\/\\\/eurotrail.info\\\/es\\\/producten\\\/domestico\\\/vajilla\\\/lucia-12-pzs-vajilla-melamine\\\/\",\"url\":\"https:\\\/\\\/eurotrail.info\\\/es\\\/producten\\\/domestico\\\/vajilla\\\/lucia-12-pzs-vajilla-melamine\\\/\",\"name\":\"Lucia 12 pzs vajilla, Melamine - Eurotrail | The way we camp!\",\"isPartOf\":{\"@id\":\"https:\\\/\\\/eurotrail.info\\\/#website\"},\"primaryImageOfPage\":{\"@id\":\"https:\\\/\\\/eurotrail.info\\\/es\\\/producten\\\/domestico\\\/vajilla\\\/lucia-12-pzs-vajilla-melamine\\\/#primaryimage\"},\"image\":{\"@id\":\"https:\\\/\\\/eurotrail.info\\\/es\\\/producten\\\/domestico\\\/vajilla\\\/lucia-12-pzs-vajilla-melamine\\\/#primaryimage\"},\"thumbnailUrl\":\"https:\\\/\\\/eurotrail.info\\\/wp\\\/wp-content\\\/uploads\\\/2025\\\/04\\\/set-A4-scaled.jpg\",\"datePublished\":\"2025-04-03T13:31:34+00:00\",\"description\":\"Este juego tiene un dise\u00f1o llamativo con contornos irregulares y est\u00e1 fabricado 100% en melamina, pr\u00e1cticamente irrompible y resistente a los ara\u00f1azos.\",\"breadcrumb\":{\"@id\":\"https:\\\/\\\/eurotrail.info\\\/es\\\/producten\\\/domestico\\\/vajilla\\\/lucia-12-pzs-vajilla-melamine\\\/#breadcrumb\"},\"inLanguage\":\"es-ES\",\"potentialAction\":[{\"@type\":\"ReadAction\",\"target\":[\"https:\\\/\\\/eurotrail.info\\\/es\\\/producten\\\/domestico\\\/vajilla\\\/lucia-12-pzs-vajilla-melamine\\\/\"]}]},{\"@type\":\"ImageObject\",\"inLanguage\":\"es-ES\",\"@id\":\"https:\\\/\\\/eurotrail.info\\\/es\\\/producten\\\/domestico\\\/vajilla\\\/lucia-12-pzs-vajilla-melamine\\\/#primaryimage\",\"url\":\"https:\\\/\\\/eurotrail.info\\\/wp\\\/wp-content\\\/uploads\\\/2025\\\/04\\\/set-A4-scaled.jpg\",\"contentUrl\":\"https:\\\/\\\/eurotrail.info\\\/wp\\\/wp-content\\\/uploads\\\/2025\\\/04\\\/set-A4-scaled.jpg\",\"width\":2560,\"height\":2529,\"caption\":\"Lucia 12 dlg. tafelservies, melamine\"},{\"@type\":\"BreadcrumbList\",\"@id\":\"https:\\\/\\\/eurotrail.info\\\/es\\\/producten\\\/domestico\\\/vajilla\\\/lucia-12-pzs-vajilla-melamine\\\/#breadcrumb\",\"itemListElement\":[{\"@type\":\"ListItem\",\"position\":1,\"name\":\"Home\",\"item\":\"https:\\\/\\\/eurotrail.info\\\/es\\\/\"},{\"@type\":\"ListItem\",\"position\":2,\"name\":\"Productos\",\"item\":\"https:\\\/\\\/eurotrail.info\\\/es\\\/productos\\\/\"},{\"@type\":\"ListItem\",\"position\":3,\"name\":\"Lucia 12 pzs vajilla, Melamine\"}]},{\"@type\":\"WebSite\",\"@id\":\"https:\\\/\\\/eurotrail.info\\\/#website\",\"url\":\"https:\\\/\\\/eurotrail.info\\\/\",\"name\":\"Eurotrail | The way we camp!\",\"description\":\"\",\"publisher\":{\"@id\":\"https:\\\/\\\/eurotrail.info\\\/#organization\"},\"potentialAction\":[{\"@type\":\"SearchAction\",\"target\":{\"@type\":\"EntryPoint\",\"urlTemplate\":\"https:\\\/\\\/eurotrail.info\\\/?s={search_term_string}\"},\"query-input\":{\"@type\":\"PropertyValueSpecification\",\"valueRequired\":true,\"valueName\":\"search_term_string\"}}],\"inLanguage\":\"es-ES\"},{\"@type\":\"Organization\",\"@id\":\"https:\\\/\\\/eurotrail.info\\\/#organization\",\"name\":\"Eurotrail | The way we camp!\",\"url\":\"https:\\\/\\\/eurotrail.info\\\/\",\"logo\":{\"@type\":\"ImageObject\",\"inLanguage\":\"es-ES\",\"@id\":\"https:\\\/\\\/eurotrail.info\\\/#\\\/schema\\\/logo\\\/image\\\/\",\"url\":\"https:\\\/\\\/eurotrail.info\\\/wp\\\/wp-content\\\/uploads\\\/2023\\\/07\\\/ET-logo-quote_NL-scaled.jpg\",\"contentUrl\":\"https:\\\/\\\/eurotrail.info\\\/wp\\\/wp-content\\\/uploads\\\/2023\\\/07\\\/ET-logo-quote_NL-scaled.jpg\",\"width\":2560,\"height\":675,\"caption\":\"Eurotrail | The way we camp!\"},\"image\":{\"@id\":\"https:\\\/\\\/eurotrail.info\\\/#\\\/schema\\\/logo\\\/image\\\/\"}}]}<\/script>\n<!-- \/ Yoast SEO plugin. -->","yoast_head_json":{"title":"Lucia 12 pzs vajilla, Melamine - Eurotrail | The way we camp!","description":"Este juego tiene un dise\u00f1o llamativo con contornos irregulares y est\u00e1 fabricado 100% en melamina, pr\u00e1cticamente irrompible y resistente a los ara\u00f1azos.","robots":{"index":"index","follow":"follow","max-snippet":"max-snippet:-1","max-image-preview":"max-image-preview:large","max-video-preview":"max-video-preview:-1"},"canonical":"https:\/\/eurotrail.info\/es\/producten\/domestico\/vajilla\/lucia-12-pzs-vajilla-melamine\/","og_locale":"es_ES","og_type":"article","og_title":"Lucia 12 pzs vajilla, Melamine - Eurotrail | The way we camp!","og_description":"Este juego tiene un dise\u00f1o llamativo con contornos irregulares y est\u00e1 fabricado 100% en melamina, pr\u00e1cticamente irrompible y resistente a los ara\u00f1azos.","og_url":"https:\/\/eurotrail.info\/es\/producten\/domestico\/vajilla\/lucia-12-pzs-vajilla-melamine\/","og_site_name":"Eurotrail | The way we camp!","og_image":[{"width":2560,"height":2529,"url":"https:\/\/eurotrail.info\/wp\/wp-content\/uploads\/2025\/04\/set-A4-scaled.jpg","type":"image\/jpeg"}],"twitter_card":"summary_large_image","twitter_misc":{"Tiempo de lectura":"1 minute"},"schema":{"@context":"https:\/\/schema.org","@graph":[{"@type":"WebPage","@id":"https:\/\/eurotrail.info\/es\/producten\/domestico\/vajilla\/lucia-12-pzs-vajilla-melamine\/","url":"https:\/\/eurotrail.info\/es\/producten\/domestico\/vajilla\/lucia-12-pzs-vajilla-melamine\/","name":"Lucia 12 pzs vajilla, Melamine - Eurotrail | The way we camp!","isPartOf":{"@id":"https:\/\/eurotrail.info\/#website"},"primaryImageOfPage":{"@id":"https:\/\/eurotrail.info\/es\/producten\/domestico\/vajilla\/lucia-12-pzs-vajilla-melamine\/#primaryimage"},"image":{"@id":"https:\/\/eurotrail.info\/es\/producten\/domestico\/vajilla\/lucia-12-pzs-vajilla-melamine\/#primaryimage"},"thumbnailUrl":"https:\/\/eurotrail.info\/wp\/wp-content\/uploads\/2025\/04\/set-A4-scaled.jpg","datePublished":"2025-04-03T13:31:34+00:00","description":"Este juego tiene un dise\u00f1o llamativo con contornos irregulares y est\u00e1 fabricado 100% en melamina, pr\u00e1cticamente irrompible y resistente a los ara\u00f1azos.","breadcrumb":{"@id":"https:\/\/eurotrail.info\/es\/producten\/domestico\/vajilla\/lucia-12-pzs-vajilla-melamine\/#breadcrumb"},"inLanguage":"es-ES","potentialAction":[{"@type":"ReadAction","target":["https:\/\/eurotrail.info\/es\/producten\/domestico\/vajilla\/lucia-12-pzs-vajilla-melamine\/"]}]},{"@type":"ImageObject","inLanguage":"es-ES","@id":"https:\/\/eurotrail.info\/es\/producten\/domestico\/vajilla\/lucia-12-pzs-vajilla-melamine\/#primaryimage","url":"https:\/\/eurotrail.info\/wp\/wp-content\/uploads\/2025\/04\/set-A4-scaled.jpg","contentUrl":"https:\/\/eurotrail.info\/wp\/wp-content\/uploads\/2025\/04\/set-A4-scaled.jpg","width":2560,"height":2529,"caption":"Lucia 12 dlg. tafelservies, melamine"},{"@type":"BreadcrumbList","@id":"https:\/\/eurotrail.info\/es\/producten\/domestico\/vajilla\/lucia-12-pzs-vajilla-melamine\/#breadcrumb","itemListElement":[{"@type":"ListItem","position":1,"name":"Home","item":"https:\/\/eurotrail.info\/es\/"},{"@type":"ListItem","position":2,"name":"Productos","item":"https:\/\/eurotrail.info\/es\/productos\/"},{"@type":"ListItem","position":3,"name":"Lucia 12 pzs vajilla, Melamine"}]},{"@type":"WebSite","@id":"https:\/\/eurotrail.info\/#website","url":"https:\/\/eurotrail.info\/","name":"Eurotrail | The way we camp!","description":"","publisher":{"@id":"https:\/\/eurotrail.info\/#organization"},"potentialAction":[{"@type":"SearchAction","target":{"@type":"EntryPoint","urlTemplate":"https:\/\/eurotrail.info\/?s={search_term_string}"},"query-input":{"@type":"PropertyValueSpecification","valueRequired":true,"valueName":"search_term_string"}}],"inLanguage":"es-ES"},{"@type":"Organization","@id":"https:\/\/eurotrail.info\/#organization","name":"Eurotrail | The way we camp!","url":"https:\/\/eurotrail.info\/","logo":{"@type":"ImageObject","inLanguage":"es-ES","@id":"https:\/\/eurotrail.info\/#\/schema\/logo\/image\/","url":"https:\/\/eurotrail.info\/wp\/wp-content\/uploads\/2023\/07\/ET-logo-quote_NL-scaled.jpg","contentUrl":"https:\/\/eurotrail.info\/wp\/wp-content\/uploads\/2023\/07\/ET-logo-quote_NL-scaled.jpg","width":2560,"height":675,"caption":"Eurotrail | The way we camp!"},"image":{"@id":"https:\/\/eurotrail.info\/#\/schema\/logo\/image\/"}}]}},"_links":{"self":[{"href":"https:\/\/eurotrail.info\/es\/wp-json\/wp\/v2\/product\/23296","targetHints":{"allow":["GET"]}}],"collection":[{"href":"https:\/\/eurotrail.info\/es\/wp-json\/wp\/v2\/product"}],"about":[{"href":"https:\/\/eurotrail.info\/es\/wp-json\/wp\/v2\/types\/product"}],"replies":[{"embeddable":true,"href":"https:\/\/eurotrail.info\/es\/wp-json\/wp\/v2\/comments?post=23296"}],"wp:featuredmedia":[{"embeddable":true,"href":"https:\/\/eurotrail.info\/es\/wp-json\/wp\/v2\/media\/23267"}],"wp:attachment":[{"href":"https:\/\/eurotrail.info\/es\/wp-json\/wp\/v2\/media?parent=23296"}],"wp:term":[{"taxonomy":"product_brand","embeddable":true,"href":"https:\/\/eurotrail.info\/es\/wp-json\/wp\/v2\/product_brand?post=23296"},{"taxonomy":"product_cat","embeddable":true,"href":"https:\/\/eurotrail.info\/es\/wp-json\/wp\/v2\/product_cat?post=23296"},{"taxonomy":"product_tag","embeddable":true,"href":"https:\/\/eurotrail.info\/es\/wp-json\/wp\/v2\/product_tag?post=23296"}],"curies":[{"name":"wp","href":"https:\/\/api.w.org\/{rel}","templated":true}]}}