{"id":28478,"date":"2026-01-07T15:29:36","date_gmt":"2026-01-07T14:29:36","guid":{"rendered":"https:\/\/eurotrail.info\/producten\/sin categor\u00eda\/toalla-tumbona\/"},"modified":"2026-01-07T16:45:53","modified_gmt":"2026-01-07T15:45:53","slug":"toalla-tumbona","status":"publish","type":"product","link":"https:\/\/eurotrail.info\/es\/producten\/muebles-para-acampar\/tumbonas\/toalla-tumbona\/","title":{"rendered":"Toalla tumbona"},"content":{"rendered":"<p>Funda de tumbona de material de microfibra de secado r\u00e1pido, similar a las toallas deportivas. En la parte superior hay una funda que se coloca sobre el cabecero; \u00e9sta, junto con un el\u00e1stico en la parte inferior, garantizan que la funda quede bien sujeta a la cama y no se deslice.<\/p>\n<p>Ligera, de secado r\u00e1pido y equipada con dos pr\u00e1cticos bolsillos laterales para guardar el m\u00f3vil o las gafas de sol, por ejemplo.<br \/>\nIdeal para usar en la playa, en la piscina o de vacaciones.<\/p>\n<p>Material: 80% poli\u00e9ster, 20% microfibra de poliamida<br \/>\nTama\u00f1o: 210x75cm<br \/>\nEmbalaje: 40x24x50cm<br \/>\nPeso: 670 gr.<\/p>\n","protected":false},"excerpt":{"rendered":"<p>Funda de tumbona de material de microfibra de secado r\u00e1pido, similar a las toallas deportivas. En la parte superior hay una funda que se coloca&hellip;<\/p>\n","protected":false},"featured_media":28468,"comment_status":"open","ping_status":"closed","template":"","meta":{"_acf_changed":false},"product_brand":[],"product_cat":[348,356],"product_tag":[],"class_list":{"0":"post-28478","1":"product","2":"type-product","3":"status-publish","4":"has-post-thumbnail","6":"product_cat-muebles-para-acampar","7":"product_cat-tumbonas","9":"first","10":"instock","11":"shipping-taxable","12":"product-type-simple"},"acf":[],"yoast_head":"<!-- This site is optimized with the Yoast SEO plugin v27.4 - https:\/\/yoast.com\/product\/yoast-seo-wordpress\/ -->\n<title>Toalla tumbona - Eurotrail | The way we camp!<\/title>\n<meta name=\"description\" content=\"Funda para tumbona, ligera, de secado r\u00e1pido, con dos bolsillos laterales para el m\u00f3vil o la crema solar. Ideal para la playa, junto a la piscina o de vacaciones.\" \/>\n<meta name=\"robots\" content=\"index, follow, max-snippet:-1, max-image-preview:large, max-video-preview:-1\" \/>\n<link rel=\"canonical\" href=\"https:\/\/eurotrail.info\/es\/producten\/muebles-para-acampar\/tumbonas\/toalla-tumbona\/\" \/>\n<meta property=\"og:locale\" content=\"es_ES\" \/>\n<meta property=\"og:type\" content=\"article\" \/>\n<meta property=\"og:title\" content=\"Toalla tumbona - Eurotrail | The way we camp!\" \/>\n<meta property=\"og:description\" content=\"Funda para tumbona, ligera, de secado r\u00e1pido, con dos bolsillos laterales para el m\u00f3vil o la crema solar. Ideal para la playa, junto a la piscina o de vacaciones.\" \/>\n<meta property=\"og:url\" content=\"https:\/\/eurotrail.info\/es\/producten\/muebles-para-acampar\/tumbonas\/toalla-tumbona\/\" \/>\n<meta property=\"og:site_name\" content=\"Eurotrail | The way we camp!\" \/>\n<meta property=\"article:modified_time\" content=\"2026-01-07T15:45:53+00:00\" \/>\n<meta property=\"og:image\" content=\"https:\/\/eurotrail.info\/wp\/wp-content\/uploads\/2026\/01\/ETCF0975-Beach-Bed-Cover-sfeer-.jpg\" \/>\n\t<meta property=\"og:image:width\" content=\"1024\" \/>\n\t<meta property=\"og:image:height\" content=\"1536\" \/>\n\t<meta property=\"og:image:type\" content=\"image\/jpeg\" \/>\n<meta name=\"twitter:card\" content=\"summary_large_image\" \/>\n<meta name=\"twitter:label1\" content=\"Tiempo de lectura\" \/>\n\t<meta name=\"twitter:data1\" content=\"1 minute\" \/>\n<script type=\"application\/ld+json\" class=\"yoast-schema-graph\">{\"@context\":\"https:\\\/\\\/schema.org\",\"@graph\":[{\"@type\":\"WebPage\",\"@id\":\"https:\\\/\\\/eurotrail.info\\\/es\\\/producten\\\/muebles-para-acampar\\\/tumbonas\\\/toalla-tumbona\\\/\",\"url\":\"https:\\\/\\\/eurotrail.info\\\/es\\\/producten\\\/muebles-para-acampar\\\/tumbonas\\\/toalla-tumbona\\\/\",\"name\":\"Toalla tumbona - Eurotrail | The way we camp!\",\"isPartOf\":{\"@id\":\"https:\\\/\\\/eurotrail.info\\\/#website\"},\"primaryImageOfPage\":{\"@id\":\"https:\\\/\\\/eurotrail.info\\\/es\\\/producten\\\/muebles-para-acampar\\\/tumbonas\\\/toalla-tumbona\\\/#primaryimage\"},\"image\":{\"@id\":\"https:\\\/\\\/eurotrail.info\\\/es\\\/producten\\\/muebles-para-acampar\\\/tumbonas\\\/toalla-tumbona\\\/#primaryimage\"},\"thumbnailUrl\":\"https:\\\/\\\/eurotrail.info\\\/wp\\\/wp-content\\\/uploads\\\/2026\\\/01\\\/ETCF0975-Beach-Bed-Cover-sfeer-.jpg\",\"datePublished\":\"2026-01-07T14:29:36+00:00\",\"dateModified\":\"2026-01-07T15:45:53+00:00\",\"description\":\"Funda para tumbona, ligera, de secado r\u00e1pido, con dos bolsillos laterales para el m\u00f3vil o la crema solar. Ideal para la playa, junto a la piscina o de vacaciones.\",\"breadcrumb\":{\"@id\":\"https:\\\/\\\/eurotrail.info\\\/es\\\/producten\\\/muebles-para-acampar\\\/tumbonas\\\/toalla-tumbona\\\/#breadcrumb\"},\"inLanguage\":\"es-ES\",\"potentialAction\":[{\"@type\":\"ReadAction\",\"target\":[\"https:\\\/\\\/eurotrail.info\\\/es\\\/producten\\\/muebles-para-acampar\\\/tumbonas\\\/toalla-tumbona\\\/\"]}]},{\"@type\":\"ImageObject\",\"inLanguage\":\"es-ES\",\"@id\":\"https:\\\/\\\/eurotrail.info\\\/es\\\/producten\\\/muebles-para-acampar\\\/tumbonas\\\/toalla-tumbona\\\/#primaryimage\",\"url\":\"https:\\\/\\\/eurotrail.info\\\/wp\\\/wp-content\\\/uploads\\\/2026\\\/01\\\/ETCF0975-Beach-Bed-Cover-sfeer-.jpg\",\"contentUrl\":\"https:\\\/\\\/eurotrail.info\\\/wp\\\/wp-content\\\/uploads\\\/2026\\\/01\\\/ETCF0975-Beach-Bed-Cover-sfeer-.jpg\",\"width\":1024,\"height\":1536},{\"@type\":\"BreadcrumbList\",\"@id\":\"https:\\\/\\\/eurotrail.info\\\/es\\\/producten\\\/muebles-para-acampar\\\/tumbonas\\\/toalla-tumbona\\\/#breadcrumb\",\"itemListElement\":[{\"@type\":\"ListItem\",\"position\":1,\"name\":\"Home\",\"item\":\"https:\\\/\\\/eurotrail.info\\\/es\\\/\"},{\"@type\":\"ListItem\",\"position\":2,\"name\":\"Productos\",\"item\":\"https:\\\/\\\/eurotrail.info\\\/es\\\/productos\\\/\"},{\"@type\":\"ListItem\",\"position\":3,\"name\":\"Toalla tumbona\"}]},{\"@type\":\"WebSite\",\"@id\":\"https:\\\/\\\/eurotrail.info\\\/#website\",\"url\":\"https:\\\/\\\/eurotrail.info\\\/\",\"name\":\"Eurotrail | The way we camp!\",\"description\":\"\",\"publisher\":{\"@id\":\"https:\\\/\\\/eurotrail.info\\\/#organization\"},\"potentialAction\":[{\"@type\":\"SearchAction\",\"target\":{\"@type\":\"EntryPoint\",\"urlTemplate\":\"https:\\\/\\\/eurotrail.info\\\/?s={search_term_string}\"},\"query-input\":{\"@type\":\"PropertyValueSpecification\",\"valueRequired\":true,\"valueName\":\"search_term_string\"}}],\"inLanguage\":\"es-ES\"},{\"@type\":\"Organization\",\"@id\":\"https:\\\/\\\/eurotrail.info\\\/#organization\",\"name\":\"Eurotrail | The way we camp!\",\"url\":\"https:\\\/\\\/eurotrail.info\\\/\",\"logo\":{\"@type\":\"ImageObject\",\"inLanguage\":\"es-ES\",\"@id\":\"https:\\\/\\\/eurotrail.info\\\/#\\\/schema\\\/logo\\\/image\\\/\",\"url\":\"https:\\\/\\\/eurotrail.info\\\/wp\\\/wp-content\\\/uploads\\\/2023\\\/07\\\/ET-logo-quote_NL-scaled.jpg\",\"contentUrl\":\"https:\\\/\\\/eurotrail.info\\\/wp\\\/wp-content\\\/uploads\\\/2023\\\/07\\\/ET-logo-quote_NL-scaled.jpg\",\"width\":2560,\"height\":675,\"caption\":\"Eurotrail | The way we camp!\"},\"image\":{\"@id\":\"https:\\\/\\\/eurotrail.info\\\/#\\\/schema\\\/logo\\\/image\\\/\"}}]}<\/script>\n<!-- \/ Yoast SEO plugin. -->","yoast_head_json":{"title":"Toalla tumbona - Eurotrail | The way we camp!","description":"Funda para tumbona, ligera, de secado r\u00e1pido, con dos bolsillos laterales para el m\u00f3vil o la crema solar. Ideal para la playa, junto a la piscina o de vacaciones.","robots":{"index":"index","follow":"follow","max-snippet":"max-snippet:-1","max-image-preview":"max-image-preview:large","max-video-preview":"max-video-preview:-1"},"canonical":"https:\/\/eurotrail.info\/es\/producten\/muebles-para-acampar\/tumbonas\/toalla-tumbona\/","og_locale":"es_ES","og_type":"article","og_title":"Toalla tumbona - Eurotrail | The way we camp!","og_description":"Funda para tumbona, ligera, de secado r\u00e1pido, con dos bolsillos laterales para el m\u00f3vil o la crema solar. Ideal para la playa, junto a la piscina o de vacaciones.","og_url":"https:\/\/eurotrail.info\/es\/producten\/muebles-para-acampar\/tumbonas\/toalla-tumbona\/","og_site_name":"Eurotrail | The way we camp!","article_modified_time":"2026-01-07T15:45:53+00:00","og_image":[{"width":1024,"height":1536,"url":"https:\/\/eurotrail.info\/wp\/wp-content\/uploads\/2026\/01\/ETCF0975-Beach-Bed-Cover-sfeer-.jpg","type":"image\/jpeg"}],"twitter_card":"summary_large_image","twitter_misc":{"Tiempo de lectura":"1 minute"},"schema":{"@context":"https:\/\/schema.org","@graph":[{"@type":"WebPage","@id":"https:\/\/eurotrail.info\/es\/producten\/muebles-para-acampar\/tumbonas\/toalla-tumbona\/","url":"https:\/\/eurotrail.info\/es\/producten\/muebles-para-acampar\/tumbonas\/toalla-tumbona\/","name":"Toalla tumbona - Eurotrail | The way we camp!","isPartOf":{"@id":"https:\/\/eurotrail.info\/#website"},"primaryImageOfPage":{"@id":"https:\/\/eurotrail.info\/es\/producten\/muebles-para-acampar\/tumbonas\/toalla-tumbona\/#primaryimage"},"image":{"@id":"https:\/\/eurotrail.info\/es\/producten\/muebles-para-acampar\/tumbonas\/toalla-tumbona\/#primaryimage"},"thumbnailUrl":"https:\/\/eurotrail.info\/wp\/wp-content\/uploads\/2026\/01\/ETCF0975-Beach-Bed-Cover-sfeer-.jpg","datePublished":"2026-01-07T14:29:36+00:00","dateModified":"2026-01-07T15:45:53+00:00","description":"Funda para tumbona, ligera, de secado r\u00e1pido, con dos bolsillos laterales para el m\u00f3vil o la crema solar. Ideal para la playa, junto a la piscina o de vacaciones.","breadcrumb":{"@id":"https:\/\/eurotrail.info\/es\/producten\/muebles-para-acampar\/tumbonas\/toalla-tumbona\/#breadcrumb"},"inLanguage":"es-ES","potentialAction":[{"@type":"ReadAction","target":["https:\/\/eurotrail.info\/es\/producten\/muebles-para-acampar\/tumbonas\/toalla-tumbona\/"]}]},{"@type":"ImageObject","inLanguage":"es-ES","@id":"https:\/\/eurotrail.info\/es\/producten\/muebles-para-acampar\/tumbonas\/toalla-tumbona\/#primaryimage","url":"https:\/\/eurotrail.info\/wp\/wp-content\/uploads\/2026\/01\/ETCF0975-Beach-Bed-Cover-sfeer-.jpg","contentUrl":"https:\/\/eurotrail.info\/wp\/wp-content\/uploads\/2026\/01\/ETCF0975-Beach-Bed-Cover-sfeer-.jpg","width":1024,"height":1536},{"@type":"BreadcrumbList","@id":"https:\/\/eurotrail.info\/es\/producten\/muebles-para-acampar\/tumbonas\/toalla-tumbona\/#breadcrumb","itemListElement":[{"@type":"ListItem","position":1,"name":"Home","item":"https:\/\/eurotrail.info\/es\/"},{"@type":"ListItem","position":2,"name":"Productos","item":"https:\/\/eurotrail.info\/es\/productos\/"},{"@type":"ListItem","position":3,"name":"Toalla tumbona"}]},{"@type":"WebSite","@id":"https:\/\/eurotrail.info\/#website","url":"https:\/\/eurotrail.info\/","name":"Eurotrail | The way we camp!","description":"","publisher":{"@id":"https:\/\/eurotrail.info\/#organization"},"potentialAction":[{"@type":"SearchAction","target":{"@type":"EntryPoint","urlTemplate":"https:\/\/eurotrail.info\/?s={search_term_string}"},"query-input":{"@type":"PropertyValueSpecification","valueRequired":true,"valueName":"search_term_string"}}],"inLanguage":"es-ES"},{"@type":"Organization","@id":"https:\/\/eurotrail.info\/#organization","name":"Eurotrail | The way we camp!","url":"https:\/\/eurotrail.info\/","logo":{"@type":"ImageObject","inLanguage":"es-ES","@id":"https:\/\/eurotrail.info\/#\/schema\/logo\/image\/","url":"https:\/\/eurotrail.info\/wp\/wp-content\/uploads\/2023\/07\/ET-logo-quote_NL-scaled.jpg","contentUrl":"https:\/\/eurotrail.info\/wp\/wp-content\/uploads\/2023\/07\/ET-logo-quote_NL-scaled.jpg","width":2560,"height":675,"caption":"Eurotrail | The way we camp!"},"image":{"@id":"https:\/\/eurotrail.info\/#\/schema\/logo\/image\/"}}]}},"_links":{"self":[{"href":"https:\/\/eurotrail.info\/es\/wp-json\/wp\/v2\/product\/28478","targetHints":{"allow":["GET"]}}],"collection":[{"href":"https:\/\/eurotrail.info\/es\/wp-json\/wp\/v2\/product"}],"about":[{"href":"https:\/\/eurotrail.info\/es\/wp-json\/wp\/v2\/types\/product"}],"replies":[{"embeddable":true,"href":"https:\/\/eurotrail.info\/es\/wp-json\/wp\/v2\/comments?post=28478"}],"wp:featuredmedia":[{"embeddable":true,"href":"https:\/\/eurotrail.info\/es\/wp-json\/wp\/v2\/media\/28468"}],"wp:attachment":[{"href":"https:\/\/eurotrail.info\/es\/wp-json\/wp\/v2\/media?parent=28478"}],"wp:term":[{"taxonomy":"product_brand","embeddable":true,"href":"https:\/\/eurotrail.info\/es\/wp-json\/wp\/v2\/product_brand?post=28478"},{"taxonomy":"product_cat","embeddable":true,"href":"https:\/\/eurotrail.info\/es\/wp-json\/wp\/v2\/product_cat?post=28478"},{"taxonomy":"product_tag","embeddable":true,"href":"https:\/\/eurotrail.info\/es\/wp-json\/wp\/v2\/product_tag?post=28478"}],"curies":[{"name":"wp","href":"https:\/\/api.w.org\/{rel}","templated":true}]}}