{"id":28482,"date":"2026-01-07T14:51:52","date_gmt":"2026-01-07T13:51:52","guid":{"rendered":"https:\/\/eurotrail.info\/producten\/sin%20categor\u00eda\/ventilador-de-techo-con-lampara-mando-a-distancia-recargable\/"},"modified":"2026-03-19T12:11:29","modified_gmt":"2026-03-19T11:11:29","slug":"ventilador-de-techo-con-lampara-mando-a-distancia-recargable","status":"publish","type":"product","link":"https:\/\/eurotrail.info\/es\/producten\/articulos-de-jardin\/iluminacion-de-jardin-terraza\/ventilador-de-techo-con-lampara-mando-a-distancia-recargable\/","title":{"rendered":"Ventilador de techo con l\u00e1mpara\/mando a distancia recargable"},"content":{"rendered":"<p>Este pr\u00e1ctico ventilador de techo recargable es ideal para utilizarlo en el toldo, bajo el toldo o en la veranda. Gracias a sus palas desmontables, es compacto de guardar y f\u00e1cil de transportar, perfecto para campistas y amantes de las actividades al aire libre.<br \/>\nIncorpora una l\u00e1mpara integrada con varios modos de luz, para que siempre crees el ambiente adecuado. Con el mando a distancia incluido, puedes ajustar f\u00e1cilmente el brillo, la velocidad de ventilaci\u00f3n y el temporizador.<br \/>\nEl ventilador viene con un pr\u00e1ctico gancho para sujetarlo al m\u00e1stil de una tienda de campa\u00f1a y una placa de montaje para fijarlo al techo.<br \/>\nPara que siempre disfrutes de refrigeraci\u00f3n adem\u00e1s de iluminaci\u00f3n, est\u00e9s donde est\u00e9s.<\/p>\n<p>El flujo de aire no s\u00f3lo proporciona una magn\u00edfica ventilaci\u00f3n, \u00a1sino que tambi\u00e9n ahuyenta a los mosquitos!<\/p>\n<p>Material: ABS<br \/>\nTama\u00f1o: 27,5 x \u00d8 54 cm<br \/>\nVentilador: \u00d8 54 cm<br \/>\nLuces LED: 36 piezas de luz LED c\u00e1lida y blanca<br \/>\nPotencia: 13,5 V, 1,5 A<br \/>\nBater\u00eda recargable: 1,1 V, 2200 mAh, bater\u00eda de iones de litio 18650<br \/>\nTiempo de funcionamiento del ventilador: alto 3 hrs, medio 4,5 h, bajo 6 h<br \/>\nTiempo de funcionamiento de la luz: alto 5 h, medio 8 h, bajo 12 h<br \/>\nTensi\u00f3n de carga: 110-220 V con adaptador (incluido)<\/p>\n","protected":false},"excerpt":{"rendered":"<p>Este pr\u00e1ctico ventilador de techo recargable es ideal para utilizarlo en el toldo, bajo el toldo o en la veranda. Gracias a sus palas desmontables,&hellip;<\/p>\n","protected":false},"featured_media":28916,"comment_status":"open","ping_status":"closed","template":"","meta":{"_acf_changed":false},"product_brand":[],"product_cat":[337,378,346],"product_tag":[],"class_list":{"0":"post-28482","1":"product","2":"type-product","3":"status-publish","4":"has-post-thumbnail","6":"product_cat-domestico","7":"product_cat-iluminacion-de-jardin-terraza","8":"product_cat-ventilacion","10":"first","11":"instock","12":"shipping-taxable","13":"product-type-simple"},"acf":[],"yoast_head":"<!-- This site is optimized with the Yoast SEO plugin v27.4 - https:\/\/yoast.com\/product\/yoast-seo-wordpress\/ -->\n<title>Ventilador de techo con l\u00e1mpara\/mando a distancia recargable - Eurotrail | The way we camp!<\/title>\n<meta name=\"description\" content=\"Pr\u00e1ctico ventilador de techo recargable, ideal para utilizar en el toldo, la tienda de fiesta o la veranda. Cuchillas desmontables, almacenamiento compacto. \u00a1Ventila y tambi\u00e9n ahuyenta a los mosquitos! Perfecto para campistas y amantes de las actividades al aire libre.\" \/>\n<meta name=\"robots\" content=\"index, follow, max-snippet:-1, max-image-preview:large, max-video-preview:-1\" \/>\n<link rel=\"canonical\" href=\"https:\/\/eurotrail.info\/es\/producten\/domestico\/ventilacion\/ventilador-de-techo-con-lampara-mando-a-distancia-recargable\/\" \/>\n<meta property=\"og:locale\" content=\"es_ES\" \/>\n<meta property=\"og:type\" content=\"article\" \/>\n<meta property=\"og:title\" content=\"Ventilador de techo con l\u00e1mpara\/mando a distancia recargable - Eurotrail | The way we camp!\" \/>\n<meta property=\"og:description\" content=\"Pr\u00e1ctico ventilador de techo recargable, ideal para utilizar en el toldo, la tienda de fiesta o la veranda. Cuchillas desmontables, almacenamiento compacto. \u00a1Ventila y tambi\u00e9n ahuyenta a los mosquitos! Perfecto para campistas y amantes de las actividades al aire libre.\" \/>\n<meta property=\"og:url\" content=\"https:\/\/eurotrail.info\/es\/producten\/domestico\/ventilacion\/ventilador-de-techo-con-lampara-mando-a-distancia-recargable\/\" \/>\n<meta property=\"og:site_name\" content=\"Eurotrail | The way we camp!\" \/>\n<meta property=\"article:modified_time\" content=\"2026-03-19T11:11:29+00:00\" \/>\n<meta property=\"og:image\" content=\"https:\/\/eurotrail.info\/wp\/wp-content\/uploads\/2026\/01\/S03H027-Rendering-001-klein-1.jpg\" \/>\n\t<meta property=\"og:image:width\" content=\"2342\" \/>\n\t<meta property=\"og:image:height\" content=\"1638\" \/>\n\t<meta property=\"og:image:type\" content=\"image\/jpeg\" \/>\n<meta name=\"twitter:card\" content=\"summary_large_image\" \/>\n<meta name=\"twitter:label1\" content=\"Tiempo de lectura\" \/>\n\t<meta name=\"twitter:data1\" content=\"2 minutes\" \/>\n<script type=\"application\/ld+json\" class=\"yoast-schema-graph\">{\"@context\":\"https:\\\/\\\/schema.org\",\"@graph\":[{\"@type\":\"WebPage\",\"@id\":\"https:\\\/\\\/eurotrail.info\\\/es\\\/producten\\\/domestico\\\/ventilacion\\\/ventilador-de-techo-con-lampara-mando-a-distancia-recargable\\\/\",\"url\":\"https:\\\/\\\/eurotrail.info\\\/es\\\/producten\\\/domestico\\\/ventilacion\\\/ventilador-de-techo-con-lampara-mando-a-distancia-recargable\\\/\",\"name\":\"Ventilador de techo con l\u00e1mpara\\\/mando a distancia recargable - Eurotrail | The way we camp!\",\"isPartOf\":{\"@id\":\"https:\\\/\\\/eurotrail.info\\\/#website\"},\"primaryImageOfPage\":{\"@id\":\"https:\\\/\\\/eurotrail.info\\\/es\\\/producten\\\/domestico\\\/ventilacion\\\/ventilador-de-techo-con-lampara-mando-a-distancia-recargable\\\/#primaryimage\"},\"image\":{\"@id\":\"https:\\\/\\\/eurotrail.info\\\/es\\\/producten\\\/domestico\\\/ventilacion\\\/ventilador-de-techo-con-lampara-mando-a-distancia-recargable\\\/#primaryimage\"},\"thumbnailUrl\":\"https:\\\/\\\/eurotrail.info\\\/wp\\\/wp-content\\\/uploads\\\/2026\\\/01\\\/S03H027-Rendering-001-klein-1.jpg\",\"datePublished\":\"2026-01-07T13:51:52+00:00\",\"dateModified\":\"2026-03-19T11:11:29+00:00\",\"description\":\"Pr\u00e1ctico ventilador de techo recargable, ideal para utilizar en el toldo, la tienda de fiesta o la veranda. Cuchillas desmontables, almacenamiento compacto. \u00a1Ventila y tambi\u00e9n ahuyenta a los mosquitos! Perfecto para campistas y amantes de las actividades al aire libre.\",\"breadcrumb\":{\"@id\":\"https:\\\/\\\/eurotrail.info\\\/es\\\/producten\\\/domestico\\\/ventilacion\\\/ventilador-de-techo-con-lampara-mando-a-distancia-recargable\\\/#breadcrumb\"},\"inLanguage\":\"es-ES\",\"potentialAction\":[{\"@type\":\"ReadAction\",\"target\":[\"https:\\\/\\\/eurotrail.info\\\/es\\\/producten\\\/domestico\\\/ventilacion\\\/ventilador-de-techo-con-lampara-mando-a-distancia-recargable\\\/\"]}]},{\"@type\":\"ImageObject\",\"inLanguage\":\"es-ES\",\"@id\":\"https:\\\/\\\/eurotrail.info\\\/es\\\/producten\\\/domestico\\\/ventilacion\\\/ventilador-de-techo-con-lampara-mando-a-distancia-recargable\\\/#primaryimage\",\"url\":\"https:\\\/\\\/eurotrail.info\\\/wp\\\/wp-content\\\/uploads\\\/2026\\\/01\\\/S03H027-Rendering-001-klein-1.jpg\",\"contentUrl\":\"https:\\\/\\\/eurotrail.info\\\/wp\\\/wp-content\\\/uploads\\\/2026\\\/01\\\/S03H027-Rendering-001-klein-1.jpg\",\"width\":2342,\"height\":1638},{\"@type\":\"BreadcrumbList\",\"@id\":\"https:\\\/\\\/eurotrail.info\\\/es\\\/producten\\\/domestico\\\/ventilacion\\\/ventilador-de-techo-con-lampara-mando-a-distancia-recargable\\\/#breadcrumb\",\"itemListElement\":[{\"@type\":\"ListItem\",\"position\":1,\"name\":\"Home\",\"item\":\"https:\\\/\\\/eurotrail.info\\\/es\\\/\"},{\"@type\":\"ListItem\",\"position\":2,\"name\":\"Productos\",\"item\":\"https:\\\/\\\/eurotrail.info\\\/es\\\/productos\\\/\"},{\"@type\":\"ListItem\",\"position\":3,\"name\":\"Ventilador de techo con l\u00e1mpara\\\/mando a distancia recargable\"}]},{\"@type\":\"WebSite\",\"@id\":\"https:\\\/\\\/eurotrail.info\\\/#website\",\"url\":\"https:\\\/\\\/eurotrail.info\\\/\",\"name\":\"Eurotrail | The way we camp!\",\"description\":\"\",\"publisher\":{\"@id\":\"https:\\\/\\\/eurotrail.info\\\/#organization\"},\"potentialAction\":[{\"@type\":\"SearchAction\",\"target\":{\"@type\":\"EntryPoint\",\"urlTemplate\":\"https:\\\/\\\/eurotrail.info\\\/?s={search_term_string}\"},\"query-input\":{\"@type\":\"PropertyValueSpecification\",\"valueRequired\":true,\"valueName\":\"search_term_string\"}}],\"inLanguage\":\"es-ES\"},{\"@type\":\"Organization\",\"@id\":\"https:\\\/\\\/eurotrail.info\\\/#organization\",\"name\":\"Eurotrail | The way we camp!\",\"url\":\"https:\\\/\\\/eurotrail.info\\\/\",\"logo\":{\"@type\":\"ImageObject\",\"inLanguage\":\"es-ES\",\"@id\":\"https:\\\/\\\/eurotrail.info\\\/#\\\/schema\\\/logo\\\/image\\\/\",\"url\":\"https:\\\/\\\/eurotrail.info\\\/wp\\\/wp-content\\\/uploads\\\/2023\\\/07\\\/ET-logo-quote_NL-scaled.jpg\",\"contentUrl\":\"https:\\\/\\\/eurotrail.info\\\/wp\\\/wp-content\\\/uploads\\\/2023\\\/07\\\/ET-logo-quote_NL-scaled.jpg\",\"width\":2560,\"height\":675,\"caption\":\"Eurotrail | The way we camp!\"},\"image\":{\"@id\":\"https:\\\/\\\/eurotrail.info\\\/#\\\/schema\\\/logo\\\/image\\\/\"}}]}<\/script>\n<!-- \/ Yoast SEO plugin. -->","yoast_head_json":{"title":"Ventilador de techo con l\u00e1mpara\/mando a distancia recargable - Eurotrail | The way we camp!","description":"Pr\u00e1ctico ventilador de techo recargable, ideal para utilizar en el toldo, la tienda de fiesta o la veranda. Cuchillas desmontables, almacenamiento compacto. \u00a1Ventila y tambi\u00e9n ahuyenta a los mosquitos! Perfecto para campistas y amantes de las actividades al aire libre.","robots":{"index":"index","follow":"follow","max-snippet":"max-snippet:-1","max-image-preview":"max-image-preview:large","max-video-preview":"max-video-preview:-1"},"canonical":"https:\/\/eurotrail.info\/es\/producten\/domestico\/ventilacion\/ventilador-de-techo-con-lampara-mando-a-distancia-recargable\/","og_locale":"es_ES","og_type":"article","og_title":"Ventilador de techo con l\u00e1mpara\/mando a distancia recargable - Eurotrail | The way we camp!","og_description":"Pr\u00e1ctico ventilador de techo recargable, ideal para utilizar en el toldo, la tienda de fiesta o la veranda. Cuchillas desmontables, almacenamiento compacto. \u00a1Ventila y tambi\u00e9n ahuyenta a los mosquitos! Perfecto para campistas y amantes de las actividades al aire libre.","og_url":"https:\/\/eurotrail.info\/es\/producten\/domestico\/ventilacion\/ventilador-de-techo-con-lampara-mando-a-distancia-recargable\/","og_site_name":"Eurotrail | The way we camp!","article_modified_time":"2026-03-19T11:11:29+00:00","og_image":[{"width":2342,"height":1638,"url":"https:\/\/eurotrail.info\/wp\/wp-content\/uploads\/2026\/01\/S03H027-Rendering-001-klein-1.jpg","type":"image\/jpeg"}],"twitter_card":"summary_large_image","twitter_misc":{"Tiempo de lectura":"2 minutes"},"schema":{"@context":"https:\/\/schema.org","@graph":[{"@type":"WebPage","@id":"https:\/\/eurotrail.info\/es\/producten\/domestico\/ventilacion\/ventilador-de-techo-con-lampara-mando-a-distancia-recargable\/","url":"https:\/\/eurotrail.info\/es\/producten\/domestico\/ventilacion\/ventilador-de-techo-con-lampara-mando-a-distancia-recargable\/","name":"Ventilador de techo con l\u00e1mpara\/mando a distancia recargable - Eurotrail | The way we camp!","isPartOf":{"@id":"https:\/\/eurotrail.info\/#website"},"primaryImageOfPage":{"@id":"https:\/\/eurotrail.info\/es\/producten\/domestico\/ventilacion\/ventilador-de-techo-con-lampara-mando-a-distancia-recargable\/#primaryimage"},"image":{"@id":"https:\/\/eurotrail.info\/es\/producten\/domestico\/ventilacion\/ventilador-de-techo-con-lampara-mando-a-distancia-recargable\/#primaryimage"},"thumbnailUrl":"https:\/\/eurotrail.info\/wp\/wp-content\/uploads\/2026\/01\/S03H027-Rendering-001-klein-1.jpg","datePublished":"2026-01-07T13:51:52+00:00","dateModified":"2026-03-19T11:11:29+00:00","description":"Pr\u00e1ctico ventilador de techo recargable, ideal para utilizar en el toldo, la tienda de fiesta o la veranda. Cuchillas desmontables, almacenamiento compacto. \u00a1Ventila y tambi\u00e9n ahuyenta a los mosquitos! Perfecto para campistas y amantes de las actividades al aire libre.","breadcrumb":{"@id":"https:\/\/eurotrail.info\/es\/producten\/domestico\/ventilacion\/ventilador-de-techo-con-lampara-mando-a-distancia-recargable\/#breadcrumb"},"inLanguage":"es-ES","potentialAction":[{"@type":"ReadAction","target":["https:\/\/eurotrail.info\/es\/producten\/domestico\/ventilacion\/ventilador-de-techo-con-lampara-mando-a-distancia-recargable\/"]}]},{"@type":"ImageObject","inLanguage":"es-ES","@id":"https:\/\/eurotrail.info\/es\/producten\/domestico\/ventilacion\/ventilador-de-techo-con-lampara-mando-a-distancia-recargable\/#primaryimage","url":"https:\/\/eurotrail.info\/wp\/wp-content\/uploads\/2026\/01\/S03H027-Rendering-001-klein-1.jpg","contentUrl":"https:\/\/eurotrail.info\/wp\/wp-content\/uploads\/2026\/01\/S03H027-Rendering-001-klein-1.jpg","width":2342,"height":1638},{"@type":"BreadcrumbList","@id":"https:\/\/eurotrail.info\/es\/producten\/domestico\/ventilacion\/ventilador-de-techo-con-lampara-mando-a-distancia-recargable\/#breadcrumb","itemListElement":[{"@type":"ListItem","position":1,"name":"Home","item":"https:\/\/eurotrail.info\/es\/"},{"@type":"ListItem","position":2,"name":"Productos","item":"https:\/\/eurotrail.info\/es\/productos\/"},{"@type":"ListItem","position":3,"name":"Ventilador de techo con l\u00e1mpara\/mando a distancia recargable"}]},{"@type":"WebSite","@id":"https:\/\/eurotrail.info\/#website","url":"https:\/\/eurotrail.info\/","name":"Eurotrail | The way we camp!","description":"","publisher":{"@id":"https:\/\/eurotrail.info\/#organization"},"potentialAction":[{"@type":"SearchAction","target":{"@type":"EntryPoint","urlTemplate":"https:\/\/eurotrail.info\/?s={search_term_string}"},"query-input":{"@type":"PropertyValueSpecification","valueRequired":true,"valueName":"search_term_string"}}],"inLanguage":"es-ES"},{"@type":"Organization","@id":"https:\/\/eurotrail.info\/#organization","name":"Eurotrail | The way we camp!","url":"https:\/\/eurotrail.info\/","logo":{"@type":"ImageObject","inLanguage":"es-ES","@id":"https:\/\/eurotrail.info\/#\/schema\/logo\/image\/","url":"https:\/\/eurotrail.info\/wp\/wp-content\/uploads\/2023\/07\/ET-logo-quote_NL-scaled.jpg","contentUrl":"https:\/\/eurotrail.info\/wp\/wp-content\/uploads\/2023\/07\/ET-logo-quote_NL-scaled.jpg","width":2560,"height":675,"caption":"Eurotrail | The way we camp!"},"image":{"@id":"https:\/\/eurotrail.info\/#\/schema\/logo\/image\/"}}]}},"_links":{"self":[{"href":"https:\/\/eurotrail.info\/es\/wp-json\/wp\/v2\/product\/28482","targetHints":{"allow":["GET"]}}],"collection":[{"href":"https:\/\/eurotrail.info\/es\/wp-json\/wp\/v2\/product"}],"about":[{"href":"https:\/\/eurotrail.info\/es\/wp-json\/wp\/v2\/types\/product"}],"replies":[{"embeddable":true,"href":"https:\/\/eurotrail.info\/es\/wp-json\/wp\/v2\/comments?post=28482"}],"wp:featuredmedia":[{"embeddable":true,"href":"https:\/\/eurotrail.info\/es\/wp-json\/wp\/v2\/media\/28916"}],"wp:attachment":[{"href":"https:\/\/eurotrail.info\/es\/wp-json\/wp\/v2\/media?parent=28482"}],"wp:term":[{"taxonomy":"product_brand","embeddable":true,"href":"https:\/\/eurotrail.info\/es\/wp-json\/wp\/v2\/product_brand?post=28482"},{"taxonomy":"product_cat","embeddable":true,"href":"https:\/\/eurotrail.info\/es\/wp-json\/wp\/v2\/product_cat?post=28482"},{"taxonomy":"product_tag","embeddable":true,"href":"https:\/\/eurotrail.info\/es\/wp-json\/wp\/v2\/product_tag?post=28482"}],"curies":[{"name":"wp","href":"https:\/\/api.w.org\/{rel}","templated":true}]}}