{"id":28501,"date":"2026-01-07T15:03:39","date_gmt":"2026-01-07T14:03:39","guid":{"rendered":"https:\/\/eurotrail.info\/producten\/sin%20categor\u00eda\/texel-katoenen-dekenslaapzak\/"},"modified":"2026-01-08T09:33:12","modified_gmt":"2026-01-08T08:33:12","slug":"texel-katoenen-dekenslaapzak","status":"publish","type":"product","link":"https:\/\/eurotrail.info\/es\/producten\/bolsas-de-dormir\/bolsas-de-dormir-es\/texel-katoenen-dekenslaapzak\/","title":{"rendered":"Texel katoenen dekenslaapzak"},"content":{"rendered":"<p>Serie de sacos de dormir para un descanso nocturno c\u00f3modo en el camping. Estos sacos de dormir combinan funcionalidad pr\u00e1ctica con materiales de alta calidad.<\/p>\n<p>El exterior est\u00e1 fabricado con una mezcla resistente y transpirable de poli\u00e9ster y algod\u00f3n que es muy resistente al desgaste y la humedad. El interior est\u00e1 forrado con algod\u00f3n suave y fino que resulta muy agradable al tacto.<\/p>\n<p>El relleno de fibra hueca SL-III de nueva generaci\u00f3n ofrece un gran aislamiento incluso en climas h\u00famedos y lluviosos.<\/p>\n<p>Disponible en 2 tama\u00f1os: Est\u00e1ndar: 80 x 210 cm y Extragrande: 100 x 220 cm, con espacio adicional para mayor comodidad.<\/p>\n<p>Detalles: bolsillo para documentos en el interior: para guardar de forma segura el tel\u00e9fono, las gafas o los papeles; tira antibloqueo detr\u00e1s de la cremallera: apertura y cierre suaves sin atascos; acoplable; opci\u00f3n de ventilaci\u00f3n: cuando hace calor, se puede abrir la parte de los pies con una cremallera para obtener un enfriamiento adicional; se entrega en una pr\u00e1ctica funda de compresi\u00f3n: se puede guardar de forma compacta y es f\u00e1cil de transportar.<\/p>\n<p>TEXEL<br \/>\nMaterial: exterior: 65 % poli\u00e9ster \/ 35 % algod\u00f3n &#8211; interior: 100 % algod\u00f3n suave.<br \/>\nRelleno: 300 g de fibra hueca SL-III de nueva generaci\u00f3n.<br \/>\nDimensiones: 80 x 210 cm.<br \/>\nEmbalaje: 40 x \u00d8 30 cm.<br \/>\nPeso: 2,6 kg.<\/p>\n<p>TEXEL XL<br \/>\nMaterial: exterior: poli\u00e9ster\/algod\u00f3n &#8211; interior: 100 % algod\u00f3n suave.<br \/>\nRelleno: 300 g de fibra hueca SL-III de nueva generaci\u00f3n.<br \/>\nDimensiones: 100 x 220 cm.<br \/>\nEmbalaje: 50 x \u00d8 40 cm.<br \/>\nPeso: 3,4 kg.<\/p>\n","protected":false},"excerpt":{"rendered":"<p>Serie de sacos de dormir para un descanso nocturno c\u00f3modo en el camping. Estos sacos de dormir combinan funcionalidad pr\u00e1ctica con materiales de alta calidad.&hellip;<\/p>\n","protected":false},"featured_media":28431,"comment_status":"open","ping_status":"closed","template":"","meta":{"_acf_changed":false},"product_brand":[],"product_cat":[365,368],"product_tag":[],"class_list":{"0":"post-28501","1":"product","2":"type-product","3":"status-publish","4":"has-post-thumbnail","6":"product_cat-bolsas-de-dormir","7":"product_cat-bolsas-de-dormir-es","9":"first","10":"instock","11":"shipping-taxable","12":"product-type-simple"},"acf":[],"yoast_head":"<!-- This site is optimized with the Yoast SEO plugin v27.4 - https:\/\/yoast.com\/product\/yoast-seo-wordpress\/ -->\n<title>Texel katoenen dekenslaapzak - Eurotrail | The way we camp!<\/title>\n<meta name=\"description\" content=\"Una serie de sacos de dormir para un descanso confortable en el camping. Estos sacos de dormir combinan funcionalidad pr\u00e1ctica con materiales de alta calidad.\" \/>\n<meta name=\"robots\" content=\"index, follow, max-snippet:-1, max-image-preview:large, max-video-preview:-1\" \/>\n<link rel=\"canonical\" href=\"https:\/\/eurotrail.info\/es\/producten\/bolsas-de-dormir\/bolsas-de-dormir-es\/texel-katoenen-dekenslaapzak\/\" \/>\n<meta property=\"og:locale\" content=\"es_ES\" \/>\n<meta property=\"og:type\" content=\"article\" \/>\n<meta property=\"og:title\" content=\"Texel katoenen dekenslaapzak - Eurotrail | The way we camp!\" \/>\n<meta property=\"og:description\" content=\"Una serie de sacos de dormir para un descanso confortable en el camping. Estos sacos de dormir combinan funcionalidad pr\u00e1ctica con materiales de alta calidad.\" \/>\n<meta property=\"og:url\" content=\"https:\/\/eurotrail.info\/es\/producten\/bolsas-de-dormir\/bolsas-de-dormir-es\/texel-katoenen-dekenslaapzak\/\" \/>\n<meta property=\"og:site_name\" content=\"Eurotrail | The way we camp!\" \/>\n<meta property=\"article:modified_time\" content=\"2026-01-08T08:33:12+00:00\" \/>\n<meta property=\"og:image\" content=\"https:\/\/eurotrail.info\/wp\/wp-content\/uploads\/2026\/01\/ETSB0236_Slaapzak-Texel-scaled.jpg\" \/>\n\t<meta property=\"og:image:width\" content=\"2560\" \/>\n\t<meta property=\"og:image:height\" content=\"1376\" \/>\n\t<meta property=\"og:image:type\" content=\"image\/jpeg\" \/>\n<meta name=\"twitter:card\" content=\"summary_large_image\" \/>\n<meta name=\"twitter:label1\" content=\"Tiempo de lectura\" \/>\n\t<meta name=\"twitter:data1\" content=\"2 minutes\" \/>\n<script type=\"application\/ld+json\" class=\"yoast-schema-graph\">{\"@context\":\"https:\\\/\\\/schema.org\",\"@graph\":[{\"@type\":\"WebPage\",\"@id\":\"https:\\\/\\\/eurotrail.info\\\/es\\\/producten\\\/bolsas-de-dormir\\\/bolsas-de-dormir-es\\\/texel-katoenen-dekenslaapzak\\\/\",\"url\":\"https:\\\/\\\/eurotrail.info\\\/es\\\/producten\\\/bolsas-de-dormir\\\/bolsas-de-dormir-es\\\/texel-katoenen-dekenslaapzak\\\/\",\"name\":\"Texel katoenen dekenslaapzak - Eurotrail | The way we camp!\",\"isPartOf\":{\"@id\":\"https:\\\/\\\/eurotrail.info\\\/#website\"},\"primaryImageOfPage\":{\"@id\":\"https:\\\/\\\/eurotrail.info\\\/es\\\/producten\\\/bolsas-de-dormir\\\/bolsas-de-dormir-es\\\/texel-katoenen-dekenslaapzak\\\/#primaryimage\"},\"image\":{\"@id\":\"https:\\\/\\\/eurotrail.info\\\/es\\\/producten\\\/bolsas-de-dormir\\\/bolsas-de-dormir-es\\\/texel-katoenen-dekenslaapzak\\\/#primaryimage\"},\"thumbnailUrl\":\"https:\\\/\\\/eurotrail.info\\\/wp\\\/wp-content\\\/uploads\\\/2026\\\/01\\\/ETSB0236_Slaapzak-Texel-scaled.jpg\",\"datePublished\":\"2026-01-07T14:03:39+00:00\",\"dateModified\":\"2026-01-08T08:33:12+00:00\",\"description\":\"Una serie de sacos de dormir para un descanso confortable en el camping. Estos sacos de dormir combinan funcionalidad pr\u00e1ctica con materiales de alta calidad.\",\"breadcrumb\":{\"@id\":\"https:\\\/\\\/eurotrail.info\\\/es\\\/producten\\\/bolsas-de-dormir\\\/bolsas-de-dormir-es\\\/texel-katoenen-dekenslaapzak\\\/#breadcrumb\"},\"inLanguage\":\"es-ES\",\"potentialAction\":[{\"@type\":\"ReadAction\",\"target\":[\"https:\\\/\\\/eurotrail.info\\\/es\\\/producten\\\/bolsas-de-dormir\\\/bolsas-de-dormir-es\\\/texel-katoenen-dekenslaapzak\\\/\"]}]},{\"@type\":\"ImageObject\",\"inLanguage\":\"es-ES\",\"@id\":\"https:\\\/\\\/eurotrail.info\\\/es\\\/producten\\\/bolsas-de-dormir\\\/bolsas-de-dormir-es\\\/texel-katoenen-dekenslaapzak\\\/#primaryimage\",\"url\":\"https:\\\/\\\/eurotrail.info\\\/wp\\\/wp-content\\\/uploads\\\/2026\\\/01\\\/ETSB0236_Slaapzak-Texel-scaled.jpg\",\"contentUrl\":\"https:\\\/\\\/eurotrail.info\\\/wp\\\/wp-content\\\/uploads\\\/2026\\\/01\\\/ETSB0236_Slaapzak-Texel-scaled.jpg\",\"width\":2560,\"height\":1376},{\"@type\":\"BreadcrumbList\",\"@id\":\"https:\\\/\\\/eurotrail.info\\\/es\\\/producten\\\/bolsas-de-dormir\\\/bolsas-de-dormir-es\\\/texel-katoenen-dekenslaapzak\\\/#breadcrumb\",\"itemListElement\":[{\"@type\":\"ListItem\",\"position\":1,\"name\":\"Home\",\"item\":\"https:\\\/\\\/eurotrail.info\\\/es\\\/\"},{\"@type\":\"ListItem\",\"position\":2,\"name\":\"Productos\",\"item\":\"https:\\\/\\\/eurotrail.info\\\/es\\\/productos\\\/\"},{\"@type\":\"ListItem\",\"position\":3,\"name\":\"Texel katoenen dekenslaapzak\"}]},{\"@type\":\"WebSite\",\"@id\":\"https:\\\/\\\/eurotrail.info\\\/#website\",\"url\":\"https:\\\/\\\/eurotrail.info\\\/\",\"name\":\"Eurotrail | The way we camp!\",\"description\":\"\",\"publisher\":{\"@id\":\"https:\\\/\\\/eurotrail.info\\\/#organization\"},\"potentialAction\":[{\"@type\":\"SearchAction\",\"target\":{\"@type\":\"EntryPoint\",\"urlTemplate\":\"https:\\\/\\\/eurotrail.info\\\/?s={search_term_string}\"},\"query-input\":{\"@type\":\"PropertyValueSpecification\",\"valueRequired\":true,\"valueName\":\"search_term_string\"}}],\"inLanguage\":\"es-ES\"},{\"@type\":\"Organization\",\"@id\":\"https:\\\/\\\/eurotrail.info\\\/#organization\",\"name\":\"Eurotrail | The way we camp!\",\"url\":\"https:\\\/\\\/eurotrail.info\\\/\",\"logo\":{\"@type\":\"ImageObject\",\"inLanguage\":\"es-ES\",\"@id\":\"https:\\\/\\\/eurotrail.info\\\/#\\\/schema\\\/logo\\\/image\\\/\",\"url\":\"https:\\\/\\\/eurotrail.info\\\/wp\\\/wp-content\\\/uploads\\\/2023\\\/07\\\/ET-logo-quote_NL-scaled.jpg\",\"contentUrl\":\"https:\\\/\\\/eurotrail.info\\\/wp\\\/wp-content\\\/uploads\\\/2023\\\/07\\\/ET-logo-quote_NL-scaled.jpg\",\"width\":2560,\"height\":675,\"caption\":\"Eurotrail | The way we camp!\"},\"image\":{\"@id\":\"https:\\\/\\\/eurotrail.info\\\/#\\\/schema\\\/logo\\\/image\\\/\"}}]}<\/script>\n<!-- \/ Yoast SEO plugin. -->","yoast_head_json":{"title":"Texel katoenen dekenslaapzak - Eurotrail | The way we camp!","description":"Una serie de sacos de dormir para un descanso confortable en el camping. Estos sacos de dormir combinan funcionalidad pr\u00e1ctica con materiales de alta calidad.","robots":{"index":"index","follow":"follow","max-snippet":"max-snippet:-1","max-image-preview":"max-image-preview:large","max-video-preview":"max-video-preview:-1"},"canonical":"https:\/\/eurotrail.info\/es\/producten\/bolsas-de-dormir\/bolsas-de-dormir-es\/texel-katoenen-dekenslaapzak\/","og_locale":"es_ES","og_type":"article","og_title":"Texel katoenen dekenslaapzak - Eurotrail | The way we camp!","og_description":"Una serie de sacos de dormir para un descanso confortable en el camping. Estos sacos de dormir combinan funcionalidad pr\u00e1ctica con materiales de alta calidad.","og_url":"https:\/\/eurotrail.info\/es\/producten\/bolsas-de-dormir\/bolsas-de-dormir-es\/texel-katoenen-dekenslaapzak\/","og_site_name":"Eurotrail | The way we camp!","article_modified_time":"2026-01-08T08:33:12+00:00","og_image":[{"width":2560,"height":1376,"url":"https:\/\/eurotrail.info\/wp\/wp-content\/uploads\/2026\/01\/ETSB0236_Slaapzak-Texel-scaled.jpg","type":"image\/jpeg"}],"twitter_card":"summary_large_image","twitter_misc":{"Tiempo de lectura":"2 minutes"},"schema":{"@context":"https:\/\/schema.org","@graph":[{"@type":"WebPage","@id":"https:\/\/eurotrail.info\/es\/producten\/bolsas-de-dormir\/bolsas-de-dormir-es\/texel-katoenen-dekenslaapzak\/","url":"https:\/\/eurotrail.info\/es\/producten\/bolsas-de-dormir\/bolsas-de-dormir-es\/texel-katoenen-dekenslaapzak\/","name":"Texel katoenen dekenslaapzak - Eurotrail | The way we camp!","isPartOf":{"@id":"https:\/\/eurotrail.info\/#website"},"primaryImageOfPage":{"@id":"https:\/\/eurotrail.info\/es\/producten\/bolsas-de-dormir\/bolsas-de-dormir-es\/texel-katoenen-dekenslaapzak\/#primaryimage"},"image":{"@id":"https:\/\/eurotrail.info\/es\/producten\/bolsas-de-dormir\/bolsas-de-dormir-es\/texel-katoenen-dekenslaapzak\/#primaryimage"},"thumbnailUrl":"https:\/\/eurotrail.info\/wp\/wp-content\/uploads\/2026\/01\/ETSB0236_Slaapzak-Texel-scaled.jpg","datePublished":"2026-01-07T14:03:39+00:00","dateModified":"2026-01-08T08:33:12+00:00","description":"Una serie de sacos de dormir para un descanso confortable en el camping. Estos sacos de dormir combinan funcionalidad pr\u00e1ctica con materiales de alta calidad.","breadcrumb":{"@id":"https:\/\/eurotrail.info\/es\/producten\/bolsas-de-dormir\/bolsas-de-dormir-es\/texel-katoenen-dekenslaapzak\/#breadcrumb"},"inLanguage":"es-ES","potentialAction":[{"@type":"ReadAction","target":["https:\/\/eurotrail.info\/es\/producten\/bolsas-de-dormir\/bolsas-de-dormir-es\/texel-katoenen-dekenslaapzak\/"]}]},{"@type":"ImageObject","inLanguage":"es-ES","@id":"https:\/\/eurotrail.info\/es\/producten\/bolsas-de-dormir\/bolsas-de-dormir-es\/texel-katoenen-dekenslaapzak\/#primaryimage","url":"https:\/\/eurotrail.info\/wp\/wp-content\/uploads\/2026\/01\/ETSB0236_Slaapzak-Texel-scaled.jpg","contentUrl":"https:\/\/eurotrail.info\/wp\/wp-content\/uploads\/2026\/01\/ETSB0236_Slaapzak-Texel-scaled.jpg","width":2560,"height":1376},{"@type":"BreadcrumbList","@id":"https:\/\/eurotrail.info\/es\/producten\/bolsas-de-dormir\/bolsas-de-dormir-es\/texel-katoenen-dekenslaapzak\/#breadcrumb","itemListElement":[{"@type":"ListItem","position":1,"name":"Home","item":"https:\/\/eurotrail.info\/es\/"},{"@type":"ListItem","position":2,"name":"Productos","item":"https:\/\/eurotrail.info\/es\/productos\/"},{"@type":"ListItem","position":3,"name":"Texel katoenen dekenslaapzak"}]},{"@type":"WebSite","@id":"https:\/\/eurotrail.info\/#website","url":"https:\/\/eurotrail.info\/","name":"Eurotrail | The way we camp!","description":"","publisher":{"@id":"https:\/\/eurotrail.info\/#organization"},"potentialAction":[{"@type":"SearchAction","target":{"@type":"EntryPoint","urlTemplate":"https:\/\/eurotrail.info\/?s={search_term_string}"},"query-input":{"@type":"PropertyValueSpecification","valueRequired":true,"valueName":"search_term_string"}}],"inLanguage":"es-ES"},{"@type":"Organization","@id":"https:\/\/eurotrail.info\/#organization","name":"Eurotrail | The way we camp!","url":"https:\/\/eurotrail.info\/","logo":{"@type":"ImageObject","inLanguage":"es-ES","@id":"https:\/\/eurotrail.info\/#\/schema\/logo\/image\/","url":"https:\/\/eurotrail.info\/wp\/wp-content\/uploads\/2023\/07\/ET-logo-quote_NL-scaled.jpg","contentUrl":"https:\/\/eurotrail.info\/wp\/wp-content\/uploads\/2023\/07\/ET-logo-quote_NL-scaled.jpg","width":2560,"height":675,"caption":"Eurotrail | The way we camp!"},"image":{"@id":"https:\/\/eurotrail.info\/#\/schema\/logo\/image\/"}}]}},"_links":{"self":[{"href":"https:\/\/eurotrail.info\/es\/wp-json\/wp\/v2\/product\/28501","targetHints":{"allow":["GET"]}}],"collection":[{"href":"https:\/\/eurotrail.info\/es\/wp-json\/wp\/v2\/product"}],"about":[{"href":"https:\/\/eurotrail.info\/es\/wp-json\/wp\/v2\/types\/product"}],"replies":[{"embeddable":true,"href":"https:\/\/eurotrail.info\/es\/wp-json\/wp\/v2\/comments?post=28501"}],"wp:featuredmedia":[{"embeddable":true,"href":"https:\/\/eurotrail.info\/es\/wp-json\/wp\/v2\/media\/28431"}],"wp:attachment":[{"href":"https:\/\/eurotrail.info\/es\/wp-json\/wp\/v2\/media?parent=28501"}],"wp:term":[{"taxonomy":"product_brand","embeddable":true,"href":"https:\/\/eurotrail.info\/es\/wp-json\/wp\/v2\/product_brand?post=28501"},{"taxonomy":"product_cat","embeddable":true,"href":"https:\/\/eurotrail.info\/es\/wp-json\/wp\/v2\/product_cat?post=28501"},{"taxonomy":"product_tag","embeddable":true,"href":"https:\/\/eurotrail.info\/es\/wp-json\/wp\/v2\/product_tag?post=28501"}],"curies":[{"name":"wp","href":"https:\/\/api.w.org\/{rel}","templated":true}]}}