{"id":28510,"date":"2026-01-07T14:57:44","date_gmt":"2026-01-07T13:57:44","guid":{"rendered":"https:\/\/eurotrail.info\/?post_type=product&#038;p=28510"},"modified":"2026-01-09T14:21:14","modified_gmt":"2026-01-09T13:21:14","slug":"tensores-decoratives-recargables-e-iluminados","status":"publish","type":"product","link":"https:\/\/eurotrail.info\/es\/producten\/carpas\/partes-de-postes-de-carpa\/tensores-decoratives-recargables-e-iluminados\/","title":{"rendered":"Tensores decoratives recargables e iluminados"},"content":{"rendered":"<p>Cuerdas tensoras iluminadas Deco: seguridad en la oscuridad<\/p>\n<p>Estas cuerdas tensoras de 5 mm de grosor y 5 metros de largo est\u00e1n equipadas con luces LED brillantes en toda su longitud. Ideales para una mayor visibilidad y seguridad alrededor de tu tienda de campa\u00f1a, lona o toldo. \u00a1Se acabaron los tropiezos en la oscuridad!<\/p>\n<p>Funciona con una bater\u00eda recargable y es f\u00e1cil de fijar con el mosquet\u00f3n integrado. La cuerda LED tiene nada menos que 8 modos de iluminaci\u00f3n diferentes, desde una sutil luz ambiental hasta una luz intermitente muy visible.<\/p>\n<p>Material: cuerda de nailon con 33 LED.<br \/>\nTama\u00f1o: 5 mm x 5 m.<br \/>\nBater\u00eda: 800 mAH 18650.<br \/>\nTiempo de carga: \u00b1 2-3 horas.<br \/>\nTiempo de funcionamiento: \u00b1 20 horas.<br \/>\nResistencia al agua: IPX 44.<\/p>\n","protected":false},"excerpt":{"rendered":"<p>Cuerdas tensoras iluminadas Deco: seguridad en la oscuridad Estas cuerdas tensoras de 5 mm de grosor y 5 metros de largo est\u00e1n equipadas con luces&hellip;<\/p>\n","protected":false},"featured_media":28420,"comment_status":"open","ping_status":"closed","template":"","meta":{"_acf_changed":false},"product_brand":[],"product_cat":[332,379,370,375],"product_tag":[],"class_list":{"0":"post-28510","1":"product","2":"type-product","3":"status-publish","4":"has-post-thumbnail","6":"product_cat-accesorios-para-caravanas","7":"product_cat-alivio","8":"product_cat-carpas","9":"product_cat-partes-de-postes-de-carpa","11":"first","12":"instock","13":"shipping-taxable","14":"product-type-simple"},"acf":[],"yoast_head":"<!-- This site is optimized with the Yoast SEO plugin v27.4 - https:\/\/yoast.com\/product\/yoast-seo-wordpress\/ -->\n<title>Tensores decoratives recargables e iluminados - Eurotrail | The way we camp!<\/title>\n<meta name=\"description\" content=\"Estos vientos de 5 mm de grosor y 5 metros de largo est\u00e1n equipados con brillantes luces LED en toda su longitud. Ideales para mayor visibilidad y seguridad alrededor de su tienda de campa\u00f1a, lona o toldo.\" \/>\n<meta name=\"robots\" content=\"index, follow, max-snippet:-1, max-image-preview:large, max-video-preview:-1\" \/>\n<link rel=\"canonical\" href=\"https:\/\/eurotrail.info\/es\/producten\/carpas\/partes-de-postes-de-carpa\/tensores-decoratives-recargables-e-iluminados\/\" \/>\n<meta property=\"og:locale\" content=\"es_ES\" \/>\n<meta property=\"og:type\" content=\"article\" \/>\n<meta property=\"og:title\" content=\"Tensores decoratives recargables e iluminados - Eurotrail | The way we camp!\" \/>\n<meta property=\"og:description\" content=\"Estos vientos de 5 mm de grosor y 5 metros de largo est\u00e1n equipados con brillantes luces LED en toda su longitud. Ideales para mayor visibilidad y seguridad alrededor de su tienda de campa\u00f1a, lona o toldo.\" \/>\n<meta property=\"og:url\" content=\"https:\/\/eurotrail.info\/es\/producten\/carpas\/partes-de-postes-de-carpa\/tensores-decoratives-recargables-e-iluminados\/\" \/>\n<meta property=\"og:site_name\" content=\"Eurotrail | The way we camp!\" \/>\n<meta property=\"article:modified_time\" content=\"2026-01-09T13:21:14+00:00\" \/>\n<meta property=\"og:image\" content=\"https:\/\/eurotrail.info\/wp\/wp-content\/uploads\/2026\/01\/Sfeer-1.jpg\" \/>\n\t<meta property=\"og:image:width\" content=\"1512\" \/>\n\t<meta property=\"og:image:height\" content=\"2016\" \/>\n\t<meta property=\"og:image:type\" content=\"image\/jpeg\" \/>\n<meta name=\"twitter:card\" content=\"summary_large_image\" \/>\n<meta name=\"twitter:label1\" content=\"Tiempo de lectura\" \/>\n\t<meta name=\"twitter:data1\" content=\"1 minute\" \/>\n<script type=\"application\/ld+json\" class=\"yoast-schema-graph\">{\"@context\":\"https:\\\/\\\/schema.org\",\"@graph\":[{\"@type\":\"WebPage\",\"@id\":\"https:\\\/\\\/eurotrail.info\\\/es\\\/producten\\\/carpas\\\/partes-de-postes-de-carpa\\\/tensores-decoratives-recargables-e-iluminados\\\/\",\"url\":\"https:\\\/\\\/eurotrail.info\\\/es\\\/producten\\\/carpas\\\/partes-de-postes-de-carpa\\\/tensores-decoratives-recargables-e-iluminados\\\/\",\"name\":\"Tensores decoratives recargables e iluminados - Eurotrail | The way we camp!\",\"isPartOf\":{\"@id\":\"https:\\\/\\\/eurotrail.info\\\/#website\"},\"primaryImageOfPage\":{\"@id\":\"https:\\\/\\\/eurotrail.info\\\/es\\\/producten\\\/carpas\\\/partes-de-postes-de-carpa\\\/tensores-decoratives-recargables-e-iluminados\\\/#primaryimage\"},\"image\":{\"@id\":\"https:\\\/\\\/eurotrail.info\\\/es\\\/producten\\\/carpas\\\/partes-de-postes-de-carpa\\\/tensores-decoratives-recargables-e-iluminados\\\/#primaryimage\"},\"thumbnailUrl\":\"https:\\\/\\\/eurotrail.info\\\/wp\\\/wp-content\\\/uploads\\\/2026\\\/01\\\/Sfeer-1.jpg\",\"datePublished\":\"2026-01-07T13:57:44+00:00\",\"dateModified\":\"2026-01-09T13:21:14+00:00\",\"description\":\"Estos vientos de 5 mm de grosor y 5 metros de largo est\u00e1n equipados con brillantes luces LED en toda su longitud. Ideales para mayor visibilidad y seguridad alrededor de su tienda de campa\u00f1a, lona o toldo.\",\"breadcrumb\":{\"@id\":\"https:\\\/\\\/eurotrail.info\\\/es\\\/producten\\\/carpas\\\/partes-de-postes-de-carpa\\\/tensores-decoratives-recargables-e-iluminados\\\/#breadcrumb\"},\"inLanguage\":\"es-ES\",\"potentialAction\":[{\"@type\":\"ReadAction\",\"target\":[\"https:\\\/\\\/eurotrail.info\\\/es\\\/producten\\\/carpas\\\/partes-de-postes-de-carpa\\\/tensores-decoratives-recargables-e-iluminados\\\/\"]}]},{\"@type\":\"ImageObject\",\"inLanguage\":\"es-ES\",\"@id\":\"https:\\\/\\\/eurotrail.info\\\/es\\\/producten\\\/carpas\\\/partes-de-postes-de-carpa\\\/tensores-decoratives-recargables-e-iluminados\\\/#primaryimage\",\"url\":\"https:\\\/\\\/eurotrail.info\\\/wp\\\/wp-content\\\/uploads\\\/2026\\\/01\\\/Sfeer-1.jpg\",\"contentUrl\":\"https:\\\/\\\/eurotrail.info\\\/wp\\\/wp-content\\\/uploads\\\/2026\\\/01\\\/Sfeer-1.jpg\",\"width\":1512,\"height\":2016},{\"@type\":\"BreadcrumbList\",\"@id\":\"https:\\\/\\\/eurotrail.info\\\/es\\\/producten\\\/carpas\\\/partes-de-postes-de-carpa\\\/tensores-decoratives-recargables-e-iluminados\\\/#breadcrumb\",\"itemListElement\":[{\"@type\":\"ListItem\",\"position\":1,\"name\":\"Home\",\"item\":\"https:\\\/\\\/eurotrail.info\\\/es\\\/\"},{\"@type\":\"ListItem\",\"position\":2,\"name\":\"Productos\",\"item\":\"https:\\\/\\\/eurotrail.info\\\/es\\\/productos\\\/\"},{\"@type\":\"ListItem\",\"position\":3,\"name\":\"Tensores decoratives recargables e iluminados\"}]},{\"@type\":\"WebSite\",\"@id\":\"https:\\\/\\\/eurotrail.info\\\/#website\",\"url\":\"https:\\\/\\\/eurotrail.info\\\/\",\"name\":\"Eurotrail | The way we camp!\",\"description\":\"\",\"publisher\":{\"@id\":\"https:\\\/\\\/eurotrail.info\\\/#organization\"},\"potentialAction\":[{\"@type\":\"SearchAction\",\"target\":{\"@type\":\"EntryPoint\",\"urlTemplate\":\"https:\\\/\\\/eurotrail.info\\\/?s={search_term_string}\"},\"query-input\":{\"@type\":\"PropertyValueSpecification\",\"valueRequired\":true,\"valueName\":\"search_term_string\"}}],\"inLanguage\":\"es-ES\"},{\"@type\":\"Organization\",\"@id\":\"https:\\\/\\\/eurotrail.info\\\/#organization\",\"name\":\"Eurotrail | The way we camp!\",\"url\":\"https:\\\/\\\/eurotrail.info\\\/\",\"logo\":{\"@type\":\"ImageObject\",\"inLanguage\":\"es-ES\",\"@id\":\"https:\\\/\\\/eurotrail.info\\\/#\\\/schema\\\/logo\\\/image\\\/\",\"url\":\"https:\\\/\\\/eurotrail.info\\\/wp\\\/wp-content\\\/uploads\\\/2023\\\/07\\\/ET-logo-quote_NL-scaled.jpg\",\"contentUrl\":\"https:\\\/\\\/eurotrail.info\\\/wp\\\/wp-content\\\/uploads\\\/2023\\\/07\\\/ET-logo-quote_NL-scaled.jpg\",\"width\":2560,\"height\":675,\"caption\":\"Eurotrail | The way we camp!\"},\"image\":{\"@id\":\"https:\\\/\\\/eurotrail.info\\\/#\\\/schema\\\/logo\\\/image\\\/\"}}]}<\/script>\n<!-- \/ Yoast SEO plugin. -->","yoast_head_json":{"title":"Tensores decoratives recargables e iluminados - Eurotrail | The way we camp!","description":"Estos vientos de 5 mm de grosor y 5 metros de largo est\u00e1n equipados con brillantes luces LED en toda su longitud. Ideales para mayor visibilidad y seguridad alrededor de su tienda de campa\u00f1a, lona o toldo.","robots":{"index":"index","follow":"follow","max-snippet":"max-snippet:-1","max-image-preview":"max-image-preview:large","max-video-preview":"max-video-preview:-1"},"canonical":"https:\/\/eurotrail.info\/es\/producten\/carpas\/partes-de-postes-de-carpa\/tensores-decoratives-recargables-e-iluminados\/","og_locale":"es_ES","og_type":"article","og_title":"Tensores decoratives recargables e iluminados - Eurotrail | The way we camp!","og_description":"Estos vientos de 5 mm de grosor y 5 metros de largo est\u00e1n equipados con brillantes luces LED en toda su longitud. Ideales para mayor visibilidad y seguridad alrededor de su tienda de campa\u00f1a, lona o toldo.","og_url":"https:\/\/eurotrail.info\/es\/producten\/carpas\/partes-de-postes-de-carpa\/tensores-decoratives-recargables-e-iluminados\/","og_site_name":"Eurotrail | The way we camp!","article_modified_time":"2026-01-09T13:21:14+00:00","og_image":[{"width":1512,"height":2016,"url":"https:\/\/eurotrail.info\/wp\/wp-content\/uploads\/2026\/01\/Sfeer-1.jpg","type":"image\/jpeg"}],"twitter_card":"summary_large_image","twitter_misc":{"Tiempo de lectura":"1 minute"},"schema":{"@context":"https:\/\/schema.org","@graph":[{"@type":"WebPage","@id":"https:\/\/eurotrail.info\/es\/producten\/carpas\/partes-de-postes-de-carpa\/tensores-decoratives-recargables-e-iluminados\/","url":"https:\/\/eurotrail.info\/es\/producten\/carpas\/partes-de-postes-de-carpa\/tensores-decoratives-recargables-e-iluminados\/","name":"Tensores decoratives recargables e iluminados - Eurotrail | The way we camp!","isPartOf":{"@id":"https:\/\/eurotrail.info\/#website"},"primaryImageOfPage":{"@id":"https:\/\/eurotrail.info\/es\/producten\/carpas\/partes-de-postes-de-carpa\/tensores-decoratives-recargables-e-iluminados\/#primaryimage"},"image":{"@id":"https:\/\/eurotrail.info\/es\/producten\/carpas\/partes-de-postes-de-carpa\/tensores-decoratives-recargables-e-iluminados\/#primaryimage"},"thumbnailUrl":"https:\/\/eurotrail.info\/wp\/wp-content\/uploads\/2026\/01\/Sfeer-1.jpg","datePublished":"2026-01-07T13:57:44+00:00","dateModified":"2026-01-09T13:21:14+00:00","description":"Estos vientos de 5 mm de grosor y 5 metros de largo est\u00e1n equipados con brillantes luces LED en toda su longitud. Ideales para mayor visibilidad y seguridad alrededor de su tienda de campa\u00f1a, lona o toldo.","breadcrumb":{"@id":"https:\/\/eurotrail.info\/es\/producten\/carpas\/partes-de-postes-de-carpa\/tensores-decoratives-recargables-e-iluminados\/#breadcrumb"},"inLanguage":"es-ES","potentialAction":[{"@type":"ReadAction","target":["https:\/\/eurotrail.info\/es\/producten\/carpas\/partes-de-postes-de-carpa\/tensores-decoratives-recargables-e-iluminados\/"]}]},{"@type":"ImageObject","inLanguage":"es-ES","@id":"https:\/\/eurotrail.info\/es\/producten\/carpas\/partes-de-postes-de-carpa\/tensores-decoratives-recargables-e-iluminados\/#primaryimage","url":"https:\/\/eurotrail.info\/wp\/wp-content\/uploads\/2026\/01\/Sfeer-1.jpg","contentUrl":"https:\/\/eurotrail.info\/wp\/wp-content\/uploads\/2026\/01\/Sfeer-1.jpg","width":1512,"height":2016},{"@type":"BreadcrumbList","@id":"https:\/\/eurotrail.info\/es\/producten\/carpas\/partes-de-postes-de-carpa\/tensores-decoratives-recargables-e-iluminados\/#breadcrumb","itemListElement":[{"@type":"ListItem","position":1,"name":"Home","item":"https:\/\/eurotrail.info\/es\/"},{"@type":"ListItem","position":2,"name":"Productos","item":"https:\/\/eurotrail.info\/es\/productos\/"},{"@type":"ListItem","position":3,"name":"Tensores decoratives recargables e iluminados"}]},{"@type":"WebSite","@id":"https:\/\/eurotrail.info\/#website","url":"https:\/\/eurotrail.info\/","name":"Eurotrail | The way we camp!","description":"","publisher":{"@id":"https:\/\/eurotrail.info\/#organization"},"potentialAction":[{"@type":"SearchAction","target":{"@type":"EntryPoint","urlTemplate":"https:\/\/eurotrail.info\/?s={search_term_string}"},"query-input":{"@type":"PropertyValueSpecification","valueRequired":true,"valueName":"search_term_string"}}],"inLanguage":"es-ES"},{"@type":"Organization","@id":"https:\/\/eurotrail.info\/#organization","name":"Eurotrail | The way we camp!","url":"https:\/\/eurotrail.info\/","logo":{"@type":"ImageObject","inLanguage":"es-ES","@id":"https:\/\/eurotrail.info\/#\/schema\/logo\/image\/","url":"https:\/\/eurotrail.info\/wp\/wp-content\/uploads\/2023\/07\/ET-logo-quote_NL-scaled.jpg","contentUrl":"https:\/\/eurotrail.info\/wp\/wp-content\/uploads\/2023\/07\/ET-logo-quote_NL-scaled.jpg","width":2560,"height":675,"caption":"Eurotrail | The way we camp!"},"image":{"@id":"https:\/\/eurotrail.info\/#\/schema\/logo\/image\/"}}]}},"_links":{"self":[{"href":"https:\/\/eurotrail.info\/es\/wp-json\/wp\/v2\/product\/28510","targetHints":{"allow":["GET"]}}],"collection":[{"href":"https:\/\/eurotrail.info\/es\/wp-json\/wp\/v2\/product"}],"about":[{"href":"https:\/\/eurotrail.info\/es\/wp-json\/wp\/v2\/types\/product"}],"replies":[{"embeddable":true,"href":"https:\/\/eurotrail.info\/es\/wp-json\/wp\/v2\/comments?post=28510"}],"wp:featuredmedia":[{"embeddable":true,"href":"https:\/\/eurotrail.info\/es\/wp-json\/wp\/v2\/media\/28420"}],"wp:attachment":[{"href":"https:\/\/eurotrail.info\/es\/wp-json\/wp\/v2\/media?parent=28510"}],"wp:term":[{"taxonomy":"product_brand","embeddable":true,"href":"https:\/\/eurotrail.info\/es\/wp-json\/wp\/v2\/product_brand?post=28510"},{"taxonomy":"product_cat","embeddable":true,"href":"https:\/\/eurotrail.info\/es\/wp-json\/wp\/v2\/product_cat?post=28510"},{"taxonomy":"product_tag","embeddable":true,"href":"https:\/\/eurotrail.info\/es\/wp-json\/wp\/v2\/product_tag?post=28510"}],"curies":[{"name":"wp","href":"https:\/\/api.w.org\/{rel}","templated":true}]}}