{"id":28520,"date":"2026-01-07T14:30:41","date_gmt":"2026-01-07T13:30:41","guid":{"rendered":"https:\/\/eurotrail.info\/?post_type=product&#038;p=28520"},"modified":"2026-03-25T12:49:32","modified_gmt":"2026-03-25T11:49:32","slug":"set-de-enjuague-completo-y-recargable","status":"publish","type":"product","link":"https:\/\/eurotrail.info\/es\/producten\/domestico\/articulos-de-cocina-plegables-de-silicona\/set-de-enjuague-completo-y-recargable\/","title":{"rendered":"Set de enjuague completo y recargable"},"content":{"rendered":"<p><strong>\u00a1Limpieza instant\u00e1nea en cualquier momento y lugar!<\/strong><\/p>\n<p>Con este pr\u00e1ctico y compacto kit de lavado, podr\u00e1s limpiar sin esfuerzo tu coche, caravana o bicicleta. El kit incluye un cubo plegable de silicona con una bomba compresora recargable integrada y una manguera con boquilla pulverizadora ajustable. Gracias a su potente chorro de agua, podr\u00e1s eliminar f\u00e1cilmente la suciedad y el barro.<\/p>\n<p>La boquilla pulverizadora cuenta con m\u00faltiples ajustes, incluyendo una pr\u00e1ctica funci\u00f3n de ducha, que te permite adaptar el chorro a cualquier tarea de limpieza. El cubo flexible es totalmente plegable, lo que facilita su almacenamiento y transporte. Como la bomba es recargable, no dependes de una conexi\u00f3n de agua: puedes usar el kit en cualquier momento y lugar.<\/p>\n<p>Este kit de lavado es ideal para usarlo fuera de casa como ducha (\u00a1con agua caliente tendr\u00e1s una ducha caliente al instante!), para enjuagar tu bicicleta de monta\u00f1a o a tu perro. \u00a1Tambi\u00e9n puedes usarlo en casa, en el jard\u00edn, para regar tus plantas!<\/p>\n<p>Dimensiones: 36 x 36 x 33 cm<br \/>\nPlegado: 36 x 36 x 7,5 cm<br \/>\nPeso: 1900 g<br \/>\nMaterial: Silicona\/PP<br \/>\nBater\u00eda: 2000 mAh<br \/>\nTiempo de carga: 6 h, cable USB<br \/>\nAutonom\u00eda: 50-60 minutos<br \/>\nLongitud de la manguera: 5 m<br \/>\nBoquilla: 7 posiciones<br \/>\nConsumo: 3,5 l\/min en posici\u00f3n abierta<br \/>\nCapacidad: 15 l<br \/>\nPresi\u00f3n del agua: 6,0 bar (87 psi)<\/p>\n","protected":false},"excerpt":{"rendered":"<p>\u00a1Limpieza instant\u00e1nea en cualquier momento y lugar! Con este pr\u00e1ctico y compacto kit de lavado, podr\u00e1s limpiar sin esfuerzo tu coche, caravana o bicicleta. El&hellip;<\/p>\n","protected":false},"featured_media":28336,"comment_status":"open","ping_status":"closed","template":"","meta":{"_acf_changed":false},"product_brand":[],"product_cat":[332,344,329],"product_tag":[],"class_list":{"0":"post-28520","1":"product","2":"type-product","3":"status-publish","4":"has-post-thumbnail","6":"product_cat-accesorios-para-caravanas","7":"product_cat-articulos-de-cocina-plegables-de-silicona","8":"product_cat-caravana-autocaravana-autobus","10":"first","11":"instock","12":"shipping-taxable","13":"product-type-simple"},"acf":[],"yoast_head":"<!-- This site is optimized with the Yoast SEO plugin v27.3 - https:\/\/yoast.com\/product\/yoast-seo-wordpress\/ -->\n<title>Set de enjuague completo y recargable - Eurotrail | The way we camp!<\/title>\n<meta name=\"description\" content=\"El kit de enjuague incluye un balde de silicona plegable con una bomba compresora recargable integrada y una manguera con boquilla ajustable.\" \/>\n<meta name=\"robots\" content=\"index, follow, max-snippet:-1, max-image-preview:large, max-video-preview:-1\" \/>\n<link rel=\"canonical\" href=\"https:\/\/eurotrail.info\/de\/?post_type=product&p=30753\" \/>\n<meta property=\"og:locale\" content=\"es_ES\" \/>\n<meta property=\"og:type\" content=\"article\" \/>\n<meta property=\"og:title\" content=\"Set de enjuague completo y recargable - Eurotrail | The way we camp!\" \/>\n<meta property=\"og:description\" content=\"El kit de enjuague incluye un balde de silicona plegable con una bomba compresora recargable integrada y una manguera con boquilla ajustable.\" \/>\n<meta property=\"og:url\" content=\"https:\/\/eurotrail.info\/de\/?post_type=product&amp;p=30753\" \/>\n<meta property=\"og:site_name\" content=\"Eurotrail | The way we camp!\" \/>\n<meta property=\"article:modified_time\" content=\"2026-03-25T11:49:32+00:00\" \/>\n<meta property=\"og:image\" content=\"https:\/\/eurotrail.info\/wp\/wp-content\/uploads\/2026\/01\/Afspuitset-1.jpg\" \/>\n\t<meta property=\"og:image:width\" content=\"605\" \/>\n\t<meta property=\"og:image:height\" content=\"481\" \/>\n\t<meta property=\"og:image:type\" content=\"image\/jpeg\" \/>\n<meta name=\"twitter:card\" content=\"summary_large_image\" \/>\n<meta name=\"twitter:label1\" content=\"Tiempo de lectura\" \/>\n\t<meta name=\"twitter:data1\" content=\"2 minutes\" \/>\n<script type=\"application\/ld+json\" class=\"yoast-schema-graph\">{\"@context\":\"https:\\\/\\\/schema.org\",\"@graph\":[{\"@type\":\"WebPage\",\"@id\":\"https:\\\/\\\/eurotrail.info\\\/de\\\/?post_type=product&p=30753\",\"url\":\"https:\\\/\\\/eurotrail.info\\\/de\\\/?post_type=product&p=30753\",\"name\":\"Set de enjuague completo y recargable - Eurotrail | The way we camp!\",\"isPartOf\":{\"@id\":\"https:\\\/\\\/eurotrail.info\\\/#website\"},\"primaryImageOfPage\":{\"@id\":\"https:\\\/\\\/eurotrail.info\\\/de\\\/?post_type=product&p=30753#primaryimage\"},\"image\":{\"@id\":\"https:\\\/\\\/eurotrail.info\\\/de\\\/?post_type=product&p=30753#primaryimage\"},\"thumbnailUrl\":\"https:\\\/\\\/eurotrail.info\\\/wp\\\/wp-content\\\/uploads\\\/2026\\\/01\\\/Afspuitset-1.jpg\",\"datePublished\":\"2026-01-07T13:30:41+00:00\",\"dateModified\":\"2026-03-25T11:49:32+00:00\",\"description\":\"El kit de enjuague incluye un balde de silicona plegable con una bomba compresora recargable integrada y una manguera con boquilla ajustable.\",\"breadcrumb\":{\"@id\":\"https:\\\/\\\/eurotrail.info\\\/de\\\/?post_type=product&p=30753#breadcrumb\"},\"inLanguage\":\"es-ES\",\"potentialAction\":[{\"@type\":\"ReadAction\",\"target\":[\"https:\\\/\\\/eurotrail.info\\\/de\\\/?post_type=product&p=30753\"]}]},{\"@type\":\"ImageObject\",\"inLanguage\":\"es-ES\",\"@id\":\"https:\\\/\\\/eurotrail.info\\\/de\\\/?post_type=product&p=30753#primaryimage\",\"url\":\"https:\\\/\\\/eurotrail.info\\\/wp\\\/wp-content\\\/uploads\\\/2026\\\/01\\\/Afspuitset-1.jpg\",\"contentUrl\":\"https:\\\/\\\/eurotrail.info\\\/wp\\\/wp-content\\\/uploads\\\/2026\\\/01\\\/Afspuitset-1.jpg\",\"width\":605,\"height\":481},{\"@type\":\"BreadcrumbList\",\"@id\":\"https:\\\/\\\/eurotrail.info\\\/de\\\/?post_type=product&p=30753#breadcrumb\",\"itemListElement\":[{\"@type\":\"ListItem\",\"position\":1,\"name\":\"Home\",\"item\":\"https:\\\/\\\/eurotrail.info\\\/es\\\/\"},{\"@type\":\"ListItem\",\"position\":2,\"name\":\"Productos\",\"item\":\"https:\\\/\\\/eurotrail.info\\\/es\\\/productos\\\/\"},{\"@type\":\"ListItem\",\"position\":3,\"name\":\"Set de enjuague completo y recargable\"}]},{\"@type\":\"WebSite\",\"@id\":\"https:\\\/\\\/eurotrail.info\\\/#website\",\"url\":\"https:\\\/\\\/eurotrail.info\\\/\",\"name\":\"Eurotrail | The way we camp!\",\"description\":\"\",\"publisher\":{\"@id\":\"https:\\\/\\\/eurotrail.info\\\/#organization\"},\"potentialAction\":[{\"@type\":\"SearchAction\",\"target\":{\"@type\":\"EntryPoint\",\"urlTemplate\":\"https:\\\/\\\/eurotrail.info\\\/?s={search_term_string}\"},\"query-input\":{\"@type\":\"PropertyValueSpecification\",\"valueRequired\":true,\"valueName\":\"search_term_string\"}}],\"inLanguage\":\"es-ES\"},{\"@type\":\"Organization\",\"@id\":\"https:\\\/\\\/eurotrail.info\\\/#organization\",\"name\":\"Eurotrail | The way we camp!\",\"url\":\"https:\\\/\\\/eurotrail.info\\\/\",\"logo\":{\"@type\":\"ImageObject\",\"inLanguage\":\"es-ES\",\"@id\":\"https:\\\/\\\/eurotrail.info\\\/#\\\/schema\\\/logo\\\/image\\\/\",\"url\":\"https:\\\/\\\/eurotrail.info\\\/wp\\\/wp-content\\\/uploads\\\/2023\\\/07\\\/ET-logo-quote_NL-scaled.jpg\",\"contentUrl\":\"https:\\\/\\\/eurotrail.info\\\/wp\\\/wp-content\\\/uploads\\\/2023\\\/07\\\/ET-logo-quote_NL-scaled.jpg\",\"width\":2560,\"height\":675,\"caption\":\"Eurotrail | The way we camp!\"},\"image\":{\"@id\":\"https:\\\/\\\/eurotrail.info\\\/#\\\/schema\\\/logo\\\/image\\\/\"}}]}<\/script>\n<!-- \/ Yoast SEO plugin. -->","yoast_head_json":{"title":"Set de enjuague completo y recargable - Eurotrail | The way we camp!","description":"El kit de enjuague incluye un balde de silicona plegable con una bomba compresora recargable integrada y una manguera con boquilla ajustable.","robots":{"index":"index","follow":"follow","max-snippet":"max-snippet:-1","max-image-preview":"max-image-preview:large","max-video-preview":"max-video-preview:-1"},"canonical":"https:\/\/eurotrail.info\/de\/?post_type=product&p=30753","og_locale":"es_ES","og_type":"article","og_title":"Set de enjuague completo y recargable - Eurotrail | The way we camp!","og_description":"El kit de enjuague incluye un balde de silicona plegable con una bomba compresora recargable integrada y una manguera con boquilla ajustable.","og_url":"https:\/\/eurotrail.info\/de\/?post_type=product&p=30753","og_site_name":"Eurotrail | The way we camp!","article_modified_time":"2026-03-25T11:49:32+00:00","og_image":[{"width":605,"height":481,"url":"https:\/\/eurotrail.info\/wp\/wp-content\/uploads\/2026\/01\/Afspuitset-1.jpg","type":"image\/jpeg"}],"twitter_card":"summary_large_image","twitter_misc":{"Tiempo de lectura":"2 minutes"},"schema":{"@context":"https:\/\/schema.org","@graph":[{"@type":"WebPage","@id":"https:\/\/eurotrail.info\/de\/?post_type=product&p=30753","url":"https:\/\/eurotrail.info\/de\/?post_type=product&p=30753","name":"Set de enjuague completo y recargable - Eurotrail | The way we camp!","isPartOf":{"@id":"https:\/\/eurotrail.info\/#website"},"primaryImageOfPage":{"@id":"https:\/\/eurotrail.info\/de\/?post_type=product&p=30753#primaryimage"},"image":{"@id":"https:\/\/eurotrail.info\/de\/?post_type=product&p=30753#primaryimage"},"thumbnailUrl":"https:\/\/eurotrail.info\/wp\/wp-content\/uploads\/2026\/01\/Afspuitset-1.jpg","datePublished":"2026-01-07T13:30:41+00:00","dateModified":"2026-03-25T11:49:32+00:00","description":"El kit de enjuague incluye un balde de silicona plegable con una bomba compresora recargable integrada y una manguera con boquilla ajustable.","breadcrumb":{"@id":"https:\/\/eurotrail.info\/de\/?post_type=product&p=30753#breadcrumb"},"inLanguage":"es-ES","potentialAction":[{"@type":"ReadAction","target":["https:\/\/eurotrail.info\/de\/?post_type=product&p=30753"]}]},{"@type":"ImageObject","inLanguage":"es-ES","@id":"https:\/\/eurotrail.info\/de\/?post_type=product&p=30753#primaryimage","url":"https:\/\/eurotrail.info\/wp\/wp-content\/uploads\/2026\/01\/Afspuitset-1.jpg","contentUrl":"https:\/\/eurotrail.info\/wp\/wp-content\/uploads\/2026\/01\/Afspuitset-1.jpg","width":605,"height":481},{"@type":"BreadcrumbList","@id":"https:\/\/eurotrail.info\/de\/?post_type=product&p=30753#breadcrumb","itemListElement":[{"@type":"ListItem","position":1,"name":"Home","item":"https:\/\/eurotrail.info\/es\/"},{"@type":"ListItem","position":2,"name":"Productos","item":"https:\/\/eurotrail.info\/es\/productos\/"},{"@type":"ListItem","position":3,"name":"Set de enjuague completo y recargable"}]},{"@type":"WebSite","@id":"https:\/\/eurotrail.info\/#website","url":"https:\/\/eurotrail.info\/","name":"Eurotrail | The way we camp!","description":"","publisher":{"@id":"https:\/\/eurotrail.info\/#organization"},"potentialAction":[{"@type":"SearchAction","target":{"@type":"EntryPoint","urlTemplate":"https:\/\/eurotrail.info\/?s={search_term_string}"},"query-input":{"@type":"PropertyValueSpecification","valueRequired":true,"valueName":"search_term_string"}}],"inLanguage":"es-ES"},{"@type":"Organization","@id":"https:\/\/eurotrail.info\/#organization","name":"Eurotrail | The way we camp!","url":"https:\/\/eurotrail.info\/","logo":{"@type":"ImageObject","inLanguage":"es-ES","@id":"https:\/\/eurotrail.info\/#\/schema\/logo\/image\/","url":"https:\/\/eurotrail.info\/wp\/wp-content\/uploads\/2023\/07\/ET-logo-quote_NL-scaled.jpg","contentUrl":"https:\/\/eurotrail.info\/wp\/wp-content\/uploads\/2023\/07\/ET-logo-quote_NL-scaled.jpg","width":2560,"height":675,"caption":"Eurotrail | The way we camp!"},"image":{"@id":"https:\/\/eurotrail.info\/#\/schema\/logo\/image\/"}}]}},"_links":{"self":[{"href":"https:\/\/eurotrail.info\/es\/wp-json\/wp\/v2\/product\/28520","targetHints":{"allow":["GET"]}}],"collection":[{"href":"https:\/\/eurotrail.info\/es\/wp-json\/wp\/v2\/product"}],"about":[{"href":"https:\/\/eurotrail.info\/es\/wp-json\/wp\/v2\/types\/product"}],"replies":[{"embeddable":true,"href":"https:\/\/eurotrail.info\/es\/wp-json\/wp\/v2\/comments?post=28520"}],"wp:featuredmedia":[{"embeddable":true,"href":"https:\/\/eurotrail.info\/es\/wp-json\/wp\/v2\/media\/28336"}],"wp:attachment":[{"href":"https:\/\/eurotrail.info\/es\/wp-json\/wp\/v2\/media?parent=28520"}],"wp:term":[{"taxonomy":"product_brand","embeddable":true,"href":"https:\/\/eurotrail.info\/es\/wp-json\/wp\/v2\/product_brand?post=28520"},{"taxonomy":"product_cat","embeddable":true,"href":"https:\/\/eurotrail.info\/es\/wp-json\/wp\/v2\/product_cat?post=28520"},{"taxonomy":"product_tag","embeddable":true,"href":"https:\/\/eurotrail.info\/es\/wp-json\/wp\/v2\/product_tag?post=28520"}],"curies":[{"name":"wp","href":"https:\/\/api.w.org\/{rel}","templated":true}]}}