{"id":28531,"date":"2026-01-07T13:33:52","date_gmt":"2026-01-07T12:33:52","guid":{"rendered":"https:\/\/eurotrail.info\/?post_type=product&#038;p=28531"},"modified":"2026-03-19T12:51:34","modified_gmt":"2026-03-19T11:51:34","slug":"string-lampara-de-camping-linterna","status":"publish","type":"product","link":"https:\/\/eurotrail.info\/es\/producten\/alivio\/string-lampara-de-camping-linterna\/","title":{"rendered":"String \u2013 L\u00e1mpara de camping\/linterna"},"content":{"rendered":"<div class=\"Y3BBE\" data-sfc-cp=\"\" data-hveid=\"CAEIAxAA\" data-processed=\"true\" data-complete=\"true\"><strong class=\"Yjhzub\" data-complete=\"true\" data-processed=\"true\">Luz de camping recargable compacta con l\u00e1mpara espiral y funci\u00f3n de bater\u00eda externa (power bank).<\/strong><span class=\"uJ19be notranslate\" data-wiz-uids=\"ITcgne_m,ITcgne_n\" data-complete=\"true\" data-processed=\"true\"><span class=\"vKEkVd\" data-animation-atomic=\"\" data-wiz-attrbind=\"class=ITcgne_l\/TKHnVd\" data-sae=\"\">\u00a0<button class=\"rBl3me\" tabindex=\"0\" data-amic=\"true\" data-icl-uuid=\"3a38019a-ab34-4da2-8249-6a183ff19133\" aria-label=\"View related links\" data-wiz-attrbind=\"disabled=ITcgne_l\/C5gNJc;class=ITcgne_l\/UpSNec\" data-ved=\"2ahUKEwj21YDG0PuRAxXYxgIHHbu3IFgQye0OegYIAQgDEAE\"><\/button><\/span><\/span><\/div>\n<div data-sfc-cp=\"\" data-hveid=\"CAEIBBAA\" data-processed=\"true\" data-complete=\"true\"><\/div>\n<div class=\"Y3BBE\" data-sfc-cp=\"\" data-hveid=\"CAEIBBAA\" data-processed=\"true\" data-complete=\"true\">Esta luz de camping compacta y recargable es una soluci\u00f3n inteligente y elegante para cualquier lugar de acampada. La original fuente de luz en espiral proporciona un efecto atmosf\u00e9rico y permite elegir f\u00e1cilmente entre luz c\u00e1lida, luz blanca o una combinaci\u00f3n de ambas, completamente ajustable a tu gusto con la funci\u00f3n de atenuaci\u00f3n (dimmer).<span class=\"uJ19be notranslate\" data-wiz-uids=\"ITcgne_q,ITcgne_r\" data-complete=\"true\" data-processed=\"true\"><span class=\"vKEkVd\" data-animation-atomic=\"\" data-wiz-attrbind=\"class=ITcgne_p\/TKHnVd\" data-sae=\"\">\u00a0<button class=\"rBl3me\" tabindex=\"0\" data-amic=\"true\" data-icl-uuid=\"d8ba6138-8b58-4242-82da-72e4a95b179d\" aria-label=\"View related links\" data-wiz-attrbind=\"disabled=ITcgne_p\/C5gNJc;class=ITcgne_p\/UpSNec\" data-ved=\"2ahUKEwj21YDG0PuRAxXYxgIHHbu3IFgQye0OegYIAQgEEAE\"><\/button><\/span><\/span><\/div>\n<div class=\"Y3BBE\" data-sfc-cp=\"\" data-hveid=\"CAEIBRAA\" data-processed=\"true\" data-complete=\"true\">Utiliza la luz como iluminaci\u00f3n ambiental o como linterna. Gracias al cord\u00f3n suministrado, puedes colgarla en cualquier lugar: en la tienda de campa\u00f1a, el toldo o en una rama. Est\u00e1 equipada con un indicador de alimentaci\u00f3n claro y una pr\u00e1ctica funci\u00f3n de bater\u00eda externa para cargar tu tel\u00e9fono u otros dispositivos.<span class=\"uJ19be notranslate\" data-wiz-uids=\"ITcgne_u,ITcgne_v\" data-complete=\"true\" data-processed=\"true\"><span class=\"vKEkVd\" data-animation-atomic=\"\" data-wiz-attrbind=\"class=ITcgne_t\/TKHnVd\" data-sae=\"\">\u00a0<button class=\"rBl3me\" tabindex=\"0\" data-amic=\"true\" data-icl-uuid=\"34b5a21a-d655-4596-93e8-8b1fe34e35a5\" aria-label=\"View related links\" data-wiz-attrbind=\"disabled=ITcgne_t\/C5gNJc;class=ITcgne_t\/UpSNec\" data-ved=\"2ahUKEwj21YDG0PuRAxXYxgIHHbu3IFgQye0OegYIAQgFEAE\"><\/button><\/span><\/span><\/div>\n<div class=\"Y3BBE\" data-sfc-cp=\"\" data-hveid=\"CAEIBhAA\" data-processed=\"true\" data-complete=\"true\">\u00a1Ideal para usar en la tienda (lateral) o de viaje!<button class=\"rBl3me\" tabindex=\"0\" data-amic=\"true\" data-icl-uuid=\"c52311f2-21de-46d5-bb98-9c8624f4554a\" aria-label=\"View related links\" data-wiz-attrbind=\"disabled=ITcgne_x\/C5gNJc;class=ITcgne_x\/UpSNec\" data-ved=\"2ahUKEwj21YDG0PuRAxXYxgIHHbu3IFgQye0OegYIAQgGEAE\"><\/button><\/div>\n<div data-sfc-cp=\"\" data-hveid=\"CAEICRAA\" data-complete=\"true\" data-processed=\"true\"><\/div>\n<div class=\"Y3BBE\" data-sfc-cp=\"\" data-hveid=\"CAEICRAA\" data-complete=\"true\" data-processed=\"true\"><strong class=\"Yjhzub\" data-complete=\"true\" data-processed=\"true\">Material:<\/strong>\u00a0ABS + PC, IPX3<br data-serialized-params=\"[]\" data-complete=\"true\" data-processed=\"true\" \/><strong class=\"Yjhzub\" data-complete=\"true\" data-processed=\"true\">LED:<\/strong>\u00a0Soft COB 180 Lm, + XPG 220 Lm<br data-serialized-params=\"[]\" data-complete=\"true\" data-processed=\"true\" \/><strong class=\"Yjhzub\" data-complete=\"true\" data-processed=\"true\">Tama\u00f1o:<\/strong>\u00a011,5 x \u00d8 5,9 cm<br data-serialized-params=\"[]\" data-complete=\"true\" data-processed=\"true\" \/><strong class=\"Yjhzub\" data-complete=\"true\" data-processed=\"true\">Peso:<\/strong>\u00a0158 gr.<br data-serialized-params=\"[]\" data-complete=\"true\" data-processed=\"true\" \/><strong class=\"Yjhzub\" data-complete=\"true\" data-processed=\"true\">Potencia:<\/strong>\u00a0DC 5V 1A (m\u00e1x.), 4W<br data-serialized-params=\"[]\" data-complete=\"true\" data-processed=\"true\" \/><strong class=\"Yjhzub\" data-complete=\"true\" data-processed=\"true\">Bater\u00eda:<\/strong>\u00a01500 mAh 18650<br data-serialized-params=\"[]\" data-complete=\"true\" data-processed=\"true\" \/><strong class=\"Yjhzub\" data-complete=\"true\" data-processed=\"true\">Duraci\u00f3n de uso:<\/strong>\u00a0Soft COB 4 hrs, XPG 9 hrs.<br data-serialized-params=\"[]\" data-complete=\"true\" data-processed=\"true\" \/><strong class=\"Yjhzub\" data-complete=\"true\" data-processed=\"true\">Cargador:<\/strong>\u00a04 hrs 5V, 1A tipo C<br data-serialized-params=\"[]\" data-complete=\"true\" data-processed=\"true\" \/><strong class=\"Yjhzub\" data-complete=\"true\" data-processed=\"true\">Bater\u00eda externa:<\/strong>\u00a0Salida USB para tel\u00e9fono m\u00f3vil<span class=\"uJ19be notranslate\" data-wiz-uids=\"ITcgne_27,ITcgne_28\" data-complete=\"true\" data-processed=\"true\"><span class=\"vKEkVd\" data-animation-atomic=\"\" data-wiz-attrbind=\"class=ITcgne_26\/TKHnVd\" data-sae=\"\">\u00a0<\/span><\/span><\/div>\n","protected":false},"excerpt":{"rendered":"<p>Luz de camping recargable compacta con l\u00e1mpara espiral y funci\u00f3n de bater\u00eda externa (power bank).\u00a0 Esta luz de camping compacta y recargable es una soluci\u00f3n&hellip;<\/p>\n","protected":false},"featured_media":28279,"comment_status":"open","ping_status":"closed","template":"","meta":{"_acf_changed":false},"product_brand":[],"product_cat":[379],"product_tag":[],"class_list":{"0":"post-28531","1":"product","2":"type-product","3":"status-publish","4":"has-post-thumbnail","6":"product_cat-alivio","8":"first","9":"instock","10":"shipping-taxable","11":"product-type-simple"},"acf":[],"yoast_head":"<!-- This site is optimized with the Yoast SEO plugin v27.3 - https:\/\/yoast.com\/product\/yoast-seo-wordpress\/ -->\n<title>String \u2013 L\u00e1mpara de camping\/linterna - Eurotrail | The way we camp!<\/title>\n<meta name=\"description\" content=\"Esta luz de camping compacta y recargable es una soluci\u00f3n inteligente y elegante para cualquier lugar de acampada.\" \/>\n<meta name=\"robots\" content=\"index, follow, max-snippet:-1, max-image-preview:large, max-video-preview:-1\" \/>\n<link rel=\"canonical\" href=\"https:\/\/eurotrail.info\/es\/producten\/alivio\/string-lampara-de-camping-linterna\/\" \/>\n<meta property=\"og:locale\" content=\"es_ES\" \/>\n<meta property=\"og:type\" content=\"article\" \/>\n<meta property=\"og:title\" content=\"String \u2013 L\u00e1mpara de camping\/linterna - Eurotrail | The way we camp!\" \/>\n<meta property=\"og:description\" content=\"Esta luz de camping compacta y recargable es una soluci\u00f3n inteligente y elegante para cualquier lugar de acampada.\" \/>\n<meta property=\"og:url\" content=\"https:\/\/eurotrail.info\/es\/producten\/alivio\/string-lampara-de-camping-linterna\/\" \/>\n<meta property=\"og:site_name\" content=\"Eurotrail | The way we camp!\" \/>\n<meta property=\"article:modified_time\" content=\"2026-03-19T11:51:34+00:00\" \/>\n<meta property=\"og:image\" content=\"https:\/\/eurotrail.info\/wp\/wp-content\/uploads\/2026\/01\/ETLT1251_STRING-Zaklampje.jpg\" \/>\n\t<meta property=\"og:image:width\" content=\"1781\" \/>\n\t<meta property=\"og:image:height\" content=\"2189\" \/>\n\t<meta property=\"og:image:type\" content=\"image\/jpeg\" \/>\n<meta name=\"twitter:card\" content=\"summary_large_image\" \/>\n<meta name=\"twitter:label1\" content=\"Tiempo de lectura\" \/>\n\t<meta name=\"twitter:data1\" content=\"2 minutes\" \/>\n<script type=\"application\/ld+json\" class=\"yoast-schema-graph\">{\"@context\":\"https:\\\/\\\/schema.org\",\"@graph\":[{\"@type\":\"WebPage\",\"@id\":\"https:\\\/\\\/eurotrail.info\\\/es\\\/producten\\\/alivio\\\/string-lampara-de-camping-linterna\\\/\",\"url\":\"https:\\\/\\\/eurotrail.info\\\/es\\\/producten\\\/alivio\\\/string-lampara-de-camping-linterna\\\/\",\"name\":\"String \u2013 L\u00e1mpara de camping\\\/linterna - Eurotrail | The way we camp!\",\"isPartOf\":{\"@id\":\"https:\\\/\\\/eurotrail.info\\\/#website\"},\"primaryImageOfPage\":{\"@id\":\"https:\\\/\\\/eurotrail.info\\\/es\\\/producten\\\/alivio\\\/string-lampara-de-camping-linterna\\\/#primaryimage\"},\"image\":{\"@id\":\"https:\\\/\\\/eurotrail.info\\\/es\\\/producten\\\/alivio\\\/string-lampara-de-camping-linterna\\\/#primaryimage\"},\"thumbnailUrl\":\"https:\\\/\\\/eurotrail.info\\\/wp\\\/wp-content\\\/uploads\\\/2026\\\/01\\\/ETLT1251_STRING-Zaklampje.jpg\",\"datePublished\":\"2026-01-07T12:33:52+00:00\",\"dateModified\":\"2026-03-19T11:51:34+00:00\",\"description\":\"Esta luz de camping compacta y recargable es una soluci\u00f3n inteligente y elegante para cualquier lugar de acampada.\",\"breadcrumb\":{\"@id\":\"https:\\\/\\\/eurotrail.info\\\/es\\\/producten\\\/alivio\\\/string-lampara-de-camping-linterna\\\/#breadcrumb\"},\"inLanguage\":\"es-ES\",\"potentialAction\":[{\"@type\":\"ReadAction\",\"target\":[\"https:\\\/\\\/eurotrail.info\\\/es\\\/producten\\\/alivio\\\/string-lampara-de-camping-linterna\\\/\"]}]},{\"@type\":\"ImageObject\",\"inLanguage\":\"es-ES\",\"@id\":\"https:\\\/\\\/eurotrail.info\\\/es\\\/producten\\\/alivio\\\/string-lampara-de-camping-linterna\\\/#primaryimage\",\"url\":\"https:\\\/\\\/eurotrail.info\\\/wp\\\/wp-content\\\/uploads\\\/2026\\\/01\\\/ETLT1251_STRING-Zaklampje.jpg\",\"contentUrl\":\"https:\\\/\\\/eurotrail.info\\\/wp\\\/wp-content\\\/uploads\\\/2026\\\/01\\\/ETLT1251_STRING-Zaklampje.jpg\",\"width\":1781,\"height\":2189},{\"@type\":\"BreadcrumbList\",\"@id\":\"https:\\\/\\\/eurotrail.info\\\/es\\\/producten\\\/alivio\\\/string-lampara-de-camping-linterna\\\/#breadcrumb\",\"itemListElement\":[{\"@type\":\"ListItem\",\"position\":1,\"name\":\"Home\",\"item\":\"https:\\\/\\\/eurotrail.info\\\/es\\\/\"},{\"@type\":\"ListItem\",\"position\":2,\"name\":\"Productos\",\"item\":\"https:\\\/\\\/eurotrail.info\\\/es\\\/productos\\\/\"},{\"@type\":\"ListItem\",\"position\":3,\"name\":\"String \u2013 L\u00e1mpara de camping\\\/linterna\"}]},{\"@type\":\"WebSite\",\"@id\":\"https:\\\/\\\/eurotrail.info\\\/#website\",\"url\":\"https:\\\/\\\/eurotrail.info\\\/\",\"name\":\"Eurotrail | The way we camp!\",\"description\":\"\",\"publisher\":{\"@id\":\"https:\\\/\\\/eurotrail.info\\\/#organization\"},\"potentialAction\":[{\"@type\":\"SearchAction\",\"target\":{\"@type\":\"EntryPoint\",\"urlTemplate\":\"https:\\\/\\\/eurotrail.info\\\/?s={search_term_string}\"},\"query-input\":{\"@type\":\"PropertyValueSpecification\",\"valueRequired\":true,\"valueName\":\"search_term_string\"}}],\"inLanguage\":\"es-ES\"},{\"@type\":\"Organization\",\"@id\":\"https:\\\/\\\/eurotrail.info\\\/#organization\",\"name\":\"Eurotrail | The way we camp!\",\"url\":\"https:\\\/\\\/eurotrail.info\\\/\",\"logo\":{\"@type\":\"ImageObject\",\"inLanguage\":\"es-ES\",\"@id\":\"https:\\\/\\\/eurotrail.info\\\/#\\\/schema\\\/logo\\\/image\\\/\",\"url\":\"https:\\\/\\\/eurotrail.info\\\/wp\\\/wp-content\\\/uploads\\\/2023\\\/07\\\/ET-logo-quote_NL-scaled.jpg\",\"contentUrl\":\"https:\\\/\\\/eurotrail.info\\\/wp\\\/wp-content\\\/uploads\\\/2023\\\/07\\\/ET-logo-quote_NL-scaled.jpg\",\"width\":2560,\"height\":675,\"caption\":\"Eurotrail | The way we camp!\"},\"image\":{\"@id\":\"https:\\\/\\\/eurotrail.info\\\/#\\\/schema\\\/logo\\\/image\\\/\"}}]}<\/script>\n<!-- \/ Yoast SEO plugin. -->","yoast_head_json":{"title":"String \u2013 L\u00e1mpara de camping\/linterna - Eurotrail | The way we camp!","description":"Esta luz de camping compacta y recargable es una soluci\u00f3n inteligente y elegante para cualquier lugar de acampada.","robots":{"index":"index","follow":"follow","max-snippet":"max-snippet:-1","max-image-preview":"max-image-preview:large","max-video-preview":"max-video-preview:-1"},"canonical":"https:\/\/eurotrail.info\/es\/producten\/alivio\/string-lampara-de-camping-linterna\/","og_locale":"es_ES","og_type":"article","og_title":"String \u2013 L\u00e1mpara de camping\/linterna - Eurotrail | The way we camp!","og_description":"Esta luz de camping compacta y recargable es una soluci\u00f3n inteligente y elegante para cualquier lugar de acampada.","og_url":"https:\/\/eurotrail.info\/es\/producten\/alivio\/string-lampara-de-camping-linterna\/","og_site_name":"Eurotrail | The way we camp!","article_modified_time":"2026-03-19T11:51:34+00:00","og_image":[{"width":1781,"height":2189,"url":"https:\/\/eurotrail.info\/wp\/wp-content\/uploads\/2026\/01\/ETLT1251_STRING-Zaklampje.jpg","type":"image\/jpeg"}],"twitter_card":"summary_large_image","twitter_misc":{"Tiempo de lectura":"2 minutes"},"schema":{"@context":"https:\/\/schema.org","@graph":[{"@type":"WebPage","@id":"https:\/\/eurotrail.info\/es\/producten\/alivio\/string-lampara-de-camping-linterna\/","url":"https:\/\/eurotrail.info\/es\/producten\/alivio\/string-lampara-de-camping-linterna\/","name":"String \u2013 L\u00e1mpara de camping\/linterna - Eurotrail | The way we camp!","isPartOf":{"@id":"https:\/\/eurotrail.info\/#website"},"primaryImageOfPage":{"@id":"https:\/\/eurotrail.info\/es\/producten\/alivio\/string-lampara-de-camping-linterna\/#primaryimage"},"image":{"@id":"https:\/\/eurotrail.info\/es\/producten\/alivio\/string-lampara-de-camping-linterna\/#primaryimage"},"thumbnailUrl":"https:\/\/eurotrail.info\/wp\/wp-content\/uploads\/2026\/01\/ETLT1251_STRING-Zaklampje.jpg","datePublished":"2026-01-07T12:33:52+00:00","dateModified":"2026-03-19T11:51:34+00:00","description":"Esta luz de camping compacta y recargable es una soluci\u00f3n inteligente y elegante para cualquier lugar de acampada.","breadcrumb":{"@id":"https:\/\/eurotrail.info\/es\/producten\/alivio\/string-lampara-de-camping-linterna\/#breadcrumb"},"inLanguage":"es-ES","potentialAction":[{"@type":"ReadAction","target":["https:\/\/eurotrail.info\/es\/producten\/alivio\/string-lampara-de-camping-linterna\/"]}]},{"@type":"ImageObject","inLanguage":"es-ES","@id":"https:\/\/eurotrail.info\/es\/producten\/alivio\/string-lampara-de-camping-linterna\/#primaryimage","url":"https:\/\/eurotrail.info\/wp\/wp-content\/uploads\/2026\/01\/ETLT1251_STRING-Zaklampje.jpg","contentUrl":"https:\/\/eurotrail.info\/wp\/wp-content\/uploads\/2026\/01\/ETLT1251_STRING-Zaklampje.jpg","width":1781,"height":2189},{"@type":"BreadcrumbList","@id":"https:\/\/eurotrail.info\/es\/producten\/alivio\/string-lampara-de-camping-linterna\/#breadcrumb","itemListElement":[{"@type":"ListItem","position":1,"name":"Home","item":"https:\/\/eurotrail.info\/es\/"},{"@type":"ListItem","position":2,"name":"Productos","item":"https:\/\/eurotrail.info\/es\/productos\/"},{"@type":"ListItem","position":3,"name":"String \u2013 L\u00e1mpara de camping\/linterna"}]},{"@type":"WebSite","@id":"https:\/\/eurotrail.info\/#website","url":"https:\/\/eurotrail.info\/","name":"Eurotrail | The way we camp!","description":"","publisher":{"@id":"https:\/\/eurotrail.info\/#organization"},"potentialAction":[{"@type":"SearchAction","target":{"@type":"EntryPoint","urlTemplate":"https:\/\/eurotrail.info\/?s={search_term_string}"},"query-input":{"@type":"PropertyValueSpecification","valueRequired":true,"valueName":"search_term_string"}}],"inLanguage":"es-ES"},{"@type":"Organization","@id":"https:\/\/eurotrail.info\/#organization","name":"Eurotrail | The way we camp!","url":"https:\/\/eurotrail.info\/","logo":{"@type":"ImageObject","inLanguage":"es-ES","@id":"https:\/\/eurotrail.info\/#\/schema\/logo\/image\/","url":"https:\/\/eurotrail.info\/wp\/wp-content\/uploads\/2023\/07\/ET-logo-quote_NL-scaled.jpg","contentUrl":"https:\/\/eurotrail.info\/wp\/wp-content\/uploads\/2023\/07\/ET-logo-quote_NL-scaled.jpg","width":2560,"height":675,"caption":"Eurotrail | The way we camp!"},"image":{"@id":"https:\/\/eurotrail.info\/#\/schema\/logo\/image\/"}}]}},"_links":{"self":[{"href":"https:\/\/eurotrail.info\/es\/wp-json\/wp\/v2\/product\/28531","targetHints":{"allow":["GET"]}}],"collection":[{"href":"https:\/\/eurotrail.info\/es\/wp-json\/wp\/v2\/product"}],"about":[{"href":"https:\/\/eurotrail.info\/es\/wp-json\/wp\/v2\/types\/product"}],"replies":[{"embeddable":true,"href":"https:\/\/eurotrail.info\/es\/wp-json\/wp\/v2\/comments?post=28531"}],"wp:featuredmedia":[{"embeddable":true,"href":"https:\/\/eurotrail.info\/es\/wp-json\/wp\/v2\/media\/28279"}],"wp:attachment":[{"href":"https:\/\/eurotrail.info\/es\/wp-json\/wp\/v2\/media?parent=28531"}],"wp:term":[{"taxonomy":"product_brand","embeddable":true,"href":"https:\/\/eurotrail.info\/es\/wp-json\/wp\/v2\/product_brand?post=28531"},{"taxonomy":"product_cat","embeddable":true,"href":"https:\/\/eurotrail.info\/es\/wp-json\/wp\/v2\/product_cat?post=28531"},{"taxonomy":"product_tag","embeddable":true,"href":"https:\/\/eurotrail.info\/es\/wp-json\/wp\/v2\/product_tag?post=28531"}],"curies":[{"name":"wp","href":"https:\/\/api.w.org\/{rel}","templated":true}]}}