{"id":28541,"date":"2026-01-07T13:25:39","date_gmt":"2026-01-07T12:25:39","guid":{"rendered":"https:\/\/eurotrail.info\/?post_type=product&#038;p=28541"},"modified":"2026-03-19T15:24:13","modified_gmt":"2026-03-19T14:24:13","slug":"tivo-lampara-de-camping-recargable","status":"publish","type":"product","link":"https:\/\/eurotrail.info\/es\/producten\/alivio\/tivo-lampara-de-camping-recargable\/","title":{"rendered":"Tivo \u2013 L\u00e1mpara de camping recargable"},"content":{"rendered":"<p>Esta elegante l\u00e1mpara recargable destaca por su estructura de hierro y su distintiva pantalla. Usa el bot\u00f3n giratorio en la parte superior para cambiar f\u00e1cilmente entre luz c\u00e1lida y blanca, y regular la intensidad de la luz seg\u00fan tus necesidades. Es recargable y est\u00e1 disponible en negro o marfil. Su pr\u00e1ctico soporte facilita su colgado, adem\u00e1s de colocarla de forma segura y atractiva sobre una mesa.<\/p>\n<p>Material: ABS + Hierro + PC<br \/>\nLED: 6 LED blanco fr\u00edo + 2 LED c\u00e1lidos<br \/>\nL\u00famenes: m\u00e1x. 200 lm<br \/>\nTama\u00f1o: 14 x \u00d8 9,8 cm<br \/>\nPeso: 239 g<br \/>\nBater\u00eda: 2000 mAh 18650<br \/>\nAutonom\u00eda: 3-40 h<br \/>\nCargador: 3-4 h, 5 V, tipo C<br \/>\nFunci\u00f3n: Rotar luz c\u00e1lida-luz fr\u00eda-c\u00e1lida+fr\u00eda<\/p>\n","protected":false},"excerpt":{"rendered":"<p>Esta elegante l\u00e1mpara recargable destaca por su estructura de hierro y su distintiva pantalla. Usa el bot\u00f3n giratorio en la parte superior para cambiar f\u00e1cilmente&hellip;<\/p>\n","protected":false},"featured_media":28252,"comment_status":"open","ping_status":"closed","template":"","meta":{"_acf_changed":false},"product_brand":[],"product_cat":[379],"product_tag":[],"class_list":{"0":"post-28541","1":"product","2":"type-product","3":"status-publish","4":"has-post-thumbnail","6":"product_cat-alivio","8":"first","9":"instock","10":"shipping-taxable","11":"product-type-simple"},"acf":[],"yoast_head":"<!-- This site is optimized with the Yoast SEO plugin v27.3 - https:\/\/yoast.com\/product\/yoast-seo-wordpress\/ -->\n<title>Tivo \u2013 L\u00e1mpara de camping recargable - Eurotrail | The way we camp!<\/title>\n<meta name=\"description\" content=\"Esta elegante l\u00e1mpara recargable destaca por su estructura de hierro y su distintiva pantalla\" \/>\n<meta name=\"robots\" content=\"index, follow, max-snippet:-1, max-image-preview:large, max-video-preview:-1\" \/>\n<link rel=\"canonical\" href=\"https:\/\/eurotrail.info\/es\/producten\/alivio\/tivo-lampara-de-camping-recargable\/\" \/>\n<meta property=\"og:locale\" content=\"es_ES\" \/>\n<meta property=\"og:type\" content=\"article\" \/>\n<meta property=\"og:title\" content=\"Tivo \u2013 L\u00e1mpara de camping recargable - Eurotrail | The way we camp!\" \/>\n<meta property=\"og:description\" content=\"Esta elegante l\u00e1mpara recargable destaca por su estructura de hierro y su distintiva pantalla\" \/>\n<meta property=\"og:url\" content=\"https:\/\/eurotrail.info\/es\/producten\/alivio\/tivo-lampara-de-camping-recargable\/\" \/>\n<meta property=\"og:site_name\" content=\"Eurotrail | The way we camp!\" \/>\n<meta property=\"article:modified_time\" content=\"2026-03-19T14:24:13+00:00\" \/>\n<meta property=\"og:image\" content=\"https:\/\/eurotrail.info\/wp\/wp-content\/uploads\/2026\/01\/bolletje-zand-1-scaled.jpg\" \/>\n\t<meta property=\"og:image:width\" content=\"1565\" \/>\n\t<meta property=\"og:image:height\" content=\"2560\" \/>\n\t<meta property=\"og:image:type\" content=\"image\/jpeg\" \/>\n<meta name=\"twitter:card\" content=\"summary_large_image\" \/>\n<meta name=\"twitter:label1\" content=\"Tiempo de lectura\" \/>\n\t<meta name=\"twitter:data1\" content=\"1 minute\" \/>\n<script type=\"application\/ld+json\" class=\"yoast-schema-graph\">{\"@context\":\"https:\\\/\\\/schema.org\",\"@graph\":[{\"@type\":\"WebPage\",\"@id\":\"https:\\\/\\\/eurotrail.info\\\/es\\\/producten\\\/alivio\\\/tivo-lampara-de-camping-recargable\\\/\",\"url\":\"https:\\\/\\\/eurotrail.info\\\/es\\\/producten\\\/alivio\\\/tivo-lampara-de-camping-recargable\\\/\",\"name\":\"Tivo \u2013 L\u00e1mpara de camping recargable - Eurotrail | The way we camp!\",\"isPartOf\":{\"@id\":\"https:\\\/\\\/eurotrail.info\\\/#website\"},\"primaryImageOfPage\":{\"@id\":\"https:\\\/\\\/eurotrail.info\\\/es\\\/producten\\\/alivio\\\/tivo-lampara-de-camping-recargable\\\/#primaryimage\"},\"image\":{\"@id\":\"https:\\\/\\\/eurotrail.info\\\/es\\\/producten\\\/alivio\\\/tivo-lampara-de-camping-recargable\\\/#primaryimage\"},\"thumbnailUrl\":\"https:\\\/\\\/eurotrail.info\\\/wp\\\/wp-content\\\/uploads\\\/2026\\\/01\\\/bolletje-zand-1-scaled.jpg\",\"datePublished\":\"2026-01-07T12:25:39+00:00\",\"dateModified\":\"2026-03-19T14:24:13+00:00\",\"description\":\"Esta elegante l\u00e1mpara recargable destaca por su estructura de hierro y su distintiva pantalla\",\"breadcrumb\":{\"@id\":\"https:\\\/\\\/eurotrail.info\\\/es\\\/producten\\\/alivio\\\/tivo-lampara-de-camping-recargable\\\/#breadcrumb\"},\"inLanguage\":\"es-ES\",\"potentialAction\":[{\"@type\":\"ReadAction\",\"target\":[\"https:\\\/\\\/eurotrail.info\\\/es\\\/producten\\\/alivio\\\/tivo-lampara-de-camping-recargable\\\/\"]}]},{\"@type\":\"ImageObject\",\"inLanguage\":\"es-ES\",\"@id\":\"https:\\\/\\\/eurotrail.info\\\/es\\\/producten\\\/alivio\\\/tivo-lampara-de-camping-recargable\\\/#primaryimage\",\"url\":\"https:\\\/\\\/eurotrail.info\\\/wp\\\/wp-content\\\/uploads\\\/2026\\\/01\\\/bolletje-zand-1-scaled.jpg\",\"contentUrl\":\"https:\\\/\\\/eurotrail.info\\\/wp\\\/wp-content\\\/uploads\\\/2026\\\/01\\\/bolletje-zand-1-scaled.jpg\",\"width\":1565,\"height\":2560},{\"@type\":\"BreadcrumbList\",\"@id\":\"https:\\\/\\\/eurotrail.info\\\/es\\\/producten\\\/alivio\\\/tivo-lampara-de-camping-recargable\\\/#breadcrumb\",\"itemListElement\":[{\"@type\":\"ListItem\",\"position\":1,\"name\":\"Home\",\"item\":\"https:\\\/\\\/eurotrail.info\\\/es\\\/\"},{\"@type\":\"ListItem\",\"position\":2,\"name\":\"Productos\",\"item\":\"https:\\\/\\\/eurotrail.info\\\/es\\\/productos\\\/\"},{\"@type\":\"ListItem\",\"position\":3,\"name\":\"Tivo \u2013 L\u00e1mpara de camping recargable\"}]},{\"@type\":\"WebSite\",\"@id\":\"https:\\\/\\\/eurotrail.info\\\/#website\",\"url\":\"https:\\\/\\\/eurotrail.info\\\/\",\"name\":\"Eurotrail | The way we camp!\",\"description\":\"\",\"publisher\":{\"@id\":\"https:\\\/\\\/eurotrail.info\\\/#organization\"},\"potentialAction\":[{\"@type\":\"SearchAction\",\"target\":{\"@type\":\"EntryPoint\",\"urlTemplate\":\"https:\\\/\\\/eurotrail.info\\\/?s={search_term_string}\"},\"query-input\":{\"@type\":\"PropertyValueSpecification\",\"valueRequired\":true,\"valueName\":\"search_term_string\"}}],\"inLanguage\":\"es-ES\"},{\"@type\":\"Organization\",\"@id\":\"https:\\\/\\\/eurotrail.info\\\/#organization\",\"name\":\"Eurotrail | The way we camp!\",\"url\":\"https:\\\/\\\/eurotrail.info\\\/\",\"logo\":{\"@type\":\"ImageObject\",\"inLanguage\":\"es-ES\",\"@id\":\"https:\\\/\\\/eurotrail.info\\\/#\\\/schema\\\/logo\\\/image\\\/\",\"url\":\"https:\\\/\\\/eurotrail.info\\\/wp\\\/wp-content\\\/uploads\\\/2023\\\/07\\\/ET-logo-quote_NL-scaled.jpg\",\"contentUrl\":\"https:\\\/\\\/eurotrail.info\\\/wp\\\/wp-content\\\/uploads\\\/2023\\\/07\\\/ET-logo-quote_NL-scaled.jpg\",\"width\":2560,\"height\":675,\"caption\":\"Eurotrail | The way we camp!\"},\"image\":{\"@id\":\"https:\\\/\\\/eurotrail.info\\\/#\\\/schema\\\/logo\\\/image\\\/\"}}]}<\/script>\n<!-- \/ Yoast SEO plugin. -->","yoast_head_json":{"title":"Tivo \u2013 L\u00e1mpara de camping recargable - Eurotrail | The way we camp!","description":"Esta elegante l\u00e1mpara recargable destaca por su estructura de hierro y su distintiva pantalla","robots":{"index":"index","follow":"follow","max-snippet":"max-snippet:-1","max-image-preview":"max-image-preview:large","max-video-preview":"max-video-preview:-1"},"canonical":"https:\/\/eurotrail.info\/es\/producten\/alivio\/tivo-lampara-de-camping-recargable\/","og_locale":"es_ES","og_type":"article","og_title":"Tivo \u2013 L\u00e1mpara de camping recargable - Eurotrail | The way we camp!","og_description":"Esta elegante l\u00e1mpara recargable destaca por su estructura de hierro y su distintiva pantalla","og_url":"https:\/\/eurotrail.info\/es\/producten\/alivio\/tivo-lampara-de-camping-recargable\/","og_site_name":"Eurotrail | The way we camp!","article_modified_time":"2026-03-19T14:24:13+00:00","og_image":[{"width":1565,"height":2560,"url":"https:\/\/eurotrail.info\/wp\/wp-content\/uploads\/2026\/01\/bolletje-zand-1-scaled.jpg","type":"image\/jpeg"}],"twitter_card":"summary_large_image","twitter_misc":{"Tiempo de lectura":"1 minute"},"schema":{"@context":"https:\/\/schema.org","@graph":[{"@type":"WebPage","@id":"https:\/\/eurotrail.info\/es\/producten\/alivio\/tivo-lampara-de-camping-recargable\/","url":"https:\/\/eurotrail.info\/es\/producten\/alivio\/tivo-lampara-de-camping-recargable\/","name":"Tivo \u2013 L\u00e1mpara de camping recargable - Eurotrail | The way we camp!","isPartOf":{"@id":"https:\/\/eurotrail.info\/#website"},"primaryImageOfPage":{"@id":"https:\/\/eurotrail.info\/es\/producten\/alivio\/tivo-lampara-de-camping-recargable\/#primaryimage"},"image":{"@id":"https:\/\/eurotrail.info\/es\/producten\/alivio\/tivo-lampara-de-camping-recargable\/#primaryimage"},"thumbnailUrl":"https:\/\/eurotrail.info\/wp\/wp-content\/uploads\/2026\/01\/bolletje-zand-1-scaled.jpg","datePublished":"2026-01-07T12:25:39+00:00","dateModified":"2026-03-19T14:24:13+00:00","description":"Esta elegante l\u00e1mpara recargable destaca por su estructura de hierro y su distintiva pantalla","breadcrumb":{"@id":"https:\/\/eurotrail.info\/es\/producten\/alivio\/tivo-lampara-de-camping-recargable\/#breadcrumb"},"inLanguage":"es-ES","potentialAction":[{"@type":"ReadAction","target":["https:\/\/eurotrail.info\/es\/producten\/alivio\/tivo-lampara-de-camping-recargable\/"]}]},{"@type":"ImageObject","inLanguage":"es-ES","@id":"https:\/\/eurotrail.info\/es\/producten\/alivio\/tivo-lampara-de-camping-recargable\/#primaryimage","url":"https:\/\/eurotrail.info\/wp\/wp-content\/uploads\/2026\/01\/bolletje-zand-1-scaled.jpg","contentUrl":"https:\/\/eurotrail.info\/wp\/wp-content\/uploads\/2026\/01\/bolletje-zand-1-scaled.jpg","width":1565,"height":2560},{"@type":"BreadcrumbList","@id":"https:\/\/eurotrail.info\/es\/producten\/alivio\/tivo-lampara-de-camping-recargable\/#breadcrumb","itemListElement":[{"@type":"ListItem","position":1,"name":"Home","item":"https:\/\/eurotrail.info\/es\/"},{"@type":"ListItem","position":2,"name":"Productos","item":"https:\/\/eurotrail.info\/es\/productos\/"},{"@type":"ListItem","position":3,"name":"Tivo \u2013 L\u00e1mpara de camping recargable"}]},{"@type":"WebSite","@id":"https:\/\/eurotrail.info\/#website","url":"https:\/\/eurotrail.info\/","name":"Eurotrail | The way we camp!","description":"","publisher":{"@id":"https:\/\/eurotrail.info\/#organization"},"potentialAction":[{"@type":"SearchAction","target":{"@type":"EntryPoint","urlTemplate":"https:\/\/eurotrail.info\/?s={search_term_string}"},"query-input":{"@type":"PropertyValueSpecification","valueRequired":true,"valueName":"search_term_string"}}],"inLanguage":"es-ES"},{"@type":"Organization","@id":"https:\/\/eurotrail.info\/#organization","name":"Eurotrail | The way we camp!","url":"https:\/\/eurotrail.info\/","logo":{"@type":"ImageObject","inLanguage":"es-ES","@id":"https:\/\/eurotrail.info\/#\/schema\/logo\/image\/","url":"https:\/\/eurotrail.info\/wp\/wp-content\/uploads\/2023\/07\/ET-logo-quote_NL-scaled.jpg","contentUrl":"https:\/\/eurotrail.info\/wp\/wp-content\/uploads\/2023\/07\/ET-logo-quote_NL-scaled.jpg","width":2560,"height":675,"caption":"Eurotrail | The way we camp!"},"image":{"@id":"https:\/\/eurotrail.info\/#\/schema\/logo\/image\/"}}]}},"_links":{"self":[{"href":"https:\/\/eurotrail.info\/es\/wp-json\/wp\/v2\/product\/28541","targetHints":{"allow":["GET"]}}],"collection":[{"href":"https:\/\/eurotrail.info\/es\/wp-json\/wp\/v2\/product"}],"about":[{"href":"https:\/\/eurotrail.info\/es\/wp-json\/wp\/v2\/types\/product"}],"replies":[{"embeddable":true,"href":"https:\/\/eurotrail.info\/es\/wp-json\/wp\/v2\/comments?post=28541"}],"wp:featuredmedia":[{"embeddable":true,"href":"https:\/\/eurotrail.info\/es\/wp-json\/wp\/v2\/media\/28252"}],"wp:attachment":[{"href":"https:\/\/eurotrail.info\/es\/wp-json\/wp\/v2\/media?parent=28541"}],"wp:term":[{"taxonomy":"product_brand","embeddable":true,"href":"https:\/\/eurotrail.info\/es\/wp-json\/wp\/v2\/product_brand?post=28541"},{"taxonomy":"product_cat","embeddable":true,"href":"https:\/\/eurotrail.info\/es\/wp-json\/wp\/v2\/product_cat?post=28541"},{"taxonomy":"product_tag","embeddable":true,"href":"https:\/\/eurotrail.info\/es\/wp-json\/wp\/v2\/product_tag?post=28541"}],"curies":[{"name":"wp","href":"https:\/\/api.w.org\/{rel}","templated":true}]}}