{"id":28544,"date":"2026-01-07T13:12:09","date_gmt":"2026-01-07T12:12:09","guid":{"rendered":"https:\/\/eurotrail.info\/?post_type=product&#038;p=28544"},"modified":"2026-03-19T12:27:54","modified_gmt":"2026-03-19T11:27:54","slug":"orix-lampara-de-camping-recargable","status":"publish","type":"product","link":"https:\/\/eurotrail.info\/es\/producten\/alivio\/orix-lampara-de-camping-recargable\/","title":{"rendered":"ORIX &#8211; l\u00e1mpara de camping recargable"},"content":{"rendered":"<p>Esta robusta l\u00e1mpara de camping, con una robusta estructura de hierro y una original cubierta, es realmente llamativa. Su estilo cl\u00e1sico se combina con la comodidad moderna: recargable por USB y f\u00e1cil de usar gracias al bot\u00f3n giratorio en la parte superior. Esto permite encender y apagar la l\u00e1mpara, elegir entre luz c\u00e1lida o blanca y regular la intensidad de la luz de forma continua. Una l\u00e1mpara acogedora y pr\u00e1ctica para cualquier espacio exterior, con car\u00e1cter. Tambi\u00e9n incluye funci\u00f3n de bater\u00eda externa.<\/p>\n<p>Material: ABS + PP<br \/>\nLED: 6 LED blanco fr\u00edo + 3 LED luz c\u00e1lida<br \/>\nL\u00famenes: m\u00e1x. 400 lm<br \/>\nTama\u00f1o: 18 x \u00d8 14 cm<br \/>\nPeso: 225 g<br \/>\nBater\u00eda: 2000 mAh 18650<br \/>\nAutonom\u00eda: 3-40 h<br \/>\nCarga: 3-4 h, 5 V, tipo C<br \/>\nFunci\u00f3n: Rotar luz c\u00e1lida-luz fr\u00eda-c\u00e1lida+fr\u00eda<br \/>\nUSB: entrada y salida<\/p>\n","protected":false},"excerpt":{"rendered":"<p>Esta robusta l\u00e1mpara de camping, con una robusta estructura de hierro y una original cubierta, es realmente llamativa. Su estilo cl\u00e1sico se combina con la&hellip;<\/p>\n","protected":false},"featured_media":28221,"comment_status":"open","ping_status":"closed","template":"","meta":{"_acf_changed":false},"product_brand":[],"product_cat":[379],"product_tag":[],"class_list":{"0":"post-28544","1":"product","2":"type-product","3":"status-publish","4":"has-post-thumbnail","6":"product_cat-alivio","8":"first","9":"instock","10":"shipping-taxable","11":"product-type-simple"},"acf":[],"yoast_head":"<!-- This site is optimized with the Yoast SEO plugin v27.3 - https:\/\/yoast.com\/product\/yoast-seo-wordpress\/ -->\n<title>ORIX - l\u00e1mpara de camping recargable - Eurotrail | The way we camp!<\/title>\n<meta name=\"description\" content=\"Esta robusta l\u00e1mpara de camping, con una robusta estructura de hierro y una original cubierta, es realmente llamativa\" \/>\n<meta name=\"robots\" content=\"index, follow, max-snippet:-1, max-image-preview:large, max-video-preview:-1\" \/>\n<link rel=\"canonical\" href=\"https:\/\/eurotrail.info\/es\/producten\/alivio\/orix-lampara-de-camping-recargable\/\" \/>\n<meta property=\"og:locale\" content=\"es_ES\" \/>\n<meta property=\"og:type\" content=\"article\" \/>\n<meta property=\"og:title\" content=\"ORIX - l\u00e1mpara de camping recargable - Eurotrail | The way we camp!\" \/>\n<meta property=\"og:description\" content=\"Esta robusta l\u00e1mpara de camping, con una robusta estructura de hierro y una original cubierta, es realmente llamativa\" \/>\n<meta property=\"og:url\" content=\"https:\/\/eurotrail.info\/es\/producten\/alivio\/orix-lampara-de-camping-recargable\/\" \/>\n<meta property=\"og:site_name\" content=\"Eurotrail | The way we camp!\" \/>\n<meta property=\"article:modified_time\" content=\"2026-03-19T11:27:54+00:00\" \/>\n<meta property=\"og:image\" content=\"https:\/\/eurotrail.info\/wp\/wp-content\/uploads\/2026\/01\/ETLT1266_ORIX-Copper-scaled.jpg\" \/>\n\t<meta property=\"og:image:width\" content=\"1628\" \/>\n\t<meta property=\"og:image:height\" content=\"2560\" \/>\n\t<meta property=\"og:image:type\" content=\"image\/jpeg\" \/>\n<meta name=\"twitter:card\" content=\"summary_large_image\" \/>\n<meta name=\"twitter:label1\" content=\"Tiempo de lectura\" \/>\n\t<meta name=\"twitter:data1\" content=\"1 minute\" \/>\n<script type=\"application\/ld+json\" class=\"yoast-schema-graph\">{\"@context\":\"https:\\\/\\\/schema.org\",\"@graph\":[{\"@type\":\"WebPage\",\"@id\":\"https:\\\/\\\/eurotrail.info\\\/es\\\/producten\\\/alivio\\\/orix-lampara-de-camping-recargable\\\/\",\"url\":\"https:\\\/\\\/eurotrail.info\\\/es\\\/producten\\\/alivio\\\/orix-lampara-de-camping-recargable\\\/\",\"name\":\"ORIX - l\u00e1mpara de camping recargable - Eurotrail | The way we camp!\",\"isPartOf\":{\"@id\":\"https:\\\/\\\/eurotrail.info\\\/#website\"},\"primaryImageOfPage\":{\"@id\":\"https:\\\/\\\/eurotrail.info\\\/es\\\/producten\\\/alivio\\\/orix-lampara-de-camping-recargable\\\/#primaryimage\"},\"image\":{\"@id\":\"https:\\\/\\\/eurotrail.info\\\/es\\\/producten\\\/alivio\\\/orix-lampara-de-camping-recargable\\\/#primaryimage\"},\"thumbnailUrl\":\"https:\\\/\\\/eurotrail.info\\\/wp\\\/wp-content\\\/uploads\\\/2026\\\/01\\\/ETLT1266_ORIX-Copper-scaled.jpg\",\"datePublished\":\"2026-01-07T12:12:09+00:00\",\"dateModified\":\"2026-03-19T11:27:54+00:00\",\"description\":\"Esta robusta l\u00e1mpara de camping, con una robusta estructura de hierro y una original cubierta, es realmente llamativa\",\"breadcrumb\":{\"@id\":\"https:\\\/\\\/eurotrail.info\\\/es\\\/producten\\\/alivio\\\/orix-lampara-de-camping-recargable\\\/#breadcrumb\"},\"inLanguage\":\"es-ES\",\"potentialAction\":[{\"@type\":\"ReadAction\",\"target\":[\"https:\\\/\\\/eurotrail.info\\\/es\\\/producten\\\/alivio\\\/orix-lampara-de-camping-recargable\\\/\"]}]},{\"@type\":\"ImageObject\",\"inLanguage\":\"es-ES\",\"@id\":\"https:\\\/\\\/eurotrail.info\\\/es\\\/producten\\\/alivio\\\/orix-lampara-de-camping-recargable\\\/#primaryimage\",\"url\":\"https:\\\/\\\/eurotrail.info\\\/wp\\\/wp-content\\\/uploads\\\/2026\\\/01\\\/ETLT1266_ORIX-Copper-scaled.jpg\",\"contentUrl\":\"https:\\\/\\\/eurotrail.info\\\/wp\\\/wp-content\\\/uploads\\\/2026\\\/01\\\/ETLT1266_ORIX-Copper-scaled.jpg\",\"width\":1628,\"height\":2560},{\"@type\":\"BreadcrumbList\",\"@id\":\"https:\\\/\\\/eurotrail.info\\\/es\\\/producten\\\/alivio\\\/orix-lampara-de-camping-recargable\\\/#breadcrumb\",\"itemListElement\":[{\"@type\":\"ListItem\",\"position\":1,\"name\":\"Home\",\"item\":\"https:\\\/\\\/eurotrail.info\\\/es\\\/\"},{\"@type\":\"ListItem\",\"position\":2,\"name\":\"Productos\",\"item\":\"https:\\\/\\\/eurotrail.info\\\/es\\\/productos\\\/\"},{\"@type\":\"ListItem\",\"position\":3,\"name\":\"ORIX &#8211; l\u00e1mpara de camping recargable\"}]},{\"@type\":\"WebSite\",\"@id\":\"https:\\\/\\\/eurotrail.info\\\/#website\",\"url\":\"https:\\\/\\\/eurotrail.info\\\/\",\"name\":\"Eurotrail | The way we camp!\",\"description\":\"\",\"publisher\":{\"@id\":\"https:\\\/\\\/eurotrail.info\\\/#organization\"},\"potentialAction\":[{\"@type\":\"SearchAction\",\"target\":{\"@type\":\"EntryPoint\",\"urlTemplate\":\"https:\\\/\\\/eurotrail.info\\\/?s={search_term_string}\"},\"query-input\":{\"@type\":\"PropertyValueSpecification\",\"valueRequired\":true,\"valueName\":\"search_term_string\"}}],\"inLanguage\":\"es-ES\"},{\"@type\":\"Organization\",\"@id\":\"https:\\\/\\\/eurotrail.info\\\/#organization\",\"name\":\"Eurotrail | The way we camp!\",\"url\":\"https:\\\/\\\/eurotrail.info\\\/\",\"logo\":{\"@type\":\"ImageObject\",\"inLanguage\":\"es-ES\",\"@id\":\"https:\\\/\\\/eurotrail.info\\\/#\\\/schema\\\/logo\\\/image\\\/\",\"url\":\"https:\\\/\\\/eurotrail.info\\\/wp\\\/wp-content\\\/uploads\\\/2023\\\/07\\\/ET-logo-quote_NL-scaled.jpg\",\"contentUrl\":\"https:\\\/\\\/eurotrail.info\\\/wp\\\/wp-content\\\/uploads\\\/2023\\\/07\\\/ET-logo-quote_NL-scaled.jpg\",\"width\":2560,\"height\":675,\"caption\":\"Eurotrail | The way we camp!\"},\"image\":{\"@id\":\"https:\\\/\\\/eurotrail.info\\\/#\\\/schema\\\/logo\\\/image\\\/\"}}]}<\/script>\n<!-- \/ Yoast SEO plugin. -->","yoast_head_json":{"title":"ORIX - l\u00e1mpara de camping recargable - Eurotrail | The way we camp!","description":"Esta robusta l\u00e1mpara de camping, con una robusta estructura de hierro y una original cubierta, es realmente llamativa","robots":{"index":"index","follow":"follow","max-snippet":"max-snippet:-1","max-image-preview":"max-image-preview:large","max-video-preview":"max-video-preview:-1"},"canonical":"https:\/\/eurotrail.info\/es\/producten\/alivio\/orix-lampara-de-camping-recargable\/","og_locale":"es_ES","og_type":"article","og_title":"ORIX - l\u00e1mpara de camping recargable - Eurotrail | The way we camp!","og_description":"Esta robusta l\u00e1mpara de camping, con una robusta estructura de hierro y una original cubierta, es realmente llamativa","og_url":"https:\/\/eurotrail.info\/es\/producten\/alivio\/orix-lampara-de-camping-recargable\/","og_site_name":"Eurotrail | The way we camp!","article_modified_time":"2026-03-19T11:27:54+00:00","og_image":[{"width":1628,"height":2560,"url":"https:\/\/eurotrail.info\/wp\/wp-content\/uploads\/2026\/01\/ETLT1266_ORIX-Copper-scaled.jpg","type":"image\/jpeg"}],"twitter_card":"summary_large_image","twitter_misc":{"Tiempo de lectura":"1 minute"},"schema":{"@context":"https:\/\/schema.org","@graph":[{"@type":"WebPage","@id":"https:\/\/eurotrail.info\/es\/producten\/alivio\/orix-lampara-de-camping-recargable\/","url":"https:\/\/eurotrail.info\/es\/producten\/alivio\/orix-lampara-de-camping-recargable\/","name":"ORIX - l\u00e1mpara de camping recargable - Eurotrail | The way we camp!","isPartOf":{"@id":"https:\/\/eurotrail.info\/#website"},"primaryImageOfPage":{"@id":"https:\/\/eurotrail.info\/es\/producten\/alivio\/orix-lampara-de-camping-recargable\/#primaryimage"},"image":{"@id":"https:\/\/eurotrail.info\/es\/producten\/alivio\/orix-lampara-de-camping-recargable\/#primaryimage"},"thumbnailUrl":"https:\/\/eurotrail.info\/wp\/wp-content\/uploads\/2026\/01\/ETLT1266_ORIX-Copper-scaled.jpg","datePublished":"2026-01-07T12:12:09+00:00","dateModified":"2026-03-19T11:27:54+00:00","description":"Esta robusta l\u00e1mpara de camping, con una robusta estructura de hierro y una original cubierta, es realmente llamativa","breadcrumb":{"@id":"https:\/\/eurotrail.info\/es\/producten\/alivio\/orix-lampara-de-camping-recargable\/#breadcrumb"},"inLanguage":"es-ES","potentialAction":[{"@type":"ReadAction","target":["https:\/\/eurotrail.info\/es\/producten\/alivio\/orix-lampara-de-camping-recargable\/"]}]},{"@type":"ImageObject","inLanguage":"es-ES","@id":"https:\/\/eurotrail.info\/es\/producten\/alivio\/orix-lampara-de-camping-recargable\/#primaryimage","url":"https:\/\/eurotrail.info\/wp\/wp-content\/uploads\/2026\/01\/ETLT1266_ORIX-Copper-scaled.jpg","contentUrl":"https:\/\/eurotrail.info\/wp\/wp-content\/uploads\/2026\/01\/ETLT1266_ORIX-Copper-scaled.jpg","width":1628,"height":2560},{"@type":"BreadcrumbList","@id":"https:\/\/eurotrail.info\/es\/producten\/alivio\/orix-lampara-de-camping-recargable\/#breadcrumb","itemListElement":[{"@type":"ListItem","position":1,"name":"Home","item":"https:\/\/eurotrail.info\/es\/"},{"@type":"ListItem","position":2,"name":"Productos","item":"https:\/\/eurotrail.info\/es\/productos\/"},{"@type":"ListItem","position":3,"name":"ORIX &#8211; l\u00e1mpara de camping recargable"}]},{"@type":"WebSite","@id":"https:\/\/eurotrail.info\/#website","url":"https:\/\/eurotrail.info\/","name":"Eurotrail | The way we camp!","description":"","publisher":{"@id":"https:\/\/eurotrail.info\/#organization"},"potentialAction":[{"@type":"SearchAction","target":{"@type":"EntryPoint","urlTemplate":"https:\/\/eurotrail.info\/?s={search_term_string}"},"query-input":{"@type":"PropertyValueSpecification","valueRequired":true,"valueName":"search_term_string"}}],"inLanguage":"es-ES"},{"@type":"Organization","@id":"https:\/\/eurotrail.info\/#organization","name":"Eurotrail | The way we camp!","url":"https:\/\/eurotrail.info\/","logo":{"@type":"ImageObject","inLanguage":"es-ES","@id":"https:\/\/eurotrail.info\/#\/schema\/logo\/image\/","url":"https:\/\/eurotrail.info\/wp\/wp-content\/uploads\/2023\/07\/ET-logo-quote_NL-scaled.jpg","contentUrl":"https:\/\/eurotrail.info\/wp\/wp-content\/uploads\/2023\/07\/ET-logo-quote_NL-scaled.jpg","width":2560,"height":675,"caption":"Eurotrail | The way we camp!"},"image":{"@id":"https:\/\/eurotrail.info\/#\/schema\/logo\/image\/"}}]}},"_links":{"self":[{"href":"https:\/\/eurotrail.info\/es\/wp-json\/wp\/v2\/product\/28544","targetHints":{"allow":["GET"]}}],"collection":[{"href":"https:\/\/eurotrail.info\/es\/wp-json\/wp\/v2\/product"}],"about":[{"href":"https:\/\/eurotrail.info\/es\/wp-json\/wp\/v2\/types\/product"}],"replies":[{"embeddable":true,"href":"https:\/\/eurotrail.info\/es\/wp-json\/wp\/v2\/comments?post=28544"}],"wp:featuredmedia":[{"embeddable":true,"href":"https:\/\/eurotrail.info\/es\/wp-json\/wp\/v2\/media\/28221"}],"wp:attachment":[{"href":"https:\/\/eurotrail.info\/es\/wp-json\/wp\/v2\/media?parent=28544"}],"wp:term":[{"taxonomy":"product_brand","embeddable":true,"href":"https:\/\/eurotrail.info\/es\/wp-json\/wp\/v2\/product_brand?post=28544"},{"taxonomy":"product_cat","embeddable":true,"href":"https:\/\/eurotrail.info\/es\/wp-json\/wp\/v2\/product_cat?post=28544"},{"taxonomy":"product_tag","embeddable":true,"href":"https:\/\/eurotrail.info\/es\/wp-json\/wp\/v2\/product_tag?post=28544"}],"curies":[{"name":"wp","href":"https:\/\/api.w.org\/{rel}","templated":true}]}}