{"id":28548,"date":"2026-01-07T12:21:11","date_gmt":"2026-01-07T11:21:11","guid":{"rendered":"https:\/\/eurotrail.info\/?post_type=product&#038;p=28548"},"modified":"2026-01-08T11:17:35","modified_gmt":"2026-01-08T10:17:35","slug":"stone-sarten-con-mango-extraible","status":"publish","type":"product","link":"https:\/\/eurotrail.info\/es\/producten\/domestico\/sartenes-para-freir-wok\/stone-sarten-con-mango-extraible\/","title":{"rendered":"Stone, Sart\u00e9n con mango extra\u00edble"},"content":{"rendered":"<p>Sart\u00e9n con mango extra\u00edble (apta para inducci\u00f3n)<\/p>\n<p>Esta sart\u00e9n combina un dise\u00f1o inteligente con materiales de alta calidad. Gracias a su mango extra\u00edble, ocupa menos espacio en los armarios de la cocina o al acampar, lo que facilita su almacenamiento y transporte.<br \/>\nEs apta para todo tipo de fuegos, incluida la inducci\u00f3n, y est\u00e1 disponible en dos pr\u00e1cticos tama\u00f1os.<br \/>\nEl exterior presenta un elegante dise\u00f1o con aspecto de piedra, mientras que el interior est\u00e1 recubierto con una capa antiadherente de cer\u00e1mica con aspecto de m\u00e1rmol. Este duradero revestimiento evita que los alimentos se peguen y facilita y agiliza la limpieza.<br \/>\nGracias a sus excelentes propiedades antiadherentes, la sart\u00e9n es perfecta para cocinar con poca grasa: necesita mucho menos aceite o mantequilla. Ya sea que prepare carne, pescado o verduras, esta sart\u00e9n le ayuda a cocinar de forma m\u00e1s saludable y sencilla.<\/p>\n<p>Material: aluminio 3003 con fondo de inducci\u00f3n de acero, mango de baquelita<\/p>\n<p>\u00d8 24 x 4,8 cm, peso: 695 gr.<br \/>\n\u00d8 28 x 5,3 cm, peso: 842 gr.<\/p>\n","protected":false},"excerpt":{"rendered":"<p>Sart\u00e9n con mango extra\u00edble (apta para inducci\u00f3n) Esta sart\u00e9n combina un dise\u00f1o inteligente con materiales de alta calidad. Gracias a su mango extra\u00edble, ocupa menos&hellip;<\/p>\n","protected":false},"featured_media":28190,"comment_status":"open","ping_status":"closed","template":"","meta":{"_acf_changed":false},"product_brand":[],"product_cat":[337,338],"product_tag":[],"class_list":{"0":"post-28548","1":"product","2":"type-product","3":"status-publish","4":"has-post-thumbnail","6":"product_cat-domestico","7":"product_cat-sartenes-para-freir-wok","9":"first","10":"instock","11":"shipping-taxable","12":"product-type-simple"},"acf":[],"yoast_head":"<!-- This site is optimized with the Yoast SEO plugin v27.3 - https:\/\/yoast.com\/product\/yoast-seo-wordpress\/ -->\n<title>Stone, Sart\u00e9n con mango extra\u00edble - Eurotrail | The way we camp!<\/title>\n<meta name=\"description\" content=\"Esta sart\u00e9n combina un dise\u00f1o inteligente con materiales de alta calidad. Gracias a su mango extra\u00edble, ocupa menos espacio en los armarios de la cocina o al acampar, lo que facilita su almacenamiento y transporte.\" \/>\n<meta name=\"robots\" content=\"index, follow, max-snippet:-1, max-image-preview:large, max-video-preview:-1\" \/>\n<link rel=\"canonical\" href=\"https:\/\/eurotrail.info\/es\/producten\/domestico\/sartenes-para-freir-wok\/stone-sarten-con-mango-extraible\/\" \/>\n<meta property=\"og:locale\" content=\"es_ES\" \/>\n<meta property=\"og:type\" content=\"article\" \/>\n<meta property=\"og:title\" content=\"Stone, Sart\u00e9n con mango extra\u00edble - Eurotrail | The way we camp!\" \/>\n<meta property=\"og:description\" content=\"Esta sart\u00e9n combina un dise\u00f1o inteligente con materiales de alta calidad. Gracias a su mango extra\u00edble, ocupa menos espacio en los armarios de la cocina o al acampar, lo que facilita su almacenamiento y transporte.\" \/>\n<meta property=\"og:url\" content=\"https:\/\/eurotrail.info\/es\/producten\/domestico\/sartenes-para-freir-wok\/stone-sarten-con-mango-extraible\/\" \/>\n<meta property=\"og:site_name\" content=\"Eurotrail | The way we camp!\" \/>\n<meta property=\"article:modified_time\" content=\"2026-01-08T10:17:35+00:00\" \/>\n<meta property=\"og:image\" content=\"https:\/\/eurotrail.info\/wp\/wp-content\/uploads\/2026\/01\/ETKW5551_Koekepan-Stone-scaled.jpg\" \/>\n\t<meta property=\"og:image:width\" content=\"2560\" \/>\n\t<meta property=\"og:image:height\" content=\"706\" \/>\n\t<meta property=\"og:image:type\" content=\"image\/jpeg\" \/>\n<meta name=\"twitter:card\" content=\"summary_large_image\" \/>\n<meta name=\"twitter:label1\" content=\"Tiempo de lectura\" \/>\n\t<meta name=\"twitter:data1\" content=\"1 minute\" \/>\n<script type=\"application\/ld+json\" class=\"yoast-schema-graph\">{\"@context\":\"https:\\\/\\\/schema.org\",\"@graph\":[{\"@type\":\"WebPage\",\"@id\":\"https:\\\/\\\/eurotrail.info\\\/es\\\/producten\\\/domestico\\\/sartenes-para-freir-wok\\\/stone-sarten-con-mango-extraible\\\/\",\"url\":\"https:\\\/\\\/eurotrail.info\\\/es\\\/producten\\\/domestico\\\/sartenes-para-freir-wok\\\/stone-sarten-con-mango-extraible\\\/\",\"name\":\"Stone, Sart\u00e9n con mango extra\u00edble - Eurotrail | The way we camp!\",\"isPartOf\":{\"@id\":\"https:\\\/\\\/eurotrail.info\\\/#website\"},\"primaryImageOfPage\":{\"@id\":\"https:\\\/\\\/eurotrail.info\\\/es\\\/producten\\\/domestico\\\/sartenes-para-freir-wok\\\/stone-sarten-con-mango-extraible\\\/#primaryimage\"},\"image\":{\"@id\":\"https:\\\/\\\/eurotrail.info\\\/es\\\/producten\\\/domestico\\\/sartenes-para-freir-wok\\\/stone-sarten-con-mango-extraible\\\/#primaryimage\"},\"thumbnailUrl\":\"https:\\\/\\\/eurotrail.info\\\/wp\\\/wp-content\\\/uploads\\\/2026\\\/01\\\/ETKW5551_Koekepan-Stone-scaled.jpg\",\"datePublished\":\"2026-01-07T11:21:11+00:00\",\"dateModified\":\"2026-01-08T10:17:35+00:00\",\"description\":\"Esta sart\u00e9n combina un dise\u00f1o inteligente con materiales de alta calidad. Gracias a su mango extra\u00edble, ocupa menos espacio en los armarios de la cocina o al acampar, lo que facilita su almacenamiento y transporte.\",\"breadcrumb\":{\"@id\":\"https:\\\/\\\/eurotrail.info\\\/es\\\/producten\\\/domestico\\\/sartenes-para-freir-wok\\\/stone-sarten-con-mango-extraible\\\/#breadcrumb\"},\"inLanguage\":\"es-ES\",\"potentialAction\":[{\"@type\":\"ReadAction\",\"target\":[\"https:\\\/\\\/eurotrail.info\\\/es\\\/producten\\\/domestico\\\/sartenes-para-freir-wok\\\/stone-sarten-con-mango-extraible\\\/\"]}]},{\"@type\":\"ImageObject\",\"inLanguage\":\"es-ES\",\"@id\":\"https:\\\/\\\/eurotrail.info\\\/es\\\/producten\\\/domestico\\\/sartenes-para-freir-wok\\\/stone-sarten-con-mango-extraible\\\/#primaryimage\",\"url\":\"https:\\\/\\\/eurotrail.info\\\/wp\\\/wp-content\\\/uploads\\\/2026\\\/01\\\/ETKW5551_Koekepan-Stone-scaled.jpg\",\"contentUrl\":\"https:\\\/\\\/eurotrail.info\\\/wp\\\/wp-content\\\/uploads\\\/2026\\\/01\\\/ETKW5551_Koekepan-Stone-scaled.jpg\",\"width\":2560,\"height\":706},{\"@type\":\"BreadcrumbList\",\"@id\":\"https:\\\/\\\/eurotrail.info\\\/es\\\/producten\\\/domestico\\\/sartenes-para-freir-wok\\\/stone-sarten-con-mango-extraible\\\/#breadcrumb\",\"itemListElement\":[{\"@type\":\"ListItem\",\"position\":1,\"name\":\"Home\",\"item\":\"https:\\\/\\\/eurotrail.info\\\/es\\\/\"},{\"@type\":\"ListItem\",\"position\":2,\"name\":\"Productos\",\"item\":\"https:\\\/\\\/eurotrail.info\\\/es\\\/productos\\\/\"},{\"@type\":\"ListItem\",\"position\":3,\"name\":\"Stone, Sart\u00e9n con mango extra\u00edble\"}]},{\"@type\":\"WebSite\",\"@id\":\"https:\\\/\\\/eurotrail.info\\\/#website\",\"url\":\"https:\\\/\\\/eurotrail.info\\\/\",\"name\":\"Eurotrail | The way we camp!\",\"description\":\"\",\"publisher\":{\"@id\":\"https:\\\/\\\/eurotrail.info\\\/#organization\"},\"potentialAction\":[{\"@type\":\"SearchAction\",\"target\":{\"@type\":\"EntryPoint\",\"urlTemplate\":\"https:\\\/\\\/eurotrail.info\\\/?s={search_term_string}\"},\"query-input\":{\"@type\":\"PropertyValueSpecification\",\"valueRequired\":true,\"valueName\":\"search_term_string\"}}],\"inLanguage\":\"es-ES\"},{\"@type\":\"Organization\",\"@id\":\"https:\\\/\\\/eurotrail.info\\\/#organization\",\"name\":\"Eurotrail | The way we camp!\",\"url\":\"https:\\\/\\\/eurotrail.info\\\/\",\"logo\":{\"@type\":\"ImageObject\",\"inLanguage\":\"es-ES\",\"@id\":\"https:\\\/\\\/eurotrail.info\\\/#\\\/schema\\\/logo\\\/image\\\/\",\"url\":\"https:\\\/\\\/eurotrail.info\\\/wp\\\/wp-content\\\/uploads\\\/2023\\\/07\\\/ET-logo-quote_NL-scaled.jpg\",\"contentUrl\":\"https:\\\/\\\/eurotrail.info\\\/wp\\\/wp-content\\\/uploads\\\/2023\\\/07\\\/ET-logo-quote_NL-scaled.jpg\",\"width\":2560,\"height\":675,\"caption\":\"Eurotrail | The way we camp!\"},\"image\":{\"@id\":\"https:\\\/\\\/eurotrail.info\\\/#\\\/schema\\\/logo\\\/image\\\/\"}}]}<\/script>\n<!-- \/ Yoast SEO plugin. -->","yoast_head_json":{"title":"Stone, Sart\u00e9n con mango extra\u00edble - Eurotrail | The way we camp!","description":"Esta sart\u00e9n combina un dise\u00f1o inteligente con materiales de alta calidad. Gracias a su mango extra\u00edble, ocupa menos espacio en los armarios de la cocina o al acampar, lo que facilita su almacenamiento y transporte.","robots":{"index":"index","follow":"follow","max-snippet":"max-snippet:-1","max-image-preview":"max-image-preview:large","max-video-preview":"max-video-preview:-1"},"canonical":"https:\/\/eurotrail.info\/es\/producten\/domestico\/sartenes-para-freir-wok\/stone-sarten-con-mango-extraible\/","og_locale":"es_ES","og_type":"article","og_title":"Stone, Sart\u00e9n con mango extra\u00edble - Eurotrail | The way we camp!","og_description":"Esta sart\u00e9n combina un dise\u00f1o inteligente con materiales de alta calidad. Gracias a su mango extra\u00edble, ocupa menos espacio en los armarios de la cocina o al acampar, lo que facilita su almacenamiento y transporte.","og_url":"https:\/\/eurotrail.info\/es\/producten\/domestico\/sartenes-para-freir-wok\/stone-sarten-con-mango-extraible\/","og_site_name":"Eurotrail | The way we camp!","article_modified_time":"2026-01-08T10:17:35+00:00","og_image":[{"width":2560,"height":706,"url":"https:\/\/eurotrail.info\/wp\/wp-content\/uploads\/2026\/01\/ETKW5551_Koekepan-Stone-scaled.jpg","type":"image\/jpeg"}],"twitter_card":"summary_large_image","twitter_misc":{"Tiempo de lectura":"1 minute"},"schema":{"@context":"https:\/\/schema.org","@graph":[{"@type":"WebPage","@id":"https:\/\/eurotrail.info\/es\/producten\/domestico\/sartenes-para-freir-wok\/stone-sarten-con-mango-extraible\/","url":"https:\/\/eurotrail.info\/es\/producten\/domestico\/sartenes-para-freir-wok\/stone-sarten-con-mango-extraible\/","name":"Stone, Sart\u00e9n con mango extra\u00edble - Eurotrail | The way we camp!","isPartOf":{"@id":"https:\/\/eurotrail.info\/#website"},"primaryImageOfPage":{"@id":"https:\/\/eurotrail.info\/es\/producten\/domestico\/sartenes-para-freir-wok\/stone-sarten-con-mango-extraible\/#primaryimage"},"image":{"@id":"https:\/\/eurotrail.info\/es\/producten\/domestico\/sartenes-para-freir-wok\/stone-sarten-con-mango-extraible\/#primaryimage"},"thumbnailUrl":"https:\/\/eurotrail.info\/wp\/wp-content\/uploads\/2026\/01\/ETKW5551_Koekepan-Stone-scaled.jpg","datePublished":"2026-01-07T11:21:11+00:00","dateModified":"2026-01-08T10:17:35+00:00","description":"Esta sart\u00e9n combina un dise\u00f1o inteligente con materiales de alta calidad. Gracias a su mango extra\u00edble, ocupa menos espacio en los armarios de la cocina o al acampar, lo que facilita su almacenamiento y transporte.","breadcrumb":{"@id":"https:\/\/eurotrail.info\/es\/producten\/domestico\/sartenes-para-freir-wok\/stone-sarten-con-mango-extraible\/#breadcrumb"},"inLanguage":"es-ES","potentialAction":[{"@type":"ReadAction","target":["https:\/\/eurotrail.info\/es\/producten\/domestico\/sartenes-para-freir-wok\/stone-sarten-con-mango-extraible\/"]}]},{"@type":"ImageObject","inLanguage":"es-ES","@id":"https:\/\/eurotrail.info\/es\/producten\/domestico\/sartenes-para-freir-wok\/stone-sarten-con-mango-extraible\/#primaryimage","url":"https:\/\/eurotrail.info\/wp\/wp-content\/uploads\/2026\/01\/ETKW5551_Koekepan-Stone-scaled.jpg","contentUrl":"https:\/\/eurotrail.info\/wp\/wp-content\/uploads\/2026\/01\/ETKW5551_Koekepan-Stone-scaled.jpg","width":2560,"height":706},{"@type":"BreadcrumbList","@id":"https:\/\/eurotrail.info\/es\/producten\/domestico\/sartenes-para-freir-wok\/stone-sarten-con-mango-extraible\/#breadcrumb","itemListElement":[{"@type":"ListItem","position":1,"name":"Home","item":"https:\/\/eurotrail.info\/es\/"},{"@type":"ListItem","position":2,"name":"Productos","item":"https:\/\/eurotrail.info\/es\/productos\/"},{"@type":"ListItem","position":3,"name":"Stone, Sart\u00e9n con mango extra\u00edble"}]},{"@type":"WebSite","@id":"https:\/\/eurotrail.info\/#website","url":"https:\/\/eurotrail.info\/","name":"Eurotrail | The way we camp!","description":"","publisher":{"@id":"https:\/\/eurotrail.info\/#organization"},"potentialAction":[{"@type":"SearchAction","target":{"@type":"EntryPoint","urlTemplate":"https:\/\/eurotrail.info\/?s={search_term_string}"},"query-input":{"@type":"PropertyValueSpecification","valueRequired":true,"valueName":"search_term_string"}}],"inLanguage":"es-ES"},{"@type":"Organization","@id":"https:\/\/eurotrail.info\/#organization","name":"Eurotrail | The way we camp!","url":"https:\/\/eurotrail.info\/","logo":{"@type":"ImageObject","inLanguage":"es-ES","@id":"https:\/\/eurotrail.info\/#\/schema\/logo\/image\/","url":"https:\/\/eurotrail.info\/wp\/wp-content\/uploads\/2023\/07\/ET-logo-quote_NL-scaled.jpg","contentUrl":"https:\/\/eurotrail.info\/wp\/wp-content\/uploads\/2023\/07\/ET-logo-quote_NL-scaled.jpg","width":2560,"height":675,"caption":"Eurotrail | The way we camp!"},"image":{"@id":"https:\/\/eurotrail.info\/#\/schema\/logo\/image\/"}}]}},"_links":{"self":[{"href":"https:\/\/eurotrail.info\/es\/wp-json\/wp\/v2\/product\/28548","targetHints":{"allow":["GET"]}}],"collection":[{"href":"https:\/\/eurotrail.info\/es\/wp-json\/wp\/v2\/product"}],"about":[{"href":"https:\/\/eurotrail.info\/es\/wp-json\/wp\/v2\/types\/product"}],"replies":[{"embeddable":true,"href":"https:\/\/eurotrail.info\/es\/wp-json\/wp\/v2\/comments?post=28548"}],"wp:featuredmedia":[{"embeddable":true,"href":"https:\/\/eurotrail.info\/es\/wp-json\/wp\/v2\/media\/28190"}],"wp:attachment":[{"href":"https:\/\/eurotrail.info\/es\/wp-json\/wp\/v2\/media?parent=28548"}],"wp:term":[{"taxonomy":"product_brand","embeddable":true,"href":"https:\/\/eurotrail.info\/es\/wp-json\/wp\/v2\/product_brand?post=28548"},{"taxonomy":"product_cat","embeddable":true,"href":"https:\/\/eurotrail.info\/es\/wp-json\/wp\/v2\/product_cat?post=28548"},{"taxonomy":"product_tag","embeddable":true,"href":"https:\/\/eurotrail.info\/es\/wp-json\/wp\/v2\/product_tag?post=28548"}],"curies":[{"name":"wp","href":"https:\/\/api.w.org\/{rel}","templated":true}]}}