{"id":28553,"date":"2026-01-07T11:58:21","date_gmt":"2026-01-07T10:58:21","guid":{"rendered":"https:\/\/eurotrail.info\/producten\/sin%20categor\u00eda\/havanna-inductie-percolator-koffie-maker-3-6\/"},"modified":"2026-01-08T11:30:12","modified_gmt":"2026-01-08T10:30:12","slug":"havanna-inductie-percolator-koffie-maker-3-6","status":"publish","type":"product","link":"https:\/\/eurotrail.info\/es\/producten\/domestico\/cafetera-percoladora\/havanna-inductie-percolator-koffie-maker-3-6\/","title":{"rendered":"Havana cafetera de inducci\u00f3n 3\/6"},"content":{"rendered":"<p>Prepare el mejor caf\u00e9 con la cafetera Havana. Es apta para gas, vitrocer\u00e1mica, hal\u00f3gena el\u00e9ctrica o inducci\u00f3n.<\/p>\n<p>La llamativa cafetera octogonal de aluminio es f\u00e1cil de usar y prepara su caf\u00e9 de forma aut\u00e9ntica. Llene el fondo del dep\u00f3sito con agua, coloque caf\u00e9 molido en el filtro, enr\u00f3squelo y col\u00f3quelo sobre una fuente de calor. El agua burbujea lentamente a trav\u00e9s del caf\u00e9, produciendo un caf\u00e9 rico, delicioso y arom\u00e1tico en tan solo unos minutos. La cafetera de aluminio se puede desmontar para facilitar su limpieza.<br \/>\nLa serie Havana est\u00e1 disponible para 3 o 6 tazas peque\u00f1as de caf\u00e9. El asa tiene una forma ergon\u00f3mica que proporciona un agarre firme. Tanto el asa como el pomo de la tapa son de pl\u00e1stico y se mantienen fr\u00edos durante la preparaci\u00f3n.<\/p>\n<p>Material: Parte superior de aluminio, parte inferior de acero inoxidable y base con funci\u00f3n de inducci\u00f3n.<\/p>\n<p>Havana Percolator 3, 150 ml, \u00d8 10-16cm x 15 cm, 428 gr, 3 expresso&#8217;s (\u00b1 2 large)<br \/>\nHavana Percolator 6, 350 ml, \u00d810-17cm x 19 cm, 531gr, 6 expresso&#8217;s (\u00b1 3 large)<\/p>\n<p><a href=\"https:\/\/eurotrail.info\/wp\/wp-content\/uploads\/2023\/12\/ETKW5616-5621-Percolator-manual-24.pdf\">Manual Percolator<\/a><\/p>\n","protected":false},"excerpt":{"rendered":"<p>Prepare el mejor caf\u00e9 con la cafetera Havana. Es apta para gas, vitrocer\u00e1mica, hal\u00f3gena el\u00e9ctrica o inducci\u00f3n. La llamativa cafetera octogonal de aluminio es f\u00e1cil&hellip;<\/p>\n","protected":false},"featured_media":28157,"comment_status":"open","ping_status":"closed","template":"","meta":{"_acf_changed":false},"product_brand":[],"product_cat":[387,337],"product_tag":[],"class_list":{"0":"post-28553","1":"product","2":"type-product","3":"status-publish","4":"has-post-thumbnail","6":"product_cat-cafetera-percoladora","7":"product_cat-domestico","9":"first","10":"instock","11":"shipping-taxable","12":"product-type-simple"},"acf":[],"yoast_head":"<!-- This site is optimized with the Yoast SEO plugin v27.3 - https:\/\/yoast.com\/product\/yoast-seo-wordpress\/ -->\n<title>Havana cafetera de inducci\u00f3n 3\/6 - Eurotrail | The way we camp!<\/title>\n<meta name=\"description\" content=\"Prepare el mejor caf\u00e9 con la cafetera Havana. Es apta para gas, vitrocer\u00e1mica, hal\u00f3gena el\u00e9ctrica o inducci\u00f3n.\" \/>\n<meta name=\"robots\" content=\"index, follow, max-snippet:-1, max-image-preview:large, max-video-preview:-1\" \/>\n<link rel=\"canonical\" href=\"https:\/\/eurotrail.info\/es\/producten\/domestico\/cafetera-percoladora\/havanna-inductie-percolator-koffie-maker-3-6\/\" \/>\n<meta property=\"og:locale\" content=\"es_ES\" \/>\n<meta property=\"og:type\" content=\"article\" \/>\n<meta property=\"og:title\" content=\"Havana cafetera de inducci\u00f3n 3\/6 - Eurotrail | The way we camp!\" \/>\n<meta property=\"og:description\" content=\"Prepare el mejor caf\u00e9 con la cafetera Havana. Es apta para gas, vitrocer\u00e1mica, hal\u00f3gena el\u00e9ctrica o inducci\u00f3n.\" \/>\n<meta property=\"og:url\" content=\"https:\/\/eurotrail.info\/es\/producten\/domestico\/cafetera-percoladora\/havanna-inductie-percolator-koffie-maker-3-6\/\" \/>\n<meta property=\"og:site_name\" content=\"Eurotrail | The way we camp!\" \/>\n<meta property=\"article:modified_time\" content=\"2026-01-08T10:30:12+00:00\" \/>\n<meta property=\"og:image\" content=\"https:\/\/eurotrail.info\/wp\/wp-content\/uploads\/2026\/01\/perco-zwart-1-scaled.jpg\" \/>\n\t<meta property=\"og:image:width\" content=\"1809\" \/>\n\t<meta property=\"og:image:height\" content=\"2560\" \/>\n\t<meta property=\"og:image:type\" content=\"image\/jpeg\" \/>\n<meta name=\"twitter:card\" content=\"summary_large_image\" \/>\n<meta name=\"twitter:label1\" content=\"Tiempo de lectura\" \/>\n\t<meta name=\"twitter:data1\" content=\"2 minutes\" \/>\n<script type=\"application\/ld+json\" class=\"yoast-schema-graph\">{\"@context\":\"https:\\\/\\\/schema.org\",\"@graph\":[{\"@type\":\"WebPage\",\"@id\":\"https:\\\/\\\/eurotrail.info\\\/es\\\/producten\\\/domestico\\\/cafetera-percoladora\\\/havanna-inductie-percolator-koffie-maker-3-6\\\/\",\"url\":\"https:\\\/\\\/eurotrail.info\\\/es\\\/producten\\\/domestico\\\/cafetera-percoladora\\\/havanna-inductie-percolator-koffie-maker-3-6\\\/\",\"name\":\"Havana cafetera de inducci\u00f3n 3\\\/6 - Eurotrail | The way we camp!\",\"isPartOf\":{\"@id\":\"https:\\\/\\\/eurotrail.info\\\/#website\"},\"primaryImageOfPage\":{\"@id\":\"https:\\\/\\\/eurotrail.info\\\/es\\\/producten\\\/domestico\\\/cafetera-percoladora\\\/havanna-inductie-percolator-koffie-maker-3-6\\\/#primaryimage\"},\"image\":{\"@id\":\"https:\\\/\\\/eurotrail.info\\\/es\\\/producten\\\/domestico\\\/cafetera-percoladora\\\/havanna-inductie-percolator-koffie-maker-3-6\\\/#primaryimage\"},\"thumbnailUrl\":\"https:\\\/\\\/eurotrail.info\\\/wp\\\/wp-content\\\/uploads\\\/2026\\\/01\\\/perco-zwart-1-scaled.jpg\",\"datePublished\":\"2026-01-07T10:58:21+00:00\",\"dateModified\":\"2026-01-08T10:30:12+00:00\",\"description\":\"Prepare el mejor caf\u00e9 con la cafetera Havana. Es apta para gas, vitrocer\u00e1mica, hal\u00f3gena el\u00e9ctrica o inducci\u00f3n.\",\"breadcrumb\":{\"@id\":\"https:\\\/\\\/eurotrail.info\\\/es\\\/producten\\\/domestico\\\/cafetera-percoladora\\\/havanna-inductie-percolator-koffie-maker-3-6\\\/#breadcrumb\"},\"inLanguage\":\"es-ES\",\"potentialAction\":[{\"@type\":\"ReadAction\",\"target\":[\"https:\\\/\\\/eurotrail.info\\\/es\\\/producten\\\/domestico\\\/cafetera-percoladora\\\/havanna-inductie-percolator-koffie-maker-3-6\\\/\"]}]},{\"@type\":\"ImageObject\",\"inLanguage\":\"es-ES\",\"@id\":\"https:\\\/\\\/eurotrail.info\\\/es\\\/producten\\\/domestico\\\/cafetera-percoladora\\\/havanna-inductie-percolator-koffie-maker-3-6\\\/#primaryimage\",\"url\":\"https:\\\/\\\/eurotrail.info\\\/wp\\\/wp-content\\\/uploads\\\/2026\\\/01\\\/perco-zwart-1-scaled.jpg\",\"contentUrl\":\"https:\\\/\\\/eurotrail.info\\\/wp\\\/wp-content\\\/uploads\\\/2026\\\/01\\\/perco-zwart-1-scaled.jpg\",\"width\":1809,\"height\":2560},{\"@type\":\"BreadcrumbList\",\"@id\":\"https:\\\/\\\/eurotrail.info\\\/es\\\/producten\\\/domestico\\\/cafetera-percoladora\\\/havanna-inductie-percolator-koffie-maker-3-6\\\/#breadcrumb\",\"itemListElement\":[{\"@type\":\"ListItem\",\"position\":1,\"name\":\"Home\",\"item\":\"https:\\\/\\\/eurotrail.info\\\/es\\\/\"},{\"@type\":\"ListItem\",\"position\":2,\"name\":\"Productos\",\"item\":\"https:\\\/\\\/eurotrail.info\\\/es\\\/productos\\\/\"},{\"@type\":\"ListItem\",\"position\":3,\"name\":\"Havana cafetera de inducci\u00f3n 3\\\/6\"}]},{\"@type\":\"WebSite\",\"@id\":\"https:\\\/\\\/eurotrail.info\\\/#website\",\"url\":\"https:\\\/\\\/eurotrail.info\\\/\",\"name\":\"Eurotrail | The way we camp!\",\"description\":\"\",\"publisher\":{\"@id\":\"https:\\\/\\\/eurotrail.info\\\/#organization\"},\"potentialAction\":[{\"@type\":\"SearchAction\",\"target\":{\"@type\":\"EntryPoint\",\"urlTemplate\":\"https:\\\/\\\/eurotrail.info\\\/?s={search_term_string}\"},\"query-input\":{\"@type\":\"PropertyValueSpecification\",\"valueRequired\":true,\"valueName\":\"search_term_string\"}}],\"inLanguage\":\"es-ES\"},{\"@type\":\"Organization\",\"@id\":\"https:\\\/\\\/eurotrail.info\\\/#organization\",\"name\":\"Eurotrail | The way we camp!\",\"url\":\"https:\\\/\\\/eurotrail.info\\\/\",\"logo\":{\"@type\":\"ImageObject\",\"inLanguage\":\"es-ES\",\"@id\":\"https:\\\/\\\/eurotrail.info\\\/#\\\/schema\\\/logo\\\/image\\\/\",\"url\":\"https:\\\/\\\/eurotrail.info\\\/wp\\\/wp-content\\\/uploads\\\/2023\\\/07\\\/ET-logo-quote_NL-scaled.jpg\",\"contentUrl\":\"https:\\\/\\\/eurotrail.info\\\/wp\\\/wp-content\\\/uploads\\\/2023\\\/07\\\/ET-logo-quote_NL-scaled.jpg\",\"width\":2560,\"height\":675,\"caption\":\"Eurotrail | The way we camp!\"},\"image\":{\"@id\":\"https:\\\/\\\/eurotrail.info\\\/#\\\/schema\\\/logo\\\/image\\\/\"}}]}<\/script>\n<!-- \/ Yoast SEO plugin. -->","yoast_head_json":{"title":"Havana cafetera de inducci\u00f3n 3\/6 - Eurotrail | The way we camp!","description":"Prepare el mejor caf\u00e9 con la cafetera Havana. Es apta para gas, vitrocer\u00e1mica, hal\u00f3gena el\u00e9ctrica o inducci\u00f3n.","robots":{"index":"index","follow":"follow","max-snippet":"max-snippet:-1","max-image-preview":"max-image-preview:large","max-video-preview":"max-video-preview:-1"},"canonical":"https:\/\/eurotrail.info\/es\/producten\/domestico\/cafetera-percoladora\/havanna-inductie-percolator-koffie-maker-3-6\/","og_locale":"es_ES","og_type":"article","og_title":"Havana cafetera de inducci\u00f3n 3\/6 - Eurotrail | The way we camp!","og_description":"Prepare el mejor caf\u00e9 con la cafetera Havana. Es apta para gas, vitrocer\u00e1mica, hal\u00f3gena el\u00e9ctrica o inducci\u00f3n.","og_url":"https:\/\/eurotrail.info\/es\/producten\/domestico\/cafetera-percoladora\/havanna-inductie-percolator-koffie-maker-3-6\/","og_site_name":"Eurotrail | The way we camp!","article_modified_time":"2026-01-08T10:30:12+00:00","og_image":[{"width":1809,"height":2560,"url":"https:\/\/eurotrail.info\/wp\/wp-content\/uploads\/2026\/01\/perco-zwart-1-scaled.jpg","type":"image\/jpeg"}],"twitter_card":"summary_large_image","twitter_misc":{"Tiempo de lectura":"2 minutes"},"schema":{"@context":"https:\/\/schema.org","@graph":[{"@type":"WebPage","@id":"https:\/\/eurotrail.info\/es\/producten\/domestico\/cafetera-percoladora\/havanna-inductie-percolator-koffie-maker-3-6\/","url":"https:\/\/eurotrail.info\/es\/producten\/domestico\/cafetera-percoladora\/havanna-inductie-percolator-koffie-maker-3-6\/","name":"Havana cafetera de inducci\u00f3n 3\/6 - Eurotrail | The way we camp!","isPartOf":{"@id":"https:\/\/eurotrail.info\/#website"},"primaryImageOfPage":{"@id":"https:\/\/eurotrail.info\/es\/producten\/domestico\/cafetera-percoladora\/havanna-inductie-percolator-koffie-maker-3-6\/#primaryimage"},"image":{"@id":"https:\/\/eurotrail.info\/es\/producten\/domestico\/cafetera-percoladora\/havanna-inductie-percolator-koffie-maker-3-6\/#primaryimage"},"thumbnailUrl":"https:\/\/eurotrail.info\/wp\/wp-content\/uploads\/2026\/01\/perco-zwart-1-scaled.jpg","datePublished":"2026-01-07T10:58:21+00:00","dateModified":"2026-01-08T10:30:12+00:00","description":"Prepare el mejor caf\u00e9 con la cafetera Havana. Es apta para gas, vitrocer\u00e1mica, hal\u00f3gena el\u00e9ctrica o inducci\u00f3n.","breadcrumb":{"@id":"https:\/\/eurotrail.info\/es\/producten\/domestico\/cafetera-percoladora\/havanna-inductie-percolator-koffie-maker-3-6\/#breadcrumb"},"inLanguage":"es-ES","potentialAction":[{"@type":"ReadAction","target":["https:\/\/eurotrail.info\/es\/producten\/domestico\/cafetera-percoladora\/havanna-inductie-percolator-koffie-maker-3-6\/"]}]},{"@type":"ImageObject","inLanguage":"es-ES","@id":"https:\/\/eurotrail.info\/es\/producten\/domestico\/cafetera-percoladora\/havanna-inductie-percolator-koffie-maker-3-6\/#primaryimage","url":"https:\/\/eurotrail.info\/wp\/wp-content\/uploads\/2026\/01\/perco-zwart-1-scaled.jpg","contentUrl":"https:\/\/eurotrail.info\/wp\/wp-content\/uploads\/2026\/01\/perco-zwart-1-scaled.jpg","width":1809,"height":2560},{"@type":"BreadcrumbList","@id":"https:\/\/eurotrail.info\/es\/producten\/domestico\/cafetera-percoladora\/havanna-inductie-percolator-koffie-maker-3-6\/#breadcrumb","itemListElement":[{"@type":"ListItem","position":1,"name":"Home","item":"https:\/\/eurotrail.info\/es\/"},{"@type":"ListItem","position":2,"name":"Productos","item":"https:\/\/eurotrail.info\/es\/productos\/"},{"@type":"ListItem","position":3,"name":"Havana cafetera de inducci\u00f3n 3\/6"}]},{"@type":"WebSite","@id":"https:\/\/eurotrail.info\/#website","url":"https:\/\/eurotrail.info\/","name":"Eurotrail | The way we camp!","description":"","publisher":{"@id":"https:\/\/eurotrail.info\/#organization"},"potentialAction":[{"@type":"SearchAction","target":{"@type":"EntryPoint","urlTemplate":"https:\/\/eurotrail.info\/?s={search_term_string}"},"query-input":{"@type":"PropertyValueSpecification","valueRequired":true,"valueName":"search_term_string"}}],"inLanguage":"es-ES"},{"@type":"Organization","@id":"https:\/\/eurotrail.info\/#organization","name":"Eurotrail | The way we camp!","url":"https:\/\/eurotrail.info\/","logo":{"@type":"ImageObject","inLanguage":"es-ES","@id":"https:\/\/eurotrail.info\/#\/schema\/logo\/image\/","url":"https:\/\/eurotrail.info\/wp\/wp-content\/uploads\/2023\/07\/ET-logo-quote_NL-scaled.jpg","contentUrl":"https:\/\/eurotrail.info\/wp\/wp-content\/uploads\/2023\/07\/ET-logo-quote_NL-scaled.jpg","width":2560,"height":675,"caption":"Eurotrail | The way we camp!"},"image":{"@id":"https:\/\/eurotrail.info\/#\/schema\/logo\/image\/"}}]}},"_links":{"self":[{"href":"https:\/\/eurotrail.info\/es\/wp-json\/wp\/v2\/product\/28553","targetHints":{"allow":["GET"]}}],"collection":[{"href":"https:\/\/eurotrail.info\/es\/wp-json\/wp\/v2\/product"}],"about":[{"href":"https:\/\/eurotrail.info\/es\/wp-json\/wp\/v2\/types\/product"}],"replies":[{"embeddable":true,"href":"https:\/\/eurotrail.info\/es\/wp-json\/wp\/v2\/comments?post=28553"}],"wp:featuredmedia":[{"embeddable":true,"href":"https:\/\/eurotrail.info\/es\/wp-json\/wp\/v2\/media\/28157"}],"wp:attachment":[{"href":"https:\/\/eurotrail.info\/es\/wp-json\/wp\/v2\/media?parent=28553"}],"wp:term":[{"taxonomy":"product_brand","embeddable":true,"href":"https:\/\/eurotrail.info\/es\/wp-json\/wp\/v2\/product_brand?post=28553"},{"taxonomy":"product_cat","embeddable":true,"href":"https:\/\/eurotrail.info\/es\/wp-json\/wp\/v2\/product_cat?post=28553"},{"taxonomy":"product_tag","embeddable":true,"href":"https:\/\/eurotrail.info\/es\/wp-json\/wp\/v2\/product_tag?post=28553"}],"curies":[{"name":"wp","href":"https:\/\/api.w.org\/{rel}","templated":true}]}}