{"id":28565,"date":"2026-01-07T11:11:24","date_gmt":"2026-01-07T10:11:24","guid":{"rendered":"https:\/\/eurotrail.info\/?post_type=product&#038;p=28565"},"modified":"2026-01-08T11:52:54","modified_gmt":"2026-01-08T10:52:54","slug":"florence-12-piezas-recicladas","status":"publish","type":"product","link":"https:\/\/eurotrail.info\/es\/producten\/domestico\/vajilla\/florence-12-piezas-recicladas\/","title":{"rendered":"Florence 12 piezas (recicladas)"},"content":{"rendered":"<p>Vajilla de RPET: Elegante, Segura y Responsable<\/p>\n<p>Nueva vajilla fabricada con material RPET 100 % reciclado. Estos productos innovadores y ecol\u00f3gicos se fabrican a partir de botellas de agua de PET recicladas y ofrecen una alternativa sostenible a la vajilla tradicional.<br \/>\nLa vajilla de RPET no solo es resistente y ligera, ideal para acampar, sino que tambi\u00e9n resiste temperaturas de hasta 120 \u00b0C y es apta para lavavajillas. Gracias a la tecnolog\u00eda de refuerzo, es m\u00e1s duradera que el PET est\u00e1ndar y dura mucho tiempo, incluso con un uso diario intensivo.<br \/>\nAdem\u00e1s, el material RPET cumple con las m\u00e1s estrictas normas europeas de seguridad alimentaria (certificado por LFGB y EFSA), est\u00e1 libre de BPA\/PVC, plastificantes y metales pesados, y contribuye a la econom\u00eda circular gracias a su reutilizaci\u00f3n y reciclabilidad.<\/p>\n<p>Con esta vajilla, ofrecemos a los amantes del camping una opci\u00f3n responsable que combina comodidad, seguridad y sostenibilidad.<\/p>\n<p>Disponemos de vasos a juego como opci\u00f3n.<\/p>\n<p>Material: 82 % RPET, 6 % PP, 12 % silicatos<br \/>\nPlato llano \u00d827,5 x 2,2 cm 379 g<br \/>\nPlato peque\u00f1o \u00d822 x 2,1 cm 225 g<br \/>\nCuenco \u00d814 x 5,6 cm 172 g<\/p>\n<p>Vajilla fabricada con material 100 % RPET reciclado, una alternativa sostenible a la vajilla tradicional.<\/p>\n","protected":false},"excerpt":{"rendered":"<p>Vajilla de RPET: Elegante, Segura y Responsable Nueva vajilla fabricada con material RPET 100 % reciclado. Estos productos innovadores y ecol\u00f3gicos se fabrican a partir&hellip;<\/p>\n","protected":false},"featured_media":28118,"comment_status":"open","ping_status":"closed","template":"","meta":{"_acf_changed":false},"product_brand":[],"product_cat":[337,345],"product_tag":[],"class_list":{"0":"post-28565","1":"product","2":"type-product","3":"status-publish","4":"has-post-thumbnail","6":"product_cat-domestico","7":"product_cat-vajilla","9":"first","10":"instock","11":"shipping-taxable","12":"product-type-simple"},"acf":[],"yoast_head":"<!-- This site is optimized with the Yoast SEO plugin v27.3 - https:\/\/yoast.com\/product\/yoast-seo-wordpress\/ -->\n<title>Florence 12 piezas (recicladas) - Eurotrail | The way we camp!<\/title>\n<meta name=\"description\" content=\"Vajilla fabricada con material 100 % RPET reciclado, una alternativa sostenible a la vajilla tradicional.\" \/>\n<meta name=\"robots\" content=\"index, follow, max-snippet:-1, max-image-preview:large, max-video-preview:-1\" \/>\n<link rel=\"canonical\" href=\"https:\/\/eurotrail.info\/es\/producten\/domestico\/vajilla\/florence-12-piezas-recicladas\/\" \/>\n<meta property=\"og:locale\" content=\"es_ES\" \/>\n<meta property=\"og:type\" content=\"article\" \/>\n<meta property=\"og:title\" content=\"Florence 12 piezas (recicladas) - Eurotrail | The way we camp!\" \/>\n<meta property=\"og:description\" content=\"Vajilla fabricada con material 100 % RPET reciclado, una alternativa sostenible a la vajilla tradicional.\" \/>\n<meta property=\"og:url\" content=\"https:\/\/eurotrail.info\/es\/producten\/domestico\/vajilla\/florence-12-piezas-recicladas\/\" \/>\n<meta property=\"og:site_name\" content=\"Eurotrail | The way we camp!\" \/>\n<meta property=\"article:modified_time\" content=\"2026-01-08T10:52:54+00:00\" \/>\n<meta property=\"og:image\" content=\"https:\/\/eurotrail.info\/wp\/wp-content\/uploads\/2026\/01\/set-D2-scaled.jpg\" \/>\n\t<meta property=\"og:image:width\" content=\"2560\" \/>\n\t<meta property=\"og:image:height\" content=\"2320\" \/>\n\t<meta property=\"og:image:type\" content=\"image\/jpeg\" \/>\n<meta name=\"twitter:card\" content=\"summary_large_image\" \/>\n<meta name=\"twitter:label1\" content=\"Tiempo de lectura\" \/>\n\t<meta name=\"twitter:data1\" content=\"2 minutes\" \/>\n<script type=\"application\/ld+json\" class=\"yoast-schema-graph\">{\"@context\":\"https:\\\/\\\/schema.org\",\"@graph\":[{\"@type\":\"WebPage\",\"@id\":\"https:\\\/\\\/eurotrail.info\\\/es\\\/producten\\\/domestico\\\/vajilla\\\/florence-12-piezas-recicladas\\\/\",\"url\":\"https:\\\/\\\/eurotrail.info\\\/es\\\/producten\\\/domestico\\\/vajilla\\\/florence-12-piezas-recicladas\\\/\",\"name\":\"Florence 12 piezas (recicladas) - Eurotrail | The way we camp!\",\"isPartOf\":{\"@id\":\"https:\\\/\\\/eurotrail.info\\\/#website\"},\"primaryImageOfPage\":{\"@id\":\"https:\\\/\\\/eurotrail.info\\\/es\\\/producten\\\/domestico\\\/vajilla\\\/florence-12-piezas-recicladas\\\/#primaryimage\"},\"image\":{\"@id\":\"https:\\\/\\\/eurotrail.info\\\/es\\\/producten\\\/domestico\\\/vajilla\\\/florence-12-piezas-recicladas\\\/#primaryimage\"},\"thumbnailUrl\":\"https:\\\/\\\/eurotrail.info\\\/wp\\\/wp-content\\\/uploads\\\/2026\\\/01\\\/set-D2-scaled.jpg\",\"datePublished\":\"2026-01-07T10:11:24+00:00\",\"dateModified\":\"2026-01-08T10:52:54+00:00\",\"description\":\"Vajilla fabricada con material 100 % RPET reciclado, una alternativa sostenible a la vajilla tradicional.\",\"breadcrumb\":{\"@id\":\"https:\\\/\\\/eurotrail.info\\\/es\\\/producten\\\/domestico\\\/vajilla\\\/florence-12-piezas-recicladas\\\/#breadcrumb\"},\"inLanguage\":\"es-ES\",\"potentialAction\":[{\"@type\":\"ReadAction\",\"target\":[\"https:\\\/\\\/eurotrail.info\\\/es\\\/producten\\\/domestico\\\/vajilla\\\/florence-12-piezas-recicladas\\\/\"]}]},{\"@type\":\"ImageObject\",\"inLanguage\":\"es-ES\",\"@id\":\"https:\\\/\\\/eurotrail.info\\\/es\\\/producten\\\/domestico\\\/vajilla\\\/florence-12-piezas-recicladas\\\/#primaryimage\",\"url\":\"https:\\\/\\\/eurotrail.info\\\/wp\\\/wp-content\\\/uploads\\\/2026\\\/01\\\/set-D2-scaled.jpg\",\"contentUrl\":\"https:\\\/\\\/eurotrail.info\\\/wp\\\/wp-content\\\/uploads\\\/2026\\\/01\\\/set-D2-scaled.jpg\",\"width\":2560,\"height\":2320,\"caption\":\"Duurzaam Camping Tafelservies van 100% Gerecycled Materiaal\"},{\"@type\":\"BreadcrumbList\",\"@id\":\"https:\\\/\\\/eurotrail.info\\\/es\\\/producten\\\/domestico\\\/vajilla\\\/florence-12-piezas-recicladas\\\/#breadcrumb\",\"itemListElement\":[{\"@type\":\"ListItem\",\"position\":1,\"name\":\"Home\",\"item\":\"https:\\\/\\\/eurotrail.info\\\/es\\\/\"},{\"@type\":\"ListItem\",\"position\":2,\"name\":\"Productos\",\"item\":\"https:\\\/\\\/eurotrail.info\\\/es\\\/productos\\\/\"},{\"@type\":\"ListItem\",\"position\":3,\"name\":\"Florence 12 piezas (recicladas)\"}]},{\"@type\":\"WebSite\",\"@id\":\"https:\\\/\\\/eurotrail.info\\\/#website\",\"url\":\"https:\\\/\\\/eurotrail.info\\\/\",\"name\":\"Eurotrail | The way we camp!\",\"description\":\"\",\"publisher\":{\"@id\":\"https:\\\/\\\/eurotrail.info\\\/#organization\"},\"potentialAction\":[{\"@type\":\"SearchAction\",\"target\":{\"@type\":\"EntryPoint\",\"urlTemplate\":\"https:\\\/\\\/eurotrail.info\\\/?s={search_term_string}\"},\"query-input\":{\"@type\":\"PropertyValueSpecification\",\"valueRequired\":true,\"valueName\":\"search_term_string\"}}],\"inLanguage\":\"es-ES\"},{\"@type\":\"Organization\",\"@id\":\"https:\\\/\\\/eurotrail.info\\\/#organization\",\"name\":\"Eurotrail | The way we camp!\",\"url\":\"https:\\\/\\\/eurotrail.info\\\/\",\"logo\":{\"@type\":\"ImageObject\",\"inLanguage\":\"es-ES\",\"@id\":\"https:\\\/\\\/eurotrail.info\\\/#\\\/schema\\\/logo\\\/image\\\/\",\"url\":\"https:\\\/\\\/eurotrail.info\\\/wp\\\/wp-content\\\/uploads\\\/2023\\\/07\\\/ET-logo-quote_NL-scaled.jpg\",\"contentUrl\":\"https:\\\/\\\/eurotrail.info\\\/wp\\\/wp-content\\\/uploads\\\/2023\\\/07\\\/ET-logo-quote_NL-scaled.jpg\",\"width\":2560,\"height\":675,\"caption\":\"Eurotrail | The way we camp!\"},\"image\":{\"@id\":\"https:\\\/\\\/eurotrail.info\\\/#\\\/schema\\\/logo\\\/image\\\/\"}}]}<\/script>\n<!-- \/ Yoast SEO plugin. -->","yoast_head_json":{"title":"Florence 12 piezas (recicladas) - Eurotrail | The way we camp!","description":"Vajilla fabricada con material 100 % RPET reciclado, una alternativa sostenible a la vajilla tradicional.","robots":{"index":"index","follow":"follow","max-snippet":"max-snippet:-1","max-image-preview":"max-image-preview:large","max-video-preview":"max-video-preview:-1"},"canonical":"https:\/\/eurotrail.info\/es\/producten\/domestico\/vajilla\/florence-12-piezas-recicladas\/","og_locale":"es_ES","og_type":"article","og_title":"Florence 12 piezas (recicladas) - Eurotrail | The way we camp!","og_description":"Vajilla fabricada con material 100 % RPET reciclado, una alternativa sostenible a la vajilla tradicional.","og_url":"https:\/\/eurotrail.info\/es\/producten\/domestico\/vajilla\/florence-12-piezas-recicladas\/","og_site_name":"Eurotrail | The way we camp!","article_modified_time":"2026-01-08T10:52:54+00:00","og_image":[{"width":2560,"height":2320,"url":"https:\/\/eurotrail.info\/wp\/wp-content\/uploads\/2026\/01\/set-D2-scaled.jpg","type":"image\/jpeg"}],"twitter_card":"summary_large_image","twitter_misc":{"Tiempo de lectura":"2 minutes"},"schema":{"@context":"https:\/\/schema.org","@graph":[{"@type":"WebPage","@id":"https:\/\/eurotrail.info\/es\/producten\/domestico\/vajilla\/florence-12-piezas-recicladas\/","url":"https:\/\/eurotrail.info\/es\/producten\/domestico\/vajilla\/florence-12-piezas-recicladas\/","name":"Florence 12 piezas (recicladas) - Eurotrail | The way we camp!","isPartOf":{"@id":"https:\/\/eurotrail.info\/#website"},"primaryImageOfPage":{"@id":"https:\/\/eurotrail.info\/es\/producten\/domestico\/vajilla\/florence-12-piezas-recicladas\/#primaryimage"},"image":{"@id":"https:\/\/eurotrail.info\/es\/producten\/domestico\/vajilla\/florence-12-piezas-recicladas\/#primaryimage"},"thumbnailUrl":"https:\/\/eurotrail.info\/wp\/wp-content\/uploads\/2026\/01\/set-D2-scaled.jpg","datePublished":"2026-01-07T10:11:24+00:00","dateModified":"2026-01-08T10:52:54+00:00","description":"Vajilla fabricada con material 100 % RPET reciclado, una alternativa sostenible a la vajilla tradicional.","breadcrumb":{"@id":"https:\/\/eurotrail.info\/es\/producten\/domestico\/vajilla\/florence-12-piezas-recicladas\/#breadcrumb"},"inLanguage":"es-ES","potentialAction":[{"@type":"ReadAction","target":["https:\/\/eurotrail.info\/es\/producten\/domestico\/vajilla\/florence-12-piezas-recicladas\/"]}]},{"@type":"ImageObject","inLanguage":"es-ES","@id":"https:\/\/eurotrail.info\/es\/producten\/domestico\/vajilla\/florence-12-piezas-recicladas\/#primaryimage","url":"https:\/\/eurotrail.info\/wp\/wp-content\/uploads\/2026\/01\/set-D2-scaled.jpg","contentUrl":"https:\/\/eurotrail.info\/wp\/wp-content\/uploads\/2026\/01\/set-D2-scaled.jpg","width":2560,"height":2320,"caption":"Duurzaam Camping Tafelservies van 100% Gerecycled Materiaal"},{"@type":"BreadcrumbList","@id":"https:\/\/eurotrail.info\/es\/producten\/domestico\/vajilla\/florence-12-piezas-recicladas\/#breadcrumb","itemListElement":[{"@type":"ListItem","position":1,"name":"Home","item":"https:\/\/eurotrail.info\/es\/"},{"@type":"ListItem","position":2,"name":"Productos","item":"https:\/\/eurotrail.info\/es\/productos\/"},{"@type":"ListItem","position":3,"name":"Florence 12 piezas (recicladas)"}]},{"@type":"WebSite","@id":"https:\/\/eurotrail.info\/#website","url":"https:\/\/eurotrail.info\/","name":"Eurotrail | The way we camp!","description":"","publisher":{"@id":"https:\/\/eurotrail.info\/#organization"},"potentialAction":[{"@type":"SearchAction","target":{"@type":"EntryPoint","urlTemplate":"https:\/\/eurotrail.info\/?s={search_term_string}"},"query-input":{"@type":"PropertyValueSpecification","valueRequired":true,"valueName":"search_term_string"}}],"inLanguage":"es-ES"},{"@type":"Organization","@id":"https:\/\/eurotrail.info\/#organization","name":"Eurotrail | The way we camp!","url":"https:\/\/eurotrail.info\/","logo":{"@type":"ImageObject","inLanguage":"es-ES","@id":"https:\/\/eurotrail.info\/#\/schema\/logo\/image\/","url":"https:\/\/eurotrail.info\/wp\/wp-content\/uploads\/2023\/07\/ET-logo-quote_NL-scaled.jpg","contentUrl":"https:\/\/eurotrail.info\/wp\/wp-content\/uploads\/2023\/07\/ET-logo-quote_NL-scaled.jpg","width":2560,"height":675,"caption":"Eurotrail | The way we camp!"},"image":{"@id":"https:\/\/eurotrail.info\/#\/schema\/logo\/image\/"}}]}},"_links":{"self":[{"href":"https:\/\/eurotrail.info\/es\/wp-json\/wp\/v2\/product\/28565","targetHints":{"allow":["GET"]}}],"collection":[{"href":"https:\/\/eurotrail.info\/es\/wp-json\/wp\/v2\/product"}],"about":[{"href":"https:\/\/eurotrail.info\/es\/wp-json\/wp\/v2\/types\/product"}],"replies":[{"embeddable":true,"href":"https:\/\/eurotrail.info\/es\/wp-json\/wp\/v2\/comments?post=28565"}],"wp:featuredmedia":[{"embeddable":true,"href":"https:\/\/eurotrail.info\/es\/wp-json\/wp\/v2\/media\/28118"}],"wp:attachment":[{"href":"https:\/\/eurotrail.info\/es\/wp-json\/wp\/v2\/media?parent=28565"}],"wp:term":[{"taxonomy":"product_brand","embeddable":true,"href":"https:\/\/eurotrail.info\/es\/wp-json\/wp\/v2\/product_brand?post=28565"},{"taxonomy":"product_cat","embeddable":true,"href":"https:\/\/eurotrail.info\/es\/wp-json\/wp\/v2\/product_cat?post=28565"},{"taxonomy":"product_tag","embeddable":true,"href":"https:\/\/eurotrail.info\/es\/wp-json\/wp\/v2\/product_tag?post=28565"}],"curies":[{"name":"wp","href":"https:\/\/api.w.org\/{rel}","templated":true}]}}