{"id":28755,"date":"2026-01-09T11:46:33","date_gmt":"2026-01-09T10:46:33","guid":{"rendered":"https:\/\/eurotrail.info\/?post_type=product&#038;p=28755"},"modified":"2026-01-22T10:28:02","modified_gmt":"2026-01-22T09:28:02","slug":"vaso-para-cerveza-especial-470-ml","status":"publish","type":"product","link":"https:\/\/eurotrail.info\/es\/producten\/domestico\/vidrio-casi-irrompible-policarbonato\/vaso-para-cerveza-especial-470-ml\/","title":{"rendered":"Vaso para Cerveza Especial 470 ml"},"content":{"rendered":"<p>Vaso cl\u00e1sico para cerveza artesanal para disfrutar al m\u00e1ximo<br \/>\nPara los amantes de la cerveza artesanal, este vaso es imprescindible. Su forma peque\u00f1a, redonda y cl\u00e1sica complementa a la perfecci\u00f3n los vasos tradicionales para cerveza artesanal y garantiza que los aromas y sabores se expresen plenamente.<br \/>\nCon una capacidad de 470 ml, el vaso tiene el tama\u00f1o perfecto para servir una botella entera de cerveza artesanal, incluyendo una bonita espuma. Ideal para momentos de relax en el camping, el jard\u00edn o en casa.<br \/>\nUn vaso atemporal que a\u00f1ade ese toque especial a la experiencia de beber cerveza artesanal.<\/p>\n<p>Material: Pl\u00e1stico TRITAN<br \/>\nCapacidad: 470 ml<br \/>\nPeso: 133 g<\/p>\n","protected":false},"excerpt":{"rendered":"<p>Vaso cl\u00e1sico para cerveza artesanal para disfrutar al m\u00e1ximo Para los amantes de la cerveza artesanal, este vaso es imprescindible. Su forma peque\u00f1a, redonda y&hellip;<\/p>\n","protected":false},"featured_media":30666,"comment_status":"open","ping_status":"closed","template":"","meta":{"_acf_changed":false},"product_brand":[],"product_cat":[337,340],"product_tag":[],"class_list":{"0":"post-28755","1":"product","2":"type-product","3":"status-publish","4":"has-post-thumbnail","6":"product_cat-domestico","7":"product_cat-vidrio-casi-irrompible-policarbonato","9":"first","10":"instock","11":"shipping-taxable","12":"product-type-simple"},"acf":[],"yoast_head":"<!-- This site is optimized with the Yoast SEO plugin v27.3 - https:\/\/yoast.com\/product\/yoast-seo-wordpress\/ -->\n<title>Vaso para Cerveza Especial 470 ml - Eurotrail | The way we camp!<\/title>\n<meta name=\"description\" content=\"Vaso especial para tu cerveza especial.Este vaso te permite servir tu cerveza especial de una sola vez.\" \/>\n<meta name=\"robots\" content=\"index, follow, max-snippet:-1, max-image-preview:large, max-video-preview:-1\" \/>\n<link rel=\"canonical\" href=\"https:\/\/eurotrail.info\/es\/producten\/domestico\/vidrio-casi-irrompible-policarbonato\/vaso-para-cerveza-especial-470-ml\/\" \/>\n<meta property=\"og:locale\" content=\"es_ES\" \/>\n<meta property=\"og:type\" content=\"article\" \/>\n<meta property=\"og:title\" content=\"Vaso para Cerveza Especial 470 ml - Eurotrail | The way we camp!\" \/>\n<meta property=\"og:description\" content=\"Vaso especial para tu cerveza especial.Este vaso te permite servir tu cerveza especial de una sola vez.\" \/>\n<meta property=\"og:url\" content=\"https:\/\/eurotrail.info\/es\/producten\/domestico\/vidrio-casi-irrompible-policarbonato\/vaso-para-cerveza-especial-470-ml\/\" \/>\n<meta property=\"og:site_name\" content=\"Eurotrail | The way we camp!\" \/>\n<meta property=\"article:modified_time\" content=\"2026-01-22T09:28:02+00:00\" \/>\n<meta property=\"og:image\" content=\"https:\/\/eurotrail.info\/wp\/wp-content\/uploads\/2026\/01\/ChatGPT-Image-8-jan-2026-14_25_00.png\" \/>\n\t<meta property=\"og:image:width\" content=\"1024\" \/>\n\t<meta property=\"og:image:height\" content=\"1536\" \/>\n\t<meta property=\"og:image:type\" content=\"image\/png\" \/>\n<meta name=\"twitter:card\" content=\"summary_large_image\" \/>\n<meta name=\"twitter:label1\" content=\"Tiempo de lectura\" \/>\n\t<meta name=\"twitter:data1\" content=\"1 minute\" \/>\n<script type=\"application\/ld+json\" class=\"yoast-schema-graph\">{\"@context\":\"https:\\\/\\\/schema.org\",\"@graph\":[{\"@type\":\"WebPage\",\"@id\":\"https:\\\/\\\/eurotrail.info\\\/es\\\/producten\\\/domestico\\\/vidrio-casi-irrompible-policarbonato\\\/vaso-para-cerveza-especial-470-ml\\\/\",\"url\":\"https:\\\/\\\/eurotrail.info\\\/es\\\/producten\\\/domestico\\\/vidrio-casi-irrompible-policarbonato\\\/vaso-para-cerveza-especial-470-ml\\\/\",\"name\":\"Vaso para Cerveza Especial 470 ml - Eurotrail | The way we camp!\",\"isPartOf\":{\"@id\":\"https:\\\/\\\/eurotrail.info\\\/#website\"},\"primaryImageOfPage\":{\"@id\":\"https:\\\/\\\/eurotrail.info\\\/es\\\/producten\\\/domestico\\\/vidrio-casi-irrompible-policarbonato\\\/vaso-para-cerveza-especial-470-ml\\\/#primaryimage\"},\"image\":{\"@id\":\"https:\\\/\\\/eurotrail.info\\\/es\\\/producten\\\/domestico\\\/vidrio-casi-irrompible-policarbonato\\\/vaso-para-cerveza-especial-470-ml\\\/#primaryimage\"},\"thumbnailUrl\":\"https:\\\/\\\/eurotrail.info\\\/wp\\\/wp-content\\\/uploads\\\/2026\\\/01\\\/ChatGPT-Image-23-mrt-2026-08_55_10.png\",\"datePublished\":\"2026-01-09T10:46:33+00:00\",\"dateModified\":\"2026-01-22T09:28:02+00:00\",\"description\":\"Vaso especial para tu cerveza especial.Este vaso te permite servir tu cerveza especial de una sola vez.\",\"breadcrumb\":{\"@id\":\"https:\\\/\\\/eurotrail.info\\\/es\\\/producten\\\/domestico\\\/vidrio-casi-irrompible-policarbonato\\\/vaso-para-cerveza-especial-470-ml\\\/#breadcrumb\"},\"inLanguage\":\"es-ES\",\"potentialAction\":[{\"@type\":\"ReadAction\",\"target\":[\"https:\\\/\\\/eurotrail.info\\\/es\\\/producten\\\/domestico\\\/vidrio-casi-irrompible-policarbonato\\\/vaso-para-cerveza-especial-470-ml\\\/\"]}]},{\"@type\":\"ImageObject\",\"inLanguage\":\"es-ES\",\"@id\":\"https:\\\/\\\/eurotrail.info\\\/es\\\/producten\\\/domestico\\\/vidrio-casi-irrompible-policarbonato\\\/vaso-para-cerveza-especial-470-ml\\\/#primaryimage\",\"url\":\"https:\\\/\\\/eurotrail.info\\\/wp\\\/wp-content\\\/uploads\\\/2026\\\/01\\\/ChatGPT-Image-23-mrt-2026-08_55_10.png\",\"contentUrl\":\"https:\\\/\\\/eurotrail.info\\\/wp\\\/wp-content\\\/uploads\\\/2026\\\/01\\\/ChatGPT-Image-23-mrt-2026-08_55_10.png\",\"width\":1536,\"height\":1024},{\"@type\":\"BreadcrumbList\",\"@id\":\"https:\\\/\\\/eurotrail.info\\\/es\\\/producten\\\/domestico\\\/vidrio-casi-irrompible-policarbonato\\\/vaso-para-cerveza-especial-470-ml\\\/#breadcrumb\",\"itemListElement\":[{\"@type\":\"ListItem\",\"position\":1,\"name\":\"Home\",\"item\":\"https:\\\/\\\/eurotrail.info\\\/es\\\/\"},{\"@type\":\"ListItem\",\"position\":2,\"name\":\"Productos\",\"item\":\"https:\\\/\\\/eurotrail.info\\\/es\\\/productos\\\/\"},{\"@type\":\"ListItem\",\"position\":3,\"name\":\"Vaso para Cerveza Especial 470 ml\"}]},{\"@type\":\"WebSite\",\"@id\":\"https:\\\/\\\/eurotrail.info\\\/#website\",\"url\":\"https:\\\/\\\/eurotrail.info\\\/\",\"name\":\"Eurotrail | The way we camp!\",\"description\":\"\",\"publisher\":{\"@id\":\"https:\\\/\\\/eurotrail.info\\\/#organization\"},\"potentialAction\":[{\"@type\":\"SearchAction\",\"target\":{\"@type\":\"EntryPoint\",\"urlTemplate\":\"https:\\\/\\\/eurotrail.info\\\/?s={search_term_string}\"},\"query-input\":{\"@type\":\"PropertyValueSpecification\",\"valueRequired\":true,\"valueName\":\"search_term_string\"}}],\"inLanguage\":\"es-ES\"},{\"@type\":\"Organization\",\"@id\":\"https:\\\/\\\/eurotrail.info\\\/#organization\",\"name\":\"Eurotrail | The way we camp!\",\"url\":\"https:\\\/\\\/eurotrail.info\\\/\",\"logo\":{\"@type\":\"ImageObject\",\"inLanguage\":\"es-ES\",\"@id\":\"https:\\\/\\\/eurotrail.info\\\/#\\\/schema\\\/logo\\\/image\\\/\",\"url\":\"https:\\\/\\\/eurotrail.info\\\/wp\\\/wp-content\\\/uploads\\\/2023\\\/07\\\/ET-logo-quote_NL-scaled.jpg\",\"contentUrl\":\"https:\\\/\\\/eurotrail.info\\\/wp\\\/wp-content\\\/uploads\\\/2023\\\/07\\\/ET-logo-quote_NL-scaled.jpg\",\"width\":2560,\"height\":675,\"caption\":\"Eurotrail | The way we camp!\"},\"image\":{\"@id\":\"https:\\\/\\\/eurotrail.info\\\/#\\\/schema\\\/logo\\\/image\\\/\"}}]}<\/script>\n<!-- \/ Yoast SEO plugin. -->","yoast_head_json":{"title":"Vaso para Cerveza Especial 470 ml - Eurotrail | The way we camp!","description":"Vaso especial para tu cerveza especial.Este vaso te permite servir tu cerveza especial de una sola vez.","robots":{"index":"index","follow":"follow","max-snippet":"max-snippet:-1","max-image-preview":"max-image-preview:large","max-video-preview":"max-video-preview:-1"},"canonical":"https:\/\/eurotrail.info\/es\/producten\/domestico\/vidrio-casi-irrompible-policarbonato\/vaso-para-cerveza-especial-470-ml\/","og_locale":"es_ES","og_type":"article","og_title":"Vaso para Cerveza Especial 470 ml - Eurotrail | The way we camp!","og_description":"Vaso especial para tu cerveza especial.Este vaso te permite servir tu cerveza especial de una sola vez.","og_url":"https:\/\/eurotrail.info\/es\/producten\/domestico\/vidrio-casi-irrompible-policarbonato\/vaso-para-cerveza-especial-470-ml\/","og_site_name":"Eurotrail | The way we camp!","article_modified_time":"2026-01-22T09:28:02+00:00","og_image":[{"width":1024,"height":1536,"url":"https:\/\/eurotrail.info\/wp\/wp-content\/uploads\/2026\/01\/ChatGPT-Image-8-jan-2026-14_25_00.png","type":"image\/png"}],"twitter_card":"summary_large_image","twitter_misc":{"Tiempo de lectura":"1 minute"},"schema":{"@context":"https:\/\/schema.org","@graph":[{"@type":"WebPage","@id":"https:\/\/eurotrail.info\/es\/producten\/domestico\/vidrio-casi-irrompible-policarbonato\/vaso-para-cerveza-especial-470-ml\/","url":"https:\/\/eurotrail.info\/es\/producten\/domestico\/vidrio-casi-irrompible-policarbonato\/vaso-para-cerveza-especial-470-ml\/","name":"Vaso para Cerveza Especial 470 ml - Eurotrail | The way we camp!","isPartOf":{"@id":"https:\/\/eurotrail.info\/#website"},"primaryImageOfPage":{"@id":"https:\/\/eurotrail.info\/es\/producten\/domestico\/vidrio-casi-irrompible-policarbonato\/vaso-para-cerveza-especial-470-ml\/#primaryimage"},"image":{"@id":"https:\/\/eurotrail.info\/es\/producten\/domestico\/vidrio-casi-irrompible-policarbonato\/vaso-para-cerveza-especial-470-ml\/#primaryimage"},"thumbnailUrl":"https:\/\/eurotrail.info\/wp\/wp-content\/uploads\/2026\/01\/ChatGPT-Image-23-mrt-2026-08_55_10.png","datePublished":"2026-01-09T10:46:33+00:00","dateModified":"2026-01-22T09:28:02+00:00","description":"Vaso especial para tu cerveza especial.Este vaso te permite servir tu cerveza especial de una sola vez.","breadcrumb":{"@id":"https:\/\/eurotrail.info\/es\/producten\/domestico\/vidrio-casi-irrompible-policarbonato\/vaso-para-cerveza-especial-470-ml\/#breadcrumb"},"inLanguage":"es-ES","potentialAction":[{"@type":"ReadAction","target":["https:\/\/eurotrail.info\/es\/producten\/domestico\/vidrio-casi-irrompible-policarbonato\/vaso-para-cerveza-especial-470-ml\/"]}]},{"@type":"ImageObject","inLanguage":"es-ES","@id":"https:\/\/eurotrail.info\/es\/producten\/domestico\/vidrio-casi-irrompible-policarbonato\/vaso-para-cerveza-especial-470-ml\/#primaryimage","url":"https:\/\/eurotrail.info\/wp\/wp-content\/uploads\/2026\/01\/ChatGPT-Image-23-mrt-2026-08_55_10.png","contentUrl":"https:\/\/eurotrail.info\/wp\/wp-content\/uploads\/2026\/01\/ChatGPT-Image-23-mrt-2026-08_55_10.png","width":1536,"height":1024},{"@type":"BreadcrumbList","@id":"https:\/\/eurotrail.info\/es\/producten\/domestico\/vidrio-casi-irrompible-policarbonato\/vaso-para-cerveza-especial-470-ml\/#breadcrumb","itemListElement":[{"@type":"ListItem","position":1,"name":"Home","item":"https:\/\/eurotrail.info\/es\/"},{"@type":"ListItem","position":2,"name":"Productos","item":"https:\/\/eurotrail.info\/es\/productos\/"},{"@type":"ListItem","position":3,"name":"Vaso para Cerveza Especial 470 ml"}]},{"@type":"WebSite","@id":"https:\/\/eurotrail.info\/#website","url":"https:\/\/eurotrail.info\/","name":"Eurotrail | The way we camp!","description":"","publisher":{"@id":"https:\/\/eurotrail.info\/#organization"},"potentialAction":[{"@type":"SearchAction","target":{"@type":"EntryPoint","urlTemplate":"https:\/\/eurotrail.info\/?s={search_term_string}"},"query-input":{"@type":"PropertyValueSpecification","valueRequired":true,"valueName":"search_term_string"}}],"inLanguage":"es-ES"},{"@type":"Organization","@id":"https:\/\/eurotrail.info\/#organization","name":"Eurotrail | The way we camp!","url":"https:\/\/eurotrail.info\/","logo":{"@type":"ImageObject","inLanguage":"es-ES","@id":"https:\/\/eurotrail.info\/#\/schema\/logo\/image\/","url":"https:\/\/eurotrail.info\/wp\/wp-content\/uploads\/2023\/07\/ET-logo-quote_NL-scaled.jpg","contentUrl":"https:\/\/eurotrail.info\/wp\/wp-content\/uploads\/2023\/07\/ET-logo-quote_NL-scaled.jpg","width":2560,"height":675,"caption":"Eurotrail | The way we camp!"},"image":{"@id":"https:\/\/eurotrail.info\/#\/schema\/logo\/image\/"}}]}},"_links":{"self":[{"href":"https:\/\/eurotrail.info\/es\/wp-json\/wp\/v2\/product\/28755","targetHints":{"allow":["GET"]}}],"collection":[{"href":"https:\/\/eurotrail.info\/es\/wp-json\/wp\/v2\/product"}],"about":[{"href":"https:\/\/eurotrail.info\/es\/wp-json\/wp\/v2\/types\/product"}],"replies":[{"embeddable":true,"href":"https:\/\/eurotrail.info\/es\/wp-json\/wp\/v2\/comments?post=28755"}],"wp:featuredmedia":[{"embeddable":true,"href":"https:\/\/eurotrail.info\/es\/wp-json\/wp\/v2\/media\/30666"}],"wp:attachment":[{"href":"https:\/\/eurotrail.info\/es\/wp-json\/wp\/v2\/media?parent=28755"}],"wp:term":[{"taxonomy":"product_brand","embeddable":true,"href":"https:\/\/eurotrail.info\/es\/wp-json\/wp\/v2\/product_brand?post=28755"},{"taxonomy":"product_cat","embeddable":true,"href":"https:\/\/eurotrail.info\/es\/wp-json\/wp\/v2\/product_cat?post=28755"},{"taxonomy":"product_tag","embeddable":true,"href":"https:\/\/eurotrail.info\/es\/wp-json\/wp\/v2\/product_tag?post=28755"}],"curies":[{"name":"wp","href":"https:\/\/api.w.org\/{rel}","templated":true}]}}