{"id":29487,"date":"2026-02-03T10:27:16","date_gmt":"2026-02-03T09:27:16","guid":{"rendered":"https:\/\/eurotrail.info\/?post_type=product&#038;p=29487"},"modified":"2026-03-19T12:04:16","modified_gmt":"2026-03-19T11:04:16","slug":"bomba-compresora-recargable-para-inflar-tienda","status":"publish","type":"product","link":"https:\/\/eurotrail.info\/es\/producten\/accesorios\/zapatillas\/bomba-compresora-recargable-para-inflar-tienda\/","title":{"rendered":"Bomba compresora recargable para inflar tienda"},"content":{"rendered":"<p>Bomba compacta de alta presi\u00f3n<\/p>\n<p>Bomba compresora especial, recargable y muy compacta, ideal para inflar tiendas de campa\u00f1a. Basta con enroscar la bomba en la v\u00e1lvula para inflar el tubo. En cuanto se alcanza la presi\u00f3n m\u00e1xima (6PSI), la bomba se desconecta autom\u00e1ticamente.<\/p>\n<p>La bomba es muy compacta, recargable y muy pr\u00e1ctica. (no est\u00e1 equipada con v\u00e1lvula limitadora de presi\u00f3n).<\/p>\n<p>Conexi\u00f3n de la v\u00e1lvula: \u00d822,5 mm<br \/>\nPresi\u00f3n de aire: 6 PSI<br \/>\nPotencia: 23 W<br \/>\nBater\u00eda de litio: 2000 mAh CC 7,4 V \/ 5 V-1 A<br \/>\nM\u00e9todo de carga: USB-C<br \/>\nCaudal de aire: 30 litros\/min<br \/>\nNivel de ruido: Inferior a 80 dB<br \/>\nDimensiones: 16 x 8,5 x 8 cm<br \/>\nMaterial: ABS<br \/>\nPeso: 600 g<br \/>\nTiempo de uso: 25-30 minutos<br \/>\nTiempo de carga: 3-4 horas<\/p>\n","protected":false},"excerpt":{"rendered":"<p>Bomba compacta de alta presi\u00f3n Bomba compresora especial, recargable y muy compacta, ideal para inflar tiendas de campa\u00f1a. Basta con enroscar la bomba en la&hellip;<\/p>\n","protected":false},"featured_media":29482,"comment_status":"open","ping_status":"closed","template":"","meta":{"_acf_changed":false},"product_brand":[],"product_cat":[371,324],"product_tag":[],"class_list":{"0":"post-29487","1":"product","2":"type-product","3":"status-publish","4":"has-post-thumbnail","6":"product_cat-carpas-inflables-airtube","7":"product_cat-zapatillas","9":"first","10":"instock","11":"shipping-taxable","12":"product-type-simple"},"acf":[],"yoast_head":"<!-- This site is optimized with the Yoast SEO plugin v27.3 - https:\/\/yoast.com\/product\/yoast-seo-wordpress\/ -->\n<title>Bomba compresora recargable para inflar tienda - Eurotrail | The way we camp!<\/title>\n<meta name=\"description\" content=\"Bomba compresora especial, recargable y muy compacta, ideal para inflar tiendas de campa\u00f1a. Basta con enroscar la bomba en la v\u00e1lvula para inflar el tubo\" \/>\n<meta name=\"robots\" content=\"index, follow, max-snippet:-1, max-image-preview:large, max-video-preview:-1\" \/>\n<link rel=\"canonical\" href=\"https:\/\/eurotrail.info\/es\/producten\/accesorios\/zapatillas\/bomba-compresora-recargable-para-inflar-tienda\/\" \/>\n<meta property=\"og:locale\" content=\"es_ES\" \/>\n<meta property=\"og:type\" content=\"article\" \/>\n<meta property=\"og:title\" content=\"Bomba compresora recargable para inflar tienda - Eurotrail | The way we camp!\" \/>\n<meta property=\"og:description\" content=\"Bomba compresora especial, recargable y muy compacta, ideal para inflar tiendas de campa\u00f1a. Basta con enroscar la bomba en la v\u00e1lvula para inflar el tubo\" \/>\n<meta property=\"og:url\" content=\"https:\/\/eurotrail.info\/es\/producten\/accesorios\/zapatillas\/bomba-compresora-recargable-para-inflar-tienda\/\" \/>\n<meta property=\"og:site_name\" content=\"Eurotrail | The way we camp!\" \/>\n<meta property=\"article:modified_time\" content=\"2026-03-19T11:04:16+00:00\" \/>\n<meta property=\"og:image\" content=\"https:\/\/eurotrail.info\/wp\/wp-content\/uploads\/2026\/02\/ETIC2024-Pressure-Pump_Acc_25-scaled.jpg\" \/>\n\t<meta property=\"og:image:width\" content=\"2151\" \/>\n\t<meta property=\"og:image:height\" content=\"2560\" \/>\n\t<meta property=\"og:image:type\" content=\"image\/jpeg\" \/>\n<meta name=\"twitter:card\" content=\"summary_large_image\" \/>\n<meta name=\"twitter:label1\" content=\"Tiempo de lectura\" \/>\n\t<meta name=\"twitter:data1\" content=\"1 minute\" \/>\n<script type=\"application\/ld+json\" class=\"yoast-schema-graph\">{\"@context\":\"https:\\\/\\\/schema.org\",\"@graph\":[{\"@type\":\"WebPage\",\"@id\":\"https:\\\/\\\/eurotrail.info\\\/es\\\/producten\\\/accesorios\\\/zapatillas\\\/bomba-compresora-recargable-para-inflar-tienda\\\/\",\"url\":\"https:\\\/\\\/eurotrail.info\\\/es\\\/producten\\\/accesorios\\\/zapatillas\\\/bomba-compresora-recargable-para-inflar-tienda\\\/\",\"name\":\"Bomba compresora recargable para inflar tienda - Eurotrail | The way we camp!\",\"isPartOf\":{\"@id\":\"https:\\\/\\\/eurotrail.info\\\/#website\"},\"primaryImageOfPage\":{\"@id\":\"https:\\\/\\\/eurotrail.info\\\/es\\\/producten\\\/accesorios\\\/zapatillas\\\/bomba-compresora-recargable-para-inflar-tienda\\\/#primaryimage\"},\"image\":{\"@id\":\"https:\\\/\\\/eurotrail.info\\\/es\\\/producten\\\/accesorios\\\/zapatillas\\\/bomba-compresora-recargable-para-inflar-tienda\\\/#primaryimage\"},\"thumbnailUrl\":\"https:\\\/\\\/eurotrail.info\\\/wp\\\/wp-content\\\/uploads\\\/2026\\\/02\\\/ETIC2024-Pressure-Pump_Acc_25-scaled.jpg\",\"datePublished\":\"2026-02-03T09:27:16+00:00\",\"dateModified\":\"2026-03-19T11:04:16+00:00\",\"description\":\"Bomba compresora especial, recargable y muy compacta, ideal para inflar tiendas de campa\u00f1a. Basta con enroscar la bomba en la v\u00e1lvula para inflar el tubo\",\"breadcrumb\":{\"@id\":\"https:\\\/\\\/eurotrail.info\\\/es\\\/producten\\\/accesorios\\\/zapatillas\\\/bomba-compresora-recargable-para-inflar-tienda\\\/#breadcrumb\"},\"inLanguage\":\"es-ES\",\"potentialAction\":[{\"@type\":\"ReadAction\",\"target\":[\"https:\\\/\\\/eurotrail.info\\\/es\\\/producten\\\/accesorios\\\/zapatillas\\\/bomba-compresora-recargable-para-inflar-tienda\\\/\"]}]},{\"@type\":\"ImageObject\",\"inLanguage\":\"es-ES\",\"@id\":\"https:\\\/\\\/eurotrail.info\\\/es\\\/producten\\\/accesorios\\\/zapatillas\\\/bomba-compresora-recargable-para-inflar-tienda\\\/#primaryimage\",\"url\":\"https:\\\/\\\/eurotrail.info\\\/wp\\\/wp-content\\\/uploads\\\/2026\\\/02\\\/ETIC2024-Pressure-Pump_Acc_25-scaled.jpg\",\"contentUrl\":\"https:\\\/\\\/eurotrail.info\\\/wp\\\/wp-content\\\/uploads\\\/2026\\\/02\\\/ETIC2024-Pressure-Pump_Acc_25-scaled.jpg\",\"width\":2151,\"height\":2560},{\"@type\":\"BreadcrumbList\",\"@id\":\"https:\\\/\\\/eurotrail.info\\\/es\\\/producten\\\/accesorios\\\/zapatillas\\\/bomba-compresora-recargable-para-inflar-tienda\\\/#breadcrumb\",\"itemListElement\":[{\"@type\":\"ListItem\",\"position\":1,\"name\":\"Home\",\"item\":\"https:\\\/\\\/eurotrail.info\\\/es\\\/\"},{\"@type\":\"ListItem\",\"position\":2,\"name\":\"Productos\",\"item\":\"https:\\\/\\\/eurotrail.info\\\/es\\\/productos\\\/\"},{\"@type\":\"ListItem\",\"position\":3,\"name\":\"Bomba compresora recargable para inflar tienda\"}]},{\"@type\":\"WebSite\",\"@id\":\"https:\\\/\\\/eurotrail.info\\\/#website\",\"url\":\"https:\\\/\\\/eurotrail.info\\\/\",\"name\":\"Eurotrail | The way we camp!\",\"description\":\"\",\"publisher\":{\"@id\":\"https:\\\/\\\/eurotrail.info\\\/#organization\"},\"potentialAction\":[{\"@type\":\"SearchAction\",\"target\":{\"@type\":\"EntryPoint\",\"urlTemplate\":\"https:\\\/\\\/eurotrail.info\\\/?s={search_term_string}\"},\"query-input\":{\"@type\":\"PropertyValueSpecification\",\"valueRequired\":true,\"valueName\":\"search_term_string\"}}],\"inLanguage\":\"es-ES\"},{\"@type\":\"Organization\",\"@id\":\"https:\\\/\\\/eurotrail.info\\\/#organization\",\"name\":\"Eurotrail | The way we camp!\",\"url\":\"https:\\\/\\\/eurotrail.info\\\/\",\"logo\":{\"@type\":\"ImageObject\",\"inLanguage\":\"es-ES\",\"@id\":\"https:\\\/\\\/eurotrail.info\\\/#\\\/schema\\\/logo\\\/image\\\/\",\"url\":\"https:\\\/\\\/eurotrail.info\\\/wp\\\/wp-content\\\/uploads\\\/2023\\\/07\\\/ET-logo-quote_NL-scaled.jpg\",\"contentUrl\":\"https:\\\/\\\/eurotrail.info\\\/wp\\\/wp-content\\\/uploads\\\/2023\\\/07\\\/ET-logo-quote_NL-scaled.jpg\",\"width\":2560,\"height\":675,\"caption\":\"Eurotrail | The way we camp!\"},\"image\":{\"@id\":\"https:\\\/\\\/eurotrail.info\\\/#\\\/schema\\\/logo\\\/image\\\/\"}}]}<\/script>\n<!-- \/ Yoast SEO plugin. -->","yoast_head_json":{"title":"Bomba compresora recargable para inflar tienda - Eurotrail | The way we camp!","description":"Bomba compresora especial, recargable y muy compacta, ideal para inflar tiendas de campa\u00f1a. Basta con enroscar la bomba en la v\u00e1lvula para inflar el tubo","robots":{"index":"index","follow":"follow","max-snippet":"max-snippet:-1","max-image-preview":"max-image-preview:large","max-video-preview":"max-video-preview:-1"},"canonical":"https:\/\/eurotrail.info\/es\/producten\/accesorios\/zapatillas\/bomba-compresora-recargable-para-inflar-tienda\/","og_locale":"es_ES","og_type":"article","og_title":"Bomba compresora recargable para inflar tienda - Eurotrail | The way we camp!","og_description":"Bomba compresora especial, recargable y muy compacta, ideal para inflar tiendas de campa\u00f1a. Basta con enroscar la bomba en la v\u00e1lvula para inflar el tubo","og_url":"https:\/\/eurotrail.info\/es\/producten\/accesorios\/zapatillas\/bomba-compresora-recargable-para-inflar-tienda\/","og_site_name":"Eurotrail | The way we camp!","article_modified_time":"2026-03-19T11:04:16+00:00","og_image":[{"width":2151,"height":2560,"url":"https:\/\/eurotrail.info\/wp\/wp-content\/uploads\/2026\/02\/ETIC2024-Pressure-Pump_Acc_25-scaled.jpg","type":"image\/jpeg"}],"twitter_card":"summary_large_image","twitter_misc":{"Tiempo de lectura":"1 minute"},"schema":{"@context":"https:\/\/schema.org","@graph":[{"@type":"WebPage","@id":"https:\/\/eurotrail.info\/es\/producten\/accesorios\/zapatillas\/bomba-compresora-recargable-para-inflar-tienda\/","url":"https:\/\/eurotrail.info\/es\/producten\/accesorios\/zapatillas\/bomba-compresora-recargable-para-inflar-tienda\/","name":"Bomba compresora recargable para inflar tienda - Eurotrail | The way we camp!","isPartOf":{"@id":"https:\/\/eurotrail.info\/#website"},"primaryImageOfPage":{"@id":"https:\/\/eurotrail.info\/es\/producten\/accesorios\/zapatillas\/bomba-compresora-recargable-para-inflar-tienda\/#primaryimage"},"image":{"@id":"https:\/\/eurotrail.info\/es\/producten\/accesorios\/zapatillas\/bomba-compresora-recargable-para-inflar-tienda\/#primaryimage"},"thumbnailUrl":"https:\/\/eurotrail.info\/wp\/wp-content\/uploads\/2026\/02\/ETIC2024-Pressure-Pump_Acc_25-scaled.jpg","datePublished":"2026-02-03T09:27:16+00:00","dateModified":"2026-03-19T11:04:16+00:00","description":"Bomba compresora especial, recargable y muy compacta, ideal para inflar tiendas de campa\u00f1a. Basta con enroscar la bomba en la v\u00e1lvula para inflar el tubo","breadcrumb":{"@id":"https:\/\/eurotrail.info\/es\/producten\/accesorios\/zapatillas\/bomba-compresora-recargable-para-inflar-tienda\/#breadcrumb"},"inLanguage":"es-ES","potentialAction":[{"@type":"ReadAction","target":["https:\/\/eurotrail.info\/es\/producten\/accesorios\/zapatillas\/bomba-compresora-recargable-para-inflar-tienda\/"]}]},{"@type":"ImageObject","inLanguage":"es-ES","@id":"https:\/\/eurotrail.info\/es\/producten\/accesorios\/zapatillas\/bomba-compresora-recargable-para-inflar-tienda\/#primaryimage","url":"https:\/\/eurotrail.info\/wp\/wp-content\/uploads\/2026\/02\/ETIC2024-Pressure-Pump_Acc_25-scaled.jpg","contentUrl":"https:\/\/eurotrail.info\/wp\/wp-content\/uploads\/2026\/02\/ETIC2024-Pressure-Pump_Acc_25-scaled.jpg","width":2151,"height":2560},{"@type":"BreadcrumbList","@id":"https:\/\/eurotrail.info\/es\/producten\/accesorios\/zapatillas\/bomba-compresora-recargable-para-inflar-tienda\/#breadcrumb","itemListElement":[{"@type":"ListItem","position":1,"name":"Home","item":"https:\/\/eurotrail.info\/es\/"},{"@type":"ListItem","position":2,"name":"Productos","item":"https:\/\/eurotrail.info\/es\/productos\/"},{"@type":"ListItem","position":3,"name":"Bomba compresora recargable para inflar tienda"}]},{"@type":"WebSite","@id":"https:\/\/eurotrail.info\/#website","url":"https:\/\/eurotrail.info\/","name":"Eurotrail | The way we camp!","description":"","publisher":{"@id":"https:\/\/eurotrail.info\/#organization"},"potentialAction":[{"@type":"SearchAction","target":{"@type":"EntryPoint","urlTemplate":"https:\/\/eurotrail.info\/?s={search_term_string}"},"query-input":{"@type":"PropertyValueSpecification","valueRequired":true,"valueName":"search_term_string"}}],"inLanguage":"es-ES"},{"@type":"Organization","@id":"https:\/\/eurotrail.info\/#organization","name":"Eurotrail | The way we camp!","url":"https:\/\/eurotrail.info\/","logo":{"@type":"ImageObject","inLanguage":"es-ES","@id":"https:\/\/eurotrail.info\/#\/schema\/logo\/image\/","url":"https:\/\/eurotrail.info\/wp\/wp-content\/uploads\/2023\/07\/ET-logo-quote_NL-scaled.jpg","contentUrl":"https:\/\/eurotrail.info\/wp\/wp-content\/uploads\/2023\/07\/ET-logo-quote_NL-scaled.jpg","width":2560,"height":675,"caption":"Eurotrail | The way we camp!"},"image":{"@id":"https:\/\/eurotrail.info\/#\/schema\/logo\/image\/"}}]}},"_links":{"self":[{"href":"https:\/\/eurotrail.info\/es\/wp-json\/wp\/v2\/product\/29487","targetHints":{"allow":["GET"]}}],"collection":[{"href":"https:\/\/eurotrail.info\/es\/wp-json\/wp\/v2\/product"}],"about":[{"href":"https:\/\/eurotrail.info\/es\/wp-json\/wp\/v2\/types\/product"}],"replies":[{"embeddable":true,"href":"https:\/\/eurotrail.info\/es\/wp-json\/wp\/v2\/comments?post=29487"}],"wp:featuredmedia":[{"embeddable":true,"href":"https:\/\/eurotrail.info\/es\/wp-json\/wp\/v2\/media\/29482"}],"wp:attachment":[{"href":"https:\/\/eurotrail.info\/es\/wp-json\/wp\/v2\/media?parent=29487"}],"wp:term":[{"taxonomy":"product_brand","embeddable":true,"href":"https:\/\/eurotrail.info\/es\/wp-json\/wp\/v2\/product_brand?post=29487"},{"taxonomy":"product_cat","embeddable":true,"href":"https:\/\/eurotrail.info\/es\/wp-json\/wp\/v2\/product_cat?post=29487"},{"taxonomy":"product_tag","embeddable":true,"href":"https:\/\/eurotrail.info\/es\/wp-json\/wp\/v2\/product_tag?post=29487"}],"curies":[{"name":"wp","href":"https:\/\/api.w.org\/{rel}","templated":true}]}}