{"id":10102,"date":"2016-02-26T15:18:17","date_gmt":"2016-02-26T14:18:17","guid":{"rendered":"https:\/\/eurotrail.info\/producten\/caravan-tent-combi-luifel\/"},"modified":"2021-11-25T13:35:53","modified_gmt":"2021-11-25T12:35:53","slug":"caravan-tent-combi-luifel","status":"publish","type":"product","link":"https:\/\/eurotrail.info\/fr\/producten\/caravane-camping-car-bus\/auvents-de-caravane\/caravan-tent-combi-luifel\/","title":{"rendered":"Auvent combin\u00e9 pour caravane ou auvent."},"content":{"rendered":"<p>Auvent combin\u00e9 pour caravane ou auvent. Utilisez-le comme pare-soleil sur votre auvent ou tirez-le dans le rail de tuyauterie de votre caravane.<\/p>\n<p>Lorsque vous l&#8217;utilisez comme pare-soleil devant votre auvent, montez les oeillets en plastique (fournis) aux 3 points renforc\u00e9s PVC devant. (vous n&#8217;avez besoin d&#8217;aucun outil pour monter les rivets, voir les instructions de montage et de montage dans le manuel ci-dessous)<br \/>\nIl y a des manchons de poteau en 2 parties \u00e0 l&#8217;avant afin que des poteaux crois\u00e9s suppl\u00e9mentaires puissent \u00eatre install\u00e9s. Sur le c\u00f4t\u00e9 droit et gauche de la tuyauterie, il y a un triangle en PVC pour ancrer le store pour l&#8217;emp\u00eacher de glisser.<\/p>\n<p>L&#8217;auvent 240 est \u00e9quip\u00e9 d&#8217;un passepoil 7 + 6mm pour s&#8217;adapter \u00e0 la caravane mais aussi fixer facilement le cadre de la tente avec un bloc passepoil sans percer dans la caravane ! (voir l&#8217;image)<\/p>\n<p>Instruction pour la fixation des anneaux :\u00a0<a href=\"https:\/\/eurotrail.info\/wp\/wp-content\/uploads\/2020\/11\/Manuel-dutilisation-Eurotrail-Combi-Auvent_FR.pdf\">Manuel d&#8217;utilisation Eurotrail Combi Auvent_FR<\/a><\/p>\n<p>Des parois lat\u00e9rales sp\u00e9ciales sont disponibles en option pour cr\u00e9er plus d&#8217;abri.<\/p>\n<p>Nr. \u00a0 \u00a0 \u00a0 \u00a0 Dim. conf\u00e9rence A \u00a0 \u00a0 Dim. goutti\u00e8re B\u00a0 \u00a0Dim. de toile<br \/>\n04 \u00a0 \u00a0 \u00a0 \u00a0 \u00a0675-700cm\u00a0 \u00a0 \u00a0 \u00a0 \u00a0 \u00a0 \u00a0 \u00a0 144-155cm\u00a0 \u00a0 \u00a0 \u00a0 \u00a0 \u00a0335x240cm<br \/>\n05 \u00a0 \u00a0 \u00a0 \u00a0 \u00a0700-725cm\u00a0 \u00a0 \u00a0 \u00a0 \u00a0 \u00a0 \u00a0 \u00a0 156-168cm\u00a0 \u00a0 \u00a0 \u00a0 \u00a0 \u00a0361x240cm<br \/>\n06 \u00a0 \u00a0 \u00a0 \u00a0 \u00a0725-750cm\u00a0 \u00a0 \u00a0 \u00a0 \u00a0 \u00a0 \u00a0 \u00a0 169-180cm\u00a0 \u00a0 \u00a0 \u00a0 \u00a0 \u00a0385x240cm<br \/>\n07 \u00a0 \u00a0 \u00a0 \u00a0\u00a0 750-775cm\u00a0 \u00a0 \u00a0 \u00a0 \u00a0 \u00a0 \u00a0 \u00a0 181-193cm\u00a0 \u00a0 \u00a0 \u00a0 \u00a0 \u00a0411x240cm<br \/>\n08 \u00a0 \u00a0 \u00a0 \u00a0\u00a0 775-800cm\u00a0 \u00a0 \u00a0 \u00a0 \u00a0 \u00a0 \u00a0 \u00a0 194-205cm\u00a0 \u00a0 \u00a0 \u00a0 \u00a0 \u00a0435x240cm<br \/>\n09 \u00a0 \u00a0 \u00a0 \u00a0 \u00a0800-825cm\u00a0 \u00a0 \u00a0 \u00a0 \u00a0 \u00a0 \u00a0 \u00a0 206-218cm\u00a0 \u00a0 \u00a0 \u00a0 \u00a0 \u00a0461x240cm<br \/>\n10 \u00a0 \u00a0 \u00a0\u00a0 \u00a0 825-850cm\u00a0 \u00a0 \u00a0 \u00a0 \u00a0 \u00a0 \u00a0 \u00a0 219-230cm\u00a0 \u00a0 \u00a0 \u00a0 \u00a0 \u00a0485x240cm<br \/>\n11 \u00a0 \u00a0 \u00a0 \u00a0\u00a0 850-875cm\u00a0 \u00a0 \u00a0 \u00a0 \u00a0 \u00a0 \u00a0 \u00a0 231-243cm\u00a0 \u00a0 \u00a0 \u00a0 \u00a0 \u00a0511x240cm<br \/>\n12 \u00a0 \u00a0 \u00a0 \u00a0 \u00a0875-900cm\u00a0 \u00a0 \u00a0 \u00a0 \u00a0 \u00a0 \u00a0 \u00a0 244-255cm\u00a0 \u00a0 \u00a0 \u00a0 \u00a0 \u00a0535x240cm<br \/>\n13 \u00a0 \u00a0 \u00a0 \u00a0 \u00a0900-925cm\u00a0 \u00a0 \u00a0 \u00a0 \u00a0 \u00a0 \u00a0 \u00a0 256-268cm\u00a0 \u00a0 \u00a0 \u00a0 \u00a0 \u00a0561x240cm<br \/>\n14 \u00a0 \u00a0 \u00a0 \u00a0 \u00a0925-950cm\u00a0 \u00a0 \u00a0 \u00a0 \u00a0 \u00a0 \u00a0 \u00a0 269-280cm\u00a0 \u00a0 \u00a0 \u00a0 \u00a0 \u00a0585x240cm<br \/>\n15 \u00a0 \u00a0 \u00a0 \u00a0 \u00a0950-975cm\u00a0 \u00a0 \u00a0 \u00a0 \u00a0 \u00a0 \u00a0 \u00a0 281-293cm\u00a0 \u00a0 \u00a0 \u00a0 \u00a0 \u00a0611x240cm<br \/>\n16 \u00a0 \u00a0 \u00a0 \u00a0 975-1000cm\u00a0 \u00a0 \u00a0 \u00a0 \u00a0 \u00a0 \u00a0 \u00a0294-307cm\u00a0 \u00a0 \u00a0 \u00a0 \u00a0 \u00a0637x240cm<br \/>\n17 \u00a0 \u00a0 \u00a0 1000-1025cm\u00a0 \u00a0 \u00a0 \u00a0 \u00a0 \u00a0 \u00a0 308-321cm \u00a0 \u00a0 \u00a0 \u00a0 \u00a0 \u00a0663x240cm<\/p>\n","protected":false},"excerpt":{"rendered":"<p>Auvent combin\u00e9 pour caravane ou auvent. Utilisez-le comme pare-soleil sur votre auvent ou tirez-le dans le rail de tuyauterie de votre caravane. Lorsque vous l&#8217;utilisez&hellip;<\/p>\n","protected":false},"featured_media":10107,"comment_status":"open","ping_status":"closed","template":"","meta":{"_acf_changed":false},"product_brand":[],"product_cat":[240],"product_tag":[],"class_list":{"0":"post-10102","1":"product","2":"type-product","3":"status-publish","4":"has-post-thumbnail","6":"product_cat-auvents-de-caravane","8":"first","9":"instock","10":"shipping-taxable","11":"product-type-simple"},"acf":[],"yoast_head":"<!-- This site is optimized with the Yoast SEO plugin v27.3 - https:\/\/yoast.com\/product\/yoast-seo-wordpress\/ -->\n<title>Auvent combin\u00e9 pour caravane ou auvent. - Eurotrail | The way we camp!<\/title>\n<meta name=\"description\" content=\"Auvent combin\u00e9 pour caravane ou auvent. Utilisez-le comme pare-soleil sur votre auvent ou tirez-le dans le rail de tuyauterie de votre caravane.\" \/>\n<meta name=\"robots\" content=\"index, follow, max-snippet:-1, max-image-preview:large, max-video-preview:-1\" \/>\n<link rel=\"canonical\" href=\"https:\/\/eurotrail.info\/fr\/producten\/caravane-camping-car-bus\/auvents-de-caravane\/caravan-tent-combi-luifel\/\" \/>\n<meta property=\"og:locale\" content=\"fr_FR\" \/>\n<meta property=\"og:type\" content=\"article\" \/>\n<meta property=\"og:title\" content=\"Auvent combin\u00e9 pour caravane ou auvent. - Eurotrail | The way we camp!\" \/>\n<meta property=\"og:description\" content=\"Auvent combin\u00e9 pour caravane ou auvent. Utilisez-le comme pare-soleil sur votre auvent ou tirez-le dans le rail de tuyauterie de votre caravane.\" \/>\n<meta property=\"og:url\" content=\"https:\/\/eurotrail.info\/fr\/producten\/caravane-camping-car-bus\/auvents-de-caravane\/caravan-tent-combi-luifel\/\" \/>\n<meta property=\"og:site_name\" content=\"Eurotrail | The way we camp!\" \/>\n<meta property=\"article:modified_time\" content=\"2021-11-25T12:35:53+00:00\" \/>\n<meta property=\"og:image\" content=\"https:\/\/eurotrail.info\/wp\/wp-content\/uploads\/2016\/02\/ETCT0011-Combi-sunroof-03-17.jpg\" \/>\n\t<meta property=\"og:image:width\" content=\"2008\" \/>\n\t<meta property=\"og:image:height\" content=\"1199\" \/>\n\t<meta property=\"og:image:type\" content=\"image\/jpeg\" \/>\n<meta name=\"twitter:card\" content=\"summary_large_image\" \/>\n<meta name=\"twitter:label1\" content=\"Dur\u00e9e de lecture estim\u00e9e\" \/>\n\t<meta name=\"twitter:data1\" content=\"2 minutes\" \/>\n<script type=\"application\/ld+json\" class=\"yoast-schema-graph\">{\"@context\":\"https:\\\/\\\/schema.org\",\"@graph\":[{\"@type\":\"WebPage\",\"@id\":\"https:\\\/\\\/eurotrail.info\\\/fr\\\/producten\\\/caravane-camping-car-bus\\\/auvents-de-caravane\\\/caravan-tent-combi-luifel\\\/\",\"url\":\"https:\\\/\\\/eurotrail.info\\\/fr\\\/producten\\\/caravane-camping-car-bus\\\/auvents-de-caravane\\\/caravan-tent-combi-luifel\\\/\",\"name\":\"Auvent combin\u00e9 pour caravane ou auvent. - Eurotrail | The way we camp!\",\"isPartOf\":{\"@id\":\"https:\\\/\\\/eurotrail.info\\\/#website\"},\"primaryImageOfPage\":{\"@id\":\"https:\\\/\\\/eurotrail.info\\\/fr\\\/producten\\\/caravane-camping-car-bus\\\/auvents-de-caravane\\\/caravan-tent-combi-luifel\\\/#primaryimage\"},\"image\":{\"@id\":\"https:\\\/\\\/eurotrail.info\\\/fr\\\/producten\\\/caravane-camping-car-bus\\\/auvents-de-caravane\\\/caravan-tent-combi-luifel\\\/#primaryimage\"},\"thumbnailUrl\":\"https:\\\/\\\/eurotrail.info\\\/wp\\\/wp-content\\\/uploads\\\/2016\\\/02\\\/ETCT0011-Combi-sunroof-03-17.jpg\",\"datePublished\":\"2016-02-26T14:18:17+00:00\",\"dateModified\":\"2021-11-25T12:35:53+00:00\",\"description\":\"Auvent combin\u00e9 pour caravane ou auvent. Utilisez-le comme pare-soleil sur votre auvent ou tirez-le dans le rail de tuyauterie de votre caravane.\",\"breadcrumb\":{\"@id\":\"https:\\\/\\\/eurotrail.info\\\/fr\\\/producten\\\/caravane-camping-car-bus\\\/auvents-de-caravane\\\/caravan-tent-combi-luifel\\\/#breadcrumb\"},\"inLanguage\":\"fr-FR\",\"potentialAction\":[{\"@type\":\"ReadAction\",\"target\":[\"https:\\\/\\\/eurotrail.info\\\/fr\\\/producten\\\/caravane-camping-car-bus\\\/auvents-de-caravane\\\/caravan-tent-combi-luifel\\\/\"]}]},{\"@type\":\"ImageObject\",\"inLanguage\":\"fr-FR\",\"@id\":\"https:\\\/\\\/eurotrail.info\\\/fr\\\/producten\\\/caravane-camping-car-bus\\\/auvents-de-caravane\\\/caravan-tent-combi-luifel\\\/#primaryimage\",\"url\":\"https:\\\/\\\/eurotrail.info\\\/wp\\\/wp-content\\\/uploads\\\/2016\\\/02\\\/ETCT0011-Combi-sunroof-03-17.jpg\",\"contentUrl\":\"https:\\\/\\\/eurotrail.info\\\/wp\\\/wp-content\\\/uploads\\\/2016\\\/02\\\/ETCT0011-Combi-sunroof-03-17.jpg\",\"width\":2008,\"height\":1199,\"caption\":\"Combi luifel voor aan de caravan\"},{\"@type\":\"BreadcrumbList\",\"@id\":\"https:\\\/\\\/eurotrail.info\\\/fr\\\/producten\\\/caravane-camping-car-bus\\\/auvents-de-caravane\\\/caravan-tent-combi-luifel\\\/#breadcrumb\",\"itemListElement\":[{\"@type\":\"ListItem\",\"position\":1,\"name\":\"Home\",\"item\":\"https:\\\/\\\/eurotrail.info\\\/fr\\\/\"},{\"@type\":\"ListItem\",\"position\":2,\"name\":\"Produits\",\"item\":\"https:\\\/\\\/eurotrail.info\\\/fr\\\/produits\\\/\"},{\"@type\":\"ListItem\",\"position\":3,\"name\":\"Auvent combin\u00e9 pour caravane ou auvent.\"}]},{\"@type\":\"WebSite\",\"@id\":\"https:\\\/\\\/eurotrail.info\\\/#website\",\"url\":\"https:\\\/\\\/eurotrail.info\\\/\",\"name\":\"Eurotrail | The way we camp!\",\"description\":\"\",\"publisher\":{\"@id\":\"https:\\\/\\\/eurotrail.info\\\/#organization\"},\"potentialAction\":[{\"@type\":\"SearchAction\",\"target\":{\"@type\":\"EntryPoint\",\"urlTemplate\":\"https:\\\/\\\/eurotrail.info\\\/?s={search_term_string}\"},\"query-input\":{\"@type\":\"PropertyValueSpecification\",\"valueRequired\":true,\"valueName\":\"search_term_string\"}}],\"inLanguage\":\"fr-FR\"},{\"@type\":\"Organization\",\"@id\":\"https:\\\/\\\/eurotrail.info\\\/#organization\",\"name\":\"Eurotrail | The way we camp!\",\"url\":\"https:\\\/\\\/eurotrail.info\\\/\",\"logo\":{\"@type\":\"ImageObject\",\"inLanguage\":\"fr-FR\",\"@id\":\"https:\\\/\\\/eurotrail.info\\\/#\\\/schema\\\/logo\\\/image\\\/\",\"url\":\"https:\\\/\\\/eurotrail.info\\\/wp\\\/wp-content\\\/uploads\\\/2023\\\/07\\\/ET-logo-quote_NL-scaled.jpg\",\"contentUrl\":\"https:\\\/\\\/eurotrail.info\\\/wp\\\/wp-content\\\/uploads\\\/2023\\\/07\\\/ET-logo-quote_NL-scaled.jpg\",\"width\":2560,\"height\":675,\"caption\":\"Eurotrail | The way we camp!\"},\"image\":{\"@id\":\"https:\\\/\\\/eurotrail.info\\\/#\\\/schema\\\/logo\\\/image\\\/\"}}]}<\/script>\n<!-- \/ Yoast SEO plugin. -->","yoast_head_json":{"title":"Auvent combin\u00e9 pour caravane ou auvent. - Eurotrail | The way we camp!","description":"Auvent combin\u00e9 pour caravane ou auvent. Utilisez-le comme pare-soleil sur votre auvent ou tirez-le dans le rail de tuyauterie de votre caravane.","robots":{"index":"index","follow":"follow","max-snippet":"max-snippet:-1","max-image-preview":"max-image-preview:large","max-video-preview":"max-video-preview:-1"},"canonical":"https:\/\/eurotrail.info\/fr\/producten\/caravane-camping-car-bus\/auvents-de-caravane\/caravan-tent-combi-luifel\/","og_locale":"fr_FR","og_type":"article","og_title":"Auvent combin\u00e9 pour caravane ou auvent. - Eurotrail | The way we camp!","og_description":"Auvent combin\u00e9 pour caravane ou auvent. Utilisez-le comme pare-soleil sur votre auvent ou tirez-le dans le rail de tuyauterie de votre caravane.","og_url":"https:\/\/eurotrail.info\/fr\/producten\/caravane-camping-car-bus\/auvents-de-caravane\/caravan-tent-combi-luifel\/","og_site_name":"Eurotrail | The way we camp!","article_modified_time":"2021-11-25T12:35:53+00:00","og_image":[{"width":2008,"height":1199,"url":"https:\/\/eurotrail.info\/wp\/wp-content\/uploads\/2016\/02\/ETCT0011-Combi-sunroof-03-17.jpg","type":"image\/jpeg"}],"twitter_card":"summary_large_image","twitter_misc":{"Dur\u00e9e de lecture estim\u00e9e":"2 minutes"},"schema":{"@context":"https:\/\/schema.org","@graph":[{"@type":"WebPage","@id":"https:\/\/eurotrail.info\/fr\/producten\/caravane-camping-car-bus\/auvents-de-caravane\/caravan-tent-combi-luifel\/","url":"https:\/\/eurotrail.info\/fr\/producten\/caravane-camping-car-bus\/auvents-de-caravane\/caravan-tent-combi-luifel\/","name":"Auvent combin\u00e9 pour caravane ou auvent. - Eurotrail | The way we camp!","isPartOf":{"@id":"https:\/\/eurotrail.info\/#website"},"primaryImageOfPage":{"@id":"https:\/\/eurotrail.info\/fr\/producten\/caravane-camping-car-bus\/auvents-de-caravane\/caravan-tent-combi-luifel\/#primaryimage"},"image":{"@id":"https:\/\/eurotrail.info\/fr\/producten\/caravane-camping-car-bus\/auvents-de-caravane\/caravan-tent-combi-luifel\/#primaryimage"},"thumbnailUrl":"https:\/\/eurotrail.info\/wp\/wp-content\/uploads\/2016\/02\/ETCT0011-Combi-sunroof-03-17.jpg","datePublished":"2016-02-26T14:18:17+00:00","dateModified":"2021-11-25T12:35:53+00:00","description":"Auvent combin\u00e9 pour caravane ou auvent. Utilisez-le comme pare-soleil sur votre auvent ou tirez-le dans le rail de tuyauterie de votre caravane.","breadcrumb":{"@id":"https:\/\/eurotrail.info\/fr\/producten\/caravane-camping-car-bus\/auvents-de-caravane\/caravan-tent-combi-luifel\/#breadcrumb"},"inLanguage":"fr-FR","potentialAction":[{"@type":"ReadAction","target":["https:\/\/eurotrail.info\/fr\/producten\/caravane-camping-car-bus\/auvents-de-caravane\/caravan-tent-combi-luifel\/"]}]},{"@type":"ImageObject","inLanguage":"fr-FR","@id":"https:\/\/eurotrail.info\/fr\/producten\/caravane-camping-car-bus\/auvents-de-caravane\/caravan-tent-combi-luifel\/#primaryimage","url":"https:\/\/eurotrail.info\/wp\/wp-content\/uploads\/2016\/02\/ETCT0011-Combi-sunroof-03-17.jpg","contentUrl":"https:\/\/eurotrail.info\/wp\/wp-content\/uploads\/2016\/02\/ETCT0011-Combi-sunroof-03-17.jpg","width":2008,"height":1199,"caption":"Combi luifel voor aan de caravan"},{"@type":"BreadcrumbList","@id":"https:\/\/eurotrail.info\/fr\/producten\/caravane-camping-car-bus\/auvents-de-caravane\/caravan-tent-combi-luifel\/#breadcrumb","itemListElement":[{"@type":"ListItem","position":1,"name":"Home","item":"https:\/\/eurotrail.info\/fr\/"},{"@type":"ListItem","position":2,"name":"Produits","item":"https:\/\/eurotrail.info\/fr\/produits\/"},{"@type":"ListItem","position":3,"name":"Auvent combin\u00e9 pour caravane ou auvent."}]},{"@type":"WebSite","@id":"https:\/\/eurotrail.info\/#website","url":"https:\/\/eurotrail.info\/","name":"Eurotrail | The way we camp!","description":"","publisher":{"@id":"https:\/\/eurotrail.info\/#organization"},"potentialAction":[{"@type":"SearchAction","target":{"@type":"EntryPoint","urlTemplate":"https:\/\/eurotrail.info\/?s={search_term_string}"},"query-input":{"@type":"PropertyValueSpecification","valueRequired":true,"valueName":"search_term_string"}}],"inLanguage":"fr-FR"},{"@type":"Organization","@id":"https:\/\/eurotrail.info\/#organization","name":"Eurotrail | The way we camp!","url":"https:\/\/eurotrail.info\/","logo":{"@type":"ImageObject","inLanguage":"fr-FR","@id":"https:\/\/eurotrail.info\/#\/schema\/logo\/image\/","url":"https:\/\/eurotrail.info\/wp\/wp-content\/uploads\/2023\/07\/ET-logo-quote_NL-scaled.jpg","contentUrl":"https:\/\/eurotrail.info\/wp\/wp-content\/uploads\/2023\/07\/ET-logo-quote_NL-scaled.jpg","width":2560,"height":675,"caption":"Eurotrail | The way we camp!"},"image":{"@id":"https:\/\/eurotrail.info\/#\/schema\/logo\/image\/"}}]}},"_links":{"self":[{"href":"https:\/\/eurotrail.info\/fr\/wp-json\/wp\/v2\/product\/10102","targetHints":{"allow":["GET"]}}],"collection":[{"href":"https:\/\/eurotrail.info\/fr\/wp-json\/wp\/v2\/product"}],"about":[{"href":"https:\/\/eurotrail.info\/fr\/wp-json\/wp\/v2\/types\/product"}],"replies":[{"embeddable":true,"href":"https:\/\/eurotrail.info\/fr\/wp-json\/wp\/v2\/comments?post=10102"}],"wp:featuredmedia":[{"embeddable":true,"href":"https:\/\/eurotrail.info\/fr\/wp-json\/wp\/v2\/media\/10107"}],"wp:attachment":[{"href":"https:\/\/eurotrail.info\/fr\/wp-json\/wp\/v2\/media?parent=10102"}],"wp:term":[{"taxonomy":"product_brand","embeddable":true,"href":"https:\/\/eurotrail.info\/fr\/wp-json\/wp\/v2\/product_brand?post=10102"},{"taxonomy":"product_cat","embeddable":true,"href":"https:\/\/eurotrail.info\/fr\/wp-json\/wp\/v2\/product_cat?post=10102"},{"taxonomy":"product_tag","embeddable":true,"href":"https:\/\/eurotrail.info\/fr\/wp-json\/wp\/v2\/product_tag?post=10102"}],"curies":[{"name":"wp","href":"https:\/\/api.w.org\/{rel}","templated":true}]}}