{"id":10120,"date":"2017-01-04T11:21:10","date_gmt":"2017-01-04T10:21:10","guid":{"rendered":"https:\/\/eurotrail.info\/producten\/trondheim\/"},"modified":"2017-01-04T11:21:10","modified_gmt":"2017-01-04T10:21:10","slug":"trondheim","status":"publish","type":"product","link":"https:\/\/eurotrail.info\/fr\/producten\/meubles\/chaises-de-camping\/trondheim\/","title":{"rendered":"Trondheim"},"content":{"rendered":"<p>Chaise de camping confortablement rembourr\u00e9e avec une charni\u00e8re en aluminium. \u00a0Gr\u00e2ce \u00e0 son dossier plus \u00e9lev\u00e9e et le si\u00e8ge un peu plus large, la chaise est beaucoup plus confortable que le standard fauteuil inclinable. La hauteur d\u2019assise plus haute facilite le fa\u00e7on de s\u2019asseoir et de se lever et r\u00e9duit \u00e9galement les points de pression sur le bas des jambes. La charni\u00e8re en aluminium offre de la stabilit\u00e9 et facilite le pliage. La chaise a un dossier de forme ergonomique r\u00e9glable en 7 positions pour un confort d\u2019assise optimal. La charni\u00e8re en aluminium offre de la stabilit\u00e9 en une longue dur\u00e9e de vie.<\/p>\n<p>Disponible dans les couleurs gris et marine.<\/p>\n<p>Un repose-pieds est disponible en option.<\/p>\n<p>Mat\u00e9riel : 75% PVC, 25% polyester<br \/>\nRembourrage : mousse polyester perm\u00e9able \u00e0 l&#8217;eau<br \/>\nCadre : cadre en D en aluminium avec charni\u00e8re en aluminium<br \/>\nCouleurs : gris et marine<br \/>\nDimensions pli\u00e9 : 110 x 63 x 9 cm<br \/>\nPoids : 5,9 kg<br \/>\nCapacit\u00e9 de charge max. : 120 kg<\/p>\n","protected":false},"excerpt":{"rendered":"<p>Chaise de camping confortablement rembourr\u00e9e avec une charni\u00e8re en aluminium. \u00a0Gr\u00e2ce \u00e0 son dossier plus \u00e9lev\u00e9e et le si\u00e8ge un peu plus large, la chaise&hellip;<\/p>\n","protected":false},"featured_media":13180,"comment_status":"open","ping_status":"closed","template":"","meta":{"_acf_changed":false},"product_brand":[],"product_cat":[254,253],"product_tag":[],"class_list":{"0":"post-10120","1":"product","2":"type-product","3":"status-publish","4":"has-post-thumbnail","6":"product_cat-chaises-de-camping","7":"product_cat-meubles","9":"first","10":"instock","11":"shipping-taxable","12":"product-type-simple"},"acf":[],"yoast_head":"<!-- This site is optimized with the Yoast SEO plugin v27.4 - https:\/\/yoast.com\/product\/yoast-seo-wordpress\/ -->\n<title>Trondheim - Eurotrail | The way we camp!<\/title>\n<meta name=\"robots\" content=\"index, follow, max-snippet:-1, max-image-preview:large, max-video-preview:-1\" \/>\n<link rel=\"canonical\" href=\"https:\/\/eurotrail.info\/fr\/producten\/meubles\/chaises-de-camping\/trondheim\/\" \/>\n<meta property=\"og:locale\" content=\"fr_FR\" \/>\n<meta property=\"og:type\" content=\"article\" \/>\n<meta property=\"og:title\" content=\"Trondheim - Eurotrail | The way we camp!\" \/>\n<meta property=\"og:description\" content=\"Chaise de camping confortablement rembourr\u00e9e avec une charni\u00e8re en aluminium. \u00a0Gr\u00e2ce \u00e0 son dossier plus \u00e9lev\u00e9e et le si\u00e8ge un peu plus large, la chaise&hellip;\" \/>\n<meta property=\"og:url\" content=\"https:\/\/eurotrail.info\/fr\/producten\/meubles\/chaises-de-camping\/trondheim\/\" \/>\n<meta property=\"og:site_name\" content=\"Eurotrail | The way we camp!\" \/>\n<meta property=\"og:image\" content=\"https:\/\/eurotrail.info\/wp\/wp-content\/uploads\/2017\/01\/ETCF1316-Trondheim-grey.jpg\" \/>\n\t<meta property=\"og:image:width\" content=\"1194\" \/>\n\t<meta property=\"og:image:height\" content=\"1772\" \/>\n\t<meta property=\"og:image:type\" content=\"image\/jpeg\" \/>\n<meta name=\"twitter:card\" content=\"summary_large_image\" \/>\n<meta name=\"twitter:label1\" content=\"Dur\u00e9e de lecture estim\u00e9e\" \/>\n\t<meta name=\"twitter:data1\" content=\"1 minute\" \/>\n<script type=\"application\/ld+json\" class=\"yoast-schema-graph\">{\"@context\":\"https:\\\/\\\/schema.org\",\"@graph\":[{\"@type\":\"WebPage\",\"@id\":\"https:\\\/\\\/eurotrail.info\\\/fr\\\/producten\\\/meubles\\\/chaises-de-camping\\\/trondheim\\\/\",\"url\":\"https:\\\/\\\/eurotrail.info\\\/fr\\\/producten\\\/meubles\\\/chaises-de-camping\\\/trondheim\\\/\",\"name\":\"Trondheim - Eurotrail | The way we camp!\",\"isPartOf\":{\"@id\":\"https:\\\/\\\/eurotrail.info\\\/#website\"},\"primaryImageOfPage\":{\"@id\":\"https:\\\/\\\/eurotrail.info\\\/fr\\\/producten\\\/meubles\\\/chaises-de-camping\\\/trondheim\\\/#primaryimage\"},\"image\":{\"@id\":\"https:\\\/\\\/eurotrail.info\\\/fr\\\/producten\\\/meubles\\\/chaises-de-camping\\\/trondheim\\\/#primaryimage\"},\"thumbnailUrl\":\"https:\\\/\\\/eurotrail.info\\\/wp\\\/wp-content\\\/uploads\\\/2017\\\/01\\\/ETCF1316-Trondheim-grey.jpg\",\"datePublished\":\"2017-01-04T10:21:10+00:00\",\"breadcrumb\":{\"@id\":\"https:\\\/\\\/eurotrail.info\\\/fr\\\/producten\\\/meubles\\\/chaises-de-camping\\\/trondheim\\\/#breadcrumb\"},\"inLanguage\":\"fr-FR\",\"potentialAction\":[{\"@type\":\"ReadAction\",\"target\":[\"https:\\\/\\\/eurotrail.info\\\/fr\\\/producten\\\/meubles\\\/chaises-de-camping\\\/trondheim\\\/\"]}]},{\"@type\":\"ImageObject\",\"inLanguage\":\"fr-FR\",\"@id\":\"https:\\\/\\\/eurotrail.info\\\/fr\\\/producten\\\/meubles\\\/chaises-de-camping\\\/trondheim\\\/#primaryimage\",\"url\":\"https:\\\/\\\/eurotrail.info\\\/wp\\\/wp-content\\\/uploads\\\/2017\\\/01\\\/ETCF1316-Trondheim-grey.jpg\",\"contentUrl\":\"https:\\\/\\\/eurotrail.info\\\/wp\\\/wp-content\\\/uploads\\\/2017\\\/01\\\/ETCF1316-Trondheim-grey.jpg\",\"width\":1194,\"height\":1772,\"caption\":\"Aluminium campingstoel gepolsterd, met hoge rug en aluminium schanier\"},{\"@type\":\"BreadcrumbList\",\"@id\":\"https:\\\/\\\/eurotrail.info\\\/fr\\\/producten\\\/meubles\\\/chaises-de-camping\\\/trondheim\\\/#breadcrumb\",\"itemListElement\":[{\"@type\":\"ListItem\",\"position\":1,\"name\":\"Home\",\"item\":\"https:\\\/\\\/eurotrail.info\\\/fr\\\/\"},{\"@type\":\"ListItem\",\"position\":2,\"name\":\"Produits\",\"item\":\"https:\\\/\\\/eurotrail.info\\\/fr\\\/produits\\\/\"},{\"@type\":\"ListItem\",\"position\":3,\"name\":\"Trondheim\"}]},{\"@type\":\"WebSite\",\"@id\":\"https:\\\/\\\/eurotrail.info\\\/#website\",\"url\":\"https:\\\/\\\/eurotrail.info\\\/\",\"name\":\"Eurotrail | The way we camp!\",\"description\":\"\",\"publisher\":{\"@id\":\"https:\\\/\\\/eurotrail.info\\\/#organization\"},\"potentialAction\":[{\"@type\":\"SearchAction\",\"target\":{\"@type\":\"EntryPoint\",\"urlTemplate\":\"https:\\\/\\\/eurotrail.info\\\/?s={search_term_string}\"},\"query-input\":{\"@type\":\"PropertyValueSpecification\",\"valueRequired\":true,\"valueName\":\"search_term_string\"}}],\"inLanguage\":\"fr-FR\"},{\"@type\":\"Organization\",\"@id\":\"https:\\\/\\\/eurotrail.info\\\/#organization\",\"name\":\"Eurotrail | The way we camp!\",\"url\":\"https:\\\/\\\/eurotrail.info\\\/\",\"logo\":{\"@type\":\"ImageObject\",\"inLanguage\":\"fr-FR\",\"@id\":\"https:\\\/\\\/eurotrail.info\\\/#\\\/schema\\\/logo\\\/image\\\/\",\"url\":\"https:\\\/\\\/eurotrail.info\\\/wp\\\/wp-content\\\/uploads\\\/2023\\\/07\\\/ET-logo-quote_NL-scaled.jpg\",\"contentUrl\":\"https:\\\/\\\/eurotrail.info\\\/wp\\\/wp-content\\\/uploads\\\/2023\\\/07\\\/ET-logo-quote_NL-scaled.jpg\",\"width\":2560,\"height\":675,\"caption\":\"Eurotrail | The way we camp!\"},\"image\":{\"@id\":\"https:\\\/\\\/eurotrail.info\\\/#\\\/schema\\\/logo\\\/image\\\/\"}}]}<\/script>\n<!-- \/ Yoast SEO plugin. -->","yoast_head_json":{"title":"Trondheim - Eurotrail | The way we camp!","robots":{"index":"index","follow":"follow","max-snippet":"max-snippet:-1","max-image-preview":"max-image-preview:large","max-video-preview":"max-video-preview:-1"},"canonical":"https:\/\/eurotrail.info\/fr\/producten\/meubles\/chaises-de-camping\/trondheim\/","og_locale":"fr_FR","og_type":"article","og_title":"Trondheim - Eurotrail | The way we camp!","og_description":"Chaise de camping confortablement rembourr\u00e9e avec une charni\u00e8re en aluminium. \u00a0Gr\u00e2ce \u00e0 son dossier plus \u00e9lev\u00e9e et le si\u00e8ge un peu plus large, la chaise&hellip;","og_url":"https:\/\/eurotrail.info\/fr\/producten\/meubles\/chaises-de-camping\/trondheim\/","og_site_name":"Eurotrail | The way we camp!","og_image":[{"width":1194,"height":1772,"url":"https:\/\/eurotrail.info\/wp\/wp-content\/uploads\/2017\/01\/ETCF1316-Trondheim-grey.jpg","type":"image\/jpeg"}],"twitter_card":"summary_large_image","twitter_misc":{"Dur\u00e9e de lecture estim\u00e9e":"1 minute"},"schema":{"@context":"https:\/\/schema.org","@graph":[{"@type":"WebPage","@id":"https:\/\/eurotrail.info\/fr\/producten\/meubles\/chaises-de-camping\/trondheim\/","url":"https:\/\/eurotrail.info\/fr\/producten\/meubles\/chaises-de-camping\/trondheim\/","name":"Trondheim - Eurotrail | The way we camp!","isPartOf":{"@id":"https:\/\/eurotrail.info\/#website"},"primaryImageOfPage":{"@id":"https:\/\/eurotrail.info\/fr\/producten\/meubles\/chaises-de-camping\/trondheim\/#primaryimage"},"image":{"@id":"https:\/\/eurotrail.info\/fr\/producten\/meubles\/chaises-de-camping\/trondheim\/#primaryimage"},"thumbnailUrl":"https:\/\/eurotrail.info\/wp\/wp-content\/uploads\/2017\/01\/ETCF1316-Trondheim-grey.jpg","datePublished":"2017-01-04T10:21:10+00:00","breadcrumb":{"@id":"https:\/\/eurotrail.info\/fr\/producten\/meubles\/chaises-de-camping\/trondheim\/#breadcrumb"},"inLanguage":"fr-FR","potentialAction":[{"@type":"ReadAction","target":["https:\/\/eurotrail.info\/fr\/producten\/meubles\/chaises-de-camping\/trondheim\/"]}]},{"@type":"ImageObject","inLanguage":"fr-FR","@id":"https:\/\/eurotrail.info\/fr\/producten\/meubles\/chaises-de-camping\/trondheim\/#primaryimage","url":"https:\/\/eurotrail.info\/wp\/wp-content\/uploads\/2017\/01\/ETCF1316-Trondheim-grey.jpg","contentUrl":"https:\/\/eurotrail.info\/wp\/wp-content\/uploads\/2017\/01\/ETCF1316-Trondheim-grey.jpg","width":1194,"height":1772,"caption":"Aluminium campingstoel gepolsterd, met hoge rug en aluminium schanier"},{"@type":"BreadcrumbList","@id":"https:\/\/eurotrail.info\/fr\/producten\/meubles\/chaises-de-camping\/trondheim\/#breadcrumb","itemListElement":[{"@type":"ListItem","position":1,"name":"Home","item":"https:\/\/eurotrail.info\/fr\/"},{"@type":"ListItem","position":2,"name":"Produits","item":"https:\/\/eurotrail.info\/fr\/produits\/"},{"@type":"ListItem","position":3,"name":"Trondheim"}]},{"@type":"WebSite","@id":"https:\/\/eurotrail.info\/#website","url":"https:\/\/eurotrail.info\/","name":"Eurotrail | The way we camp!","description":"","publisher":{"@id":"https:\/\/eurotrail.info\/#organization"},"potentialAction":[{"@type":"SearchAction","target":{"@type":"EntryPoint","urlTemplate":"https:\/\/eurotrail.info\/?s={search_term_string}"},"query-input":{"@type":"PropertyValueSpecification","valueRequired":true,"valueName":"search_term_string"}}],"inLanguage":"fr-FR"},{"@type":"Organization","@id":"https:\/\/eurotrail.info\/#organization","name":"Eurotrail | The way we camp!","url":"https:\/\/eurotrail.info\/","logo":{"@type":"ImageObject","inLanguage":"fr-FR","@id":"https:\/\/eurotrail.info\/#\/schema\/logo\/image\/","url":"https:\/\/eurotrail.info\/wp\/wp-content\/uploads\/2023\/07\/ET-logo-quote_NL-scaled.jpg","contentUrl":"https:\/\/eurotrail.info\/wp\/wp-content\/uploads\/2023\/07\/ET-logo-quote_NL-scaled.jpg","width":2560,"height":675,"caption":"Eurotrail | The way we camp!"},"image":{"@id":"https:\/\/eurotrail.info\/#\/schema\/logo\/image\/"}}]}},"_links":{"self":[{"href":"https:\/\/eurotrail.info\/fr\/wp-json\/wp\/v2\/product\/10120","targetHints":{"allow":["GET"]}}],"collection":[{"href":"https:\/\/eurotrail.info\/fr\/wp-json\/wp\/v2\/product"}],"about":[{"href":"https:\/\/eurotrail.info\/fr\/wp-json\/wp\/v2\/types\/product"}],"replies":[{"embeddable":true,"href":"https:\/\/eurotrail.info\/fr\/wp-json\/wp\/v2\/comments?post=10120"}],"wp:featuredmedia":[{"embeddable":true,"href":"https:\/\/eurotrail.info\/fr\/wp-json\/wp\/v2\/media\/13180"}],"wp:attachment":[{"href":"https:\/\/eurotrail.info\/fr\/wp-json\/wp\/v2\/media?parent=10120"}],"wp:term":[{"taxonomy":"product_brand","embeddable":true,"href":"https:\/\/eurotrail.info\/fr\/wp-json\/wp\/v2\/product_brand?post=10120"},{"taxonomy":"product_cat","embeddable":true,"href":"https:\/\/eurotrail.info\/fr\/wp-json\/wp\/v2\/product_cat?post=10120"},{"taxonomy":"product_tag","embeddable":true,"href":"https:\/\/eurotrail.info\/fr\/wp-json\/wp\/v2\/product_tag?post=10120"}],"curies":[{"name":"wp","href":"https:\/\/api.w.org\/{rel}","templated":true}]}}