{"id":10177,"date":"2016-01-20T09:04:38","date_gmt":"2016-01-20T08:04:38","guid":{"rendered":"https:\/\/eurotrail.info\/producten\/lausanne-chaise-pliante\/"},"modified":"2026-01-08T16:28:18","modified_gmt":"2026-01-08T15:28:18","slug":"lausanne-chaise-pliante","status":"publish","type":"product","link":"https:\/\/eurotrail.info\/fr\/producten\/meubles\/chaises-pliantes\/lausanne-chaise-pliante\/","title":{"rendered":"Lausanne chaise pliante"},"content":{"rendered":"<p>\ud83c\udf1e Chaise pliante Lausanne \u2013 Le confort qui vous suit partout \ud83c\udf1e<\/p>\n<p>La chaise pliante Lausanne est votre alli\u00e9e id\u00e9ale pour une journ\u00e9e \u00e0 la plage, en camping ou au jardin. Facile \u00e0 plier, elle se transporte sans effort gr\u00e2ce \u00e0 sa housse de transport pratique.<\/p>\n<p>Son cadre pliant robuste en acier lui assure une grande stabilit\u00e9, tandis que son dossier haut et ses accoudoirs confortables offrent une assise agr\u00e9able, m\u00eame pendant de longues p\u00e9riodes. L\u00e9g\u00e8re et disponible dans une vari\u00e9t\u00e9 de coloris modernes, la Lausanne s&#8217;adapte \u00e0 tous les styles.<\/p>\n<p>\ud83d\udc49 D\u00e9pliez, installez-vous et d\u00e9tendez-vous \u2013 la Lausanne fait le reste.<\/p>\n<p>Dimensions : 53 x 43 x 40 \/ 80 cm<br \/>\nDimensions pli\u00e9es : 80 x \u00d813 cm<br \/>\nMat\u00e9riel : 100% polyester<br \/>\nCadre : acier<br \/>\nCapacit\u00e9 de charge max.100 kg<br \/>\nPoids : 3,1 kg<\/p>\n","protected":false},"excerpt":{"rendered":"<p>\ud83c\udf1e Chaise pliante Lausanne \u2013 Le confort qui vous suit partout \ud83c\udf1e La chaise pliante Lausanne est votre alli\u00e9e id\u00e9ale pour une journ\u00e9e \u00e0 la&hellip;<\/p>\n","protected":false},"featured_media":28671,"comment_status":"open","ping_status":"closed","template":"","meta":{"_acf_changed":false},"product_brand":[],"product_cat":[255],"product_tag":[],"class_list":{"0":"post-10177","1":"product","2":"type-product","3":"status-publish","4":"has-post-thumbnail","6":"product_cat-chaises-pliantes","8":"first","9":"instock","10":"shipping-taxable","11":"product-type-simple"},"acf":[],"yoast_head":"<!-- This site is optimized with the Yoast SEO plugin v27.4 - https:\/\/yoast.com\/product\/yoast-seo-wordpress\/ -->\n<title>Lausanne chaise pliante - Eurotrail | The way we camp!<\/title>\n<meta name=\"robots\" content=\"index, follow, max-snippet:-1, max-image-preview:large, max-video-preview:-1\" \/>\n<link rel=\"canonical\" href=\"https:\/\/eurotrail.info\/fr\/producten\/meubles\/chaises-pliantes\/lausanne-chaise-pliante\/\" \/>\n<meta property=\"og:locale\" content=\"fr_FR\" \/>\n<meta property=\"og:type\" content=\"article\" \/>\n<meta property=\"og:title\" content=\"Lausanne chaise pliante - Eurotrail | The way we camp!\" \/>\n<meta property=\"og:description\" content=\"\ud83c\udf1e Chaise pliante Lausanne \u2013 Le confort qui vous suit partout \ud83c\udf1e La chaise pliante Lausanne est votre alli\u00e9e id\u00e9ale pour une journ\u00e9e \u00e0 la&hellip;\" \/>\n<meta property=\"og:url\" content=\"https:\/\/eurotrail.info\/fr\/producten\/meubles\/chaises-pliantes\/lausanne-chaise-pliante\/\" \/>\n<meta property=\"og:site_name\" content=\"Eurotrail | The way we camp!\" \/>\n<meta property=\"article:modified_time\" content=\"2026-01-08T15:28:18+00:00\" \/>\n<meta property=\"og:image\" content=\"https:\/\/eurotrail.info\/wp\/wp-content\/uploads\/2016\/01\/ETCF0691-Lausanne-Brick-Black-Open-25-S.jpg\" \/>\n\t<meta property=\"og:image:width\" content=\"1337\" \/>\n\t<meta property=\"og:image:height\" content=\"1548\" \/>\n\t<meta property=\"og:image:type\" content=\"image\/jpeg\" \/>\n<meta name=\"twitter:card\" content=\"summary_large_image\" \/>\n<meta name=\"twitter:label1\" content=\"Dur\u00e9e de lecture estim\u00e9e\" \/>\n\t<meta name=\"twitter:data1\" content=\"1 minute\" \/>\n<script type=\"application\/ld+json\" class=\"yoast-schema-graph\">{\"@context\":\"https:\\\/\\\/schema.org\",\"@graph\":[{\"@type\":\"WebPage\",\"@id\":\"https:\\\/\\\/eurotrail.info\\\/fr\\\/producten\\\/meubles\\\/chaises-pliantes\\\/lausanne-chaise-pliante\\\/\",\"url\":\"https:\\\/\\\/eurotrail.info\\\/fr\\\/producten\\\/meubles\\\/chaises-pliantes\\\/lausanne-chaise-pliante\\\/\",\"name\":\"Lausanne chaise pliante - Eurotrail | The way we camp!\",\"isPartOf\":{\"@id\":\"https:\\\/\\\/eurotrail.info\\\/#website\"},\"primaryImageOfPage\":{\"@id\":\"https:\\\/\\\/eurotrail.info\\\/fr\\\/producten\\\/meubles\\\/chaises-pliantes\\\/lausanne-chaise-pliante\\\/#primaryimage\"},\"image\":{\"@id\":\"https:\\\/\\\/eurotrail.info\\\/fr\\\/producten\\\/meubles\\\/chaises-pliantes\\\/lausanne-chaise-pliante\\\/#primaryimage\"},\"thumbnailUrl\":\"https:\\\/\\\/eurotrail.info\\\/wp\\\/wp-content\\\/uploads\\\/2016\\\/01\\\/ETCF0691-Lausanne-Brick-Black-Open-25-S.jpg\",\"datePublished\":\"2016-01-20T08:04:38+00:00\",\"dateModified\":\"2026-01-08T15:28:18+00:00\",\"breadcrumb\":{\"@id\":\"https:\\\/\\\/eurotrail.info\\\/fr\\\/producten\\\/meubles\\\/chaises-pliantes\\\/lausanne-chaise-pliante\\\/#breadcrumb\"},\"inLanguage\":\"fr-FR\",\"potentialAction\":[{\"@type\":\"ReadAction\",\"target\":[\"https:\\\/\\\/eurotrail.info\\\/fr\\\/producten\\\/meubles\\\/chaises-pliantes\\\/lausanne-chaise-pliante\\\/\"]}]},{\"@type\":\"ImageObject\",\"inLanguage\":\"fr-FR\",\"@id\":\"https:\\\/\\\/eurotrail.info\\\/fr\\\/producten\\\/meubles\\\/chaises-pliantes\\\/lausanne-chaise-pliante\\\/#primaryimage\",\"url\":\"https:\\\/\\\/eurotrail.info\\\/wp\\\/wp-content\\\/uploads\\\/2016\\\/01\\\/ETCF0691-Lausanne-Brick-Black-Open-25-S.jpg\",\"contentUrl\":\"https:\\\/\\\/eurotrail.info\\\/wp\\\/wp-content\\\/uploads\\\/2016\\\/01\\\/ETCF0691-Lausanne-Brick-Black-Open-25-S.jpg\",\"width\":1337,\"height\":1548},{\"@type\":\"BreadcrumbList\",\"@id\":\"https:\\\/\\\/eurotrail.info\\\/fr\\\/producten\\\/meubles\\\/chaises-pliantes\\\/lausanne-chaise-pliante\\\/#breadcrumb\",\"itemListElement\":[{\"@type\":\"ListItem\",\"position\":1,\"name\":\"Home\",\"item\":\"https:\\\/\\\/eurotrail.info\\\/fr\\\/\"},{\"@type\":\"ListItem\",\"position\":2,\"name\":\"Produits\",\"item\":\"https:\\\/\\\/eurotrail.info\\\/fr\\\/produits\\\/\"},{\"@type\":\"ListItem\",\"position\":3,\"name\":\"Lausanne chaise pliante\"}]},{\"@type\":\"WebSite\",\"@id\":\"https:\\\/\\\/eurotrail.info\\\/#website\",\"url\":\"https:\\\/\\\/eurotrail.info\\\/\",\"name\":\"Eurotrail | The way we camp!\",\"description\":\"\",\"publisher\":{\"@id\":\"https:\\\/\\\/eurotrail.info\\\/#organization\"},\"potentialAction\":[{\"@type\":\"SearchAction\",\"target\":{\"@type\":\"EntryPoint\",\"urlTemplate\":\"https:\\\/\\\/eurotrail.info\\\/?s={search_term_string}\"},\"query-input\":{\"@type\":\"PropertyValueSpecification\",\"valueRequired\":true,\"valueName\":\"search_term_string\"}}],\"inLanguage\":\"fr-FR\"},{\"@type\":\"Organization\",\"@id\":\"https:\\\/\\\/eurotrail.info\\\/#organization\",\"name\":\"Eurotrail | The way we camp!\",\"url\":\"https:\\\/\\\/eurotrail.info\\\/\",\"logo\":{\"@type\":\"ImageObject\",\"inLanguage\":\"fr-FR\",\"@id\":\"https:\\\/\\\/eurotrail.info\\\/#\\\/schema\\\/logo\\\/image\\\/\",\"url\":\"https:\\\/\\\/eurotrail.info\\\/wp\\\/wp-content\\\/uploads\\\/2023\\\/07\\\/ET-logo-quote_NL-scaled.jpg\",\"contentUrl\":\"https:\\\/\\\/eurotrail.info\\\/wp\\\/wp-content\\\/uploads\\\/2023\\\/07\\\/ET-logo-quote_NL-scaled.jpg\",\"width\":2560,\"height\":675,\"caption\":\"Eurotrail | The way we camp!\"},\"image\":{\"@id\":\"https:\\\/\\\/eurotrail.info\\\/#\\\/schema\\\/logo\\\/image\\\/\"}}]}<\/script>\n<!-- \/ Yoast SEO plugin. -->","yoast_head_json":{"title":"Lausanne chaise pliante - Eurotrail | The way we camp!","robots":{"index":"index","follow":"follow","max-snippet":"max-snippet:-1","max-image-preview":"max-image-preview:large","max-video-preview":"max-video-preview:-1"},"canonical":"https:\/\/eurotrail.info\/fr\/producten\/meubles\/chaises-pliantes\/lausanne-chaise-pliante\/","og_locale":"fr_FR","og_type":"article","og_title":"Lausanne chaise pliante - Eurotrail | The way we camp!","og_description":"\ud83c\udf1e Chaise pliante Lausanne \u2013 Le confort qui vous suit partout \ud83c\udf1e La chaise pliante Lausanne est votre alli\u00e9e id\u00e9ale pour une journ\u00e9e \u00e0 la&hellip;","og_url":"https:\/\/eurotrail.info\/fr\/producten\/meubles\/chaises-pliantes\/lausanne-chaise-pliante\/","og_site_name":"Eurotrail | The way we camp!","article_modified_time":"2026-01-08T15:28:18+00:00","og_image":[{"width":1337,"height":1548,"url":"https:\/\/eurotrail.info\/wp\/wp-content\/uploads\/2016\/01\/ETCF0691-Lausanne-Brick-Black-Open-25-S.jpg","type":"image\/jpeg"}],"twitter_card":"summary_large_image","twitter_misc":{"Dur\u00e9e de lecture estim\u00e9e":"1 minute"},"schema":{"@context":"https:\/\/schema.org","@graph":[{"@type":"WebPage","@id":"https:\/\/eurotrail.info\/fr\/producten\/meubles\/chaises-pliantes\/lausanne-chaise-pliante\/","url":"https:\/\/eurotrail.info\/fr\/producten\/meubles\/chaises-pliantes\/lausanne-chaise-pliante\/","name":"Lausanne chaise pliante - Eurotrail | The way we camp!","isPartOf":{"@id":"https:\/\/eurotrail.info\/#website"},"primaryImageOfPage":{"@id":"https:\/\/eurotrail.info\/fr\/producten\/meubles\/chaises-pliantes\/lausanne-chaise-pliante\/#primaryimage"},"image":{"@id":"https:\/\/eurotrail.info\/fr\/producten\/meubles\/chaises-pliantes\/lausanne-chaise-pliante\/#primaryimage"},"thumbnailUrl":"https:\/\/eurotrail.info\/wp\/wp-content\/uploads\/2016\/01\/ETCF0691-Lausanne-Brick-Black-Open-25-S.jpg","datePublished":"2016-01-20T08:04:38+00:00","dateModified":"2026-01-08T15:28:18+00:00","breadcrumb":{"@id":"https:\/\/eurotrail.info\/fr\/producten\/meubles\/chaises-pliantes\/lausanne-chaise-pliante\/#breadcrumb"},"inLanguage":"fr-FR","potentialAction":[{"@type":"ReadAction","target":["https:\/\/eurotrail.info\/fr\/producten\/meubles\/chaises-pliantes\/lausanne-chaise-pliante\/"]}]},{"@type":"ImageObject","inLanguage":"fr-FR","@id":"https:\/\/eurotrail.info\/fr\/producten\/meubles\/chaises-pliantes\/lausanne-chaise-pliante\/#primaryimage","url":"https:\/\/eurotrail.info\/wp\/wp-content\/uploads\/2016\/01\/ETCF0691-Lausanne-Brick-Black-Open-25-S.jpg","contentUrl":"https:\/\/eurotrail.info\/wp\/wp-content\/uploads\/2016\/01\/ETCF0691-Lausanne-Brick-Black-Open-25-S.jpg","width":1337,"height":1548},{"@type":"BreadcrumbList","@id":"https:\/\/eurotrail.info\/fr\/producten\/meubles\/chaises-pliantes\/lausanne-chaise-pliante\/#breadcrumb","itemListElement":[{"@type":"ListItem","position":1,"name":"Home","item":"https:\/\/eurotrail.info\/fr\/"},{"@type":"ListItem","position":2,"name":"Produits","item":"https:\/\/eurotrail.info\/fr\/produits\/"},{"@type":"ListItem","position":3,"name":"Lausanne chaise pliante"}]},{"@type":"WebSite","@id":"https:\/\/eurotrail.info\/#website","url":"https:\/\/eurotrail.info\/","name":"Eurotrail | The way we camp!","description":"","publisher":{"@id":"https:\/\/eurotrail.info\/#organization"},"potentialAction":[{"@type":"SearchAction","target":{"@type":"EntryPoint","urlTemplate":"https:\/\/eurotrail.info\/?s={search_term_string}"},"query-input":{"@type":"PropertyValueSpecification","valueRequired":true,"valueName":"search_term_string"}}],"inLanguage":"fr-FR"},{"@type":"Organization","@id":"https:\/\/eurotrail.info\/#organization","name":"Eurotrail | The way we camp!","url":"https:\/\/eurotrail.info\/","logo":{"@type":"ImageObject","inLanguage":"fr-FR","@id":"https:\/\/eurotrail.info\/#\/schema\/logo\/image\/","url":"https:\/\/eurotrail.info\/wp\/wp-content\/uploads\/2023\/07\/ET-logo-quote_NL-scaled.jpg","contentUrl":"https:\/\/eurotrail.info\/wp\/wp-content\/uploads\/2023\/07\/ET-logo-quote_NL-scaled.jpg","width":2560,"height":675,"caption":"Eurotrail | The way we camp!"},"image":{"@id":"https:\/\/eurotrail.info\/#\/schema\/logo\/image\/"}}]}},"_links":{"self":[{"href":"https:\/\/eurotrail.info\/fr\/wp-json\/wp\/v2\/product\/10177","targetHints":{"allow":["GET"]}}],"collection":[{"href":"https:\/\/eurotrail.info\/fr\/wp-json\/wp\/v2\/product"}],"about":[{"href":"https:\/\/eurotrail.info\/fr\/wp-json\/wp\/v2\/types\/product"}],"replies":[{"embeddable":true,"href":"https:\/\/eurotrail.info\/fr\/wp-json\/wp\/v2\/comments?post=10177"}],"wp:featuredmedia":[{"embeddable":true,"href":"https:\/\/eurotrail.info\/fr\/wp-json\/wp\/v2\/media\/28671"}],"wp:attachment":[{"href":"https:\/\/eurotrail.info\/fr\/wp-json\/wp\/v2\/media?parent=10177"}],"wp:term":[{"taxonomy":"product_brand","embeddable":true,"href":"https:\/\/eurotrail.info\/fr\/wp-json\/wp\/v2\/product_brand?post=10177"},{"taxonomy":"product_cat","embeddable":true,"href":"https:\/\/eurotrail.info\/fr\/wp-json\/wp\/v2\/product_cat?post=10177"},{"taxonomy":"product_tag","embeddable":true,"href":"https:\/\/eurotrail.info\/fr\/wp-json\/wp\/v2\/product_tag?post=10177"}],"curies":[{"name":"wp","href":"https:\/\/api.w.org\/{rel}","templated":true}]}}