{"id":10194,"date":"2016-01-19T16:47:28","date_gmt":"2016-01-19T15:47:28","guid":{"rendered":"https:\/\/eurotrail.info\/producten\/minor-chaise-pliante\/"},"modified":"2026-02-04T15:38:44","modified_gmt":"2026-02-04T14:38:44","slug":"minor-chaise-pliante","status":"publish","type":"product","link":"https:\/\/eurotrail.info\/fr\/producten\/meubles\/chaises-pliantes\/minor-chaise-pliante\/","title":{"rendered":"Minor chaise pliante"},"content":{"rendered":"<p>La chaise de plage Minor est une chaise de plage basse pratique et confortable, parfaite pour une utilisation \u00e0 la plage, au camping ou dans le jardin. Avec une hauteur d&#8217;assise de seulement 20 cm au-dessus du sol, vous \u00eates confortablement assis pr\u00e8s du sable, tandis que le dossier haut offre un soutien et une d\u00e9tente suppl\u00e9mentaires.<\/p>\n<p>Cette chaise de plage pliable est facile \u00e0 transporter et, gr\u00e2ce \u00e0 son poids l\u00e9ger, id\u00e9ale pour les d\u00e9placements. Son cadre en acier robuste offre une excellente stabilit\u00e9 et durabilit\u00e9, pour que vous puissiez profiter sans souci des journ\u00e9es ensoleill\u00e9es.<\/p>\n<p>Le mod\u00e8le Minor est disponible en plusieurs couleurs vives et allie confort et aspect ludique \u2014 un v\u00e9ritable must-have pour tous les amateurs de plage.<\/p>\n<p>Dimensions : 45 x 40 x 19 \/ 50 cm<br \/>\nDimensions pli\u00e9es : 60 x 46 x 7 cm<br \/>\nMat\u00e9riel : 100% polyester<br \/>\nCadre : acier<br \/>\nCapacit\u00e9 de charge max. \u00a0100 kg<br \/>\nPoids : 1,35 kg<\/p>\n","protected":false},"excerpt":{"rendered":"<p>La chaise de plage Minor est une chaise de plage basse pratique et confortable, parfaite pour une utilisation \u00e0 la plage, au camping ou dans&hellip;<\/p>\n","protected":false},"featured_media":10203,"comment_status":"open","ping_status":"closed","template":"","meta":{"_acf_changed":false},"product_brand":[],"product_cat":[256,255],"product_tag":[],"class_list":{"0":"post-10194","1":"product","2":"type-product","3":"status-publish","4":"has-post-thumbnail","6":"product_cat-chaises-de-plage","7":"product_cat-chaises-pliantes","9":"first","10":"instock","11":"shipping-taxable","12":"product-type-simple"},"acf":[],"yoast_head":"<!-- This site is optimized with the Yoast SEO plugin v27.4 - https:\/\/yoast.com\/product\/yoast-seo-wordpress\/ -->\n<title>Minor chaise pliante - Eurotrail | The way we camp!<\/title>\n<meta name=\"description\" content=\"Chaise de plage pliante. Confortable et facile \u00e0 transporter ! \u00c0 seulement 20 cm du sol, pr\u00e8s du sable, le dossier offre un soutien suppl\u00e9mentaire.\" \/>\n<meta name=\"robots\" content=\"index, follow, max-snippet:-1, max-image-preview:large, max-video-preview:-1\" \/>\n<link rel=\"canonical\" href=\"https:\/\/eurotrail.info\/fr\/producten\/meubles\/chaises-pliantes\/minor-chaise-pliante\/\" \/>\n<meta property=\"og:locale\" content=\"fr_FR\" \/>\n<meta property=\"og:type\" content=\"article\" \/>\n<meta property=\"og:title\" content=\"Minor chaise pliante - Eurotrail | The way we camp!\" \/>\n<meta property=\"og:description\" content=\"Chaise de plage pliante. Confortable et facile \u00e0 transporter ! \u00c0 seulement 20 cm du sol, pr\u00e8s du sable, le dossier offre un soutien suppl\u00e9mentaire.\" \/>\n<meta property=\"og:url\" content=\"https:\/\/eurotrail.info\/fr\/producten\/meubles\/chaises-pliantes\/minor-chaise-pliante\/\" \/>\n<meta property=\"og:site_name\" content=\"Eurotrail | The way we camp!\" \/>\n<meta property=\"article:modified_time\" content=\"2026-02-04T14:38:44+00:00\" \/>\n<meta property=\"og:image\" content=\"https:\/\/eurotrail.info\/wp\/wp-content\/uploads\/2016\/01\/ETCF0841-Minor-Dutch-blue-13.jpg\" \/>\n\t<meta property=\"og:image:width\" content=\"1146\" \/>\n\t<meta property=\"og:image:height\" content=\"1181\" \/>\n\t<meta property=\"og:image:type\" content=\"image\/jpeg\" \/>\n<meta name=\"twitter:card\" content=\"summary_large_image\" \/>\n<meta name=\"twitter:label1\" content=\"Dur\u00e9e de lecture estim\u00e9e\" \/>\n\t<meta name=\"twitter:data1\" content=\"1 minute\" \/>\n<script type=\"application\/ld+json\" class=\"yoast-schema-graph\">{\"@context\":\"https:\\\/\\\/schema.org\",\"@graph\":[{\"@type\":\"WebPage\",\"@id\":\"https:\\\/\\\/eurotrail.info\\\/fr\\\/producten\\\/meubles\\\/chaises-pliantes\\\/minor-chaise-pliante\\\/\",\"url\":\"https:\\\/\\\/eurotrail.info\\\/fr\\\/producten\\\/meubles\\\/chaises-pliantes\\\/minor-chaise-pliante\\\/\",\"name\":\"Minor chaise pliante - Eurotrail | The way we camp!\",\"isPartOf\":{\"@id\":\"https:\\\/\\\/eurotrail.info\\\/#website\"},\"primaryImageOfPage\":{\"@id\":\"https:\\\/\\\/eurotrail.info\\\/fr\\\/producten\\\/meubles\\\/chaises-pliantes\\\/minor-chaise-pliante\\\/#primaryimage\"},\"image\":{\"@id\":\"https:\\\/\\\/eurotrail.info\\\/fr\\\/producten\\\/meubles\\\/chaises-pliantes\\\/minor-chaise-pliante\\\/#primaryimage\"},\"thumbnailUrl\":\"https:\\\/\\\/eurotrail.info\\\/wp\\\/wp-content\\\/uploads\\\/2016\\\/01\\\/ETCF0841-Minor-Dutch-blue-13.jpg\",\"datePublished\":\"2016-01-19T15:47:28+00:00\",\"dateModified\":\"2026-02-04T14:38:44+00:00\",\"description\":\"Chaise de plage pliante. Confortable et facile \u00e0 transporter ! \u00c0 seulement 20 cm du sol, pr\u00e8s du sable, le dossier offre un soutien suppl\u00e9mentaire.\",\"breadcrumb\":{\"@id\":\"https:\\\/\\\/eurotrail.info\\\/fr\\\/producten\\\/meubles\\\/chaises-pliantes\\\/minor-chaise-pliante\\\/#breadcrumb\"},\"inLanguage\":\"fr-FR\",\"potentialAction\":[{\"@type\":\"ReadAction\",\"target\":[\"https:\\\/\\\/eurotrail.info\\\/fr\\\/producten\\\/meubles\\\/chaises-pliantes\\\/minor-chaise-pliante\\\/\"]}]},{\"@type\":\"ImageObject\",\"inLanguage\":\"fr-FR\",\"@id\":\"https:\\\/\\\/eurotrail.info\\\/fr\\\/producten\\\/meubles\\\/chaises-pliantes\\\/minor-chaise-pliante\\\/#primaryimage\",\"url\":\"https:\\\/\\\/eurotrail.info\\\/wp\\\/wp-content\\\/uploads\\\/2016\\\/01\\\/ETCF0841-Minor-Dutch-blue-13.jpg\",\"contentUrl\":\"https:\\\/\\\/eurotrail.info\\\/wp\\\/wp-content\\\/uploads\\\/2016\\\/01\\\/ETCF0841-Minor-Dutch-blue-13.jpg\",\"width\":1146,\"height\":1181},{\"@type\":\"BreadcrumbList\",\"@id\":\"https:\\\/\\\/eurotrail.info\\\/fr\\\/producten\\\/meubles\\\/chaises-pliantes\\\/minor-chaise-pliante\\\/#breadcrumb\",\"itemListElement\":[{\"@type\":\"ListItem\",\"position\":1,\"name\":\"Home\",\"item\":\"https:\\\/\\\/eurotrail.info\\\/fr\\\/\"},{\"@type\":\"ListItem\",\"position\":2,\"name\":\"Produits\",\"item\":\"https:\\\/\\\/eurotrail.info\\\/fr\\\/produits\\\/\"},{\"@type\":\"ListItem\",\"position\":3,\"name\":\"Minor chaise pliante\"}]},{\"@type\":\"WebSite\",\"@id\":\"https:\\\/\\\/eurotrail.info\\\/#website\",\"url\":\"https:\\\/\\\/eurotrail.info\\\/\",\"name\":\"Eurotrail | The way we camp!\",\"description\":\"\",\"publisher\":{\"@id\":\"https:\\\/\\\/eurotrail.info\\\/#organization\"},\"potentialAction\":[{\"@type\":\"SearchAction\",\"target\":{\"@type\":\"EntryPoint\",\"urlTemplate\":\"https:\\\/\\\/eurotrail.info\\\/?s={search_term_string}\"},\"query-input\":{\"@type\":\"PropertyValueSpecification\",\"valueRequired\":true,\"valueName\":\"search_term_string\"}}],\"inLanguage\":\"fr-FR\"},{\"@type\":\"Organization\",\"@id\":\"https:\\\/\\\/eurotrail.info\\\/#organization\",\"name\":\"Eurotrail | The way we camp!\",\"url\":\"https:\\\/\\\/eurotrail.info\\\/\",\"logo\":{\"@type\":\"ImageObject\",\"inLanguage\":\"fr-FR\",\"@id\":\"https:\\\/\\\/eurotrail.info\\\/#\\\/schema\\\/logo\\\/image\\\/\",\"url\":\"https:\\\/\\\/eurotrail.info\\\/wp\\\/wp-content\\\/uploads\\\/2023\\\/07\\\/ET-logo-quote_NL-scaled.jpg\",\"contentUrl\":\"https:\\\/\\\/eurotrail.info\\\/wp\\\/wp-content\\\/uploads\\\/2023\\\/07\\\/ET-logo-quote_NL-scaled.jpg\",\"width\":2560,\"height\":675,\"caption\":\"Eurotrail | The way we camp!\"},\"image\":{\"@id\":\"https:\\\/\\\/eurotrail.info\\\/#\\\/schema\\\/logo\\\/image\\\/\"}}]}<\/script>\n<!-- \/ Yoast SEO plugin. -->","yoast_head_json":{"title":"Minor chaise pliante - Eurotrail | The way we camp!","description":"Chaise de plage pliante. Confortable et facile \u00e0 transporter ! \u00c0 seulement 20 cm du sol, pr\u00e8s du sable, le dossier offre un soutien suppl\u00e9mentaire.","robots":{"index":"index","follow":"follow","max-snippet":"max-snippet:-1","max-image-preview":"max-image-preview:large","max-video-preview":"max-video-preview:-1"},"canonical":"https:\/\/eurotrail.info\/fr\/producten\/meubles\/chaises-pliantes\/minor-chaise-pliante\/","og_locale":"fr_FR","og_type":"article","og_title":"Minor chaise pliante - Eurotrail | The way we camp!","og_description":"Chaise de plage pliante. Confortable et facile \u00e0 transporter ! \u00c0 seulement 20 cm du sol, pr\u00e8s du sable, le dossier offre un soutien suppl\u00e9mentaire.","og_url":"https:\/\/eurotrail.info\/fr\/producten\/meubles\/chaises-pliantes\/minor-chaise-pliante\/","og_site_name":"Eurotrail | The way we camp!","article_modified_time":"2026-02-04T14:38:44+00:00","og_image":[{"width":1146,"height":1181,"url":"https:\/\/eurotrail.info\/wp\/wp-content\/uploads\/2016\/01\/ETCF0841-Minor-Dutch-blue-13.jpg","type":"image\/jpeg"}],"twitter_card":"summary_large_image","twitter_misc":{"Dur\u00e9e de lecture estim\u00e9e":"1 minute"},"schema":{"@context":"https:\/\/schema.org","@graph":[{"@type":"WebPage","@id":"https:\/\/eurotrail.info\/fr\/producten\/meubles\/chaises-pliantes\/minor-chaise-pliante\/","url":"https:\/\/eurotrail.info\/fr\/producten\/meubles\/chaises-pliantes\/minor-chaise-pliante\/","name":"Minor chaise pliante - Eurotrail | The way we camp!","isPartOf":{"@id":"https:\/\/eurotrail.info\/#website"},"primaryImageOfPage":{"@id":"https:\/\/eurotrail.info\/fr\/producten\/meubles\/chaises-pliantes\/minor-chaise-pliante\/#primaryimage"},"image":{"@id":"https:\/\/eurotrail.info\/fr\/producten\/meubles\/chaises-pliantes\/minor-chaise-pliante\/#primaryimage"},"thumbnailUrl":"https:\/\/eurotrail.info\/wp\/wp-content\/uploads\/2016\/01\/ETCF0841-Minor-Dutch-blue-13.jpg","datePublished":"2016-01-19T15:47:28+00:00","dateModified":"2026-02-04T14:38:44+00:00","description":"Chaise de plage pliante. Confortable et facile \u00e0 transporter ! \u00c0 seulement 20 cm du sol, pr\u00e8s du sable, le dossier offre un soutien suppl\u00e9mentaire.","breadcrumb":{"@id":"https:\/\/eurotrail.info\/fr\/producten\/meubles\/chaises-pliantes\/minor-chaise-pliante\/#breadcrumb"},"inLanguage":"fr-FR","potentialAction":[{"@type":"ReadAction","target":["https:\/\/eurotrail.info\/fr\/producten\/meubles\/chaises-pliantes\/minor-chaise-pliante\/"]}]},{"@type":"ImageObject","inLanguage":"fr-FR","@id":"https:\/\/eurotrail.info\/fr\/producten\/meubles\/chaises-pliantes\/minor-chaise-pliante\/#primaryimage","url":"https:\/\/eurotrail.info\/wp\/wp-content\/uploads\/2016\/01\/ETCF0841-Minor-Dutch-blue-13.jpg","contentUrl":"https:\/\/eurotrail.info\/wp\/wp-content\/uploads\/2016\/01\/ETCF0841-Minor-Dutch-blue-13.jpg","width":1146,"height":1181},{"@type":"BreadcrumbList","@id":"https:\/\/eurotrail.info\/fr\/producten\/meubles\/chaises-pliantes\/minor-chaise-pliante\/#breadcrumb","itemListElement":[{"@type":"ListItem","position":1,"name":"Home","item":"https:\/\/eurotrail.info\/fr\/"},{"@type":"ListItem","position":2,"name":"Produits","item":"https:\/\/eurotrail.info\/fr\/produits\/"},{"@type":"ListItem","position":3,"name":"Minor chaise pliante"}]},{"@type":"WebSite","@id":"https:\/\/eurotrail.info\/#website","url":"https:\/\/eurotrail.info\/","name":"Eurotrail | The way we camp!","description":"","publisher":{"@id":"https:\/\/eurotrail.info\/#organization"},"potentialAction":[{"@type":"SearchAction","target":{"@type":"EntryPoint","urlTemplate":"https:\/\/eurotrail.info\/?s={search_term_string}"},"query-input":{"@type":"PropertyValueSpecification","valueRequired":true,"valueName":"search_term_string"}}],"inLanguage":"fr-FR"},{"@type":"Organization","@id":"https:\/\/eurotrail.info\/#organization","name":"Eurotrail | The way we camp!","url":"https:\/\/eurotrail.info\/","logo":{"@type":"ImageObject","inLanguage":"fr-FR","@id":"https:\/\/eurotrail.info\/#\/schema\/logo\/image\/","url":"https:\/\/eurotrail.info\/wp\/wp-content\/uploads\/2023\/07\/ET-logo-quote_NL-scaled.jpg","contentUrl":"https:\/\/eurotrail.info\/wp\/wp-content\/uploads\/2023\/07\/ET-logo-quote_NL-scaled.jpg","width":2560,"height":675,"caption":"Eurotrail | The way we camp!"},"image":{"@id":"https:\/\/eurotrail.info\/#\/schema\/logo\/image\/"}}]}},"_links":{"self":[{"href":"https:\/\/eurotrail.info\/fr\/wp-json\/wp\/v2\/product\/10194","targetHints":{"allow":["GET"]}}],"collection":[{"href":"https:\/\/eurotrail.info\/fr\/wp-json\/wp\/v2\/product"}],"about":[{"href":"https:\/\/eurotrail.info\/fr\/wp-json\/wp\/v2\/types\/product"}],"replies":[{"embeddable":true,"href":"https:\/\/eurotrail.info\/fr\/wp-json\/wp\/v2\/comments?post=10194"}],"wp:featuredmedia":[{"embeddable":true,"href":"https:\/\/eurotrail.info\/fr\/wp-json\/wp\/v2\/media\/10203"}],"wp:attachment":[{"href":"https:\/\/eurotrail.info\/fr\/wp-json\/wp\/v2\/media?parent=10194"}],"wp:term":[{"taxonomy":"product_brand","embeddable":true,"href":"https:\/\/eurotrail.info\/fr\/wp-json\/wp\/v2\/product_brand?post=10194"},{"taxonomy":"product_cat","embeddable":true,"href":"https:\/\/eurotrail.info\/fr\/wp-json\/wp\/v2\/product_cat?post=10194"},{"taxonomy":"product_tag","embeddable":true,"href":"https:\/\/eurotrail.info\/fr\/wp-json\/wp\/v2\/product_tag?post=10194"}],"curies":[{"name":"wp","href":"https:\/\/api.w.org\/{rel}","templated":true}]}}