{"id":10224,"date":"2016-01-20T09:08:59","date_gmt":"2016-01-20T08:08:59","guid":{"rendered":"https:\/\/eurotrail.info\/producten\/siege-randonneur\/"},"modified":"2016-01-20T09:08:59","modified_gmt":"2016-01-20T08:08:59","slug":"siege-randonneur","status":"publish","type":"product","link":"https:\/\/eurotrail.info\/fr\/producten\/meubles\/chaises-pliantes\/siege-randonneur\/","title":{"rendered":"Si\u00e8ge randonneur"},"content":{"rendered":"<p><span lang=\"FR\">Un si\u00e8ge l\u00e9ger et alors id\u00e9al \u00e0 emporter dans un sac \u00e0 dos, un sac de v\u00e9lo ou \u00e0 m\u00eame \u00e0 pied !<br \/>\nTr\u00e8s compact \u00e0 enrouler et facile \u00e0 utiliser.<\/span><\/p>\n<p><span lang=\"FR\">Couleur disponible : anthracite<\/span><\/p>\n<p><span lang=\"FR\">Dimensions : 42 x 65 x 58 cm<br \/>\nEnroul\u00e9 : 42 x \u00d88 cm<br \/>\nMat\u00e9riel : 100% polyester<br \/>\nCadre : aluminium<br \/>\nCharge max. 120 kg<br \/>\nPoids : 0,7 kg<\/span><\/p>\n","protected":false},"excerpt":{"rendered":"<p>Un si\u00e8ge l\u00e9ger et alors id\u00e9al \u00e0 emporter dans un sac \u00e0 dos, un sac de v\u00e9lo ou \u00e0 m\u00eame \u00e0 pied ! Tr\u00e8s compact&hellip;<\/p>\n","protected":false},"featured_media":10225,"comment_status":"open","ping_status":"closed","template":"","meta":{"_acf_changed":false},"product_brand":[],"product_cat":[255],"product_tag":[],"class_list":{"0":"post-10224","1":"product","2":"type-product","3":"status-publish","4":"has-post-thumbnail","6":"product_cat-chaises-pliantes","8":"first","9":"instock","10":"shipping-taxable","11":"product-type-simple"},"acf":[],"yoast_head":"<!-- This site is optimized with the Yoast SEO plugin v27.4 - https:\/\/yoast.com\/product\/yoast-seo-wordpress\/ -->\n<title>Si\u00e8ge randonneur - Eurotrail | The way we camp!<\/title>\n<meta name=\"robots\" content=\"index, follow, max-snippet:-1, max-image-preview:large, max-video-preview:-1\" \/>\n<link rel=\"canonical\" href=\"https:\/\/eurotrail.info\/producten\/kampeermeubelen-campingmeubelen\/vouwstoelen\/backpacker-chair\/\" \/>\n<meta property=\"og:locale\" content=\"fr_FR\" \/>\n<meta property=\"og:type\" content=\"article\" \/>\n<meta property=\"og:title\" content=\"Si\u00e8ge randonneur - Eurotrail | The way we camp!\" \/>\n<meta property=\"og:description\" content=\"Un si\u00e8ge l\u00e9ger et alors id\u00e9al \u00e0 emporter dans un sac \u00e0 dos, un sac de v\u00e9lo ou \u00e0 m\u00eame \u00e0 pied ! Tr\u00e8s compact&hellip;\" \/>\n<meta property=\"og:url\" content=\"https:\/\/eurotrail.info\/producten\/kampeermeubelen-campingmeubelen\/vouwstoelen\/backpacker-chair\/\" \/>\n<meta property=\"og:site_name\" content=\"Eurotrail | The way we camp!\" \/>\n<meta property=\"og:image\" content=\"https:\/\/eurotrail.info\/wp\/wp-content\/uploads\/2016\/01\/ETCF1099-Backpacker-chair.jpg\" \/>\n\t<meta property=\"og:image:width\" content=\"1883\" \/>\n\t<meta property=\"og:image:height\" content=\"1772\" \/>\n\t<meta property=\"og:image:type\" content=\"image\/jpeg\" \/>\n<meta name=\"twitter:card\" content=\"summary_large_image\" \/>\n<script type=\"application\/ld+json\" class=\"yoast-schema-graph\">{\"@context\":\"https:\\\/\\\/schema.org\",\"@graph\":[{\"@type\":\"WebPage\",\"@id\":\"https:\\\/\\\/eurotrail.info\\\/producten\\\/kampeermeubelen-campingmeubelen\\\/vouwstoelen\\\/backpacker-chair\\\/\",\"url\":\"https:\\\/\\\/eurotrail.info\\\/producten\\\/kampeermeubelen-campingmeubelen\\\/vouwstoelen\\\/backpacker-chair\\\/\",\"name\":\"Si\u00e8ge randonneur - Eurotrail | The way we camp!\",\"isPartOf\":{\"@id\":\"https:\\\/\\\/eurotrail.info\\\/#website\"},\"primaryImageOfPage\":{\"@id\":\"https:\\\/\\\/eurotrail.info\\\/producten\\\/kampeermeubelen-campingmeubelen\\\/vouwstoelen\\\/backpacker-chair\\\/#primaryimage\"},\"image\":{\"@id\":\"https:\\\/\\\/eurotrail.info\\\/producten\\\/kampeermeubelen-campingmeubelen\\\/vouwstoelen\\\/backpacker-chair\\\/#primaryimage\"},\"thumbnailUrl\":\"https:\\\/\\\/eurotrail.info\\\/wp\\\/wp-content\\\/uploads\\\/2016\\\/01\\\/ETCF1099-Backpacker-chair.jpg\",\"datePublished\":\"2016-01-20T08:08:59+00:00\",\"breadcrumb\":{\"@id\":\"https:\\\/\\\/eurotrail.info\\\/producten\\\/kampeermeubelen-campingmeubelen\\\/vouwstoelen\\\/backpacker-chair\\\/#breadcrumb\"},\"inLanguage\":\"fr-FR\",\"potentialAction\":[{\"@type\":\"ReadAction\",\"target\":[\"https:\\\/\\\/eurotrail.info\\\/producten\\\/kampeermeubelen-campingmeubelen\\\/vouwstoelen\\\/backpacker-chair\\\/\"]}]},{\"@type\":\"ImageObject\",\"inLanguage\":\"fr-FR\",\"@id\":\"https:\\\/\\\/eurotrail.info\\\/producten\\\/kampeermeubelen-campingmeubelen\\\/vouwstoelen\\\/backpacker-chair\\\/#primaryimage\",\"url\":\"https:\\\/\\\/eurotrail.info\\\/wp\\\/wp-content\\\/uploads\\\/2016\\\/01\\\/ETCF1099-Backpacker-chair.jpg\",\"contentUrl\":\"https:\\\/\\\/eurotrail.info\\\/wp\\\/wp-content\\\/uploads\\\/2016\\\/01\\\/ETCF1099-Backpacker-chair.jpg\",\"width\":1883,\"height\":1772},{\"@type\":\"BreadcrumbList\",\"@id\":\"https:\\\/\\\/eurotrail.info\\\/producten\\\/kampeermeubelen-campingmeubelen\\\/vouwstoelen\\\/backpacker-chair\\\/#breadcrumb\",\"itemListElement\":[{\"@type\":\"ListItem\",\"position\":1,\"name\":\"Home\",\"item\":\"https:\\\/\\\/eurotrail.info\\\/fr\\\/\"},{\"@type\":\"ListItem\",\"position\":2,\"name\":\"Produits\",\"item\":\"https:\\\/\\\/eurotrail.info\\\/fr\\\/produits\\\/\"},{\"@type\":\"ListItem\",\"position\":3,\"name\":\"Si\u00e8ge randonneur\"}]},{\"@type\":\"WebSite\",\"@id\":\"https:\\\/\\\/eurotrail.info\\\/#website\",\"url\":\"https:\\\/\\\/eurotrail.info\\\/\",\"name\":\"Eurotrail | The way we camp!\",\"description\":\"\",\"publisher\":{\"@id\":\"https:\\\/\\\/eurotrail.info\\\/#organization\"},\"potentialAction\":[{\"@type\":\"SearchAction\",\"target\":{\"@type\":\"EntryPoint\",\"urlTemplate\":\"https:\\\/\\\/eurotrail.info\\\/?s={search_term_string}\"},\"query-input\":{\"@type\":\"PropertyValueSpecification\",\"valueRequired\":true,\"valueName\":\"search_term_string\"}}],\"inLanguage\":\"fr-FR\"},{\"@type\":\"Organization\",\"@id\":\"https:\\\/\\\/eurotrail.info\\\/#organization\",\"name\":\"Eurotrail | The way we camp!\",\"url\":\"https:\\\/\\\/eurotrail.info\\\/\",\"logo\":{\"@type\":\"ImageObject\",\"inLanguage\":\"fr-FR\",\"@id\":\"https:\\\/\\\/eurotrail.info\\\/#\\\/schema\\\/logo\\\/image\\\/\",\"url\":\"https:\\\/\\\/eurotrail.info\\\/wp\\\/wp-content\\\/uploads\\\/2023\\\/07\\\/ET-logo-quote_NL-scaled.jpg\",\"contentUrl\":\"https:\\\/\\\/eurotrail.info\\\/wp\\\/wp-content\\\/uploads\\\/2023\\\/07\\\/ET-logo-quote_NL-scaled.jpg\",\"width\":2560,\"height\":675,\"caption\":\"Eurotrail | The way we camp!\"},\"image\":{\"@id\":\"https:\\\/\\\/eurotrail.info\\\/#\\\/schema\\\/logo\\\/image\\\/\"}}]}<\/script>\n<!-- \/ Yoast SEO plugin. -->","yoast_head_json":{"title":"Si\u00e8ge randonneur - Eurotrail | The way we camp!","robots":{"index":"index","follow":"follow","max-snippet":"max-snippet:-1","max-image-preview":"max-image-preview:large","max-video-preview":"max-video-preview:-1"},"canonical":"https:\/\/eurotrail.info\/producten\/kampeermeubelen-campingmeubelen\/vouwstoelen\/backpacker-chair\/","og_locale":"fr_FR","og_type":"article","og_title":"Si\u00e8ge randonneur - Eurotrail | The way we camp!","og_description":"Un si\u00e8ge l\u00e9ger et alors id\u00e9al \u00e0 emporter dans un sac \u00e0 dos, un sac de v\u00e9lo ou \u00e0 m\u00eame \u00e0 pied ! Tr\u00e8s compact&hellip;","og_url":"https:\/\/eurotrail.info\/producten\/kampeermeubelen-campingmeubelen\/vouwstoelen\/backpacker-chair\/","og_site_name":"Eurotrail | The way we camp!","og_image":[{"width":1883,"height":1772,"url":"https:\/\/eurotrail.info\/wp\/wp-content\/uploads\/2016\/01\/ETCF1099-Backpacker-chair.jpg","type":"image\/jpeg"}],"twitter_card":"summary_large_image","schema":{"@context":"https:\/\/schema.org","@graph":[{"@type":"WebPage","@id":"https:\/\/eurotrail.info\/producten\/kampeermeubelen-campingmeubelen\/vouwstoelen\/backpacker-chair\/","url":"https:\/\/eurotrail.info\/producten\/kampeermeubelen-campingmeubelen\/vouwstoelen\/backpacker-chair\/","name":"Si\u00e8ge randonneur - Eurotrail | The way we camp!","isPartOf":{"@id":"https:\/\/eurotrail.info\/#website"},"primaryImageOfPage":{"@id":"https:\/\/eurotrail.info\/producten\/kampeermeubelen-campingmeubelen\/vouwstoelen\/backpacker-chair\/#primaryimage"},"image":{"@id":"https:\/\/eurotrail.info\/producten\/kampeermeubelen-campingmeubelen\/vouwstoelen\/backpacker-chair\/#primaryimage"},"thumbnailUrl":"https:\/\/eurotrail.info\/wp\/wp-content\/uploads\/2016\/01\/ETCF1099-Backpacker-chair.jpg","datePublished":"2016-01-20T08:08:59+00:00","breadcrumb":{"@id":"https:\/\/eurotrail.info\/producten\/kampeermeubelen-campingmeubelen\/vouwstoelen\/backpacker-chair\/#breadcrumb"},"inLanguage":"fr-FR","potentialAction":[{"@type":"ReadAction","target":["https:\/\/eurotrail.info\/producten\/kampeermeubelen-campingmeubelen\/vouwstoelen\/backpacker-chair\/"]}]},{"@type":"ImageObject","inLanguage":"fr-FR","@id":"https:\/\/eurotrail.info\/producten\/kampeermeubelen-campingmeubelen\/vouwstoelen\/backpacker-chair\/#primaryimage","url":"https:\/\/eurotrail.info\/wp\/wp-content\/uploads\/2016\/01\/ETCF1099-Backpacker-chair.jpg","contentUrl":"https:\/\/eurotrail.info\/wp\/wp-content\/uploads\/2016\/01\/ETCF1099-Backpacker-chair.jpg","width":1883,"height":1772},{"@type":"BreadcrumbList","@id":"https:\/\/eurotrail.info\/producten\/kampeermeubelen-campingmeubelen\/vouwstoelen\/backpacker-chair\/#breadcrumb","itemListElement":[{"@type":"ListItem","position":1,"name":"Home","item":"https:\/\/eurotrail.info\/fr\/"},{"@type":"ListItem","position":2,"name":"Produits","item":"https:\/\/eurotrail.info\/fr\/produits\/"},{"@type":"ListItem","position":3,"name":"Si\u00e8ge randonneur"}]},{"@type":"WebSite","@id":"https:\/\/eurotrail.info\/#website","url":"https:\/\/eurotrail.info\/","name":"Eurotrail | The way we camp!","description":"","publisher":{"@id":"https:\/\/eurotrail.info\/#organization"},"potentialAction":[{"@type":"SearchAction","target":{"@type":"EntryPoint","urlTemplate":"https:\/\/eurotrail.info\/?s={search_term_string}"},"query-input":{"@type":"PropertyValueSpecification","valueRequired":true,"valueName":"search_term_string"}}],"inLanguage":"fr-FR"},{"@type":"Organization","@id":"https:\/\/eurotrail.info\/#organization","name":"Eurotrail | The way we camp!","url":"https:\/\/eurotrail.info\/","logo":{"@type":"ImageObject","inLanguage":"fr-FR","@id":"https:\/\/eurotrail.info\/#\/schema\/logo\/image\/","url":"https:\/\/eurotrail.info\/wp\/wp-content\/uploads\/2023\/07\/ET-logo-quote_NL-scaled.jpg","contentUrl":"https:\/\/eurotrail.info\/wp\/wp-content\/uploads\/2023\/07\/ET-logo-quote_NL-scaled.jpg","width":2560,"height":675,"caption":"Eurotrail | The way we camp!"},"image":{"@id":"https:\/\/eurotrail.info\/#\/schema\/logo\/image\/"}}]}},"_links":{"self":[{"href":"https:\/\/eurotrail.info\/fr\/wp-json\/wp\/v2\/product\/10224","targetHints":{"allow":["GET"]}}],"collection":[{"href":"https:\/\/eurotrail.info\/fr\/wp-json\/wp\/v2\/product"}],"about":[{"href":"https:\/\/eurotrail.info\/fr\/wp-json\/wp\/v2\/types\/product"}],"replies":[{"embeddable":true,"href":"https:\/\/eurotrail.info\/fr\/wp-json\/wp\/v2\/comments?post=10224"}],"wp:featuredmedia":[{"embeddable":true,"href":"https:\/\/eurotrail.info\/fr\/wp-json\/wp\/v2\/media\/10225"}],"wp:attachment":[{"href":"https:\/\/eurotrail.info\/fr\/wp-json\/wp\/v2\/media?parent=10224"}],"wp:term":[{"taxonomy":"product_brand","embeddable":true,"href":"https:\/\/eurotrail.info\/fr\/wp-json\/wp\/v2\/product_brand?post=10224"},{"taxonomy":"product_cat","embeddable":true,"href":"https:\/\/eurotrail.info\/fr\/wp-json\/wp\/v2\/product_cat?post=10224"},{"taxonomy":"product_tag","embeddable":true,"href":"https:\/\/eurotrail.info\/fr\/wp-json\/wp\/v2\/product_tag?post=10224"}],"curies":[{"name":"wp","href":"https:\/\/api.w.org\/{rel}","templated":true}]}}