{"id":10304,"date":"2016-01-20T17:15:06","date_gmt":"2016-01-20T16:15:06","guid":{"rendered":"https:\/\/eurotrail.info\/producten\/petit-jr\/"},"modified":"2026-03-19T12:36:57","modified_gmt":"2026-03-19T11:36:57","slug":"petit-jr","status":"publish","type":"product","link":"https:\/\/eurotrail.info\/fr\/producten\/meubles\/chaises-denfants\/petit-jr\/","title":{"rendered":"Petit JR"},"content":{"rendered":"<p><strong>Chaise haute Petit JR \u2013 compacte, pratique au maximum<\/strong><\/p>\n<p>Envie de manger ensemble, de faire des activit\u00e9s manuelles ou de jouer ? Avec la chaise haute Petit JR, votre enfant sera toujours confortablement install\u00e9 \u00e0 vos c\u00f4t\u00e9s. Nombre de chaises hautes sont tout simplement trop profondes ou trop hautes pour \u00eatre confortablement assis \u00e0 table \u2013 et c&#8217;est l\u00e0 que la Petit JR fait toute la diff\u00e9rence.<\/p>\n<p>Avec ses 64 cm de hauteur, cette chaise se glisse parfaitement sous la plupart des tables, permettant \u00e0 votre enfant de s&#8217;asseoir confortablement sans avoir besoin de coussins ou de rehausseurs. Id\u00e9ale \u00e0 la maison, en camping ou chez mamie.<\/p>\n<p>Son cadre robuste en aluminium garantit une assise s\u00e9curis\u00e9e, tandis que la chaise est l\u00e9g\u00e8re et facile \u00e0 plier. Vous pouvez ainsi l&#8217;emporter partout ou la ranger facilement lorsqu&#8217;elle n&#8217;est pas utilis\u00e9e.<\/p>\n<p><strong>Pourquoi la Petit JR ?<\/strong><br \/>\n\u2714 Hauteur id\u00e9ale pour la table<br \/>\n\u2714 Cadre en aluminium l\u00e9ger et robuste<br \/>\n\u2714 Pliable pour un transport facile<br \/>\n\u2714 Adapt\u00e9e pour manger, dessiner ou jouer<\/p>\n<p>Une chaise haute pratique et compacte \u2013 pour que les repas en famille deviennent de v\u00e9ritables moments de partage. \ud83d\ude0a<\/p>\n<p>Disponible en plusieurs couleurs.<\/p>\n<p>Dimensions : 43 x 43 x 50 \/ 90 cm<br \/>\nDimensions pli\u00e9es : 14 x 13 x 90 cm<br \/>\nMat\u00e9riel : 100% polyester<br \/>\nCadre : aluminium<br \/>\nCapacit\u00e9 de charge max. 60 kg<br \/>\nPoids : 2,7 kg<\/p>\n","protected":false},"excerpt":{"rendered":"<p>Chaise haute Petit JR \u2013 compacte, pratique au maximum Envie de manger ensemble, de faire des activit\u00e9s manuelles ou de jouer ? Avec la chaise&hellip;<\/p>\n","protected":false},"featured_media":10306,"comment_status":"open","ping_status":"closed","template":"","meta":{"_acf_changed":false},"product_brand":[],"product_cat":[259],"product_tag":[],"class_list":{"0":"post-10304","1":"product","2":"type-product","3":"status-publish","4":"has-post-thumbnail","6":"product_cat-chaises-denfants","8":"first","9":"instock","10":"shipping-taxable","11":"product-type-simple"},"acf":[],"yoast_head":"<!-- This site is optimized with the Yoast SEO plugin v27.4 - https:\/\/yoast.com\/product\/yoast-seo-wordpress\/ -->\n<title>Petit JR - Eurotrail | The way we camp!<\/title>\n<meta name=\"description\" content=\"Chaise haute Petit JR, 64 cm de hauteur. Se glisse sous presque toutes les tables, structure l\u00e9g\u00e8re en aluminium et pliable. Id\u00e9ale pour repas et les jeux.\" \/>\n<meta name=\"robots\" content=\"index, follow, max-snippet:-1, max-image-preview:large, max-video-preview:-1\" \/>\n<link rel=\"canonical\" href=\"https:\/\/eurotrail.info\/fr\/producten\/meubles\/chaises-denfants\/petit-jr\/\" \/>\n<meta property=\"og:locale\" content=\"fr_FR\" \/>\n<meta property=\"og:type\" content=\"article\" \/>\n<meta property=\"og:title\" content=\"Petit JR - Eurotrail | The way we camp!\" \/>\n<meta property=\"og:description\" content=\"Chaise haute Petit JR, 64 cm de hauteur. Se glisse sous presque toutes les tables, structure l\u00e9g\u00e8re en aluminium et pliable. Id\u00e9ale pour repas et les jeux.\" \/>\n<meta property=\"og:url\" content=\"https:\/\/eurotrail.info\/fr\/producten\/meubles\/chaises-denfants\/petit-jr\/\" \/>\n<meta property=\"og:site_name\" content=\"Eurotrail | The way we camp!\" \/>\n<meta property=\"article:modified_time\" content=\"2026-03-19T11:36:57+00:00\" \/>\n<meta property=\"og:image\" content=\"https:\/\/eurotrail.info\/wp\/wp-content\/uploads\/2016\/01\/ETCF0891-Petit-jr-Azure-16.jpg\" \/>\n\t<meta property=\"og:image:width\" content=\"1095\" \/>\n\t<meta property=\"og:image:height\" content=\"1772\" \/>\n\t<meta property=\"og:image:type\" content=\"image\/jpeg\" \/>\n<meta name=\"twitter:card\" content=\"summary_large_image\" \/>\n<meta name=\"twitter:label1\" content=\"Dur\u00e9e de lecture estim\u00e9e\" \/>\n\t<meta name=\"twitter:data1\" content=\"2 minutes\" \/>\n<script type=\"application\/ld+json\" class=\"yoast-schema-graph\">{\"@context\":\"https:\\\/\\\/schema.org\",\"@graph\":[{\"@type\":\"WebPage\",\"@id\":\"https:\\\/\\\/eurotrail.info\\\/fr\\\/producten\\\/meubles\\\/chaises-denfants\\\/petit-jr\\\/\",\"url\":\"https:\\\/\\\/eurotrail.info\\\/fr\\\/producten\\\/meubles\\\/chaises-denfants\\\/petit-jr\\\/\",\"name\":\"Petit JR - Eurotrail | The way we camp!\",\"isPartOf\":{\"@id\":\"https:\\\/\\\/eurotrail.info\\\/#website\"},\"primaryImageOfPage\":{\"@id\":\"https:\\\/\\\/eurotrail.info\\\/fr\\\/producten\\\/meubles\\\/chaises-denfants\\\/petit-jr\\\/#primaryimage\"},\"image\":{\"@id\":\"https:\\\/\\\/eurotrail.info\\\/fr\\\/producten\\\/meubles\\\/chaises-denfants\\\/petit-jr\\\/#primaryimage\"},\"thumbnailUrl\":\"https:\\\/\\\/eurotrail.info\\\/wp\\\/wp-content\\\/uploads\\\/2016\\\/01\\\/ETCF0891-Petit-jr-Azure-16.jpg\",\"datePublished\":\"2016-01-20T16:15:06+00:00\",\"dateModified\":\"2026-03-19T11:36:57+00:00\",\"description\":\"Chaise haute Petit JR, 64 cm de hauteur. Se glisse sous presque toutes les tables, structure l\u00e9g\u00e8re en aluminium et pliable. Id\u00e9ale pour repas et les jeux.\",\"breadcrumb\":{\"@id\":\"https:\\\/\\\/eurotrail.info\\\/fr\\\/producten\\\/meubles\\\/chaises-denfants\\\/petit-jr\\\/#breadcrumb\"},\"inLanguage\":\"fr-FR\",\"potentialAction\":[{\"@type\":\"ReadAction\",\"target\":[\"https:\\\/\\\/eurotrail.info\\\/fr\\\/producten\\\/meubles\\\/chaises-denfants\\\/petit-jr\\\/\"]}]},{\"@type\":\"ImageObject\",\"inLanguage\":\"fr-FR\",\"@id\":\"https:\\\/\\\/eurotrail.info\\\/fr\\\/producten\\\/meubles\\\/chaises-denfants\\\/petit-jr\\\/#primaryimage\",\"url\":\"https:\\\/\\\/eurotrail.info\\\/wp\\\/wp-content\\\/uploads\\\/2016\\\/01\\\/ETCF0891-Petit-jr-Azure-16.jpg\",\"contentUrl\":\"https:\\\/\\\/eurotrail.info\\\/wp\\\/wp-content\\\/uploads\\\/2016\\\/01\\\/ETCF0891-Petit-jr-Azure-16.jpg\",\"width\":1095,\"height\":1772,\"caption\":\"Eurotrail Petit JR aluminium vouwstoel\"},{\"@type\":\"BreadcrumbList\",\"@id\":\"https:\\\/\\\/eurotrail.info\\\/fr\\\/producten\\\/meubles\\\/chaises-denfants\\\/petit-jr\\\/#breadcrumb\",\"itemListElement\":[{\"@type\":\"ListItem\",\"position\":1,\"name\":\"Home\",\"item\":\"https:\\\/\\\/eurotrail.info\\\/fr\\\/\"},{\"@type\":\"ListItem\",\"position\":2,\"name\":\"Produits\",\"item\":\"https:\\\/\\\/eurotrail.info\\\/fr\\\/produits\\\/\"},{\"@type\":\"ListItem\",\"position\":3,\"name\":\"Petit JR\"}]},{\"@type\":\"WebSite\",\"@id\":\"https:\\\/\\\/eurotrail.info\\\/#website\",\"url\":\"https:\\\/\\\/eurotrail.info\\\/\",\"name\":\"Eurotrail | The way we camp!\",\"description\":\"\",\"publisher\":{\"@id\":\"https:\\\/\\\/eurotrail.info\\\/#organization\"},\"potentialAction\":[{\"@type\":\"SearchAction\",\"target\":{\"@type\":\"EntryPoint\",\"urlTemplate\":\"https:\\\/\\\/eurotrail.info\\\/?s={search_term_string}\"},\"query-input\":{\"@type\":\"PropertyValueSpecification\",\"valueRequired\":true,\"valueName\":\"search_term_string\"}}],\"inLanguage\":\"fr-FR\"},{\"@type\":\"Organization\",\"@id\":\"https:\\\/\\\/eurotrail.info\\\/#organization\",\"name\":\"Eurotrail | The way we camp!\",\"url\":\"https:\\\/\\\/eurotrail.info\\\/\",\"logo\":{\"@type\":\"ImageObject\",\"inLanguage\":\"fr-FR\",\"@id\":\"https:\\\/\\\/eurotrail.info\\\/#\\\/schema\\\/logo\\\/image\\\/\",\"url\":\"https:\\\/\\\/eurotrail.info\\\/wp\\\/wp-content\\\/uploads\\\/2023\\\/07\\\/ET-logo-quote_NL-scaled.jpg\",\"contentUrl\":\"https:\\\/\\\/eurotrail.info\\\/wp\\\/wp-content\\\/uploads\\\/2023\\\/07\\\/ET-logo-quote_NL-scaled.jpg\",\"width\":2560,\"height\":675,\"caption\":\"Eurotrail | The way we camp!\"},\"image\":{\"@id\":\"https:\\\/\\\/eurotrail.info\\\/#\\\/schema\\\/logo\\\/image\\\/\"}}]}<\/script>\n<!-- \/ Yoast SEO plugin. -->","yoast_head_json":{"title":"Petit JR - Eurotrail | The way we camp!","description":"Chaise haute Petit JR, 64 cm de hauteur. Se glisse sous presque toutes les tables, structure l\u00e9g\u00e8re en aluminium et pliable. Id\u00e9ale pour repas et les jeux.","robots":{"index":"index","follow":"follow","max-snippet":"max-snippet:-1","max-image-preview":"max-image-preview:large","max-video-preview":"max-video-preview:-1"},"canonical":"https:\/\/eurotrail.info\/fr\/producten\/meubles\/chaises-denfants\/petit-jr\/","og_locale":"fr_FR","og_type":"article","og_title":"Petit JR - Eurotrail | The way we camp!","og_description":"Chaise haute Petit JR, 64 cm de hauteur. Se glisse sous presque toutes les tables, structure l\u00e9g\u00e8re en aluminium et pliable. Id\u00e9ale pour repas et les jeux.","og_url":"https:\/\/eurotrail.info\/fr\/producten\/meubles\/chaises-denfants\/petit-jr\/","og_site_name":"Eurotrail | The way we camp!","article_modified_time":"2026-03-19T11:36:57+00:00","og_image":[{"width":1095,"height":1772,"url":"https:\/\/eurotrail.info\/wp\/wp-content\/uploads\/2016\/01\/ETCF0891-Petit-jr-Azure-16.jpg","type":"image\/jpeg"}],"twitter_card":"summary_large_image","twitter_misc":{"Dur\u00e9e de lecture estim\u00e9e":"2 minutes"},"schema":{"@context":"https:\/\/schema.org","@graph":[{"@type":"WebPage","@id":"https:\/\/eurotrail.info\/fr\/producten\/meubles\/chaises-denfants\/petit-jr\/","url":"https:\/\/eurotrail.info\/fr\/producten\/meubles\/chaises-denfants\/petit-jr\/","name":"Petit JR - Eurotrail | The way we camp!","isPartOf":{"@id":"https:\/\/eurotrail.info\/#website"},"primaryImageOfPage":{"@id":"https:\/\/eurotrail.info\/fr\/producten\/meubles\/chaises-denfants\/petit-jr\/#primaryimage"},"image":{"@id":"https:\/\/eurotrail.info\/fr\/producten\/meubles\/chaises-denfants\/petit-jr\/#primaryimage"},"thumbnailUrl":"https:\/\/eurotrail.info\/wp\/wp-content\/uploads\/2016\/01\/ETCF0891-Petit-jr-Azure-16.jpg","datePublished":"2016-01-20T16:15:06+00:00","dateModified":"2026-03-19T11:36:57+00:00","description":"Chaise haute Petit JR, 64 cm de hauteur. Se glisse sous presque toutes les tables, structure l\u00e9g\u00e8re en aluminium et pliable. Id\u00e9ale pour repas et les jeux.","breadcrumb":{"@id":"https:\/\/eurotrail.info\/fr\/producten\/meubles\/chaises-denfants\/petit-jr\/#breadcrumb"},"inLanguage":"fr-FR","potentialAction":[{"@type":"ReadAction","target":["https:\/\/eurotrail.info\/fr\/producten\/meubles\/chaises-denfants\/petit-jr\/"]}]},{"@type":"ImageObject","inLanguage":"fr-FR","@id":"https:\/\/eurotrail.info\/fr\/producten\/meubles\/chaises-denfants\/petit-jr\/#primaryimage","url":"https:\/\/eurotrail.info\/wp\/wp-content\/uploads\/2016\/01\/ETCF0891-Petit-jr-Azure-16.jpg","contentUrl":"https:\/\/eurotrail.info\/wp\/wp-content\/uploads\/2016\/01\/ETCF0891-Petit-jr-Azure-16.jpg","width":1095,"height":1772,"caption":"Eurotrail Petit JR aluminium vouwstoel"},{"@type":"BreadcrumbList","@id":"https:\/\/eurotrail.info\/fr\/producten\/meubles\/chaises-denfants\/petit-jr\/#breadcrumb","itemListElement":[{"@type":"ListItem","position":1,"name":"Home","item":"https:\/\/eurotrail.info\/fr\/"},{"@type":"ListItem","position":2,"name":"Produits","item":"https:\/\/eurotrail.info\/fr\/produits\/"},{"@type":"ListItem","position":3,"name":"Petit JR"}]},{"@type":"WebSite","@id":"https:\/\/eurotrail.info\/#website","url":"https:\/\/eurotrail.info\/","name":"Eurotrail | The way we camp!","description":"","publisher":{"@id":"https:\/\/eurotrail.info\/#organization"},"potentialAction":[{"@type":"SearchAction","target":{"@type":"EntryPoint","urlTemplate":"https:\/\/eurotrail.info\/?s={search_term_string}"},"query-input":{"@type":"PropertyValueSpecification","valueRequired":true,"valueName":"search_term_string"}}],"inLanguage":"fr-FR"},{"@type":"Organization","@id":"https:\/\/eurotrail.info\/#organization","name":"Eurotrail | The way we camp!","url":"https:\/\/eurotrail.info\/","logo":{"@type":"ImageObject","inLanguage":"fr-FR","@id":"https:\/\/eurotrail.info\/#\/schema\/logo\/image\/","url":"https:\/\/eurotrail.info\/wp\/wp-content\/uploads\/2023\/07\/ET-logo-quote_NL-scaled.jpg","contentUrl":"https:\/\/eurotrail.info\/wp\/wp-content\/uploads\/2023\/07\/ET-logo-quote_NL-scaled.jpg","width":2560,"height":675,"caption":"Eurotrail | The way we camp!"},"image":{"@id":"https:\/\/eurotrail.info\/#\/schema\/logo\/image\/"}}]}},"_links":{"self":[{"href":"https:\/\/eurotrail.info\/fr\/wp-json\/wp\/v2\/product\/10304","targetHints":{"allow":["GET"]}}],"collection":[{"href":"https:\/\/eurotrail.info\/fr\/wp-json\/wp\/v2\/product"}],"about":[{"href":"https:\/\/eurotrail.info\/fr\/wp-json\/wp\/v2\/types\/product"}],"replies":[{"embeddable":true,"href":"https:\/\/eurotrail.info\/fr\/wp-json\/wp\/v2\/comments?post=10304"}],"wp:featuredmedia":[{"embeddable":true,"href":"https:\/\/eurotrail.info\/fr\/wp-json\/wp\/v2\/media\/10306"}],"wp:attachment":[{"href":"https:\/\/eurotrail.info\/fr\/wp-json\/wp\/v2\/media?parent=10304"}],"wp:term":[{"taxonomy":"product_brand","embeddable":true,"href":"https:\/\/eurotrail.info\/fr\/wp-json\/wp\/v2\/product_brand?post=10304"},{"taxonomy":"product_cat","embeddable":true,"href":"https:\/\/eurotrail.info\/fr\/wp-json\/wp\/v2\/product_cat?post=10304"},{"taxonomy":"product_tag","embeddable":true,"href":"https:\/\/eurotrail.info\/fr\/wp-json\/wp\/v2\/product_tag?post=10304"}],"curies":[{"name":"wp","href":"https:\/\/api.w.org\/{rel}","templated":true}]}}