{"id":10328,"date":"2016-01-21T12:44:51","date_gmt":"2016-01-21T11:44:51","guid":{"rendered":"https:\/\/eurotrail.info\/producten\/table-design-pavilion-rotin\/"},"modified":"2016-01-21T12:44:51","modified_gmt":"2016-01-21T11:44:51","slug":"table-design-pavilion-rotin","status":"publish","type":"product","link":"https:\/\/eurotrail.info\/fr\/producten\/meubles\/tables-de-camping\/table-design-pavilion-rotin\/","title":{"rendered":"Table design Pavilion rotin"},"content":{"rendered":"<p>La table convient \u00e0 une utilisation ext\u00e9rieure \u00e0 long terme. Le design en rotin donne \u00e0 la table un aspect luxueux.<\/p>\n<p>Cette s\u00e9rie est particuli\u00e8rement adapt\u00e9e \u00e0 une utilisation ext\u00e9rieure \u00e0 long terme. Le mat\u00e9riau est 100% \u00e9tanche et r\u00e9sistant aux UV. Le cadre en acier robuste et stable a un rev\u00eatement en poudre et est donc r\u00e9sistant aux intemp\u00e9ries. La table est pliable et prend peu de place. Des chaises assorties \u00e0 l&#8217;aspect rotin sont \u00e9galement disponibles.<br \/>\nL&#8217;aspect rotin donne \u00e0 l&#8217;ensemble un aspect attrayant et luxueux; \u00a0id\u00e9al pour le jardin ou le camping !<\/p>\n<p>Dimensions : 179,5 x 74,5 x 72 cm<br \/>\nDimensions pli\u00e9e : 74,5 x 90 x 8,8 cm<br \/>\nMat\u00e9riau : polyester de moulage par soufflage HDPE<br \/>\nCadre : acier, rev\u00eatement en poudre<br \/>\nCapacit\u00e9 de charge max. 50 kg<br \/>\nPoids : 13,2 kg<\/p>\n","protected":false},"excerpt":{"rendered":"<p>La table convient \u00e0 une utilisation ext\u00e9rieure \u00e0 long terme. Le design en rotin donne \u00e0 la table un aspect luxueux. Cette s\u00e9rie est particuli\u00e8rement&hellip;<\/p>\n","protected":false},"featured_media":10329,"comment_status":"open","ping_status":"closed","template":"","meta":{"_acf_changed":false},"product_brand":[],"product_cat":[257,258],"product_tag":[],"class_list":{"0":"post-10328","1":"product","2":"type-product","3":"status-publish","4":"has-post-thumbnail","6":"product_cat-tables-de-camping","7":"product_cat-tables-de-fete","9":"first","10":"instock","11":"shipping-taxable","12":"product-type-simple"},"acf":[],"yoast_head":"<!-- This site is optimized with the Yoast SEO plugin v27.4 - https:\/\/yoast.com\/product\/yoast-seo-wordpress\/ -->\n<title>Table design Pavilion rotin - Eurotrail | The way we camp!<\/title>\n<meta name=\"robots\" content=\"index, follow, max-snippet:-1, max-image-preview:large, max-video-preview:-1\" \/>\n<link rel=\"canonical\" href=\"https:\/\/eurotrail.info\/producten\/kampeermeubelen-campingmeubelen\/campingtafels\/pavilion-campingtafel-rotan-look\/\" \/>\n<meta property=\"og:locale\" content=\"fr_FR\" \/>\n<meta property=\"og:type\" content=\"article\" \/>\n<meta property=\"og:title\" content=\"Table design Pavilion rotin - Eurotrail | The way we camp!\" \/>\n<meta property=\"og:description\" content=\"La table convient \u00e0 une utilisation ext\u00e9rieure \u00e0 long terme. Le design en rotin donne \u00e0 la table un aspect luxueux. Cette s\u00e9rie est particuli\u00e8rement&hellip;\" \/>\n<meta property=\"og:url\" content=\"https:\/\/eurotrail.info\/producten\/kampeermeubelen-campingmeubelen\/campingtafels\/pavilion-campingtafel-rotan-look\/\" \/>\n<meta property=\"og:site_name\" content=\"Eurotrail | The way we camp!\" \/>\n<meta property=\"og:image\" content=\"https:\/\/eurotrail.info\/wp\/wp-content\/uploads\/2016\/01\/Camping-tafel-pavillon-1.jpg\" \/>\n\t<meta property=\"og:image:width\" content=\"3361\" \/>\n\t<meta property=\"og:image:height\" content=\"2302\" \/>\n\t<meta property=\"og:image:type\" content=\"image\/jpeg\" \/>\n<meta name=\"twitter:card\" content=\"summary_large_image\" \/>\n<meta name=\"twitter:label1\" content=\"Dur\u00e9e de lecture estim\u00e9e\" \/>\n\t<meta name=\"twitter:data1\" content=\"1 minute\" \/>\n<script type=\"application\/ld+json\" class=\"yoast-schema-graph\">{\"@context\":\"https:\\\/\\\/schema.org\",\"@graph\":[{\"@type\":\"WebPage\",\"@id\":\"https:\\\/\\\/eurotrail.info\\\/producten\\\/kampeermeubelen-campingmeubelen\\\/campingtafels\\\/pavilion-campingtafel-rotan-look\\\/\",\"url\":\"https:\\\/\\\/eurotrail.info\\\/producten\\\/kampeermeubelen-campingmeubelen\\\/campingtafels\\\/pavilion-campingtafel-rotan-look\\\/\",\"name\":\"Table design Pavilion rotin - Eurotrail | The way we camp!\",\"isPartOf\":{\"@id\":\"https:\\\/\\\/eurotrail.info\\\/#website\"},\"primaryImageOfPage\":{\"@id\":\"https:\\\/\\\/eurotrail.info\\\/producten\\\/kampeermeubelen-campingmeubelen\\\/campingtafels\\\/pavilion-campingtafel-rotan-look\\\/#primaryimage\"},\"image\":{\"@id\":\"https:\\\/\\\/eurotrail.info\\\/producten\\\/kampeermeubelen-campingmeubelen\\\/campingtafels\\\/pavilion-campingtafel-rotan-look\\\/#primaryimage\"},\"thumbnailUrl\":\"https:\\\/\\\/eurotrail.info\\\/wp\\\/wp-content\\\/uploads\\\/2016\\\/01\\\/Camping-tafel-pavillon-1.jpg\",\"datePublished\":\"2016-01-21T11:44:51+00:00\",\"breadcrumb\":{\"@id\":\"https:\\\/\\\/eurotrail.info\\\/producten\\\/kampeermeubelen-campingmeubelen\\\/campingtafels\\\/pavilion-campingtafel-rotan-look\\\/#breadcrumb\"},\"inLanguage\":\"fr-FR\",\"potentialAction\":[{\"@type\":\"ReadAction\",\"target\":[\"https:\\\/\\\/eurotrail.info\\\/producten\\\/kampeermeubelen-campingmeubelen\\\/campingtafels\\\/pavilion-campingtafel-rotan-look\\\/\"]}]},{\"@type\":\"ImageObject\",\"inLanguage\":\"fr-FR\",\"@id\":\"https:\\\/\\\/eurotrail.info\\\/producten\\\/kampeermeubelen-campingmeubelen\\\/campingtafels\\\/pavilion-campingtafel-rotan-look\\\/#primaryimage\",\"url\":\"https:\\\/\\\/eurotrail.info\\\/wp\\\/wp-content\\\/uploads\\\/2016\\\/01\\\/Camping-tafel-pavillon-1.jpg\",\"contentUrl\":\"https:\\\/\\\/eurotrail.info\\\/wp\\\/wp-content\\\/uploads\\\/2016\\\/01\\\/Camping-tafel-pavillon-1.jpg\",\"width\":3361,\"height\":2302},{\"@type\":\"BreadcrumbList\",\"@id\":\"https:\\\/\\\/eurotrail.info\\\/producten\\\/kampeermeubelen-campingmeubelen\\\/campingtafels\\\/pavilion-campingtafel-rotan-look\\\/#breadcrumb\",\"itemListElement\":[{\"@type\":\"ListItem\",\"position\":1,\"name\":\"Home\",\"item\":\"https:\\\/\\\/eurotrail.info\\\/fr\\\/\"},{\"@type\":\"ListItem\",\"position\":2,\"name\":\"Produits\",\"item\":\"https:\\\/\\\/eurotrail.info\\\/fr\\\/produits\\\/\"},{\"@type\":\"ListItem\",\"position\":3,\"name\":\"Table design Pavilion rotin\"}]},{\"@type\":\"WebSite\",\"@id\":\"https:\\\/\\\/eurotrail.info\\\/#website\",\"url\":\"https:\\\/\\\/eurotrail.info\\\/\",\"name\":\"Eurotrail | The way we camp!\",\"description\":\"\",\"publisher\":{\"@id\":\"https:\\\/\\\/eurotrail.info\\\/#organization\"},\"potentialAction\":[{\"@type\":\"SearchAction\",\"target\":{\"@type\":\"EntryPoint\",\"urlTemplate\":\"https:\\\/\\\/eurotrail.info\\\/?s={search_term_string}\"},\"query-input\":{\"@type\":\"PropertyValueSpecification\",\"valueRequired\":true,\"valueName\":\"search_term_string\"}}],\"inLanguage\":\"fr-FR\"},{\"@type\":\"Organization\",\"@id\":\"https:\\\/\\\/eurotrail.info\\\/#organization\",\"name\":\"Eurotrail | The way we camp!\",\"url\":\"https:\\\/\\\/eurotrail.info\\\/\",\"logo\":{\"@type\":\"ImageObject\",\"inLanguage\":\"fr-FR\",\"@id\":\"https:\\\/\\\/eurotrail.info\\\/#\\\/schema\\\/logo\\\/image\\\/\",\"url\":\"https:\\\/\\\/eurotrail.info\\\/wp\\\/wp-content\\\/uploads\\\/2023\\\/07\\\/ET-logo-quote_NL-scaled.jpg\",\"contentUrl\":\"https:\\\/\\\/eurotrail.info\\\/wp\\\/wp-content\\\/uploads\\\/2023\\\/07\\\/ET-logo-quote_NL-scaled.jpg\",\"width\":2560,\"height\":675,\"caption\":\"Eurotrail | The way we camp!\"},\"image\":{\"@id\":\"https:\\\/\\\/eurotrail.info\\\/#\\\/schema\\\/logo\\\/image\\\/\"}}]}<\/script>\n<!-- \/ Yoast SEO plugin. -->","yoast_head_json":{"title":"Table design Pavilion rotin - Eurotrail | The way we camp!","robots":{"index":"index","follow":"follow","max-snippet":"max-snippet:-1","max-image-preview":"max-image-preview:large","max-video-preview":"max-video-preview:-1"},"canonical":"https:\/\/eurotrail.info\/producten\/kampeermeubelen-campingmeubelen\/campingtafels\/pavilion-campingtafel-rotan-look\/","og_locale":"fr_FR","og_type":"article","og_title":"Table design Pavilion rotin - Eurotrail | The way we camp!","og_description":"La table convient \u00e0 une utilisation ext\u00e9rieure \u00e0 long terme. Le design en rotin donne \u00e0 la table un aspect luxueux. Cette s\u00e9rie est particuli\u00e8rement&hellip;","og_url":"https:\/\/eurotrail.info\/producten\/kampeermeubelen-campingmeubelen\/campingtafels\/pavilion-campingtafel-rotan-look\/","og_site_name":"Eurotrail | The way we camp!","og_image":[{"width":3361,"height":2302,"url":"https:\/\/eurotrail.info\/wp\/wp-content\/uploads\/2016\/01\/Camping-tafel-pavillon-1.jpg","type":"image\/jpeg"}],"twitter_card":"summary_large_image","twitter_misc":{"Dur\u00e9e de lecture estim\u00e9e":"1 minute"},"schema":{"@context":"https:\/\/schema.org","@graph":[{"@type":"WebPage","@id":"https:\/\/eurotrail.info\/producten\/kampeermeubelen-campingmeubelen\/campingtafels\/pavilion-campingtafel-rotan-look\/","url":"https:\/\/eurotrail.info\/producten\/kampeermeubelen-campingmeubelen\/campingtafels\/pavilion-campingtafel-rotan-look\/","name":"Table design Pavilion rotin - Eurotrail | The way we camp!","isPartOf":{"@id":"https:\/\/eurotrail.info\/#website"},"primaryImageOfPage":{"@id":"https:\/\/eurotrail.info\/producten\/kampeermeubelen-campingmeubelen\/campingtafels\/pavilion-campingtafel-rotan-look\/#primaryimage"},"image":{"@id":"https:\/\/eurotrail.info\/producten\/kampeermeubelen-campingmeubelen\/campingtafels\/pavilion-campingtafel-rotan-look\/#primaryimage"},"thumbnailUrl":"https:\/\/eurotrail.info\/wp\/wp-content\/uploads\/2016\/01\/Camping-tafel-pavillon-1.jpg","datePublished":"2016-01-21T11:44:51+00:00","breadcrumb":{"@id":"https:\/\/eurotrail.info\/producten\/kampeermeubelen-campingmeubelen\/campingtafels\/pavilion-campingtafel-rotan-look\/#breadcrumb"},"inLanguage":"fr-FR","potentialAction":[{"@type":"ReadAction","target":["https:\/\/eurotrail.info\/producten\/kampeermeubelen-campingmeubelen\/campingtafels\/pavilion-campingtafel-rotan-look\/"]}]},{"@type":"ImageObject","inLanguage":"fr-FR","@id":"https:\/\/eurotrail.info\/producten\/kampeermeubelen-campingmeubelen\/campingtafels\/pavilion-campingtafel-rotan-look\/#primaryimage","url":"https:\/\/eurotrail.info\/wp\/wp-content\/uploads\/2016\/01\/Camping-tafel-pavillon-1.jpg","contentUrl":"https:\/\/eurotrail.info\/wp\/wp-content\/uploads\/2016\/01\/Camping-tafel-pavillon-1.jpg","width":3361,"height":2302},{"@type":"BreadcrumbList","@id":"https:\/\/eurotrail.info\/producten\/kampeermeubelen-campingmeubelen\/campingtafels\/pavilion-campingtafel-rotan-look\/#breadcrumb","itemListElement":[{"@type":"ListItem","position":1,"name":"Home","item":"https:\/\/eurotrail.info\/fr\/"},{"@type":"ListItem","position":2,"name":"Produits","item":"https:\/\/eurotrail.info\/fr\/produits\/"},{"@type":"ListItem","position":3,"name":"Table design Pavilion rotin"}]},{"@type":"WebSite","@id":"https:\/\/eurotrail.info\/#website","url":"https:\/\/eurotrail.info\/","name":"Eurotrail | The way we camp!","description":"","publisher":{"@id":"https:\/\/eurotrail.info\/#organization"},"potentialAction":[{"@type":"SearchAction","target":{"@type":"EntryPoint","urlTemplate":"https:\/\/eurotrail.info\/?s={search_term_string}"},"query-input":{"@type":"PropertyValueSpecification","valueRequired":true,"valueName":"search_term_string"}}],"inLanguage":"fr-FR"},{"@type":"Organization","@id":"https:\/\/eurotrail.info\/#organization","name":"Eurotrail | The way we camp!","url":"https:\/\/eurotrail.info\/","logo":{"@type":"ImageObject","inLanguage":"fr-FR","@id":"https:\/\/eurotrail.info\/#\/schema\/logo\/image\/","url":"https:\/\/eurotrail.info\/wp\/wp-content\/uploads\/2023\/07\/ET-logo-quote_NL-scaled.jpg","contentUrl":"https:\/\/eurotrail.info\/wp\/wp-content\/uploads\/2023\/07\/ET-logo-quote_NL-scaled.jpg","width":2560,"height":675,"caption":"Eurotrail | The way we camp!"},"image":{"@id":"https:\/\/eurotrail.info\/#\/schema\/logo\/image\/"}}]}},"_links":{"self":[{"href":"https:\/\/eurotrail.info\/fr\/wp-json\/wp\/v2\/product\/10328","targetHints":{"allow":["GET"]}}],"collection":[{"href":"https:\/\/eurotrail.info\/fr\/wp-json\/wp\/v2\/product"}],"about":[{"href":"https:\/\/eurotrail.info\/fr\/wp-json\/wp\/v2\/types\/product"}],"replies":[{"embeddable":true,"href":"https:\/\/eurotrail.info\/fr\/wp-json\/wp\/v2\/comments?post=10328"}],"wp:featuredmedia":[{"embeddable":true,"href":"https:\/\/eurotrail.info\/fr\/wp-json\/wp\/v2\/media\/10329"}],"wp:attachment":[{"href":"https:\/\/eurotrail.info\/fr\/wp-json\/wp\/v2\/media?parent=10328"}],"wp:term":[{"taxonomy":"product_brand","embeddable":true,"href":"https:\/\/eurotrail.info\/fr\/wp-json\/wp\/v2\/product_brand?post=10328"},{"taxonomy":"product_cat","embeddable":true,"href":"https:\/\/eurotrail.info\/fr\/wp-json\/wp\/v2\/product_cat?post=10328"},{"taxonomy":"product_tag","embeddable":true,"href":"https:\/\/eurotrail.info\/fr\/wp-json\/wp\/v2\/product_tag?post=10328"}],"curies":[{"name":"wp","href":"https:\/\/api.w.org\/{rel}","templated":true}]}}