{"id":10337,"date":"2016-01-21T13:52:05","date_gmt":"2016-01-21T12:52:05","guid":{"rendered":"https:\/\/eurotrail.info\/producten\/pavillon-table-de-camping\/"},"modified":"2026-02-10T15:54:26","modified_gmt":"2026-02-10T14:54:26","slug":"pavillon-table-de-camping","status":"publish","type":"product","link":"https:\/\/eurotrail.info\/fr\/producten\/meubles\/tables-de-camping\/pavillon-table-de-camping\/","title":{"rendered":"Pavillon Table de camping"},"content":{"rendered":"<p><strong>Tables de f\u00eate \u2013 robustes, pratiques et id\u00e9ales pour l&#8217;ext\u00e9rieur<\/strong><\/p>\n<p>Ces tables de f\u00eate populaires sont parfaites pour une utilisation intensive en ext\u00e9rieur et constituent la solution id\u00e9ale pour les f\u00eates, le camping, les barbecues ou le jardin. Gr\u00e2ce \u00e0 leur syst\u00e8me de pliage ing\u00e9nieux, elles sont faciles \u00e0 installer et \u00e0 ranger.<\/p>\n<p>Le plateau est fabriqu\u00e9 en plastique HDPE durable, totalement imperm\u00e9able et r\u00e9sistant aux intemp\u00e9ries. La structure robuste en acier est recouverte d&#8217;une peinture en poudre protectrice, garantissant une longue dur\u00e9e de vie et une stabilit\u00e9 fiable, m\u00eame en cas d&#8217;utilisation fr\u00e9quente.<\/p>\n<p><strong>Robustes, faciles d&#8217;entretien et toujours pr\u00eates \u00e0 l&#8217;emploi.<\/strong> \ud83c\udf89\ud83c\udf3f<\/p>\n<p>Disponible en diff\u00e9rentes tailles :<\/p>\n<p>Table du pavillon S<br \/>\nDimensions : 152 x 71 x 75 cm<br \/>\nDimensions pli\u00e9e : 78 x 71 x 10 cm<br \/>\nPoids : 12,5 kg<\/p>\n<p>Table du pavillon M<br \/>\nDimensions : 180 x 75 x 75 cm<br \/>\nDimensions pli\u00e9e : 92 x 75 x 10 cm<br \/>\nPoids : 14,8 kg<\/p>\n<p>Table de pavillon L<br \/>\nDimensions : 244 x 76 x 75 cm<br \/>\nDimensions pli\u00e9e : 124 x 76 x 10 cm<br \/>\nPoids : 18,5 kg<\/p>\n<p>Tableau sup\u00e9rieure : 100% polyester HDPE<br \/>\nCadre : acier, rev\u00eatement en poudre<br \/>\nCapacit\u00e9 de charge max. 50 kg<\/p>\n","protected":false},"excerpt":{"rendered":"<p>Tables de f\u00eate \u2013 robustes, pratiques et id\u00e9ales pour l&#8217;ext\u00e9rieur Ces tables de f\u00eate populaires sont parfaites pour une utilisation intensive en ext\u00e9rieur et constituent&hellip;<\/p>\n","protected":false},"featured_media":10341,"comment_status":"open","ping_status":"closed","template":"","meta":{"_acf_changed":false},"product_brand":[],"product_cat":[257,258],"product_tag":[],"class_list":{"0":"post-10337","1":"product","2":"type-product","3":"status-publish","4":"has-post-thumbnail","6":"product_cat-tables-de-camping","7":"product_cat-tables-de-fete","9":"first","10":"instock","11":"shipping-taxable","12":"product-type-simple"},"acf":[],"yoast_head":"<!-- This site is optimized with the Yoast SEO plugin v27.4 - https:\/\/yoast.com\/product\/yoast-seo-wordpress\/ -->\n<title>Pavillon Table de camping - Eurotrail | The way we camp!<\/title>\n<meta name=\"description\" content=\"Tables de f\u00eate robustes pour le jardin et le camping. Plateau en HDPE, imperm\u00e9able et r\u00e9sistant aux intemp\u00e9ries, structure en acier avec peinture en poudre.\" \/>\n<meta name=\"robots\" content=\"index, follow, max-snippet:-1, max-image-preview:large, max-video-preview:-1\" \/>\n<link rel=\"canonical\" href=\"https:\/\/eurotrail.info\/fr\/producten\/meubles\/tables-de-camping\/pavillon-table-de-camping\/\" \/>\n<meta property=\"og:locale\" content=\"fr_FR\" \/>\n<meta property=\"og:type\" content=\"article\" \/>\n<meta property=\"og:title\" content=\"Pavillon Table de camping - Eurotrail | The way we camp!\" \/>\n<meta property=\"og:description\" content=\"Tables de f\u00eate robustes pour le jardin et le camping. Plateau en HDPE, imperm\u00e9able et r\u00e9sistant aux intemp\u00e9ries, structure en acier avec peinture en poudre.\" \/>\n<meta property=\"og:url\" content=\"https:\/\/eurotrail.info\/fr\/producten\/meubles\/tables-de-camping\/pavillon-table-de-camping\/\" \/>\n<meta property=\"og:site_name\" content=\"Eurotrail | The way we camp!\" \/>\n<meta property=\"article:modified_time\" content=\"2026-02-10T14:54:26+00:00\" \/>\n<meta property=\"og:image\" content=\"https:\/\/eurotrail.info\/wp\/wp-content\/uploads\/2016\/01\/Campingtafel-Pavillon-3.jpg\" \/>\n\t<meta property=\"og:image:width\" content=\"1467\" \/>\n\t<meta property=\"og:image:height\" content=\"1181\" \/>\n\t<meta property=\"og:image:type\" content=\"image\/jpeg\" \/>\n<meta name=\"twitter:card\" content=\"summary_large_image\" \/>\n<meta name=\"twitter:label1\" content=\"Dur\u00e9e de lecture estim\u00e9e\" \/>\n\t<meta name=\"twitter:data1\" content=\"2 minutes\" \/>\n<script type=\"application\/ld+json\" class=\"yoast-schema-graph\">{\"@context\":\"https:\\\/\\\/schema.org\",\"@graph\":[{\"@type\":\"WebPage\",\"@id\":\"https:\\\/\\\/eurotrail.info\\\/fr\\\/producten\\\/meubles\\\/tables-de-camping\\\/pavillon-table-de-camping\\\/\",\"url\":\"https:\\\/\\\/eurotrail.info\\\/fr\\\/producten\\\/meubles\\\/tables-de-camping\\\/pavillon-table-de-camping\\\/\",\"name\":\"Pavillon Table de camping - Eurotrail | The way we camp!\",\"isPartOf\":{\"@id\":\"https:\\\/\\\/eurotrail.info\\\/#website\"},\"primaryImageOfPage\":{\"@id\":\"https:\\\/\\\/eurotrail.info\\\/fr\\\/producten\\\/meubles\\\/tables-de-camping\\\/pavillon-table-de-camping\\\/#primaryimage\"},\"image\":{\"@id\":\"https:\\\/\\\/eurotrail.info\\\/fr\\\/producten\\\/meubles\\\/tables-de-camping\\\/pavillon-table-de-camping\\\/#primaryimage\"},\"thumbnailUrl\":\"https:\\\/\\\/eurotrail.info\\\/wp\\\/wp-content\\\/uploads\\\/2016\\\/01\\\/Campingtafel-Pavillon-3.jpg\",\"datePublished\":\"2016-01-21T12:52:05+00:00\",\"dateModified\":\"2026-02-10T14:54:26+00:00\",\"description\":\"Tables de f\u00eate robustes pour le jardin et le camping. Plateau en HDPE, imperm\u00e9able et r\u00e9sistant aux intemp\u00e9ries, structure en acier avec peinture en poudre.\",\"breadcrumb\":{\"@id\":\"https:\\\/\\\/eurotrail.info\\\/fr\\\/producten\\\/meubles\\\/tables-de-camping\\\/pavillon-table-de-camping\\\/#breadcrumb\"},\"inLanguage\":\"fr-FR\",\"potentialAction\":[{\"@type\":\"ReadAction\",\"target\":[\"https:\\\/\\\/eurotrail.info\\\/fr\\\/producten\\\/meubles\\\/tables-de-camping\\\/pavillon-table-de-camping\\\/\"]}]},{\"@type\":\"ImageObject\",\"inLanguage\":\"fr-FR\",\"@id\":\"https:\\\/\\\/eurotrail.info\\\/fr\\\/producten\\\/meubles\\\/tables-de-camping\\\/pavillon-table-de-camping\\\/#primaryimage\",\"url\":\"https:\\\/\\\/eurotrail.info\\\/wp\\\/wp-content\\\/uploads\\\/2016\\\/01\\\/Campingtafel-Pavillon-3.jpg\",\"contentUrl\":\"https:\\\/\\\/eurotrail.info\\\/wp\\\/wp-content\\\/uploads\\\/2016\\\/01\\\/Campingtafel-Pavillon-3.jpg\",\"width\":1467,\"height\":1181},{\"@type\":\"BreadcrumbList\",\"@id\":\"https:\\\/\\\/eurotrail.info\\\/fr\\\/producten\\\/meubles\\\/tables-de-camping\\\/pavillon-table-de-camping\\\/#breadcrumb\",\"itemListElement\":[{\"@type\":\"ListItem\",\"position\":1,\"name\":\"Home\",\"item\":\"https:\\\/\\\/eurotrail.info\\\/fr\\\/\"},{\"@type\":\"ListItem\",\"position\":2,\"name\":\"Produits\",\"item\":\"https:\\\/\\\/eurotrail.info\\\/fr\\\/produits\\\/\"},{\"@type\":\"ListItem\",\"position\":3,\"name\":\"Pavillon Table de camping\"}]},{\"@type\":\"WebSite\",\"@id\":\"https:\\\/\\\/eurotrail.info\\\/#website\",\"url\":\"https:\\\/\\\/eurotrail.info\\\/\",\"name\":\"Eurotrail | The way we camp!\",\"description\":\"\",\"publisher\":{\"@id\":\"https:\\\/\\\/eurotrail.info\\\/#organization\"},\"potentialAction\":[{\"@type\":\"SearchAction\",\"target\":{\"@type\":\"EntryPoint\",\"urlTemplate\":\"https:\\\/\\\/eurotrail.info\\\/?s={search_term_string}\"},\"query-input\":{\"@type\":\"PropertyValueSpecification\",\"valueRequired\":true,\"valueName\":\"search_term_string\"}}],\"inLanguage\":\"fr-FR\"},{\"@type\":\"Organization\",\"@id\":\"https:\\\/\\\/eurotrail.info\\\/#organization\",\"name\":\"Eurotrail | The way we camp!\",\"url\":\"https:\\\/\\\/eurotrail.info\\\/\",\"logo\":{\"@type\":\"ImageObject\",\"inLanguage\":\"fr-FR\",\"@id\":\"https:\\\/\\\/eurotrail.info\\\/#\\\/schema\\\/logo\\\/image\\\/\",\"url\":\"https:\\\/\\\/eurotrail.info\\\/wp\\\/wp-content\\\/uploads\\\/2023\\\/07\\\/ET-logo-quote_NL-scaled.jpg\",\"contentUrl\":\"https:\\\/\\\/eurotrail.info\\\/wp\\\/wp-content\\\/uploads\\\/2023\\\/07\\\/ET-logo-quote_NL-scaled.jpg\",\"width\":2560,\"height\":675,\"caption\":\"Eurotrail | The way we camp!\"},\"image\":{\"@id\":\"https:\\\/\\\/eurotrail.info\\\/#\\\/schema\\\/logo\\\/image\\\/\"}}]}<\/script>\n<!-- \/ Yoast SEO plugin. -->","yoast_head_json":{"title":"Pavillon Table de camping - Eurotrail | The way we camp!","description":"Tables de f\u00eate robustes pour le jardin et le camping. Plateau en HDPE, imperm\u00e9able et r\u00e9sistant aux intemp\u00e9ries, structure en acier avec peinture en poudre.","robots":{"index":"index","follow":"follow","max-snippet":"max-snippet:-1","max-image-preview":"max-image-preview:large","max-video-preview":"max-video-preview:-1"},"canonical":"https:\/\/eurotrail.info\/fr\/producten\/meubles\/tables-de-camping\/pavillon-table-de-camping\/","og_locale":"fr_FR","og_type":"article","og_title":"Pavillon Table de camping - Eurotrail | The way we camp!","og_description":"Tables de f\u00eate robustes pour le jardin et le camping. Plateau en HDPE, imperm\u00e9able et r\u00e9sistant aux intemp\u00e9ries, structure en acier avec peinture en poudre.","og_url":"https:\/\/eurotrail.info\/fr\/producten\/meubles\/tables-de-camping\/pavillon-table-de-camping\/","og_site_name":"Eurotrail | The way we camp!","article_modified_time":"2026-02-10T14:54:26+00:00","og_image":[{"width":1467,"height":1181,"url":"https:\/\/eurotrail.info\/wp\/wp-content\/uploads\/2016\/01\/Campingtafel-Pavillon-3.jpg","type":"image\/jpeg"}],"twitter_card":"summary_large_image","twitter_misc":{"Dur\u00e9e de lecture estim\u00e9e":"2 minutes"},"schema":{"@context":"https:\/\/schema.org","@graph":[{"@type":"WebPage","@id":"https:\/\/eurotrail.info\/fr\/producten\/meubles\/tables-de-camping\/pavillon-table-de-camping\/","url":"https:\/\/eurotrail.info\/fr\/producten\/meubles\/tables-de-camping\/pavillon-table-de-camping\/","name":"Pavillon Table de camping - Eurotrail | The way we camp!","isPartOf":{"@id":"https:\/\/eurotrail.info\/#website"},"primaryImageOfPage":{"@id":"https:\/\/eurotrail.info\/fr\/producten\/meubles\/tables-de-camping\/pavillon-table-de-camping\/#primaryimage"},"image":{"@id":"https:\/\/eurotrail.info\/fr\/producten\/meubles\/tables-de-camping\/pavillon-table-de-camping\/#primaryimage"},"thumbnailUrl":"https:\/\/eurotrail.info\/wp\/wp-content\/uploads\/2016\/01\/Campingtafel-Pavillon-3.jpg","datePublished":"2016-01-21T12:52:05+00:00","dateModified":"2026-02-10T14:54:26+00:00","description":"Tables de f\u00eate robustes pour le jardin et le camping. Plateau en HDPE, imperm\u00e9able et r\u00e9sistant aux intemp\u00e9ries, structure en acier avec peinture en poudre.","breadcrumb":{"@id":"https:\/\/eurotrail.info\/fr\/producten\/meubles\/tables-de-camping\/pavillon-table-de-camping\/#breadcrumb"},"inLanguage":"fr-FR","potentialAction":[{"@type":"ReadAction","target":["https:\/\/eurotrail.info\/fr\/producten\/meubles\/tables-de-camping\/pavillon-table-de-camping\/"]}]},{"@type":"ImageObject","inLanguage":"fr-FR","@id":"https:\/\/eurotrail.info\/fr\/producten\/meubles\/tables-de-camping\/pavillon-table-de-camping\/#primaryimage","url":"https:\/\/eurotrail.info\/wp\/wp-content\/uploads\/2016\/01\/Campingtafel-Pavillon-3.jpg","contentUrl":"https:\/\/eurotrail.info\/wp\/wp-content\/uploads\/2016\/01\/Campingtafel-Pavillon-3.jpg","width":1467,"height":1181},{"@type":"BreadcrumbList","@id":"https:\/\/eurotrail.info\/fr\/producten\/meubles\/tables-de-camping\/pavillon-table-de-camping\/#breadcrumb","itemListElement":[{"@type":"ListItem","position":1,"name":"Home","item":"https:\/\/eurotrail.info\/fr\/"},{"@type":"ListItem","position":2,"name":"Produits","item":"https:\/\/eurotrail.info\/fr\/produits\/"},{"@type":"ListItem","position":3,"name":"Pavillon Table de camping"}]},{"@type":"WebSite","@id":"https:\/\/eurotrail.info\/#website","url":"https:\/\/eurotrail.info\/","name":"Eurotrail | The way we camp!","description":"","publisher":{"@id":"https:\/\/eurotrail.info\/#organization"},"potentialAction":[{"@type":"SearchAction","target":{"@type":"EntryPoint","urlTemplate":"https:\/\/eurotrail.info\/?s={search_term_string}"},"query-input":{"@type":"PropertyValueSpecification","valueRequired":true,"valueName":"search_term_string"}}],"inLanguage":"fr-FR"},{"@type":"Organization","@id":"https:\/\/eurotrail.info\/#organization","name":"Eurotrail | The way we camp!","url":"https:\/\/eurotrail.info\/","logo":{"@type":"ImageObject","inLanguage":"fr-FR","@id":"https:\/\/eurotrail.info\/#\/schema\/logo\/image\/","url":"https:\/\/eurotrail.info\/wp\/wp-content\/uploads\/2023\/07\/ET-logo-quote_NL-scaled.jpg","contentUrl":"https:\/\/eurotrail.info\/wp\/wp-content\/uploads\/2023\/07\/ET-logo-quote_NL-scaled.jpg","width":2560,"height":675,"caption":"Eurotrail | The way we camp!"},"image":{"@id":"https:\/\/eurotrail.info\/#\/schema\/logo\/image\/"}}]}},"_links":{"self":[{"href":"https:\/\/eurotrail.info\/fr\/wp-json\/wp\/v2\/product\/10337","targetHints":{"allow":["GET"]}}],"collection":[{"href":"https:\/\/eurotrail.info\/fr\/wp-json\/wp\/v2\/product"}],"about":[{"href":"https:\/\/eurotrail.info\/fr\/wp-json\/wp\/v2\/types\/product"}],"replies":[{"embeddable":true,"href":"https:\/\/eurotrail.info\/fr\/wp-json\/wp\/v2\/comments?post=10337"}],"wp:featuredmedia":[{"embeddable":true,"href":"https:\/\/eurotrail.info\/fr\/wp-json\/wp\/v2\/media\/10341"}],"wp:attachment":[{"href":"https:\/\/eurotrail.info\/fr\/wp-json\/wp\/v2\/media?parent=10337"}],"wp:term":[{"taxonomy":"product_brand","embeddable":true,"href":"https:\/\/eurotrail.info\/fr\/wp-json\/wp\/v2\/product_brand?post=10337"},{"taxonomy":"product_cat","embeddable":true,"href":"https:\/\/eurotrail.info\/fr\/wp-json\/wp\/v2\/product_cat?post=10337"},{"taxonomy":"product_tag","embeddable":true,"href":"https:\/\/eurotrail.info\/fr\/wp-json\/wp\/v2\/product_tag?post=10337"}],"curies":[{"name":"wp","href":"https:\/\/api.w.org\/{rel}","templated":true}]}}