{"id":10407,"date":"2020-01-23T12:16:53","date_gmt":"2020-01-23T11:16:53","guid":{"rendered":"https:\/\/eurotrail.info\/producten\/rochefort-m-table-de-camping\/"},"modified":"2026-02-10T15:47:25","modified_gmt":"2026-02-10T14:47:25","slug":"rochefort-table-de-camping-etanche","status":"publish","type":"product","link":"https:\/\/eurotrail.info\/fr\/producten\/meubles\/tables-de-camping\/rochefort-table-de-camping-etanche\/","title":{"rendered":"Rochefort table composite"},"content":{"rendered":"<p><strong>Tables de camping Rochefort \u2013 Ultral\u00e9g\u00e8res, extr\u00eamement stables et pr\u00eates pour toutes vos aventures<\/strong><\/p>\n<p>Les tables Rochefort sont dot\u00e9es d&#8217;un plateau innovant en composite Honey, enti\u00e8rement r\u00e9sistant aux intemp\u00e9ries, \u00e0 l&#8217;eau et \u00e0 la chaleur. Ce plateau de haute qualit\u00e9 rend la table id\u00e9ale pour une utilisation intensive en ext\u00e9rieur, saison apr\u00e8s saison.<\/p>\n<p>Le cadre en aluminium r\u00e9glable est \u00e9quip\u00e9 de barres de stabilit\u00e9 \u00e0 entretoises brevet\u00e9es, offrant une robustesse exceptionnelle sans alourdir la table. Les tables Rochefort figurent ainsi parmi les tables de camping les plus stables et les plus l\u00e9g\u00e8res du march\u00e9.<\/p>\n<p>Id\u00e9ales pour les campeurs exigeants qui recherchent un confort optimal sans compromis, tout en privil\u00e9giant la l\u00e9g\u00e8ret\u00e9 et une fiabilit\u00e9 maximale.<\/p>\n<p><strong>Intelligemment con\u00e7ues, l\u00e9g\u00e8res et \u00e9tonnamment robustes, les tables Rochefort sont synonymes de confort de camping haut de gamme<\/strong>. \ud83c\udfd5\ufe0f\u2728<\/p>\n<p>Disponible en 2 tailles, M et L :<\/p>\n<p>Dimensions \u00a0M : 80 x 60 x 55 \/ 71 cm<br \/>\nDimensions pli\u00e9 : 80 x 60 x 6 cm<br \/>\nPoids : 3,2 kg<\/p>\n<p>Dimensions L : 100 x 68 x 55 \/ 71 cm<br \/>\nDimensions pli\u00e9 : 100 x 68 x 6 cm<br \/>\nPoids : 4,2 kg<\/p>\n<p>Plateau sup\u00e9rieure : feuille composite Honey Comb<br \/>\nCadre : aluminium, r\u00e9glable<\/p>\n","protected":false},"excerpt":{"rendered":"<p>Tables de camping Rochefort \u2013 Ultral\u00e9g\u00e8res, extr\u00eamement stables et pr\u00eates pour toutes vos aventures Les tables Rochefort sont dot\u00e9es d&#8217;un plateau innovant en composite Honey,&hellip;<\/p>\n","protected":false},"featured_media":10408,"comment_status":"open","ping_status":"closed","template":"","meta":{"_acf_changed":false},"product_brand":[],"product_cat":[253,257],"product_tag":[],"class_list":{"0":"post-10407","1":"product","2":"type-product","3":"status-publish","4":"has-post-thumbnail","6":"product_cat-meubles","7":"product_cat-tables-de-camping","9":"first","10":"instock","11":"shipping-taxable","12":"product-type-simple"},"acf":[],"yoast_head":"<!-- This site is optimized with the Yoast SEO plugin v27.4 - https:\/\/yoast.com\/product\/yoast-seo-wordpress\/ -->\n<title>Rochefort table composite - Eurotrail | The way we camp!<\/title>\n<meta name=\"description\" content=\"Tables de camping Rochefort avec plateau Honey Comp : 100 % r\u00e9sistantes \u00e0 l&#039;eau et \u00e0 la chaleur, cadre en aluminium ultral\u00e9ger et barres de stabilit\u00e9 brevet\u00e9es.\" \/>\n<meta name=\"robots\" content=\"index, follow, max-snippet:-1, max-image-preview:large, max-video-preview:-1\" \/>\n<link rel=\"canonical\" href=\"https:\/\/eurotrail.info\/fr\/producten\/meubles\/tables-de-camping\/rochefort-table-de-camping-etanche\/\" \/>\n<meta property=\"og:locale\" content=\"fr_FR\" \/>\n<meta property=\"og:type\" content=\"article\" \/>\n<meta property=\"og:title\" content=\"Rochefort table composite - Eurotrail | The way we camp!\" \/>\n<meta property=\"og:description\" content=\"Tables de camping Rochefort avec plateau Honey Comp : 100 % r\u00e9sistantes \u00e0 l&#039;eau et \u00e0 la chaleur, cadre en aluminium ultral\u00e9ger et barres de stabilit\u00e9 brevet\u00e9es.\" \/>\n<meta property=\"og:url\" content=\"https:\/\/eurotrail.info\/fr\/producten\/meubles\/tables-de-camping\/rochefort-table-de-camping-etanche\/\" \/>\n<meta property=\"og:site_name\" content=\"Eurotrail | The way we camp!\" \/>\n<meta property=\"article:modified_time\" content=\"2026-02-10T14:47:25+00:00\" \/>\n<meta property=\"og:image\" content=\"https:\/\/eurotrail.info\/wp\/wp-content\/uploads\/2020\/01\/ETCF1391-1396-Rochefort-Set2-20-02.jpg\" \/>\n\t<meta property=\"og:image:width\" content=\"1772\" \/>\n\t<meta property=\"og:image:height\" content=\"1583\" \/>\n\t<meta property=\"og:image:type\" content=\"image\/jpeg\" \/>\n<meta name=\"twitter:card\" content=\"summary_large_image\" \/>\n<meta name=\"twitter:label1\" content=\"Dur\u00e9e de lecture estim\u00e9e\" \/>\n\t<meta name=\"twitter:data1\" content=\"2 minutes\" \/>\n<script type=\"application\/ld+json\" class=\"yoast-schema-graph\">{\"@context\":\"https:\\\/\\\/schema.org\",\"@graph\":[{\"@type\":\"WebPage\",\"@id\":\"https:\\\/\\\/eurotrail.info\\\/fr\\\/producten\\\/meubles\\\/tables-de-camping\\\/rochefort-table-de-camping-etanche\\\/\",\"url\":\"https:\\\/\\\/eurotrail.info\\\/fr\\\/producten\\\/meubles\\\/tables-de-camping\\\/rochefort-table-de-camping-etanche\\\/\",\"name\":\"Rochefort table composite - Eurotrail | The way we camp!\",\"isPartOf\":{\"@id\":\"https:\\\/\\\/eurotrail.info\\\/#website\"},\"primaryImageOfPage\":{\"@id\":\"https:\\\/\\\/eurotrail.info\\\/fr\\\/producten\\\/meubles\\\/tables-de-camping\\\/rochefort-table-de-camping-etanche\\\/#primaryimage\"},\"image\":{\"@id\":\"https:\\\/\\\/eurotrail.info\\\/fr\\\/producten\\\/meubles\\\/tables-de-camping\\\/rochefort-table-de-camping-etanche\\\/#primaryimage\"},\"thumbnailUrl\":\"https:\\\/\\\/eurotrail.info\\\/wp\\\/wp-content\\\/uploads\\\/2020\\\/01\\\/ETCF1391-1396-Rochefort-Set2-20-02.jpg\",\"datePublished\":\"2020-01-23T11:16:53+00:00\",\"dateModified\":\"2026-02-10T14:47:25+00:00\",\"description\":\"Tables de camping Rochefort avec plateau Honey Comp : 100 % r\u00e9sistantes \u00e0 l'eau et \u00e0 la chaleur, cadre en aluminium ultral\u00e9ger et barres de stabilit\u00e9 brevet\u00e9es.\",\"breadcrumb\":{\"@id\":\"https:\\\/\\\/eurotrail.info\\\/fr\\\/producten\\\/meubles\\\/tables-de-camping\\\/rochefort-table-de-camping-etanche\\\/#breadcrumb\"},\"inLanguage\":\"fr-FR\",\"potentialAction\":[{\"@type\":\"ReadAction\",\"target\":[\"https:\\\/\\\/eurotrail.info\\\/fr\\\/producten\\\/meubles\\\/tables-de-camping\\\/rochefort-table-de-camping-etanche\\\/\"]}]},{\"@type\":\"ImageObject\",\"inLanguage\":\"fr-FR\",\"@id\":\"https:\\\/\\\/eurotrail.info\\\/fr\\\/producten\\\/meubles\\\/tables-de-camping\\\/rochefort-table-de-camping-etanche\\\/#primaryimage\",\"url\":\"https:\\\/\\\/eurotrail.info\\\/wp\\\/wp-content\\\/uploads\\\/2020\\\/01\\\/ETCF1391-1396-Rochefort-Set2-20-02.jpg\",\"contentUrl\":\"https:\\\/\\\/eurotrail.info\\\/wp\\\/wp-content\\\/uploads\\\/2020\\\/01\\\/ETCF1391-1396-Rochefort-Set2-20-02.jpg\",\"width\":1772,\"height\":1583},{\"@type\":\"BreadcrumbList\",\"@id\":\"https:\\\/\\\/eurotrail.info\\\/fr\\\/producten\\\/meubles\\\/tables-de-camping\\\/rochefort-table-de-camping-etanche\\\/#breadcrumb\",\"itemListElement\":[{\"@type\":\"ListItem\",\"position\":1,\"name\":\"Home\",\"item\":\"https:\\\/\\\/eurotrail.info\\\/fr\\\/\"},{\"@type\":\"ListItem\",\"position\":2,\"name\":\"Produits\",\"item\":\"https:\\\/\\\/eurotrail.info\\\/fr\\\/produits\\\/\"},{\"@type\":\"ListItem\",\"position\":3,\"name\":\"Rochefort table composite\"}]},{\"@type\":\"WebSite\",\"@id\":\"https:\\\/\\\/eurotrail.info\\\/#website\",\"url\":\"https:\\\/\\\/eurotrail.info\\\/\",\"name\":\"Eurotrail | The way we camp!\",\"description\":\"\",\"publisher\":{\"@id\":\"https:\\\/\\\/eurotrail.info\\\/#organization\"},\"potentialAction\":[{\"@type\":\"SearchAction\",\"target\":{\"@type\":\"EntryPoint\",\"urlTemplate\":\"https:\\\/\\\/eurotrail.info\\\/?s={search_term_string}\"},\"query-input\":{\"@type\":\"PropertyValueSpecification\",\"valueRequired\":true,\"valueName\":\"search_term_string\"}}],\"inLanguage\":\"fr-FR\"},{\"@type\":\"Organization\",\"@id\":\"https:\\\/\\\/eurotrail.info\\\/#organization\",\"name\":\"Eurotrail | The way we camp!\",\"url\":\"https:\\\/\\\/eurotrail.info\\\/\",\"logo\":{\"@type\":\"ImageObject\",\"inLanguage\":\"fr-FR\",\"@id\":\"https:\\\/\\\/eurotrail.info\\\/#\\\/schema\\\/logo\\\/image\\\/\",\"url\":\"https:\\\/\\\/eurotrail.info\\\/wp\\\/wp-content\\\/uploads\\\/2023\\\/07\\\/ET-logo-quote_NL-scaled.jpg\",\"contentUrl\":\"https:\\\/\\\/eurotrail.info\\\/wp\\\/wp-content\\\/uploads\\\/2023\\\/07\\\/ET-logo-quote_NL-scaled.jpg\",\"width\":2560,\"height\":675,\"caption\":\"Eurotrail | The way we camp!\"},\"image\":{\"@id\":\"https:\\\/\\\/eurotrail.info\\\/#\\\/schema\\\/logo\\\/image\\\/\"}}]}<\/script>\n<!-- \/ Yoast SEO plugin. -->","yoast_head_json":{"title":"Rochefort table composite - Eurotrail | The way we camp!","description":"Tables de camping Rochefort avec plateau Honey Comp : 100 % r\u00e9sistantes \u00e0 l'eau et \u00e0 la chaleur, cadre en aluminium ultral\u00e9ger et barres de stabilit\u00e9 brevet\u00e9es.","robots":{"index":"index","follow":"follow","max-snippet":"max-snippet:-1","max-image-preview":"max-image-preview:large","max-video-preview":"max-video-preview:-1"},"canonical":"https:\/\/eurotrail.info\/fr\/producten\/meubles\/tables-de-camping\/rochefort-table-de-camping-etanche\/","og_locale":"fr_FR","og_type":"article","og_title":"Rochefort table composite - Eurotrail | The way we camp!","og_description":"Tables de camping Rochefort avec plateau Honey Comp : 100 % r\u00e9sistantes \u00e0 l'eau et \u00e0 la chaleur, cadre en aluminium ultral\u00e9ger et barres de stabilit\u00e9 brevet\u00e9es.","og_url":"https:\/\/eurotrail.info\/fr\/producten\/meubles\/tables-de-camping\/rochefort-table-de-camping-etanche\/","og_site_name":"Eurotrail | The way we camp!","article_modified_time":"2026-02-10T14:47:25+00:00","og_image":[{"width":1772,"height":1583,"url":"https:\/\/eurotrail.info\/wp\/wp-content\/uploads\/2020\/01\/ETCF1391-1396-Rochefort-Set2-20-02.jpg","type":"image\/jpeg"}],"twitter_card":"summary_large_image","twitter_misc":{"Dur\u00e9e de lecture estim\u00e9e":"2 minutes"},"schema":{"@context":"https:\/\/schema.org","@graph":[{"@type":"WebPage","@id":"https:\/\/eurotrail.info\/fr\/producten\/meubles\/tables-de-camping\/rochefort-table-de-camping-etanche\/","url":"https:\/\/eurotrail.info\/fr\/producten\/meubles\/tables-de-camping\/rochefort-table-de-camping-etanche\/","name":"Rochefort table composite - Eurotrail | The way we camp!","isPartOf":{"@id":"https:\/\/eurotrail.info\/#website"},"primaryImageOfPage":{"@id":"https:\/\/eurotrail.info\/fr\/producten\/meubles\/tables-de-camping\/rochefort-table-de-camping-etanche\/#primaryimage"},"image":{"@id":"https:\/\/eurotrail.info\/fr\/producten\/meubles\/tables-de-camping\/rochefort-table-de-camping-etanche\/#primaryimage"},"thumbnailUrl":"https:\/\/eurotrail.info\/wp\/wp-content\/uploads\/2020\/01\/ETCF1391-1396-Rochefort-Set2-20-02.jpg","datePublished":"2020-01-23T11:16:53+00:00","dateModified":"2026-02-10T14:47:25+00:00","description":"Tables de camping Rochefort avec plateau Honey Comp : 100 % r\u00e9sistantes \u00e0 l'eau et \u00e0 la chaleur, cadre en aluminium ultral\u00e9ger et barres de stabilit\u00e9 brevet\u00e9es.","breadcrumb":{"@id":"https:\/\/eurotrail.info\/fr\/producten\/meubles\/tables-de-camping\/rochefort-table-de-camping-etanche\/#breadcrumb"},"inLanguage":"fr-FR","potentialAction":[{"@type":"ReadAction","target":["https:\/\/eurotrail.info\/fr\/producten\/meubles\/tables-de-camping\/rochefort-table-de-camping-etanche\/"]}]},{"@type":"ImageObject","inLanguage":"fr-FR","@id":"https:\/\/eurotrail.info\/fr\/producten\/meubles\/tables-de-camping\/rochefort-table-de-camping-etanche\/#primaryimage","url":"https:\/\/eurotrail.info\/wp\/wp-content\/uploads\/2020\/01\/ETCF1391-1396-Rochefort-Set2-20-02.jpg","contentUrl":"https:\/\/eurotrail.info\/wp\/wp-content\/uploads\/2020\/01\/ETCF1391-1396-Rochefort-Set2-20-02.jpg","width":1772,"height":1583},{"@type":"BreadcrumbList","@id":"https:\/\/eurotrail.info\/fr\/producten\/meubles\/tables-de-camping\/rochefort-table-de-camping-etanche\/#breadcrumb","itemListElement":[{"@type":"ListItem","position":1,"name":"Home","item":"https:\/\/eurotrail.info\/fr\/"},{"@type":"ListItem","position":2,"name":"Produits","item":"https:\/\/eurotrail.info\/fr\/produits\/"},{"@type":"ListItem","position":3,"name":"Rochefort table composite"}]},{"@type":"WebSite","@id":"https:\/\/eurotrail.info\/#website","url":"https:\/\/eurotrail.info\/","name":"Eurotrail | The way we camp!","description":"","publisher":{"@id":"https:\/\/eurotrail.info\/#organization"},"potentialAction":[{"@type":"SearchAction","target":{"@type":"EntryPoint","urlTemplate":"https:\/\/eurotrail.info\/?s={search_term_string}"},"query-input":{"@type":"PropertyValueSpecification","valueRequired":true,"valueName":"search_term_string"}}],"inLanguage":"fr-FR"},{"@type":"Organization","@id":"https:\/\/eurotrail.info\/#organization","name":"Eurotrail | The way we camp!","url":"https:\/\/eurotrail.info\/","logo":{"@type":"ImageObject","inLanguage":"fr-FR","@id":"https:\/\/eurotrail.info\/#\/schema\/logo\/image\/","url":"https:\/\/eurotrail.info\/wp\/wp-content\/uploads\/2023\/07\/ET-logo-quote_NL-scaled.jpg","contentUrl":"https:\/\/eurotrail.info\/wp\/wp-content\/uploads\/2023\/07\/ET-logo-quote_NL-scaled.jpg","width":2560,"height":675,"caption":"Eurotrail | The way we camp!"},"image":{"@id":"https:\/\/eurotrail.info\/#\/schema\/logo\/image\/"}}]}},"_links":{"self":[{"href":"https:\/\/eurotrail.info\/fr\/wp-json\/wp\/v2\/product\/10407","targetHints":{"allow":["GET"]}}],"collection":[{"href":"https:\/\/eurotrail.info\/fr\/wp-json\/wp\/v2\/product"}],"about":[{"href":"https:\/\/eurotrail.info\/fr\/wp-json\/wp\/v2\/types\/product"}],"replies":[{"embeddable":true,"href":"https:\/\/eurotrail.info\/fr\/wp-json\/wp\/v2\/comments?post=10407"}],"wp:featuredmedia":[{"embeddable":true,"href":"https:\/\/eurotrail.info\/fr\/wp-json\/wp\/v2\/media\/10408"}],"wp:attachment":[{"href":"https:\/\/eurotrail.info\/fr\/wp-json\/wp\/v2\/media?parent=10407"}],"wp:term":[{"taxonomy":"product_brand","embeddable":true,"href":"https:\/\/eurotrail.info\/fr\/wp-json\/wp\/v2\/product_brand?post=10407"},{"taxonomy":"product_cat","embeddable":true,"href":"https:\/\/eurotrail.info\/fr\/wp-json\/wp\/v2\/product_cat?post=10407"},{"taxonomy":"product_tag","embeddable":true,"href":"https:\/\/eurotrail.info\/fr\/wp-json\/wp\/v2\/product_tag?post=10407"}],"curies":[{"name":"wp","href":"https:\/\/api.w.org\/{rel}","templated":true}]}}