{"id":10434,"date":"2016-01-22T10:21:11","date_gmt":"2016-01-22T09:21:11","guid":{"rendered":"https:\/\/eurotrail.info\/producten\/st-gobain-m-l\/"},"modified":"2026-02-10T15:18:40","modified_gmt":"2026-02-10T14:18:40","slug":"st-gobain-m-l","status":"publish","type":"product","link":"https:\/\/eurotrail.info\/fr\/producten\/meubles\/tables-de-camping\/st-gobain-m-l\/","title":{"rendered":"St. Gobain S\/M\/L"},"content":{"rendered":"<p><strong>La table de camping la plus stable de sa cat\u00e9gorie<\/strong><\/p>\n<p>Cette table de camping garantit une stabilit\u00e9 et une durabilit\u00e9 maximales. Son cadre est \u00e9quip\u00e9 du syst\u00e8me brevet\u00e9 CLS (Cross Link Stability), qui assure une stabilit\u00e9 longitudinale et lat\u00e9rale optimale. M\u00eame sur terrain accident\u00e9, la table reste stable et fiable.<\/p>\n<p>Ses pieds sont r\u00e9glables en hauteur \u00e0 l&#8217;infini et dot\u00e9s de larges embouts, emp\u00eachant tout enfoncement et offrant une stabilit\u00e9 accrue. Le plateau Sevelit de haute qualit\u00e9, fabriqu\u00e9 en Allemagne, est enti\u00e8rement imperm\u00e9able et r\u00e9sistant \u00e0 la chaleur \u2013 con\u00e7u pour supporter des ann\u00e9es d&#8217;utilisation intensive sans probl\u00e8me.<\/p>\n<p>La table est assembl\u00e9e aux Pays-Bas dans un atelier prot\u00e9g\u00e9. En l&#8217;achetant, vous contribuez ainsi \u00e0 soutenir l&#8217;emploi de personnes \u00e9loign\u00e9es du march\u00e9 du travail.<\/p>\n<p>Gr\u00e2ce \u00e0 la garantie compl\u00e8te St. Gobain de trois ans, vous optez \u00e9galement pour une s\u00e9curit\u00e9 et une qualit\u00e9 durables.<\/p>\n<p>Disponible en trois tailles et dans une \u00e9l\u00e9gante finition anthracite.<\/p>\n<p><strong>Stabilit\u00e9 in\u00e9gal\u00e9e, qualit\u00e9 durable et choix responsable \u2013 tout cela dans une seule table de camping.<\/strong><\/p>\n<p>St. Gobain taille S\u00a0:<br \/>\nDimensions\u00a0: 80\u00a0x\u00a060\u00a0x\u00a052\/68\u00a0cm, pli\u00e9\u00a0: 80\u00a0x\u00a060\u00a0x\u00a09\u00a0cm, poids\u00a0: 8,5\u00a0kg.<\/p>\n<p>St. Gobain taille M\u00a0:<br \/>\nDimensions\u00a0: 100\u00a0x\u00a068\u00a0x\u00a052\/68\u00a0cm, pli\u00e9\u00a0: 100\u00a0x\u00a068\u00a0x\u00a09\u00a0cm, poids\u00a0: 10,5\u00a0kg.<\/p>\n<p>St. Gobain taille L\u00a0:<br \/>\nDimensions\u00a0: 115\u00a0x\u00a070\u00a0x\u00a052\/68\u00a0cm, pli\u00e9\u00a0: 115\u00a0x\u00a070\u00a0x\u00a09\u00a0cm, poids\u00a0: 14,8\u00a0kg.<\/p>\n<p>Tableau : SEVELIT TOP LINE, \u00e9tanche et r\u00e9sistant \u00e0 la chaleur<br \/>\nCapacit\u00e9 de charge max. 50 kg<\/p>\n","protected":false},"excerpt":{"rendered":"<p>La table de camping la plus stable de sa cat\u00e9gorie Cette table de camping garantit une stabilit\u00e9 et une durabilit\u00e9 maximales. Son cadre est \u00e9quip\u00e9&hellip;<\/p>\n","protected":false},"featured_media":10424,"comment_status":"open","ping_status":"closed","template":"","meta":{"_acf_changed":false},"product_brand":[],"product_cat":[257],"product_tag":[],"class_list":{"0":"post-10434","1":"product","2":"type-product","3":"status-publish","4":"has-post-thumbnail","6":"product_cat-tables-de-camping","8":"first","9":"instock","10":"shipping-taxable","11":"product-type-simple"},"acf":[],"yoast_head":"<!-- This site is optimized with the Yoast SEO plugin v27.4 - https:\/\/yoast.com\/product\/yoast-seo-wordpress\/ -->\n<title>St. Gobain S\/M\/L - Eurotrail | The way we camp!<\/title>\n<meta name=\"description\" content=\"Table de camping extr\u00eamement stable gr\u00e2ce \u00e0 son cadre CLS brevet\u00e9, ses pieds r\u00e9glables et son plateau Sevelit. R\u00e9sistante \u00e0 l&#039;eau et la chaleur. 3 tailles.\" \/>\n<meta name=\"robots\" content=\"index, follow, max-snippet:-1, max-image-preview:large, max-video-preview:-1\" \/>\n<link rel=\"canonical\" href=\"https:\/\/eurotrail.info\/fr\/producten\/meubles\/tables-de-camping\/st-gobain-m-l\/\" \/>\n<meta property=\"og:locale\" content=\"fr_FR\" \/>\n<meta property=\"og:type\" content=\"article\" \/>\n<meta property=\"og:title\" content=\"St. Gobain S\/M\/L - Eurotrail | The way we camp!\" \/>\n<meta property=\"og:description\" content=\"Table de camping extr\u00eamement stable gr\u00e2ce \u00e0 son cadre CLS brevet\u00e9, ses pieds r\u00e9glables et son plateau Sevelit. R\u00e9sistante \u00e0 l&#039;eau et la chaleur. 3 tailles.\" \/>\n<meta property=\"og:url\" content=\"https:\/\/eurotrail.info\/fr\/producten\/meubles\/tables-de-camping\/st-gobain-m-l\/\" \/>\n<meta property=\"og:site_name\" content=\"Eurotrail | The way we camp!\" \/>\n<meta property=\"article:modified_time\" content=\"2026-02-10T14:18:40+00:00\" \/>\n<meta property=\"og:image\" content=\"https:\/\/eurotrail.info\/wp\/wp-content\/uploads\/2016\/01\/ETCF0751_0400_2.jpg\" \/>\n\t<meta property=\"og:image:width\" content=\"1772\" \/>\n\t<meta property=\"og:image:height\" content=\"1407\" \/>\n\t<meta property=\"og:image:type\" content=\"image\/jpeg\" \/>\n<meta name=\"twitter:card\" content=\"summary_large_image\" \/>\n<meta name=\"twitter:label1\" content=\"Dur\u00e9e de lecture estim\u00e9e\" \/>\n\t<meta name=\"twitter:data1\" content=\"2 minutes\" \/>\n<script type=\"application\/ld+json\" class=\"yoast-schema-graph\">{\"@context\":\"https:\\\/\\\/schema.org\",\"@graph\":[{\"@type\":\"WebPage\",\"@id\":\"https:\\\/\\\/eurotrail.info\\\/fr\\\/producten\\\/meubles\\\/tables-de-camping\\\/st-gobain-m-l\\\/\",\"url\":\"https:\\\/\\\/eurotrail.info\\\/fr\\\/producten\\\/meubles\\\/tables-de-camping\\\/st-gobain-m-l\\\/\",\"name\":\"St. Gobain S\\\/M\\\/L - Eurotrail | The way we camp!\",\"isPartOf\":{\"@id\":\"https:\\\/\\\/eurotrail.info\\\/#website\"},\"primaryImageOfPage\":{\"@id\":\"https:\\\/\\\/eurotrail.info\\\/fr\\\/producten\\\/meubles\\\/tables-de-camping\\\/st-gobain-m-l\\\/#primaryimage\"},\"image\":{\"@id\":\"https:\\\/\\\/eurotrail.info\\\/fr\\\/producten\\\/meubles\\\/tables-de-camping\\\/st-gobain-m-l\\\/#primaryimage\"},\"thumbnailUrl\":\"https:\\\/\\\/eurotrail.info\\\/wp\\\/wp-content\\\/uploads\\\/2016\\\/01\\\/ETCF0751_0400_2.jpg\",\"datePublished\":\"2016-01-22T09:21:11+00:00\",\"dateModified\":\"2026-02-10T14:18:40+00:00\",\"description\":\"Table de camping extr\u00eamement stable gr\u00e2ce \u00e0 son cadre CLS brevet\u00e9, ses pieds r\u00e9glables et son plateau Sevelit. R\u00e9sistante \u00e0 l'eau et la chaleur. 3 tailles.\",\"breadcrumb\":{\"@id\":\"https:\\\/\\\/eurotrail.info\\\/fr\\\/producten\\\/meubles\\\/tables-de-camping\\\/st-gobain-m-l\\\/#breadcrumb\"},\"inLanguage\":\"fr-FR\",\"potentialAction\":[{\"@type\":\"ReadAction\",\"target\":[\"https:\\\/\\\/eurotrail.info\\\/fr\\\/producten\\\/meubles\\\/tables-de-camping\\\/st-gobain-m-l\\\/\"]}]},{\"@type\":\"ImageObject\",\"inLanguage\":\"fr-FR\",\"@id\":\"https:\\\/\\\/eurotrail.info\\\/fr\\\/producten\\\/meubles\\\/tables-de-camping\\\/st-gobain-m-l\\\/#primaryimage\",\"url\":\"https:\\\/\\\/eurotrail.info\\\/wp\\\/wp-content\\\/uploads\\\/2016\\\/01\\\/ETCF0751_0400_2.jpg\",\"contentUrl\":\"https:\\\/\\\/eurotrail.info\\\/wp\\\/wp-content\\\/uploads\\\/2016\\\/01\\\/ETCF0751_0400_2.jpg\",\"width\":1772,\"height\":1407,\"caption\":\"Zeer stabiele campingtafel met verstelbare poten. Sevelit top-blad. Made in Holland\"},{\"@type\":\"BreadcrumbList\",\"@id\":\"https:\\\/\\\/eurotrail.info\\\/fr\\\/producten\\\/meubles\\\/tables-de-camping\\\/st-gobain-m-l\\\/#breadcrumb\",\"itemListElement\":[{\"@type\":\"ListItem\",\"position\":1,\"name\":\"Home\",\"item\":\"https:\\\/\\\/eurotrail.info\\\/fr\\\/\"},{\"@type\":\"ListItem\",\"position\":2,\"name\":\"Produits\",\"item\":\"https:\\\/\\\/eurotrail.info\\\/fr\\\/produits\\\/\"},{\"@type\":\"ListItem\",\"position\":3,\"name\":\"St. Gobain S\\\/M\\\/L\"}]},{\"@type\":\"WebSite\",\"@id\":\"https:\\\/\\\/eurotrail.info\\\/#website\",\"url\":\"https:\\\/\\\/eurotrail.info\\\/\",\"name\":\"Eurotrail | The way we camp!\",\"description\":\"\",\"publisher\":{\"@id\":\"https:\\\/\\\/eurotrail.info\\\/#organization\"},\"potentialAction\":[{\"@type\":\"SearchAction\",\"target\":{\"@type\":\"EntryPoint\",\"urlTemplate\":\"https:\\\/\\\/eurotrail.info\\\/?s={search_term_string}\"},\"query-input\":{\"@type\":\"PropertyValueSpecification\",\"valueRequired\":true,\"valueName\":\"search_term_string\"}}],\"inLanguage\":\"fr-FR\"},{\"@type\":\"Organization\",\"@id\":\"https:\\\/\\\/eurotrail.info\\\/#organization\",\"name\":\"Eurotrail | The way we camp!\",\"url\":\"https:\\\/\\\/eurotrail.info\\\/\",\"logo\":{\"@type\":\"ImageObject\",\"inLanguage\":\"fr-FR\",\"@id\":\"https:\\\/\\\/eurotrail.info\\\/#\\\/schema\\\/logo\\\/image\\\/\",\"url\":\"https:\\\/\\\/eurotrail.info\\\/wp\\\/wp-content\\\/uploads\\\/2023\\\/07\\\/ET-logo-quote_NL-scaled.jpg\",\"contentUrl\":\"https:\\\/\\\/eurotrail.info\\\/wp\\\/wp-content\\\/uploads\\\/2023\\\/07\\\/ET-logo-quote_NL-scaled.jpg\",\"width\":2560,\"height\":675,\"caption\":\"Eurotrail | The way we camp!\"},\"image\":{\"@id\":\"https:\\\/\\\/eurotrail.info\\\/#\\\/schema\\\/logo\\\/image\\\/\"}}]}<\/script>\n<!-- \/ Yoast SEO plugin. -->","yoast_head_json":{"title":"St. Gobain S\/M\/L - Eurotrail | The way we camp!","description":"Table de camping extr\u00eamement stable gr\u00e2ce \u00e0 son cadre CLS brevet\u00e9, ses pieds r\u00e9glables et son plateau Sevelit. R\u00e9sistante \u00e0 l'eau et la chaleur. 3 tailles.","robots":{"index":"index","follow":"follow","max-snippet":"max-snippet:-1","max-image-preview":"max-image-preview:large","max-video-preview":"max-video-preview:-1"},"canonical":"https:\/\/eurotrail.info\/fr\/producten\/meubles\/tables-de-camping\/st-gobain-m-l\/","og_locale":"fr_FR","og_type":"article","og_title":"St. Gobain S\/M\/L - Eurotrail | The way we camp!","og_description":"Table de camping extr\u00eamement stable gr\u00e2ce \u00e0 son cadre CLS brevet\u00e9, ses pieds r\u00e9glables et son plateau Sevelit. R\u00e9sistante \u00e0 l'eau et la chaleur. 3 tailles.","og_url":"https:\/\/eurotrail.info\/fr\/producten\/meubles\/tables-de-camping\/st-gobain-m-l\/","og_site_name":"Eurotrail | The way we camp!","article_modified_time":"2026-02-10T14:18:40+00:00","og_image":[{"width":1772,"height":1407,"url":"https:\/\/eurotrail.info\/wp\/wp-content\/uploads\/2016\/01\/ETCF0751_0400_2.jpg","type":"image\/jpeg"}],"twitter_card":"summary_large_image","twitter_misc":{"Dur\u00e9e de lecture estim\u00e9e":"2 minutes"},"schema":{"@context":"https:\/\/schema.org","@graph":[{"@type":"WebPage","@id":"https:\/\/eurotrail.info\/fr\/producten\/meubles\/tables-de-camping\/st-gobain-m-l\/","url":"https:\/\/eurotrail.info\/fr\/producten\/meubles\/tables-de-camping\/st-gobain-m-l\/","name":"St. Gobain S\/M\/L - Eurotrail | The way we camp!","isPartOf":{"@id":"https:\/\/eurotrail.info\/#website"},"primaryImageOfPage":{"@id":"https:\/\/eurotrail.info\/fr\/producten\/meubles\/tables-de-camping\/st-gobain-m-l\/#primaryimage"},"image":{"@id":"https:\/\/eurotrail.info\/fr\/producten\/meubles\/tables-de-camping\/st-gobain-m-l\/#primaryimage"},"thumbnailUrl":"https:\/\/eurotrail.info\/wp\/wp-content\/uploads\/2016\/01\/ETCF0751_0400_2.jpg","datePublished":"2016-01-22T09:21:11+00:00","dateModified":"2026-02-10T14:18:40+00:00","description":"Table de camping extr\u00eamement stable gr\u00e2ce \u00e0 son cadre CLS brevet\u00e9, ses pieds r\u00e9glables et son plateau Sevelit. R\u00e9sistante \u00e0 l'eau et la chaleur. 3 tailles.","breadcrumb":{"@id":"https:\/\/eurotrail.info\/fr\/producten\/meubles\/tables-de-camping\/st-gobain-m-l\/#breadcrumb"},"inLanguage":"fr-FR","potentialAction":[{"@type":"ReadAction","target":["https:\/\/eurotrail.info\/fr\/producten\/meubles\/tables-de-camping\/st-gobain-m-l\/"]}]},{"@type":"ImageObject","inLanguage":"fr-FR","@id":"https:\/\/eurotrail.info\/fr\/producten\/meubles\/tables-de-camping\/st-gobain-m-l\/#primaryimage","url":"https:\/\/eurotrail.info\/wp\/wp-content\/uploads\/2016\/01\/ETCF0751_0400_2.jpg","contentUrl":"https:\/\/eurotrail.info\/wp\/wp-content\/uploads\/2016\/01\/ETCF0751_0400_2.jpg","width":1772,"height":1407,"caption":"Zeer stabiele campingtafel met verstelbare poten. Sevelit top-blad. Made in Holland"},{"@type":"BreadcrumbList","@id":"https:\/\/eurotrail.info\/fr\/producten\/meubles\/tables-de-camping\/st-gobain-m-l\/#breadcrumb","itemListElement":[{"@type":"ListItem","position":1,"name":"Home","item":"https:\/\/eurotrail.info\/fr\/"},{"@type":"ListItem","position":2,"name":"Produits","item":"https:\/\/eurotrail.info\/fr\/produits\/"},{"@type":"ListItem","position":3,"name":"St. Gobain S\/M\/L"}]},{"@type":"WebSite","@id":"https:\/\/eurotrail.info\/#website","url":"https:\/\/eurotrail.info\/","name":"Eurotrail | The way we camp!","description":"","publisher":{"@id":"https:\/\/eurotrail.info\/#organization"},"potentialAction":[{"@type":"SearchAction","target":{"@type":"EntryPoint","urlTemplate":"https:\/\/eurotrail.info\/?s={search_term_string}"},"query-input":{"@type":"PropertyValueSpecification","valueRequired":true,"valueName":"search_term_string"}}],"inLanguage":"fr-FR"},{"@type":"Organization","@id":"https:\/\/eurotrail.info\/#organization","name":"Eurotrail | The way we camp!","url":"https:\/\/eurotrail.info\/","logo":{"@type":"ImageObject","inLanguage":"fr-FR","@id":"https:\/\/eurotrail.info\/#\/schema\/logo\/image\/","url":"https:\/\/eurotrail.info\/wp\/wp-content\/uploads\/2023\/07\/ET-logo-quote_NL-scaled.jpg","contentUrl":"https:\/\/eurotrail.info\/wp\/wp-content\/uploads\/2023\/07\/ET-logo-quote_NL-scaled.jpg","width":2560,"height":675,"caption":"Eurotrail | The way we camp!"},"image":{"@id":"https:\/\/eurotrail.info\/#\/schema\/logo\/image\/"}}]}},"_links":{"self":[{"href":"https:\/\/eurotrail.info\/fr\/wp-json\/wp\/v2\/product\/10434","targetHints":{"allow":["GET"]}}],"collection":[{"href":"https:\/\/eurotrail.info\/fr\/wp-json\/wp\/v2\/product"}],"about":[{"href":"https:\/\/eurotrail.info\/fr\/wp-json\/wp\/v2\/types\/product"}],"replies":[{"embeddable":true,"href":"https:\/\/eurotrail.info\/fr\/wp-json\/wp\/v2\/comments?post=10434"}],"wp:featuredmedia":[{"embeddable":true,"href":"https:\/\/eurotrail.info\/fr\/wp-json\/wp\/v2\/media\/10424"}],"wp:attachment":[{"href":"https:\/\/eurotrail.info\/fr\/wp-json\/wp\/v2\/media?parent=10434"}],"wp:term":[{"taxonomy":"product_brand","embeddable":true,"href":"https:\/\/eurotrail.info\/fr\/wp-json\/wp\/v2\/product_brand?post=10434"},{"taxonomy":"product_cat","embeddable":true,"href":"https:\/\/eurotrail.info\/fr\/wp-json\/wp\/v2\/product_cat?post=10434"},{"taxonomy":"product_tag","embeddable":true,"href":"https:\/\/eurotrail.info\/fr\/wp-json\/wp\/v2\/product_tag?post=10434"}],"curies":[{"name":"wp","href":"https:\/\/api.w.org\/{rel}","templated":true}]}}