{"id":10751,"date":"2020-11-19T15:56:13","date_gmt":"2020-11-19T14:56:13","guid":{"rendered":"https:\/\/eurotrail.info\/producten\/parasol-multi-coleur\/"},"modified":"2023-07-28T15:01:59","modified_gmt":"2023-07-28T14:01:59","slug":"parasol-multi-coleur","status":"publish","type":"product","link":"https:\/\/eurotrail.info\/fr\/producten\/parapluies-solaires\/parasol-multi-coleur\/","title":{"rendered":"Parasol &#8211; multi coleur"},"content":{"rendered":"<p>Parasol aux couleurs gaies. Ce parasol vous offre une ombre confortable pour vous d\u00e9tendre. Fabriqu\u00e9 en polyester robuste avec un rev\u00eatement r\u00e9sistant aux UV de couleur argent. Le tissu est \u00e9galement pourvu d&#8217;un dispositif anti-vent pour que le parasol ne se renverse pas imm\u00e9diatement au vent. Facteur de protection 50+ Upf. Housse de transport incluse.<\/p>\n<p>Mat\u00e9riel: 100% polyester<br \/>\nCadre: cadre en acier tubulaire \u00d8 19-22 mm<br \/>\nTaille: \u00d8160 x 195cm<br \/>\nPli\u00e9: 100x \u00d86cm<br \/>\nPoids: 1,3 kg.<\/p>\n","protected":false},"excerpt":{"rendered":"<p>Parasol aux couleurs gaies. Ce parasol vous offre une ombre confortable pour vous d\u00e9tendre. Fabriqu\u00e9 en polyester robuste avec un rev\u00eatement r\u00e9sistant aux UV de&hellip;<\/p>\n","protected":false},"featured_media":10747,"comment_status":"open","ping_status":"closed","template":"","meta":{"_acf_changed":false},"product_brand":[],"product_cat":[265],"product_tag":[],"class_list":{"0":"post-10751","1":"product","2":"type-product","3":"status-publish","4":"has-post-thumbnail","6":"product_cat-parapluies-solaires","8":"first","9":"instock","10":"shipping-taxable","11":"product-type-simple"},"acf":[],"yoast_head":"<!-- This site is optimized with the Yoast SEO plugin v27.4 - https:\/\/yoast.com\/product\/yoast-seo-wordpress\/ -->\n<title>Parasol - multi coleur - Eurotrail | The way we camp!<\/title>\n<meta name=\"robots\" content=\"index, follow, max-snippet:-1, max-image-preview:large, max-video-preview:-1\" \/>\n<link rel=\"canonical\" href=\"https:\/\/eurotrail.info\/fr\/producten\/parapluies-solaires\/parasol-multi-coleur\/\" \/>\n<meta property=\"og:locale\" content=\"fr_FR\" \/>\n<meta property=\"og:type\" content=\"article\" \/>\n<meta property=\"og:title\" content=\"Parasol - multi coleur - Eurotrail | The way we camp!\" \/>\n<meta property=\"og:description\" content=\"Parasol aux couleurs gaies. Ce parasol vous offre une ombre confortable pour vous d\u00e9tendre. Fabriqu\u00e9 en polyester robuste avec un rev\u00eatement r\u00e9sistant aux UV de&hellip;\" \/>\n<meta property=\"og:url\" content=\"https:\/\/eurotrail.info\/fr\/producten\/parapluies-solaires\/parasol-multi-coleur\/\" \/>\n<meta property=\"og:site_name\" content=\"Eurotrail | The way we camp!\" \/>\n<meta property=\"article:modified_time\" content=\"2023-07-28T14:01:59+00:00\" \/>\n<meta property=\"og:image\" content=\"https:\/\/eurotrail.info\/wp\/wp-content\/uploads\/2020\/11\/ETCF0935-Umbrella-Multicolor-2-1280x1020.jpg\" \/>\n\t<meta property=\"og:image:width\" content=\"1280\" \/>\n\t<meta property=\"og:image:height\" content=\"1020\" \/>\n\t<meta property=\"og:image:type\" content=\"image\/jpeg\" \/>\n<meta name=\"twitter:card\" content=\"summary_large_image\" \/>\n<meta name=\"twitter:label1\" content=\"Dur\u00e9e de lecture estim\u00e9e\" \/>\n\t<meta name=\"twitter:data1\" content=\"1 minute\" \/>\n<script type=\"application\/ld+json\" class=\"yoast-schema-graph\">{\"@context\":\"https:\\\/\\\/schema.org\",\"@graph\":[{\"@type\":\"WebPage\",\"@id\":\"https:\\\/\\\/eurotrail.info\\\/fr\\\/producten\\\/parapluies-solaires\\\/parasol-multi-coleur\\\/\",\"url\":\"https:\\\/\\\/eurotrail.info\\\/fr\\\/producten\\\/parapluies-solaires\\\/parasol-multi-coleur\\\/\",\"name\":\"Parasol - multi coleur - Eurotrail | The way we camp!\",\"isPartOf\":{\"@id\":\"https:\\\/\\\/eurotrail.info\\\/#website\"},\"primaryImageOfPage\":{\"@id\":\"https:\\\/\\\/eurotrail.info\\\/fr\\\/producten\\\/parapluies-solaires\\\/parasol-multi-coleur\\\/#primaryimage\"},\"image\":{\"@id\":\"https:\\\/\\\/eurotrail.info\\\/fr\\\/producten\\\/parapluies-solaires\\\/parasol-multi-coleur\\\/#primaryimage\"},\"thumbnailUrl\":\"https:\\\/\\\/eurotrail.info\\\/wp\\\/wp-content\\\/uploads\\\/2020\\\/11\\\/ETCF0935-Umbrella-Multicolor-2.jpg\",\"datePublished\":\"2020-11-19T14:56:13+00:00\",\"dateModified\":\"2023-07-28T14:01:59+00:00\",\"breadcrumb\":{\"@id\":\"https:\\\/\\\/eurotrail.info\\\/fr\\\/producten\\\/parapluies-solaires\\\/parasol-multi-coleur\\\/#breadcrumb\"},\"inLanguage\":\"fr-FR\",\"potentialAction\":[{\"@type\":\"ReadAction\",\"target\":[\"https:\\\/\\\/eurotrail.info\\\/fr\\\/producten\\\/parapluies-solaires\\\/parasol-multi-coleur\\\/\"]}]},{\"@type\":\"ImageObject\",\"inLanguage\":\"fr-FR\",\"@id\":\"https:\\\/\\\/eurotrail.info\\\/fr\\\/producten\\\/parapluies-solaires\\\/parasol-multi-coleur\\\/#primaryimage\",\"url\":\"https:\\\/\\\/eurotrail.info\\\/wp\\\/wp-content\\\/uploads\\\/2020\\\/11\\\/ETCF0935-Umbrella-Multicolor-2.jpg\",\"contentUrl\":\"https:\\\/\\\/eurotrail.info\\\/wp\\\/wp-content\\\/uploads\\\/2020\\\/11\\\/ETCF0935-Umbrella-Multicolor-2.jpg\",\"width\":2560,\"height\":2039},{\"@type\":\"BreadcrumbList\",\"@id\":\"https:\\\/\\\/eurotrail.info\\\/fr\\\/producten\\\/parapluies-solaires\\\/parasol-multi-coleur\\\/#breadcrumb\",\"itemListElement\":[{\"@type\":\"ListItem\",\"position\":1,\"name\":\"Home\",\"item\":\"https:\\\/\\\/eurotrail.info\\\/fr\\\/\"},{\"@type\":\"ListItem\",\"position\":2,\"name\":\"Produits\",\"item\":\"https:\\\/\\\/eurotrail.info\\\/fr\\\/produits\\\/\"},{\"@type\":\"ListItem\",\"position\":3,\"name\":\"Parasol &#8211; multi coleur\"}]},{\"@type\":\"WebSite\",\"@id\":\"https:\\\/\\\/eurotrail.info\\\/#website\",\"url\":\"https:\\\/\\\/eurotrail.info\\\/\",\"name\":\"Eurotrail | The way we camp!\",\"description\":\"\",\"publisher\":{\"@id\":\"https:\\\/\\\/eurotrail.info\\\/#organization\"},\"potentialAction\":[{\"@type\":\"SearchAction\",\"target\":{\"@type\":\"EntryPoint\",\"urlTemplate\":\"https:\\\/\\\/eurotrail.info\\\/?s={search_term_string}\"},\"query-input\":{\"@type\":\"PropertyValueSpecification\",\"valueRequired\":true,\"valueName\":\"search_term_string\"}}],\"inLanguage\":\"fr-FR\"},{\"@type\":\"Organization\",\"@id\":\"https:\\\/\\\/eurotrail.info\\\/#organization\",\"name\":\"Eurotrail | The way we camp!\",\"url\":\"https:\\\/\\\/eurotrail.info\\\/\",\"logo\":{\"@type\":\"ImageObject\",\"inLanguage\":\"fr-FR\",\"@id\":\"https:\\\/\\\/eurotrail.info\\\/#\\\/schema\\\/logo\\\/image\\\/\",\"url\":\"https:\\\/\\\/eurotrail.info\\\/wp\\\/wp-content\\\/uploads\\\/2023\\\/07\\\/ET-logo-quote_NL-scaled.jpg\",\"contentUrl\":\"https:\\\/\\\/eurotrail.info\\\/wp\\\/wp-content\\\/uploads\\\/2023\\\/07\\\/ET-logo-quote_NL-scaled.jpg\",\"width\":2560,\"height\":675,\"caption\":\"Eurotrail | The way we camp!\"},\"image\":{\"@id\":\"https:\\\/\\\/eurotrail.info\\\/#\\\/schema\\\/logo\\\/image\\\/\"}}]}<\/script>\n<!-- \/ Yoast SEO plugin. -->","yoast_head_json":{"title":"Parasol - multi coleur - Eurotrail | The way we camp!","robots":{"index":"index","follow":"follow","max-snippet":"max-snippet:-1","max-image-preview":"max-image-preview:large","max-video-preview":"max-video-preview:-1"},"canonical":"https:\/\/eurotrail.info\/fr\/producten\/parapluies-solaires\/parasol-multi-coleur\/","og_locale":"fr_FR","og_type":"article","og_title":"Parasol - multi coleur - Eurotrail | The way we camp!","og_description":"Parasol aux couleurs gaies. Ce parasol vous offre une ombre confortable pour vous d\u00e9tendre. Fabriqu\u00e9 en polyester robuste avec un rev\u00eatement r\u00e9sistant aux UV de&hellip;","og_url":"https:\/\/eurotrail.info\/fr\/producten\/parapluies-solaires\/parasol-multi-coleur\/","og_site_name":"Eurotrail | The way we camp!","article_modified_time":"2023-07-28T14:01:59+00:00","og_image":[{"width":1280,"height":1020,"url":"https:\/\/eurotrail.info\/wp\/wp-content\/uploads\/2020\/11\/ETCF0935-Umbrella-Multicolor-2-1280x1020.jpg","type":"image\/jpeg"}],"twitter_card":"summary_large_image","twitter_misc":{"Dur\u00e9e de lecture estim\u00e9e":"1 minute"},"schema":{"@context":"https:\/\/schema.org","@graph":[{"@type":"WebPage","@id":"https:\/\/eurotrail.info\/fr\/producten\/parapluies-solaires\/parasol-multi-coleur\/","url":"https:\/\/eurotrail.info\/fr\/producten\/parapluies-solaires\/parasol-multi-coleur\/","name":"Parasol - multi coleur - Eurotrail | The way we camp!","isPartOf":{"@id":"https:\/\/eurotrail.info\/#website"},"primaryImageOfPage":{"@id":"https:\/\/eurotrail.info\/fr\/producten\/parapluies-solaires\/parasol-multi-coleur\/#primaryimage"},"image":{"@id":"https:\/\/eurotrail.info\/fr\/producten\/parapluies-solaires\/parasol-multi-coleur\/#primaryimage"},"thumbnailUrl":"https:\/\/eurotrail.info\/wp\/wp-content\/uploads\/2020\/11\/ETCF0935-Umbrella-Multicolor-2.jpg","datePublished":"2020-11-19T14:56:13+00:00","dateModified":"2023-07-28T14:01:59+00:00","breadcrumb":{"@id":"https:\/\/eurotrail.info\/fr\/producten\/parapluies-solaires\/parasol-multi-coleur\/#breadcrumb"},"inLanguage":"fr-FR","potentialAction":[{"@type":"ReadAction","target":["https:\/\/eurotrail.info\/fr\/producten\/parapluies-solaires\/parasol-multi-coleur\/"]}]},{"@type":"ImageObject","inLanguage":"fr-FR","@id":"https:\/\/eurotrail.info\/fr\/producten\/parapluies-solaires\/parasol-multi-coleur\/#primaryimage","url":"https:\/\/eurotrail.info\/wp\/wp-content\/uploads\/2020\/11\/ETCF0935-Umbrella-Multicolor-2.jpg","contentUrl":"https:\/\/eurotrail.info\/wp\/wp-content\/uploads\/2020\/11\/ETCF0935-Umbrella-Multicolor-2.jpg","width":2560,"height":2039},{"@type":"BreadcrumbList","@id":"https:\/\/eurotrail.info\/fr\/producten\/parapluies-solaires\/parasol-multi-coleur\/#breadcrumb","itemListElement":[{"@type":"ListItem","position":1,"name":"Home","item":"https:\/\/eurotrail.info\/fr\/"},{"@type":"ListItem","position":2,"name":"Produits","item":"https:\/\/eurotrail.info\/fr\/produits\/"},{"@type":"ListItem","position":3,"name":"Parasol &#8211; multi coleur"}]},{"@type":"WebSite","@id":"https:\/\/eurotrail.info\/#website","url":"https:\/\/eurotrail.info\/","name":"Eurotrail | The way we camp!","description":"","publisher":{"@id":"https:\/\/eurotrail.info\/#organization"},"potentialAction":[{"@type":"SearchAction","target":{"@type":"EntryPoint","urlTemplate":"https:\/\/eurotrail.info\/?s={search_term_string}"},"query-input":{"@type":"PropertyValueSpecification","valueRequired":true,"valueName":"search_term_string"}}],"inLanguage":"fr-FR"},{"@type":"Organization","@id":"https:\/\/eurotrail.info\/#organization","name":"Eurotrail | The way we camp!","url":"https:\/\/eurotrail.info\/","logo":{"@type":"ImageObject","inLanguage":"fr-FR","@id":"https:\/\/eurotrail.info\/#\/schema\/logo\/image\/","url":"https:\/\/eurotrail.info\/wp\/wp-content\/uploads\/2023\/07\/ET-logo-quote_NL-scaled.jpg","contentUrl":"https:\/\/eurotrail.info\/wp\/wp-content\/uploads\/2023\/07\/ET-logo-quote_NL-scaled.jpg","width":2560,"height":675,"caption":"Eurotrail | The way we camp!"},"image":{"@id":"https:\/\/eurotrail.info\/#\/schema\/logo\/image\/"}}]}},"_links":{"self":[{"href":"https:\/\/eurotrail.info\/fr\/wp-json\/wp\/v2\/product\/10751","targetHints":{"allow":["GET"]}}],"collection":[{"href":"https:\/\/eurotrail.info\/fr\/wp-json\/wp\/v2\/product"}],"about":[{"href":"https:\/\/eurotrail.info\/fr\/wp-json\/wp\/v2\/types\/product"}],"replies":[{"embeddable":true,"href":"https:\/\/eurotrail.info\/fr\/wp-json\/wp\/v2\/comments?post=10751"}],"wp:featuredmedia":[{"embeddable":true,"href":"https:\/\/eurotrail.info\/fr\/wp-json\/wp\/v2\/media\/10747"}],"wp:attachment":[{"href":"https:\/\/eurotrail.info\/fr\/wp-json\/wp\/v2\/media?parent=10751"}],"wp:term":[{"taxonomy":"product_brand","embeddable":true,"href":"https:\/\/eurotrail.info\/fr\/wp-json\/wp\/v2\/product_brand?post=10751"},{"taxonomy":"product_cat","embeddable":true,"href":"https:\/\/eurotrail.info\/fr\/wp-json\/wp\/v2\/product_cat?post=10751"},{"taxonomy":"product_tag","embeddable":true,"href":"https:\/\/eurotrail.info\/fr\/wp-json\/wp\/v2\/product_tag?post=10751"}],"curies":[{"name":"wp","href":"https:\/\/api.w.org\/{rel}","templated":true}]}}