{"id":10774,"date":"2017-03-01T13:07:01","date_gmt":"2017-03-01T12:07:01","guid":{"rendered":"https:\/\/eurotrail.info\/producten\/pompe-230v-pratique-et-puissante-la-pompe-electrique-de-230-volts-convient-pour-gonfler-et-degonfler-divers-objets-gonflables-tels-quun-matelas-pneumatique-des-jouets-un-bate0w-debit-dair-440-l\/"},"modified":"2017-03-01T13:07:01","modified_gmt":"2017-03-01T12:07:01","slug":"pompe-230v-pratique-et-puissante-la-pompe-electrique-de-230-volts-convient-pour-gonfler-et-degonfler-divers-objets-gonflables-tels-quun-matelas-pneumatique-des-jouets-un-bate0w-debit-dair-440-l","status":"publish","type":"product","link":"https:\/\/eurotrail.info\/fr\/producten\/matelas-auto-gonflables\/pompes-a-air\/pompe-230v-pratique-et-puissante-la-pompe-electrique-de-230-volts-convient-pour-gonfler-et-degonfler-divers-objets-gonflables-tels-quun-matelas-pneumatique-des-jouets-un-bate0w-debit-dair-440-l\/","title":{"rendered":"Pompe \u00e9lectrique 230V"},"content":{"rendered":"<p>Pompe 230V pratique et puissante.<\/p>\n<p>La pompe \u00e9lectrique de 230 volts convient pour gonfler et d\u00e9gonfler divers objets gonflables tels qu&#8217;un matelas pneumatique, des jouets, un bateau pneumatique, etc. La pompe est adapt\u00e9e au raccordement \u00e0 une prise 230 volts et souffle 450 litres par minute. La pompe est fournie avec des r\u00e9ducteurs.<\/p>\n<p>Capacit\u00e9: 0,54 psi<br \/>\nBruit: &lt;85 dB<br \/>\nTension: 230V \/ 130W<br \/>\nD\u00e9bit d&#8217;air: 440 l \/ min.<\/p>\n","protected":false},"excerpt":{"rendered":"<p>Pompe 230V pratique et puissante. La pompe \u00e9lectrique de 230 volts convient pour gonfler et d\u00e9gonfler divers objets gonflables tels qu&#8217;un matelas pneumatique, des jouets,&hellip;<\/p>\n","protected":false},"featured_media":10775,"comment_status":"open","ping_status":"closed","template":"","meta":{"_acf_changed":false},"product_brand":[],"product_cat":[270],"product_tag":[],"class_list":{"0":"post-10774","1":"product","2":"type-product","3":"status-publish","4":"has-post-thumbnail","6":"product_cat-pompes-a-air","8":"first","9":"instock","10":"shipping-taxable","11":"product-type-simple"},"acf":[],"yoast_head":"<!-- This site is optimized with the Yoast SEO plugin v27.3 - https:\/\/yoast.com\/product\/yoast-seo-wordpress\/ -->\n<title>Pompe \u00e9lectrique 230V - Eurotrail | The way we camp!<\/title>\n<meta name=\"robots\" content=\"index, follow, max-snippet:-1, max-image-preview:large, max-video-preview:-1\" \/>\n<link rel=\"canonical\" href=\"https:\/\/eurotrail.info\/fr\/producten\/matelas-auto-gonflables\/pompes-a-air\/pompe-230v-pratique-et-puissante-la-pompe-electrique-de-230-volts-convient-pour-gonfler-et-degonfler-divers-objets-gonflables-tels-quun-matelas-pneumatique-des-jouets-un-bate0w-debit-dair-440-l\/\" \/>\n<meta property=\"og:locale\" content=\"fr_FR\" \/>\n<meta property=\"og:type\" content=\"article\" \/>\n<meta property=\"og:title\" content=\"Pompe \u00e9lectrique 230V - Eurotrail | The way we camp!\" \/>\n<meta property=\"og:description\" content=\"Pompe 230V pratique et puissante. La pompe \u00e9lectrique de 230 volts convient pour gonfler et d\u00e9gonfler divers objets gonflables tels qu&#8217;un matelas pneumatique, des jouets,&hellip;\" \/>\n<meta property=\"og:url\" content=\"https:\/\/eurotrail.info\/fr\/producten\/matelas-auto-gonflables\/pompes-a-air\/pompe-230v-pratique-et-puissante-la-pompe-electrique-de-230-volts-convient-pour-gonfler-et-degonfler-divers-objets-gonflables-tels-quun-matelas-pneumatique-des-jouets-un-bate0w-debit-dair-440-l\/\" \/>\n<meta property=\"og:site_name\" content=\"Eurotrail | The way we camp!\" \/>\n<meta property=\"og:image\" content=\"https:\/\/eurotrail.info\/wp\/wp-content\/uploads\/2017\/03\/ETIC2021-Elect-Pump-det01-17-S.jpg\" \/>\n\t<meta property=\"og:image:width\" content=\"945\" \/>\n\t<meta property=\"og:image:height\" content=\"1417\" \/>\n\t<meta property=\"og:image:type\" content=\"image\/jpeg\" \/>\n<meta name=\"twitter:card\" content=\"summary_large_image\" \/>\n<script type=\"application\/ld+json\" class=\"yoast-schema-graph\">{\"@context\":\"https:\\\/\\\/schema.org\",\"@graph\":[{\"@type\":\"WebPage\",\"@id\":\"https:\\\/\\\/eurotrail.info\\\/fr\\\/producten\\\/matelas-auto-gonflables\\\/pompes-a-air\\\/pompe-230v-pratique-et-puissante-la-pompe-electrique-de-230-volts-convient-pour-gonfler-et-degonfler-divers-objets-gonflables-tels-quun-matelas-pneumatique-des-jouets-un-bate0w-debit-dair-440-l\\\/\",\"url\":\"https:\\\/\\\/eurotrail.info\\\/fr\\\/producten\\\/matelas-auto-gonflables\\\/pompes-a-air\\\/pompe-230v-pratique-et-puissante-la-pompe-electrique-de-230-volts-convient-pour-gonfler-et-degonfler-divers-objets-gonflables-tels-quun-matelas-pneumatique-des-jouets-un-bate0w-debit-dair-440-l\\\/\",\"name\":\"Pompe \u00e9lectrique 230V - Eurotrail | The way we camp!\",\"isPartOf\":{\"@id\":\"https:\\\/\\\/eurotrail.info\\\/#website\"},\"primaryImageOfPage\":{\"@id\":\"https:\\\/\\\/eurotrail.info\\\/fr\\\/producten\\\/matelas-auto-gonflables\\\/pompes-a-air\\\/pompe-230v-pratique-et-puissante-la-pompe-electrique-de-230-volts-convient-pour-gonfler-et-degonfler-divers-objets-gonflables-tels-quun-matelas-pneumatique-des-jouets-un-bate0w-debit-dair-440-l\\\/#primaryimage\"},\"image\":{\"@id\":\"https:\\\/\\\/eurotrail.info\\\/fr\\\/producten\\\/matelas-auto-gonflables\\\/pompes-a-air\\\/pompe-230v-pratique-et-puissante-la-pompe-electrique-de-230-volts-convient-pour-gonfler-et-degonfler-divers-objets-gonflables-tels-quun-matelas-pneumatique-des-jouets-un-bate0w-debit-dair-440-l\\\/#primaryimage\"},\"thumbnailUrl\":\"https:\\\/\\\/eurotrail.info\\\/wp\\\/wp-content\\\/uploads\\\/2017\\\/03\\\/ETIC2021-Elect-Pump-det01-17-S.jpg\",\"datePublished\":\"2017-03-01T12:07:01+00:00\",\"breadcrumb\":{\"@id\":\"https:\\\/\\\/eurotrail.info\\\/fr\\\/producten\\\/matelas-auto-gonflables\\\/pompes-a-air\\\/pompe-230v-pratique-et-puissante-la-pompe-electrique-de-230-volts-convient-pour-gonfler-et-degonfler-divers-objets-gonflables-tels-quun-matelas-pneumatique-des-jouets-un-bate0w-debit-dair-440-l\\\/#breadcrumb\"},\"inLanguage\":\"fr-FR\",\"potentialAction\":[{\"@type\":\"ReadAction\",\"target\":[\"https:\\\/\\\/eurotrail.info\\\/fr\\\/producten\\\/matelas-auto-gonflables\\\/pompes-a-air\\\/pompe-230v-pratique-et-puissante-la-pompe-electrique-de-230-volts-convient-pour-gonfler-et-degonfler-divers-objets-gonflables-tels-quun-matelas-pneumatique-des-jouets-un-bate0w-debit-dair-440-l\\\/\"]}]},{\"@type\":\"ImageObject\",\"inLanguage\":\"fr-FR\",\"@id\":\"https:\\\/\\\/eurotrail.info\\\/fr\\\/producten\\\/matelas-auto-gonflables\\\/pompes-a-air\\\/pompe-230v-pratique-et-puissante-la-pompe-electrique-de-230-volts-convient-pour-gonfler-et-degonfler-divers-objets-gonflables-tels-quun-matelas-pneumatique-des-jouets-un-bate0w-debit-dair-440-l\\\/#primaryimage\",\"url\":\"https:\\\/\\\/eurotrail.info\\\/wp\\\/wp-content\\\/uploads\\\/2017\\\/03\\\/ETIC2021-Elect-Pump-det01-17-S.jpg\",\"contentUrl\":\"https:\\\/\\\/eurotrail.info\\\/wp\\\/wp-content\\\/uploads\\\/2017\\\/03\\\/ETIC2021-Elect-Pump-det01-17-S.jpg\",\"width\":945,\"height\":1417},{\"@type\":\"BreadcrumbList\",\"@id\":\"https:\\\/\\\/eurotrail.info\\\/fr\\\/producten\\\/matelas-auto-gonflables\\\/pompes-a-air\\\/pompe-230v-pratique-et-puissante-la-pompe-electrique-de-230-volts-convient-pour-gonfler-et-degonfler-divers-objets-gonflables-tels-quun-matelas-pneumatique-des-jouets-un-bate0w-debit-dair-440-l\\\/#breadcrumb\",\"itemListElement\":[{\"@type\":\"ListItem\",\"position\":1,\"name\":\"Home\",\"item\":\"https:\\\/\\\/eurotrail.info\\\/fr\\\/\"},{\"@type\":\"ListItem\",\"position\":2,\"name\":\"Produits\",\"item\":\"https:\\\/\\\/eurotrail.info\\\/fr\\\/produits\\\/\"},{\"@type\":\"ListItem\",\"position\":3,\"name\":\"Pompe \u00e9lectrique 230V\"}]},{\"@type\":\"WebSite\",\"@id\":\"https:\\\/\\\/eurotrail.info\\\/#website\",\"url\":\"https:\\\/\\\/eurotrail.info\\\/\",\"name\":\"Eurotrail | The way we camp!\",\"description\":\"\",\"publisher\":{\"@id\":\"https:\\\/\\\/eurotrail.info\\\/#organization\"},\"potentialAction\":[{\"@type\":\"SearchAction\",\"target\":{\"@type\":\"EntryPoint\",\"urlTemplate\":\"https:\\\/\\\/eurotrail.info\\\/?s={search_term_string}\"},\"query-input\":{\"@type\":\"PropertyValueSpecification\",\"valueRequired\":true,\"valueName\":\"search_term_string\"}}],\"inLanguage\":\"fr-FR\"},{\"@type\":\"Organization\",\"@id\":\"https:\\\/\\\/eurotrail.info\\\/#organization\",\"name\":\"Eurotrail | The way we camp!\",\"url\":\"https:\\\/\\\/eurotrail.info\\\/\",\"logo\":{\"@type\":\"ImageObject\",\"inLanguage\":\"fr-FR\",\"@id\":\"https:\\\/\\\/eurotrail.info\\\/#\\\/schema\\\/logo\\\/image\\\/\",\"url\":\"https:\\\/\\\/eurotrail.info\\\/wp\\\/wp-content\\\/uploads\\\/2023\\\/07\\\/ET-logo-quote_NL-scaled.jpg\",\"contentUrl\":\"https:\\\/\\\/eurotrail.info\\\/wp\\\/wp-content\\\/uploads\\\/2023\\\/07\\\/ET-logo-quote_NL-scaled.jpg\",\"width\":2560,\"height\":675,\"caption\":\"Eurotrail | The way we camp!\"},\"image\":{\"@id\":\"https:\\\/\\\/eurotrail.info\\\/#\\\/schema\\\/logo\\\/image\\\/\"}}]}<\/script>\n<!-- \/ Yoast SEO plugin. -->","yoast_head_json":{"title":"Pompe \u00e9lectrique 230V - Eurotrail | The way we camp!","robots":{"index":"index","follow":"follow","max-snippet":"max-snippet:-1","max-image-preview":"max-image-preview:large","max-video-preview":"max-video-preview:-1"},"canonical":"https:\/\/eurotrail.info\/fr\/producten\/matelas-auto-gonflables\/pompes-a-air\/pompe-230v-pratique-et-puissante-la-pompe-electrique-de-230-volts-convient-pour-gonfler-et-degonfler-divers-objets-gonflables-tels-quun-matelas-pneumatique-des-jouets-un-bate0w-debit-dair-440-l\/","og_locale":"fr_FR","og_type":"article","og_title":"Pompe \u00e9lectrique 230V - Eurotrail | The way we camp!","og_description":"Pompe 230V pratique et puissante. La pompe \u00e9lectrique de 230 volts convient pour gonfler et d\u00e9gonfler divers objets gonflables tels qu&#8217;un matelas pneumatique, des jouets,&hellip;","og_url":"https:\/\/eurotrail.info\/fr\/producten\/matelas-auto-gonflables\/pompes-a-air\/pompe-230v-pratique-et-puissante-la-pompe-electrique-de-230-volts-convient-pour-gonfler-et-degonfler-divers-objets-gonflables-tels-quun-matelas-pneumatique-des-jouets-un-bate0w-debit-dair-440-l\/","og_site_name":"Eurotrail | The way we camp!","og_image":[{"width":945,"height":1417,"url":"https:\/\/eurotrail.info\/wp\/wp-content\/uploads\/2017\/03\/ETIC2021-Elect-Pump-det01-17-S.jpg","type":"image\/jpeg"}],"twitter_card":"summary_large_image","schema":{"@context":"https:\/\/schema.org","@graph":[{"@type":"WebPage","@id":"https:\/\/eurotrail.info\/fr\/producten\/matelas-auto-gonflables\/pompes-a-air\/pompe-230v-pratique-et-puissante-la-pompe-electrique-de-230-volts-convient-pour-gonfler-et-degonfler-divers-objets-gonflables-tels-quun-matelas-pneumatique-des-jouets-un-bate0w-debit-dair-440-l\/","url":"https:\/\/eurotrail.info\/fr\/producten\/matelas-auto-gonflables\/pompes-a-air\/pompe-230v-pratique-et-puissante-la-pompe-electrique-de-230-volts-convient-pour-gonfler-et-degonfler-divers-objets-gonflables-tels-quun-matelas-pneumatique-des-jouets-un-bate0w-debit-dair-440-l\/","name":"Pompe \u00e9lectrique 230V - Eurotrail | The way we camp!","isPartOf":{"@id":"https:\/\/eurotrail.info\/#website"},"primaryImageOfPage":{"@id":"https:\/\/eurotrail.info\/fr\/producten\/matelas-auto-gonflables\/pompes-a-air\/pompe-230v-pratique-et-puissante-la-pompe-electrique-de-230-volts-convient-pour-gonfler-et-degonfler-divers-objets-gonflables-tels-quun-matelas-pneumatique-des-jouets-un-bate0w-debit-dair-440-l\/#primaryimage"},"image":{"@id":"https:\/\/eurotrail.info\/fr\/producten\/matelas-auto-gonflables\/pompes-a-air\/pompe-230v-pratique-et-puissante-la-pompe-electrique-de-230-volts-convient-pour-gonfler-et-degonfler-divers-objets-gonflables-tels-quun-matelas-pneumatique-des-jouets-un-bate0w-debit-dair-440-l\/#primaryimage"},"thumbnailUrl":"https:\/\/eurotrail.info\/wp\/wp-content\/uploads\/2017\/03\/ETIC2021-Elect-Pump-det01-17-S.jpg","datePublished":"2017-03-01T12:07:01+00:00","breadcrumb":{"@id":"https:\/\/eurotrail.info\/fr\/producten\/matelas-auto-gonflables\/pompes-a-air\/pompe-230v-pratique-et-puissante-la-pompe-electrique-de-230-volts-convient-pour-gonfler-et-degonfler-divers-objets-gonflables-tels-quun-matelas-pneumatique-des-jouets-un-bate0w-debit-dair-440-l\/#breadcrumb"},"inLanguage":"fr-FR","potentialAction":[{"@type":"ReadAction","target":["https:\/\/eurotrail.info\/fr\/producten\/matelas-auto-gonflables\/pompes-a-air\/pompe-230v-pratique-et-puissante-la-pompe-electrique-de-230-volts-convient-pour-gonfler-et-degonfler-divers-objets-gonflables-tels-quun-matelas-pneumatique-des-jouets-un-bate0w-debit-dair-440-l\/"]}]},{"@type":"ImageObject","inLanguage":"fr-FR","@id":"https:\/\/eurotrail.info\/fr\/producten\/matelas-auto-gonflables\/pompes-a-air\/pompe-230v-pratique-et-puissante-la-pompe-electrique-de-230-volts-convient-pour-gonfler-et-degonfler-divers-objets-gonflables-tels-quun-matelas-pneumatique-des-jouets-un-bate0w-debit-dair-440-l\/#primaryimage","url":"https:\/\/eurotrail.info\/wp\/wp-content\/uploads\/2017\/03\/ETIC2021-Elect-Pump-det01-17-S.jpg","contentUrl":"https:\/\/eurotrail.info\/wp\/wp-content\/uploads\/2017\/03\/ETIC2021-Elect-Pump-det01-17-S.jpg","width":945,"height":1417},{"@type":"BreadcrumbList","@id":"https:\/\/eurotrail.info\/fr\/producten\/matelas-auto-gonflables\/pompes-a-air\/pompe-230v-pratique-et-puissante-la-pompe-electrique-de-230-volts-convient-pour-gonfler-et-degonfler-divers-objets-gonflables-tels-quun-matelas-pneumatique-des-jouets-un-bate0w-debit-dair-440-l\/#breadcrumb","itemListElement":[{"@type":"ListItem","position":1,"name":"Home","item":"https:\/\/eurotrail.info\/fr\/"},{"@type":"ListItem","position":2,"name":"Produits","item":"https:\/\/eurotrail.info\/fr\/produits\/"},{"@type":"ListItem","position":3,"name":"Pompe \u00e9lectrique 230V"}]},{"@type":"WebSite","@id":"https:\/\/eurotrail.info\/#website","url":"https:\/\/eurotrail.info\/","name":"Eurotrail | The way we camp!","description":"","publisher":{"@id":"https:\/\/eurotrail.info\/#organization"},"potentialAction":[{"@type":"SearchAction","target":{"@type":"EntryPoint","urlTemplate":"https:\/\/eurotrail.info\/?s={search_term_string}"},"query-input":{"@type":"PropertyValueSpecification","valueRequired":true,"valueName":"search_term_string"}}],"inLanguage":"fr-FR"},{"@type":"Organization","@id":"https:\/\/eurotrail.info\/#organization","name":"Eurotrail | The way we camp!","url":"https:\/\/eurotrail.info\/","logo":{"@type":"ImageObject","inLanguage":"fr-FR","@id":"https:\/\/eurotrail.info\/#\/schema\/logo\/image\/","url":"https:\/\/eurotrail.info\/wp\/wp-content\/uploads\/2023\/07\/ET-logo-quote_NL-scaled.jpg","contentUrl":"https:\/\/eurotrail.info\/wp\/wp-content\/uploads\/2023\/07\/ET-logo-quote_NL-scaled.jpg","width":2560,"height":675,"caption":"Eurotrail | The way we camp!"},"image":{"@id":"https:\/\/eurotrail.info\/#\/schema\/logo\/image\/"}}]}},"_links":{"self":[{"href":"https:\/\/eurotrail.info\/fr\/wp-json\/wp\/v2\/product\/10774","targetHints":{"allow":["GET"]}}],"collection":[{"href":"https:\/\/eurotrail.info\/fr\/wp-json\/wp\/v2\/product"}],"about":[{"href":"https:\/\/eurotrail.info\/fr\/wp-json\/wp\/v2\/types\/product"}],"replies":[{"embeddable":true,"href":"https:\/\/eurotrail.info\/fr\/wp-json\/wp\/v2\/comments?post=10774"}],"wp:featuredmedia":[{"embeddable":true,"href":"https:\/\/eurotrail.info\/fr\/wp-json\/wp\/v2\/media\/10775"}],"wp:attachment":[{"href":"https:\/\/eurotrail.info\/fr\/wp-json\/wp\/v2\/media?parent=10774"}],"wp:term":[{"taxonomy":"product_brand","embeddable":true,"href":"https:\/\/eurotrail.info\/fr\/wp-json\/wp\/v2\/product_brand?post=10774"},{"taxonomy":"product_cat","embeddable":true,"href":"https:\/\/eurotrail.info\/fr\/wp-json\/wp\/v2\/product_cat?post=10774"},{"taxonomy":"product_tag","embeddable":true,"href":"https:\/\/eurotrail.info\/fr\/wp-json\/wp\/v2\/product_tag?post=10774"}],"curies":[{"name":"wp","href":"https:\/\/api.w.org\/{rel}","templated":true}]}}