{"id":10872,"date":"2020-11-20T10:15:44","date_gmt":"2020-11-20T09:15:44","guid":{"rendered":"https:\/\/eurotrail.info\/producten\/alabama-poly\/"},"modified":"2022-08-17T15:43:37","modified_gmt":"2022-08-17T14:43:37","slug":"alabama-poly","status":"publish","type":"product","link":"https:\/\/eurotrail.info\/fr\/producten\/tentes\/tentes-polyester\/alabama-poly\/","title":{"rendered":"Alabama Poly"},"content":{"rendered":"<p><span lang=\"FR\">L\u2019Alabama est l&#8217;un des mod\u00e8les les plus populaires de la collection et est d\u00e9sormais, en plus de la version BTC, \u00e9galement disponible dans une version en polyester. Les murs sont en tissu polyester et le toit en polyester robuste anti-d\u00e9chirure 210D. Ce mat\u00e9riau a une colonne d&#8217;eau \u00e9lev\u00e9e &gt; 5000 mm et une protection UV accrue. Meilleure r\u00e9sistance aux grosses averses et aux rayons du soleil que le tissu en polyester 185T ordinaire.<\/span><\/p>\n<p><span lang=\"FR\">Convient pour 4 \u00e0 5 personnes, espace de vie avec de grandes fen\u00eatres claires verrouillables. Porte lat\u00e9rale avec auvent et porte grillag\u00e9e. Le panneau avant avec porte et grandes fen\u00eatres claires. Auvent d\u2019avant fixe. La tente a un tapis de sol enti\u00e8rement cousu. La tente int\u00e9rieure consiste d\u2019un s\u00e9parateur et organisateur pratique dans la paroi avant et des poches en mesh \u00e0 l&#8217;int\u00e9rieur.<\/span><\/p>\n<p>Toit: PU polyester ripstop 210D &gt; 5000 mm<br \/>\nParois: polyester 185T, enduit pu &gt; 3000 mm<br \/>\nSol: 100% polyester \/ Oxford &gt; 5000 mm<br \/>\nPoteaux: aluminium \u00d8 13mm<br \/>\nPoids: 14,5 kg.<br \/>\nTaille de l&#8217;emballage: 80x25x25cm<\/p>\n","protected":false},"excerpt":{"rendered":"<p>L\u2019Alabama est l&#8217;un des mod\u00e8les les plus populaires de la collection et est d\u00e9sormais, en plus de la version BTC, \u00e9galement disponible dans une version&hellip;<\/p>\n","protected":false},"featured_media":10865,"comment_status":"open","ping_status":"closed","template":"","meta":{"_acf_changed":false},"product_brand":[],"product_cat":[275,278],"product_tag":[],"class_list":{"0":"post-10872","1":"product","2":"type-product","3":"status-publish","4":"has-post-thumbnail","6":"product_cat-tentes","7":"product_cat-tentes-polyester","9":"first","10":"instock","11":"shipping-taxable","12":"product-type-simple"},"acf":[],"yoast_head":"<!-- This site is optimized with the Yoast SEO plugin v27.4 - https:\/\/yoast.com\/product\/yoast-seo-wordpress\/ -->\n<title>Alabama Poly - Eurotrail | The way we camp!<\/title>\n<meta name=\"robots\" content=\"index, follow, max-snippet:-1, max-image-preview:large, max-video-preview:-1\" \/>\n<link rel=\"canonical\" href=\"https:\/\/eurotrail.info\/fr\/producten\/tentes\/tentes-polyester\/alabama-poly\/\" \/>\n<meta property=\"og:locale\" content=\"fr_FR\" \/>\n<meta property=\"og:type\" content=\"article\" \/>\n<meta property=\"og:title\" content=\"Alabama Poly - Eurotrail | The way we camp!\" \/>\n<meta property=\"og:description\" content=\"L\u2019Alabama est l&#8217;un des mod\u00e8les les plus populaires de la collection et est d\u00e9sormais, en plus de la version BTC, \u00e9galement disponible dans une version&hellip;\" \/>\n<meta property=\"og:url\" content=\"https:\/\/eurotrail.info\/fr\/producten\/tentes\/tentes-polyester\/alabama-poly\/\" \/>\n<meta property=\"og:site_name\" content=\"Eurotrail | The way we camp!\" \/>\n<meta property=\"article:modified_time\" content=\"2022-08-17T14:43:37+00:00\" \/>\n<meta property=\"og:image\" content=\"https:\/\/eurotrail.info\/wp\/wp-content\/uploads\/2020\/11\/ETTE0890-Alabama-Poly-Open-vrijst.-21.jpg\" \/>\n\t<meta property=\"og:image:width\" content=\"1772\" \/>\n\t<meta property=\"og:image:height\" content=\"981\" \/>\n\t<meta property=\"og:image:type\" content=\"image\/jpeg\" \/>\n<meta name=\"twitter:card\" content=\"summary_large_image\" \/>\n<meta name=\"twitter:label1\" content=\"Dur\u00e9e de lecture estim\u00e9e\" \/>\n\t<meta name=\"twitter:data1\" content=\"1 minute\" \/>\n<script type=\"application\/ld+json\" class=\"yoast-schema-graph\">{\"@context\":\"https:\\\/\\\/schema.org\",\"@graph\":[{\"@type\":\"WebPage\",\"@id\":\"https:\\\/\\\/eurotrail.info\\\/fr\\\/producten\\\/tentes\\\/tentes-polyester\\\/alabama-poly\\\/\",\"url\":\"https:\\\/\\\/eurotrail.info\\\/fr\\\/producten\\\/tentes\\\/tentes-polyester\\\/alabama-poly\\\/\",\"name\":\"Alabama Poly - Eurotrail | The way we camp!\",\"isPartOf\":{\"@id\":\"https:\\\/\\\/eurotrail.info\\\/#website\"},\"primaryImageOfPage\":{\"@id\":\"https:\\\/\\\/eurotrail.info\\\/fr\\\/producten\\\/tentes\\\/tentes-polyester\\\/alabama-poly\\\/#primaryimage\"},\"image\":{\"@id\":\"https:\\\/\\\/eurotrail.info\\\/fr\\\/producten\\\/tentes\\\/tentes-polyester\\\/alabama-poly\\\/#primaryimage\"},\"thumbnailUrl\":\"https:\\\/\\\/eurotrail.info\\\/wp\\\/wp-content\\\/uploads\\\/2020\\\/11\\\/ETTE0890-Alabama-Poly-Open-vrijst.-21.jpg\",\"datePublished\":\"2020-11-20T09:15:44+00:00\",\"dateModified\":\"2022-08-17T14:43:37+00:00\",\"breadcrumb\":{\"@id\":\"https:\\\/\\\/eurotrail.info\\\/fr\\\/producten\\\/tentes\\\/tentes-polyester\\\/alabama-poly\\\/#breadcrumb\"},\"inLanguage\":\"fr-FR\",\"potentialAction\":[{\"@type\":\"ReadAction\",\"target\":[\"https:\\\/\\\/eurotrail.info\\\/fr\\\/producten\\\/tentes\\\/tentes-polyester\\\/alabama-poly\\\/\"]}]},{\"@type\":\"ImageObject\",\"inLanguage\":\"fr-FR\",\"@id\":\"https:\\\/\\\/eurotrail.info\\\/fr\\\/producten\\\/tentes\\\/tentes-polyester\\\/alabama-poly\\\/#primaryimage\",\"url\":\"https:\\\/\\\/eurotrail.info\\\/wp\\\/wp-content\\\/uploads\\\/2020\\\/11\\\/ETTE0890-Alabama-Poly-Open-vrijst.-21.jpg\",\"contentUrl\":\"https:\\\/\\\/eurotrail.info\\\/wp\\\/wp-content\\\/uploads\\\/2020\\\/11\\\/ETTE0890-Alabama-Poly-Open-vrijst.-21.jpg\",\"width\":1772,\"height\":981,\"caption\":\"Eurotrail Alabama Poly\"},{\"@type\":\"BreadcrumbList\",\"@id\":\"https:\\\/\\\/eurotrail.info\\\/fr\\\/producten\\\/tentes\\\/tentes-polyester\\\/alabama-poly\\\/#breadcrumb\",\"itemListElement\":[{\"@type\":\"ListItem\",\"position\":1,\"name\":\"Home\",\"item\":\"https:\\\/\\\/eurotrail.info\\\/fr\\\/\"},{\"@type\":\"ListItem\",\"position\":2,\"name\":\"Produits\",\"item\":\"https:\\\/\\\/eurotrail.info\\\/fr\\\/produits\\\/\"},{\"@type\":\"ListItem\",\"position\":3,\"name\":\"Alabama Poly\"}]},{\"@type\":\"WebSite\",\"@id\":\"https:\\\/\\\/eurotrail.info\\\/#website\",\"url\":\"https:\\\/\\\/eurotrail.info\\\/\",\"name\":\"Eurotrail | The way we camp!\",\"description\":\"\",\"publisher\":{\"@id\":\"https:\\\/\\\/eurotrail.info\\\/#organization\"},\"potentialAction\":[{\"@type\":\"SearchAction\",\"target\":{\"@type\":\"EntryPoint\",\"urlTemplate\":\"https:\\\/\\\/eurotrail.info\\\/?s={search_term_string}\"},\"query-input\":{\"@type\":\"PropertyValueSpecification\",\"valueRequired\":true,\"valueName\":\"search_term_string\"}}],\"inLanguage\":\"fr-FR\"},{\"@type\":\"Organization\",\"@id\":\"https:\\\/\\\/eurotrail.info\\\/#organization\",\"name\":\"Eurotrail | The way we camp!\",\"url\":\"https:\\\/\\\/eurotrail.info\\\/\",\"logo\":{\"@type\":\"ImageObject\",\"inLanguage\":\"fr-FR\",\"@id\":\"https:\\\/\\\/eurotrail.info\\\/#\\\/schema\\\/logo\\\/image\\\/\",\"url\":\"https:\\\/\\\/eurotrail.info\\\/wp\\\/wp-content\\\/uploads\\\/2023\\\/07\\\/ET-logo-quote_NL-scaled.jpg\",\"contentUrl\":\"https:\\\/\\\/eurotrail.info\\\/wp\\\/wp-content\\\/uploads\\\/2023\\\/07\\\/ET-logo-quote_NL-scaled.jpg\",\"width\":2560,\"height\":675,\"caption\":\"Eurotrail | The way we camp!\"},\"image\":{\"@id\":\"https:\\\/\\\/eurotrail.info\\\/#\\\/schema\\\/logo\\\/image\\\/\"}}]}<\/script>\n<!-- \/ Yoast SEO plugin. -->","yoast_head_json":{"title":"Alabama Poly - Eurotrail | The way we camp!","robots":{"index":"index","follow":"follow","max-snippet":"max-snippet:-1","max-image-preview":"max-image-preview:large","max-video-preview":"max-video-preview:-1"},"canonical":"https:\/\/eurotrail.info\/fr\/producten\/tentes\/tentes-polyester\/alabama-poly\/","og_locale":"fr_FR","og_type":"article","og_title":"Alabama Poly - Eurotrail | The way we camp!","og_description":"L\u2019Alabama est l&#8217;un des mod\u00e8les les plus populaires de la collection et est d\u00e9sormais, en plus de la version BTC, \u00e9galement disponible dans une version&hellip;","og_url":"https:\/\/eurotrail.info\/fr\/producten\/tentes\/tentes-polyester\/alabama-poly\/","og_site_name":"Eurotrail | The way we camp!","article_modified_time":"2022-08-17T14:43:37+00:00","og_image":[{"width":1772,"height":981,"url":"https:\/\/eurotrail.info\/wp\/wp-content\/uploads\/2020\/11\/ETTE0890-Alabama-Poly-Open-vrijst.-21.jpg","type":"image\/jpeg"}],"twitter_card":"summary_large_image","twitter_misc":{"Dur\u00e9e de lecture estim\u00e9e":"1 minute"},"schema":{"@context":"https:\/\/schema.org","@graph":[{"@type":"WebPage","@id":"https:\/\/eurotrail.info\/fr\/producten\/tentes\/tentes-polyester\/alabama-poly\/","url":"https:\/\/eurotrail.info\/fr\/producten\/tentes\/tentes-polyester\/alabama-poly\/","name":"Alabama Poly - Eurotrail | The way we camp!","isPartOf":{"@id":"https:\/\/eurotrail.info\/#website"},"primaryImageOfPage":{"@id":"https:\/\/eurotrail.info\/fr\/producten\/tentes\/tentes-polyester\/alabama-poly\/#primaryimage"},"image":{"@id":"https:\/\/eurotrail.info\/fr\/producten\/tentes\/tentes-polyester\/alabama-poly\/#primaryimage"},"thumbnailUrl":"https:\/\/eurotrail.info\/wp\/wp-content\/uploads\/2020\/11\/ETTE0890-Alabama-Poly-Open-vrijst.-21.jpg","datePublished":"2020-11-20T09:15:44+00:00","dateModified":"2022-08-17T14:43:37+00:00","breadcrumb":{"@id":"https:\/\/eurotrail.info\/fr\/producten\/tentes\/tentes-polyester\/alabama-poly\/#breadcrumb"},"inLanguage":"fr-FR","potentialAction":[{"@type":"ReadAction","target":["https:\/\/eurotrail.info\/fr\/producten\/tentes\/tentes-polyester\/alabama-poly\/"]}]},{"@type":"ImageObject","inLanguage":"fr-FR","@id":"https:\/\/eurotrail.info\/fr\/producten\/tentes\/tentes-polyester\/alabama-poly\/#primaryimage","url":"https:\/\/eurotrail.info\/wp\/wp-content\/uploads\/2020\/11\/ETTE0890-Alabama-Poly-Open-vrijst.-21.jpg","contentUrl":"https:\/\/eurotrail.info\/wp\/wp-content\/uploads\/2020\/11\/ETTE0890-Alabama-Poly-Open-vrijst.-21.jpg","width":1772,"height":981,"caption":"Eurotrail Alabama Poly"},{"@type":"BreadcrumbList","@id":"https:\/\/eurotrail.info\/fr\/producten\/tentes\/tentes-polyester\/alabama-poly\/#breadcrumb","itemListElement":[{"@type":"ListItem","position":1,"name":"Home","item":"https:\/\/eurotrail.info\/fr\/"},{"@type":"ListItem","position":2,"name":"Produits","item":"https:\/\/eurotrail.info\/fr\/produits\/"},{"@type":"ListItem","position":3,"name":"Alabama Poly"}]},{"@type":"WebSite","@id":"https:\/\/eurotrail.info\/#website","url":"https:\/\/eurotrail.info\/","name":"Eurotrail | The way we camp!","description":"","publisher":{"@id":"https:\/\/eurotrail.info\/#organization"},"potentialAction":[{"@type":"SearchAction","target":{"@type":"EntryPoint","urlTemplate":"https:\/\/eurotrail.info\/?s={search_term_string}"},"query-input":{"@type":"PropertyValueSpecification","valueRequired":true,"valueName":"search_term_string"}}],"inLanguage":"fr-FR"},{"@type":"Organization","@id":"https:\/\/eurotrail.info\/#organization","name":"Eurotrail | The way we camp!","url":"https:\/\/eurotrail.info\/","logo":{"@type":"ImageObject","inLanguage":"fr-FR","@id":"https:\/\/eurotrail.info\/#\/schema\/logo\/image\/","url":"https:\/\/eurotrail.info\/wp\/wp-content\/uploads\/2023\/07\/ET-logo-quote_NL-scaled.jpg","contentUrl":"https:\/\/eurotrail.info\/wp\/wp-content\/uploads\/2023\/07\/ET-logo-quote_NL-scaled.jpg","width":2560,"height":675,"caption":"Eurotrail | The way we camp!"},"image":{"@id":"https:\/\/eurotrail.info\/#\/schema\/logo\/image\/"}}]}},"_links":{"self":[{"href":"https:\/\/eurotrail.info\/fr\/wp-json\/wp\/v2\/product\/10872","targetHints":{"allow":["GET"]}}],"collection":[{"href":"https:\/\/eurotrail.info\/fr\/wp-json\/wp\/v2\/product"}],"about":[{"href":"https:\/\/eurotrail.info\/fr\/wp-json\/wp\/v2\/types\/product"}],"replies":[{"embeddable":true,"href":"https:\/\/eurotrail.info\/fr\/wp-json\/wp\/v2\/comments?post=10872"}],"wp:featuredmedia":[{"embeddable":true,"href":"https:\/\/eurotrail.info\/fr\/wp-json\/wp\/v2\/media\/10865"}],"wp:attachment":[{"href":"https:\/\/eurotrail.info\/fr\/wp-json\/wp\/v2\/media?parent=10872"}],"wp:term":[{"taxonomy":"product_brand","embeddable":true,"href":"https:\/\/eurotrail.info\/fr\/wp-json\/wp\/v2\/product_brand?post=10872"},{"taxonomy":"product_cat","embeddable":true,"href":"https:\/\/eurotrail.info\/fr\/wp-json\/wp\/v2\/product_cat?post=10872"},{"taxonomy":"product_tag","embeddable":true,"href":"https:\/\/eurotrail.info\/fr\/wp-json\/wp\/v2\/product_tag?post=10872"}],"curies":[{"name":"wp","href":"https:\/\/api.w.org\/{rel}","templated":true}]}}