{"id":10874,"date":"2019-01-21T16:29:37","date_gmt":"2019-01-21T15:29:37","guid":{"rendered":"https:\/\/eurotrail.info\/producten\/rocky-2-3-4\/"},"modified":"2019-01-21T16:29:37","modified_gmt":"2019-01-21T15:29:37","slug":"rocky-2-3-4","status":"publish","type":"product","link":"https:\/\/eurotrail.info\/fr\/producten\/tentes\/tentes-polyester\/rocky-2-3-4\/","title":{"rendered":"Rocky 2\/3\/4"},"content":{"rendered":"<p>Tente d\u00f4me polyvalente avec sol fixe dans l&#8217;espace de vie. La construction en d\u00f4me offre une hauteur confortable dans toute la tente. Facile \u00e0 installer et l\u00e9ger. Cette tente est disponible en 3 tailles diff\u00e9rentes : 2, 3 ou 4 personnes.<br \/>\nLa tente Rocky est une tente polyvalente et est la solution parfaite pour les campeurs qui appr\u00e9cient la simplicit\u00e9 et la polyvalence d&#8217;une tente d\u00f4me et qui ont besoin de place pour les bagages ou pour offrir de la place a une personne suppl\u00e9mentaire. Surtout le Rocky 4, une tente adapt\u00e9e pour 3 \u00e0 4 personnes y compris leurs bagages. La cabine de couchage a des poches lat\u00e9rales pratiques et une porte en maille suppl\u00e9mentaire contre les moustiques. Petite taille avec un poids d\u2019emballage minimal.<\/p>\n<p>Disponible en vert olive \/ anthracite et cobalt \/ anthracite.<\/p>\n<p>Tissu ext\u00e9rieur : polyester 185T, colonne d&#8217;eau 2000 mm, coutures \u00e9tanches.<br \/>\nTente int\u00e9rieure : polyester respirant, r\u00e9sistant au feu, avec tapis de sol en PE.<br \/>\nTapis de sol : Tapis de sol fixe dans la partie d\u2019habitation<br \/>\nPoteaux : fibre de verre \u00d8 8,5 mm<\/p>\n<p>Rocky 2<br \/>\nDimensions : 160 x 210 + 90 x 120 cm<br \/>\nDimensions de l&#8217;emballage : 58 x \u00d8 18 cm<br \/>\nPoids : 3,6 kg<\/p>\n<p>Rocky 3<br \/>\nDimensions : 210 x 210 + 90 x 130 cm<br \/>\nDimensions de l&#8217;emballage : 58 x \u00d8 18 cm<br \/>\nPoids : 4,1 kg<\/p>\n<p>Rocky 4<br \/>\nDimensions : 240 x 210 + 120 x 130 cm<br \/>\nDimensions de l&#8217;emballage : 60 x \u00d8 20 cm<br \/>\nPoids : 5,8 kg<\/p>\n","protected":false},"excerpt":{"rendered":"<p>Tente d\u00f4me polyvalente avec sol fixe dans l&#8217;espace de vie. La construction en d\u00f4me offre une hauteur confortable dans toute la tente. Facile \u00e0 installer&hellip;<\/p>\n","protected":false},"featured_media":10880,"comment_status":"open","ping_status":"closed","template":"","meta":{"_acf_changed":false},"product_brand":[],"product_cat":[275,278],"product_tag":[],"class_list":{"0":"post-10874","1":"product","2":"type-product","3":"status-publish","4":"has-post-thumbnail","6":"product_cat-tentes","7":"product_cat-tentes-polyester","9":"first","10":"instock","11":"shipping-taxable","12":"product-type-simple"},"acf":[],"yoast_head":"<!-- This site is optimized with the Yoast SEO plugin v27.4 - https:\/\/yoast.com\/product\/yoast-seo-wordpress\/ -->\n<title>Rocky 2\/3\/4 - Eurotrail | The way we camp!<\/title>\n<meta name=\"robots\" content=\"index, follow, max-snippet:-1, max-image-preview:large, max-video-preview:-1\" \/>\n<link rel=\"canonical\" href=\"https:\/\/eurotrail.info\/fr\/producten\/tentes\/tentes-polyester\/rocky-2-3-4\/\" \/>\n<meta property=\"og:locale\" content=\"fr_FR\" \/>\n<meta property=\"og:type\" content=\"article\" \/>\n<meta property=\"og:title\" content=\"Rocky 2\/3\/4 - Eurotrail | The way we camp!\" \/>\n<meta property=\"og:description\" content=\"Tente d\u00f4me polyvalente avec sol fixe dans l&#8217;espace de vie. La construction en d\u00f4me offre une hauteur confortable dans toute la tente. Facile \u00e0 installer&hellip;\" \/>\n<meta property=\"og:url\" content=\"https:\/\/eurotrail.info\/fr\/producten\/tentes\/tentes-polyester\/rocky-2-3-4\/\" \/>\n<meta property=\"og:site_name\" content=\"Eurotrail | The way we camp!\" \/>\n<meta property=\"og:image\" content=\"https:\/\/eurotrail.info\/wp\/wp-content\/uploads\/2019\/01\/ETTE0806-Rocky-3-Blue-Closed-19.jpg\" \/>\n\t<meta property=\"og:image:width\" content=\"2126\" \/>\n\t<meta property=\"og:image:height\" content=\"1067\" \/>\n\t<meta property=\"og:image:type\" content=\"image\/jpeg\" \/>\n<meta name=\"twitter:card\" content=\"summary_large_image\" \/>\n<meta name=\"twitter:label1\" content=\"Dur\u00e9e de lecture estim\u00e9e\" \/>\n\t<meta name=\"twitter:data1\" content=\"1 minute\" \/>\n<script type=\"application\/ld+json\" class=\"yoast-schema-graph\">{\"@context\":\"https:\\\/\\\/schema.org\",\"@graph\":[{\"@type\":\"WebPage\",\"@id\":\"https:\\\/\\\/eurotrail.info\\\/fr\\\/producten\\\/tentes\\\/tentes-polyester\\\/rocky-2-3-4\\\/\",\"url\":\"https:\\\/\\\/eurotrail.info\\\/fr\\\/producten\\\/tentes\\\/tentes-polyester\\\/rocky-2-3-4\\\/\",\"name\":\"Rocky 2\\\/3\\\/4 - Eurotrail | The way we camp!\",\"isPartOf\":{\"@id\":\"https:\\\/\\\/eurotrail.info\\\/#website\"},\"primaryImageOfPage\":{\"@id\":\"https:\\\/\\\/eurotrail.info\\\/fr\\\/producten\\\/tentes\\\/tentes-polyester\\\/rocky-2-3-4\\\/#primaryimage\"},\"image\":{\"@id\":\"https:\\\/\\\/eurotrail.info\\\/fr\\\/producten\\\/tentes\\\/tentes-polyester\\\/rocky-2-3-4\\\/#primaryimage\"},\"thumbnailUrl\":\"https:\\\/\\\/eurotrail.info\\\/wp\\\/wp-content\\\/uploads\\\/2019\\\/01\\\/ETTE0806-Rocky-3-Blue-Closed-19.jpg\",\"datePublished\":\"2019-01-21T15:29:37+00:00\",\"breadcrumb\":{\"@id\":\"https:\\\/\\\/eurotrail.info\\\/fr\\\/producten\\\/tentes\\\/tentes-polyester\\\/rocky-2-3-4\\\/#breadcrumb\"},\"inLanguage\":\"fr-FR\",\"potentialAction\":[{\"@type\":\"ReadAction\",\"target\":[\"https:\\\/\\\/eurotrail.info\\\/fr\\\/producten\\\/tentes\\\/tentes-polyester\\\/rocky-2-3-4\\\/\"]}]},{\"@type\":\"ImageObject\",\"inLanguage\":\"fr-FR\",\"@id\":\"https:\\\/\\\/eurotrail.info\\\/fr\\\/producten\\\/tentes\\\/tentes-polyester\\\/rocky-2-3-4\\\/#primaryimage\",\"url\":\"https:\\\/\\\/eurotrail.info\\\/wp\\\/wp-content\\\/uploads\\\/2019\\\/01\\\/ETTE0806-Rocky-3-Blue-Closed-19.jpg\",\"contentUrl\":\"https:\\\/\\\/eurotrail.info\\\/wp\\\/wp-content\\\/uploads\\\/2019\\\/01\\\/ETTE0806-Rocky-3-Blue-Closed-19.jpg\",\"width\":2126,\"height\":1067},{\"@type\":\"BreadcrumbList\",\"@id\":\"https:\\\/\\\/eurotrail.info\\\/fr\\\/producten\\\/tentes\\\/tentes-polyester\\\/rocky-2-3-4\\\/#breadcrumb\",\"itemListElement\":[{\"@type\":\"ListItem\",\"position\":1,\"name\":\"Home\",\"item\":\"https:\\\/\\\/eurotrail.info\\\/fr\\\/\"},{\"@type\":\"ListItem\",\"position\":2,\"name\":\"Produits\",\"item\":\"https:\\\/\\\/eurotrail.info\\\/fr\\\/produits\\\/\"},{\"@type\":\"ListItem\",\"position\":3,\"name\":\"Rocky 2\\\/3\\\/4\"}]},{\"@type\":\"WebSite\",\"@id\":\"https:\\\/\\\/eurotrail.info\\\/#website\",\"url\":\"https:\\\/\\\/eurotrail.info\\\/\",\"name\":\"Eurotrail | The way we camp!\",\"description\":\"\",\"publisher\":{\"@id\":\"https:\\\/\\\/eurotrail.info\\\/#organization\"},\"potentialAction\":[{\"@type\":\"SearchAction\",\"target\":{\"@type\":\"EntryPoint\",\"urlTemplate\":\"https:\\\/\\\/eurotrail.info\\\/?s={search_term_string}\"},\"query-input\":{\"@type\":\"PropertyValueSpecification\",\"valueRequired\":true,\"valueName\":\"search_term_string\"}}],\"inLanguage\":\"fr-FR\"},{\"@type\":\"Organization\",\"@id\":\"https:\\\/\\\/eurotrail.info\\\/#organization\",\"name\":\"Eurotrail | The way we camp!\",\"url\":\"https:\\\/\\\/eurotrail.info\\\/\",\"logo\":{\"@type\":\"ImageObject\",\"inLanguage\":\"fr-FR\",\"@id\":\"https:\\\/\\\/eurotrail.info\\\/#\\\/schema\\\/logo\\\/image\\\/\",\"url\":\"https:\\\/\\\/eurotrail.info\\\/wp\\\/wp-content\\\/uploads\\\/2023\\\/07\\\/ET-logo-quote_NL-scaled.jpg\",\"contentUrl\":\"https:\\\/\\\/eurotrail.info\\\/wp\\\/wp-content\\\/uploads\\\/2023\\\/07\\\/ET-logo-quote_NL-scaled.jpg\",\"width\":2560,\"height\":675,\"caption\":\"Eurotrail | The way we camp!\"},\"image\":{\"@id\":\"https:\\\/\\\/eurotrail.info\\\/#\\\/schema\\\/logo\\\/image\\\/\"}}]}<\/script>\n<!-- \/ Yoast SEO plugin. -->","yoast_head_json":{"title":"Rocky 2\/3\/4 - Eurotrail | The way we camp!","robots":{"index":"index","follow":"follow","max-snippet":"max-snippet:-1","max-image-preview":"max-image-preview:large","max-video-preview":"max-video-preview:-1"},"canonical":"https:\/\/eurotrail.info\/fr\/producten\/tentes\/tentes-polyester\/rocky-2-3-4\/","og_locale":"fr_FR","og_type":"article","og_title":"Rocky 2\/3\/4 - Eurotrail | The way we camp!","og_description":"Tente d\u00f4me polyvalente avec sol fixe dans l&#8217;espace de vie. La construction en d\u00f4me offre une hauteur confortable dans toute la tente. Facile \u00e0 installer&hellip;","og_url":"https:\/\/eurotrail.info\/fr\/producten\/tentes\/tentes-polyester\/rocky-2-3-4\/","og_site_name":"Eurotrail | The way we camp!","og_image":[{"width":2126,"height":1067,"url":"https:\/\/eurotrail.info\/wp\/wp-content\/uploads\/2019\/01\/ETTE0806-Rocky-3-Blue-Closed-19.jpg","type":"image\/jpeg"}],"twitter_card":"summary_large_image","twitter_misc":{"Dur\u00e9e de lecture estim\u00e9e":"1 minute"},"schema":{"@context":"https:\/\/schema.org","@graph":[{"@type":"WebPage","@id":"https:\/\/eurotrail.info\/fr\/producten\/tentes\/tentes-polyester\/rocky-2-3-4\/","url":"https:\/\/eurotrail.info\/fr\/producten\/tentes\/tentes-polyester\/rocky-2-3-4\/","name":"Rocky 2\/3\/4 - Eurotrail | The way we camp!","isPartOf":{"@id":"https:\/\/eurotrail.info\/#website"},"primaryImageOfPage":{"@id":"https:\/\/eurotrail.info\/fr\/producten\/tentes\/tentes-polyester\/rocky-2-3-4\/#primaryimage"},"image":{"@id":"https:\/\/eurotrail.info\/fr\/producten\/tentes\/tentes-polyester\/rocky-2-3-4\/#primaryimage"},"thumbnailUrl":"https:\/\/eurotrail.info\/wp\/wp-content\/uploads\/2019\/01\/ETTE0806-Rocky-3-Blue-Closed-19.jpg","datePublished":"2019-01-21T15:29:37+00:00","breadcrumb":{"@id":"https:\/\/eurotrail.info\/fr\/producten\/tentes\/tentes-polyester\/rocky-2-3-4\/#breadcrumb"},"inLanguage":"fr-FR","potentialAction":[{"@type":"ReadAction","target":["https:\/\/eurotrail.info\/fr\/producten\/tentes\/tentes-polyester\/rocky-2-3-4\/"]}]},{"@type":"ImageObject","inLanguage":"fr-FR","@id":"https:\/\/eurotrail.info\/fr\/producten\/tentes\/tentes-polyester\/rocky-2-3-4\/#primaryimage","url":"https:\/\/eurotrail.info\/wp\/wp-content\/uploads\/2019\/01\/ETTE0806-Rocky-3-Blue-Closed-19.jpg","contentUrl":"https:\/\/eurotrail.info\/wp\/wp-content\/uploads\/2019\/01\/ETTE0806-Rocky-3-Blue-Closed-19.jpg","width":2126,"height":1067},{"@type":"BreadcrumbList","@id":"https:\/\/eurotrail.info\/fr\/producten\/tentes\/tentes-polyester\/rocky-2-3-4\/#breadcrumb","itemListElement":[{"@type":"ListItem","position":1,"name":"Home","item":"https:\/\/eurotrail.info\/fr\/"},{"@type":"ListItem","position":2,"name":"Produits","item":"https:\/\/eurotrail.info\/fr\/produits\/"},{"@type":"ListItem","position":3,"name":"Rocky 2\/3\/4"}]},{"@type":"WebSite","@id":"https:\/\/eurotrail.info\/#website","url":"https:\/\/eurotrail.info\/","name":"Eurotrail | The way we camp!","description":"","publisher":{"@id":"https:\/\/eurotrail.info\/#organization"},"potentialAction":[{"@type":"SearchAction","target":{"@type":"EntryPoint","urlTemplate":"https:\/\/eurotrail.info\/?s={search_term_string}"},"query-input":{"@type":"PropertyValueSpecification","valueRequired":true,"valueName":"search_term_string"}}],"inLanguage":"fr-FR"},{"@type":"Organization","@id":"https:\/\/eurotrail.info\/#organization","name":"Eurotrail | The way we camp!","url":"https:\/\/eurotrail.info\/","logo":{"@type":"ImageObject","inLanguage":"fr-FR","@id":"https:\/\/eurotrail.info\/#\/schema\/logo\/image\/","url":"https:\/\/eurotrail.info\/wp\/wp-content\/uploads\/2023\/07\/ET-logo-quote_NL-scaled.jpg","contentUrl":"https:\/\/eurotrail.info\/wp\/wp-content\/uploads\/2023\/07\/ET-logo-quote_NL-scaled.jpg","width":2560,"height":675,"caption":"Eurotrail | The way we camp!"},"image":{"@id":"https:\/\/eurotrail.info\/#\/schema\/logo\/image\/"}}]}},"_links":{"self":[{"href":"https:\/\/eurotrail.info\/fr\/wp-json\/wp\/v2\/product\/10874","targetHints":{"allow":["GET"]}}],"collection":[{"href":"https:\/\/eurotrail.info\/fr\/wp-json\/wp\/v2\/product"}],"about":[{"href":"https:\/\/eurotrail.info\/fr\/wp-json\/wp\/v2\/types\/product"}],"replies":[{"embeddable":true,"href":"https:\/\/eurotrail.info\/fr\/wp-json\/wp\/v2\/comments?post=10874"}],"wp:featuredmedia":[{"embeddable":true,"href":"https:\/\/eurotrail.info\/fr\/wp-json\/wp\/v2\/media\/10880"}],"wp:attachment":[{"href":"https:\/\/eurotrail.info\/fr\/wp-json\/wp\/v2\/media?parent=10874"}],"wp:term":[{"taxonomy":"product_brand","embeddable":true,"href":"https:\/\/eurotrail.info\/fr\/wp-json\/wp\/v2\/product_brand?post=10874"},{"taxonomy":"product_cat","embeddable":true,"href":"https:\/\/eurotrail.info\/fr\/wp-json\/wp\/v2\/product_cat?post=10874"},{"taxonomy":"product_tag","embeddable":true,"href":"https:\/\/eurotrail.info\/fr\/wp-json\/wp\/v2\/product_tag?post=10874"}],"curies":[{"name":"wp","href":"https:\/\/api.w.org\/{rel}","templated":true}]}}