{"id":10906,"date":"2016-03-18T13:20:28","date_gmt":"2016-03-18T12:20:28","guid":{"rendered":"https:\/\/eurotrail.info\/producten\/abri-velo-caravane\/"},"modified":"2016-03-18T13:20:28","modified_gmt":"2016-03-18T12:20:28","slug":"abri-velo-caravane","status":"publish","type":"product","link":"https:\/\/eurotrail.info\/fr\/producten\/tentes\/tentes-de-bagages\/abri-velo-caravane\/","title":{"rendered":"Abri v\u00e9lo &#8211; caravane"},"content":{"rendered":"<p>Abri sp\u00e9cial avec attache bourrelet pour l&#8217;arri\u00e8re de votre caravane. L&#8217;endroit id\u00e9al pour garder vos meubles tels que chaises et tables, mais aussi parfait pour votre v\u00e9lo ou votre voiture, hors de vue et prot\u00e8ge contre la pluie et de la salet\u00e9. Disponible dans la couleur Gris. Bourrelet \u00d8 6,5 mm x 200 cm.<\/p>\n<p>Dimensions : 150 x 190 x 182\/206 cm<br \/>\nDimensions de l&#8217;emballage : 51 x 11 x 6 cm<br \/>\nMat\u00e9riau : 100% polyester<br \/>\nPoids : 489 gr<\/p>\n","protected":false},"excerpt":{"rendered":"<p>Abri sp\u00e9cial avec attache bourrelet pour l&#8217;arri\u00e8re de votre caravane. L&#8217;endroit id\u00e9al pour garder vos meubles tels que chaises et tables, mais aussi parfait pour&hellip;<\/p>\n","protected":false},"featured_media":10908,"comment_status":"open","ping_status":"closed","template":"","meta":{"_acf_changed":false},"product_brand":[],"product_cat":[242,240,279],"product_tag":[],"class_list":{"0":"post-10906","1":"product","2":"type-product","3":"status-publish","4":"has-post-thumbnail","6":"product_cat-accessoires-caravane","7":"product_cat-auvents-de-caravane","8":"product_cat-tentes-de-bagages","10":"first","11":"instock","12":"shipping-taxable","13":"product-type-simple"},"acf":[],"yoast_head":"<!-- This site is optimized with the Yoast SEO plugin v27.4 - https:\/\/yoast.com\/product\/yoast-seo-wordpress\/ -->\n<title>Abri v\u00e9lo - caravane - Eurotrail | The way we camp!<\/title>\n<meta name=\"robots\" content=\"index, follow, max-snippet:-1, max-image-preview:large, max-video-preview:-1\" \/>\n<link rel=\"canonical\" href=\"https:\/\/eurotrail.info\/fr\/producten\/tentes\/tentes-de-bagages\/abri-velo-caravane\/\" \/>\n<meta property=\"og:locale\" content=\"fr_FR\" \/>\n<meta property=\"og:type\" content=\"article\" \/>\n<meta property=\"og:title\" content=\"Abri v\u00e9lo - caravane - Eurotrail | The way we camp!\" \/>\n<meta property=\"og:description\" content=\"Abri sp\u00e9cial avec attache bourrelet pour l&#8217;arri\u00e8re de votre caravane. L&#8217;endroit id\u00e9al pour garder vos meubles tels que chaises et tables, mais aussi parfait pour&hellip;\" \/>\n<meta property=\"og:url\" content=\"https:\/\/eurotrail.info\/fr\/producten\/tentes\/tentes-de-bagages\/abri-velo-caravane\/\" \/>\n<meta property=\"og:site_name\" content=\"Eurotrail | The way we camp!\" \/>\n<meta property=\"og:image\" content=\"https:\/\/eurotrail.info\/wp\/wp-content\/uploads\/2016\/03\/Eurotrail-Caravan-Shelter-ETCT0099-2-683x1024.jpg\" \/>\n\t<meta property=\"og:image:width\" content=\"683\" \/>\n\t<meta property=\"og:image:height\" content=\"1024\" \/>\n\t<meta property=\"og:image:type\" content=\"image\/jpeg\" \/>\n<meta name=\"twitter:card\" content=\"summary_large_image\" \/>\n<script type=\"application\/ld+json\" class=\"yoast-schema-graph\">{\"@context\":\"https:\\\/\\\/schema.org\",\"@graph\":[{\"@type\":\"WebPage\",\"@id\":\"https:\\\/\\\/eurotrail.info\\\/fr\\\/producten\\\/tentes\\\/tentes-de-bagages\\\/abri-velo-caravane\\\/\",\"url\":\"https:\\\/\\\/eurotrail.info\\\/fr\\\/producten\\\/tentes\\\/tentes-de-bagages\\\/abri-velo-caravane\\\/\",\"name\":\"Abri v\u00e9lo - caravane - Eurotrail | The way we camp!\",\"isPartOf\":{\"@id\":\"https:\\\/\\\/eurotrail.info\\\/#website\"},\"primaryImageOfPage\":{\"@id\":\"https:\\\/\\\/eurotrail.info\\\/fr\\\/producten\\\/tentes\\\/tentes-de-bagages\\\/abri-velo-caravane\\\/#primaryimage\"},\"image\":{\"@id\":\"https:\\\/\\\/eurotrail.info\\\/fr\\\/producten\\\/tentes\\\/tentes-de-bagages\\\/abri-velo-caravane\\\/#primaryimage\"},\"thumbnailUrl\":\"https:\\\/\\\/eurotrail.info\\\/wp\\\/wp-content\\\/uploads\\\/2016\\\/03\\\/Eurotrail-Caravan-Shelter-ETCT0099-2.jpg\",\"datePublished\":\"2016-03-18T12:20:28+00:00\",\"breadcrumb\":{\"@id\":\"https:\\\/\\\/eurotrail.info\\\/fr\\\/producten\\\/tentes\\\/tentes-de-bagages\\\/abri-velo-caravane\\\/#breadcrumb\"},\"inLanguage\":\"fr-FR\",\"potentialAction\":[{\"@type\":\"ReadAction\",\"target\":[\"https:\\\/\\\/eurotrail.info\\\/fr\\\/producten\\\/tentes\\\/tentes-de-bagages\\\/abri-velo-caravane\\\/\"]}]},{\"@type\":\"ImageObject\",\"inLanguage\":\"fr-FR\",\"@id\":\"https:\\\/\\\/eurotrail.info\\\/fr\\\/producten\\\/tentes\\\/tentes-de-bagages\\\/abri-velo-caravane\\\/#primaryimage\",\"url\":\"https:\\\/\\\/eurotrail.info\\\/wp\\\/wp-content\\\/uploads\\\/2016\\\/03\\\/Eurotrail-Caravan-Shelter-ETCT0099-2.jpg\",\"contentUrl\":\"https:\\\/\\\/eurotrail.info\\\/wp\\\/wp-content\\\/uploads\\\/2016\\\/03\\\/Eurotrail-Caravan-Shelter-ETCT0099-2.jpg\",\"width\":1417,\"height\":2126},{\"@type\":\"BreadcrumbList\",\"@id\":\"https:\\\/\\\/eurotrail.info\\\/fr\\\/producten\\\/tentes\\\/tentes-de-bagages\\\/abri-velo-caravane\\\/#breadcrumb\",\"itemListElement\":[{\"@type\":\"ListItem\",\"position\":1,\"name\":\"Home\",\"item\":\"https:\\\/\\\/eurotrail.info\\\/fr\\\/\"},{\"@type\":\"ListItem\",\"position\":2,\"name\":\"Produits\",\"item\":\"https:\\\/\\\/eurotrail.info\\\/fr\\\/produits\\\/\"},{\"@type\":\"ListItem\",\"position\":3,\"name\":\"Abri v\u00e9lo &#8211; caravane\"}]},{\"@type\":\"WebSite\",\"@id\":\"https:\\\/\\\/eurotrail.info\\\/#website\",\"url\":\"https:\\\/\\\/eurotrail.info\\\/\",\"name\":\"Eurotrail | The way we camp!\",\"description\":\"\",\"publisher\":{\"@id\":\"https:\\\/\\\/eurotrail.info\\\/#organization\"},\"potentialAction\":[{\"@type\":\"SearchAction\",\"target\":{\"@type\":\"EntryPoint\",\"urlTemplate\":\"https:\\\/\\\/eurotrail.info\\\/?s={search_term_string}\"},\"query-input\":{\"@type\":\"PropertyValueSpecification\",\"valueRequired\":true,\"valueName\":\"search_term_string\"}}],\"inLanguage\":\"fr-FR\"},{\"@type\":\"Organization\",\"@id\":\"https:\\\/\\\/eurotrail.info\\\/#organization\",\"name\":\"Eurotrail | The way we camp!\",\"url\":\"https:\\\/\\\/eurotrail.info\\\/\",\"logo\":{\"@type\":\"ImageObject\",\"inLanguage\":\"fr-FR\",\"@id\":\"https:\\\/\\\/eurotrail.info\\\/#\\\/schema\\\/logo\\\/image\\\/\",\"url\":\"https:\\\/\\\/eurotrail.info\\\/wp\\\/wp-content\\\/uploads\\\/2023\\\/07\\\/ET-logo-quote_NL-scaled.jpg\",\"contentUrl\":\"https:\\\/\\\/eurotrail.info\\\/wp\\\/wp-content\\\/uploads\\\/2023\\\/07\\\/ET-logo-quote_NL-scaled.jpg\",\"width\":2560,\"height\":675,\"caption\":\"Eurotrail | The way we camp!\"},\"image\":{\"@id\":\"https:\\\/\\\/eurotrail.info\\\/#\\\/schema\\\/logo\\\/image\\\/\"}}]}<\/script>\n<!-- \/ Yoast SEO plugin. -->","yoast_head_json":{"title":"Abri v\u00e9lo - caravane - Eurotrail | The way we camp!","robots":{"index":"index","follow":"follow","max-snippet":"max-snippet:-1","max-image-preview":"max-image-preview:large","max-video-preview":"max-video-preview:-1"},"canonical":"https:\/\/eurotrail.info\/fr\/producten\/tentes\/tentes-de-bagages\/abri-velo-caravane\/","og_locale":"fr_FR","og_type":"article","og_title":"Abri v\u00e9lo - caravane - Eurotrail | The way we camp!","og_description":"Abri sp\u00e9cial avec attache bourrelet pour l&#8217;arri\u00e8re de votre caravane. L&#8217;endroit id\u00e9al pour garder vos meubles tels que chaises et tables, mais aussi parfait pour&hellip;","og_url":"https:\/\/eurotrail.info\/fr\/producten\/tentes\/tentes-de-bagages\/abri-velo-caravane\/","og_site_name":"Eurotrail | The way we camp!","og_image":[{"width":683,"height":1024,"url":"https:\/\/eurotrail.info\/wp\/wp-content\/uploads\/2016\/03\/Eurotrail-Caravan-Shelter-ETCT0099-2-683x1024.jpg","type":"image\/jpeg"}],"twitter_card":"summary_large_image","schema":{"@context":"https:\/\/schema.org","@graph":[{"@type":"WebPage","@id":"https:\/\/eurotrail.info\/fr\/producten\/tentes\/tentes-de-bagages\/abri-velo-caravane\/","url":"https:\/\/eurotrail.info\/fr\/producten\/tentes\/tentes-de-bagages\/abri-velo-caravane\/","name":"Abri v\u00e9lo - caravane - Eurotrail | The way we camp!","isPartOf":{"@id":"https:\/\/eurotrail.info\/#website"},"primaryImageOfPage":{"@id":"https:\/\/eurotrail.info\/fr\/producten\/tentes\/tentes-de-bagages\/abri-velo-caravane\/#primaryimage"},"image":{"@id":"https:\/\/eurotrail.info\/fr\/producten\/tentes\/tentes-de-bagages\/abri-velo-caravane\/#primaryimage"},"thumbnailUrl":"https:\/\/eurotrail.info\/wp\/wp-content\/uploads\/2016\/03\/Eurotrail-Caravan-Shelter-ETCT0099-2.jpg","datePublished":"2016-03-18T12:20:28+00:00","breadcrumb":{"@id":"https:\/\/eurotrail.info\/fr\/producten\/tentes\/tentes-de-bagages\/abri-velo-caravane\/#breadcrumb"},"inLanguage":"fr-FR","potentialAction":[{"@type":"ReadAction","target":["https:\/\/eurotrail.info\/fr\/producten\/tentes\/tentes-de-bagages\/abri-velo-caravane\/"]}]},{"@type":"ImageObject","inLanguage":"fr-FR","@id":"https:\/\/eurotrail.info\/fr\/producten\/tentes\/tentes-de-bagages\/abri-velo-caravane\/#primaryimage","url":"https:\/\/eurotrail.info\/wp\/wp-content\/uploads\/2016\/03\/Eurotrail-Caravan-Shelter-ETCT0099-2.jpg","contentUrl":"https:\/\/eurotrail.info\/wp\/wp-content\/uploads\/2016\/03\/Eurotrail-Caravan-Shelter-ETCT0099-2.jpg","width":1417,"height":2126},{"@type":"BreadcrumbList","@id":"https:\/\/eurotrail.info\/fr\/producten\/tentes\/tentes-de-bagages\/abri-velo-caravane\/#breadcrumb","itemListElement":[{"@type":"ListItem","position":1,"name":"Home","item":"https:\/\/eurotrail.info\/fr\/"},{"@type":"ListItem","position":2,"name":"Produits","item":"https:\/\/eurotrail.info\/fr\/produits\/"},{"@type":"ListItem","position":3,"name":"Abri v\u00e9lo &#8211; caravane"}]},{"@type":"WebSite","@id":"https:\/\/eurotrail.info\/#website","url":"https:\/\/eurotrail.info\/","name":"Eurotrail | The way we camp!","description":"","publisher":{"@id":"https:\/\/eurotrail.info\/#organization"},"potentialAction":[{"@type":"SearchAction","target":{"@type":"EntryPoint","urlTemplate":"https:\/\/eurotrail.info\/?s={search_term_string}"},"query-input":{"@type":"PropertyValueSpecification","valueRequired":true,"valueName":"search_term_string"}}],"inLanguage":"fr-FR"},{"@type":"Organization","@id":"https:\/\/eurotrail.info\/#organization","name":"Eurotrail | The way we camp!","url":"https:\/\/eurotrail.info\/","logo":{"@type":"ImageObject","inLanguage":"fr-FR","@id":"https:\/\/eurotrail.info\/#\/schema\/logo\/image\/","url":"https:\/\/eurotrail.info\/wp\/wp-content\/uploads\/2023\/07\/ET-logo-quote_NL-scaled.jpg","contentUrl":"https:\/\/eurotrail.info\/wp\/wp-content\/uploads\/2023\/07\/ET-logo-quote_NL-scaled.jpg","width":2560,"height":675,"caption":"Eurotrail | The way we camp!"},"image":{"@id":"https:\/\/eurotrail.info\/#\/schema\/logo\/image\/"}}]}},"_links":{"self":[{"href":"https:\/\/eurotrail.info\/fr\/wp-json\/wp\/v2\/product\/10906","targetHints":{"allow":["GET"]}}],"collection":[{"href":"https:\/\/eurotrail.info\/fr\/wp-json\/wp\/v2\/product"}],"about":[{"href":"https:\/\/eurotrail.info\/fr\/wp-json\/wp\/v2\/types\/product"}],"replies":[{"embeddable":true,"href":"https:\/\/eurotrail.info\/fr\/wp-json\/wp\/v2\/comments?post=10906"}],"wp:featuredmedia":[{"embeddable":true,"href":"https:\/\/eurotrail.info\/fr\/wp-json\/wp\/v2\/media\/10908"}],"wp:attachment":[{"href":"https:\/\/eurotrail.info\/fr\/wp-json\/wp\/v2\/media?parent=10906"}],"wp:term":[{"taxonomy":"product_brand","embeddable":true,"href":"https:\/\/eurotrail.info\/fr\/wp-json\/wp\/v2\/product_brand?post=10906"},{"taxonomy":"product_cat","embeddable":true,"href":"https:\/\/eurotrail.info\/fr\/wp-json\/wp\/v2\/product_cat?post=10906"},{"taxonomy":"product_tag","embeddable":true,"href":"https:\/\/eurotrail.info\/fr\/wp-json\/wp\/v2\/product_tag?post=10906"}],"curies":[{"name":"wp","href":"https:\/\/api.w.org\/{rel}","templated":true}]}}