{"id":10909,"date":"2016-03-17T17:15:12","date_gmt":"2016-03-17T16:15:12","guid":{"rendered":"https:\/\/eurotrail.info\/producten\/cavern-1-tente-de-rangement\/"},"modified":"2016-03-17T17:15:12","modified_gmt":"2016-03-17T16:15:12","slug":"cavern-1-tente-de-rangement","status":"publish","type":"product","link":"https:\/\/eurotrail.info\/fr\/producten\/tentes\/tentes-de-bagages\/cavern-1-tente-de-rangement\/","title":{"rendered":"Cavern 1 &#8211; Tente de rangement"},"content":{"rendered":"<p>Tente de rangement avec sol fixe en PVC durable.<br \/>\nLe Carvern est \u00e9quip\u00e9 d\u2019une solide structure en acier \u00d8 22 mm, tr\u00e8s stable et durable. Espace de rangement spacieux id\u00e9al pour tout le mat\u00e9riel de camping, grandes fen\u00eatres de ventilation, facile \u00e0 installer.<\/p>\n<p>Dimensions : 240 x 130 x 160\/188 cm<br \/>\nDimensions de l&#8217;emballage : 110 x 5 + 130 x 35 cm<br \/>\nTissu ext\u00e9rieur : 100% polyester \/ PVC<br \/>\nTapis de sol : mat\u00e9riau PE, couverture de cockpit fixe<br \/>\nStructure : acier \u00d8 22 mm<br \/>\nPoids : 20 kg<\/p>\n","protected":false},"excerpt":{"rendered":"<p>Tente de rangement avec sol fixe en PVC durable. Le Carvern est \u00e9quip\u00e9 d\u2019une solide structure en acier \u00d8 22 mm, tr\u00e8s stable et durable.&hellip;<\/p>\n","protected":false},"featured_media":10912,"comment_status":"open","ping_status":"closed","template":"","meta":{"_acf_changed":false},"product_brand":[],"product_cat":[279],"product_tag":[],"class_list":{"0":"post-10909","1":"product","2":"type-product","3":"status-publish","4":"has-post-thumbnail","6":"product_cat-tentes-de-bagages","8":"first","9":"instock","10":"shipping-taxable","11":"product-type-simple"},"acf":[],"yoast_head":"<!-- This site is optimized with the Yoast SEO plugin v27.4 - https:\/\/yoast.com\/product\/yoast-seo-wordpress\/ -->\n<title>Cavern 1 - Tente de rangement - Eurotrail | The way we camp!<\/title>\n<meta name=\"robots\" content=\"index, follow, max-snippet:-1, max-image-preview:large, max-video-preview:-1\" \/>\n<link rel=\"canonical\" href=\"https:\/\/eurotrail.info\/fr\/producten\/tentes\/tentes-de-bagages\/cavern-1-tente-de-rangement\/\" \/>\n<meta property=\"og:locale\" content=\"fr_FR\" \/>\n<meta property=\"og:type\" content=\"article\" \/>\n<meta property=\"og:title\" content=\"Cavern 1 - Tente de rangement - Eurotrail | The way we camp!\" \/>\n<meta property=\"og:description\" content=\"Tente de rangement avec sol fixe en PVC durable. Le Carvern est \u00e9quip\u00e9 d\u2019une solide structure en acier \u00d8 22 mm, tr\u00e8s stable et durable.&hellip;\" \/>\n<meta property=\"og:url\" content=\"https:\/\/eurotrail.info\/fr\/producten\/tentes\/tentes-de-bagages\/cavern-1-tente-de-rangement\/\" \/>\n<meta property=\"og:site_name\" content=\"Eurotrail | The way we camp!\" \/>\n<meta property=\"og:image\" content=\"https:\/\/eurotrail.info\/wp\/wp-content\/uploads\/2016\/03\/Eurotrail-schuurtent-Cavern-1-ETTE0751-2.jpg\" \/>\n\t<meta property=\"og:image:width\" content=\"1654\" \/>\n\t<meta property=\"og:image:height\" content=\"1094\" \/>\n\t<meta property=\"og:image:type\" content=\"image\/jpeg\" \/>\n<meta name=\"twitter:card\" content=\"summary_large_image\" \/>\n<script type=\"application\/ld+json\" class=\"yoast-schema-graph\">{\"@context\":\"https:\\\/\\\/schema.org\",\"@graph\":[{\"@type\":\"WebPage\",\"@id\":\"https:\\\/\\\/eurotrail.info\\\/fr\\\/producten\\\/tentes\\\/tentes-de-bagages\\\/cavern-1-tente-de-rangement\\\/\",\"url\":\"https:\\\/\\\/eurotrail.info\\\/fr\\\/producten\\\/tentes\\\/tentes-de-bagages\\\/cavern-1-tente-de-rangement\\\/\",\"name\":\"Cavern 1 - Tente de rangement - Eurotrail | The way we camp!\",\"isPartOf\":{\"@id\":\"https:\\\/\\\/eurotrail.info\\\/#website\"},\"primaryImageOfPage\":{\"@id\":\"https:\\\/\\\/eurotrail.info\\\/fr\\\/producten\\\/tentes\\\/tentes-de-bagages\\\/cavern-1-tente-de-rangement\\\/#primaryimage\"},\"image\":{\"@id\":\"https:\\\/\\\/eurotrail.info\\\/fr\\\/producten\\\/tentes\\\/tentes-de-bagages\\\/cavern-1-tente-de-rangement\\\/#primaryimage\"},\"thumbnailUrl\":\"https:\\\/\\\/eurotrail.info\\\/wp\\\/wp-content\\\/uploads\\\/2016\\\/03\\\/Eurotrail-schuurtent-Cavern-1-ETTE0751-2.jpg\",\"datePublished\":\"2016-03-17T16:15:12+00:00\",\"breadcrumb\":{\"@id\":\"https:\\\/\\\/eurotrail.info\\\/fr\\\/producten\\\/tentes\\\/tentes-de-bagages\\\/cavern-1-tente-de-rangement\\\/#breadcrumb\"},\"inLanguage\":\"fr-FR\",\"potentialAction\":[{\"@type\":\"ReadAction\",\"target\":[\"https:\\\/\\\/eurotrail.info\\\/fr\\\/producten\\\/tentes\\\/tentes-de-bagages\\\/cavern-1-tente-de-rangement\\\/\"]}]},{\"@type\":\"ImageObject\",\"inLanguage\":\"fr-FR\",\"@id\":\"https:\\\/\\\/eurotrail.info\\\/fr\\\/producten\\\/tentes\\\/tentes-de-bagages\\\/cavern-1-tente-de-rangement\\\/#primaryimage\",\"url\":\"https:\\\/\\\/eurotrail.info\\\/wp\\\/wp-content\\\/uploads\\\/2016\\\/03\\\/Eurotrail-schuurtent-Cavern-1-ETTE0751-2.jpg\",\"contentUrl\":\"https:\\\/\\\/eurotrail.info\\\/wp\\\/wp-content\\\/uploads\\\/2016\\\/03\\\/Eurotrail-schuurtent-Cavern-1-ETTE0751-2.jpg\",\"width\":1654,\"height\":1094},{\"@type\":\"BreadcrumbList\",\"@id\":\"https:\\\/\\\/eurotrail.info\\\/fr\\\/producten\\\/tentes\\\/tentes-de-bagages\\\/cavern-1-tente-de-rangement\\\/#breadcrumb\",\"itemListElement\":[{\"@type\":\"ListItem\",\"position\":1,\"name\":\"Home\",\"item\":\"https:\\\/\\\/eurotrail.info\\\/fr\\\/\"},{\"@type\":\"ListItem\",\"position\":2,\"name\":\"Produits\",\"item\":\"https:\\\/\\\/eurotrail.info\\\/fr\\\/produits\\\/\"},{\"@type\":\"ListItem\",\"position\":3,\"name\":\"Cavern 1 &#8211; Tente de rangement\"}]},{\"@type\":\"WebSite\",\"@id\":\"https:\\\/\\\/eurotrail.info\\\/#website\",\"url\":\"https:\\\/\\\/eurotrail.info\\\/\",\"name\":\"Eurotrail | The way we camp!\",\"description\":\"\",\"publisher\":{\"@id\":\"https:\\\/\\\/eurotrail.info\\\/#organization\"},\"potentialAction\":[{\"@type\":\"SearchAction\",\"target\":{\"@type\":\"EntryPoint\",\"urlTemplate\":\"https:\\\/\\\/eurotrail.info\\\/?s={search_term_string}\"},\"query-input\":{\"@type\":\"PropertyValueSpecification\",\"valueRequired\":true,\"valueName\":\"search_term_string\"}}],\"inLanguage\":\"fr-FR\"},{\"@type\":\"Organization\",\"@id\":\"https:\\\/\\\/eurotrail.info\\\/#organization\",\"name\":\"Eurotrail | The way we camp!\",\"url\":\"https:\\\/\\\/eurotrail.info\\\/\",\"logo\":{\"@type\":\"ImageObject\",\"inLanguage\":\"fr-FR\",\"@id\":\"https:\\\/\\\/eurotrail.info\\\/#\\\/schema\\\/logo\\\/image\\\/\",\"url\":\"https:\\\/\\\/eurotrail.info\\\/wp\\\/wp-content\\\/uploads\\\/2023\\\/07\\\/ET-logo-quote_NL-scaled.jpg\",\"contentUrl\":\"https:\\\/\\\/eurotrail.info\\\/wp\\\/wp-content\\\/uploads\\\/2023\\\/07\\\/ET-logo-quote_NL-scaled.jpg\",\"width\":2560,\"height\":675,\"caption\":\"Eurotrail | The way we camp!\"},\"image\":{\"@id\":\"https:\\\/\\\/eurotrail.info\\\/#\\\/schema\\\/logo\\\/image\\\/\"}}]}<\/script>\n<!-- \/ Yoast SEO plugin. -->","yoast_head_json":{"title":"Cavern 1 - Tente de rangement - Eurotrail | The way we camp!","robots":{"index":"index","follow":"follow","max-snippet":"max-snippet:-1","max-image-preview":"max-image-preview:large","max-video-preview":"max-video-preview:-1"},"canonical":"https:\/\/eurotrail.info\/fr\/producten\/tentes\/tentes-de-bagages\/cavern-1-tente-de-rangement\/","og_locale":"fr_FR","og_type":"article","og_title":"Cavern 1 - Tente de rangement - Eurotrail | The way we camp!","og_description":"Tente de rangement avec sol fixe en PVC durable. Le Carvern est \u00e9quip\u00e9 d\u2019une solide structure en acier \u00d8 22 mm, tr\u00e8s stable et durable.&hellip;","og_url":"https:\/\/eurotrail.info\/fr\/producten\/tentes\/tentes-de-bagages\/cavern-1-tente-de-rangement\/","og_site_name":"Eurotrail | The way we camp!","og_image":[{"width":1654,"height":1094,"url":"https:\/\/eurotrail.info\/wp\/wp-content\/uploads\/2016\/03\/Eurotrail-schuurtent-Cavern-1-ETTE0751-2.jpg","type":"image\/jpeg"}],"twitter_card":"summary_large_image","schema":{"@context":"https:\/\/schema.org","@graph":[{"@type":"WebPage","@id":"https:\/\/eurotrail.info\/fr\/producten\/tentes\/tentes-de-bagages\/cavern-1-tente-de-rangement\/","url":"https:\/\/eurotrail.info\/fr\/producten\/tentes\/tentes-de-bagages\/cavern-1-tente-de-rangement\/","name":"Cavern 1 - Tente de rangement - Eurotrail | The way we camp!","isPartOf":{"@id":"https:\/\/eurotrail.info\/#website"},"primaryImageOfPage":{"@id":"https:\/\/eurotrail.info\/fr\/producten\/tentes\/tentes-de-bagages\/cavern-1-tente-de-rangement\/#primaryimage"},"image":{"@id":"https:\/\/eurotrail.info\/fr\/producten\/tentes\/tentes-de-bagages\/cavern-1-tente-de-rangement\/#primaryimage"},"thumbnailUrl":"https:\/\/eurotrail.info\/wp\/wp-content\/uploads\/2016\/03\/Eurotrail-schuurtent-Cavern-1-ETTE0751-2.jpg","datePublished":"2016-03-17T16:15:12+00:00","breadcrumb":{"@id":"https:\/\/eurotrail.info\/fr\/producten\/tentes\/tentes-de-bagages\/cavern-1-tente-de-rangement\/#breadcrumb"},"inLanguage":"fr-FR","potentialAction":[{"@type":"ReadAction","target":["https:\/\/eurotrail.info\/fr\/producten\/tentes\/tentes-de-bagages\/cavern-1-tente-de-rangement\/"]}]},{"@type":"ImageObject","inLanguage":"fr-FR","@id":"https:\/\/eurotrail.info\/fr\/producten\/tentes\/tentes-de-bagages\/cavern-1-tente-de-rangement\/#primaryimage","url":"https:\/\/eurotrail.info\/wp\/wp-content\/uploads\/2016\/03\/Eurotrail-schuurtent-Cavern-1-ETTE0751-2.jpg","contentUrl":"https:\/\/eurotrail.info\/wp\/wp-content\/uploads\/2016\/03\/Eurotrail-schuurtent-Cavern-1-ETTE0751-2.jpg","width":1654,"height":1094},{"@type":"BreadcrumbList","@id":"https:\/\/eurotrail.info\/fr\/producten\/tentes\/tentes-de-bagages\/cavern-1-tente-de-rangement\/#breadcrumb","itemListElement":[{"@type":"ListItem","position":1,"name":"Home","item":"https:\/\/eurotrail.info\/fr\/"},{"@type":"ListItem","position":2,"name":"Produits","item":"https:\/\/eurotrail.info\/fr\/produits\/"},{"@type":"ListItem","position":3,"name":"Cavern 1 &#8211; Tente de rangement"}]},{"@type":"WebSite","@id":"https:\/\/eurotrail.info\/#website","url":"https:\/\/eurotrail.info\/","name":"Eurotrail | The way we camp!","description":"","publisher":{"@id":"https:\/\/eurotrail.info\/#organization"},"potentialAction":[{"@type":"SearchAction","target":{"@type":"EntryPoint","urlTemplate":"https:\/\/eurotrail.info\/?s={search_term_string}"},"query-input":{"@type":"PropertyValueSpecification","valueRequired":true,"valueName":"search_term_string"}}],"inLanguage":"fr-FR"},{"@type":"Organization","@id":"https:\/\/eurotrail.info\/#organization","name":"Eurotrail | The way we camp!","url":"https:\/\/eurotrail.info\/","logo":{"@type":"ImageObject","inLanguage":"fr-FR","@id":"https:\/\/eurotrail.info\/#\/schema\/logo\/image\/","url":"https:\/\/eurotrail.info\/wp\/wp-content\/uploads\/2023\/07\/ET-logo-quote_NL-scaled.jpg","contentUrl":"https:\/\/eurotrail.info\/wp\/wp-content\/uploads\/2023\/07\/ET-logo-quote_NL-scaled.jpg","width":2560,"height":675,"caption":"Eurotrail | The way we camp!"},"image":{"@id":"https:\/\/eurotrail.info\/#\/schema\/logo\/image\/"}}]}},"_links":{"self":[{"href":"https:\/\/eurotrail.info\/fr\/wp-json\/wp\/v2\/product\/10909","targetHints":{"allow":["GET"]}}],"collection":[{"href":"https:\/\/eurotrail.info\/fr\/wp-json\/wp\/v2\/product"}],"about":[{"href":"https:\/\/eurotrail.info\/fr\/wp-json\/wp\/v2\/types\/product"}],"replies":[{"embeddable":true,"href":"https:\/\/eurotrail.info\/fr\/wp-json\/wp\/v2\/comments?post=10909"}],"wp:featuredmedia":[{"embeddable":true,"href":"https:\/\/eurotrail.info\/fr\/wp-json\/wp\/v2\/media\/10912"}],"wp:attachment":[{"href":"https:\/\/eurotrail.info\/fr\/wp-json\/wp\/v2\/media?parent=10909"}],"wp:term":[{"taxonomy":"product_brand","embeddable":true,"href":"https:\/\/eurotrail.info\/fr\/wp-json\/wp\/v2\/product_brand?post=10909"},{"taxonomy":"product_cat","embeddable":true,"href":"https:\/\/eurotrail.info\/fr\/wp-json\/wp\/v2\/product_cat?post=10909"},{"taxonomy":"product_tag","embeddable":true,"href":"https:\/\/eurotrail.info\/fr\/wp-json\/wp\/v2\/product_tag?post=10909"}],"curies":[{"name":"wp","href":"https:\/\/api.w.org\/{rel}","templated":true}]}}