{"id":10961,"date":"2017-03-01T17:42:36","date_gmt":"2017-03-01T16:42:36","guid":{"rendered":"https:\/\/eurotrail.info\/producten\/partie-de-baton-en-fibre-de-verre\/"},"modified":"2017-03-01T17:42:36","modified_gmt":"2017-03-01T16:42:36","slug":"partie-de-baton-en-fibre-de-verre","status":"publish","type":"product","link":"https:\/\/eurotrail.info\/fr\/producten\/tentes\/pieces-de-poteau\/partie-de-baton-en-fibre-de-verre\/","title":{"rendered":"Partie de b\u00e2ton en fibre de verre"},"content":{"rendered":"<p>Des pi\u00e8ces de b\u00e2ton s\u00e9par\u00e9es sont disponibles pour remplacer une partie de b\u00e2ton cass\u00e9e.<\/p>\n<p>Les parties du b\u00e2ton mesurent 70 cm de long et sont faciles \u00e0 raccourcir.<\/p>\n<p>Si vous devez remplacer une ampoule cass\u00e9e, il est important de mesurer correctement la taille de votre b\u00e2ton.<br \/>\nPour ce faire, mesurez ce qui suit: Longueur d&#8217;une pi\u00e8ce solide et Diam\u00e8tre du b\u00e2ton<\/p>\n<p>CONSEIL: Lorsque vous raccourcissez une pi\u00e8ce polaire, collez d&#8217;abord du ruban adh\u00e9sif sur le poteau \u00e0 l&#8217;endroit o\u00f9 vous devez couper et utiliser une scie \u00e0 m\u00e9taux. Cela emp\u00eache le b\u00e2ton de se fendre<\/p>\n<p>Partie de b\u00e2ton de diam\u00e8tre disponible<br \/>\n\u00d8 7 mm,<br \/>\n\u00d8 7,9 mm<br \/>\n\u00d8 8,5 mm<br \/>\n\u00d8 9,5 mm<br \/>\n\u00d8 11 mm<br \/>\n\u00d8 12,7 mm<\/p>\n","protected":false},"excerpt":{"rendered":"<p>Des pi\u00e8ces de b\u00e2ton s\u00e9par\u00e9es sont disponibles pour remplacer une partie de b\u00e2ton cass\u00e9e. Les parties du b\u00e2ton mesurent 70 cm de long et sont&hellip;<\/p>\n","protected":false},"featured_media":10962,"comment_status":"open","ping_status":"closed","template":"","meta":{"_acf_changed":false},"product_brand":[],"product_cat":[280],"product_tag":[],"class_list":{"0":"post-10961","1":"product","2":"type-product","3":"status-publish","4":"has-post-thumbnail","6":"product_cat-pieces-de-poteau","8":"first","9":"instock","10":"shipping-taxable","11":"product-type-simple"},"acf":[],"yoast_head":"<!-- This site is optimized with the Yoast SEO plugin v27.3 - https:\/\/yoast.com\/product\/yoast-seo-wordpress\/ -->\n<title>Partie de b\u00e2ton en fibre de verre - Eurotrail | The way we camp!<\/title>\n<meta name=\"robots\" content=\"index, follow, max-snippet:-1, max-image-preview:large, max-video-preview:-1\" \/>\n<link rel=\"canonical\" href=\"https:\/\/eurotrail.info\/fr\/producten\/tentes\/pieces-de-poteau\/partie-de-baton-en-fibre-de-verre\/\" \/>\n<meta property=\"og:locale\" content=\"fr_FR\" \/>\n<meta property=\"og:type\" content=\"article\" \/>\n<meta property=\"og:title\" content=\"Partie de b\u00e2ton en fibre de verre - Eurotrail | The way we camp!\" \/>\n<meta property=\"og:description\" content=\"Des pi\u00e8ces de b\u00e2ton s\u00e9par\u00e9es sont disponibles pour remplacer une partie de b\u00e2ton cass\u00e9e. Les parties du b\u00e2ton mesurent 70 cm de long et sont&hellip;\" \/>\n<meta property=\"og:url\" content=\"https:\/\/eurotrail.info\/fr\/producten\/tentes\/pieces-de-poteau\/partie-de-baton-en-fibre-de-verre\/\" \/>\n<meta property=\"og:site_name\" content=\"Eurotrail | The way we camp!\" \/>\n<meta property=\"og:image\" content=\"https:\/\/eurotrail.info\/wp\/wp-content\/uploads\/2017\/03\/ETSP0411-Fiberglas50cm.jpg\" \/>\n\t<meta property=\"og:image:width\" content=\"379\" \/>\n\t<meta property=\"og:image:height\" content=\"439\" \/>\n\t<meta property=\"og:image:type\" content=\"image\/jpeg\" \/>\n<meta name=\"twitter:card\" content=\"summary_large_image\" \/>\n<meta name=\"twitter:label1\" content=\"Dur\u00e9e de lecture estim\u00e9e\" \/>\n\t<meta name=\"twitter:data1\" content=\"1 minute\" \/>\n<script type=\"application\/ld+json\" class=\"yoast-schema-graph\">{\"@context\":\"https:\\\/\\\/schema.org\",\"@graph\":[{\"@type\":\"WebPage\",\"@id\":\"https:\\\/\\\/eurotrail.info\\\/fr\\\/producten\\\/tentes\\\/pieces-de-poteau\\\/partie-de-baton-en-fibre-de-verre\\\/\",\"url\":\"https:\\\/\\\/eurotrail.info\\\/fr\\\/producten\\\/tentes\\\/pieces-de-poteau\\\/partie-de-baton-en-fibre-de-verre\\\/\",\"name\":\"Partie de b\u00e2ton en fibre de verre - Eurotrail | The way we camp!\",\"isPartOf\":{\"@id\":\"https:\\\/\\\/eurotrail.info\\\/#website\"},\"primaryImageOfPage\":{\"@id\":\"https:\\\/\\\/eurotrail.info\\\/fr\\\/producten\\\/tentes\\\/pieces-de-poteau\\\/partie-de-baton-en-fibre-de-verre\\\/#primaryimage\"},\"image\":{\"@id\":\"https:\\\/\\\/eurotrail.info\\\/fr\\\/producten\\\/tentes\\\/pieces-de-poteau\\\/partie-de-baton-en-fibre-de-verre\\\/#primaryimage\"},\"thumbnailUrl\":\"https:\\\/\\\/eurotrail.info\\\/wp\\\/wp-content\\\/uploads\\\/2017\\\/03\\\/ETSP0411-Fiberglas50cm.jpg\",\"datePublished\":\"2017-03-01T16:42:36+00:00\",\"breadcrumb\":{\"@id\":\"https:\\\/\\\/eurotrail.info\\\/fr\\\/producten\\\/tentes\\\/pieces-de-poteau\\\/partie-de-baton-en-fibre-de-verre\\\/#breadcrumb\"},\"inLanguage\":\"fr-FR\",\"potentialAction\":[{\"@type\":\"ReadAction\",\"target\":[\"https:\\\/\\\/eurotrail.info\\\/fr\\\/producten\\\/tentes\\\/pieces-de-poteau\\\/partie-de-baton-en-fibre-de-verre\\\/\"]}]},{\"@type\":\"ImageObject\",\"inLanguage\":\"fr-FR\",\"@id\":\"https:\\\/\\\/eurotrail.info\\\/fr\\\/producten\\\/tentes\\\/pieces-de-poteau\\\/partie-de-baton-en-fibre-de-verre\\\/#primaryimage\",\"url\":\"https:\\\/\\\/eurotrail.info\\\/wp\\\/wp-content\\\/uploads\\\/2017\\\/03\\\/ETSP0411-Fiberglas50cm.jpg\",\"contentUrl\":\"https:\\\/\\\/eurotrail.info\\\/wp\\\/wp-content\\\/uploads\\\/2017\\\/03\\\/ETSP0411-Fiberglas50cm.jpg\",\"width\":379,\"height\":439},{\"@type\":\"BreadcrumbList\",\"@id\":\"https:\\\/\\\/eurotrail.info\\\/fr\\\/producten\\\/tentes\\\/pieces-de-poteau\\\/partie-de-baton-en-fibre-de-verre\\\/#breadcrumb\",\"itemListElement\":[{\"@type\":\"ListItem\",\"position\":1,\"name\":\"Home\",\"item\":\"https:\\\/\\\/eurotrail.info\\\/fr\\\/\"},{\"@type\":\"ListItem\",\"position\":2,\"name\":\"Produits\",\"item\":\"https:\\\/\\\/eurotrail.info\\\/fr\\\/produits\\\/\"},{\"@type\":\"ListItem\",\"position\":3,\"name\":\"Partie de b\u00e2ton en fibre de verre\"}]},{\"@type\":\"WebSite\",\"@id\":\"https:\\\/\\\/eurotrail.info\\\/#website\",\"url\":\"https:\\\/\\\/eurotrail.info\\\/\",\"name\":\"Eurotrail | The way we camp!\",\"description\":\"\",\"publisher\":{\"@id\":\"https:\\\/\\\/eurotrail.info\\\/#organization\"},\"potentialAction\":[{\"@type\":\"SearchAction\",\"target\":{\"@type\":\"EntryPoint\",\"urlTemplate\":\"https:\\\/\\\/eurotrail.info\\\/?s={search_term_string}\"},\"query-input\":{\"@type\":\"PropertyValueSpecification\",\"valueRequired\":true,\"valueName\":\"search_term_string\"}}],\"inLanguage\":\"fr-FR\"},{\"@type\":\"Organization\",\"@id\":\"https:\\\/\\\/eurotrail.info\\\/#organization\",\"name\":\"Eurotrail | The way we camp!\",\"url\":\"https:\\\/\\\/eurotrail.info\\\/\",\"logo\":{\"@type\":\"ImageObject\",\"inLanguage\":\"fr-FR\",\"@id\":\"https:\\\/\\\/eurotrail.info\\\/#\\\/schema\\\/logo\\\/image\\\/\",\"url\":\"https:\\\/\\\/eurotrail.info\\\/wp\\\/wp-content\\\/uploads\\\/2023\\\/07\\\/ET-logo-quote_NL-scaled.jpg\",\"contentUrl\":\"https:\\\/\\\/eurotrail.info\\\/wp\\\/wp-content\\\/uploads\\\/2023\\\/07\\\/ET-logo-quote_NL-scaled.jpg\",\"width\":2560,\"height\":675,\"caption\":\"Eurotrail | The way we camp!\"},\"image\":{\"@id\":\"https:\\\/\\\/eurotrail.info\\\/#\\\/schema\\\/logo\\\/image\\\/\"}}]}<\/script>\n<!-- \/ Yoast SEO plugin. -->","yoast_head_json":{"title":"Partie de b\u00e2ton en fibre de verre - Eurotrail | The way we camp!","robots":{"index":"index","follow":"follow","max-snippet":"max-snippet:-1","max-image-preview":"max-image-preview:large","max-video-preview":"max-video-preview:-1"},"canonical":"https:\/\/eurotrail.info\/fr\/producten\/tentes\/pieces-de-poteau\/partie-de-baton-en-fibre-de-verre\/","og_locale":"fr_FR","og_type":"article","og_title":"Partie de b\u00e2ton en fibre de verre - Eurotrail | The way we camp!","og_description":"Des pi\u00e8ces de b\u00e2ton s\u00e9par\u00e9es sont disponibles pour remplacer une partie de b\u00e2ton cass\u00e9e. Les parties du b\u00e2ton mesurent 70 cm de long et sont&hellip;","og_url":"https:\/\/eurotrail.info\/fr\/producten\/tentes\/pieces-de-poteau\/partie-de-baton-en-fibre-de-verre\/","og_site_name":"Eurotrail | The way we camp!","og_image":[{"width":379,"height":439,"url":"https:\/\/eurotrail.info\/wp\/wp-content\/uploads\/2017\/03\/ETSP0411-Fiberglas50cm.jpg","type":"image\/jpeg"}],"twitter_card":"summary_large_image","twitter_misc":{"Dur\u00e9e de lecture estim\u00e9e":"1 minute"},"schema":{"@context":"https:\/\/schema.org","@graph":[{"@type":"WebPage","@id":"https:\/\/eurotrail.info\/fr\/producten\/tentes\/pieces-de-poteau\/partie-de-baton-en-fibre-de-verre\/","url":"https:\/\/eurotrail.info\/fr\/producten\/tentes\/pieces-de-poteau\/partie-de-baton-en-fibre-de-verre\/","name":"Partie de b\u00e2ton en fibre de verre - Eurotrail | The way we camp!","isPartOf":{"@id":"https:\/\/eurotrail.info\/#website"},"primaryImageOfPage":{"@id":"https:\/\/eurotrail.info\/fr\/producten\/tentes\/pieces-de-poteau\/partie-de-baton-en-fibre-de-verre\/#primaryimage"},"image":{"@id":"https:\/\/eurotrail.info\/fr\/producten\/tentes\/pieces-de-poteau\/partie-de-baton-en-fibre-de-verre\/#primaryimage"},"thumbnailUrl":"https:\/\/eurotrail.info\/wp\/wp-content\/uploads\/2017\/03\/ETSP0411-Fiberglas50cm.jpg","datePublished":"2017-03-01T16:42:36+00:00","breadcrumb":{"@id":"https:\/\/eurotrail.info\/fr\/producten\/tentes\/pieces-de-poteau\/partie-de-baton-en-fibre-de-verre\/#breadcrumb"},"inLanguage":"fr-FR","potentialAction":[{"@type":"ReadAction","target":["https:\/\/eurotrail.info\/fr\/producten\/tentes\/pieces-de-poteau\/partie-de-baton-en-fibre-de-verre\/"]}]},{"@type":"ImageObject","inLanguage":"fr-FR","@id":"https:\/\/eurotrail.info\/fr\/producten\/tentes\/pieces-de-poteau\/partie-de-baton-en-fibre-de-verre\/#primaryimage","url":"https:\/\/eurotrail.info\/wp\/wp-content\/uploads\/2017\/03\/ETSP0411-Fiberglas50cm.jpg","contentUrl":"https:\/\/eurotrail.info\/wp\/wp-content\/uploads\/2017\/03\/ETSP0411-Fiberglas50cm.jpg","width":379,"height":439},{"@type":"BreadcrumbList","@id":"https:\/\/eurotrail.info\/fr\/producten\/tentes\/pieces-de-poteau\/partie-de-baton-en-fibre-de-verre\/#breadcrumb","itemListElement":[{"@type":"ListItem","position":1,"name":"Home","item":"https:\/\/eurotrail.info\/fr\/"},{"@type":"ListItem","position":2,"name":"Produits","item":"https:\/\/eurotrail.info\/fr\/produits\/"},{"@type":"ListItem","position":3,"name":"Partie de b\u00e2ton en fibre de verre"}]},{"@type":"WebSite","@id":"https:\/\/eurotrail.info\/#website","url":"https:\/\/eurotrail.info\/","name":"Eurotrail | The way we camp!","description":"","publisher":{"@id":"https:\/\/eurotrail.info\/#organization"},"potentialAction":[{"@type":"SearchAction","target":{"@type":"EntryPoint","urlTemplate":"https:\/\/eurotrail.info\/?s={search_term_string}"},"query-input":{"@type":"PropertyValueSpecification","valueRequired":true,"valueName":"search_term_string"}}],"inLanguage":"fr-FR"},{"@type":"Organization","@id":"https:\/\/eurotrail.info\/#organization","name":"Eurotrail | The way we camp!","url":"https:\/\/eurotrail.info\/","logo":{"@type":"ImageObject","inLanguage":"fr-FR","@id":"https:\/\/eurotrail.info\/#\/schema\/logo\/image\/","url":"https:\/\/eurotrail.info\/wp\/wp-content\/uploads\/2023\/07\/ET-logo-quote_NL-scaled.jpg","contentUrl":"https:\/\/eurotrail.info\/wp\/wp-content\/uploads\/2023\/07\/ET-logo-quote_NL-scaled.jpg","width":2560,"height":675,"caption":"Eurotrail | The way we camp!"},"image":{"@id":"https:\/\/eurotrail.info\/#\/schema\/logo\/image\/"}}]}},"_links":{"self":[{"href":"https:\/\/eurotrail.info\/fr\/wp-json\/wp\/v2\/product\/10961","targetHints":{"allow":["GET"]}}],"collection":[{"href":"https:\/\/eurotrail.info\/fr\/wp-json\/wp\/v2\/product"}],"about":[{"href":"https:\/\/eurotrail.info\/fr\/wp-json\/wp\/v2\/types\/product"}],"replies":[{"embeddable":true,"href":"https:\/\/eurotrail.info\/fr\/wp-json\/wp\/v2\/comments?post=10961"}],"wp:featuredmedia":[{"embeddable":true,"href":"https:\/\/eurotrail.info\/fr\/wp-json\/wp\/v2\/media\/10962"}],"wp:attachment":[{"href":"https:\/\/eurotrail.info\/fr\/wp-json\/wp\/v2\/media?parent=10961"}],"wp:term":[{"taxonomy":"product_brand","embeddable":true,"href":"https:\/\/eurotrail.info\/fr\/wp-json\/wp\/v2\/product_brand?post=10961"},{"taxonomy":"product_cat","embeddable":true,"href":"https:\/\/eurotrail.info\/fr\/wp-json\/wp\/v2\/product_cat?post=10961"},{"taxonomy":"product_tag","embeddable":true,"href":"https:\/\/eurotrail.info\/fr\/wp-json\/wp\/v2\/product_tag?post=10961"}],"curies":[{"name":"wp","href":"https:\/\/api.w.org\/{rel}","templated":true}]}}