{"id":11291,"date":"2020-11-20T15:46:16","date_gmt":"2020-11-20T14:46:16","guid":{"rendered":"https:\/\/eurotrail.info\/producten\/vaisselle-denia-anti-slip\/"},"modified":"2020-11-20T15:46:16","modified_gmt":"2020-11-20T14:46:16","slug":"vaisselle-denia-anti-slip","status":"publish","type":"product","link":"https:\/\/eurotrail.info\/fr\/producten\/articles-menagers\/vaisselle\/vaisselle-denia-anti-slip\/","title":{"rendered":"Vaisselle Denia &#8211; Anti-slip"},"content":{"rendered":"<p>Service de table 16 pi\u00e8ces au design original et tendance. La vaisselle est faite d&#8217;une m\u00e9lamine robuste adapt\u00e9e au lave-vaisselle. Le service est pourvu d&#8217;une bague antid\u00e9rapante en bas de sorte qu&#8217;il ne puisse pas glisser sur la table si, par exemple, la table n&#8217;est pas debout ou sur le bateau. Les gobelets peuvent \u00eatre empil\u00e9s \u00e0 travers la poign\u00e9e ouverte de sorte qu&#8217;ils prennent peu de place dans le placard.<\/p>\n<p>4x Assiette plate \u00d8 26,5&#215;2,3 cm, 295 gr.<br \/>\n4x Assiette petit-d\u00e9jeuner \u00d8 21,8 x 2,0 cm, 220 gr.<br \/>\n4x Assiette creuse \/ bol \u00d8 20,4 x 5,5 cm, 190 gr.<br \/>\n4x tasse 11,5&#215;8,8&#215;9,9cm, 300ml, 108gr.<\/p>\n<p>Mat\u00e9riel: 100% m\u00e9lamine<\/p>\n","protected":false},"excerpt":{"rendered":"<p>Service de table 16 pi\u00e8ces au design original et tendance. La vaisselle est faite d&#8217;une m\u00e9lamine robuste adapt\u00e9e au lave-vaisselle. Le service est pourvu d&#8217;une&hellip;<\/p>\n","protected":false},"featured_media":11284,"comment_status":"open","ping_status":"closed","template":"","meta":{"_acf_changed":false},"product_brand":[],"product_cat":[243,247],"product_tag":[],"class_list":{"0":"post-11291","1":"product","2":"type-product","3":"status-publish","4":"has-post-thumbnail","6":"product_cat-articles-menagers","7":"product_cat-vaisselle","9":"first","10":"instock","11":"shipping-taxable","12":"product-type-simple"},"acf":[],"yoast_head":"<!-- This site is optimized with the Yoast SEO plugin v27.4 - https:\/\/yoast.com\/product\/yoast-seo-wordpress\/ -->\n<title>Vaisselle Denia - Anti-slip - Eurotrail | The way we camp!<\/title>\n<meta name=\"robots\" content=\"index, follow, max-snippet:-1, max-image-preview:large, max-video-preview:-1\" \/>\n<link rel=\"canonical\" href=\"https:\/\/eurotrail.info\/fr\/producten\/articles-menagers\/vaisselle\/vaisselle-denia-anti-slip\/\" \/>\n<meta property=\"og:locale\" content=\"fr_FR\" \/>\n<meta property=\"og:type\" content=\"article\" \/>\n<meta property=\"og:title\" content=\"Vaisselle Denia - Anti-slip - Eurotrail | The way we camp!\" \/>\n<meta property=\"og:description\" content=\"Service de table 16 pi\u00e8ces au design original et tendance. La vaisselle est faite d&#8217;une m\u00e9lamine robuste adapt\u00e9e au lave-vaisselle. Le service est pourvu d&#8217;une&hellip;\" \/>\n<meta property=\"og:url\" content=\"https:\/\/eurotrail.info\/fr\/producten\/articles-menagers\/vaisselle\/vaisselle-denia-anti-slip\/\" \/>\n<meta property=\"og:site_name\" content=\"Eurotrail | The way we camp!\" \/>\n<meta property=\"og:image\" content=\"https:\/\/eurotrail.info\/wp\/wp-content\/uploads\/2020\/11\/ETKW2056-Denia-Set-21.jpg\" \/>\n\t<meta property=\"og:image:width\" content=\"1772\" \/>\n\t<meta property=\"og:image:height\" content=\"1684\" \/>\n\t<meta property=\"og:image:type\" content=\"image\/jpeg\" \/>\n<meta name=\"twitter:card\" content=\"summary_large_image\" \/>\n<meta name=\"twitter:label1\" content=\"Dur\u00e9e de lecture estim\u00e9e\" \/>\n\t<meta name=\"twitter:data1\" content=\"1 minute\" \/>\n<script type=\"application\/ld+json\" class=\"yoast-schema-graph\">{\"@context\":\"https:\\\/\\\/schema.org\",\"@graph\":[{\"@type\":\"WebPage\",\"@id\":\"https:\\\/\\\/eurotrail.info\\\/fr\\\/producten\\\/articles-menagers\\\/vaisselle\\\/vaisselle-denia-anti-slip\\\/\",\"url\":\"https:\\\/\\\/eurotrail.info\\\/fr\\\/producten\\\/articles-menagers\\\/vaisselle\\\/vaisselle-denia-anti-slip\\\/\",\"name\":\"Vaisselle Denia - Anti-slip - Eurotrail | The way we camp!\",\"isPartOf\":{\"@id\":\"https:\\\/\\\/eurotrail.info\\\/#website\"},\"primaryImageOfPage\":{\"@id\":\"https:\\\/\\\/eurotrail.info\\\/fr\\\/producten\\\/articles-menagers\\\/vaisselle\\\/vaisselle-denia-anti-slip\\\/#primaryimage\"},\"image\":{\"@id\":\"https:\\\/\\\/eurotrail.info\\\/fr\\\/producten\\\/articles-menagers\\\/vaisselle\\\/vaisselle-denia-anti-slip\\\/#primaryimage\"},\"thumbnailUrl\":\"https:\\\/\\\/eurotrail.info\\\/wp\\\/wp-content\\\/uploads\\\/2020\\\/11\\\/ETKW2056-Denia-Set-21.jpg\",\"datePublished\":\"2020-11-20T14:46:16+00:00\",\"breadcrumb\":{\"@id\":\"https:\\\/\\\/eurotrail.info\\\/fr\\\/producten\\\/articles-menagers\\\/vaisselle\\\/vaisselle-denia-anti-slip\\\/#breadcrumb\"},\"inLanguage\":\"fr-FR\",\"potentialAction\":[{\"@type\":\"ReadAction\",\"target\":[\"https:\\\/\\\/eurotrail.info\\\/fr\\\/producten\\\/articles-menagers\\\/vaisselle\\\/vaisselle-denia-anti-slip\\\/\"]}]},{\"@type\":\"ImageObject\",\"inLanguage\":\"fr-FR\",\"@id\":\"https:\\\/\\\/eurotrail.info\\\/fr\\\/producten\\\/articles-menagers\\\/vaisselle\\\/vaisselle-denia-anti-slip\\\/#primaryimage\",\"url\":\"https:\\\/\\\/eurotrail.info\\\/wp\\\/wp-content\\\/uploads\\\/2020\\\/11\\\/ETKW2056-Denia-Set-21.jpg\",\"contentUrl\":\"https:\\\/\\\/eurotrail.info\\\/wp\\\/wp-content\\\/uploads\\\/2020\\\/11\\\/ETKW2056-Denia-Set-21.jpg\",\"width\":1772,\"height\":1684,\"caption\":\"Eurotrail Denia tafelservies\"},{\"@type\":\"BreadcrumbList\",\"@id\":\"https:\\\/\\\/eurotrail.info\\\/fr\\\/producten\\\/articles-menagers\\\/vaisselle\\\/vaisselle-denia-anti-slip\\\/#breadcrumb\",\"itemListElement\":[{\"@type\":\"ListItem\",\"position\":1,\"name\":\"Home\",\"item\":\"https:\\\/\\\/eurotrail.info\\\/fr\\\/\"},{\"@type\":\"ListItem\",\"position\":2,\"name\":\"Produits\",\"item\":\"https:\\\/\\\/eurotrail.info\\\/fr\\\/produits\\\/\"},{\"@type\":\"ListItem\",\"position\":3,\"name\":\"Vaisselle Denia &#8211; Anti-slip\"}]},{\"@type\":\"WebSite\",\"@id\":\"https:\\\/\\\/eurotrail.info\\\/#website\",\"url\":\"https:\\\/\\\/eurotrail.info\\\/\",\"name\":\"Eurotrail | The way we camp!\",\"description\":\"\",\"publisher\":{\"@id\":\"https:\\\/\\\/eurotrail.info\\\/#organization\"},\"potentialAction\":[{\"@type\":\"SearchAction\",\"target\":{\"@type\":\"EntryPoint\",\"urlTemplate\":\"https:\\\/\\\/eurotrail.info\\\/?s={search_term_string}\"},\"query-input\":{\"@type\":\"PropertyValueSpecification\",\"valueRequired\":true,\"valueName\":\"search_term_string\"}}],\"inLanguage\":\"fr-FR\"},{\"@type\":\"Organization\",\"@id\":\"https:\\\/\\\/eurotrail.info\\\/#organization\",\"name\":\"Eurotrail | The way we camp!\",\"url\":\"https:\\\/\\\/eurotrail.info\\\/\",\"logo\":{\"@type\":\"ImageObject\",\"inLanguage\":\"fr-FR\",\"@id\":\"https:\\\/\\\/eurotrail.info\\\/#\\\/schema\\\/logo\\\/image\\\/\",\"url\":\"https:\\\/\\\/eurotrail.info\\\/wp\\\/wp-content\\\/uploads\\\/2023\\\/07\\\/ET-logo-quote_NL-scaled.jpg\",\"contentUrl\":\"https:\\\/\\\/eurotrail.info\\\/wp\\\/wp-content\\\/uploads\\\/2023\\\/07\\\/ET-logo-quote_NL-scaled.jpg\",\"width\":2560,\"height\":675,\"caption\":\"Eurotrail | The way we camp!\"},\"image\":{\"@id\":\"https:\\\/\\\/eurotrail.info\\\/#\\\/schema\\\/logo\\\/image\\\/\"}}]}<\/script>\n<!-- \/ Yoast SEO plugin. -->","yoast_head_json":{"title":"Vaisselle Denia - Anti-slip - Eurotrail | The way we camp!","robots":{"index":"index","follow":"follow","max-snippet":"max-snippet:-1","max-image-preview":"max-image-preview:large","max-video-preview":"max-video-preview:-1"},"canonical":"https:\/\/eurotrail.info\/fr\/producten\/articles-menagers\/vaisselle\/vaisselle-denia-anti-slip\/","og_locale":"fr_FR","og_type":"article","og_title":"Vaisselle Denia - Anti-slip - Eurotrail | The way we camp!","og_description":"Service de table 16 pi\u00e8ces au design original et tendance. La vaisselle est faite d&#8217;une m\u00e9lamine robuste adapt\u00e9e au lave-vaisselle. Le service est pourvu d&#8217;une&hellip;","og_url":"https:\/\/eurotrail.info\/fr\/producten\/articles-menagers\/vaisselle\/vaisselle-denia-anti-slip\/","og_site_name":"Eurotrail | The way we camp!","og_image":[{"width":1772,"height":1684,"url":"https:\/\/eurotrail.info\/wp\/wp-content\/uploads\/2020\/11\/ETKW2056-Denia-Set-21.jpg","type":"image\/jpeg"}],"twitter_card":"summary_large_image","twitter_misc":{"Dur\u00e9e de lecture estim\u00e9e":"1 minute"},"schema":{"@context":"https:\/\/schema.org","@graph":[{"@type":"WebPage","@id":"https:\/\/eurotrail.info\/fr\/producten\/articles-menagers\/vaisselle\/vaisselle-denia-anti-slip\/","url":"https:\/\/eurotrail.info\/fr\/producten\/articles-menagers\/vaisselle\/vaisselle-denia-anti-slip\/","name":"Vaisselle Denia - Anti-slip - Eurotrail | The way we camp!","isPartOf":{"@id":"https:\/\/eurotrail.info\/#website"},"primaryImageOfPage":{"@id":"https:\/\/eurotrail.info\/fr\/producten\/articles-menagers\/vaisselle\/vaisselle-denia-anti-slip\/#primaryimage"},"image":{"@id":"https:\/\/eurotrail.info\/fr\/producten\/articles-menagers\/vaisselle\/vaisselle-denia-anti-slip\/#primaryimage"},"thumbnailUrl":"https:\/\/eurotrail.info\/wp\/wp-content\/uploads\/2020\/11\/ETKW2056-Denia-Set-21.jpg","datePublished":"2020-11-20T14:46:16+00:00","breadcrumb":{"@id":"https:\/\/eurotrail.info\/fr\/producten\/articles-menagers\/vaisselle\/vaisselle-denia-anti-slip\/#breadcrumb"},"inLanguage":"fr-FR","potentialAction":[{"@type":"ReadAction","target":["https:\/\/eurotrail.info\/fr\/producten\/articles-menagers\/vaisselle\/vaisselle-denia-anti-slip\/"]}]},{"@type":"ImageObject","inLanguage":"fr-FR","@id":"https:\/\/eurotrail.info\/fr\/producten\/articles-menagers\/vaisselle\/vaisselle-denia-anti-slip\/#primaryimage","url":"https:\/\/eurotrail.info\/wp\/wp-content\/uploads\/2020\/11\/ETKW2056-Denia-Set-21.jpg","contentUrl":"https:\/\/eurotrail.info\/wp\/wp-content\/uploads\/2020\/11\/ETKW2056-Denia-Set-21.jpg","width":1772,"height":1684,"caption":"Eurotrail Denia tafelservies"},{"@type":"BreadcrumbList","@id":"https:\/\/eurotrail.info\/fr\/producten\/articles-menagers\/vaisselle\/vaisselle-denia-anti-slip\/#breadcrumb","itemListElement":[{"@type":"ListItem","position":1,"name":"Home","item":"https:\/\/eurotrail.info\/fr\/"},{"@type":"ListItem","position":2,"name":"Produits","item":"https:\/\/eurotrail.info\/fr\/produits\/"},{"@type":"ListItem","position":3,"name":"Vaisselle Denia &#8211; Anti-slip"}]},{"@type":"WebSite","@id":"https:\/\/eurotrail.info\/#website","url":"https:\/\/eurotrail.info\/","name":"Eurotrail | The way we camp!","description":"","publisher":{"@id":"https:\/\/eurotrail.info\/#organization"},"potentialAction":[{"@type":"SearchAction","target":{"@type":"EntryPoint","urlTemplate":"https:\/\/eurotrail.info\/?s={search_term_string}"},"query-input":{"@type":"PropertyValueSpecification","valueRequired":true,"valueName":"search_term_string"}}],"inLanguage":"fr-FR"},{"@type":"Organization","@id":"https:\/\/eurotrail.info\/#organization","name":"Eurotrail | The way we camp!","url":"https:\/\/eurotrail.info\/","logo":{"@type":"ImageObject","inLanguage":"fr-FR","@id":"https:\/\/eurotrail.info\/#\/schema\/logo\/image\/","url":"https:\/\/eurotrail.info\/wp\/wp-content\/uploads\/2023\/07\/ET-logo-quote_NL-scaled.jpg","contentUrl":"https:\/\/eurotrail.info\/wp\/wp-content\/uploads\/2023\/07\/ET-logo-quote_NL-scaled.jpg","width":2560,"height":675,"caption":"Eurotrail | The way we camp!"},"image":{"@id":"https:\/\/eurotrail.info\/#\/schema\/logo\/image\/"}}]}},"_links":{"self":[{"href":"https:\/\/eurotrail.info\/fr\/wp-json\/wp\/v2\/product\/11291","targetHints":{"allow":["GET"]}}],"collection":[{"href":"https:\/\/eurotrail.info\/fr\/wp-json\/wp\/v2\/product"}],"about":[{"href":"https:\/\/eurotrail.info\/fr\/wp-json\/wp\/v2\/types\/product"}],"replies":[{"embeddable":true,"href":"https:\/\/eurotrail.info\/fr\/wp-json\/wp\/v2\/comments?post=11291"}],"wp:featuredmedia":[{"embeddable":true,"href":"https:\/\/eurotrail.info\/fr\/wp-json\/wp\/v2\/media\/11284"}],"wp:attachment":[{"href":"https:\/\/eurotrail.info\/fr\/wp-json\/wp\/v2\/media?parent=11291"}],"wp:term":[{"taxonomy":"product_brand","embeddable":true,"href":"https:\/\/eurotrail.info\/fr\/wp-json\/wp\/v2\/product_brand?post=11291"},{"taxonomy":"product_cat","embeddable":true,"href":"https:\/\/eurotrail.info\/fr\/wp-json\/wp\/v2\/product_cat?post=11291"},{"taxonomy":"product_tag","embeddable":true,"href":"https:\/\/eurotrail.info\/fr\/wp-json\/wp\/v2\/product_tag?post=11291"}],"curies":[{"name":"wp","href":"https:\/\/api.w.org\/{rel}","templated":true}]}}