{"id":11373,"date":"2017-01-26T09:16:20","date_gmt":"2017-01-26T08:16:20","guid":{"rendered":"https:\/\/eurotrail.info\/producten\/crochet-avec-ventouse\/"},"modified":"2021-11-30T10:16:47","modified_gmt":"2021-11-30T09:16:47","slug":"crochet-avec-ventouse","status":"publish","type":"product","link":"https:\/\/eurotrail.info\/fr\/producten\/salle-de-bain-cuisine\/crochet-avec-ventouse\/","title":{"rendered":"Crochet avec ventouse"},"content":{"rendered":"<p>Crochets de suspension pratiques avec fixation sp\u00e9ciale \u00e0 ventouse.<\/p>\n<p>Montage facile sans per\u00e7age ni vis. Convient pour une charge maximale de 2 kg.<br \/>\nId\u00e9al pour suspendre votre serviette ou vos cl\u00e9s.<\/p>\n<p>Attention: Convient uniquement pour une utilisation en int\u00e9rieur dans la salle de bain ou la cuisine. Ne convient pas pour une utilisation \u00e0 l&#8217;ext\u00e9rieur sur la caravane ou le camping-car!<\/p>\n<p>Disponible dans les couleurs : blanc, anthracite et vert.<\/p>\n<p>Dimensions : 35 x 60 x 33 mm<br \/>\nMat\u00e9riau : ABS + PA<br \/>\nCapacit\u00e9 de charge max. 2 kg<br \/>\nPoids : 11 gr<\/p>\n<p>\u00c9galement disponible pour une charge de 6 kg.<\/p>\n","protected":false},"excerpt":{"rendered":"<p>Crochets de suspension pratiques avec fixation sp\u00e9ciale \u00e0 ventouse. Montage facile sans per\u00e7age ni vis. Convient pour une charge maximale de 2 kg. Id\u00e9al pour&hellip;<\/p>\n","protected":false},"featured_media":11374,"comment_status":"open","ping_status":"closed","template":"","meta":{"_acf_changed":false},"product_brand":[],"product_cat":[251],"product_tag":[],"class_list":{"0":"post-11373","1":"product","2":"type-product","3":"status-publish","4":"has-post-thumbnail","6":"product_cat-salle-de-bain-cuisine","8":"first","9":"instock","10":"shipping-taxable","11":"product-type-simple"},"acf":[],"yoast_head":"<!-- This site is optimized with the Yoast SEO plugin v27.4 - https:\/\/yoast.com\/product\/yoast-seo-wordpress\/ -->\n<title>Crochet avec ventouse - Eurotrail | The way we camp!<\/title>\n<meta name=\"robots\" content=\"index, follow, max-snippet:-1, max-image-preview:large, max-video-preview:-1\" \/>\n<link rel=\"canonical\" href=\"https:\/\/eurotrail.info\/fr\/producten\/salle-de-bain-cuisine\/crochet-avec-ventouse\/\" \/>\n<meta property=\"og:locale\" content=\"fr_FR\" \/>\n<meta property=\"og:type\" content=\"article\" \/>\n<meta property=\"og:title\" content=\"Crochet avec ventouse - Eurotrail | The way we camp!\" \/>\n<meta property=\"og:description\" content=\"Crochets de suspension pratiques avec fixation sp\u00e9ciale \u00e0 ventouse. Montage facile sans per\u00e7age ni vis. Convient pour une charge maximale de 2 kg. Id\u00e9al pour&hellip;\" \/>\n<meta property=\"og:url\" content=\"https:\/\/eurotrail.info\/fr\/producten\/salle-de-bain-cuisine\/crochet-avec-ventouse\/\" \/>\n<meta property=\"og:site_name\" content=\"Eurotrail | The way we camp!\" \/>\n<meta property=\"article:modified_time\" content=\"2021-11-30T09:16:47+00:00\" \/>\n<meta property=\"og:image\" content=\"https:\/\/eurotrail.info\/wp\/wp-content\/uploads\/2017\/01\/ETKW8005\uf0228006_hook-large-sfeer-1.jpg\" \/>\n\t<meta property=\"og:image:width\" content=\"1200\" \/>\n\t<meta property=\"og:image:height\" content=\"1480\" \/>\n\t<meta property=\"og:image:type\" content=\"image\/jpeg\" \/>\n<meta name=\"twitter:card\" content=\"summary_large_image\" \/>\n<script type=\"application\/ld+json\" class=\"yoast-schema-graph\">{\"@context\":\"https:\\\/\\\/schema.org\",\"@graph\":[{\"@type\":\"WebPage\",\"@id\":\"https:\\\/\\\/eurotrail.info\\\/fr\\\/producten\\\/salle-de-bain-cuisine\\\/crochet-avec-ventouse\\\/\",\"url\":\"https:\\\/\\\/eurotrail.info\\\/fr\\\/producten\\\/salle-de-bain-cuisine\\\/crochet-avec-ventouse\\\/\",\"name\":\"Crochet avec ventouse - Eurotrail | The way we camp!\",\"isPartOf\":{\"@id\":\"https:\\\/\\\/eurotrail.info\\\/#website\"},\"primaryImageOfPage\":{\"@id\":\"https:\\\/\\\/eurotrail.info\\\/fr\\\/producten\\\/salle-de-bain-cuisine\\\/crochet-avec-ventouse\\\/#primaryimage\"},\"image\":{\"@id\":\"https:\\\/\\\/eurotrail.info\\\/fr\\\/producten\\\/salle-de-bain-cuisine\\\/crochet-avec-ventouse\\\/#primaryimage\"},\"thumbnailUrl\":\"https:\\\/\\\/eurotrail.info\\\/wp\\\/wp-content\\\/uploads\\\/2017\\\/01\\\/ETKW8005\uf0228006_hook-large-sfeer-1.jpg\",\"datePublished\":\"2017-01-26T08:16:20+00:00\",\"dateModified\":\"2021-11-30T09:16:47+00:00\",\"breadcrumb\":{\"@id\":\"https:\\\/\\\/eurotrail.info\\\/fr\\\/producten\\\/salle-de-bain-cuisine\\\/crochet-avec-ventouse\\\/#breadcrumb\"},\"inLanguage\":\"fr-FR\",\"potentialAction\":[{\"@type\":\"ReadAction\",\"target\":[\"https:\\\/\\\/eurotrail.info\\\/fr\\\/producten\\\/salle-de-bain-cuisine\\\/crochet-avec-ventouse\\\/\"]}]},{\"@type\":\"ImageObject\",\"inLanguage\":\"fr-FR\",\"@id\":\"https:\\\/\\\/eurotrail.info\\\/fr\\\/producten\\\/salle-de-bain-cuisine\\\/crochet-avec-ventouse\\\/#primaryimage\",\"url\":\"https:\\\/\\\/eurotrail.info\\\/wp\\\/wp-content\\\/uploads\\\/2017\\\/01\\\/ETKW8005\uf0228006_hook-large-sfeer-1.jpg\",\"contentUrl\":\"https:\\\/\\\/eurotrail.info\\\/wp\\\/wp-content\\\/uploads\\\/2017\\\/01\\\/ETKW8005\uf0228006_hook-large-sfeer-1.jpg\",\"width\":1200,\"height\":1480},{\"@type\":\"BreadcrumbList\",\"@id\":\"https:\\\/\\\/eurotrail.info\\\/fr\\\/producten\\\/salle-de-bain-cuisine\\\/crochet-avec-ventouse\\\/#breadcrumb\",\"itemListElement\":[{\"@type\":\"ListItem\",\"position\":1,\"name\":\"Home\",\"item\":\"https:\\\/\\\/eurotrail.info\\\/fr\\\/\"},{\"@type\":\"ListItem\",\"position\":2,\"name\":\"Produits\",\"item\":\"https:\\\/\\\/eurotrail.info\\\/fr\\\/produits\\\/\"},{\"@type\":\"ListItem\",\"position\":3,\"name\":\"Crochet avec ventouse\"}]},{\"@type\":\"WebSite\",\"@id\":\"https:\\\/\\\/eurotrail.info\\\/#website\",\"url\":\"https:\\\/\\\/eurotrail.info\\\/\",\"name\":\"Eurotrail | The way we camp!\",\"description\":\"\",\"publisher\":{\"@id\":\"https:\\\/\\\/eurotrail.info\\\/#organization\"},\"potentialAction\":[{\"@type\":\"SearchAction\",\"target\":{\"@type\":\"EntryPoint\",\"urlTemplate\":\"https:\\\/\\\/eurotrail.info\\\/?s={search_term_string}\"},\"query-input\":{\"@type\":\"PropertyValueSpecification\",\"valueRequired\":true,\"valueName\":\"search_term_string\"}}],\"inLanguage\":\"fr-FR\"},{\"@type\":\"Organization\",\"@id\":\"https:\\\/\\\/eurotrail.info\\\/#organization\",\"name\":\"Eurotrail | The way we camp!\",\"url\":\"https:\\\/\\\/eurotrail.info\\\/\",\"logo\":{\"@type\":\"ImageObject\",\"inLanguage\":\"fr-FR\",\"@id\":\"https:\\\/\\\/eurotrail.info\\\/#\\\/schema\\\/logo\\\/image\\\/\",\"url\":\"https:\\\/\\\/eurotrail.info\\\/wp\\\/wp-content\\\/uploads\\\/2023\\\/07\\\/ET-logo-quote_NL-scaled.jpg\",\"contentUrl\":\"https:\\\/\\\/eurotrail.info\\\/wp\\\/wp-content\\\/uploads\\\/2023\\\/07\\\/ET-logo-quote_NL-scaled.jpg\",\"width\":2560,\"height\":675,\"caption\":\"Eurotrail | The way we camp!\"},\"image\":{\"@id\":\"https:\\\/\\\/eurotrail.info\\\/#\\\/schema\\\/logo\\\/image\\\/\"}}]}<\/script>\n<!-- \/ Yoast SEO plugin. -->","yoast_head_json":{"title":"Crochet avec ventouse - Eurotrail | The way we camp!","robots":{"index":"index","follow":"follow","max-snippet":"max-snippet:-1","max-image-preview":"max-image-preview:large","max-video-preview":"max-video-preview:-1"},"canonical":"https:\/\/eurotrail.info\/fr\/producten\/salle-de-bain-cuisine\/crochet-avec-ventouse\/","og_locale":"fr_FR","og_type":"article","og_title":"Crochet avec ventouse - Eurotrail | The way we camp!","og_description":"Crochets de suspension pratiques avec fixation sp\u00e9ciale \u00e0 ventouse. Montage facile sans per\u00e7age ni vis. Convient pour une charge maximale de 2 kg. Id\u00e9al pour&hellip;","og_url":"https:\/\/eurotrail.info\/fr\/producten\/salle-de-bain-cuisine\/crochet-avec-ventouse\/","og_site_name":"Eurotrail | The way we camp!","article_modified_time":"2021-11-30T09:16:47+00:00","og_image":[{"width":1200,"height":1480,"url":"https:\/\/eurotrail.info\/wp\/wp-content\/uploads\/2017\/01\/ETKW8005\uf0228006_hook-large-sfeer-1.jpg","type":"image\/jpeg"}],"twitter_card":"summary_large_image","schema":{"@context":"https:\/\/schema.org","@graph":[{"@type":"WebPage","@id":"https:\/\/eurotrail.info\/fr\/producten\/salle-de-bain-cuisine\/crochet-avec-ventouse\/","url":"https:\/\/eurotrail.info\/fr\/producten\/salle-de-bain-cuisine\/crochet-avec-ventouse\/","name":"Crochet avec ventouse - Eurotrail | The way we camp!","isPartOf":{"@id":"https:\/\/eurotrail.info\/#website"},"primaryImageOfPage":{"@id":"https:\/\/eurotrail.info\/fr\/producten\/salle-de-bain-cuisine\/crochet-avec-ventouse\/#primaryimage"},"image":{"@id":"https:\/\/eurotrail.info\/fr\/producten\/salle-de-bain-cuisine\/crochet-avec-ventouse\/#primaryimage"},"thumbnailUrl":"https:\/\/eurotrail.info\/wp\/wp-content\/uploads\/2017\/01\/ETKW8005\uf0228006_hook-large-sfeer-1.jpg","datePublished":"2017-01-26T08:16:20+00:00","dateModified":"2021-11-30T09:16:47+00:00","breadcrumb":{"@id":"https:\/\/eurotrail.info\/fr\/producten\/salle-de-bain-cuisine\/crochet-avec-ventouse\/#breadcrumb"},"inLanguage":"fr-FR","potentialAction":[{"@type":"ReadAction","target":["https:\/\/eurotrail.info\/fr\/producten\/salle-de-bain-cuisine\/crochet-avec-ventouse\/"]}]},{"@type":"ImageObject","inLanguage":"fr-FR","@id":"https:\/\/eurotrail.info\/fr\/producten\/salle-de-bain-cuisine\/crochet-avec-ventouse\/#primaryimage","url":"https:\/\/eurotrail.info\/wp\/wp-content\/uploads\/2017\/01\/ETKW8005\uf0228006_hook-large-sfeer-1.jpg","contentUrl":"https:\/\/eurotrail.info\/wp\/wp-content\/uploads\/2017\/01\/ETKW8005\uf0228006_hook-large-sfeer-1.jpg","width":1200,"height":1480},{"@type":"BreadcrumbList","@id":"https:\/\/eurotrail.info\/fr\/producten\/salle-de-bain-cuisine\/crochet-avec-ventouse\/#breadcrumb","itemListElement":[{"@type":"ListItem","position":1,"name":"Home","item":"https:\/\/eurotrail.info\/fr\/"},{"@type":"ListItem","position":2,"name":"Produits","item":"https:\/\/eurotrail.info\/fr\/produits\/"},{"@type":"ListItem","position":3,"name":"Crochet avec ventouse"}]},{"@type":"WebSite","@id":"https:\/\/eurotrail.info\/#website","url":"https:\/\/eurotrail.info\/","name":"Eurotrail | The way we camp!","description":"","publisher":{"@id":"https:\/\/eurotrail.info\/#organization"},"potentialAction":[{"@type":"SearchAction","target":{"@type":"EntryPoint","urlTemplate":"https:\/\/eurotrail.info\/?s={search_term_string}"},"query-input":{"@type":"PropertyValueSpecification","valueRequired":true,"valueName":"search_term_string"}}],"inLanguage":"fr-FR"},{"@type":"Organization","@id":"https:\/\/eurotrail.info\/#organization","name":"Eurotrail | The way we camp!","url":"https:\/\/eurotrail.info\/","logo":{"@type":"ImageObject","inLanguage":"fr-FR","@id":"https:\/\/eurotrail.info\/#\/schema\/logo\/image\/","url":"https:\/\/eurotrail.info\/wp\/wp-content\/uploads\/2023\/07\/ET-logo-quote_NL-scaled.jpg","contentUrl":"https:\/\/eurotrail.info\/wp\/wp-content\/uploads\/2023\/07\/ET-logo-quote_NL-scaled.jpg","width":2560,"height":675,"caption":"Eurotrail | The way we camp!"},"image":{"@id":"https:\/\/eurotrail.info\/#\/schema\/logo\/image\/"}}]}},"_links":{"self":[{"href":"https:\/\/eurotrail.info\/fr\/wp-json\/wp\/v2\/product\/11373","targetHints":{"allow":["GET"]}}],"collection":[{"href":"https:\/\/eurotrail.info\/fr\/wp-json\/wp\/v2\/product"}],"about":[{"href":"https:\/\/eurotrail.info\/fr\/wp-json\/wp\/v2\/types\/product"}],"replies":[{"embeddable":true,"href":"https:\/\/eurotrail.info\/fr\/wp-json\/wp\/v2\/comments?post=11373"}],"wp:featuredmedia":[{"embeddable":true,"href":"https:\/\/eurotrail.info\/fr\/wp-json\/wp\/v2\/media\/11374"}],"wp:attachment":[{"href":"https:\/\/eurotrail.info\/fr\/wp-json\/wp\/v2\/media?parent=11373"}],"wp:term":[{"taxonomy":"product_brand","embeddable":true,"href":"https:\/\/eurotrail.info\/fr\/wp-json\/wp\/v2\/product_brand?post=11373"},{"taxonomy":"product_cat","embeddable":true,"href":"https:\/\/eurotrail.info\/fr\/wp-json\/wp\/v2\/product_cat?post=11373"},{"taxonomy":"product_tag","embeddable":true,"href":"https:\/\/eurotrail.info\/fr\/wp-json\/wp\/v2\/product_tag?post=11373"}],"curies":[{"name":"wp","href":"https:\/\/api.w.org\/{rel}","templated":true}]}}