{"id":11378,"date":"2017-01-06T15:49:34","date_gmt":"2017-01-06T14:49:34","guid":{"rendered":"https:\/\/eurotrail.info\/producten\/boite-de-conservation-avec-porte-papier\/"},"modified":"2021-11-30T09:56:39","modified_gmt":"2021-11-30T08:56:39","slug":"boite-de-conservation-avec-porte-papier","status":"publish","type":"product","link":"https:\/\/eurotrail.info\/fr\/producten\/salle-de-bain-cuisine\/boite-de-conservation-avec-porte-papier\/","title":{"rendered":"Bo\u00eete de conservation avec porte-papier"},"content":{"rendered":"<p>R\u00e9cipient avec porte-papier avec fixation par ventouses.<\/p>\n<p>Porte-rouleau de cuisine avec r\u00e9cipient de rangement avec fixation simple par ventouses. Support id\u00e9al pour une utilisation dans la cuisinette de votre caravane, camping-car ou \u00e0 la maison. La bo\u00eete de rangement offre un espace de rangement pratique pour les ustensiles de cuisine.<\/p>\n<p>Convient uniquement pour une utilisation en int\u00e9rieur dans la salle de bain ou la cuisine. Ne convient pas pour une utilisation \u00e0 l&#8217;ext\u00e9rieur sur la caravane ou le camping-car!<\/p>\n<p>Couleurs disponibles : blanc et anthracite.<\/p>\n<p>Dimensions : 266 x 220 x 80 mm<br \/>\nMat\u00e9riau : PP + ABS + PA<br \/>\nCapacit\u00e9 de charge max. 3 kg<br \/>\nPoids : 313 gr<\/p>\n","protected":false},"excerpt":{"rendered":"<p>R\u00e9cipient avec porte-papier avec fixation par ventouses. Porte-rouleau de cuisine avec r\u00e9cipient de rangement avec fixation simple par ventouses. Support id\u00e9al pour une utilisation dans&hellip;<\/p>\n","protected":false},"featured_media":11384,"comment_status":"open","ping_status":"closed","template":"","meta":{"_acf_changed":false},"product_brand":[],"product_cat":[251],"product_tag":[],"class_list":{"0":"post-11378","1":"product","2":"type-product","3":"status-publish","4":"has-post-thumbnail","6":"product_cat-salle-de-bain-cuisine","8":"first","9":"instock","10":"shipping-taxable","11":"product-type-simple"},"acf":[],"yoast_head":"<!-- This site is optimized with the Yoast SEO plugin v27.4 - https:\/\/yoast.com\/product\/yoast-seo-wordpress\/ -->\n<title>Bo\u00eete de conservation avec porte-papier - Eurotrail | The way we camp!<\/title>\n<meta name=\"robots\" content=\"index, follow, max-snippet:-1, max-image-preview:large, max-video-preview:-1\" \/>\n<link rel=\"canonical\" href=\"https:\/\/eurotrail.info\/fr\/producten\/salle-de-bain-cuisine\/boite-de-conservation-avec-porte-papier\/\" \/>\n<meta property=\"og:locale\" content=\"fr_FR\" \/>\n<meta property=\"og:type\" content=\"article\" \/>\n<meta property=\"og:title\" content=\"Bo\u00eete de conservation avec porte-papier - Eurotrail | The way we camp!\" \/>\n<meta property=\"og:description\" content=\"R\u00e9cipient avec porte-papier avec fixation par ventouses. Porte-rouleau de cuisine avec r\u00e9cipient de rangement avec fixation simple par ventouses. Support id\u00e9al pour une utilisation dans&hellip;\" \/>\n<meta property=\"og:url\" content=\"https:\/\/eurotrail.info\/fr\/producten\/salle-de-bain-cuisine\/boite-de-conservation-avec-porte-papier\/\" \/>\n<meta property=\"og:site_name\" content=\"Eurotrail | The way we camp!\" \/>\n<meta property=\"article:modified_time\" content=\"2021-11-30T08:56:39+00:00\" \/>\n<meta property=\"og:image\" content=\"https:\/\/eurotrail.info\/wp\/wp-content\/uploads\/2017\/01\/Eurotrail-keukenrolhouder-2.jpg\" \/>\n\t<meta property=\"og:image:width\" content=\"1037\" \/>\n\t<meta property=\"og:image:height\" content=\"1417\" \/>\n\t<meta property=\"og:image:type\" content=\"image\/jpeg\" \/>\n<meta name=\"twitter:card\" content=\"summary_large_image\" \/>\n<meta name=\"twitter:label1\" content=\"Dur\u00e9e de lecture estim\u00e9e\" \/>\n\t<meta name=\"twitter:data1\" content=\"1 minute\" \/>\n<script type=\"application\/ld+json\" class=\"yoast-schema-graph\">{\"@context\":\"https:\\\/\\\/schema.org\",\"@graph\":[{\"@type\":\"WebPage\",\"@id\":\"https:\\\/\\\/eurotrail.info\\\/fr\\\/producten\\\/salle-de-bain-cuisine\\\/boite-de-conservation-avec-porte-papier\\\/\",\"url\":\"https:\\\/\\\/eurotrail.info\\\/fr\\\/producten\\\/salle-de-bain-cuisine\\\/boite-de-conservation-avec-porte-papier\\\/\",\"name\":\"Bo\u00eete de conservation avec porte-papier - Eurotrail | The way we camp!\",\"isPartOf\":{\"@id\":\"https:\\\/\\\/eurotrail.info\\\/#website\"},\"primaryImageOfPage\":{\"@id\":\"https:\\\/\\\/eurotrail.info\\\/fr\\\/producten\\\/salle-de-bain-cuisine\\\/boite-de-conservation-avec-porte-papier\\\/#primaryimage\"},\"image\":{\"@id\":\"https:\\\/\\\/eurotrail.info\\\/fr\\\/producten\\\/salle-de-bain-cuisine\\\/boite-de-conservation-avec-porte-papier\\\/#primaryimage\"},\"thumbnailUrl\":\"https:\\\/\\\/eurotrail.info\\\/wp\\\/wp-content\\\/uploads\\\/2017\\\/01\\\/Eurotrail-keukenrolhouder-2.jpg\",\"datePublished\":\"2017-01-06T14:49:34+00:00\",\"dateModified\":\"2021-11-30T08:56:39+00:00\",\"breadcrumb\":{\"@id\":\"https:\\\/\\\/eurotrail.info\\\/fr\\\/producten\\\/salle-de-bain-cuisine\\\/boite-de-conservation-avec-porte-papier\\\/#breadcrumb\"},\"inLanguage\":\"fr-FR\",\"potentialAction\":[{\"@type\":\"ReadAction\",\"target\":[\"https:\\\/\\\/eurotrail.info\\\/fr\\\/producten\\\/salle-de-bain-cuisine\\\/boite-de-conservation-avec-porte-papier\\\/\"]}]},{\"@type\":\"ImageObject\",\"inLanguage\":\"fr-FR\",\"@id\":\"https:\\\/\\\/eurotrail.info\\\/fr\\\/producten\\\/salle-de-bain-cuisine\\\/boite-de-conservation-avec-porte-papier\\\/#primaryimage\",\"url\":\"https:\\\/\\\/eurotrail.info\\\/wp\\\/wp-content\\\/uploads\\\/2017\\\/01\\\/Eurotrail-keukenrolhouder-2.jpg\",\"contentUrl\":\"https:\\\/\\\/eurotrail.info\\\/wp\\\/wp-content\\\/uploads\\\/2017\\\/01\\\/Eurotrail-keukenrolhouder-2.jpg\",\"width\":1037,\"height\":1417},{\"@type\":\"BreadcrumbList\",\"@id\":\"https:\\\/\\\/eurotrail.info\\\/fr\\\/producten\\\/salle-de-bain-cuisine\\\/boite-de-conservation-avec-porte-papier\\\/#breadcrumb\",\"itemListElement\":[{\"@type\":\"ListItem\",\"position\":1,\"name\":\"Home\",\"item\":\"https:\\\/\\\/eurotrail.info\\\/fr\\\/\"},{\"@type\":\"ListItem\",\"position\":2,\"name\":\"Produits\",\"item\":\"https:\\\/\\\/eurotrail.info\\\/fr\\\/produits\\\/\"},{\"@type\":\"ListItem\",\"position\":3,\"name\":\"Bo\u00eete de conservation avec porte-papier\"}]},{\"@type\":\"WebSite\",\"@id\":\"https:\\\/\\\/eurotrail.info\\\/#website\",\"url\":\"https:\\\/\\\/eurotrail.info\\\/\",\"name\":\"Eurotrail | The way we camp!\",\"description\":\"\",\"publisher\":{\"@id\":\"https:\\\/\\\/eurotrail.info\\\/#organization\"},\"potentialAction\":[{\"@type\":\"SearchAction\",\"target\":{\"@type\":\"EntryPoint\",\"urlTemplate\":\"https:\\\/\\\/eurotrail.info\\\/?s={search_term_string}\"},\"query-input\":{\"@type\":\"PropertyValueSpecification\",\"valueRequired\":true,\"valueName\":\"search_term_string\"}}],\"inLanguage\":\"fr-FR\"},{\"@type\":\"Organization\",\"@id\":\"https:\\\/\\\/eurotrail.info\\\/#organization\",\"name\":\"Eurotrail | The way we camp!\",\"url\":\"https:\\\/\\\/eurotrail.info\\\/\",\"logo\":{\"@type\":\"ImageObject\",\"inLanguage\":\"fr-FR\",\"@id\":\"https:\\\/\\\/eurotrail.info\\\/#\\\/schema\\\/logo\\\/image\\\/\",\"url\":\"https:\\\/\\\/eurotrail.info\\\/wp\\\/wp-content\\\/uploads\\\/2023\\\/07\\\/ET-logo-quote_NL-scaled.jpg\",\"contentUrl\":\"https:\\\/\\\/eurotrail.info\\\/wp\\\/wp-content\\\/uploads\\\/2023\\\/07\\\/ET-logo-quote_NL-scaled.jpg\",\"width\":2560,\"height\":675,\"caption\":\"Eurotrail | The way we camp!\"},\"image\":{\"@id\":\"https:\\\/\\\/eurotrail.info\\\/#\\\/schema\\\/logo\\\/image\\\/\"}}]}<\/script>\n<!-- \/ Yoast SEO plugin. -->","yoast_head_json":{"title":"Bo\u00eete de conservation avec porte-papier - Eurotrail | The way we camp!","robots":{"index":"index","follow":"follow","max-snippet":"max-snippet:-1","max-image-preview":"max-image-preview:large","max-video-preview":"max-video-preview:-1"},"canonical":"https:\/\/eurotrail.info\/fr\/producten\/salle-de-bain-cuisine\/boite-de-conservation-avec-porte-papier\/","og_locale":"fr_FR","og_type":"article","og_title":"Bo\u00eete de conservation avec porte-papier - Eurotrail | The way we camp!","og_description":"R\u00e9cipient avec porte-papier avec fixation par ventouses. Porte-rouleau de cuisine avec r\u00e9cipient de rangement avec fixation simple par ventouses. Support id\u00e9al pour une utilisation dans&hellip;","og_url":"https:\/\/eurotrail.info\/fr\/producten\/salle-de-bain-cuisine\/boite-de-conservation-avec-porte-papier\/","og_site_name":"Eurotrail | The way we camp!","article_modified_time":"2021-11-30T08:56:39+00:00","og_image":[{"width":1037,"height":1417,"url":"https:\/\/eurotrail.info\/wp\/wp-content\/uploads\/2017\/01\/Eurotrail-keukenrolhouder-2.jpg","type":"image\/jpeg"}],"twitter_card":"summary_large_image","twitter_misc":{"Dur\u00e9e de lecture estim\u00e9e":"1 minute"},"schema":{"@context":"https:\/\/schema.org","@graph":[{"@type":"WebPage","@id":"https:\/\/eurotrail.info\/fr\/producten\/salle-de-bain-cuisine\/boite-de-conservation-avec-porte-papier\/","url":"https:\/\/eurotrail.info\/fr\/producten\/salle-de-bain-cuisine\/boite-de-conservation-avec-porte-papier\/","name":"Bo\u00eete de conservation avec porte-papier - Eurotrail | The way we camp!","isPartOf":{"@id":"https:\/\/eurotrail.info\/#website"},"primaryImageOfPage":{"@id":"https:\/\/eurotrail.info\/fr\/producten\/salle-de-bain-cuisine\/boite-de-conservation-avec-porte-papier\/#primaryimage"},"image":{"@id":"https:\/\/eurotrail.info\/fr\/producten\/salle-de-bain-cuisine\/boite-de-conservation-avec-porte-papier\/#primaryimage"},"thumbnailUrl":"https:\/\/eurotrail.info\/wp\/wp-content\/uploads\/2017\/01\/Eurotrail-keukenrolhouder-2.jpg","datePublished":"2017-01-06T14:49:34+00:00","dateModified":"2021-11-30T08:56:39+00:00","breadcrumb":{"@id":"https:\/\/eurotrail.info\/fr\/producten\/salle-de-bain-cuisine\/boite-de-conservation-avec-porte-papier\/#breadcrumb"},"inLanguage":"fr-FR","potentialAction":[{"@type":"ReadAction","target":["https:\/\/eurotrail.info\/fr\/producten\/salle-de-bain-cuisine\/boite-de-conservation-avec-porte-papier\/"]}]},{"@type":"ImageObject","inLanguage":"fr-FR","@id":"https:\/\/eurotrail.info\/fr\/producten\/salle-de-bain-cuisine\/boite-de-conservation-avec-porte-papier\/#primaryimage","url":"https:\/\/eurotrail.info\/wp\/wp-content\/uploads\/2017\/01\/Eurotrail-keukenrolhouder-2.jpg","contentUrl":"https:\/\/eurotrail.info\/wp\/wp-content\/uploads\/2017\/01\/Eurotrail-keukenrolhouder-2.jpg","width":1037,"height":1417},{"@type":"BreadcrumbList","@id":"https:\/\/eurotrail.info\/fr\/producten\/salle-de-bain-cuisine\/boite-de-conservation-avec-porte-papier\/#breadcrumb","itemListElement":[{"@type":"ListItem","position":1,"name":"Home","item":"https:\/\/eurotrail.info\/fr\/"},{"@type":"ListItem","position":2,"name":"Produits","item":"https:\/\/eurotrail.info\/fr\/produits\/"},{"@type":"ListItem","position":3,"name":"Bo\u00eete de conservation avec porte-papier"}]},{"@type":"WebSite","@id":"https:\/\/eurotrail.info\/#website","url":"https:\/\/eurotrail.info\/","name":"Eurotrail | The way we camp!","description":"","publisher":{"@id":"https:\/\/eurotrail.info\/#organization"},"potentialAction":[{"@type":"SearchAction","target":{"@type":"EntryPoint","urlTemplate":"https:\/\/eurotrail.info\/?s={search_term_string}"},"query-input":{"@type":"PropertyValueSpecification","valueRequired":true,"valueName":"search_term_string"}}],"inLanguage":"fr-FR"},{"@type":"Organization","@id":"https:\/\/eurotrail.info\/#organization","name":"Eurotrail | The way we camp!","url":"https:\/\/eurotrail.info\/","logo":{"@type":"ImageObject","inLanguage":"fr-FR","@id":"https:\/\/eurotrail.info\/#\/schema\/logo\/image\/","url":"https:\/\/eurotrail.info\/wp\/wp-content\/uploads\/2023\/07\/ET-logo-quote_NL-scaled.jpg","contentUrl":"https:\/\/eurotrail.info\/wp\/wp-content\/uploads\/2023\/07\/ET-logo-quote_NL-scaled.jpg","width":2560,"height":675,"caption":"Eurotrail | The way we camp!"},"image":{"@id":"https:\/\/eurotrail.info\/#\/schema\/logo\/image\/"}}]}},"_links":{"self":[{"href":"https:\/\/eurotrail.info\/fr\/wp-json\/wp\/v2\/product\/11378","targetHints":{"allow":["GET"]}}],"collection":[{"href":"https:\/\/eurotrail.info\/fr\/wp-json\/wp\/v2\/product"}],"about":[{"href":"https:\/\/eurotrail.info\/fr\/wp-json\/wp\/v2\/types\/product"}],"replies":[{"embeddable":true,"href":"https:\/\/eurotrail.info\/fr\/wp-json\/wp\/v2\/comments?post=11378"}],"wp:featuredmedia":[{"embeddable":true,"href":"https:\/\/eurotrail.info\/fr\/wp-json\/wp\/v2\/media\/11384"}],"wp:attachment":[{"href":"https:\/\/eurotrail.info\/fr\/wp-json\/wp\/v2\/media?parent=11378"}],"wp:term":[{"taxonomy":"product_brand","embeddable":true,"href":"https:\/\/eurotrail.info\/fr\/wp-json\/wp\/v2\/product_brand?post=11378"},{"taxonomy":"product_cat","embeddable":true,"href":"https:\/\/eurotrail.info\/fr\/wp-json\/wp\/v2\/product_cat?post=11378"},{"taxonomy":"product_tag","embeddable":true,"href":"https:\/\/eurotrail.info\/fr\/wp-json\/wp\/v2\/product_tag?post=11378"}],"curies":[{"name":"wp","href":"https:\/\/api.w.org\/{rel}","templated":true}]}}