{"id":11400,"date":"2017-01-06T15:35:43","date_gmt":"2017-01-06T14:35:43","guid":{"rendered":"https:\/\/eurotrail.info\/producten\/etagere-avec-crochets-de-suspension\/"},"modified":"2021-11-30T10:18:53","modified_gmt":"2021-11-30T09:18:53","slug":"etagere-avec-crochets-de-suspension","status":"publish","type":"product","link":"https:\/\/eurotrail.info\/fr\/producten\/salle-de-bain-cuisine\/etagere-avec-crochets-de-suspension\/","title":{"rendered":"\u00c9tag\u00e8re avec crochets de suspension"},"content":{"rendered":"<p>\u00c9tag\u00e8re avec crochets de suspension et ventouses de fixation.<\/p>\n<p>\u00c9tag\u00e8re avec crochets de suspension et ventouses pour un montage facile. Les crochets sont id\u00e9aux dans la cuisine pour suspendre vos ustensiles de cuisines, mais peuvent \u00e9galement \u00eatre utilis\u00e9s pour votre manteau ou votre serviette. Pour une utilisation en caravane, camping-car ou \u00e0 la maison.<\/p>\n<p>Attention: Convient uniquement pour une utilisation en int\u00e9rieur dans la salle de bain ou la cuisine. Ne convient pas pour une utilisation \u00e0 l&#8217;ext\u00e9rieur sur la caravane ou le camping-car!<\/p>\n<p>Couleurs disponibles : blanc et anthracite.<\/p>\n<p>Dimensions : 425 x 175 x 110 mm<br \/>\nMat\u00e9riau : PP + ABS + PA<br \/>\nCapacit\u00e9 de charge max. 3 kg<br \/>\nPoids : 292 gr<\/p>\n","protected":false},"excerpt":{"rendered":"<p>\u00c9tag\u00e8re avec crochets de suspension et ventouses de fixation. \u00c9tag\u00e8re avec crochets de suspension et ventouses pour un montage facile. Les crochets sont id\u00e9aux dans&hellip;<\/p>\n","protected":false},"featured_media":11404,"comment_status":"open","ping_status":"closed","template":"","meta":{"_acf_changed":false},"product_brand":[],"product_cat":[251],"product_tag":[],"class_list":{"0":"post-11400","1":"product","2":"type-product","3":"status-publish","4":"has-post-thumbnail","6":"product_cat-salle-de-bain-cuisine","8":"first","9":"instock","10":"shipping-taxable","11":"product-type-simple"},"acf":[],"yoast_head":"<!-- This site is optimized with the Yoast SEO plugin v27.4 - https:\/\/yoast.com\/product\/yoast-seo-wordpress\/ -->\n<title>\u00c9tag\u00e8re avec crochets de suspension - Eurotrail | The way we camp!<\/title>\n<meta name=\"robots\" content=\"index, follow, max-snippet:-1, max-image-preview:large, max-video-preview:-1\" \/>\n<link rel=\"canonical\" href=\"https:\/\/eurotrail.info\/fr\/producten\/salle-de-bain-cuisine\/etagere-avec-crochets-de-suspension\/\" \/>\n<meta property=\"og:locale\" content=\"fr_FR\" \/>\n<meta property=\"og:type\" content=\"article\" \/>\n<meta property=\"og:title\" content=\"\u00c9tag\u00e8re avec crochets de suspension - Eurotrail | The way we camp!\" \/>\n<meta property=\"og:description\" content=\"\u00c9tag\u00e8re avec crochets de suspension et ventouses de fixation. \u00c9tag\u00e8re avec crochets de suspension et ventouses pour un montage facile. Les crochets sont id\u00e9aux dans&hellip;\" \/>\n<meta property=\"og:url\" content=\"https:\/\/eurotrail.info\/fr\/producten\/salle-de-bain-cuisine\/etagere-avec-crochets-de-suspension\/\" \/>\n<meta property=\"og:site_name\" content=\"Eurotrail | The way we camp!\" \/>\n<meta property=\"article:modified_time\" content=\"2021-11-30T09:18:53+00:00\" \/>\n<meta property=\"og:image\" content=\"https:\/\/eurotrail.info\/wp\/wp-content\/uploads\/2017\/01\/Eurotrail-keurkenplank-met-haken-en-zuignap-4.jpg\" \/>\n\t<meta property=\"og:image:width\" content=\"1417\" \/>\n\t<meta property=\"og:image:height\" content=\"1762\" \/>\n\t<meta property=\"og:image:type\" content=\"image\/jpeg\" \/>\n<meta name=\"twitter:card\" content=\"summary_large_image\" \/>\n<meta name=\"twitter:label1\" content=\"Dur\u00e9e de lecture estim\u00e9e\" \/>\n\t<meta name=\"twitter:data1\" content=\"1 minute\" \/>\n<script type=\"application\/ld+json\" class=\"yoast-schema-graph\">{\"@context\":\"https:\\\/\\\/schema.org\",\"@graph\":[{\"@type\":\"WebPage\",\"@id\":\"https:\\\/\\\/eurotrail.info\\\/fr\\\/producten\\\/salle-de-bain-cuisine\\\/etagere-avec-crochets-de-suspension\\\/\",\"url\":\"https:\\\/\\\/eurotrail.info\\\/fr\\\/producten\\\/salle-de-bain-cuisine\\\/etagere-avec-crochets-de-suspension\\\/\",\"name\":\"\u00c9tag\u00e8re avec crochets de suspension - Eurotrail | The way we camp!\",\"isPartOf\":{\"@id\":\"https:\\\/\\\/eurotrail.info\\\/#website\"},\"primaryImageOfPage\":{\"@id\":\"https:\\\/\\\/eurotrail.info\\\/fr\\\/producten\\\/salle-de-bain-cuisine\\\/etagere-avec-crochets-de-suspension\\\/#primaryimage\"},\"image\":{\"@id\":\"https:\\\/\\\/eurotrail.info\\\/fr\\\/producten\\\/salle-de-bain-cuisine\\\/etagere-avec-crochets-de-suspension\\\/#primaryimage\"},\"thumbnailUrl\":\"https:\\\/\\\/eurotrail.info\\\/wp\\\/wp-content\\\/uploads\\\/2017\\\/01\\\/Eurotrail-keurkenplank-met-haken-en-zuignap-4.jpg\",\"datePublished\":\"2017-01-06T14:35:43+00:00\",\"dateModified\":\"2021-11-30T09:18:53+00:00\",\"breadcrumb\":{\"@id\":\"https:\\\/\\\/eurotrail.info\\\/fr\\\/producten\\\/salle-de-bain-cuisine\\\/etagere-avec-crochets-de-suspension\\\/#breadcrumb\"},\"inLanguage\":\"fr-FR\",\"potentialAction\":[{\"@type\":\"ReadAction\",\"target\":[\"https:\\\/\\\/eurotrail.info\\\/fr\\\/producten\\\/salle-de-bain-cuisine\\\/etagere-avec-crochets-de-suspension\\\/\"]}]},{\"@type\":\"ImageObject\",\"inLanguage\":\"fr-FR\",\"@id\":\"https:\\\/\\\/eurotrail.info\\\/fr\\\/producten\\\/salle-de-bain-cuisine\\\/etagere-avec-crochets-de-suspension\\\/#primaryimage\",\"url\":\"https:\\\/\\\/eurotrail.info\\\/wp\\\/wp-content\\\/uploads\\\/2017\\\/01\\\/Eurotrail-keurkenplank-met-haken-en-zuignap-4.jpg\",\"contentUrl\":\"https:\\\/\\\/eurotrail.info\\\/wp\\\/wp-content\\\/uploads\\\/2017\\\/01\\\/Eurotrail-keurkenplank-met-haken-en-zuignap-4.jpg\",\"width\":1417,\"height\":1762},{\"@type\":\"BreadcrumbList\",\"@id\":\"https:\\\/\\\/eurotrail.info\\\/fr\\\/producten\\\/salle-de-bain-cuisine\\\/etagere-avec-crochets-de-suspension\\\/#breadcrumb\",\"itemListElement\":[{\"@type\":\"ListItem\",\"position\":1,\"name\":\"Home\",\"item\":\"https:\\\/\\\/eurotrail.info\\\/fr\\\/\"},{\"@type\":\"ListItem\",\"position\":2,\"name\":\"Produits\",\"item\":\"https:\\\/\\\/eurotrail.info\\\/fr\\\/produits\\\/\"},{\"@type\":\"ListItem\",\"position\":3,\"name\":\"\u00c9tag\u00e8re avec crochets de suspension\"}]},{\"@type\":\"WebSite\",\"@id\":\"https:\\\/\\\/eurotrail.info\\\/#website\",\"url\":\"https:\\\/\\\/eurotrail.info\\\/\",\"name\":\"Eurotrail | The way we camp!\",\"description\":\"\",\"publisher\":{\"@id\":\"https:\\\/\\\/eurotrail.info\\\/#organization\"},\"potentialAction\":[{\"@type\":\"SearchAction\",\"target\":{\"@type\":\"EntryPoint\",\"urlTemplate\":\"https:\\\/\\\/eurotrail.info\\\/?s={search_term_string}\"},\"query-input\":{\"@type\":\"PropertyValueSpecification\",\"valueRequired\":true,\"valueName\":\"search_term_string\"}}],\"inLanguage\":\"fr-FR\"},{\"@type\":\"Organization\",\"@id\":\"https:\\\/\\\/eurotrail.info\\\/#organization\",\"name\":\"Eurotrail | The way we camp!\",\"url\":\"https:\\\/\\\/eurotrail.info\\\/\",\"logo\":{\"@type\":\"ImageObject\",\"inLanguage\":\"fr-FR\",\"@id\":\"https:\\\/\\\/eurotrail.info\\\/#\\\/schema\\\/logo\\\/image\\\/\",\"url\":\"https:\\\/\\\/eurotrail.info\\\/wp\\\/wp-content\\\/uploads\\\/2023\\\/07\\\/ET-logo-quote_NL-scaled.jpg\",\"contentUrl\":\"https:\\\/\\\/eurotrail.info\\\/wp\\\/wp-content\\\/uploads\\\/2023\\\/07\\\/ET-logo-quote_NL-scaled.jpg\",\"width\":2560,\"height\":675,\"caption\":\"Eurotrail | The way we camp!\"},\"image\":{\"@id\":\"https:\\\/\\\/eurotrail.info\\\/#\\\/schema\\\/logo\\\/image\\\/\"}}]}<\/script>\n<!-- \/ Yoast SEO plugin. -->","yoast_head_json":{"title":"\u00c9tag\u00e8re avec crochets de suspension - Eurotrail | The way we camp!","robots":{"index":"index","follow":"follow","max-snippet":"max-snippet:-1","max-image-preview":"max-image-preview:large","max-video-preview":"max-video-preview:-1"},"canonical":"https:\/\/eurotrail.info\/fr\/producten\/salle-de-bain-cuisine\/etagere-avec-crochets-de-suspension\/","og_locale":"fr_FR","og_type":"article","og_title":"\u00c9tag\u00e8re avec crochets de suspension - Eurotrail | The way we camp!","og_description":"\u00c9tag\u00e8re avec crochets de suspension et ventouses de fixation. \u00c9tag\u00e8re avec crochets de suspension et ventouses pour un montage facile. Les crochets sont id\u00e9aux dans&hellip;","og_url":"https:\/\/eurotrail.info\/fr\/producten\/salle-de-bain-cuisine\/etagere-avec-crochets-de-suspension\/","og_site_name":"Eurotrail | The way we camp!","article_modified_time":"2021-11-30T09:18:53+00:00","og_image":[{"width":1417,"height":1762,"url":"https:\/\/eurotrail.info\/wp\/wp-content\/uploads\/2017\/01\/Eurotrail-keurkenplank-met-haken-en-zuignap-4.jpg","type":"image\/jpeg"}],"twitter_card":"summary_large_image","twitter_misc":{"Dur\u00e9e de lecture estim\u00e9e":"1 minute"},"schema":{"@context":"https:\/\/schema.org","@graph":[{"@type":"WebPage","@id":"https:\/\/eurotrail.info\/fr\/producten\/salle-de-bain-cuisine\/etagere-avec-crochets-de-suspension\/","url":"https:\/\/eurotrail.info\/fr\/producten\/salle-de-bain-cuisine\/etagere-avec-crochets-de-suspension\/","name":"\u00c9tag\u00e8re avec crochets de suspension - Eurotrail | The way we camp!","isPartOf":{"@id":"https:\/\/eurotrail.info\/#website"},"primaryImageOfPage":{"@id":"https:\/\/eurotrail.info\/fr\/producten\/salle-de-bain-cuisine\/etagere-avec-crochets-de-suspension\/#primaryimage"},"image":{"@id":"https:\/\/eurotrail.info\/fr\/producten\/salle-de-bain-cuisine\/etagere-avec-crochets-de-suspension\/#primaryimage"},"thumbnailUrl":"https:\/\/eurotrail.info\/wp\/wp-content\/uploads\/2017\/01\/Eurotrail-keurkenplank-met-haken-en-zuignap-4.jpg","datePublished":"2017-01-06T14:35:43+00:00","dateModified":"2021-11-30T09:18:53+00:00","breadcrumb":{"@id":"https:\/\/eurotrail.info\/fr\/producten\/salle-de-bain-cuisine\/etagere-avec-crochets-de-suspension\/#breadcrumb"},"inLanguage":"fr-FR","potentialAction":[{"@type":"ReadAction","target":["https:\/\/eurotrail.info\/fr\/producten\/salle-de-bain-cuisine\/etagere-avec-crochets-de-suspension\/"]}]},{"@type":"ImageObject","inLanguage":"fr-FR","@id":"https:\/\/eurotrail.info\/fr\/producten\/salle-de-bain-cuisine\/etagere-avec-crochets-de-suspension\/#primaryimage","url":"https:\/\/eurotrail.info\/wp\/wp-content\/uploads\/2017\/01\/Eurotrail-keurkenplank-met-haken-en-zuignap-4.jpg","contentUrl":"https:\/\/eurotrail.info\/wp\/wp-content\/uploads\/2017\/01\/Eurotrail-keurkenplank-met-haken-en-zuignap-4.jpg","width":1417,"height":1762},{"@type":"BreadcrumbList","@id":"https:\/\/eurotrail.info\/fr\/producten\/salle-de-bain-cuisine\/etagere-avec-crochets-de-suspension\/#breadcrumb","itemListElement":[{"@type":"ListItem","position":1,"name":"Home","item":"https:\/\/eurotrail.info\/fr\/"},{"@type":"ListItem","position":2,"name":"Produits","item":"https:\/\/eurotrail.info\/fr\/produits\/"},{"@type":"ListItem","position":3,"name":"\u00c9tag\u00e8re avec crochets de suspension"}]},{"@type":"WebSite","@id":"https:\/\/eurotrail.info\/#website","url":"https:\/\/eurotrail.info\/","name":"Eurotrail | The way we camp!","description":"","publisher":{"@id":"https:\/\/eurotrail.info\/#organization"},"potentialAction":[{"@type":"SearchAction","target":{"@type":"EntryPoint","urlTemplate":"https:\/\/eurotrail.info\/?s={search_term_string}"},"query-input":{"@type":"PropertyValueSpecification","valueRequired":true,"valueName":"search_term_string"}}],"inLanguage":"fr-FR"},{"@type":"Organization","@id":"https:\/\/eurotrail.info\/#organization","name":"Eurotrail | The way we camp!","url":"https:\/\/eurotrail.info\/","logo":{"@type":"ImageObject","inLanguage":"fr-FR","@id":"https:\/\/eurotrail.info\/#\/schema\/logo\/image\/","url":"https:\/\/eurotrail.info\/wp\/wp-content\/uploads\/2023\/07\/ET-logo-quote_NL-scaled.jpg","contentUrl":"https:\/\/eurotrail.info\/wp\/wp-content\/uploads\/2023\/07\/ET-logo-quote_NL-scaled.jpg","width":2560,"height":675,"caption":"Eurotrail | The way we camp!"},"image":{"@id":"https:\/\/eurotrail.info\/#\/schema\/logo\/image\/"}}]}},"_links":{"self":[{"href":"https:\/\/eurotrail.info\/fr\/wp-json\/wp\/v2\/product\/11400","targetHints":{"allow":["GET"]}}],"collection":[{"href":"https:\/\/eurotrail.info\/fr\/wp-json\/wp\/v2\/product"}],"about":[{"href":"https:\/\/eurotrail.info\/fr\/wp-json\/wp\/v2\/types\/product"}],"replies":[{"embeddable":true,"href":"https:\/\/eurotrail.info\/fr\/wp-json\/wp\/v2\/comments?post=11400"}],"wp:featuredmedia":[{"embeddable":true,"href":"https:\/\/eurotrail.info\/fr\/wp-json\/wp\/v2\/media\/11404"}],"wp:attachment":[{"href":"https:\/\/eurotrail.info\/fr\/wp-json\/wp\/v2\/media?parent=11400"}],"wp:term":[{"taxonomy":"product_brand","embeddable":true,"href":"https:\/\/eurotrail.info\/fr\/wp-json\/wp\/v2\/product_brand?post=11400"},{"taxonomy":"product_cat","embeddable":true,"href":"https:\/\/eurotrail.info\/fr\/wp-json\/wp\/v2\/product_cat?post=11400"},{"taxonomy":"product_tag","embeddable":true,"href":"https:\/\/eurotrail.info\/fr\/wp-json\/wp\/v2\/product_tag?post=11400"}],"curies":[{"name":"wp","href":"https:\/\/api.w.org\/{rel}","templated":true}]}}