{"id":11477,"date":"2017-01-19T09:56:01","date_gmt":"2017-01-19T08:56:01","guid":{"rendered":"https:\/\/eurotrail.info\/producten\/hockenheim-tente-de-bus\/"},"modified":"2021-12-10T15:42:49","modified_gmt":"2021-12-10T14:42:49","slug":"hockenheim-tente-de-bus","status":"publish","type":"product","link":"https:\/\/eurotrail.info\/fr\/producten\/caravane-camping-car-bus\/tentes-de-bus\/hockenheim-tente-de-bus\/","title":{"rendered":"Hockenheim &#8211; tente de bus"},"content":{"rendered":"<p>Tente de bus autoportante avec tapis de sol fixe et grandes fen\u00eatres tout autour. De nombreuses options de ventilation. Une entr\u00e9e principale spacieuse et une entr\u00e9e lat\u00e9rale suppl\u00e9mentaire. Le Hockenheim poss\u00e8de de grandes fen\u00eatres transparentes verrouillables. Fixation au bus avec barre de goutti\u00e8re (incluse). Hauteur de connexion jusqu&#8217;\u00e0 220 cm.<\/p>\n<p>Dimensions : 280 x 300 x 210 cm<br \/>\nDimensions de l&#8217;emballage : 70 x \u00d8 30 cm<br \/>\nTissu ext\u00e9rieur : 100% polyester 185T, colonne d&#8217;eau 3000 mm, coutures \u00e9tanches.<br \/>\nFond : mat\u00e9riau PE, housse de cockpit zipp\u00e9e<br \/>\nArmature : fibre de verre 12,7 mm \/ acier \u00d8 19 mm avec barre de toit pour montage sur bus<br \/>\nPoids : 15 kg<\/p>\n","protected":false},"excerpt":{"rendered":"<p>Tente de bus autoportante avec tapis de sol fixe et grandes fen\u00eatres tout autour. De nombreuses options de ventilation. Une entr\u00e9e principale spacieuse et une&hellip;<\/p>\n","protected":false},"featured_media":11483,"comment_status":"open","ping_status":"closed","template":"","meta":{"_acf_changed":false},"product_brand":[],"product_cat":[239],"product_tag":[],"class_list":{"0":"post-11477","1":"product","2":"type-product","3":"status-publish","4":"has-post-thumbnail","6":"product_cat-tentes-de-bus","8":"first","9":"instock","10":"shipping-taxable","11":"product-type-simple"},"acf":[],"yoast_head":"<!-- This site is optimized with the Yoast SEO plugin v27.4 - https:\/\/yoast.com\/product\/yoast-seo-wordpress\/ -->\n<title>Hockenheim - tente de bus - Eurotrail | The way we camp!<\/title>\n<meta name=\"description\" content=\"Tente d&#039;autobus, tapis de sol fixe et grandes fen\u00eatres. entr\u00e9e principale et une entr\u00e9e lat\u00e9rale suppl\u00e9mentaire Fixation avec poteau de toit.\" \/>\n<meta name=\"robots\" content=\"index, follow, max-snippet:-1, max-image-preview:large, max-video-preview:-1\" \/>\n<link rel=\"canonical\" href=\"https:\/\/eurotrail.info\/fr\/producten\/caravane-camping-car-bus\/tentes-de-bus\/hockenheim-tente-de-bus\/\" \/>\n<meta property=\"og:locale\" content=\"fr_FR\" \/>\n<meta property=\"og:type\" content=\"article\" \/>\n<meta property=\"og:title\" content=\"Hockenheim - tente de bus - Eurotrail | The way we camp!\" \/>\n<meta property=\"og:description\" content=\"Tente d&#039;autobus, tapis de sol fixe et grandes fen\u00eatres. entr\u00e9e principale et une entr\u00e9e lat\u00e9rale suppl\u00e9mentaire Fixation avec poteau de toit.\" \/>\n<meta property=\"og:url\" content=\"https:\/\/eurotrail.info\/fr\/producten\/caravane-camping-car-bus\/tentes-de-bus\/hockenheim-tente-de-bus\/\" \/>\n<meta property=\"og:site_name\" content=\"Eurotrail | The way we camp!\" \/>\n<meta property=\"article:modified_time\" content=\"2021-12-10T14:42:49+00:00\" \/>\n<meta property=\"og:image\" content=\"https:\/\/eurotrail.info\/wp\/wp-content\/uploads\/2017\/01\/image-2017-01-19.jpg\" \/>\n\t<meta property=\"og:image:width\" content=\"1280\" \/>\n\t<meta property=\"og:image:height\" content=\"914\" \/>\n\t<meta property=\"og:image:type\" content=\"image\/jpeg\" \/>\n<meta name=\"twitter:card\" content=\"summary_large_image\" \/>\n<meta name=\"twitter:label1\" content=\"Dur\u00e9e de lecture estim\u00e9e\" \/>\n\t<meta name=\"twitter:data1\" content=\"1 minute\" \/>\n<script type=\"application\/ld+json\" class=\"yoast-schema-graph\">{\"@context\":\"https:\\\/\\\/schema.org\",\"@graph\":[{\"@type\":\"WebPage\",\"@id\":\"https:\\\/\\\/eurotrail.info\\\/fr\\\/producten\\\/caravane-camping-car-bus\\\/tentes-de-bus\\\/hockenheim-tente-de-bus\\\/\",\"url\":\"https:\\\/\\\/eurotrail.info\\\/fr\\\/producten\\\/caravane-camping-car-bus\\\/tentes-de-bus\\\/hockenheim-tente-de-bus\\\/\",\"name\":\"Hockenheim - tente de bus - Eurotrail | The way we camp!\",\"isPartOf\":{\"@id\":\"https:\\\/\\\/eurotrail.info\\\/#website\"},\"primaryImageOfPage\":{\"@id\":\"https:\\\/\\\/eurotrail.info\\\/fr\\\/producten\\\/caravane-camping-car-bus\\\/tentes-de-bus\\\/hockenheim-tente-de-bus\\\/#primaryimage\"},\"image\":{\"@id\":\"https:\\\/\\\/eurotrail.info\\\/fr\\\/producten\\\/caravane-camping-car-bus\\\/tentes-de-bus\\\/hockenheim-tente-de-bus\\\/#primaryimage\"},\"thumbnailUrl\":\"https:\\\/\\\/eurotrail.info\\\/wp\\\/wp-content\\\/uploads\\\/2017\\\/01\\\/image-2017-01-19.jpg\",\"datePublished\":\"2017-01-19T08:56:01+00:00\",\"dateModified\":\"2021-12-10T14:42:49+00:00\",\"description\":\"Tente d'autobus, tapis de sol fixe et grandes fen\u00eatres. entr\u00e9e principale et une entr\u00e9e lat\u00e9rale suppl\u00e9mentaire Fixation avec poteau de toit.\",\"breadcrumb\":{\"@id\":\"https:\\\/\\\/eurotrail.info\\\/fr\\\/producten\\\/caravane-camping-car-bus\\\/tentes-de-bus\\\/hockenheim-tente-de-bus\\\/#breadcrumb\"},\"inLanguage\":\"fr-FR\",\"potentialAction\":[{\"@type\":\"ReadAction\",\"target\":[\"https:\\\/\\\/eurotrail.info\\\/fr\\\/producten\\\/caravane-camping-car-bus\\\/tentes-de-bus\\\/hockenheim-tente-de-bus\\\/\"]}]},{\"@type\":\"ImageObject\",\"inLanguage\":\"fr-FR\",\"@id\":\"https:\\\/\\\/eurotrail.info\\\/fr\\\/producten\\\/caravane-camping-car-bus\\\/tentes-de-bus\\\/hockenheim-tente-de-bus\\\/#primaryimage\",\"url\":\"https:\\\/\\\/eurotrail.info\\\/wp\\\/wp-content\\\/uploads\\\/2017\\\/01\\\/image-2017-01-19.jpg\",\"contentUrl\":\"https:\\\/\\\/eurotrail.info\\\/wp\\\/wp-content\\\/uploads\\\/2017\\\/01\\\/image-2017-01-19.jpg\",\"width\":1280,\"height\":914},{\"@type\":\"BreadcrumbList\",\"@id\":\"https:\\\/\\\/eurotrail.info\\\/fr\\\/producten\\\/caravane-camping-car-bus\\\/tentes-de-bus\\\/hockenheim-tente-de-bus\\\/#breadcrumb\",\"itemListElement\":[{\"@type\":\"ListItem\",\"position\":1,\"name\":\"Home\",\"item\":\"https:\\\/\\\/eurotrail.info\\\/fr\\\/\"},{\"@type\":\"ListItem\",\"position\":2,\"name\":\"Produits\",\"item\":\"https:\\\/\\\/eurotrail.info\\\/fr\\\/produits\\\/\"},{\"@type\":\"ListItem\",\"position\":3,\"name\":\"Hockenheim &#8211; tente de bus\"}]},{\"@type\":\"WebSite\",\"@id\":\"https:\\\/\\\/eurotrail.info\\\/#website\",\"url\":\"https:\\\/\\\/eurotrail.info\\\/\",\"name\":\"Eurotrail | The way we camp!\",\"description\":\"\",\"publisher\":{\"@id\":\"https:\\\/\\\/eurotrail.info\\\/#organization\"},\"potentialAction\":[{\"@type\":\"SearchAction\",\"target\":{\"@type\":\"EntryPoint\",\"urlTemplate\":\"https:\\\/\\\/eurotrail.info\\\/?s={search_term_string}\"},\"query-input\":{\"@type\":\"PropertyValueSpecification\",\"valueRequired\":true,\"valueName\":\"search_term_string\"}}],\"inLanguage\":\"fr-FR\"},{\"@type\":\"Organization\",\"@id\":\"https:\\\/\\\/eurotrail.info\\\/#organization\",\"name\":\"Eurotrail | The way we camp!\",\"url\":\"https:\\\/\\\/eurotrail.info\\\/\",\"logo\":{\"@type\":\"ImageObject\",\"inLanguage\":\"fr-FR\",\"@id\":\"https:\\\/\\\/eurotrail.info\\\/#\\\/schema\\\/logo\\\/image\\\/\",\"url\":\"https:\\\/\\\/eurotrail.info\\\/wp\\\/wp-content\\\/uploads\\\/2023\\\/07\\\/ET-logo-quote_NL-scaled.jpg\",\"contentUrl\":\"https:\\\/\\\/eurotrail.info\\\/wp\\\/wp-content\\\/uploads\\\/2023\\\/07\\\/ET-logo-quote_NL-scaled.jpg\",\"width\":2560,\"height\":675,\"caption\":\"Eurotrail | The way we camp!\"},\"image\":{\"@id\":\"https:\\\/\\\/eurotrail.info\\\/#\\\/schema\\\/logo\\\/image\\\/\"}}]}<\/script>\n<!-- \/ Yoast SEO plugin. -->","yoast_head_json":{"title":"Hockenheim - tente de bus - Eurotrail | The way we camp!","description":"Tente d'autobus, tapis de sol fixe et grandes fen\u00eatres. entr\u00e9e principale et une entr\u00e9e lat\u00e9rale suppl\u00e9mentaire Fixation avec poteau de toit.","robots":{"index":"index","follow":"follow","max-snippet":"max-snippet:-1","max-image-preview":"max-image-preview:large","max-video-preview":"max-video-preview:-1"},"canonical":"https:\/\/eurotrail.info\/fr\/producten\/caravane-camping-car-bus\/tentes-de-bus\/hockenheim-tente-de-bus\/","og_locale":"fr_FR","og_type":"article","og_title":"Hockenheim - tente de bus - Eurotrail | The way we camp!","og_description":"Tente d'autobus, tapis de sol fixe et grandes fen\u00eatres. entr\u00e9e principale et une entr\u00e9e lat\u00e9rale suppl\u00e9mentaire Fixation avec poteau de toit.","og_url":"https:\/\/eurotrail.info\/fr\/producten\/caravane-camping-car-bus\/tentes-de-bus\/hockenheim-tente-de-bus\/","og_site_name":"Eurotrail | The way we camp!","article_modified_time":"2021-12-10T14:42:49+00:00","og_image":[{"width":1280,"height":914,"url":"https:\/\/eurotrail.info\/wp\/wp-content\/uploads\/2017\/01\/image-2017-01-19.jpg","type":"image\/jpeg"}],"twitter_card":"summary_large_image","twitter_misc":{"Dur\u00e9e de lecture estim\u00e9e":"1 minute"},"schema":{"@context":"https:\/\/schema.org","@graph":[{"@type":"WebPage","@id":"https:\/\/eurotrail.info\/fr\/producten\/caravane-camping-car-bus\/tentes-de-bus\/hockenheim-tente-de-bus\/","url":"https:\/\/eurotrail.info\/fr\/producten\/caravane-camping-car-bus\/tentes-de-bus\/hockenheim-tente-de-bus\/","name":"Hockenheim - tente de bus - Eurotrail | The way we camp!","isPartOf":{"@id":"https:\/\/eurotrail.info\/#website"},"primaryImageOfPage":{"@id":"https:\/\/eurotrail.info\/fr\/producten\/caravane-camping-car-bus\/tentes-de-bus\/hockenheim-tente-de-bus\/#primaryimage"},"image":{"@id":"https:\/\/eurotrail.info\/fr\/producten\/caravane-camping-car-bus\/tentes-de-bus\/hockenheim-tente-de-bus\/#primaryimage"},"thumbnailUrl":"https:\/\/eurotrail.info\/wp\/wp-content\/uploads\/2017\/01\/image-2017-01-19.jpg","datePublished":"2017-01-19T08:56:01+00:00","dateModified":"2021-12-10T14:42:49+00:00","description":"Tente d'autobus, tapis de sol fixe et grandes fen\u00eatres. entr\u00e9e principale et une entr\u00e9e lat\u00e9rale suppl\u00e9mentaire Fixation avec poteau de toit.","breadcrumb":{"@id":"https:\/\/eurotrail.info\/fr\/producten\/caravane-camping-car-bus\/tentes-de-bus\/hockenheim-tente-de-bus\/#breadcrumb"},"inLanguage":"fr-FR","potentialAction":[{"@type":"ReadAction","target":["https:\/\/eurotrail.info\/fr\/producten\/caravane-camping-car-bus\/tentes-de-bus\/hockenheim-tente-de-bus\/"]}]},{"@type":"ImageObject","inLanguage":"fr-FR","@id":"https:\/\/eurotrail.info\/fr\/producten\/caravane-camping-car-bus\/tentes-de-bus\/hockenheim-tente-de-bus\/#primaryimage","url":"https:\/\/eurotrail.info\/wp\/wp-content\/uploads\/2017\/01\/image-2017-01-19.jpg","contentUrl":"https:\/\/eurotrail.info\/wp\/wp-content\/uploads\/2017\/01\/image-2017-01-19.jpg","width":1280,"height":914},{"@type":"BreadcrumbList","@id":"https:\/\/eurotrail.info\/fr\/producten\/caravane-camping-car-bus\/tentes-de-bus\/hockenheim-tente-de-bus\/#breadcrumb","itemListElement":[{"@type":"ListItem","position":1,"name":"Home","item":"https:\/\/eurotrail.info\/fr\/"},{"@type":"ListItem","position":2,"name":"Produits","item":"https:\/\/eurotrail.info\/fr\/produits\/"},{"@type":"ListItem","position":3,"name":"Hockenheim &#8211; tente de bus"}]},{"@type":"WebSite","@id":"https:\/\/eurotrail.info\/#website","url":"https:\/\/eurotrail.info\/","name":"Eurotrail | The way we camp!","description":"","publisher":{"@id":"https:\/\/eurotrail.info\/#organization"},"potentialAction":[{"@type":"SearchAction","target":{"@type":"EntryPoint","urlTemplate":"https:\/\/eurotrail.info\/?s={search_term_string}"},"query-input":{"@type":"PropertyValueSpecification","valueRequired":true,"valueName":"search_term_string"}}],"inLanguage":"fr-FR"},{"@type":"Organization","@id":"https:\/\/eurotrail.info\/#organization","name":"Eurotrail | The way we camp!","url":"https:\/\/eurotrail.info\/","logo":{"@type":"ImageObject","inLanguage":"fr-FR","@id":"https:\/\/eurotrail.info\/#\/schema\/logo\/image\/","url":"https:\/\/eurotrail.info\/wp\/wp-content\/uploads\/2023\/07\/ET-logo-quote_NL-scaled.jpg","contentUrl":"https:\/\/eurotrail.info\/wp\/wp-content\/uploads\/2023\/07\/ET-logo-quote_NL-scaled.jpg","width":2560,"height":675,"caption":"Eurotrail | The way we camp!"},"image":{"@id":"https:\/\/eurotrail.info\/#\/schema\/logo\/image\/"}}]}},"_links":{"self":[{"href":"https:\/\/eurotrail.info\/fr\/wp-json\/wp\/v2\/product\/11477","targetHints":{"allow":["GET"]}}],"collection":[{"href":"https:\/\/eurotrail.info\/fr\/wp-json\/wp\/v2\/product"}],"about":[{"href":"https:\/\/eurotrail.info\/fr\/wp-json\/wp\/v2\/types\/product"}],"replies":[{"embeddable":true,"href":"https:\/\/eurotrail.info\/fr\/wp-json\/wp\/v2\/comments?post=11477"}],"wp:featuredmedia":[{"embeddable":true,"href":"https:\/\/eurotrail.info\/fr\/wp-json\/wp\/v2\/media\/11483"}],"wp:attachment":[{"href":"https:\/\/eurotrail.info\/fr\/wp-json\/wp\/v2\/media?parent=11477"}],"wp:term":[{"taxonomy":"product_brand","embeddable":true,"href":"https:\/\/eurotrail.info\/fr\/wp-json\/wp\/v2\/product_brand?post=11477"},{"taxonomy":"product_cat","embeddable":true,"href":"https:\/\/eurotrail.info\/fr\/wp-json\/wp\/v2\/product_cat?post=11477"},{"taxonomy":"product_tag","embeddable":true,"href":"https:\/\/eurotrail.info\/fr\/wp-json\/wp\/v2\/product_tag?post=11477"}],"curies":[{"name":"wp","href":"https:\/\/api.w.org\/{rel}","templated":true}]}}