{"id":11564,"date":"2020-11-24T14:53:37","date_gmt":"2020-11-24T13:53:37","guid":{"rendered":"https:\/\/eurotrail.info\/producten\/blue-creek-tente-de-toilette\/"},"modified":"2022-02-07T17:02:22","modified_gmt":"2022-02-07T16:02:22","slug":"blue-creek-tente-de-toilette","status":"publish","type":"product","link":"https:\/\/eurotrail.info\/fr\/producten\/tentes\/tentes-de-bagages\/blue-creek-tente-de-toilette\/","title":{"rendered":"Blue Creek &#8211; Tente de toilette"},"content":{"rendered":"<p>Tente de toilette spacieuse \u00e9galement adapt\u00e9e comme tente de douche. Installation rapide et grande porte d&#8217;entr\u00e9e.<br \/>\n2 fen\u00eatres de ventilation en maille refermables en haut, 2 organisateurs pour articles de toilette et sangle pour serviette.<\/p>\n<p>Taille: 130x130x210cm<br \/>\nMat\u00e9riel: 100% polyester 190T<br \/>\nStructure: arceaux \u00d8 8,5 en fibre de verre.<br \/>\nEmball\u00e9: 55x15x13cm<br \/>\nPoids: 2450 gr.<\/p>\n","protected":false},"excerpt":{"rendered":"<p>Tente de toilette spacieuse \u00e9galement adapt\u00e9e comme tente de douche. Installation rapide et grande porte d&#8217;entr\u00e9e. 2 fen\u00eatres de ventilation en maille refermables en haut,&hellip;<\/p>\n","protected":false},"featured_media":11561,"comment_status":"open","ping_status":"closed","template":"","meta":{"_acf_changed":false},"product_brand":[],"product_cat":[275,279],"product_tag":[],"class_list":{"0":"post-11564","1":"product","2":"type-product","3":"status-publish","4":"has-post-thumbnail","6":"product_cat-tentes","7":"product_cat-tentes-de-bagages","9":"first","10":"instock","11":"shipping-taxable","12":"product-type-simple"},"acf":[],"yoast_head":"<!-- This site is optimized with the Yoast SEO plugin v27.4 - https:\/\/yoast.com\/product\/yoast-seo-wordpress\/ -->\n<title>Blue Creek - Tente de toilette - Eurotrail | The way we camp!<\/title>\n<meta name=\"description\" content=\"Tente de toilette \/ douche. Installation rapide et grande porte d&#039;entr\u00e9e.2 fen\u00eatres de ventilation en haut, 2 organisateurs.\" \/>\n<meta name=\"robots\" content=\"index, follow, max-snippet:-1, max-image-preview:large, max-video-preview:-1\" \/>\n<link rel=\"canonical\" href=\"https:\/\/eurotrail.info\/fr\/producten\/tentes\/tentes-de-bagages\/blue-creek-tente-de-toilette\/\" \/>\n<meta property=\"og:locale\" content=\"fr_FR\" \/>\n<meta property=\"og:type\" content=\"article\" \/>\n<meta property=\"og:title\" content=\"Blue Creek - Tente de toilette - Eurotrail | The way we camp!\" \/>\n<meta property=\"og:description\" content=\"Tente de toilette \/ douche. Installation rapide et grande porte d&#039;entr\u00e9e.2 fen\u00eatres de ventilation en haut, 2 organisateurs.\" \/>\n<meta property=\"og:url\" content=\"https:\/\/eurotrail.info\/fr\/producten\/tentes\/tentes-de-bagages\/blue-creek-tente-de-toilette\/\" \/>\n<meta property=\"og:site_name\" content=\"Eurotrail | The way we camp!\" \/>\n<meta property=\"article:modified_time\" content=\"2022-02-07T16:02:22+00:00\" \/>\n<meta property=\"og:image\" content=\"https:\/\/eurotrail.info\/wp\/wp-content\/uploads\/2020\/11\/ETTE0076-Blue-Creek-Open-21.jpg\" \/>\n\t<meta property=\"og:image:width\" content=\"1243\" \/>\n\t<meta property=\"og:image:height\" content=\"1772\" \/>\n\t<meta property=\"og:image:type\" content=\"image\/jpeg\" \/>\n<meta name=\"twitter:card\" content=\"summary_large_image\" \/>\n<script type=\"application\/ld+json\" class=\"yoast-schema-graph\">{\"@context\":\"https:\\\/\\\/schema.org\",\"@graph\":[{\"@type\":\"WebPage\",\"@id\":\"https:\\\/\\\/eurotrail.info\\\/fr\\\/producten\\\/tentes\\\/tentes-de-bagages\\\/blue-creek-tente-de-toilette\\\/\",\"url\":\"https:\\\/\\\/eurotrail.info\\\/fr\\\/producten\\\/tentes\\\/tentes-de-bagages\\\/blue-creek-tente-de-toilette\\\/\",\"name\":\"Blue Creek - Tente de toilette - Eurotrail | The way we camp!\",\"isPartOf\":{\"@id\":\"https:\\\/\\\/eurotrail.info\\\/#website\"},\"primaryImageOfPage\":{\"@id\":\"https:\\\/\\\/eurotrail.info\\\/fr\\\/producten\\\/tentes\\\/tentes-de-bagages\\\/blue-creek-tente-de-toilette\\\/#primaryimage\"},\"image\":{\"@id\":\"https:\\\/\\\/eurotrail.info\\\/fr\\\/producten\\\/tentes\\\/tentes-de-bagages\\\/blue-creek-tente-de-toilette\\\/#primaryimage\"},\"thumbnailUrl\":\"https:\\\/\\\/eurotrail.info\\\/wp\\\/wp-content\\\/uploads\\\/2020\\\/11\\\/ETTE0076-Blue-Creek-Open-21.jpg\",\"datePublished\":\"2020-11-24T13:53:37+00:00\",\"dateModified\":\"2022-02-07T16:02:22+00:00\",\"description\":\"Tente de toilette \\\/ douche. Installation rapide et grande porte d'entr\u00e9e.2 fen\u00eatres de ventilation en haut, 2 organisateurs.\",\"breadcrumb\":{\"@id\":\"https:\\\/\\\/eurotrail.info\\\/fr\\\/producten\\\/tentes\\\/tentes-de-bagages\\\/blue-creek-tente-de-toilette\\\/#breadcrumb\"},\"inLanguage\":\"fr-FR\",\"potentialAction\":[{\"@type\":\"ReadAction\",\"target\":[\"https:\\\/\\\/eurotrail.info\\\/fr\\\/producten\\\/tentes\\\/tentes-de-bagages\\\/blue-creek-tente-de-toilette\\\/\"]}]},{\"@type\":\"ImageObject\",\"inLanguage\":\"fr-FR\",\"@id\":\"https:\\\/\\\/eurotrail.info\\\/fr\\\/producten\\\/tentes\\\/tentes-de-bagages\\\/blue-creek-tente-de-toilette\\\/#primaryimage\",\"url\":\"https:\\\/\\\/eurotrail.info\\\/wp\\\/wp-content\\\/uploads\\\/2020\\\/11\\\/ETTE0076-Blue-Creek-Open-21.jpg\",\"contentUrl\":\"https:\\\/\\\/eurotrail.info\\\/wp\\\/wp-content\\\/uploads\\\/2020\\\/11\\\/ETTE0076-Blue-Creek-Open-21.jpg\",\"width\":1243,\"height\":1772,\"caption\":\"Eurotrail douche \\\/ toilettent\"},{\"@type\":\"BreadcrumbList\",\"@id\":\"https:\\\/\\\/eurotrail.info\\\/fr\\\/producten\\\/tentes\\\/tentes-de-bagages\\\/blue-creek-tente-de-toilette\\\/#breadcrumb\",\"itemListElement\":[{\"@type\":\"ListItem\",\"position\":1,\"name\":\"Home\",\"item\":\"https:\\\/\\\/eurotrail.info\\\/fr\\\/\"},{\"@type\":\"ListItem\",\"position\":2,\"name\":\"Produits\",\"item\":\"https:\\\/\\\/eurotrail.info\\\/fr\\\/produits\\\/\"},{\"@type\":\"ListItem\",\"position\":3,\"name\":\"Blue Creek &#8211; Tente de toilette\"}]},{\"@type\":\"WebSite\",\"@id\":\"https:\\\/\\\/eurotrail.info\\\/#website\",\"url\":\"https:\\\/\\\/eurotrail.info\\\/\",\"name\":\"Eurotrail | The way we camp!\",\"description\":\"\",\"publisher\":{\"@id\":\"https:\\\/\\\/eurotrail.info\\\/#organization\"},\"potentialAction\":[{\"@type\":\"SearchAction\",\"target\":{\"@type\":\"EntryPoint\",\"urlTemplate\":\"https:\\\/\\\/eurotrail.info\\\/?s={search_term_string}\"},\"query-input\":{\"@type\":\"PropertyValueSpecification\",\"valueRequired\":true,\"valueName\":\"search_term_string\"}}],\"inLanguage\":\"fr-FR\"},{\"@type\":\"Organization\",\"@id\":\"https:\\\/\\\/eurotrail.info\\\/#organization\",\"name\":\"Eurotrail | The way we camp!\",\"url\":\"https:\\\/\\\/eurotrail.info\\\/\",\"logo\":{\"@type\":\"ImageObject\",\"inLanguage\":\"fr-FR\",\"@id\":\"https:\\\/\\\/eurotrail.info\\\/#\\\/schema\\\/logo\\\/image\\\/\",\"url\":\"https:\\\/\\\/eurotrail.info\\\/wp\\\/wp-content\\\/uploads\\\/2023\\\/07\\\/ET-logo-quote_NL-scaled.jpg\",\"contentUrl\":\"https:\\\/\\\/eurotrail.info\\\/wp\\\/wp-content\\\/uploads\\\/2023\\\/07\\\/ET-logo-quote_NL-scaled.jpg\",\"width\":2560,\"height\":675,\"caption\":\"Eurotrail | The way we camp!\"},\"image\":{\"@id\":\"https:\\\/\\\/eurotrail.info\\\/#\\\/schema\\\/logo\\\/image\\\/\"}}]}<\/script>\n<!-- \/ Yoast SEO plugin. -->","yoast_head_json":{"title":"Blue Creek - Tente de toilette - Eurotrail | The way we camp!","description":"Tente de toilette \/ douche. Installation rapide et grande porte d'entr\u00e9e.2 fen\u00eatres de ventilation en haut, 2 organisateurs.","robots":{"index":"index","follow":"follow","max-snippet":"max-snippet:-1","max-image-preview":"max-image-preview:large","max-video-preview":"max-video-preview:-1"},"canonical":"https:\/\/eurotrail.info\/fr\/producten\/tentes\/tentes-de-bagages\/blue-creek-tente-de-toilette\/","og_locale":"fr_FR","og_type":"article","og_title":"Blue Creek - Tente de toilette - Eurotrail | The way we camp!","og_description":"Tente de toilette \/ douche. Installation rapide et grande porte d'entr\u00e9e.2 fen\u00eatres de ventilation en haut, 2 organisateurs.","og_url":"https:\/\/eurotrail.info\/fr\/producten\/tentes\/tentes-de-bagages\/blue-creek-tente-de-toilette\/","og_site_name":"Eurotrail | The way we camp!","article_modified_time":"2022-02-07T16:02:22+00:00","og_image":[{"width":1243,"height":1772,"url":"https:\/\/eurotrail.info\/wp\/wp-content\/uploads\/2020\/11\/ETTE0076-Blue-Creek-Open-21.jpg","type":"image\/jpeg"}],"twitter_card":"summary_large_image","schema":{"@context":"https:\/\/schema.org","@graph":[{"@type":"WebPage","@id":"https:\/\/eurotrail.info\/fr\/producten\/tentes\/tentes-de-bagages\/blue-creek-tente-de-toilette\/","url":"https:\/\/eurotrail.info\/fr\/producten\/tentes\/tentes-de-bagages\/blue-creek-tente-de-toilette\/","name":"Blue Creek - Tente de toilette - Eurotrail | The way we camp!","isPartOf":{"@id":"https:\/\/eurotrail.info\/#website"},"primaryImageOfPage":{"@id":"https:\/\/eurotrail.info\/fr\/producten\/tentes\/tentes-de-bagages\/blue-creek-tente-de-toilette\/#primaryimage"},"image":{"@id":"https:\/\/eurotrail.info\/fr\/producten\/tentes\/tentes-de-bagages\/blue-creek-tente-de-toilette\/#primaryimage"},"thumbnailUrl":"https:\/\/eurotrail.info\/wp\/wp-content\/uploads\/2020\/11\/ETTE0076-Blue-Creek-Open-21.jpg","datePublished":"2020-11-24T13:53:37+00:00","dateModified":"2022-02-07T16:02:22+00:00","description":"Tente de toilette \/ douche. Installation rapide et grande porte d'entr\u00e9e.2 fen\u00eatres de ventilation en haut, 2 organisateurs.","breadcrumb":{"@id":"https:\/\/eurotrail.info\/fr\/producten\/tentes\/tentes-de-bagages\/blue-creek-tente-de-toilette\/#breadcrumb"},"inLanguage":"fr-FR","potentialAction":[{"@type":"ReadAction","target":["https:\/\/eurotrail.info\/fr\/producten\/tentes\/tentes-de-bagages\/blue-creek-tente-de-toilette\/"]}]},{"@type":"ImageObject","inLanguage":"fr-FR","@id":"https:\/\/eurotrail.info\/fr\/producten\/tentes\/tentes-de-bagages\/blue-creek-tente-de-toilette\/#primaryimage","url":"https:\/\/eurotrail.info\/wp\/wp-content\/uploads\/2020\/11\/ETTE0076-Blue-Creek-Open-21.jpg","contentUrl":"https:\/\/eurotrail.info\/wp\/wp-content\/uploads\/2020\/11\/ETTE0076-Blue-Creek-Open-21.jpg","width":1243,"height":1772,"caption":"Eurotrail douche \/ toilettent"},{"@type":"BreadcrumbList","@id":"https:\/\/eurotrail.info\/fr\/producten\/tentes\/tentes-de-bagages\/blue-creek-tente-de-toilette\/#breadcrumb","itemListElement":[{"@type":"ListItem","position":1,"name":"Home","item":"https:\/\/eurotrail.info\/fr\/"},{"@type":"ListItem","position":2,"name":"Produits","item":"https:\/\/eurotrail.info\/fr\/produits\/"},{"@type":"ListItem","position":3,"name":"Blue Creek &#8211; Tente de toilette"}]},{"@type":"WebSite","@id":"https:\/\/eurotrail.info\/#website","url":"https:\/\/eurotrail.info\/","name":"Eurotrail | The way we camp!","description":"","publisher":{"@id":"https:\/\/eurotrail.info\/#organization"},"potentialAction":[{"@type":"SearchAction","target":{"@type":"EntryPoint","urlTemplate":"https:\/\/eurotrail.info\/?s={search_term_string}"},"query-input":{"@type":"PropertyValueSpecification","valueRequired":true,"valueName":"search_term_string"}}],"inLanguage":"fr-FR"},{"@type":"Organization","@id":"https:\/\/eurotrail.info\/#organization","name":"Eurotrail | The way we camp!","url":"https:\/\/eurotrail.info\/","logo":{"@type":"ImageObject","inLanguage":"fr-FR","@id":"https:\/\/eurotrail.info\/#\/schema\/logo\/image\/","url":"https:\/\/eurotrail.info\/wp\/wp-content\/uploads\/2023\/07\/ET-logo-quote_NL-scaled.jpg","contentUrl":"https:\/\/eurotrail.info\/wp\/wp-content\/uploads\/2023\/07\/ET-logo-quote_NL-scaled.jpg","width":2560,"height":675,"caption":"Eurotrail | The way we camp!"},"image":{"@id":"https:\/\/eurotrail.info\/#\/schema\/logo\/image\/"}}]}},"_links":{"self":[{"href":"https:\/\/eurotrail.info\/fr\/wp-json\/wp\/v2\/product\/11564","targetHints":{"allow":["GET"]}}],"collection":[{"href":"https:\/\/eurotrail.info\/fr\/wp-json\/wp\/v2\/product"}],"about":[{"href":"https:\/\/eurotrail.info\/fr\/wp-json\/wp\/v2\/types\/product"}],"replies":[{"embeddable":true,"href":"https:\/\/eurotrail.info\/fr\/wp-json\/wp\/v2\/comments?post=11564"}],"wp:featuredmedia":[{"embeddable":true,"href":"https:\/\/eurotrail.info\/fr\/wp-json\/wp\/v2\/media\/11561"}],"wp:attachment":[{"href":"https:\/\/eurotrail.info\/fr\/wp-json\/wp\/v2\/media?parent=11564"}],"wp:term":[{"taxonomy":"product_brand","embeddable":true,"href":"https:\/\/eurotrail.info\/fr\/wp-json\/wp\/v2\/product_brand?post=11564"},{"taxonomy":"product_cat","embeddable":true,"href":"https:\/\/eurotrail.info\/fr\/wp-json\/wp\/v2\/product_cat?post=11564"},{"taxonomy":"product_tag","embeddable":true,"href":"https:\/\/eurotrail.info\/fr\/wp-json\/wp\/v2\/product_tag?post=11564"}],"curies":[{"name":"wp","href":"https:\/\/api.w.org\/{rel}","templated":true}]}}