{"id":11751,"date":"2020-11-25T13:35:23","date_gmt":"2020-11-25T12:35:23","guid":{"rendered":"https:\/\/eurotrail.info\/producten\/bouilloire-230v\/"},"modified":"2023-02-13T16:37:03","modified_gmt":"2023-02-13T15:37:03","slug":"bouilloire-230v","status":"publish","type":"product","link":"https:\/\/eurotrail.info\/fr\/producten\/articles-menagers\/appareils-de-cuisine-electriques\/bouilloire-230v\/","title":{"rendered":"Bouilloire 1.5 ltr. &#8211; 230V"},"content":{"rendered":"<p>La bouilloire \u00e0 eau Eurotrail est compacte et facile \u00e0 utiliser. Avec une capacit\u00e9 de 1,5 litre, la bouilloire a un tr\u00e8s grand volume, tandis que la puissance de 900 W garantit que vous n&#8217;avez pas \u00e0 attendre longtemps pour que l&#8217;eau bouillonne et la rend adapt\u00e9e pour une utilisation en camping.<\/p>\n<p>Utilisation<br \/>\nLa bouilloire est amovible de la station de base et donc pratique \u00e0 utiliser. L&#8217;indicateur de niveau d&#8217;eau claire et l&#8217;indication de teneur en eau maximale indiquent la quantit\u00e9 d&#8217;eau que vous pouvez mettre dans la bouilloire. Il est facile \u00e0 utiliser gr\u00e2ce \u00e0 l&#8217;interrupteur marche \/ arr\u00eat et gr\u00e2ce \u00e0 la lumi\u00e8re LED, vous pouvez imm\u00e9diatement voir si la bouilloire est allum\u00e9e. Lorsque l&#8217;eau bout, la bouilloire s&#8217;\u00e9teint automatiquement.<\/p>\n<p>S\u00fbr \u00e0 utiliser<br \/>\nLa bouilloire Eurotrail est fabriqu\u00e9e dans un bo\u00eetier avec une poign\u00e9e int\u00e9gr\u00e9e et est fabriqu\u00e9e en mat\u00e9riau sans BPA. La protection contre l&#8217;\u00e9bullition garantit que la bouilloire s&#8217;\u00e9teint lorsqu&#8217;il n&#8217;y a plus d&#8217;eau. Gr\u00e2ce au syst\u00e8me de rangement du cordon, vous pouvez facilement ranger le cordon inutile.<\/p>\n<p>D\u00e9tails:<br \/>\n\u2022 bouilloire pratique avec bo\u00eetier en plastique et capacit\u00e9 de 1,5 litre<br \/>\n\u2022 puissance 220-240V, 800-900W<br \/>\n\u2022 \u00e9quip\u00e9 d&#8217;un interrupteur marche \/ arr\u00eat et d&#8217;un arr\u00eat automatique<br \/>\n\u2022 protection contre l&#8217;\u00e9bullition \u00e0 sec<br \/>\n\u2022 360\u2070 rotatif sur la plaque de base<br \/>\n\u2022 Taille: 21x16x21cm<br \/>\n\u2022 Poids: 723 gr.<\/p>\n","protected":false},"excerpt":{"rendered":"<p>La bouilloire \u00e0 eau Eurotrail est compacte et facile \u00e0 utiliser. Avec une capacit\u00e9 de 1,5 litre, la bouilloire a un tr\u00e8s grand volume, tandis&hellip;<\/p>\n","protected":false},"featured_media":11736,"comment_status":"open","ping_status":"closed","template":"","meta":{"_acf_changed":false},"product_brand":[],"product_cat":[287,243],"product_tag":[],"class_list":{"0":"post-11751","1":"product","2":"type-product","3":"status-publish","4":"has-post-thumbnail","6":"product_cat-appareils-de-cuisine-electriques","7":"product_cat-articles-menagers","9":"first","10":"instock","11":"shipping-taxable","12":"product-type-simple"},"acf":[],"yoast_head":"<!-- This site is optimized with the Yoast SEO plugin v27.4 - https:\/\/yoast.com\/product\/yoast-seo-wordpress\/ -->\n<title>Bouilloire 1.5 ltr. - 230V - Eurotrail | The way we camp!<\/title>\n<meta name=\"robots\" content=\"index, follow, max-snippet:-1, max-image-preview:large, max-video-preview:-1\" \/>\n<link rel=\"canonical\" href=\"https:\/\/eurotrail.info\/fr\/producten\/articles-menagers\/appareils-de-cuisine-electriques\/bouilloire-230v\/\" \/>\n<meta property=\"og:locale\" content=\"fr_FR\" \/>\n<meta property=\"og:type\" content=\"article\" \/>\n<meta property=\"og:title\" content=\"Bouilloire 1.5 ltr. - 230V - Eurotrail | The way we camp!\" \/>\n<meta property=\"og:description\" content=\"La bouilloire \u00e0 eau Eurotrail est compacte et facile \u00e0 utiliser. Avec une capacit\u00e9 de 1,5 litre, la bouilloire a un tr\u00e8s grand volume, tandis&hellip;\" \/>\n<meta property=\"og:url\" content=\"https:\/\/eurotrail.info\/fr\/producten\/articles-menagers\/appareils-de-cuisine-electriques\/bouilloire-230v\/\" \/>\n<meta property=\"og:site_name\" content=\"Eurotrail | The way we camp!\" \/>\n<meta property=\"article:modified_time\" content=\"2023-02-13T15:37:03+00:00\" \/>\n<meta property=\"og:image\" content=\"https:\/\/eurotrail.info\/wp\/wp-content\/uploads\/2020\/11\/ETKW6016-Kettle-21.jpg\" \/>\n\t<meta property=\"og:image:width\" content=\"1628\" \/>\n\t<meta property=\"og:image:height\" content=\"1772\" \/>\n\t<meta property=\"og:image:type\" content=\"image\/jpeg\" \/>\n<meta name=\"twitter:card\" content=\"summary_large_image\" \/>\n<meta name=\"twitter:label1\" content=\"Dur\u00e9e de lecture estim\u00e9e\" \/>\n\t<meta name=\"twitter:data1\" content=\"2 minutes\" \/>\n<script type=\"application\/ld+json\" class=\"yoast-schema-graph\">{\"@context\":\"https:\\\/\\\/schema.org\",\"@graph\":[{\"@type\":\"WebPage\",\"@id\":\"https:\\\/\\\/eurotrail.info\\\/fr\\\/producten\\\/articles-menagers\\\/appareils-de-cuisine-electriques\\\/bouilloire-230v\\\/\",\"url\":\"https:\\\/\\\/eurotrail.info\\\/fr\\\/producten\\\/articles-menagers\\\/appareils-de-cuisine-electriques\\\/bouilloire-230v\\\/\",\"name\":\"Bouilloire 1.5 ltr. - 230V - Eurotrail | The way we camp!\",\"isPartOf\":{\"@id\":\"https:\\\/\\\/eurotrail.info\\\/#website\"},\"primaryImageOfPage\":{\"@id\":\"https:\\\/\\\/eurotrail.info\\\/fr\\\/producten\\\/articles-menagers\\\/appareils-de-cuisine-electriques\\\/bouilloire-230v\\\/#primaryimage\"},\"image\":{\"@id\":\"https:\\\/\\\/eurotrail.info\\\/fr\\\/producten\\\/articles-menagers\\\/appareils-de-cuisine-electriques\\\/bouilloire-230v\\\/#primaryimage\"},\"thumbnailUrl\":\"https:\\\/\\\/eurotrail.info\\\/wp\\\/wp-content\\\/uploads\\\/2020\\\/11\\\/ETKW6016-Kettle-21.jpg\",\"datePublished\":\"2020-11-25T12:35:23+00:00\",\"dateModified\":\"2023-02-13T15:37:03+00:00\",\"breadcrumb\":{\"@id\":\"https:\\\/\\\/eurotrail.info\\\/fr\\\/producten\\\/articles-menagers\\\/appareils-de-cuisine-electriques\\\/bouilloire-230v\\\/#breadcrumb\"},\"inLanguage\":\"fr-FR\",\"potentialAction\":[{\"@type\":\"ReadAction\",\"target\":[\"https:\\\/\\\/eurotrail.info\\\/fr\\\/producten\\\/articles-menagers\\\/appareils-de-cuisine-electriques\\\/bouilloire-230v\\\/\"]}]},{\"@type\":\"ImageObject\",\"inLanguage\":\"fr-FR\",\"@id\":\"https:\\\/\\\/eurotrail.info\\\/fr\\\/producten\\\/articles-menagers\\\/appareils-de-cuisine-electriques\\\/bouilloire-230v\\\/#primaryimage\",\"url\":\"https:\\\/\\\/eurotrail.info\\\/wp\\\/wp-content\\\/uploads\\\/2020\\\/11\\\/ETKW6016-Kettle-21.jpg\",\"contentUrl\":\"https:\\\/\\\/eurotrail.info\\\/wp\\\/wp-content\\\/uploads\\\/2020\\\/11\\\/ETKW6016-Kettle-21.jpg\",\"width\":1628,\"height\":1772,\"caption\":\"Eurotrail waterkoker 230V\"},{\"@type\":\"BreadcrumbList\",\"@id\":\"https:\\\/\\\/eurotrail.info\\\/fr\\\/producten\\\/articles-menagers\\\/appareils-de-cuisine-electriques\\\/bouilloire-230v\\\/#breadcrumb\",\"itemListElement\":[{\"@type\":\"ListItem\",\"position\":1,\"name\":\"Home\",\"item\":\"https:\\\/\\\/eurotrail.info\\\/fr\\\/\"},{\"@type\":\"ListItem\",\"position\":2,\"name\":\"Produits\",\"item\":\"https:\\\/\\\/eurotrail.info\\\/fr\\\/produits\\\/\"},{\"@type\":\"ListItem\",\"position\":3,\"name\":\"Bouilloire 1.5 ltr. &#8211; 230V\"}]},{\"@type\":\"WebSite\",\"@id\":\"https:\\\/\\\/eurotrail.info\\\/#website\",\"url\":\"https:\\\/\\\/eurotrail.info\\\/\",\"name\":\"Eurotrail | The way we camp!\",\"description\":\"\",\"publisher\":{\"@id\":\"https:\\\/\\\/eurotrail.info\\\/#organization\"},\"potentialAction\":[{\"@type\":\"SearchAction\",\"target\":{\"@type\":\"EntryPoint\",\"urlTemplate\":\"https:\\\/\\\/eurotrail.info\\\/?s={search_term_string}\"},\"query-input\":{\"@type\":\"PropertyValueSpecification\",\"valueRequired\":true,\"valueName\":\"search_term_string\"}}],\"inLanguage\":\"fr-FR\"},{\"@type\":\"Organization\",\"@id\":\"https:\\\/\\\/eurotrail.info\\\/#organization\",\"name\":\"Eurotrail | The way we camp!\",\"url\":\"https:\\\/\\\/eurotrail.info\\\/\",\"logo\":{\"@type\":\"ImageObject\",\"inLanguage\":\"fr-FR\",\"@id\":\"https:\\\/\\\/eurotrail.info\\\/#\\\/schema\\\/logo\\\/image\\\/\",\"url\":\"https:\\\/\\\/eurotrail.info\\\/wp\\\/wp-content\\\/uploads\\\/2023\\\/07\\\/ET-logo-quote_NL-scaled.jpg\",\"contentUrl\":\"https:\\\/\\\/eurotrail.info\\\/wp\\\/wp-content\\\/uploads\\\/2023\\\/07\\\/ET-logo-quote_NL-scaled.jpg\",\"width\":2560,\"height\":675,\"caption\":\"Eurotrail | The way we camp!\"},\"image\":{\"@id\":\"https:\\\/\\\/eurotrail.info\\\/#\\\/schema\\\/logo\\\/image\\\/\"}}]}<\/script>\n<!-- \/ Yoast SEO plugin. -->","yoast_head_json":{"title":"Bouilloire 1.5 ltr. - 230V - Eurotrail | The way we camp!","robots":{"index":"index","follow":"follow","max-snippet":"max-snippet:-1","max-image-preview":"max-image-preview:large","max-video-preview":"max-video-preview:-1"},"canonical":"https:\/\/eurotrail.info\/fr\/producten\/articles-menagers\/appareils-de-cuisine-electriques\/bouilloire-230v\/","og_locale":"fr_FR","og_type":"article","og_title":"Bouilloire 1.5 ltr. - 230V - Eurotrail | The way we camp!","og_description":"La bouilloire \u00e0 eau Eurotrail est compacte et facile \u00e0 utiliser. Avec une capacit\u00e9 de 1,5 litre, la bouilloire a un tr\u00e8s grand volume, tandis&hellip;","og_url":"https:\/\/eurotrail.info\/fr\/producten\/articles-menagers\/appareils-de-cuisine-electriques\/bouilloire-230v\/","og_site_name":"Eurotrail | The way we camp!","article_modified_time":"2023-02-13T15:37:03+00:00","og_image":[{"width":1628,"height":1772,"url":"https:\/\/eurotrail.info\/wp\/wp-content\/uploads\/2020\/11\/ETKW6016-Kettle-21.jpg","type":"image\/jpeg"}],"twitter_card":"summary_large_image","twitter_misc":{"Dur\u00e9e de lecture estim\u00e9e":"2 minutes"},"schema":{"@context":"https:\/\/schema.org","@graph":[{"@type":"WebPage","@id":"https:\/\/eurotrail.info\/fr\/producten\/articles-menagers\/appareils-de-cuisine-electriques\/bouilloire-230v\/","url":"https:\/\/eurotrail.info\/fr\/producten\/articles-menagers\/appareils-de-cuisine-electriques\/bouilloire-230v\/","name":"Bouilloire 1.5 ltr. - 230V - Eurotrail | The way we camp!","isPartOf":{"@id":"https:\/\/eurotrail.info\/#website"},"primaryImageOfPage":{"@id":"https:\/\/eurotrail.info\/fr\/producten\/articles-menagers\/appareils-de-cuisine-electriques\/bouilloire-230v\/#primaryimage"},"image":{"@id":"https:\/\/eurotrail.info\/fr\/producten\/articles-menagers\/appareils-de-cuisine-electriques\/bouilloire-230v\/#primaryimage"},"thumbnailUrl":"https:\/\/eurotrail.info\/wp\/wp-content\/uploads\/2020\/11\/ETKW6016-Kettle-21.jpg","datePublished":"2020-11-25T12:35:23+00:00","dateModified":"2023-02-13T15:37:03+00:00","breadcrumb":{"@id":"https:\/\/eurotrail.info\/fr\/producten\/articles-menagers\/appareils-de-cuisine-electriques\/bouilloire-230v\/#breadcrumb"},"inLanguage":"fr-FR","potentialAction":[{"@type":"ReadAction","target":["https:\/\/eurotrail.info\/fr\/producten\/articles-menagers\/appareils-de-cuisine-electriques\/bouilloire-230v\/"]}]},{"@type":"ImageObject","inLanguage":"fr-FR","@id":"https:\/\/eurotrail.info\/fr\/producten\/articles-menagers\/appareils-de-cuisine-electriques\/bouilloire-230v\/#primaryimage","url":"https:\/\/eurotrail.info\/wp\/wp-content\/uploads\/2020\/11\/ETKW6016-Kettle-21.jpg","contentUrl":"https:\/\/eurotrail.info\/wp\/wp-content\/uploads\/2020\/11\/ETKW6016-Kettle-21.jpg","width":1628,"height":1772,"caption":"Eurotrail waterkoker 230V"},{"@type":"BreadcrumbList","@id":"https:\/\/eurotrail.info\/fr\/producten\/articles-menagers\/appareils-de-cuisine-electriques\/bouilloire-230v\/#breadcrumb","itemListElement":[{"@type":"ListItem","position":1,"name":"Home","item":"https:\/\/eurotrail.info\/fr\/"},{"@type":"ListItem","position":2,"name":"Produits","item":"https:\/\/eurotrail.info\/fr\/produits\/"},{"@type":"ListItem","position":3,"name":"Bouilloire 1.5 ltr. &#8211; 230V"}]},{"@type":"WebSite","@id":"https:\/\/eurotrail.info\/#website","url":"https:\/\/eurotrail.info\/","name":"Eurotrail | The way we camp!","description":"","publisher":{"@id":"https:\/\/eurotrail.info\/#organization"},"potentialAction":[{"@type":"SearchAction","target":{"@type":"EntryPoint","urlTemplate":"https:\/\/eurotrail.info\/?s={search_term_string}"},"query-input":{"@type":"PropertyValueSpecification","valueRequired":true,"valueName":"search_term_string"}}],"inLanguage":"fr-FR"},{"@type":"Organization","@id":"https:\/\/eurotrail.info\/#organization","name":"Eurotrail | The way we camp!","url":"https:\/\/eurotrail.info\/","logo":{"@type":"ImageObject","inLanguage":"fr-FR","@id":"https:\/\/eurotrail.info\/#\/schema\/logo\/image\/","url":"https:\/\/eurotrail.info\/wp\/wp-content\/uploads\/2023\/07\/ET-logo-quote_NL-scaled.jpg","contentUrl":"https:\/\/eurotrail.info\/wp\/wp-content\/uploads\/2023\/07\/ET-logo-quote_NL-scaled.jpg","width":2560,"height":675,"caption":"Eurotrail | The way we camp!"},"image":{"@id":"https:\/\/eurotrail.info\/#\/schema\/logo\/image\/"}}]}},"_links":{"self":[{"href":"https:\/\/eurotrail.info\/fr\/wp-json\/wp\/v2\/product\/11751","targetHints":{"allow":["GET"]}}],"collection":[{"href":"https:\/\/eurotrail.info\/fr\/wp-json\/wp\/v2\/product"}],"about":[{"href":"https:\/\/eurotrail.info\/fr\/wp-json\/wp\/v2\/types\/product"}],"replies":[{"embeddable":true,"href":"https:\/\/eurotrail.info\/fr\/wp-json\/wp\/v2\/comments?post=11751"}],"wp:featuredmedia":[{"embeddable":true,"href":"https:\/\/eurotrail.info\/fr\/wp-json\/wp\/v2\/media\/11736"}],"wp:attachment":[{"href":"https:\/\/eurotrail.info\/fr\/wp-json\/wp\/v2\/media?parent=11751"}],"wp:term":[{"taxonomy":"product_brand","embeddable":true,"href":"https:\/\/eurotrail.info\/fr\/wp-json\/wp\/v2\/product_brand?post=11751"},{"taxonomy":"product_cat","embeddable":true,"href":"https:\/\/eurotrail.info\/fr\/wp-json\/wp\/v2\/product_cat?post=11751"},{"taxonomy":"product_tag","embeddable":true,"href":"https:\/\/eurotrail.info\/fr\/wp-json\/wp\/v2\/product_tag?post=11751"}],"curies":[{"name":"wp","href":"https:\/\/api.w.org\/{rel}","templated":true}]}}