{"id":11835,"date":"2020-11-25T13:54:21","date_gmt":"2020-11-25T12:54:21","guid":{"rendered":"https:\/\/eurotrail.info\/producten\/organic-umiere-de-la-flamme\/"},"modified":"2021-04-22T12:02:11","modified_gmt":"2021-04-22T11:02:11","slug":"organic-umiere-de-la-flamme","status":"publish","type":"product","link":"https:\/\/eurotrail.info\/fr\/producten\/lampes-de-camping\/organic-umiere-de-la-flamme\/","title":{"rendered":"Organic &#8211; lumi\u00e8re de la flamme"},"content":{"rendered":"<p>Lampe de table originale en mat\u00e9riau ABS blanc mat. En retirant la lampe, vous obtenez une lumi\u00e8re blanche brillante ou une lumi\u00e8re chaude et de la flamme.\u00a0En appuyant sur le bouton marche \/ arr\u00eat en bas, vous pouvez s\u00e9lectionner 4 couleurs d&#8217;arri\u00e8re-plan suppl\u00e9mentaires.<\/p>\n<p>Mat\u00e9riau: plastique blanc pierre ABS<br \/>\nLED: 12 LED super lumineuses, 12 LED de flammes, 1 LED RVB<br \/>\nLumen: 30 lm<br \/>\nBatterie: 3 piles AA (non incluses)<br \/>\nTaille: \u00d812x14cm<br \/>\nPoids: 315 gr.<\/p>\n","protected":false},"excerpt":{"rendered":"<p>Lampe de table originale en mat\u00e9riau ABS blanc mat. En retirant la lampe, vous obtenez une lumi\u00e8re blanche brillante ou une lumi\u00e8re chaude et de&hellip;<\/p>\n","protected":false},"featured_media":11828,"comment_status":"open","ping_status":"closed","template":"","meta":{"_acf_changed":false},"product_brand":[],"product_cat":[283],"product_tag":[],"class_list":{"0":"post-11835","1":"product","2":"type-product","3":"status-publish","4":"has-post-thumbnail","6":"product_cat-lampes-de-camping","8":"first","9":"instock","10":"shipping-taxable","11":"product-type-simple"},"acf":[],"yoast_head":"<!-- This site is optimized with the Yoast SEO plugin v27.3 - https:\/\/yoast.com\/product\/yoast-seo-wordpress\/ -->\n<title>Organic - lumi\u00e8re de la flamme - Eurotrail | The way we camp!<\/title>\n<meta name=\"description\" content=\"Lampe de table originale en mat\u00e9riau ABS blanc mat. En retirant la lampe, vous obtenez une lumi\u00e8re blanche brillante ou une lumi\u00e8re chaude et de la flamme\" \/>\n<meta name=\"robots\" content=\"index, follow, max-snippet:-1, max-image-preview:large, max-video-preview:-1\" \/>\n<link rel=\"canonical\" href=\"https:\/\/eurotrail.info\/fr\/producten\/lampes-de-camping\/organic-umiere-de-la-flamme\/\" \/>\n<meta property=\"og:locale\" content=\"fr_FR\" \/>\n<meta property=\"og:type\" content=\"article\" \/>\n<meta property=\"og:title\" content=\"Organic - lumi\u00e8re de la flamme - Eurotrail | The way we camp!\" \/>\n<meta property=\"og:description\" content=\"Lampe de table originale en mat\u00e9riau ABS blanc mat. En retirant la lampe, vous obtenez une lumi\u00e8re blanche brillante ou une lumi\u00e8re chaude et de la flamme\" \/>\n<meta property=\"og:url\" content=\"https:\/\/eurotrail.info\/fr\/producten\/lampes-de-camping\/organic-umiere-de-la-flamme\/\" \/>\n<meta property=\"og:site_name\" content=\"Eurotrail | The way we camp!\" \/>\n<meta property=\"article:modified_time\" content=\"2021-04-22T11:02:11+00:00\" \/>\n<meta property=\"og:image\" content=\"https:\/\/eurotrail.info\/wp\/wp-content\/uploads\/2020\/11\/ETLT1206-Organic-Flame-Out-OnWarm-21.jpg\" \/>\n\t<meta property=\"og:image:width\" content=\"984\" \/>\n\t<meta property=\"og:image:height\" content=\"1772\" \/>\n\t<meta property=\"og:image:type\" content=\"image\/jpeg\" \/>\n<meta name=\"twitter:card\" content=\"summary_large_image\" \/>\n<script type=\"application\/ld+json\" class=\"yoast-schema-graph\">{\"@context\":\"https:\\\/\\\/schema.org\",\"@graph\":[{\"@type\":\"WebPage\",\"@id\":\"https:\\\/\\\/eurotrail.info\\\/fr\\\/producten\\\/lampes-de-camping\\\/organic-umiere-de-la-flamme\\\/\",\"url\":\"https:\\\/\\\/eurotrail.info\\\/fr\\\/producten\\\/lampes-de-camping\\\/organic-umiere-de-la-flamme\\\/\",\"name\":\"Organic - lumi\u00e8re de la flamme - Eurotrail | The way we camp!\",\"isPartOf\":{\"@id\":\"https:\\\/\\\/eurotrail.info\\\/#website\"},\"primaryImageOfPage\":{\"@id\":\"https:\\\/\\\/eurotrail.info\\\/fr\\\/producten\\\/lampes-de-camping\\\/organic-umiere-de-la-flamme\\\/#primaryimage\"},\"image\":{\"@id\":\"https:\\\/\\\/eurotrail.info\\\/fr\\\/producten\\\/lampes-de-camping\\\/organic-umiere-de-la-flamme\\\/#primaryimage\"},\"thumbnailUrl\":\"https:\\\/\\\/eurotrail.info\\\/wp\\\/wp-content\\\/uploads\\\/2020\\\/11\\\/ETLT1206-Organic-Flame-Out-OnWarm-21.jpg\",\"datePublished\":\"2020-11-25T12:54:21+00:00\",\"dateModified\":\"2021-04-22T11:02:11+00:00\",\"description\":\"Lampe de table originale en mat\u00e9riau ABS blanc mat. En retirant la lampe, vous obtenez une lumi\u00e8re blanche brillante ou une lumi\u00e8re chaude et de la flamme\",\"breadcrumb\":{\"@id\":\"https:\\\/\\\/eurotrail.info\\\/fr\\\/producten\\\/lampes-de-camping\\\/organic-umiere-de-la-flamme\\\/#breadcrumb\"},\"inLanguage\":\"fr-FR\",\"potentialAction\":[{\"@type\":\"ReadAction\",\"target\":[\"https:\\\/\\\/eurotrail.info\\\/fr\\\/producten\\\/lampes-de-camping\\\/organic-umiere-de-la-flamme\\\/\"]}]},{\"@type\":\"ImageObject\",\"inLanguage\":\"fr-FR\",\"@id\":\"https:\\\/\\\/eurotrail.info\\\/fr\\\/producten\\\/lampes-de-camping\\\/organic-umiere-de-la-flamme\\\/#primaryimage\",\"url\":\"https:\\\/\\\/eurotrail.info\\\/wp\\\/wp-content\\\/uploads\\\/2020\\\/11\\\/ETLT1206-Organic-Flame-Out-OnWarm-21.jpg\",\"contentUrl\":\"https:\\\/\\\/eurotrail.info\\\/wp\\\/wp-content\\\/uploads\\\/2020\\\/11\\\/ETLT1206-Organic-Flame-Out-OnWarm-21.jpg\",\"width\":984,\"height\":1772,\"caption\":\"Eurotrail Organic vlammend licht\"},{\"@type\":\"BreadcrumbList\",\"@id\":\"https:\\\/\\\/eurotrail.info\\\/fr\\\/producten\\\/lampes-de-camping\\\/organic-umiere-de-la-flamme\\\/#breadcrumb\",\"itemListElement\":[{\"@type\":\"ListItem\",\"position\":1,\"name\":\"Home\",\"item\":\"https:\\\/\\\/eurotrail.info\\\/fr\\\/\"},{\"@type\":\"ListItem\",\"position\":2,\"name\":\"Produits\",\"item\":\"https:\\\/\\\/eurotrail.info\\\/fr\\\/produits\\\/\"},{\"@type\":\"ListItem\",\"position\":3,\"name\":\"Organic &#8211; lumi\u00e8re de la flamme\"}]},{\"@type\":\"WebSite\",\"@id\":\"https:\\\/\\\/eurotrail.info\\\/#website\",\"url\":\"https:\\\/\\\/eurotrail.info\\\/\",\"name\":\"Eurotrail | The way we camp!\",\"description\":\"\",\"publisher\":{\"@id\":\"https:\\\/\\\/eurotrail.info\\\/#organization\"},\"potentialAction\":[{\"@type\":\"SearchAction\",\"target\":{\"@type\":\"EntryPoint\",\"urlTemplate\":\"https:\\\/\\\/eurotrail.info\\\/?s={search_term_string}\"},\"query-input\":{\"@type\":\"PropertyValueSpecification\",\"valueRequired\":true,\"valueName\":\"search_term_string\"}}],\"inLanguage\":\"fr-FR\"},{\"@type\":\"Organization\",\"@id\":\"https:\\\/\\\/eurotrail.info\\\/#organization\",\"name\":\"Eurotrail | The way we camp!\",\"url\":\"https:\\\/\\\/eurotrail.info\\\/\",\"logo\":{\"@type\":\"ImageObject\",\"inLanguage\":\"fr-FR\",\"@id\":\"https:\\\/\\\/eurotrail.info\\\/#\\\/schema\\\/logo\\\/image\\\/\",\"url\":\"https:\\\/\\\/eurotrail.info\\\/wp\\\/wp-content\\\/uploads\\\/2023\\\/07\\\/ET-logo-quote_NL-scaled.jpg\",\"contentUrl\":\"https:\\\/\\\/eurotrail.info\\\/wp\\\/wp-content\\\/uploads\\\/2023\\\/07\\\/ET-logo-quote_NL-scaled.jpg\",\"width\":2560,\"height\":675,\"caption\":\"Eurotrail | The way we camp!\"},\"image\":{\"@id\":\"https:\\\/\\\/eurotrail.info\\\/#\\\/schema\\\/logo\\\/image\\\/\"}}]}<\/script>\n<!-- \/ Yoast SEO plugin. -->","yoast_head_json":{"title":"Organic - lumi\u00e8re de la flamme - Eurotrail | The way we camp!","description":"Lampe de table originale en mat\u00e9riau ABS blanc mat. En retirant la lampe, vous obtenez une lumi\u00e8re blanche brillante ou une lumi\u00e8re chaude et de la flamme","robots":{"index":"index","follow":"follow","max-snippet":"max-snippet:-1","max-image-preview":"max-image-preview:large","max-video-preview":"max-video-preview:-1"},"canonical":"https:\/\/eurotrail.info\/fr\/producten\/lampes-de-camping\/organic-umiere-de-la-flamme\/","og_locale":"fr_FR","og_type":"article","og_title":"Organic - lumi\u00e8re de la flamme - Eurotrail | The way we camp!","og_description":"Lampe de table originale en mat\u00e9riau ABS blanc mat. En retirant la lampe, vous obtenez une lumi\u00e8re blanche brillante ou une lumi\u00e8re chaude et de la flamme","og_url":"https:\/\/eurotrail.info\/fr\/producten\/lampes-de-camping\/organic-umiere-de-la-flamme\/","og_site_name":"Eurotrail | The way we camp!","article_modified_time":"2021-04-22T11:02:11+00:00","og_image":[{"width":984,"height":1772,"url":"https:\/\/eurotrail.info\/wp\/wp-content\/uploads\/2020\/11\/ETLT1206-Organic-Flame-Out-OnWarm-21.jpg","type":"image\/jpeg"}],"twitter_card":"summary_large_image","schema":{"@context":"https:\/\/schema.org","@graph":[{"@type":"WebPage","@id":"https:\/\/eurotrail.info\/fr\/producten\/lampes-de-camping\/organic-umiere-de-la-flamme\/","url":"https:\/\/eurotrail.info\/fr\/producten\/lampes-de-camping\/organic-umiere-de-la-flamme\/","name":"Organic - lumi\u00e8re de la flamme - Eurotrail | The way we camp!","isPartOf":{"@id":"https:\/\/eurotrail.info\/#website"},"primaryImageOfPage":{"@id":"https:\/\/eurotrail.info\/fr\/producten\/lampes-de-camping\/organic-umiere-de-la-flamme\/#primaryimage"},"image":{"@id":"https:\/\/eurotrail.info\/fr\/producten\/lampes-de-camping\/organic-umiere-de-la-flamme\/#primaryimage"},"thumbnailUrl":"https:\/\/eurotrail.info\/wp\/wp-content\/uploads\/2020\/11\/ETLT1206-Organic-Flame-Out-OnWarm-21.jpg","datePublished":"2020-11-25T12:54:21+00:00","dateModified":"2021-04-22T11:02:11+00:00","description":"Lampe de table originale en mat\u00e9riau ABS blanc mat. En retirant la lampe, vous obtenez une lumi\u00e8re blanche brillante ou une lumi\u00e8re chaude et de la flamme","breadcrumb":{"@id":"https:\/\/eurotrail.info\/fr\/producten\/lampes-de-camping\/organic-umiere-de-la-flamme\/#breadcrumb"},"inLanguage":"fr-FR","potentialAction":[{"@type":"ReadAction","target":["https:\/\/eurotrail.info\/fr\/producten\/lampes-de-camping\/organic-umiere-de-la-flamme\/"]}]},{"@type":"ImageObject","inLanguage":"fr-FR","@id":"https:\/\/eurotrail.info\/fr\/producten\/lampes-de-camping\/organic-umiere-de-la-flamme\/#primaryimage","url":"https:\/\/eurotrail.info\/wp\/wp-content\/uploads\/2020\/11\/ETLT1206-Organic-Flame-Out-OnWarm-21.jpg","contentUrl":"https:\/\/eurotrail.info\/wp\/wp-content\/uploads\/2020\/11\/ETLT1206-Organic-Flame-Out-OnWarm-21.jpg","width":984,"height":1772,"caption":"Eurotrail Organic vlammend licht"},{"@type":"BreadcrumbList","@id":"https:\/\/eurotrail.info\/fr\/producten\/lampes-de-camping\/organic-umiere-de-la-flamme\/#breadcrumb","itemListElement":[{"@type":"ListItem","position":1,"name":"Home","item":"https:\/\/eurotrail.info\/fr\/"},{"@type":"ListItem","position":2,"name":"Produits","item":"https:\/\/eurotrail.info\/fr\/produits\/"},{"@type":"ListItem","position":3,"name":"Organic &#8211; lumi\u00e8re de la flamme"}]},{"@type":"WebSite","@id":"https:\/\/eurotrail.info\/#website","url":"https:\/\/eurotrail.info\/","name":"Eurotrail | The way we camp!","description":"","publisher":{"@id":"https:\/\/eurotrail.info\/#organization"},"potentialAction":[{"@type":"SearchAction","target":{"@type":"EntryPoint","urlTemplate":"https:\/\/eurotrail.info\/?s={search_term_string}"},"query-input":{"@type":"PropertyValueSpecification","valueRequired":true,"valueName":"search_term_string"}}],"inLanguage":"fr-FR"},{"@type":"Organization","@id":"https:\/\/eurotrail.info\/#organization","name":"Eurotrail | The way we camp!","url":"https:\/\/eurotrail.info\/","logo":{"@type":"ImageObject","inLanguage":"fr-FR","@id":"https:\/\/eurotrail.info\/#\/schema\/logo\/image\/","url":"https:\/\/eurotrail.info\/wp\/wp-content\/uploads\/2023\/07\/ET-logo-quote_NL-scaled.jpg","contentUrl":"https:\/\/eurotrail.info\/wp\/wp-content\/uploads\/2023\/07\/ET-logo-quote_NL-scaled.jpg","width":2560,"height":675,"caption":"Eurotrail | The way we camp!"},"image":{"@id":"https:\/\/eurotrail.info\/#\/schema\/logo\/image\/"}}]}},"_links":{"self":[{"href":"https:\/\/eurotrail.info\/fr\/wp-json\/wp\/v2\/product\/11835","targetHints":{"allow":["GET"]}}],"collection":[{"href":"https:\/\/eurotrail.info\/fr\/wp-json\/wp\/v2\/product"}],"about":[{"href":"https:\/\/eurotrail.info\/fr\/wp-json\/wp\/v2\/types\/product"}],"replies":[{"embeddable":true,"href":"https:\/\/eurotrail.info\/fr\/wp-json\/wp\/v2\/comments?post=11835"}],"wp:featuredmedia":[{"embeddable":true,"href":"https:\/\/eurotrail.info\/fr\/wp-json\/wp\/v2\/media\/11828"}],"wp:attachment":[{"href":"https:\/\/eurotrail.info\/fr\/wp-json\/wp\/v2\/media?parent=11835"}],"wp:term":[{"taxonomy":"product_brand","embeddable":true,"href":"https:\/\/eurotrail.info\/fr\/wp-json\/wp\/v2\/product_brand?post=11835"},{"taxonomy":"product_cat","embeddable":true,"href":"https:\/\/eurotrail.info\/fr\/wp-json\/wp\/v2\/product_cat?post=11835"},{"taxonomy":"product_tag","embeddable":true,"href":"https:\/\/eurotrail.info\/fr\/wp-json\/wp\/v2\/product_tag?post=11835"}],"curies":[{"name":"wp","href":"https:\/\/api.w.org\/{rel}","templated":true}]}}