{"id":11851,"date":"2020-11-25T14:43:35","date_gmt":"2020-11-25T13:43:35","guid":{"rendered":"https:\/\/eurotrail.info\/producten\/lumina-lampe-avec-solaire\/"},"modified":"2021-12-10T16:07:59","modified_gmt":"2021-12-10T15:07:59","slug":"lumina-lampe-avec-solaire","status":"publish","type":"product","link":"https:\/\/eurotrail.info\/fr\/producten\/lampes-de-camping\/lumina-lampe-avec-solaire\/","title":{"rendered":"Limina lampe rechargeable solaire"},"content":{"rendered":"<p>Grande lampe de table portable avec panneau solaire. La lampe LED donne une lumi\u00e8re blanche r\u00e9glable (3 positions), de lumi\u00e8re vive \u00e0 une bonne lampe de lecture ou une veilleuse. La lampe peut \u00e9galement \u00eatre utilis\u00e9e comme banque d&#8217;alimentation pour charger votre t\u00e9l\u00e9phone. La batterie int\u00e9gr\u00e9e est charg\u00e9e par le panneau solaire sur le dessus ou avec le c\u00e2ble USB. Poign\u00e9e de transport, fond antid\u00e9rapant en caoutchouc. Y compris c\u00e2ble USB.<\/p>\n<p>Mat\u00e9riau: rev\u00eatement en caoutchouc ABS + TPR.<br \/>\nLED: 9 pcs 3030 SMD led, marche \/ gradation \/ arr\u00eat<br \/>\nLumen: 600 Lumen<br \/>\nBatterie: batterie au lithium 3.7V \/ 4400mAh<br \/>\nPanneau solaire: 6v, 220Ma, 1.3W<br \/>\nTemps de travail: environ 4 heures avec une lumi\u00e8re \u00e9lev\u00e9e, la lumi\u00e8re s&#8217;\u00e9teint automatiquement pour prot\u00e9ger la batterie contre la d\u00e9charge.<br \/>\nTemps de charge: USB 8-10 heures, par solaire env. 15 heures<br \/>\nUtilisation: haute 4-5 heures, basse 6-7 heures<br \/>\nTaille: 12x12x24cm<br \/>\nPoids: 874 gr.<\/p>\n","protected":false},"excerpt":{"rendered":"<p>Grande lampe de table portable avec panneau solaire. La lampe LED donne une lumi\u00e8re blanche r\u00e9glable (3 positions), de lumi\u00e8re vive \u00e0 une bonne lampe&hellip;<\/p>\n","protected":false},"featured_media":11840,"comment_status":"open","ping_status":"closed","template":"","meta":{"_acf_changed":false},"product_brand":[],"product_cat":[283],"product_tag":[],"class_list":{"0":"post-11851","1":"product","2":"type-product","3":"status-publish","4":"has-post-thumbnail","6":"product_cat-lampes-de-camping","8":"first","9":"instock","10":"shipping-taxable","11":"product-type-simple"},"acf":[],"yoast_head":"<!-- This site is optimized with the Yoast SEO plugin v27.3 - https:\/\/yoast.com\/product\/yoast-seo-wordpress\/ -->\n<title>Limina lampe rechargeable solaire - Eurotrail | The way we camp!<\/title>\n<meta name=\"description\" content=\"Lampe de table portable avec panneau solaire. La lampe LED donne une lumi\u00e8re blanche r\u00e9glable (3 positions), de lumi\u00e8re vive \u00e0 une bonne lampe de lecture ou une veilleuse.\" \/>\n<meta name=\"robots\" content=\"index, follow, max-snippet:-1, max-image-preview:large, max-video-preview:-1\" \/>\n<link rel=\"canonical\" href=\"https:\/\/eurotrail.info\/fr\/producten\/lampes-de-camping\/lumina-lampe-avec-solaire\/\" \/>\n<meta property=\"og:locale\" content=\"fr_FR\" \/>\n<meta property=\"og:type\" content=\"article\" \/>\n<meta property=\"og:title\" content=\"Limina lampe rechargeable solaire - Eurotrail | The way we camp!\" \/>\n<meta property=\"og:description\" content=\"Lampe de table portable avec panneau solaire. La lampe LED donne une lumi\u00e8re blanche r\u00e9glable (3 positions), de lumi\u00e8re vive \u00e0 une bonne lampe de lecture ou une veilleuse.\" \/>\n<meta property=\"og:url\" content=\"https:\/\/eurotrail.info\/fr\/producten\/lampes-de-camping\/lumina-lampe-avec-solaire\/\" \/>\n<meta property=\"og:site_name\" content=\"Eurotrail | The way we camp!\" \/>\n<meta property=\"article:modified_time\" content=\"2021-12-10T15:07:59+00:00\" \/>\n<meta property=\"og:image\" content=\"https:\/\/eurotrail.info\/wp\/wp-content\/uploads\/2020\/11\/ETLT1191-Lumina-iphone-21.jpg\" \/>\n\t<meta property=\"og:image:width\" content=\"1431\" \/>\n\t<meta property=\"og:image:height\" content=\"1772\" \/>\n\t<meta property=\"og:image:type\" content=\"image\/jpeg\" \/>\n<meta name=\"twitter:card\" content=\"summary_large_image\" \/>\n<meta name=\"twitter:label1\" content=\"Dur\u00e9e de lecture estim\u00e9e\" \/>\n\t<meta name=\"twitter:data1\" content=\"1 minute\" \/>\n<script type=\"application\/ld+json\" class=\"yoast-schema-graph\">{\"@context\":\"https:\\\/\\\/schema.org\",\"@graph\":[{\"@type\":\"WebPage\",\"@id\":\"https:\\\/\\\/eurotrail.info\\\/fr\\\/producten\\\/lampes-de-camping\\\/lumina-lampe-avec-solaire\\\/\",\"url\":\"https:\\\/\\\/eurotrail.info\\\/fr\\\/producten\\\/lampes-de-camping\\\/lumina-lampe-avec-solaire\\\/\",\"name\":\"Limina lampe rechargeable solaire - Eurotrail | The way we camp!\",\"isPartOf\":{\"@id\":\"https:\\\/\\\/eurotrail.info\\\/#website\"},\"primaryImageOfPage\":{\"@id\":\"https:\\\/\\\/eurotrail.info\\\/fr\\\/producten\\\/lampes-de-camping\\\/lumina-lampe-avec-solaire\\\/#primaryimage\"},\"image\":{\"@id\":\"https:\\\/\\\/eurotrail.info\\\/fr\\\/producten\\\/lampes-de-camping\\\/lumina-lampe-avec-solaire\\\/#primaryimage\"},\"thumbnailUrl\":\"https:\\\/\\\/eurotrail.info\\\/wp\\\/wp-content\\\/uploads\\\/2020\\\/11\\\/ETLT1191-Lumina-iphone-21.jpg\",\"datePublished\":\"2020-11-25T13:43:35+00:00\",\"dateModified\":\"2021-12-10T15:07:59+00:00\",\"description\":\"Lampe de table portable avec panneau solaire. La lampe LED donne une lumi\u00e8re blanche r\u00e9glable (3 positions), de lumi\u00e8re vive \u00e0 une bonne lampe de lecture ou une veilleuse.\",\"breadcrumb\":{\"@id\":\"https:\\\/\\\/eurotrail.info\\\/fr\\\/producten\\\/lampes-de-camping\\\/lumina-lampe-avec-solaire\\\/#breadcrumb\"},\"inLanguage\":\"fr-FR\",\"potentialAction\":[{\"@type\":\"ReadAction\",\"target\":[\"https:\\\/\\\/eurotrail.info\\\/fr\\\/producten\\\/lampes-de-camping\\\/lumina-lampe-avec-solaire\\\/\"]}]},{\"@type\":\"ImageObject\",\"inLanguage\":\"fr-FR\",\"@id\":\"https:\\\/\\\/eurotrail.info\\\/fr\\\/producten\\\/lampes-de-camping\\\/lumina-lampe-avec-solaire\\\/#primaryimage\",\"url\":\"https:\\\/\\\/eurotrail.info\\\/wp\\\/wp-content\\\/uploads\\\/2020\\\/11\\\/ETLT1191-Lumina-iphone-21.jpg\",\"contentUrl\":\"https:\\\/\\\/eurotrail.info\\\/wp\\\/wp-content\\\/uploads\\\/2020\\\/11\\\/ETLT1191-Lumina-iphone-21.jpg\",\"width\":1431,\"height\":1772,\"caption\":\"Eurotrail Lumina Solar\"},{\"@type\":\"BreadcrumbList\",\"@id\":\"https:\\\/\\\/eurotrail.info\\\/fr\\\/producten\\\/lampes-de-camping\\\/lumina-lampe-avec-solaire\\\/#breadcrumb\",\"itemListElement\":[{\"@type\":\"ListItem\",\"position\":1,\"name\":\"Home\",\"item\":\"https:\\\/\\\/eurotrail.info\\\/fr\\\/\"},{\"@type\":\"ListItem\",\"position\":2,\"name\":\"Produits\",\"item\":\"https:\\\/\\\/eurotrail.info\\\/fr\\\/produits\\\/\"},{\"@type\":\"ListItem\",\"position\":3,\"name\":\"Limina lampe rechargeable solaire\"}]},{\"@type\":\"WebSite\",\"@id\":\"https:\\\/\\\/eurotrail.info\\\/#website\",\"url\":\"https:\\\/\\\/eurotrail.info\\\/\",\"name\":\"Eurotrail | The way we camp!\",\"description\":\"\",\"publisher\":{\"@id\":\"https:\\\/\\\/eurotrail.info\\\/#organization\"},\"potentialAction\":[{\"@type\":\"SearchAction\",\"target\":{\"@type\":\"EntryPoint\",\"urlTemplate\":\"https:\\\/\\\/eurotrail.info\\\/?s={search_term_string}\"},\"query-input\":{\"@type\":\"PropertyValueSpecification\",\"valueRequired\":true,\"valueName\":\"search_term_string\"}}],\"inLanguage\":\"fr-FR\"},{\"@type\":\"Organization\",\"@id\":\"https:\\\/\\\/eurotrail.info\\\/#organization\",\"name\":\"Eurotrail | The way we camp!\",\"url\":\"https:\\\/\\\/eurotrail.info\\\/\",\"logo\":{\"@type\":\"ImageObject\",\"inLanguage\":\"fr-FR\",\"@id\":\"https:\\\/\\\/eurotrail.info\\\/#\\\/schema\\\/logo\\\/image\\\/\",\"url\":\"https:\\\/\\\/eurotrail.info\\\/wp\\\/wp-content\\\/uploads\\\/2023\\\/07\\\/ET-logo-quote_NL-scaled.jpg\",\"contentUrl\":\"https:\\\/\\\/eurotrail.info\\\/wp\\\/wp-content\\\/uploads\\\/2023\\\/07\\\/ET-logo-quote_NL-scaled.jpg\",\"width\":2560,\"height\":675,\"caption\":\"Eurotrail | The way we camp!\"},\"image\":{\"@id\":\"https:\\\/\\\/eurotrail.info\\\/#\\\/schema\\\/logo\\\/image\\\/\"}}]}<\/script>\n<!-- \/ Yoast SEO plugin. -->","yoast_head_json":{"title":"Limina lampe rechargeable solaire - Eurotrail | The way we camp!","description":"Lampe de table portable avec panneau solaire. La lampe LED donne une lumi\u00e8re blanche r\u00e9glable (3 positions), de lumi\u00e8re vive \u00e0 une bonne lampe de lecture ou une veilleuse.","robots":{"index":"index","follow":"follow","max-snippet":"max-snippet:-1","max-image-preview":"max-image-preview:large","max-video-preview":"max-video-preview:-1"},"canonical":"https:\/\/eurotrail.info\/fr\/producten\/lampes-de-camping\/lumina-lampe-avec-solaire\/","og_locale":"fr_FR","og_type":"article","og_title":"Limina lampe rechargeable solaire - Eurotrail | The way we camp!","og_description":"Lampe de table portable avec panneau solaire. La lampe LED donne une lumi\u00e8re blanche r\u00e9glable (3 positions), de lumi\u00e8re vive \u00e0 une bonne lampe de lecture ou une veilleuse.","og_url":"https:\/\/eurotrail.info\/fr\/producten\/lampes-de-camping\/lumina-lampe-avec-solaire\/","og_site_name":"Eurotrail | The way we camp!","article_modified_time":"2021-12-10T15:07:59+00:00","og_image":[{"width":1431,"height":1772,"url":"https:\/\/eurotrail.info\/wp\/wp-content\/uploads\/2020\/11\/ETLT1191-Lumina-iphone-21.jpg","type":"image\/jpeg"}],"twitter_card":"summary_large_image","twitter_misc":{"Dur\u00e9e de lecture estim\u00e9e":"1 minute"},"schema":{"@context":"https:\/\/schema.org","@graph":[{"@type":"WebPage","@id":"https:\/\/eurotrail.info\/fr\/producten\/lampes-de-camping\/lumina-lampe-avec-solaire\/","url":"https:\/\/eurotrail.info\/fr\/producten\/lampes-de-camping\/lumina-lampe-avec-solaire\/","name":"Limina lampe rechargeable solaire - Eurotrail | The way we camp!","isPartOf":{"@id":"https:\/\/eurotrail.info\/#website"},"primaryImageOfPage":{"@id":"https:\/\/eurotrail.info\/fr\/producten\/lampes-de-camping\/lumina-lampe-avec-solaire\/#primaryimage"},"image":{"@id":"https:\/\/eurotrail.info\/fr\/producten\/lampes-de-camping\/lumina-lampe-avec-solaire\/#primaryimage"},"thumbnailUrl":"https:\/\/eurotrail.info\/wp\/wp-content\/uploads\/2020\/11\/ETLT1191-Lumina-iphone-21.jpg","datePublished":"2020-11-25T13:43:35+00:00","dateModified":"2021-12-10T15:07:59+00:00","description":"Lampe de table portable avec panneau solaire. La lampe LED donne une lumi\u00e8re blanche r\u00e9glable (3 positions), de lumi\u00e8re vive \u00e0 une bonne lampe de lecture ou une veilleuse.","breadcrumb":{"@id":"https:\/\/eurotrail.info\/fr\/producten\/lampes-de-camping\/lumina-lampe-avec-solaire\/#breadcrumb"},"inLanguage":"fr-FR","potentialAction":[{"@type":"ReadAction","target":["https:\/\/eurotrail.info\/fr\/producten\/lampes-de-camping\/lumina-lampe-avec-solaire\/"]}]},{"@type":"ImageObject","inLanguage":"fr-FR","@id":"https:\/\/eurotrail.info\/fr\/producten\/lampes-de-camping\/lumina-lampe-avec-solaire\/#primaryimage","url":"https:\/\/eurotrail.info\/wp\/wp-content\/uploads\/2020\/11\/ETLT1191-Lumina-iphone-21.jpg","contentUrl":"https:\/\/eurotrail.info\/wp\/wp-content\/uploads\/2020\/11\/ETLT1191-Lumina-iphone-21.jpg","width":1431,"height":1772,"caption":"Eurotrail Lumina Solar"},{"@type":"BreadcrumbList","@id":"https:\/\/eurotrail.info\/fr\/producten\/lampes-de-camping\/lumina-lampe-avec-solaire\/#breadcrumb","itemListElement":[{"@type":"ListItem","position":1,"name":"Home","item":"https:\/\/eurotrail.info\/fr\/"},{"@type":"ListItem","position":2,"name":"Produits","item":"https:\/\/eurotrail.info\/fr\/produits\/"},{"@type":"ListItem","position":3,"name":"Limina lampe rechargeable solaire"}]},{"@type":"WebSite","@id":"https:\/\/eurotrail.info\/#website","url":"https:\/\/eurotrail.info\/","name":"Eurotrail | The way we camp!","description":"","publisher":{"@id":"https:\/\/eurotrail.info\/#organization"},"potentialAction":[{"@type":"SearchAction","target":{"@type":"EntryPoint","urlTemplate":"https:\/\/eurotrail.info\/?s={search_term_string}"},"query-input":{"@type":"PropertyValueSpecification","valueRequired":true,"valueName":"search_term_string"}}],"inLanguage":"fr-FR"},{"@type":"Organization","@id":"https:\/\/eurotrail.info\/#organization","name":"Eurotrail | The way we camp!","url":"https:\/\/eurotrail.info\/","logo":{"@type":"ImageObject","inLanguage":"fr-FR","@id":"https:\/\/eurotrail.info\/#\/schema\/logo\/image\/","url":"https:\/\/eurotrail.info\/wp\/wp-content\/uploads\/2023\/07\/ET-logo-quote_NL-scaled.jpg","contentUrl":"https:\/\/eurotrail.info\/wp\/wp-content\/uploads\/2023\/07\/ET-logo-quote_NL-scaled.jpg","width":2560,"height":675,"caption":"Eurotrail | The way we camp!"},"image":{"@id":"https:\/\/eurotrail.info\/#\/schema\/logo\/image\/"}}]}},"_links":{"self":[{"href":"https:\/\/eurotrail.info\/fr\/wp-json\/wp\/v2\/product\/11851","targetHints":{"allow":["GET"]}}],"collection":[{"href":"https:\/\/eurotrail.info\/fr\/wp-json\/wp\/v2\/product"}],"about":[{"href":"https:\/\/eurotrail.info\/fr\/wp-json\/wp\/v2\/types\/product"}],"replies":[{"embeddable":true,"href":"https:\/\/eurotrail.info\/fr\/wp-json\/wp\/v2\/comments?post=11851"}],"wp:featuredmedia":[{"embeddable":true,"href":"https:\/\/eurotrail.info\/fr\/wp-json\/wp\/v2\/media\/11840"}],"wp:attachment":[{"href":"https:\/\/eurotrail.info\/fr\/wp-json\/wp\/v2\/media?parent=11851"}],"wp:term":[{"taxonomy":"product_brand","embeddable":true,"href":"https:\/\/eurotrail.info\/fr\/wp-json\/wp\/v2\/product_brand?post=11851"},{"taxonomy":"product_cat","embeddable":true,"href":"https:\/\/eurotrail.info\/fr\/wp-json\/wp\/v2\/product_cat?post=11851"},{"taxonomy":"product_tag","embeddable":true,"href":"https:\/\/eurotrail.info\/fr\/wp-json\/wp\/v2\/product_tag?post=11851"}],"curies":[{"name":"wp","href":"https:\/\/api.w.org\/{rel}","templated":true}]}}