{"id":11897,"date":"2020-01-30T11:25:22","date_gmt":"2020-01-30T10:25:22","guid":{"rendered":"https:\/\/eurotrail.info\/producten\/tapis-multi\/"},"modified":"2025-06-18T15:01:39","modified_gmt":"2025-06-18T14:01:39","slug":"tapis-multi","status":"publish","type":"product","link":"https:\/\/eurotrail.info\/fr\/producten\/tapis-de-tente\/tapis-multi\/","title":{"rendered":"tapis Multi"},"content":{"rendered":"<p>Le tapis Multi d&#8217;Eurotrail peut \u00eatre utilis\u00e9 n&#8217;importe o\u00f9. Non seulement dans la tente mais aussi devant la tente, dans le jardin comme tapis (de jeu) ou m\u00eame comme toile d&#8217;ombrage. Le mat\u00e9riau est bicolore bleu \/ gris et s&#8217;adapte donc \u00e0 presque tous les auvents. La maille est respirante, isole r\u00e9sistante aux UV et gr\u00e2ce \u00e0 la structure de tissage fin, elle est antid\u00e9rapante et pratiquement aucun insecte ne passe. Il y a des yeux sur les coins, ce qui facilite l&#8217;\u00e9tirement du tapis.<\/p>\n<p>Disponible en diff\u00e9rentes tailles.<\/p>\n<p>Mat\u00e9riau\u00a0: Polypropyl\u00e8ne 225\u00a0g\/m\u00b2<br \/>\nDimensions\u00a0: par exemple\u00a0: 250\u00a0x\u00a0200\u00a0cm<br \/>\nPoids\u00a0: 1,2\u00a0kg<br \/>\nEmballage\u00a0: environ 50\u00a0x\u00a040\u00a0x\u00a015\u00a0cm<\/p>\n<p>Dimensions disponibles:<br \/>\n250 x 200\/300\/400\/450\/500\/600cm<br \/>\n300 x 300\/400\/500\/600cm<br \/>\n400 x 400\/600cm<\/p>\n","protected":false},"excerpt":{"rendered":"<p>Le tapis Multi d&#8217;Eurotrail peut \u00eatre utilis\u00e9 n&#8217;importe o\u00f9. Non seulement dans la tente mais aussi devant la tente, dans le jardin comme tapis (de&hellip;<\/p>\n","protected":false},"featured_media":11899,"comment_status":"open","ping_status":"closed","template":"","meta":{"_acf_changed":false},"product_brand":[],"product_cat":[281],"product_tag":[],"class_list":{"0":"post-11897","1":"product","2":"type-product","3":"status-publish","4":"has-post-thumbnail","6":"product_cat-tapis-de-tente","8":"first","9":"instock","10":"shipping-taxable","11":"product-type-simple"},"acf":[],"yoast_head":"<!-- This site is optimized with the Yoast SEO plugin v27.3 - https:\/\/yoast.com\/product\/yoast-seo-wordpress\/ -->\n<title>tapis Multi - Eurotrail | The way we camp!<\/title>\n<meta name=\"robots\" content=\"index, follow, max-snippet:-1, max-image-preview:large, max-video-preview:-1\" \/>\n<link rel=\"canonical\" href=\"https:\/\/eurotrail.info\/fr\/producten\/tapis-de-tente\/tapis-multi\/\" \/>\n<meta property=\"og:locale\" content=\"fr_FR\" \/>\n<meta property=\"og:type\" content=\"article\" \/>\n<meta property=\"og:title\" content=\"tapis Multi - Eurotrail | The way we camp!\" \/>\n<meta property=\"og:description\" content=\"Le tapis Multi d&#8217;Eurotrail peut \u00eatre utilis\u00e9 n&#8217;importe o\u00f9. Non seulement dans la tente mais aussi devant la tente, dans le jardin comme tapis (de&hellip;\" \/>\n<meta property=\"og:url\" content=\"https:\/\/eurotrail.info\/fr\/producten\/tapis-de-tente\/tapis-multi\/\" \/>\n<meta property=\"og:site_name\" content=\"Eurotrail | The way we camp!\" \/>\n<meta property=\"article:modified_time\" content=\"2025-06-18T14:01:39+00:00\" \/>\n<meta property=\"og:image\" content=\"https:\/\/eurotrail.info\/wp\/wp-content\/uploads\/2020\/01\/Multicarpet-klein-768x541.png\" \/>\n\t<meta property=\"og:image:width\" content=\"768\" \/>\n\t<meta property=\"og:image:height\" content=\"541\" \/>\n\t<meta property=\"og:image:type\" content=\"image\/png\" \/>\n<meta name=\"twitter:card\" content=\"summary_large_image\" \/>\n<meta name=\"twitter:label1\" content=\"Dur\u00e9e de lecture estim\u00e9e\" \/>\n\t<meta name=\"twitter:data1\" content=\"1 minute\" \/>\n<script type=\"application\/ld+json\" class=\"yoast-schema-graph\">{\"@context\":\"https:\\\/\\\/schema.org\",\"@graph\":[{\"@type\":\"WebPage\",\"@id\":\"https:\\\/\\\/eurotrail.info\\\/fr\\\/producten\\\/tapis-de-tente\\\/tapis-multi\\\/\",\"url\":\"https:\\\/\\\/eurotrail.info\\\/fr\\\/producten\\\/tapis-de-tente\\\/tapis-multi\\\/\",\"name\":\"tapis Multi - Eurotrail | The way we camp!\",\"isPartOf\":{\"@id\":\"https:\\\/\\\/eurotrail.info\\\/#website\"},\"primaryImageOfPage\":{\"@id\":\"https:\\\/\\\/eurotrail.info\\\/fr\\\/producten\\\/tapis-de-tente\\\/tapis-multi\\\/#primaryimage\"},\"image\":{\"@id\":\"https:\\\/\\\/eurotrail.info\\\/fr\\\/producten\\\/tapis-de-tente\\\/tapis-multi\\\/#primaryimage\"},\"thumbnailUrl\":\"https:\\\/\\\/eurotrail.info\\\/wp\\\/wp-content\\\/uploads\\\/2020\\\/01\\\/Multicarpet-klein.png\",\"datePublished\":\"2020-01-30T10:25:22+00:00\",\"dateModified\":\"2025-06-18T14:01:39+00:00\",\"breadcrumb\":{\"@id\":\"https:\\\/\\\/eurotrail.info\\\/fr\\\/producten\\\/tapis-de-tente\\\/tapis-multi\\\/#breadcrumb\"},\"inLanguage\":\"fr-FR\",\"potentialAction\":[{\"@type\":\"ReadAction\",\"target\":[\"https:\\\/\\\/eurotrail.info\\\/fr\\\/producten\\\/tapis-de-tente\\\/tapis-multi\\\/\"]}]},{\"@type\":\"ImageObject\",\"inLanguage\":\"fr-FR\",\"@id\":\"https:\\\/\\\/eurotrail.info\\\/fr\\\/producten\\\/tapis-de-tente\\\/tapis-multi\\\/#primaryimage\",\"url\":\"https:\\\/\\\/eurotrail.info\\\/wp\\\/wp-content\\\/uploads\\\/2020\\\/01\\\/Multicarpet-klein.png\",\"contentUrl\":\"https:\\\/\\\/eurotrail.info\\\/wp\\\/wp-content\\\/uploads\\\/2020\\\/01\\\/Multicarpet-klein.png\",\"width\":1500,\"height\":1056},{\"@type\":\"BreadcrumbList\",\"@id\":\"https:\\\/\\\/eurotrail.info\\\/fr\\\/producten\\\/tapis-de-tente\\\/tapis-multi\\\/#breadcrumb\",\"itemListElement\":[{\"@type\":\"ListItem\",\"position\":1,\"name\":\"Home\",\"item\":\"https:\\\/\\\/eurotrail.info\\\/fr\\\/\"},{\"@type\":\"ListItem\",\"position\":2,\"name\":\"Produits\",\"item\":\"https:\\\/\\\/eurotrail.info\\\/fr\\\/produits\\\/\"},{\"@type\":\"ListItem\",\"position\":3,\"name\":\"tapis Multi\"}]},{\"@type\":\"WebSite\",\"@id\":\"https:\\\/\\\/eurotrail.info\\\/#website\",\"url\":\"https:\\\/\\\/eurotrail.info\\\/\",\"name\":\"Eurotrail | The way we camp!\",\"description\":\"\",\"publisher\":{\"@id\":\"https:\\\/\\\/eurotrail.info\\\/#organization\"},\"potentialAction\":[{\"@type\":\"SearchAction\",\"target\":{\"@type\":\"EntryPoint\",\"urlTemplate\":\"https:\\\/\\\/eurotrail.info\\\/?s={search_term_string}\"},\"query-input\":{\"@type\":\"PropertyValueSpecification\",\"valueRequired\":true,\"valueName\":\"search_term_string\"}}],\"inLanguage\":\"fr-FR\"},{\"@type\":\"Organization\",\"@id\":\"https:\\\/\\\/eurotrail.info\\\/#organization\",\"name\":\"Eurotrail | The way we camp!\",\"url\":\"https:\\\/\\\/eurotrail.info\\\/\",\"logo\":{\"@type\":\"ImageObject\",\"inLanguage\":\"fr-FR\",\"@id\":\"https:\\\/\\\/eurotrail.info\\\/#\\\/schema\\\/logo\\\/image\\\/\",\"url\":\"https:\\\/\\\/eurotrail.info\\\/wp\\\/wp-content\\\/uploads\\\/2023\\\/07\\\/ET-logo-quote_NL-scaled.jpg\",\"contentUrl\":\"https:\\\/\\\/eurotrail.info\\\/wp\\\/wp-content\\\/uploads\\\/2023\\\/07\\\/ET-logo-quote_NL-scaled.jpg\",\"width\":2560,\"height\":675,\"caption\":\"Eurotrail | The way we camp!\"},\"image\":{\"@id\":\"https:\\\/\\\/eurotrail.info\\\/#\\\/schema\\\/logo\\\/image\\\/\"}}]}<\/script>\n<!-- \/ Yoast SEO plugin. -->","yoast_head_json":{"title":"tapis Multi - Eurotrail | The way we camp!","robots":{"index":"index","follow":"follow","max-snippet":"max-snippet:-1","max-image-preview":"max-image-preview:large","max-video-preview":"max-video-preview:-1"},"canonical":"https:\/\/eurotrail.info\/fr\/producten\/tapis-de-tente\/tapis-multi\/","og_locale":"fr_FR","og_type":"article","og_title":"tapis Multi - Eurotrail | The way we camp!","og_description":"Le tapis Multi d&#8217;Eurotrail peut \u00eatre utilis\u00e9 n&#8217;importe o\u00f9. Non seulement dans la tente mais aussi devant la tente, dans le jardin comme tapis (de&hellip;","og_url":"https:\/\/eurotrail.info\/fr\/producten\/tapis-de-tente\/tapis-multi\/","og_site_name":"Eurotrail | The way we camp!","article_modified_time":"2025-06-18T14:01:39+00:00","og_image":[{"width":768,"height":541,"url":"https:\/\/eurotrail.info\/wp\/wp-content\/uploads\/2020\/01\/Multicarpet-klein-768x541.png","type":"image\/png"}],"twitter_card":"summary_large_image","twitter_misc":{"Dur\u00e9e de lecture estim\u00e9e":"1 minute"},"schema":{"@context":"https:\/\/schema.org","@graph":[{"@type":"WebPage","@id":"https:\/\/eurotrail.info\/fr\/producten\/tapis-de-tente\/tapis-multi\/","url":"https:\/\/eurotrail.info\/fr\/producten\/tapis-de-tente\/tapis-multi\/","name":"tapis Multi - Eurotrail | The way we camp!","isPartOf":{"@id":"https:\/\/eurotrail.info\/#website"},"primaryImageOfPage":{"@id":"https:\/\/eurotrail.info\/fr\/producten\/tapis-de-tente\/tapis-multi\/#primaryimage"},"image":{"@id":"https:\/\/eurotrail.info\/fr\/producten\/tapis-de-tente\/tapis-multi\/#primaryimage"},"thumbnailUrl":"https:\/\/eurotrail.info\/wp\/wp-content\/uploads\/2020\/01\/Multicarpet-klein.png","datePublished":"2020-01-30T10:25:22+00:00","dateModified":"2025-06-18T14:01:39+00:00","breadcrumb":{"@id":"https:\/\/eurotrail.info\/fr\/producten\/tapis-de-tente\/tapis-multi\/#breadcrumb"},"inLanguage":"fr-FR","potentialAction":[{"@type":"ReadAction","target":["https:\/\/eurotrail.info\/fr\/producten\/tapis-de-tente\/tapis-multi\/"]}]},{"@type":"ImageObject","inLanguage":"fr-FR","@id":"https:\/\/eurotrail.info\/fr\/producten\/tapis-de-tente\/tapis-multi\/#primaryimage","url":"https:\/\/eurotrail.info\/wp\/wp-content\/uploads\/2020\/01\/Multicarpet-klein.png","contentUrl":"https:\/\/eurotrail.info\/wp\/wp-content\/uploads\/2020\/01\/Multicarpet-klein.png","width":1500,"height":1056},{"@type":"BreadcrumbList","@id":"https:\/\/eurotrail.info\/fr\/producten\/tapis-de-tente\/tapis-multi\/#breadcrumb","itemListElement":[{"@type":"ListItem","position":1,"name":"Home","item":"https:\/\/eurotrail.info\/fr\/"},{"@type":"ListItem","position":2,"name":"Produits","item":"https:\/\/eurotrail.info\/fr\/produits\/"},{"@type":"ListItem","position":3,"name":"tapis Multi"}]},{"@type":"WebSite","@id":"https:\/\/eurotrail.info\/#website","url":"https:\/\/eurotrail.info\/","name":"Eurotrail | The way we camp!","description":"","publisher":{"@id":"https:\/\/eurotrail.info\/#organization"},"potentialAction":[{"@type":"SearchAction","target":{"@type":"EntryPoint","urlTemplate":"https:\/\/eurotrail.info\/?s={search_term_string}"},"query-input":{"@type":"PropertyValueSpecification","valueRequired":true,"valueName":"search_term_string"}}],"inLanguage":"fr-FR"},{"@type":"Organization","@id":"https:\/\/eurotrail.info\/#organization","name":"Eurotrail | The way we camp!","url":"https:\/\/eurotrail.info\/","logo":{"@type":"ImageObject","inLanguage":"fr-FR","@id":"https:\/\/eurotrail.info\/#\/schema\/logo\/image\/","url":"https:\/\/eurotrail.info\/wp\/wp-content\/uploads\/2023\/07\/ET-logo-quote_NL-scaled.jpg","contentUrl":"https:\/\/eurotrail.info\/wp\/wp-content\/uploads\/2023\/07\/ET-logo-quote_NL-scaled.jpg","width":2560,"height":675,"caption":"Eurotrail | The way we camp!"},"image":{"@id":"https:\/\/eurotrail.info\/#\/schema\/logo\/image\/"}}]}},"_links":{"self":[{"href":"https:\/\/eurotrail.info\/fr\/wp-json\/wp\/v2\/product\/11897","targetHints":{"allow":["GET"]}}],"collection":[{"href":"https:\/\/eurotrail.info\/fr\/wp-json\/wp\/v2\/product"}],"about":[{"href":"https:\/\/eurotrail.info\/fr\/wp-json\/wp\/v2\/types\/product"}],"replies":[{"embeddable":true,"href":"https:\/\/eurotrail.info\/fr\/wp-json\/wp\/v2\/comments?post=11897"}],"wp:featuredmedia":[{"embeddable":true,"href":"https:\/\/eurotrail.info\/fr\/wp-json\/wp\/v2\/media\/11899"}],"wp:attachment":[{"href":"https:\/\/eurotrail.info\/fr\/wp-json\/wp\/v2\/media?parent=11897"}],"wp:term":[{"taxonomy":"product_brand","embeddable":true,"href":"https:\/\/eurotrail.info\/fr\/wp-json\/wp\/v2\/product_brand?post=11897"},{"taxonomy":"product_cat","embeddable":true,"href":"https:\/\/eurotrail.info\/fr\/wp-json\/wp\/v2\/product_cat?post=11897"},{"taxonomy":"product_tag","embeddable":true,"href":"https:\/\/eurotrail.info\/fr\/wp-json\/wp\/v2\/product_tag?post=11897"}],"curies":[{"name":"wp","href":"https:\/\/api.w.org\/{rel}","templated":true}]}}