{"id":11919,"date":"2017-01-17T15:43:05","date_gmt":"2017-01-17T14:43:05","guid":{"rendered":"https:\/\/eurotrail.info\/producten\/carafe-de-limonade-1300-ml-5-verres\/"},"modified":"2026-01-23T14:30:19","modified_gmt":"2026-01-23T13:30:19","slug":"carafe-de-limonade-1300-ml-5-verres","status":"publish","type":"product","link":"https:\/\/eurotrail.info\/fr\/producten\/articles-menagers\/verrerie\/carafe-de-limonade-1300-ml-5-verres\/","title":{"rendered":"Carafe de limonade 1300 ml + 5 verres"},"content":{"rendered":"<p>Carafe \u00e0 limonade et 5 gobelets \u2013 Id\u00e9ale pour la plage et le jardin<\/p>\n<p>Ce set \u00e0 limonade pratique et color\u00e9 est parfait pour les journ\u00e9es ensoleill\u00e9es au jardin, \u00e0 la plage ou en pique-nique. Il comprend une grande carafe \u00e0 limonade avec couvercle et cinq gobelets assortis, empilables et faciles \u00e0 transporter.<\/p>\n<p>Fabriqu\u00e9 en plastique AS robuste, ce set est l\u00e9ger et r\u00e9sistant aux chocs. Id\u00e9al pour les enfants et les adultes, et parfait pour une utilisation en ext\u00e9rieur.<\/p>\n<p>**Pourquoi ce set \u00e0 limonade est si pratique\u00a0:**<\/p>\n<p>* \u2714 Set complet\u00a0: carafe + 5 gobelets<br \/>\n* \u2714 Id\u00e9al pour le jardin, la plage et le camping<br \/>\n* \u2714 L\u00e9ger et pratique<br \/>\n* \u2714 Plastique AS robuste<br \/>\n* \u2714 Carafe avec couvercle<br \/>\n* \u2714 Capacit\u00e9 de la carafe\u00a0: 1,3 litre<br \/>\n* \u2714 Gobelets\u00a0: 250\u00a0ml (5 pi\u00e8ces)<\/p>\n<p>Toujours pr\u00eat pour une boisson rafra\u00eechissante, o\u00f9 que vous soyez\u00a0\ud83c\udf34<\/p>\n","protected":false},"excerpt":{"rendered":"<p>Carafe \u00e0 limonade et 5 gobelets \u2013 Id\u00e9ale pour la plage et le jardin Ce set \u00e0 limonade pratique et color\u00e9 est parfait pour les&hellip;<\/p>\n","protected":false},"featured_media":11921,"comment_status":"open","ping_status":"closed","template":"","meta":{"_acf_changed":false},"product_brand":[],"product_cat":[250],"product_tag":[],"class_list":{"0":"post-11919","1":"product","2":"type-product","3":"status-publish","4":"has-post-thumbnail","6":"product_cat-verrerie","8":"first","9":"instock","10":"shipping-taxable","11":"product-type-simple"},"acf":[],"yoast_head":"<!-- This site is optimized with the Yoast SEO plugin v27.3 - https:\/\/yoast.com\/product\/yoast-seo-wordpress\/ -->\n<title>Carafe de limonade 1300 ml + 5 verres - Eurotrail | The way we camp!<\/title>\n<meta name=\"description\" content=\"Carafe \u00e0 limonade et 5 gobelets. Ce set \u00e0 limonade pratique et color\u00e9 est parfait pour les journ\u00e9es ensoleill\u00e9es au jardin, \u00e0 la plage ou en pique-nique.\" \/>\n<meta name=\"robots\" content=\"index, follow, max-snippet:-1, max-image-preview:large, max-video-preview:-1\" \/>\n<link rel=\"canonical\" href=\"https:\/\/eurotrail.info\/fr\/producten\/articles-menagers\/verrerie\/carafe-de-limonade-1300-ml-5-verres\/\" \/>\n<meta property=\"og:locale\" content=\"fr_FR\" \/>\n<meta property=\"og:type\" content=\"article\" \/>\n<meta property=\"og:title\" content=\"Carafe de limonade 1300 ml + 5 verres - Eurotrail | The way we camp!\" \/>\n<meta property=\"og:description\" content=\"Carafe \u00e0 limonade et 5 gobelets. Ce set \u00e0 limonade pratique et color\u00e9 est parfait pour les journ\u00e9es ensoleill\u00e9es au jardin, \u00e0 la plage ou en pique-nique.\" \/>\n<meta property=\"og:url\" content=\"https:\/\/eurotrail.info\/fr\/producten\/articles-menagers\/verrerie\/carafe-de-limonade-1300-ml-5-verres\/\" \/>\n<meta property=\"og:site_name\" content=\"Eurotrail | The way we camp!\" \/>\n<meta property=\"article:modified_time\" content=\"2026-01-23T13:30:19+00:00\" \/>\n<meta property=\"og:image\" content=\"https:\/\/eurotrail.info\/wp\/wp-content\/uploads\/2017\/01\/ETKW0091.jpg\" \/>\n\t<meta property=\"og:image:width\" content=\"1193\" \/>\n\t<meta property=\"og:image:height\" content=\"1417\" \/>\n\t<meta property=\"og:image:type\" content=\"image\/jpeg\" \/>\n<meta name=\"twitter:card\" content=\"summary_large_image\" \/>\n<meta name=\"twitter:label1\" content=\"Dur\u00e9e de lecture estim\u00e9e\" \/>\n\t<meta name=\"twitter:data1\" content=\"1 minute\" \/>\n<script type=\"application\/ld+json\" class=\"yoast-schema-graph\">{\"@context\":\"https:\\\/\\\/schema.org\",\"@graph\":[{\"@type\":\"WebPage\",\"@id\":\"https:\\\/\\\/eurotrail.info\\\/fr\\\/producten\\\/articles-menagers\\\/verrerie\\\/carafe-de-limonade-1300-ml-5-verres\\\/\",\"url\":\"https:\\\/\\\/eurotrail.info\\\/fr\\\/producten\\\/articles-menagers\\\/verrerie\\\/carafe-de-limonade-1300-ml-5-verres\\\/\",\"name\":\"Carafe de limonade 1300 ml + 5 verres - Eurotrail | The way we camp!\",\"isPartOf\":{\"@id\":\"https:\\\/\\\/eurotrail.info\\\/#website\"},\"primaryImageOfPage\":{\"@id\":\"https:\\\/\\\/eurotrail.info\\\/fr\\\/producten\\\/articles-menagers\\\/verrerie\\\/carafe-de-limonade-1300-ml-5-verres\\\/#primaryimage\"},\"image\":{\"@id\":\"https:\\\/\\\/eurotrail.info\\\/fr\\\/producten\\\/articles-menagers\\\/verrerie\\\/carafe-de-limonade-1300-ml-5-verres\\\/#primaryimage\"},\"thumbnailUrl\":\"https:\\\/\\\/eurotrail.info\\\/wp\\\/wp-content\\\/uploads\\\/2017\\\/01\\\/ETKW0091.jpg\",\"datePublished\":\"2017-01-17T14:43:05+00:00\",\"dateModified\":\"2026-01-23T13:30:19+00:00\",\"description\":\"Carafe \u00e0 limonade et 5 gobelets. Ce set \u00e0 limonade pratique et color\u00e9 est parfait pour les journ\u00e9es ensoleill\u00e9es au jardin, \u00e0 la plage ou en pique-nique.\",\"breadcrumb\":{\"@id\":\"https:\\\/\\\/eurotrail.info\\\/fr\\\/producten\\\/articles-menagers\\\/verrerie\\\/carafe-de-limonade-1300-ml-5-verres\\\/#breadcrumb\"},\"inLanguage\":\"fr-FR\",\"potentialAction\":[{\"@type\":\"ReadAction\",\"target\":[\"https:\\\/\\\/eurotrail.info\\\/fr\\\/producten\\\/articles-menagers\\\/verrerie\\\/carafe-de-limonade-1300-ml-5-verres\\\/\"]}]},{\"@type\":\"ImageObject\",\"inLanguage\":\"fr-FR\",\"@id\":\"https:\\\/\\\/eurotrail.info\\\/fr\\\/producten\\\/articles-menagers\\\/verrerie\\\/carafe-de-limonade-1300-ml-5-verres\\\/#primaryimage\",\"url\":\"https:\\\/\\\/eurotrail.info\\\/wp\\\/wp-content\\\/uploads\\\/2017\\\/01\\\/ETKW0091.jpg\",\"contentUrl\":\"https:\\\/\\\/eurotrail.info\\\/wp\\\/wp-content\\\/uploads\\\/2017\\\/01\\\/ETKW0091.jpg\",\"width\":1193,\"height\":1417},{\"@type\":\"BreadcrumbList\",\"@id\":\"https:\\\/\\\/eurotrail.info\\\/fr\\\/producten\\\/articles-menagers\\\/verrerie\\\/carafe-de-limonade-1300-ml-5-verres\\\/#breadcrumb\",\"itemListElement\":[{\"@type\":\"ListItem\",\"position\":1,\"name\":\"Home\",\"item\":\"https:\\\/\\\/eurotrail.info\\\/fr\\\/\"},{\"@type\":\"ListItem\",\"position\":2,\"name\":\"Produits\",\"item\":\"https:\\\/\\\/eurotrail.info\\\/fr\\\/produits\\\/\"},{\"@type\":\"ListItem\",\"position\":3,\"name\":\"Carafe de limonade 1300 ml + 5 verres\"}]},{\"@type\":\"WebSite\",\"@id\":\"https:\\\/\\\/eurotrail.info\\\/#website\",\"url\":\"https:\\\/\\\/eurotrail.info\\\/\",\"name\":\"Eurotrail | The way we camp!\",\"description\":\"\",\"publisher\":{\"@id\":\"https:\\\/\\\/eurotrail.info\\\/#organization\"},\"potentialAction\":[{\"@type\":\"SearchAction\",\"target\":{\"@type\":\"EntryPoint\",\"urlTemplate\":\"https:\\\/\\\/eurotrail.info\\\/?s={search_term_string}\"},\"query-input\":{\"@type\":\"PropertyValueSpecification\",\"valueRequired\":true,\"valueName\":\"search_term_string\"}}],\"inLanguage\":\"fr-FR\"},{\"@type\":\"Organization\",\"@id\":\"https:\\\/\\\/eurotrail.info\\\/#organization\",\"name\":\"Eurotrail | The way we camp!\",\"url\":\"https:\\\/\\\/eurotrail.info\\\/\",\"logo\":{\"@type\":\"ImageObject\",\"inLanguage\":\"fr-FR\",\"@id\":\"https:\\\/\\\/eurotrail.info\\\/#\\\/schema\\\/logo\\\/image\\\/\",\"url\":\"https:\\\/\\\/eurotrail.info\\\/wp\\\/wp-content\\\/uploads\\\/2023\\\/07\\\/ET-logo-quote_NL-scaled.jpg\",\"contentUrl\":\"https:\\\/\\\/eurotrail.info\\\/wp\\\/wp-content\\\/uploads\\\/2023\\\/07\\\/ET-logo-quote_NL-scaled.jpg\",\"width\":2560,\"height\":675,\"caption\":\"Eurotrail | The way we camp!\"},\"image\":{\"@id\":\"https:\\\/\\\/eurotrail.info\\\/#\\\/schema\\\/logo\\\/image\\\/\"}}]}<\/script>\n<!-- \/ Yoast SEO plugin. -->","yoast_head_json":{"title":"Carafe de limonade 1300 ml + 5 verres - Eurotrail | The way we camp!","description":"Carafe \u00e0 limonade et 5 gobelets. Ce set \u00e0 limonade pratique et color\u00e9 est parfait pour les journ\u00e9es ensoleill\u00e9es au jardin, \u00e0 la plage ou en pique-nique.","robots":{"index":"index","follow":"follow","max-snippet":"max-snippet:-1","max-image-preview":"max-image-preview:large","max-video-preview":"max-video-preview:-1"},"canonical":"https:\/\/eurotrail.info\/fr\/producten\/articles-menagers\/verrerie\/carafe-de-limonade-1300-ml-5-verres\/","og_locale":"fr_FR","og_type":"article","og_title":"Carafe de limonade 1300 ml + 5 verres - Eurotrail | The way we camp!","og_description":"Carafe \u00e0 limonade et 5 gobelets. Ce set \u00e0 limonade pratique et color\u00e9 est parfait pour les journ\u00e9es ensoleill\u00e9es au jardin, \u00e0 la plage ou en pique-nique.","og_url":"https:\/\/eurotrail.info\/fr\/producten\/articles-menagers\/verrerie\/carafe-de-limonade-1300-ml-5-verres\/","og_site_name":"Eurotrail | The way we camp!","article_modified_time":"2026-01-23T13:30:19+00:00","og_image":[{"width":1193,"height":1417,"url":"https:\/\/eurotrail.info\/wp\/wp-content\/uploads\/2017\/01\/ETKW0091.jpg","type":"image\/jpeg"}],"twitter_card":"summary_large_image","twitter_misc":{"Dur\u00e9e de lecture estim\u00e9e":"1 minute"},"schema":{"@context":"https:\/\/schema.org","@graph":[{"@type":"WebPage","@id":"https:\/\/eurotrail.info\/fr\/producten\/articles-menagers\/verrerie\/carafe-de-limonade-1300-ml-5-verres\/","url":"https:\/\/eurotrail.info\/fr\/producten\/articles-menagers\/verrerie\/carafe-de-limonade-1300-ml-5-verres\/","name":"Carafe de limonade 1300 ml + 5 verres - Eurotrail | The way we camp!","isPartOf":{"@id":"https:\/\/eurotrail.info\/#website"},"primaryImageOfPage":{"@id":"https:\/\/eurotrail.info\/fr\/producten\/articles-menagers\/verrerie\/carafe-de-limonade-1300-ml-5-verres\/#primaryimage"},"image":{"@id":"https:\/\/eurotrail.info\/fr\/producten\/articles-menagers\/verrerie\/carafe-de-limonade-1300-ml-5-verres\/#primaryimage"},"thumbnailUrl":"https:\/\/eurotrail.info\/wp\/wp-content\/uploads\/2017\/01\/ETKW0091.jpg","datePublished":"2017-01-17T14:43:05+00:00","dateModified":"2026-01-23T13:30:19+00:00","description":"Carafe \u00e0 limonade et 5 gobelets. Ce set \u00e0 limonade pratique et color\u00e9 est parfait pour les journ\u00e9es ensoleill\u00e9es au jardin, \u00e0 la plage ou en pique-nique.","breadcrumb":{"@id":"https:\/\/eurotrail.info\/fr\/producten\/articles-menagers\/verrerie\/carafe-de-limonade-1300-ml-5-verres\/#breadcrumb"},"inLanguage":"fr-FR","potentialAction":[{"@type":"ReadAction","target":["https:\/\/eurotrail.info\/fr\/producten\/articles-menagers\/verrerie\/carafe-de-limonade-1300-ml-5-verres\/"]}]},{"@type":"ImageObject","inLanguage":"fr-FR","@id":"https:\/\/eurotrail.info\/fr\/producten\/articles-menagers\/verrerie\/carafe-de-limonade-1300-ml-5-verres\/#primaryimage","url":"https:\/\/eurotrail.info\/wp\/wp-content\/uploads\/2017\/01\/ETKW0091.jpg","contentUrl":"https:\/\/eurotrail.info\/wp\/wp-content\/uploads\/2017\/01\/ETKW0091.jpg","width":1193,"height":1417},{"@type":"BreadcrumbList","@id":"https:\/\/eurotrail.info\/fr\/producten\/articles-menagers\/verrerie\/carafe-de-limonade-1300-ml-5-verres\/#breadcrumb","itemListElement":[{"@type":"ListItem","position":1,"name":"Home","item":"https:\/\/eurotrail.info\/fr\/"},{"@type":"ListItem","position":2,"name":"Produits","item":"https:\/\/eurotrail.info\/fr\/produits\/"},{"@type":"ListItem","position":3,"name":"Carafe de limonade 1300 ml + 5 verres"}]},{"@type":"WebSite","@id":"https:\/\/eurotrail.info\/#website","url":"https:\/\/eurotrail.info\/","name":"Eurotrail | The way we camp!","description":"","publisher":{"@id":"https:\/\/eurotrail.info\/#organization"},"potentialAction":[{"@type":"SearchAction","target":{"@type":"EntryPoint","urlTemplate":"https:\/\/eurotrail.info\/?s={search_term_string}"},"query-input":{"@type":"PropertyValueSpecification","valueRequired":true,"valueName":"search_term_string"}}],"inLanguage":"fr-FR"},{"@type":"Organization","@id":"https:\/\/eurotrail.info\/#organization","name":"Eurotrail | The way we camp!","url":"https:\/\/eurotrail.info\/","logo":{"@type":"ImageObject","inLanguage":"fr-FR","@id":"https:\/\/eurotrail.info\/#\/schema\/logo\/image\/","url":"https:\/\/eurotrail.info\/wp\/wp-content\/uploads\/2023\/07\/ET-logo-quote_NL-scaled.jpg","contentUrl":"https:\/\/eurotrail.info\/wp\/wp-content\/uploads\/2023\/07\/ET-logo-quote_NL-scaled.jpg","width":2560,"height":675,"caption":"Eurotrail | The way we camp!"},"image":{"@id":"https:\/\/eurotrail.info\/#\/schema\/logo\/image\/"}}]}},"_links":{"self":[{"href":"https:\/\/eurotrail.info\/fr\/wp-json\/wp\/v2\/product\/11919","targetHints":{"allow":["GET"]}}],"collection":[{"href":"https:\/\/eurotrail.info\/fr\/wp-json\/wp\/v2\/product"}],"about":[{"href":"https:\/\/eurotrail.info\/fr\/wp-json\/wp\/v2\/types\/product"}],"replies":[{"embeddable":true,"href":"https:\/\/eurotrail.info\/fr\/wp-json\/wp\/v2\/comments?post=11919"}],"wp:featuredmedia":[{"embeddable":true,"href":"https:\/\/eurotrail.info\/fr\/wp-json\/wp\/v2\/media\/11921"}],"wp:attachment":[{"href":"https:\/\/eurotrail.info\/fr\/wp-json\/wp\/v2\/media?parent=11919"}],"wp:term":[{"taxonomy":"product_brand","embeddable":true,"href":"https:\/\/eurotrail.info\/fr\/wp-json\/wp\/v2\/product_brand?post=11919"},{"taxonomy":"product_cat","embeddable":true,"href":"https:\/\/eurotrail.info\/fr\/wp-json\/wp\/v2\/product_cat?post=11919"},{"taxonomy":"product_tag","embeddable":true,"href":"https:\/\/eurotrail.info\/fr\/wp-json\/wp\/v2\/product_tag?post=11919"}],"curies":[{"name":"wp","href":"https:\/\/api.w.org\/{rel}","templated":true}]}}