{"id":12004,"date":"2017-01-03T17:04:02","date_gmt":"2017-01-03T16:04:02","guid":{"rendered":"https:\/\/eurotrail.info\/producten\/fjord-private-room-auvent-tente-autobus\/"},"modified":"2020-11-26T09:34:06","modified_gmt":"2020-11-26T08:34:06","slug":"fjord-private-room-auvent-tente-autobus","status":"publish","type":"product","link":"https:\/\/eurotrail.info\/fr\/producten\/caravane-camping-car-bus\/auvents-de-caravane\/fjord-private-room-auvent-tente-autobus\/","title":{"rendered":"Fjord Private Room auvent tente autobus"},"content":{"rendered":"<p>Le FJORD PR est un ensemble complet de verri\u00e8re adapt\u00e9 au toit ouvrant Fjord (style 2017).<br \/>\nL&#8217;ensemble se compose de: 2 panneaux lat\u00e9raux et 1 panneau avant et poteau. Disponible en 260 ou 300 cm de large.<\/p>\n<p>Vous pouvez l&#8217;utiliser avec l&#8217;auvent Fjord Van (style 2017) pour cr\u00e9er une tente \u00e0 auvent compl\u00e8tement ferm\u00e9e. Les panneaux lat\u00e9raux peuvent \u00e9galement \u00eatre utilis\u00e9s s\u00e9par\u00e9ment.<\/p>\n<p>Apr\u00e8s avoir mont\u00e9 l&#8217;auvent Eurotrail Fjord Van, vous pouvez placer les m\u00e2ts de toit et fixer le panneau du FJORD Private Room: 2 panneaux lat\u00e9raux et avant \u00e0 la bande velcro \u00e0 l&#8217;int\u00e9rieur de l&#8217;auvent Van. Les panneaux lat\u00e9raux et le panneau avant peuvent \u00eatre zipp\u00e9s ensemble pour cr\u00e9er une tente \u00e0 auvent ferm\u00e9e parfaite, \u00e0 l&#8217;abri de la pluie et du vent. Les panneaux lat\u00e9raux ont de grandes fen\u00eatres \u00e0 vue d\u00e9gag\u00e9e avec des rideaux, le panneau avant a de grandes fen\u00eatres et une porte d&#8217;entr\u00e9e. Incl. jeu de poteaux et poteau de toit avec pinces, chevilles et sac de rangement.<br \/>\n(Sauf Canopy Fjord!)<\/p>\n<p><a href=\"http:\/\/www.youtube.com\/watch?v=3Q5z5sV2UbY\">Manuel Fjord PR<\/a><\/p>\n<p>D\u00e9finir les informations:<br \/>\nFJORD PR 260: 2 x panneau lat\u00e9ral 240x210cm, panneau avant: 260 x 180cm, poids: 5,3 kg., Pack: 45x40x10cm<br \/>\nFJORD PR 300: 2 x panneau lat\u00e9ral 240x210cm, panneau avant: 300 x 180cm, poids: 5,5 kg. paquet: 45x40x12cm<\/p>\n<p>Tissu: 100% polyester All Weather Tex UPF 50+<br \/>\nCadre: poteaux en acier r\u00e9glables<\/p>\n","protected":false},"excerpt":{"rendered":"<p>Le FJORD PR est un ensemble complet de verri\u00e8re adapt\u00e9 au toit ouvrant Fjord (style 2017). L&#8217;ensemble se compose de: 2 panneaux lat\u00e9raux et 1&hellip;<\/p>\n","protected":false},"featured_media":12016,"comment_status":"open","ping_status":"closed","template":"","meta":{"_acf_changed":false},"product_brand":[],"product_cat":[240],"product_tag":[],"class_list":{"0":"post-12004","1":"product","2":"type-product","3":"status-publish","4":"has-post-thumbnail","6":"product_cat-auvents-de-caravane","8":"first","9":"instock","10":"shipping-taxable","11":"product-type-simple"},"acf":[],"yoast_head":"<!-- This site is optimized with the Yoast SEO plugin v27.4 - https:\/\/yoast.com\/product\/yoast-seo-wordpress\/ -->\n<title>Fjord Private Room auvent tente autobus - Eurotrail | The way we camp!<\/title>\n<meta name=\"robots\" content=\"index, follow, max-snippet:-1, max-image-preview:large, max-video-preview:-1\" \/>\n<link rel=\"canonical\" href=\"https:\/\/eurotrail.info\/fr\/producten\/caravane-camping-car-bus\/auvents-de-caravane\/fjord-private-room-auvent-tente-autobus\/\" \/>\n<meta property=\"og:locale\" content=\"fr_FR\" \/>\n<meta property=\"og:type\" content=\"article\" \/>\n<meta property=\"og:title\" content=\"Fjord Private Room auvent tente autobus - Eurotrail | The way we camp!\" \/>\n<meta property=\"og:description\" content=\"Le FJORD PR est un ensemble complet de verri\u00e8re adapt\u00e9 au toit ouvrant Fjord (style 2017). L&#8217;ensemble se compose de: 2 panneaux lat\u00e9raux et 1&hellip;\" \/>\n<meta property=\"og:url\" content=\"https:\/\/eurotrail.info\/fr\/producten\/caravane-camping-car-bus\/auvents-de-caravane\/fjord-private-room-auvent-tente-autobus\/\" \/>\n<meta property=\"og:site_name\" content=\"Eurotrail | The way we camp!\" \/>\n<meta property=\"article:modified_time\" content=\"2020-11-26T08:34:06+00:00\" \/>\n<meta property=\"og:image\" content=\"https:\/\/eurotrail.info\/wp\/wp-content\/uploads\/2017\/01\/bustent-2-klein-formaat.jpg\" \/>\n\t<meta property=\"og:image:width\" content=\"886\" \/>\n\t<meta property=\"og:image:height\" content=\"591\" \/>\n\t<meta property=\"og:image:type\" content=\"image\/jpeg\" \/>\n<meta name=\"twitter:card\" content=\"summary_large_image\" \/>\n<meta name=\"twitter:label1\" content=\"Dur\u00e9e de lecture estim\u00e9e\" \/>\n\t<meta name=\"twitter:data1\" content=\"1 minute\" \/>\n<script type=\"application\/ld+json\" class=\"yoast-schema-graph\">{\"@context\":\"https:\\\/\\\/schema.org\",\"@graph\":[{\"@type\":\"WebPage\",\"@id\":\"https:\\\/\\\/eurotrail.info\\\/fr\\\/producten\\\/caravane-camping-car-bus\\\/auvents-de-caravane\\\/fjord-private-room-auvent-tente-autobus\\\/\",\"url\":\"https:\\\/\\\/eurotrail.info\\\/fr\\\/producten\\\/caravane-camping-car-bus\\\/auvents-de-caravane\\\/fjord-private-room-auvent-tente-autobus\\\/\",\"name\":\"Fjord Private Room auvent tente autobus - Eurotrail | The way we camp!\",\"isPartOf\":{\"@id\":\"https:\\\/\\\/eurotrail.info\\\/#website\"},\"primaryImageOfPage\":{\"@id\":\"https:\\\/\\\/eurotrail.info\\\/fr\\\/producten\\\/caravane-camping-car-bus\\\/auvents-de-caravane\\\/fjord-private-room-auvent-tente-autobus\\\/#primaryimage\"},\"image\":{\"@id\":\"https:\\\/\\\/eurotrail.info\\\/fr\\\/producten\\\/caravane-camping-car-bus\\\/auvents-de-caravane\\\/fjord-private-room-auvent-tente-autobus\\\/#primaryimage\"},\"thumbnailUrl\":\"https:\\\/\\\/eurotrail.info\\\/wp\\\/wp-content\\\/uploads\\\/2017\\\/01\\\/bustent-2-klein-formaat.jpg\",\"datePublished\":\"2017-01-03T16:04:02+00:00\",\"dateModified\":\"2020-11-26T08:34:06+00:00\",\"breadcrumb\":{\"@id\":\"https:\\\/\\\/eurotrail.info\\\/fr\\\/producten\\\/caravane-camping-car-bus\\\/auvents-de-caravane\\\/fjord-private-room-auvent-tente-autobus\\\/#breadcrumb\"},\"inLanguage\":\"fr-FR\",\"potentialAction\":[{\"@type\":\"ReadAction\",\"target\":[\"https:\\\/\\\/eurotrail.info\\\/fr\\\/producten\\\/caravane-camping-car-bus\\\/auvents-de-caravane\\\/fjord-private-room-auvent-tente-autobus\\\/\"]}]},{\"@type\":\"ImageObject\",\"inLanguage\":\"fr-FR\",\"@id\":\"https:\\\/\\\/eurotrail.info\\\/fr\\\/producten\\\/caravane-camping-car-bus\\\/auvents-de-caravane\\\/fjord-private-room-auvent-tente-autobus\\\/#primaryimage\",\"url\":\"https:\\\/\\\/eurotrail.info\\\/wp\\\/wp-content\\\/uploads\\\/2017\\\/01\\\/bustent-2-klein-formaat.jpg\",\"contentUrl\":\"https:\\\/\\\/eurotrail.info\\\/wp\\\/wp-content\\\/uploads\\\/2017\\\/01\\\/bustent-2-klein-formaat.jpg\",\"width\":886,\"height\":591},{\"@type\":\"BreadcrumbList\",\"@id\":\"https:\\\/\\\/eurotrail.info\\\/fr\\\/producten\\\/caravane-camping-car-bus\\\/auvents-de-caravane\\\/fjord-private-room-auvent-tente-autobus\\\/#breadcrumb\",\"itemListElement\":[{\"@type\":\"ListItem\",\"position\":1,\"name\":\"Home\",\"item\":\"https:\\\/\\\/eurotrail.info\\\/fr\\\/\"},{\"@type\":\"ListItem\",\"position\":2,\"name\":\"Produits\",\"item\":\"https:\\\/\\\/eurotrail.info\\\/fr\\\/produits\\\/\"},{\"@type\":\"ListItem\",\"position\":3,\"name\":\"Fjord Private Room auvent tente autobus\"}]},{\"@type\":\"WebSite\",\"@id\":\"https:\\\/\\\/eurotrail.info\\\/#website\",\"url\":\"https:\\\/\\\/eurotrail.info\\\/\",\"name\":\"Eurotrail | The way we camp!\",\"description\":\"\",\"publisher\":{\"@id\":\"https:\\\/\\\/eurotrail.info\\\/#organization\"},\"potentialAction\":[{\"@type\":\"SearchAction\",\"target\":{\"@type\":\"EntryPoint\",\"urlTemplate\":\"https:\\\/\\\/eurotrail.info\\\/?s={search_term_string}\"},\"query-input\":{\"@type\":\"PropertyValueSpecification\",\"valueRequired\":true,\"valueName\":\"search_term_string\"}}],\"inLanguage\":\"fr-FR\"},{\"@type\":\"Organization\",\"@id\":\"https:\\\/\\\/eurotrail.info\\\/#organization\",\"name\":\"Eurotrail | The way we camp!\",\"url\":\"https:\\\/\\\/eurotrail.info\\\/\",\"logo\":{\"@type\":\"ImageObject\",\"inLanguage\":\"fr-FR\",\"@id\":\"https:\\\/\\\/eurotrail.info\\\/#\\\/schema\\\/logo\\\/image\\\/\",\"url\":\"https:\\\/\\\/eurotrail.info\\\/wp\\\/wp-content\\\/uploads\\\/2023\\\/07\\\/ET-logo-quote_NL-scaled.jpg\",\"contentUrl\":\"https:\\\/\\\/eurotrail.info\\\/wp\\\/wp-content\\\/uploads\\\/2023\\\/07\\\/ET-logo-quote_NL-scaled.jpg\",\"width\":2560,\"height\":675,\"caption\":\"Eurotrail | The way we camp!\"},\"image\":{\"@id\":\"https:\\\/\\\/eurotrail.info\\\/#\\\/schema\\\/logo\\\/image\\\/\"}}]}<\/script>\n<!-- \/ Yoast SEO plugin. -->","yoast_head_json":{"title":"Fjord Private Room auvent tente autobus - Eurotrail | The way we camp!","robots":{"index":"index","follow":"follow","max-snippet":"max-snippet:-1","max-image-preview":"max-image-preview:large","max-video-preview":"max-video-preview:-1"},"canonical":"https:\/\/eurotrail.info\/fr\/producten\/caravane-camping-car-bus\/auvents-de-caravane\/fjord-private-room-auvent-tente-autobus\/","og_locale":"fr_FR","og_type":"article","og_title":"Fjord Private Room auvent tente autobus - Eurotrail | The way we camp!","og_description":"Le FJORD PR est un ensemble complet de verri\u00e8re adapt\u00e9 au toit ouvrant Fjord (style 2017). L&#8217;ensemble se compose de: 2 panneaux lat\u00e9raux et 1&hellip;","og_url":"https:\/\/eurotrail.info\/fr\/producten\/caravane-camping-car-bus\/auvents-de-caravane\/fjord-private-room-auvent-tente-autobus\/","og_site_name":"Eurotrail | The way we camp!","article_modified_time":"2020-11-26T08:34:06+00:00","og_image":[{"width":886,"height":591,"url":"https:\/\/eurotrail.info\/wp\/wp-content\/uploads\/2017\/01\/bustent-2-klein-formaat.jpg","type":"image\/jpeg"}],"twitter_card":"summary_large_image","twitter_misc":{"Dur\u00e9e de lecture estim\u00e9e":"1 minute"},"schema":{"@context":"https:\/\/schema.org","@graph":[{"@type":"WebPage","@id":"https:\/\/eurotrail.info\/fr\/producten\/caravane-camping-car-bus\/auvents-de-caravane\/fjord-private-room-auvent-tente-autobus\/","url":"https:\/\/eurotrail.info\/fr\/producten\/caravane-camping-car-bus\/auvents-de-caravane\/fjord-private-room-auvent-tente-autobus\/","name":"Fjord Private Room auvent tente autobus - Eurotrail | The way we camp!","isPartOf":{"@id":"https:\/\/eurotrail.info\/#website"},"primaryImageOfPage":{"@id":"https:\/\/eurotrail.info\/fr\/producten\/caravane-camping-car-bus\/auvents-de-caravane\/fjord-private-room-auvent-tente-autobus\/#primaryimage"},"image":{"@id":"https:\/\/eurotrail.info\/fr\/producten\/caravane-camping-car-bus\/auvents-de-caravane\/fjord-private-room-auvent-tente-autobus\/#primaryimage"},"thumbnailUrl":"https:\/\/eurotrail.info\/wp\/wp-content\/uploads\/2017\/01\/bustent-2-klein-formaat.jpg","datePublished":"2017-01-03T16:04:02+00:00","dateModified":"2020-11-26T08:34:06+00:00","breadcrumb":{"@id":"https:\/\/eurotrail.info\/fr\/producten\/caravane-camping-car-bus\/auvents-de-caravane\/fjord-private-room-auvent-tente-autobus\/#breadcrumb"},"inLanguage":"fr-FR","potentialAction":[{"@type":"ReadAction","target":["https:\/\/eurotrail.info\/fr\/producten\/caravane-camping-car-bus\/auvents-de-caravane\/fjord-private-room-auvent-tente-autobus\/"]}]},{"@type":"ImageObject","inLanguage":"fr-FR","@id":"https:\/\/eurotrail.info\/fr\/producten\/caravane-camping-car-bus\/auvents-de-caravane\/fjord-private-room-auvent-tente-autobus\/#primaryimage","url":"https:\/\/eurotrail.info\/wp\/wp-content\/uploads\/2017\/01\/bustent-2-klein-formaat.jpg","contentUrl":"https:\/\/eurotrail.info\/wp\/wp-content\/uploads\/2017\/01\/bustent-2-klein-formaat.jpg","width":886,"height":591},{"@type":"BreadcrumbList","@id":"https:\/\/eurotrail.info\/fr\/producten\/caravane-camping-car-bus\/auvents-de-caravane\/fjord-private-room-auvent-tente-autobus\/#breadcrumb","itemListElement":[{"@type":"ListItem","position":1,"name":"Home","item":"https:\/\/eurotrail.info\/fr\/"},{"@type":"ListItem","position":2,"name":"Produits","item":"https:\/\/eurotrail.info\/fr\/produits\/"},{"@type":"ListItem","position":3,"name":"Fjord Private Room auvent tente autobus"}]},{"@type":"WebSite","@id":"https:\/\/eurotrail.info\/#website","url":"https:\/\/eurotrail.info\/","name":"Eurotrail | The way we camp!","description":"","publisher":{"@id":"https:\/\/eurotrail.info\/#organization"},"potentialAction":[{"@type":"SearchAction","target":{"@type":"EntryPoint","urlTemplate":"https:\/\/eurotrail.info\/?s={search_term_string}"},"query-input":{"@type":"PropertyValueSpecification","valueRequired":true,"valueName":"search_term_string"}}],"inLanguage":"fr-FR"},{"@type":"Organization","@id":"https:\/\/eurotrail.info\/#organization","name":"Eurotrail | The way we camp!","url":"https:\/\/eurotrail.info\/","logo":{"@type":"ImageObject","inLanguage":"fr-FR","@id":"https:\/\/eurotrail.info\/#\/schema\/logo\/image\/","url":"https:\/\/eurotrail.info\/wp\/wp-content\/uploads\/2023\/07\/ET-logo-quote_NL-scaled.jpg","contentUrl":"https:\/\/eurotrail.info\/wp\/wp-content\/uploads\/2023\/07\/ET-logo-quote_NL-scaled.jpg","width":2560,"height":675,"caption":"Eurotrail | The way we camp!"},"image":{"@id":"https:\/\/eurotrail.info\/#\/schema\/logo\/image\/"}}]}},"_links":{"self":[{"href":"https:\/\/eurotrail.info\/fr\/wp-json\/wp\/v2\/product\/12004","targetHints":{"allow":["GET"]}}],"collection":[{"href":"https:\/\/eurotrail.info\/fr\/wp-json\/wp\/v2\/product"}],"about":[{"href":"https:\/\/eurotrail.info\/fr\/wp-json\/wp\/v2\/types\/product"}],"replies":[{"embeddable":true,"href":"https:\/\/eurotrail.info\/fr\/wp-json\/wp\/v2\/comments?post=12004"}],"wp:featuredmedia":[{"embeddable":true,"href":"https:\/\/eurotrail.info\/fr\/wp-json\/wp\/v2\/media\/12016"}],"wp:attachment":[{"href":"https:\/\/eurotrail.info\/fr\/wp-json\/wp\/v2\/media?parent=12004"}],"wp:term":[{"taxonomy":"product_brand","embeddable":true,"href":"https:\/\/eurotrail.info\/fr\/wp-json\/wp\/v2\/product_brand?post=12004"},{"taxonomy":"product_cat","embeddable":true,"href":"https:\/\/eurotrail.info\/fr\/wp-json\/wp\/v2\/product_cat?post=12004"},{"taxonomy":"product_tag","embeddable":true,"href":"https:\/\/eurotrail.info\/fr\/wp-json\/wp\/v2\/product_tag?post=12004"}],"curies":[{"name":"wp","href":"https:\/\/api.w.org\/{rel}","templated":true}]}}