{"id":12017,"date":"2016-03-08T12:37:44","date_gmt":"2016-03-08T11:37:44","guid":{"rendered":"https:\/\/eurotrail.info\/producten\/fjord-260-auvent-fourgons\/"},"modified":"2024-11-11T11:22:05","modified_gmt":"2024-11-11T10:22:05","slug":"fjord-260-auvent-fourgons","status":"publish","type":"product","link":"https:\/\/eurotrail.info\/fr\/producten\/caravane-camping-car-bus\/auvents-de-caravane\/fjord-260-auvent-fourgons\/","title":{"rendered":"Fjord &#8211; Auvent fourgons"},"content":{"rendered":"<p>Auvent sp\u00e9cial pour les fourgons tels que les mod\u00e8les VW-T ou Vito.<br \/>\nL&#8217;auvent Fjord est \u00e9quip\u00e9 d&#8217;un bourrelet pour la fixation au bus, mais peut \u00e9galement \u00eatre fix\u00e9 avec la barre de toit. L&#8217;auvent est fourni avec 3 poteaux de tente d&#8217;auvent, barre de toit.<\/p>\n<p>Disponible en 260 ou 300 cm de large et 240 cm de profondeur.<\/p>\n<p>Disponible en option:<br \/>\n&#8211; Parois du fjord<br \/>\n&#8211; Tente d&#8217;auvent Fjord Private Room<\/p>\n<p>Mat\u00e9riau : All Weather Tex 2.0 (100% polyester) UPF 50+<\/p>\n","protected":false},"excerpt":{"rendered":"<p>Auvent sp\u00e9cial pour les fourgons tels que les mod\u00e8les VW-T ou Vito. L&#8217;auvent Fjord est \u00e9quip\u00e9 d&#8217;un bourrelet pour la fixation au bus, mais peut&hellip;<\/p>\n","protected":false},"featured_media":12022,"comment_status":"open","ping_status":"closed","template":"","meta":{"_acf_changed":false},"product_brand":[],"product_cat":[240],"product_tag":[],"class_list":{"0":"post-12017","1":"product","2":"type-product","3":"status-publish","4":"has-post-thumbnail","6":"product_cat-auvents-de-caravane","8":"first","9":"instock","10":"shipping-taxable","11":"product-type-simple"},"acf":[],"yoast_head":"<!-- This site is optimized with the Yoast SEO plugin v27.4 - https:\/\/yoast.com\/product\/yoast-seo-wordpress\/ -->\n<title>Fjord - Auvent fourgons - Eurotrail | The way we camp!<\/title>\n<meta name=\"robots\" content=\"index, follow, max-snippet:-1, max-image-preview:large, max-video-preview:-1\" \/>\n<link rel=\"canonical\" href=\"https:\/\/eurotrail.info\/fr\/producten\/caravane-camping-car-bus\/auvents-de-caravane\/fjord-260-auvent-fourgons\/\" \/>\n<meta property=\"og:locale\" content=\"fr_FR\" \/>\n<meta property=\"og:type\" content=\"article\" \/>\n<meta property=\"og:title\" content=\"Fjord - Auvent fourgons - Eurotrail | The way we camp!\" \/>\n<meta property=\"og:description\" content=\"Auvent sp\u00e9cial pour les fourgons tels que les mod\u00e8les VW-T ou Vito. L&#8217;auvent Fjord est \u00e9quip\u00e9 d&#8217;un bourrelet pour la fixation au bus, mais peut&hellip;\" \/>\n<meta property=\"og:url\" content=\"https:\/\/eurotrail.info\/fr\/producten\/caravane-camping-car-bus\/auvents-de-caravane\/fjord-260-auvent-fourgons\/\" \/>\n<meta property=\"og:site_name\" content=\"Eurotrail | The way we camp!\" \/>\n<meta property=\"article:modified_time\" content=\"2024-11-11T10:22:05+00:00\" \/>\n<meta property=\"og:image\" content=\"https:\/\/eurotrail.info\/wp\/wp-content\/uploads\/2016\/03\/ETCT0133-Buscamper-awning-17.jpg\" \/>\n\t<meta property=\"og:image:width\" content=\"1376\" \/>\n\t<meta property=\"og:image:height\" content=\"898\" \/>\n\t<meta property=\"og:image:type\" content=\"image\/jpeg\" \/>\n<meta name=\"twitter:card\" content=\"summary_large_image\" \/>\n<meta name=\"twitter:label1\" content=\"Dur\u00e9e de lecture estim\u00e9e\" \/>\n\t<meta name=\"twitter:data1\" content=\"1 minute\" \/>\n<script type=\"application\/ld+json\" class=\"yoast-schema-graph\">{\"@context\":\"https:\\\/\\\/schema.org\",\"@graph\":[{\"@type\":\"WebPage\",\"@id\":\"https:\\\/\\\/eurotrail.info\\\/fr\\\/producten\\\/caravane-camping-car-bus\\\/auvents-de-caravane\\\/fjord-260-auvent-fourgons\\\/\",\"url\":\"https:\\\/\\\/eurotrail.info\\\/fr\\\/producten\\\/caravane-camping-car-bus\\\/auvents-de-caravane\\\/fjord-260-auvent-fourgons\\\/\",\"name\":\"Fjord - Auvent fourgons - Eurotrail | The way we camp!\",\"isPartOf\":{\"@id\":\"https:\\\/\\\/eurotrail.info\\\/#website\"},\"primaryImageOfPage\":{\"@id\":\"https:\\\/\\\/eurotrail.info\\\/fr\\\/producten\\\/caravane-camping-car-bus\\\/auvents-de-caravane\\\/fjord-260-auvent-fourgons\\\/#primaryimage\"},\"image\":{\"@id\":\"https:\\\/\\\/eurotrail.info\\\/fr\\\/producten\\\/caravane-camping-car-bus\\\/auvents-de-caravane\\\/fjord-260-auvent-fourgons\\\/#primaryimage\"},\"thumbnailUrl\":\"https:\\\/\\\/eurotrail.info\\\/wp\\\/wp-content\\\/uploads\\\/2016\\\/03\\\/ETCT0133-Buscamper-awning-17.jpg\",\"datePublished\":\"2016-03-08T11:37:44+00:00\",\"dateModified\":\"2024-11-11T10:22:05+00:00\",\"breadcrumb\":{\"@id\":\"https:\\\/\\\/eurotrail.info\\\/fr\\\/producten\\\/caravane-camping-car-bus\\\/auvents-de-caravane\\\/fjord-260-auvent-fourgons\\\/#breadcrumb\"},\"inLanguage\":\"fr-FR\",\"potentialAction\":[{\"@type\":\"ReadAction\",\"target\":[\"https:\\\/\\\/eurotrail.info\\\/fr\\\/producten\\\/caravane-camping-car-bus\\\/auvents-de-caravane\\\/fjord-260-auvent-fourgons\\\/\"]}]},{\"@type\":\"ImageObject\",\"inLanguage\":\"fr-FR\",\"@id\":\"https:\\\/\\\/eurotrail.info\\\/fr\\\/producten\\\/caravane-camping-car-bus\\\/auvents-de-caravane\\\/fjord-260-auvent-fourgons\\\/#primaryimage\",\"url\":\"https:\\\/\\\/eurotrail.info\\\/wp\\\/wp-content\\\/uploads\\\/2016\\\/03\\\/ETCT0133-Buscamper-awning-17.jpg\",\"contentUrl\":\"https:\\\/\\\/eurotrail.info\\\/wp\\\/wp-content\\\/uploads\\\/2016\\\/03\\\/ETCT0133-Buscamper-awning-17.jpg\",\"width\":1376,\"height\":898},{\"@type\":\"BreadcrumbList\",\"@id\":\"https:\\\/\\\/eurotrail.info\\\/fr\\\/producten\\\/caravane-camping-car-bus\\\/auvents-de-caravane\\\/fjord-260-auvent-fourgons\\\/#breadcrumb\",\"itemListElement\":[{\"@type\":\"ListItem\",\"position\":1,\"name\":\"Home\",\"item\":\"https:\\\/\\\/eurotrail.info\\\/fr\\\/\"},{\"@type\":\"ListItem\",\"position\":2,\"name\":\"Produits\",\"item\":\"https:\\\/\\\/eurotrail.info\\\/fr\\\/produits\\\/\"},{\"@type\":\"ListItem\",\"position\":3,\"name\":\"Fjord &#8211; Auvent fourgons\"}]},{\"@type\":\"WebSite\",\"@id\":\"https:\\\/\\\/eurotrail.info\\\/#website\",\"url\":\"https:\\\/\\\/eurotrail.info\\\/\",\"name\":\"Eurotrail | The way we camp!\",\"description\":\"\",\"publisher\":{\"@id\":\"https:\\\/\\\/eurotrail.info\\\/#organization\"},\"potentialAction\":[{\"@type\":\"SearchAction\",\"target\":{\"@type\":\"EntryPoint\",\"urlTemplate\":\"https:\\\/\\\/eurotrail.info\\\/?s={search_term_string}\"},\"query-input\":{\"@type\":\"PropertyValueSpecification\",\"valueRequired\":true,\"valueName\":\"search_term_string\"}}],\"inLanguage\":\"fr-FR\"},{\"@type\":\"Organization\",\"@id\":\"https:\\\/\\\/eurotrail.info\\\/#organization\",\"name\":\"Eurotrail | The way we camp!\",\"url\":\"https:\\\/\\\/eurotrail.info\\\/\",\"logo\":{\"@type\":\"ImageObject\",\"inLanguage\":\"fr-FR\",\"@id\":\"https:\\\/\\\/eurotrail.info\\\/#\\\/schema\\\/logo\\\/image\\\/\",\"url\":\"https:\\\/\\\/eurotrail.info\\\/wp\\\/wp-content\\\/uploads\\\/2023\\\/07\\\/ET-logo-quote_NL-scaled.jpg\",\"contentUrl\":\"https:\\\/\\\/eurotrail.info\\\/wp\\\/wp-content\\\/uploads\\\/2023\\\/07\\\/ET-logo-quote_NL-scaled.jpg\",\"width\":2560,\"height\":675,\"caption\":\"Eurotrail | The way we camp!\"},\"image\":{\"@id\":\"https:\\\/\\\/eurotrail.info\\\/#\\\/schema\\\/logo\\\/image\\\/\"}}]}<\/script>\n<!-- \/ Yoast SEO plugin. -->","yoast_head_json":{"title":"Fjord - Auvent fourgons - Eurotrail | The way we camp!","robots":{"index":"index","follow":"follow","max-snippet":"max-snippet:-1","max-image-preview":"max-image-preview:large","max-video-preview":"max-video-preview:-1"},"canonical":"https:\/\/eurotrail.info\/fr\/producten\/caravane-camping-car-bus\/auvents-de-caravane\/fjord-260-auvent-fourgons\/","og_locale":"fr_FR","og_type":"article","og_title":"Fjord - Auvent fourgons - Eurotrail | The way we camp!","og_description":"Auvent sp\u00e9cial pour les fourgons tels que les mod\u00e8les VW-T ou Vito. L&#8217;auvent Fjord est \u00e9quip\u00e9 d&#8217;un bourrelet pour la fixation au bus, mais peut&hellip;","og_url":"https:\/\/eurotrail.info\/fr\/producten\/caravane-camping-car-bus\/auvents-de-caravane\/fjord-260-auvent-fourgons\/","og_site_name":"Eurotrail | The way we camp!","article_modified_time":"2024-11-11T10:22:05+00:00","og_image":[{"width":1376,"height":898,"url":"https:\/\/eurotrail.info\/wp\/wp-content\/uploads\/2016\/03\/ETCT0133-Buscamper-awning-17.jpg","type":"image\/jpeg"}],"twitter_card":"summary_large_image","twitter_misc":{"Dur\u00e9e de lecture estim\u00e9e":"1 minute"},"schema":{"@context":"https:\/\/schema.org","@graph":[{"@type":"WebPage","@id":"https:\/\/eurotrail.info\/fr\/producten\/caravane-camping-car-bus\/auvents-de-caravane\/fjord-260-auvent-fourgons\/","url":"https:\/\/eurotrail.info\/fr\/producten\/caravane-camping-car-bus\/auvents-de-caravane\/fjord-260-auvent-fourgons\/","name":"Fjord - Auvent fourgons - Eurotrail | The way we camp!","isPartOf":{"@id":"https:\/\/eurotrail.info\/#website"},"primaryImageOfPage":{"@id":"https:\/\/eurotrail.info\/fr\/producten\/caravane-camping-car-bus\/auvents-de-caravane\/fjord-260-auvent-fourgons\/#primaryimage"},"image":{"@id":"https:\/\/eurotrail.info\/fr\/producten\/caravane-camping-car-bus\/auvents-de-caravane\/fjord-260-auvent-fourgons\/#primaryimage"},"thumbnailUrl":"https:\/\/eurotrail.info\/wp\/wp-content\/uploads\/2016\/03\/ETCT0133-Buscamper-awning-17.jpg","datePublished":"2016-03-08T11:37:44+00:00","dateModified":"2024-11-11T10:22:05+00:00","breadcrumb":{"@id":"https:\/\/eurotrail.info\/fr\/producten\/caravane-camping-car-bus\/auvents-de-caravane\/fjord-260-auvent-fourgons\/#breadcrumb"},"inLanguage":"fr-FR","potentialAction":[{"@type":"ReadAction","target":["https:\/\/eurotrail.info\/fr\/producten\/caravane-camping-car-bus\/auvents-de-caravane\/fjord-260-auvent-fourgons\/"]}]},{"@type":"ImageObject","inLanguage":"fr-FR","@id":"https:\/\/eurotrail.info\/fr\/producten\/caravane-camping-car-bus\/auvents-de-caravane\/fjord-260-auvent-fourgons\/#primaryimage","url":"https:\/\/eurotrail.info\/wp\/wp-content\/uploads\/2016\/03\/ETCT0133-Buscamper-awning-17.jpg","contentUrl":"https:\/\/eurotrail.info\/wp\/wp-content\/uploads\/2016\/03\/ETCT0133-Buscamper-awning-17.jpg","width":1376,"height":898},{"@type":"BreadcrumbList","@id":"https:\/\/eurotrail.info\/fr\/producten\/caravane-camping-car-bus\/auvents-de-caravane\/fjord-260-auvent-fourgons\/#breadcrumb","itemListElement":[{"@type":"ListItem","position":1,"name":"Home","item":"https:\/\/eurotrail.info\/fr\/"},{"@type":"ListItem","position":2,"name":"Produits","item":"https:\/\/eurotrail.info\/fr\/produits\/"},{"@type":"ListItem","position":3,"name":"Fjord &#8211; Auvent fourgons"}]},{"@type":"WebSite","@id":"https:\/\/eurotrail.info\/#website","url":"https:\/\/eurotrail.info\/","name":"Eurotrail | The way we camp!","description":"","publisher":{"@id":"https:\/\/eurotrail.info\/#organization"},"potentialAction":[{"@type":"SearchAction","target":{"@type":"EntryPoint","urlTemplate":"https:\/\/eurotrail.info\/?s={search_term_string}"},"query-input":{"@type":"PropertyValueSpecification","valueRequired":true,"valueName":"search_term_string"}}],"inLanguage":"fr-FR"},{"@type":"Organization","@id":"https:\/\/eurotrail.info\/#organization","name":"Eurotrail | The way we camp!","url":"https:\/\/eurotrail.info\/","logo":{"@type":"ImageObject","inLanguage":"fr-FR","@id":"https:\/\/eurotrail.info\/#\/schema\/logo\/image\/","url":"https:\/\/eurotrail.info\/wp\/wp-content\/uploads\/2023\/07\/ET-logo-quote_NL-scaled.jpg","contentUrl":"https:\/\/eurotrail.info\/wp\/wp-content\/uploads\/2023\/07\/ET-logo-quote_NL-scaled.jpg","width":2560,"height":675,"caption":"Eurotrail | The way we camp!"},"image":{"@id":"https:\/\/eurotrail.info\/#\/schema\/logo\/image\/"}}]}},"_links":{"self":[{"href":"https:\/\/eurotrail.info\/fr\/wp-json\/wp\/v2\/product\/12017","targetHints":{"allow":["GET"]}}],"collection":[{"href":"https:\/\/eurotrail.info\/fr\/wp-json\/wp\/v2\/product"}],"about":[{"href":"https:\/\/eurotrail.info\/fr\/wp-json\/wp\/v2\/types\/product"}],"replies":[{"embeddable":true,"href":"https:\/\/eurotrail.info\/fr\/wp-json\/wp\/v2\/comments?post=12017"}],"wp:featuredmedia":[{"embeddable":true,"href":"https:\/\/eurotrail.info\/fr\/wp-json\/wp\/v2\/media\/12022"}],"wp:attachment":[{"href":"https:\/\/eurotrail.info\/fr\/wp-json\/wp\/v2\/media?parent=12017"}],"wp:term":[{"taxonomy":"product_brand","embeddable":true,"href":"https:\/\/eurotrail.info\/fr\/wp-json\/wp\/v2\/product_brand?post=12017"},{"taxonomy":"product_cat","embeddable":true,"href":"https:\/\/eurotrail.info\/fr\/wp-json\/wp\/v2\/product_cat?post=12017"},{"taxonomy":"product_tag","embeddable":true,"href":"https:\/\/eurotrail.info\/fr\/wp-json\/wp\/v2\/product_tag?post=12017"}],"curies":[{"name":"wp","href":"https:\/\/api.w.org\/{rel}","templated":true}]}}