{"id":12030,"date":"2016-02-26T14:39:00","date_gmt":"2016-02-26T13:39:00","guid":{"rendered":"https:\/\/eurotrail.info\/producten\/auvent-pare-soleil-coulissant\/"},"modified":"2024-01-19T15:04:35","modified_gmt":"2024-01-19T14:04:35","slug":"auvent-pare-soleil-coulissant","status":"publish","type":"product","link":"https:\/\/eurotrail.info\/fr\/producten\/caravane-camping-car-bus\/auvents-de-caravane\/auvent-pare-soleil-coulissant\/","title":{"rendered":"Auvent \/ Pare-soleil coulissant"},"content":{"rendered":"<p>Auvent de caravane universel avec paroi lat\u00e9rale (auvent coulissant).<\/p>\n<p>Avec cet auvent, vous pouvez d\u00e9cider vous-m\u00eame si vous souhaitez une paroi lat\u00e9rale \u00e0 gauche ou \u00e0 droite pour pouvoir vous asseoir \u00e0 l&#8217;abri du vent. Il y a des anneaux pour le cadre \u00e0 diff\u00e9rents endroits du store. Le cadre est exclusif et est disponible en option. (Ensemble de cadres ETSP0515)<\/p>\n<p>Les stores de 240 cm sont \u00e9quip\u00e9s d&#8217;un double tendon : tendon 7 mm + tendon 6 mm. Ce tendon de 6 mm est destin\u00e9 aux blocs de fa\u00eetage sp\u00e9ciaux. \u00c9tant donn\u00e9 que le store est grand, nous vous recommandons d&#8217;utiliser le cadre en U, c&#8217;est-\u00e0-dire avec des fa\u00eeti\u00e8res. Ce cadre en U garantit que le store est tendu et beaucoup plus stable.<\/p>\n<p>Pour d\u00e9terminer la bonne taille, consultez le lien suivant :<br \/>\n<a href=\"https:\/\/eurotrail.info\/wp\/wp-content\/uploads\/2016\/02\/Manual-Auvent-ETCT0006-FR.pdf\">Mode d&#8217;emploi auvent de caravane ETCT0006<\/a><\/p>\n<p>Mat\u00e9riau : 100 % polyester avec rev\u00eatement PVC.<br \/>\nTailles disponibles:<\/p>\n<table width=\"413\">\n<tbody>\n<tr>\n<td width=\"77\">Taille<\/td>\n<td width=\"144\">circonf\u00e9rence<\/td>\n<td width=\"96\">Largeur du tissu<\/td>\n<td width=\"96\">\u00a0Profondeur<\/td>\n<\/tr>\n<tr>\n<td width=\"77\">02<\/td>\n<td width=\"144\">660-700<\/td>\n<td width=\"96\">500<\/td>\n<td width=\"96\">240<\/td>\n<\/tr>\n<tr>\n<td width=\"77\">03<\/td>\n<td width=\"144\">700-740<\/td>\n<td width=\"96\">540<\/td>\n<td width=\"96\">240<\/td>\n<\/tr>\n<tr>\n<td width=\"77\">04<\/td>\n<td width=\"144\">740-780<\/td>\n<td width=\"96\">580<\/td>\n<td width=\"96\">240<\/td>\n<\/tr>\n<tr>\n<td width=\"77\">05<\/td>\n<td width=\"144\">780-820<\/td>\n<td width=\"96\">620<\/td>\n<td width=\"96\">240<\/td>\n<\/tr>\n<tr>\n<td width=\"77\">06<\/td>\n<td width=\"144\">820-860<\/td>\n<td width=\"96\">660<\/td>\n<td width=\"96\">240<\/td>\n<\/tr>\n<tr>\n<td width=\"77\">07<\/td>\n<td width=\"144\">860-900<\/td>\n<td width=\"96\">700<\/td>\n<td width=\"96\">240<\/td>\n<\/tr>\n<tr>\n<td width=\"77\">08<\/td>\n<td width=\"144\">900-940<\/td>\n<td width=\"96\">740<\/td>\n<td width=\"96\">240<\/td>\n<\/tr>\n<tr>\n<td width=\"77\">09<\/td>\n<td width=\"144\">940-980<\/td>\n<td width=\"96\">780<\/td>\n<td width=\"96\">240<\/td>\n<\/tr>\n<tr>\n<td width=\"77\">10<\/td>\n<td width=\"144\">980-1020<\/td>\n<td width=\"96\">820<\/td>\n<td width=\"96\">240<\/td>\n<\/tr>\n<tr>\n<td width=\"77\">11<\/td>\n<td width=\"144\">1020-1060<\/td>\n<td width=\"96\">860<\/td>\n<td width=\"96\">240<\/td>\n<\/tr>\n<tr>\n<td width=\"77\">12<\/td>\n<td width=\"144\">1060-1100<\/td>\n<td width=\"96\">900<\/td>\n<td width=\"96\">240<\/td>\n<\/tr>\n<\/tbody>\n<\/table>\n","protected":false},"excerpt":{"rendered":"<p>Auvent de caravane universel avec paroi lat\u00e9rale (auvent coulissant). Avec cet auvent, vous pouvez d\u00e9cider vous-m\u00eame si vous souhaitez une paroi lat\u00e9rale \u00e0 gauche ou&hellip;<\/p>\n","protected":false},"featured_media":12032,"comment_status":"open","ping_status":"closed","template":"","meta":{"_acf_changed":false},"product_brand":[],"product_cat":[240],"product_tag":[],"class_list":{"0":"post-12030","1":"product","2":"type-product","3":"status-publish","4":"has-post-thumbnail","6":"product_cat-auvents-de-caravane","8":"first","9":"instock","10":"shipping-taxable","11":"product-type-simple"},"acf":[],"yoast_head":"<!-- This site is optimized with the Yoast SEO plugin v27.3 - https:\/\/yoast.com\/product\/yoast-seo-wordpress\/ -->\n<title>Auvent \/ Pare-soleil coulissant - Eurotrail | The way we camp!<\/title>\n<meta name=\"robots\" content=\"index, follow, max-snippet:-1, max-image-preview:large, max-video-preview:-1\" \/>\n<link rel=\"canonical\" href=\"https:\/\/eurotrail.info\/fr\/producten\/caravane-camping-car-bus\/auvents-de-caravane\/auvent-pare-soleil-coulissant\/\" \/>\n<meta property=\"og:locale\" content=\"fr_FR\" \/>\n<meta property=\"og:type\" content=\"article\" \/>\n<meta property=\"og:title\" content=\"Auvent \/ Pare-soleil coulissant - Eurotrail | The way we camp!\" \/>\n<meta property=\"og:description\" content=\"Auvent de caravane universel avec paroi lat\u00e9rale (auvent coulissant). Avec cet auvent, vous pouvez d\u00e9cider vous-m\u00eame si vous souhaitez une paroi lat\u00e9rale \u00e0 gauche ou&hellip;\" \/>\n<meta property=\"og:url\" content=\"https:\/\/eurotrail.info\/fr\/producten\/caravane-camping-car-bus\/auvents-de-caravane\/auvent-pare-soleil-coulissant\/\" \/>\n<meta property=\"og:site_name\" content=\"Eurotrail | The way we camp!\" \/>\n<meta property=\"article:modified_time\" content=\"2024-01-19T14:04:35+00:00\" \/>\n<meta property=\"og:image\" content=\"https:\/\/eurotrail.info\/wp\/wp-content\/uploads\/2016\/02\/Eurotrail-Schuifluifel-2.jpg\" \/>\n\t<meta property=\"og:image:width\" content=\"1181\" \/>\n\t<meta property=\"og:image:height\" content=\"553\" \/>\n\t<meta property=\"og:image:type\" content=\"image\/jpeg\" \/>\n<meta name=\"twitter:card\" content=\"summary_large_image\" \/>\n<meta name=\"twitter:label1\" content=\"Dur\u00e9e de lecture estim\u00e9e\" \/>\n\t<meta name=\"twitter:data1\" content=\"2 minutes\" \/>\n<script type=\"application\/ld+json\" class=\"yoast-schema-graph\">{\"@context\":\"https:\\\/\\\/schema.org\",\"@graph\":[{\"@type\":\"WebPage\",\"@id\":\"https:\\\/\\\/eurotrail.info\\\/fr\\\/producten\\\/caravane-camping-car-bus\\\/auvents-de-caravane\\\/auvent-pare-soleil-coulissant\\\/\",\"url\":\"https:\\\/\\\/eurotrail.info\\\/fr\\\/producten\\\/caravane-camping-car-bus\\\/auvents-de-caravane\\\/auvent-pare-soleil-coulissant\\\/\",\"name\":\"Auvent \\\/ Pare-soleil coulissant - Eurotrail | The way we camp!\",\"isPartOf\":{\"@id\":\"https:\\\/\\\/eurotrail.info\\\/#website\"},\"primaryImageOfPage\":{\"@id\":\"https:\\\/\\\/eurotrail.info\\\/fr\\\/producten\\\/caravane-camping-car-bus\\\/auvents-de-caravane\\\/auvent-pare-soleil-coulissant\\\/#primaryimage\"},\"image\":{\"@id\":\"https:\\\/\\\/eurotrail.info\\\/fr\\\/producten\\\/caravane-camping-car-bus\\\/auvents-de-caravane\\\/auvent-pare-soleil-coulissant\\\/#primaryimage\"},\"thumbnailUrl\":\"https:\\\/\\\/eurotrail.info\\\/wp\\\/wp-content\\\/uploads\\\/2016\\\/02\\\/Eurotrail-Schuifluifel-2.jpg\",\"datePublished\":\"2016-02-26T13:39:00+00:00\",\"dateModified\":\"2024-01-19T14:04:35+00:00\",\"breadcrumb\":{\"@id\":\"https:\\\/\\\/eurotrail.info\\\/fr\\\/producten\\\/caravane-camping-car-bus\\\/auvents-de-caravane\\\/auvent-pare-soleil-coulissant\\\/#breadcrumb\"},\"inLanguage\":\"fr-FR\",\"potentialAction\":[{\"@type\":\"ReadAction\",\"target\":[\"https:\\\/\\\/eurotrail.info\\\/fr\\\/producten\\\/caravane-camping-car-bus\\\/auvents-de-caravane\\\/auvent-pare-soleil-coulissant\\\/\"]}]},{\"@type\":\"ImageObject\",\"inLanguage\":\"fr-FR\",\"@id\":\"https:\\\/\\\/eurotrail.info\\\/fr\\\/producten\\\/caravane-camping-car-bus\\\/auvents-de-caravane\\\/auvent-pare-soleil-coulissant\\\/#primaryimage\",\"url\":\"https:\\\/\\\/eurotrail.info\\\/wp\\\/wp-content\\\/uploads\\\/2016\\\/02\\\/Eurotrail-Schuifluifel-2.jpg\",\"contentUrl\":\"https:\\\/\\\/eurotrail.info\\\/wp\\\/wp-content\\\/uploads\\\/2016\\\/02\\\/Eurotrail-Schuifluifel-2.jpg\",\"width\":1181,\"height\":553},{\"@type\":\"BreadcrumbList\",\"@id\":\"https:\\\/\\\/eurotrail.info\\\/fr\\\/producten\\\/caravane-camping-car-bus\\\/auvents-de-caravane\\\/auvent-pare-soleil-coulissant\\\/#breadcrumb\",\"itemListElement\":[{\"@type\":\"ListItem\",\"position\":1,\"name\":\"Home\",\"item\":\"https:\\\/\\\/eurotrail.info\\\/fr\\\/\"},{\"@type\":\"ListItem\",\"position\":2,\"name\":\"Produits\",\"item\":\"https:\\\/\\\/eurotrail.info\\\/fr\\\/produits\\\/\"},{\"@type\":\"ListItem\",\"position\":3,\"name\":\"Auvent \\\/ Pare-soleil coulissant\"}]},{\"@type\":\"WebSite\",\"@id\":\"https:\\\/\\\/eurotrail.info\\\/#website\",\"url\":\"https:\\\/\\\/eurotrail.info\\\/\",\"name\":\"Eurotrail | The way we camp!\",\"description\":\"\",\"publisher\":{\"@id\":\"https:\\\/\\\/eurotrail.info\\\/#organization\"},\"potentialAction\":[{\"@type\":\"SearchAction\",\"target\":{\"@type\":\"EntryPoint\",\"urlTemplate\":\"https:\\\/\\\/eurotrail.info\\\/?s={search_term_string}\"},\"query-input\":{\"@type\":\"PropertyValueSpecification\",\"valueRequired\":true,\"valueName\":\"search_term_string\"}}],\"inLanguage\":\"fr-FR\"},{\"@type\":\"Organization\",\"@id\":\"https:\\\/\\\/eurotrail.info\\\/#organization\",\"name\":\"Eurotrail | The way we camp!\",\"url\":\"https:\\\/\\\/eurotrail.info\\\/\",\"logo\":{\"@type\":\"ImageObject\",\"inLanguage\":\"fr-FR\",\"@id\":\"https:\\\/\\\/eurotrail.info\\\/#\\\/schema\\\/logo\\\/image\\\/\",\"url\":\"https:\\\/\\\/eurotrail.info\\\/wp\\\/wp-content\\\/uploads\\\/2023\\\/07\\\/ET-logo-quote_NL-scaled.jpg\",\"contentUrl\":\"https:\\\/\\\/eurotrail.info\\\/wp\\\/wp-content\\\/uploads\\\/2023\\\/07\\\/ET-logo-quote_NL-scaled.jpg\",\"width\":2560,\"height\":675,\"caption\":\"Eurotrail | The way we camp!\"},\"image\":{\"@id\":\"https:\\\/\\\/eurotrail.info\\\/#\\\/schema\\\/logo\\\/image\\\/\"}}]}<\/script>\n<!-- \/ Yoast SEO plugin. -->","yoast_head_json":{"title":"Auvent \/ Pare-soleil coulissant - Eurotrail | The way we camp!","robots":{"index":"index","follow":"follow","max-snippet":"max-snippet:-1","max-image-preview":"max-image-preview:large","max-video-preview":"max-video-preview:-1"},"canonical":"https:\/\/eurotrail.info\/fr\/producten\/caravane-camping-car-bus\/auvents-de-caravane\/auvent-pare-soleil-coulissant\/","og_locale":"fr_FR","og_type":"article","og_title":"Auvent \/ Pare-soleil coulissant - Eurotrail | The way we camp!","og_description":"Auvent de caravane universel avec paroi lat\u00e9rale (auvent coulissant). Avec cet auvent, vous pouvez d\u00e9cider vous-m\u00eame si vous souhaitez une paroi lat\u00e9rale \u00e0 gauche ou&hellip;","og_url":"https:\/\/eurotrail.info\/fr\/producten\/caravane-camping-car-bus\/auvents-de-caravane\/auvent-pare-soleil-coulissant\/","og_site_name":"Eurotrail | The way we camp!","article_modified_time":"2024-01-19T14:04:35+00:00","og_image":[{"width":1181,"height":553,"url":"https:\/\/eurotrail.info\/wp\/wp-content\/uploads\/2016\/02\/Eurotrail-Schuifluifel-2.jpg","type":"image\/jpeg"}],"twitter_card":"summary_large_image","twitter_misc":{"Dur\u00e9e de lecture estim\u00e9e":"2 minutes"},"schema":{"@context":"https:\/\/schema.org","@graph":[{"@type":"WebPage","@id":"https:\/\/eurotrail.info\/fr\/producten\/caravane-camping-car-bus\/auvents-de-caravane\/auvent-pare-soleil-coulissant\/","url":"https:\/\/eurotrail.info\/fr\/producten\/caravane-camping-car-bus\/auvents-de-caravane\/auvent-pare-soleil-coulissant\/","name":"Auvent \/ Pare-soleil coulissant - Eurotrail | The way we camp!","isPartOf":{"@id":"https:\/\/eurotrail.info\/#website"},"primaryImageOfPage":{"@id":"https:\/\/eurotrail.info\/fr\/producten\/caravane-camping-car-bus\/auvents-de-caravane\/auvent-pare-soleil-coulissant\/#primaryimage"},"image":{"@id":"https:\/\/eurotrail.info\/fr\/producten\/caravane-camping-car-bus\/auvents-de-caravane\/auvent-pare-soleil-coulissant\/#primaryimage"},"thumbnailUrl":"https:\/\/eurotrail.info\/wp\/wp-content\/uploads\/2016\/02\/Eurotrail-Schuifluifel-2.jpg","datePublished":"2016-02-26T13:39:00+00:00","dateModified":"2024-01-19T14:04:35+00:00","breadcrumb":{"@id":"https:\/\/eurotrail.info\/fr\/producten\/caravane-camping-car-bus\/auvents-de-caravane\/auvent-pare-soleil-coulissant\/#breadcrumb"},"inLanguage":"fr-FR","potentialAction":[{"@type":"ReadAction","target":["https:\/\/eurotrail.info\/fr\/producten\/caravane-camping-car-bus\/auvents-de-caravane\/auvent-pare-soleil-coulissant\/"]}]},{"@type":"ImageObject","inLanguage":"fr-FR","@id":"https:\/\/eurotrail.info\/fr\/producten\/caravane-camping-car-bus\/auvents-de-caravane\/auvent-pare-soleil-coulissant\/#primaryimage","url":"https:\/\/eurotrail.info\/wp\/wp-content\/uploads\/2016\/02\/Eurotrail-Schuifluifel-2.jpg","contentUrl":"https:\/\/eurotrail.info\/wp\/wp-content\/uploads\/2016\/02\/Eurotrail-Schuifluifel-2.jpg","width":1181,"height":553},{"@type":"BreadcrumbList","@id":"https:\/\/eurotrail.info\/fr\/producten\/caravane-camping-car-bus\/auvents-de-caravane\/auvent-pare-soleil-coulissant\/#breadcrumb","itemListElement":[{"@type":"ListItem","position":1,"name":"Home","item":"https:\/\/eurotrail.info\/fr\/"},{"@type":"ListItem","position":2,"name":"Produits","item":"https:\/\/eurotrail.info\/fr\/produits\/"},{"@type":"ListItem","position":3,"name":"Auvent \/ Pare-soleil coulissant"}]},{"@type":"WebSite","@id":"https:\/\/eurotrail.info\/#website","url":"https:\/\/eurotrail.info\/","name":"Eurotrail | The way we camp!","description":"","publisher":{"@id":"https:\/\/eurotrail.info\/#organization"},"potentialAction":[{"@type":"SearchAction","target":{"@type":"EntryPoint","urlTemplate":"https:\/\/eurotrail.info\/?s={search_term_string}"},"query-input":{"@type":"PropertyValueSpecification","valueRequired":true,"valueName":"search_term_string"}}],"inLanguage":"fr-FR"},{"@type":"Organization","@id":"https:\/\/eurotrail.info\/#organization","name":"Eurotrail | The way we camp!","url":"https:\/\/eurotrail.info\/","logo":{"@type":"ImageObject","inLanguage":"fr-FR","@id":"https:\/\/eurotrail.info\/#\/schema\/logo\/image\/","url":"https:\/\/eurotrail.info\/wp\/wp-content\/uploads\/2023\/07\/ET-logo-quote_NL-scaled.jpg","contentUrl":"https:\/\/eurotrail.info\/wp\/wp-content\/uploads\/2023\/07\/ET-logo-quote_NL-scaled.jpg","width":2560,"height":675,"caption":"Eurotrail | The way we camp!"},"image":{"@id":"https:\/\/eurotrail.info\/#\/schema\/logo\/image\/"}}]}},"_links":{"self":[{"href":"https:\/\/eurotrail.info\/fr\/wp-json\/wp\/v2\/product\/12030","targetHints":{"allow":["GET"]}}],"collection":[{"href":"https:\/\/eurotrail.info\/fr\/wp-json\/wp\/v2\/product"}],"about":[{"href":"https:\/\/eurotrail.info\/fr\/wp-json\/wp\/v2\/types\/product"}],"replies":[{"embeddable":true,"href":"https:\/\/eurotrail.info\/fr\/wp-json\/wp\/v2\/comments?post=12030"}],"wp:featuredmedia":[{"embeddable":true,"href":"https:\/\/eurotrail.info\/fr\/wp-json\/wp\/v2\/media\/12032"}],"wp:attachment":[{"href":"https:\/\/eurotrail.info\/fr\/wp-json\/wp\/v2\/media?parent=12030"}],"wp:term":[{"taxonomy":"product_brand","embeddable":true,"href":"https:\/\/eurotrail.info\/fr\/wp-json\/wp\/v2\/product_brand?post=12030"},{"taxonomy":"product_cat","embeddable":true,"href":"https:\/\/eurotrail.info\/fr\/wp-json\/wp\/v2\/product_cat?post=12030"},{"taxonomy":"product_tag","embeddable":true,"href":"https:\/\/eurotrail.info\/fr\/wp-json\/wp\/v2\/product_tag?post=12030"}],"curies":[{"name":"wp","href":"https:\/\/api.w.org\/{rel}","templated":true}]}}