{"id":12072,"date":"2016-03-08T11:36:45","date_gmt":"2016-03-08T10:36:45","guid":{"rendered":"https:\/\/eurotrail.info\/producten\/extension-pour-store-dauvent\/"},"modified":"2022-03-30T09:18:43","modified_gmt":"2022-03-30T08:18:43","slug":"extension-pour-store-dauvent","status":"publish","type":"product","link":"https:\/\/eurotrail.info\/fr\/producten\/caravane-camping-car-bus\/auvents-de-caravane\/extension-pour-store-dauvent\/","title":{"rendered":"Narvik tente d&#8217;auvent Fiamma\/Omnistore"},"content":{"rendered":"<p>Le Narvik Canopy Room transforme votre store d\u2019auvent Fiamma ou Omni en un espace de vie confortable.<\/p>\n<p>La paroi avant est fix\u00e9e au store par un passepoil. Les parois lat\u00e9rales sont mont\u00e9es avec un poteau de radeau (non inclus dans la livraison, r\u00e9f. ETSP0543) et reli\u00e9es \u00e0 la paroi avant avec des fermetures \u00e9clair.<br \/>\nCela cr\u00e9e un grand espace id\u00e9al pour les tables et les chaises. Toutes les fen\u00eatres peuvent \u00eatre obscurcies de l&#8217;int\u00e9rieur. Porte cintr\u00e9e dans le mur avant. Gaze de moustique dans le mur avant. Bien entendu, vous pouvez \u00e9galement monter une seule paroi lat\u00e9rale afin d&#8217;\u00eatre \u00e9galement prot\u00e9g\u00e9 du vent et du soleil.<\/p>\n<p>D\u00e9tails : grandes fen\u00eatres en maille et rabat, porte d&#8217;entr\u00e9e, velcro pour la fixation aux poteaux d&#8217;auvent, y compris sac de rangement et tendeurs \u00e0 \u00e9chelles.<\/p>\n<p>Hauteur de raccordement 240-280 cm (bord inf\u00e9rieur du caisson de store)<\/p>\n<p>Narvik est disponible en diff\u00e9rentes tailles :<br \/>\nNarvik 300, 300 \u00d7 190 \/ 225x240cm<br \/>\nNarvik 350, 350 \u00d7 190 \/ 225x240cm<br \/>\nNarvik 400, 400 \u00d7 190 \/ 225x240cm<br \/>\nNarvik 450, 450 \u00d7 190 \/ 225x240cm<\/p>\n<p>Tente d&#8217;auvent Eurotrail Narvik pour les auvents suivants :<br \/>\n&#8211; Thul\u00e9 Omnistor (4900, 5000, 5002, 5003, 5200, 5500),<br \/>\n-Fiamma (F45, F45i, F45S, F45Ti, F45L, F45TiL)<br \/>\n&#8211; Dometic (PW1100, PR2000)<\/p>\n<p>D\u00e9tails: grandes fen\u00eatres avec filet et rabat, porte d&#8217;entr\u00e9e, velcro pour la fixation aux poteaux d&#8217;auvent, y compris sac de rangement et tendeurs d&#8217;\u00e9chelle.<\/p>\n<p><a href=\"https:\/\/eurotrail.info\/wp\/wp-content\/uploads\/2016\/03\/Manual-Aufbauanleitung-Opzetschema-Narvik.docx\">Manual-Aufbauanleitung-Opzetschema Narvik<\/a><\/p>\n","protected":false},"excerpt":{"rendered":"<p>Le Narvik Canopy Room transforme votre store d\u2019auvent Fiamma ou Omni en un espace de vie confortable. La paroi avant est fix\u00e9e au store par&hellip;<\/p>\n","protected":false},"featured_media":12075,"comment_status":"open","ping_status":"closed","template":"","meta":{"_acf_changed":false},"product_brand":[],"product_cat":[240],"product_tag":[],"class_list":{"0":"post-12072","1":"product","2":"type-product","3":"status-publish","4":"has-post-thumbnail","6":"product_cat-auvents-de-caravane","8":"first","9":"instock","10":"shipping-taxable","11":"product-type-simple"},"acf":[],"yoast_head":"<!-- This site is optimized with the Yoast SEO plugin v27.3 - https:\/\/yoast.com\/product\/yoast-seo-wordpress\/ -->\n<title>Narvik tente d&#039;auvent Fiamma\/Omnistore - Eurotrail | The way we camp!<\/title>\n<meta name=\"description\" content=\"Le Narvik Canopy Room transforme votre store d\u2019auvent Fiamma ou Omni en un espace de vie confortable.\" \/>\n<meta name=\"robots\" content=\"index, follow, max-snippet:-1, max-image-preview:large, max-video-preview:-1\" \/>\n<link rel=\"canonical\" href=\"https:\/\/eurotrail.info\/fr\/producten\/caravane-camping-car-bus\/auvents-de-caravane\/extension-pour-store-dauvent\/\" \/>\n<meta property=\"og:locale\" content=\"fr_FR\" \/>\n<meta property=\"og:type\" content=\"article\" \/>\n<meta property=\"og:title\" content=\"Narvik tente d&#039;auvent Fiamma\/Omnistore - Eurotrail | The way we camp!\" \/>\n<meta property=\"og:description\" content=\"Le Narvik Canopy Room transforme votre store d\u2019auvent Fiamma ou Omni en un espace de vie confortable.\" \/>\n<meta property=\"og:url\" content=\"https:\/\/eurotrail.info\/fr\/producten\/caravane-camping-car-bus\/auvents-de-caravane\/extension-pour-store-dauvent\/\" \/>\n<meta property=\"og:site_name\" content=\"Eurotrail | The way we camp!\" \/>\n<meta property=\"article:modified_time\" content=\"2022-03-30T08:18:43+00:00\" \/>\n<meta property=\"og:image\" content=\"https:\/\/eurotrail.info\/wp\/wp-content\/uploads\/2016\/03\/Eurotrail-Narvik-canopy-tent-3.jpg\" \/>\n\t<meta property=\"og:image:width\" content=\"1654\" \/>\n\t<meta property=\"og:image:height\" content=\"971\" \/>\n\t<meta property=\"og:image:type\" content=\"image\/jpeg\" \/>\n<meta name=\"twitter:card\" content=\"summary_large_image\" \/>\n<meta name=\"twitter:label1\" content=\"Dur\u00e9e de lecture estim\u00e9e\" \/>\n\t<meta name=\"twitter:data1\" content=\"1 minute\" \/>\n<script type=\"application\/ld+json\" class=\"yoast-schema-graph\">{\"@context\":\"https:\\\/\\\/schema.org\",\"@graph\":[{\"@type\":\"WebPage\",\"@id\":\"https:\\\/\\\/eurotrail.info\\\/fr\\\/producten\\\/caravane-camping-car-bus\\\/auvents-de-caravane\\\/extension-pour-store-dauvent\\\/\",\"url\":\"https:\\\/\\\/eurotrail.info\\\/fr\\\/producten\\\/caravane-camping-car-bus\\\/auvents-de-caravane\\\/extension-pour-store-dauvent\\\/\",\"name\":\"Narvik tente d'auvent Fiamma\\\/Omnistore - Eurotrail | The way we camp!\",\"isPartOf\":{\"@id\":\"https:\\\/\\\/eurotrail.info\\\/#website\"},\"primaryImageOfPage\":{\"@id\":\"https:\\\/\\\/eurotrail.info\\\/fr\\\/producten\\\/caravane-camping-car-bus\\\/auvents-de-caravane\\\/extension-pour-store-dauvent\\\/#primaryimage\"},\"image\":{\"@id\":\"https:\\\/\\\/eurotrail.info\\\/fr\\\/producten\\\/caravane-camping-car-bus\\\/auvents-de-caravane\\\/extension-pour-store-dauvent\\\/#primaryimage\"},\"thumbnailUrl\":\"https:\\\/\\\/eurotrail.info\\\/wp\\\/wp-content\\\/uploads\\\/2016\\\/03\\\/Eurotrail-Narvik-canopy-tent-3.jpg\",\"datePublished\":\"2016-03-08T10:36:45+00:00\",\"dateModified\":\"2022-03-30T08:18:43+00:00\",\"description\":\"Le Narvik Canopy Room transforme votre store d\u2019auvent Fiamma ou Omni en un espace de vie confortable.\",\"breadcrumb\":{\"@id\":\"https:\\\/\\\/eurotrail.info\\\/fr\\\/producten\\\/caravane-camping-car-bus\\\/auvents-de-caravane\\\/extension-pour-store-dauvent\\\/#breadcrumb\"},\"inLanguage\":\"fr-FR\",\"potentialAction\":[{\"@type\":\"ReadAction\",\"target\":[\"https:\\\/\\\/eurotrail.info\\\/fr\\\/producten\\\/caravane-camping-car-bus\\\/auvents-de-caravane\\\/extension-pour-store-dauvent\\\/\"]}]},{\"@type\":\"ImageObject\",\"inLanguage\":\"fr-FR\",\"@id\":\"https:\\\/\\\/eurotrail.info\\\/fr\\\/producten\\\/caravane-camping-car-bus\\\/auvents-de-caravane\\\/extension-pour-store-dauvent\\\/#primaryimage\",\"url\":\"https:\\\/\\\/eurotrail.info\\\/wp\\\/wp-content\\\/uploads\\\/2016\\\/03\\\/Eurotrail-Narvik-canopy-tent-3.jpg\",\"contentUrl\":\"https:\\\/\\\/eurotrail.info\\\/wp\\\/wp-content\\\/uploads\\\/2016\\\/03\\\/Eurotrail-Narvik-canopy-tent-3.jpg\",\"width\":1654,\"height\":971},{\"@type\":\"BreadcrumbList\",\"@id\":\"https:\\\/\\\/eurotrail.info\\\/fr\\\/producten\\\/caravane-camping-car-bus\\\/auvents-de-caravane\\\/extension-pour-store-dauvent\\\/#breadcrumb\",\"itemListElement\":[{\"@type\":\"ListItem\",\"position\":1,\"name\":\"Home\",\"item\":\"https:\\\/\\\/eurotrail.info\\\/fr\\\/\"},{\"@type\":\"ListItem\",\"position\":2,\"name\":\"Produits\",\"item\":\"https:\\\/\\\/eurotrail.info\\\/fr\\\/produits\\\/\"},{\"@type\":\"ListItem\",\"position\":3,\"name\":\"Narvik tente d&#8217;auvent Fiamma\\\/Omnistore\"}]},{\"@type\":\"WebSite\",\"@id\":\"https:\\\/\\\/eurotrail.info\\\/#website\",\"url\":\"https:\\\/\\\/eurotrail.info\\\/\",\"name\":\"Eurotrail | The way we camp!\",\"description\":\"\",\"publisher\":{\"@id\":\"https:\\\/\\\/eurotrail.info\\\/#organization\"},\"potentialAction\":[{\"@type\":\"SearchAction\",\"target\":{\"@type\":\"EntryPoint\",\"urlTemplate\":\"https:\\\/\\\/eurotrail.info\\\/?s={search_term_string}\"},\"query-input\":{\"@type\":\"PropertyValueSpecification\",\"valueRequired\":true,\"valueName\":\"search_term_string\"}}],\"inLanguage\":\"fr-FR\"},{\"@type\":\"Organization\",\"@id\":\"https:\\\/\\\/eurotrail.info\\\/#organization\",\"name\":\"Eurotrail | The way we camp!\",\"url\":\"https:\\\/\\\/eurotrail.info\\\/\",\"logo\":{\"@type\":\"ImageObject\",\"inLanguage\":\"fr-FR\",\"@id\":\"https:\\\/\\\/eurotrail.info\\\/#\\\/schema\\\/logo\\\/image\\\/\",\"url\":\"https:\\\/\\\/eurotrail.info\\\/wp\\\/wp-content\\\/uploads\\\/2023\\\/07\\\/ET-logo-quote_NL-scaled.jpg\",\"contentUrl\":\"https:\\\/\\\/eurotrail.info\\\/wp\\\/wp-content\\\/uploads\\\/2023\\\/07\\\/ET-logo-quote_NL-scaled.jpg\",\"width\":2560,\"height\":675,\"caption\":\"Eurotrail | The way we camp!\"},\"image\":{\"@id\":\"https:\\\/\\\/eurotrail.info\\\/#\\\/schema\\\/logo\\\/image\\\/\"}}]}<\/script>\n<!-- \/ Yoast SEO plugin. -->","yoast_head_json":{"title":"Narvik tente d'auvent Fiamma\/Omnistore - Eurotrail | The way we camp!","description":"Le Narvik Canopy Room transforme votre store d\u2019auvent Fiamma ou Omni en un espace de vie confortable.","robots":{"index":"index","follow":"follow","max-snippet":"max-snippet:-1","max-image-preview":"max-image-preview:large","max-video-preview":"max-video-preview:-1"},"canonical":"https:\/\/eurotrail.info\/fr\/producten\/caravane-camping-car-bus\/auvents-de-caravane\/extension-pour-store-dauvent\/","og_locale":"fr_FR","og_type":"article","og_title":"Narvik tente d'auvent Fiamma\/Omnistore - Eurotrail | The way we camp!","og_description":"Le Narvik Canopy Room transforme votre store d\u2019auvent Fiamma ou Omni en un espace de vie confortable.","og_url":"https:\/\/eurotrail.info\/fr\/producten\/caravane-camping-car-bus\/auvents-de-caravane\/extension-pour-store-dauvent\/","og_site_name":"Eurotrail | The way we camp!","article_modified_time":"2022-03-30T08:18:43+00:00","og_image":[{"width":1654,"height":971,"url":"https:\/\/eurotrail.info\/wp\/wp-content\/uploads\/2016\/03\/Eurotrail-Narvik-canopy-tent-3.jpg","type":"image\/jpeg"}],"twitter_card":"summary_large_image","twitter_misc":{"Dur\u00e9e de lecture estim\u00e9e":"1 minute"},"schema":{"@context":"https:\/\/schema.org","@graph":[{"@type":"WebPage","@id":"https:\/\/eurotrail.info\/fr\/producten\/caravane-camping-car-bus\/auvents-de-caravane\/extension-pour-store-dauvent\/","url":"https:\/\/eurotrail.info\/fr\/producten\/caravane-camping-car-bus\/auvents-de-caravane\/extension-pour-store-dauvent\/","name":"Narvik tente d'auvent Fiamma\/Omnistore - Eurotrail | The way we camp!","isPartOf":{"@id":"https:\/\/eurotrail.info\/#website"},"primaryImageOfPage":{"@id":"https:\/\/eurotrail.info\/fr\/producten\/caravane-camping-car-bus\/auvents-de-caravane\/extension-pour-store-dauvent\/#primaryimage"},"image":{"@id":"https:\/\/eurotrail.info\/fr\/producten\/caravane-camping-car-bus\/auvents-de-caravane\/extension-pour-store-dauvent\/#primaryimage"},"thumbnailUrl":"https:\/\/eurotrail.info\/wp\/wp-content\/uploads\/2016\/03\/Eurotrail-Narvik-canopy-tent-3.jpg","datePublished":"2016-03-08T10:36:45+00:00","dateModified":"2022-03-30T08:18:43+00:00","description":"Le Narvik Canopy Room transforme votre store d\u2019auvent Fiamma ou Omni en un espace de vie confortable.","breadcrumb":{"@id":"https:\/\/eurotrail.info\/fr\/producten\/caravane-camping-car-bus\/auvents-de-caravane\/extension-pour-store-dauvent\/#breadcrumb"},"inLanguage":"fr-FR","potentialAction":[{"@type":"ReadAction","target":["https:\/\/eurotrail.info\/fr\/producten\/caravane-camping-car-bus\/auvents-de-caravane\/extension-pour-store-dauvent\/"]}]},{"@type":"ImageObject","inLanguage":"fr-FR","@id":"https:\/\/eurotrail.info\/fr\/producten\/caravane-camping-car-bus\/auvents-de-caravane\/extension-pour-store-dauvent\/#primaryimage","url":"https:\/\/eurotrail.info\/wp\/wp-content\/uploads\/2016\/03\/Eurotrail-Narvik-canopy-tent-3.jpg","contentUrl":"https:\/\/eurotrail.info\/wp\/wp-content\/uploads\/2016\/03\/Eurotrail-Narvik-canopy-tent-3.jpg","width":1654,"height":971},{"@type":"BreadcrumbList","@id":"https:\/\/eurotrail.info\/fr\/producten\/caravane-camping-car-bus\/auvents-de-caravane\/extension-pour-store-dauvent\/#breadcrumb","itemListElement":[{"@type":"ListItem","position":1,"name":"Home","item":"https:\/\/eurotrail.info\/fr\/"},{"@type":"ListItem","position":2,"name":"Produits","item":"https:\/\/eurotrail.info\/fr\/produits\/"},{"@type":"ListItem","position":3,"name":"Narvik tente d&#8217;auvent Fiamma\/Omnistore"}]},{"@type":"WebSite","@id":"https:\/\/eurotrail.info\/#website","url":"https:\/\/eurotrail.info\/","name":"Eurotrail | The way we camp!","description":"","publisher":{"@id":"https:\/\/eurotrail.info\/#organization"},"potentialAction":[{"@type":"SearchAction","target":{"@type":"EntryPoint","urlTemplate":"https:\/\/eurotrail.info\/?s={search_term_string}"},"query-input":{"@type":"PropertyValueSpecification","valueRequired":true,"valueName":"search_term_string"}}],"inLanguage":"fr-FR"},{"@type":"Organization","@id":"https:\/\/eurotrail.info\/#organization","name":"Eurotrail | The way we camp!","url":"https:\/\/eurotrail.info\/","logo":{"@type":"ImageObject","inLanguage":"fr-FR","@id":"https:\/\/eurotrail.info\/#\/schema\/logo\/image\/","url":"https:\/\/eurotrail.info\/wp\/wp-content\/uploads\/2023\/07\/ET-logo-quote_NL-scaled.jpg","contentUrl":"https:\/\/eurotrail.info\/wp\/wp-content\/uploads\/2023\/07\/ET-logo-quote_NL-scaled.jpg","width":2560,"height":675,"caption":"Eurotrail | The way we camp!"},"image":{"@id":"https:\/\/eurotrail.info\/#\/schema\/logo\/image\/"}}]}},"_links":{"self":[{"href":"https:\/\/eurotrail.info\/fr\/wp-json\/wp\/v2\/product\/12072","targetHints":{"allow":["GET"]}}],"collection":[{"href":"https:\/\/eurotrail.info\/fr\/wp-json\/wp\/v2\/product"}],"about":[{"href":"https:\/\/eurotrail.info\/fr\/wp-json\/wp\/v2\/types\/product"}],"replies":[{"embeddable":true,"href":"https:\/\/eurotrail.info\/fr\/wp-json\/wp\/v2\/comments?post=12072"}],"wp:featuredmedia":[{"embeddable":true,"href":"https:\/\/eurotrail.info\/fr\/wp-json\/wp\/v2\/media\/12075"}],"wp:attachment":[{"href":"https:\/\/eurotrail.info\/fr\/wp-json\/wp\/v2\/media?parent=12072"}],"wp:term":[{"taxonomy":"product_brand","embeddable":true,"href":"https:\/\/eurotrail.info\/fr\/wp-json\/wp\/v2\/product_brand?post=12072"},{"taxonomy":"product_cat","embeddable":true,"href":"https:\/\/eurotrail.info\/fr\/wp-json\/wp\/v2\/product_cat?post=12072"},{"taxonomy":"product_tag","embeddable":true,"href":"https:\/\/eurotrail.info\/fr\/wp-json\/wp\/v2\/product_tag?post=12072"}],"curies":[{"name":"wp","href":"https:\/\/api.w.org\/{rel}","templated":true}]}}