{"id":12077,"date":"2016-02-26T13:39:23","date_gmt":"2016-02-26T12:39:23","guid":{"rendered":"https:\/\/eurotrail.info\/producten\/auvents-universels\/"},"modified":"2024-01-19T14:36:50","modified_gmt":"2024-01-19T13:36:50","slug":"auvents-universels","status":"publish","type":"product","link":"https:\/\/eurotrail.info\/fr\/producten\/caravane-camping-car-bus\/auvents-de-caravane\/auvents-universels\/","title":{"rendered":"Auvents universels caravane"},"content":{"rendered":"<p>Auvent universel pour caravane.<br \/>\nDisponible en diff\u00e9rentes tailles et fabriqu\u00e9 en polyester robuste avec rev\u00eatement PVC. Tous les coins sont renforc\u00e9s. L&#8217;auvent est disponible avec une profondeur de 240 cm et est fourni avec un sac de rangement.<\/p>\n<p>Les stores ont un double tendon : tendon 7mm + tendon 6mm. Ce tendon de 6 mm peut \u00eatre fix\u00e9 aux blocs de montage sp\u00e9ciaux pour fa\u00eetage. Les auvents sont grands et ont une profondeur de 240 cm, nous recommandons donc d&#8217;utiliser un cadre en U, c&#8217;est-\u00e0-dire un cadre avec traverses.<\/p>\n<p>Pour d\u00e9terminer la bonne taille, consultez les liens suivants<br \/>\n<a href=\"https:\/\/eurotrail.info\/wp\/wp-content\/uploads\/2016\/02\/Manual-Caravan-awning-ETCT0001-FR.pdf\">Mode d&#8217;emploi auvent de caravane ETCT0001<\/a><\/p>\n<p>En option, des parois lat\u00e9rales sont disponibles sp\u00e9cialement pour ces auvents. Les parois lat\u00e9rales vous offrent un abri suppl\u00e9mentaire contre la pluie ou le vent. Veuillez vous renseigner aupr\u00e8s de votre revendeur. <a href=\"https:\/\/eurotrail.info\/fr\/tenten-en-tarps\/parois-laterales-universelles-3\/\">(ETCT0024)<\/a><\/p>\n<p>Mat\u00e9riau : 100 % polyester avec rev\u00eatement PVC.<br \/>\nTailles disponibles:<\/p>\n<table style=\"height: 342px;\" width=\"347\">\n<tbody>\n<tr>\n<td width=\"77\">Taille<\/td>\n<td width=\"105\">circonf\u00e9rence<\/td>\n<td width=\"96\">Largeur du tissu<\/td>\n<td width=\"96\">\u00a0Profondeur<\/td>\n<\/tr>\n<tr>\n<td width=\"77\">02<\/td>\n<td width=\"105\">660-700<\/td>\n<td width=\"96\">300<\/td>\n<td width=\"96\">240<\/td>\n<\/tr>\n<tr>\n<td width=\"77\">03<\/td>\n<td width=\"105\">700-740<\/td>\n<td width=\"96\">340<\/td>\n<td width=\"96\">240<\/td>\n<\/tr>\n<tr>\n<td width=\"77\">04<\/td>\n<td width=\"105\">740-780<\/td>\n<td width=\"96\">380<\/td>\n<td width=\"96\">240<\/td>\n<\/tr>\n<tr>\n<td width=\"77\">05<\/td>\n<td width=\"105\">780-820<\/td>\n<td width=\"96\">420<\/td>\n<td width=\"96\">240<\/td>\n<\/tr>\n<tr>\n<td width=\"77\">06<\/td>\n<td width=\"105\">820-860<\/td>\n<td width=\"96\">460<\/td>\n<td width=\"96\">240<\/td>\n<\/tr>\n<tr>\n<td width=\"77\"><strong>07<\/strong><\/td>\n<td width=\"105\"><strong>860-900<\/strong><\/td>\n<td width=\"96\">500<\/td>\n<td width=\"96\">240<\/td>\n<\/tr>\n<tr>\n<td width=\"77\">08<\/td>\n<td width=\"105\">900-940<\/td>\n<td width=\"96\">540<\/td>\n<td width=\"96\">240<\/td>\n<\/tr>\n<tr>\n<td width=\"77\">09<\/td>\n<td width=\"105\">940-980<\/td>\n<td width=\"96\">580<\/td>\n<td width=\"96\">240<\/td>\n<\/tr>\n<tr>\n<td width=\"77\">10<\/td>\n<td width=\"105\">980-1020<\/td>\n<td width=\"96\">320<\/td>\n<td width=\"96\">240<\/td>\n<\/tr>\n<tr>\n<td width=\"77\">11<\/td>\n<td width=\"105\">1020-1060<\/td>\n<td width=\"96\">660<\/td>\n<td width=\"96\">240<\/td>\n<\/tr>\n<tr>\n<td width=\"77\">12<\/td>\n<td width=\"105\">1060-1100<\/td>\n<td width=\"96\">700<\/td>\n<td width=\"96\">240<\/td>\n<\/tr>\n<\/tbody>\n<\/table>\n","protected":false},"excerpt":{"rendered":"<p>Auvent universel pour caravane. Disponible en diff\u00e9rentes tailles et fabriqu\u00e9 en polyester robuste avec rev\u00eatement PVC. Tous les coins sont renforc\u00e9s. L&#8217;auvent est disponible avec&hellip;<\/p>\n","protected":false},"featured_media":12078,"comment_status":"open","ping_status":"closed","template":"","meta":{"_acf_changed":false},"product_brand":[],"product_cat":[240],"product_tag":[],"class_list":{"0":"post-12077","1":"product","2":"type-product","3":"status-publish","4":"has-post-thumbnail","6":"product_cat-auvents-de-caravane","8":"first","9":"instock","10":"shipping-taxable","11":"product-type-simple"},"acf":[],"yoast_head":"<!-- This site is optimized with the Yoast SEO plugin v27.4 - https:\/\/yoast.com\/product\/yoast-seo-wordpress\/ -->\n<title>Auvents universels caravane - Eurotrail | The way we camp!<\/title>\n<meta name=\"robots\" content=\"index, follow, max-snippet:-1, max-image-preview:large, max-video-preview:-1\" \/>\n<link rel=\"canonical\" href=\"https:\/\/eurotrail.info\/fr\/producten\/caravane-camping-car-bus\/auvents-de-caravane\/auvents-universels\/\" \/>\n<meta property=\"og:locale\" content=\"fr_FR\" \/>\n<meta property=\"og:type\" content=\"article\" \/>\n<meta property=\"og:title\" content=\"Auvents universels caravane - Eurotrail | The way we camp!\" \/>\n<meta property=\"og:description\" content=\"Auvent universel pour caravane. Disponible en diff\u00e9rentes tailles et fabriqu\u00e9 en polyester robuste avec rev\u00eatement PVC. Tous les coins sont renforc\u00e9s. L&#8217;auvent est disponible avec&hellip;\" \/>\n<meta property=\"og:url\" content=\"https:\/\/eurotrail.info\/fr\/producten\/caravane-camping-car-bus\/auvents-de-caravane\/auvents-universels\/\" \/>\n<meta property=\"og:site_name\" content=\"Eurotrail | The way we camp!\" \/>\n<meta property=\"article:modified_time\" content=\"2024-01-19T13:36:50+00:00\" \/>\n<meta property=\"og:image\" content=\"https:\/\/eurotrail.info\/wp\/wp-content\/uploads\/2016\/02\/Eurotrail-caravan-luifel.jpg\" \/>\n\t<meta property=\"og:image:width\" content=\"2072\" \/>\n\t<meta property=\"og:image:height\" content=\"1102\" \/>\n\t<meta property=\"og:image:type\" content=\"image\/jpeg\" \/>\n<meta name=\"twitter:card\" content=\"summary_large_image\" \/>\n<meta name=\"twitter:label1\" content=\"Dur\u00e9e de lecture estim\u00e9e\" \/>\n\t<meta name=\"twitter:data1\" content=\"2 minutes\" \/>\n<script type=\"application\/ld+json\" class=\"yoast-schema-graph\">{\"@context\":\"https:\\\/\\\/schema.org\",\"@graph\":[{\"@type\":\"WebPage\",\"@id\":\"https:\\\/\\\/eurotrail.info\\\/fr\\\/producten\\\/caravane-camping-car-bus\\\/auvents-de-caravane\\\/auvents-universels\\\/\",\"url\":\"https:\\\/\\\/eurotrail.info\\\/fr\\\/producten\\\/caravane-camping-car-bus\\\/auvents-de-caravane\\\/auvents-universels\\\/\",\"name\":\"Auvents universels caravane - Eurotrail | The way we camp!\",\"isPartOf\":{\"@id\":\"https:\\\/\\\/eurotrail.info\\\/#website\"},\"primaryImageOfPage\":{\"@id\":\"https:\\\/\\\/eurotrail.info\\\/fr\\\/producten\\\/caravane-camping-car-bus\\\/auvents-de-caravane\\\/auvents-universels\\\/#primaryimage\"},\"image\":{\"@id\":\"https:\\\/\\\/eurotrail.info\\\/fr\\\/producten\\\/caravane-camping-car-bus\\\/auvents-de-caravane\\\/auvents-universels\\\/#primaryimage\"},\"thumbnailUrl\":\"https:\\\/\\\/eurotrail.info\\\/wp\\\/wp-content\\\/uploads\\\/2016\\\/02\\\/Eurotrail-caravan-luifel.jpg\",\"datePublished\":\"2016-02-26T12:39:23+00:00\",\"dateModified\":\"2024-01-19T13:36:50+00:00\",\"breadcrumb\":{\"@id\":\"https:\\\/\\\/eurotrail.info\\\/fr\\\/producten\\\/caravane-camping-car-bus\\\/auvents-de-caravane\\\/auvents-universels\\\/#breadcrumb\"},\"inLanguage\":\"fr-FR\",\"potentialAction\":[{\"@type\":\"ReadAction\",\"target\":[\"https:\\\/\\\/eurotrail.info\\\/fr\\\/producten\\\/caravane-camping-car-bus\\\/auvents-de-caravane\\\/auvents-universels\\\/\"]}]},{\"@type\":\"ImageObject\",\"inLanguage\":\"fr-FR\",\"@id\":\"https:\\\/\\\/eurotrail.info\\\/fr\\\/producten\\\/caravane-camping-car-bus\\\/auvents-de-caravane\\\/auvents-universels\\\/#primaryimage\",\"url\":\"https:\\\/\\\/eurotrail.info\\\/wp\\\/wp-content\\\/uploads\\\/2016\\\/02\\\/Eurotrail-caravan-luifel.jpg\",\"contentUrl\":\"https:\\\/\\\/eurotrail.info\\\/wp\\\/wp-content\\\/uploads\\\/2016\\\/02\\\/Eurotrail-caravan-luifel.jpg\",\"width\":2072,\"height\":1102},{\"@type\":\"BreadcrumbList\",\"@id\":\"https:\\\/\\\/eurotrail.info\\\/fr\\\/producten\\\/caravane-camping-car-bus\\\/auvents-de-caravane\\\/auvents-universels\\\/#breadcrumb\",\"itemListElement\":[{\"@type\":\"ListItem\",\"position\":1,\"name\":\"Home\",\"item\":\"https:\\\/\\\/eurotrail.info\\\/fr\\\/\"},{\"@type\":\"ListItem\",\"position\":2,\"name\":\"Produits\",\"item\":\"https:\\\/\\\/eurotrail.info\\\/fr\\\/produits\\\/\"},{\"@type\":\"ListItem\",\"position\":3,\"name\":\"Auvents universels caravane\"}]},{\"@type\":\"WebSite\",\"@id\":\"https:\\\/\\\/eurotrail.info\\\/#website\",\"url\":\"https:\\\/\\\/eurotrail.info\\\/\",\"name\":\"Eurotrail | The way we camp!\",\"description\":\"\",\"publisher\":{\"@id\":\"https:\\\/\\\/eurotrail.info\\\/#organization\"},\"potentialAction\":[{\"@type\":\"SearchAction\",\"target\":{\"@type\":\"EntryPoint\",\"urlTemplate\":\"https:\\\/\\\/eurotrail.info\\\/?s={search_term_string}\"},\"query-input\":{\"@type\":\"PropertyValueSpecification\",\"valueRequired\":true,\"valueName\":\"search_term_string\"}}],\"inLanguage\":\"fr-FR\"},{\"@type\":\"Organization\",\"@id\":\"https:\\\/\\\/eurotrail.info\\\/#organization\",\"name\":\"Eurotrail | The way we camp!\",\"url\":\"https:\\\/\\\/eurotrail.info\\\/\",\"logo\":{\"@type\":\"ImageObject\",\"inLanguage\":\"fr-FR\",\"@id\":\"https:\\\/\\\/eurotrail.info\\\/#\\\/schema\\\/logo\\\/image\\\/\",\"url\":\"https:\\\/\\\/eurotrail.info\\\/wp\\\/wp-content\\\/uploads\\\/2023\\\/07\\\/ET-logo-quote_NL-scaled.jpg\",\"contentUrl\":\"https:\\\/\\\/eurotrail.info\\\/wp\\\/wp-content\\\/uploads\\\/2023\\\/07\\\/ET-logo-quote_NL-scaled.jpg\",\"width\":2560,\"height\":675,\"caption\":\"Eurotrail | The way we camp!\"},\"image\":{\"@id\":\"https:\\\/\\\/eurotrail.info\\\/#\\\/schema\\\/logo\\\/image\\\/\"}}]}<\/script>\n<!-- \/ Yoast SEO plugin. -->","yoast_head_json":{"title":"Auvents universels caravane - Eurotrail | The way we camp!","robots":{"index":"index","follow":"follow","max-snippet":"max-snippet:-1","max-image-preview":"max-image-preview:large","max-video-preview":"max-video-preview:-1"},"canonical":"https:\/\/eurotrail.info\/fr\/producten\/caravane-camping-car-bus\/auvents-de-caravane\/auvents-universels\/","og_locale":"fr_FR","og_type":"article","og_title":"Auvents universels caravane - Eurotrail | The way we camp!","og_description":"Auvent universel pour caravane. Disponible en diff\u00e9rentes tailles et fabriqu\u00e9 en polyester robuste avec rev\u00eatement PVC. Tous les coins sont renforc\u00e9s. L&#8217;auvent est disponible avec&hellip;","og_url":"https:\/\/eurotrail.info\/fr\/producten\/caravane-camping-car-bus\/auvents-de-caravane\/auvents-universels\/","og_site_name":"Eurotrail | The way we camp!","article_modified_time":"2024-01-19T13:36:50+00:00","og_image":[{"width":2072,"height":1102,"url":"https:\/\/eurotrail.info\/wp\/wp-content\/uploads\/2016\/02\/Eurotrail-caravan-luifel.jpg","type":"image\/jpeg"}],"twitter_card":"summary_large_image","twitter_misc":{"Dur\u00e9e de lecture estim\u00e9e":"2 minutes"},"schema":{"@context":"https:\/\/schema.org","@graph":[{"@type":"WebPage","@id":"https:\/\/eurotrail.info\/fr\/producten\/caravane-camping-car-bus\/auvents-de-caravane\/auvents-universels\/","url":"https:\/\/eurotrail.info\/fr\/producten\/caravane-camping-car-bus\/auvents-de-caravane\/auvents-universels\/","name":"Auvents universels caravane - Eurotrail | The way we camp!","isPartOf":{"@id":"https:\/\/eurotrail.info\/#website"},"primaryImageOfPage":{"@id":"https:\/\/eurotrail.info\/fr\/producten\/caravane-camping-car-bus\/auvents-de-caravane\/auvents-universels\/#primaryimage"},"image":{"@id":"https:\/\/eurotrail.info\/fr\/producten\/caravane-camping-car-bus\/auvents-de-caravane\/auvents-universels\/#primaryimage"},"thumbnailUrl":"https:\/\/eurotrail.info\/wp\/wp-content\/uploads\/2016\/02\/Eurotrail-caravan-luifel.jpg","datePublished":"2016-02-26T12:39:23+00:00","dateModified":"2024-01-19T13:36:50+00:00","breadcrumb":{"@id":"https:\/\/eurotrail.info\/fr\/producten\/caravane-camping-car-bus\/auvents-de-caravane\/auvents-universels\/#breadcrumb"},"inLanguage":"fr-FR","potentialAction":[{"@type":"ReadAction","target":["https:\/\/eurotrail.info\/fr\/producten\/caravane-camping-car-bus\/auvents-de-caravane\/auvents-universels\/"]}]},{"@type":"ImageObject","inLanguage":"fr-FR","@id":"https:\/\/eurotrail.info\/fr\/producten\/caravane-camping-car-bus\/auvents-de-caravane\/auvents-universels\/#primaryimage","url":"https:\/\/eurotrail.info\/wp\/wp-content\/uploads\/2016\/02\/Eurotrail-caravan-luifel.jpg","contentUrl":"https:\/\/eurotrail.info\/wp\/wp-content\/uploads\/2016\/02\/Eurotrail-caravan-luifel.jpg","width":2072,"height":1102},{"@type":"BreadcrumbList","@id":"https:\/\/eurotrail.info\/fr\/producten\/caravane-camping-car-bus\/auvents-de-caravane\/auvents-universels\/#breadcrumb","itemListElement":[{"@type":"ListItem","position":1,"name":"Home","item":"https:\/\/eurotrail.info\/fr\/"},{"@type":"ListItem","position":2,"name":"Produits","item":"https:\/\/eurotrail.info\/fr\/produits\/"},{"@type":"ListItem","position":3,"name":"Auvents universels caravane"}]},{"@type":"WebSite","@id":"https:\/\/eurotrail.info\/#website","url":"https:\/\/eurotrail.info\/","name":"Eurotrail | The way we camp!","description":"","publisher":{"@id":"https:\/\/eurotrail.info\/#organization"},"potentialAction":[{"@type":"SearchAction","target":{"@type":"EntryPoint","urlTemplate":"https:\/\/eurotrail.info\/?s={search_term_string}"},"query-input":{"@type":"PropertyValueSpecification","valueRequired":true,"valueName":"search_term_string"}}],"inLanguage":"fr-FR"},{"@type":"Organization","@id":"https:\/\/eurotrail.info\/#organization","name":"Eurotrail | The way we camp!","url":"https:\/\/eurotrail.info\/","logo":{"@type":"ImageObject","inLanguage":"fr-FR","@id":"https:\/\/eurotrail.info\/#\/schema\/logo\/image\/","url":"https:\/\/eurotrail.info\/wp\/wp-content\/uploads\/2023\/07\/ET-logo-quote_NL-scaled.jpg","contentUrl":"https:\/\/eurotrail.info\/wp\/wp-content\/uploads\/2023\/07\/ET-logo-quote_NL-scaled.jpg","width":2560,"height":675,"caption":"Eurotrail | The way we camp!"},"image":{"@id":"https:\/\/eurotrail.info\/#\/schema\/logo\/image\/"}}]}},"_links":{"self":[{"href":"https:\/\/eurotrail.info\/fr\/wp-json\/wp\/v2\/product\/12077","targetHints":{"allow":["GET"]}}],"collection":[{"href":"https:\/\/eurotrail.info\/fr\/wp-json\/wp\/v2\/product"}],"about":[{"href":"https:\/\/eurotrail.info\/fr\/wp-json\/wp\/v2\/types\/product"}],"replies":[{"embeddable":true,"href":"https:\/\/eurotrail.info\/fr\/wp-json\/wp\/v2\/comments?post=12077"}],"wp:featuredmedia":[{"embeddable":true,"href":"https:\/\/eurotrail.info\/fr\/wp-json\/wp\/v2\/media\/12078"}],"wp:attachment":[{"href":"https:\/\/eurotrail.info\/fr\/wp-json\/wp\/v2\/media?parent=12077"}],"wp:term":[{"taxonomy":"product_brand","embeddable":true,"href":"https:\/\/eurotrail.info\/fr\/wp-json\/wp\/v2\/product_brand?post=12077"},{"taxonomy":"product_cat","embeddable":true,"href":"https:\/\/eurotrail.info\/fr\/wp-json\/wp\/v2\/product_cat?post=12077"},{"taxonomy":"product_tag","embeddable":true,"href":"https:\/\/eurotrail.info\/fr\/wp-json\/wp\/v2\/product_tag?post=12077"}],"curies":[{"name":"wp","href":"https:\/\/api.w.org\/{rel}","templated":true}]}}